{"id":871,"date":"2023-02-02T10:10:52","date_gmt":"2023-02-02T09:10:52","guid":{"rendered":"https:\/\/plantbezorgd.s01.klik3.dev\/product\/uncategorized\/lonicera-japonica-halliana-japanse-kamperfoelie\/"},"modified":"2026-04-15T04:31:19","modified_gmt":"2026-04-15T02:31:19","slug":"lonicera-japonica-halliana-japanisches-geisblatt-2","status":"publish","type":"product","link":"https:\/\/plantbezorgd.nl\/de\/produkt\/alle-kletterpflanzen-2\/lonicera-japonica-halliana-japanisches-geisblatt-2\/","title":{"rendered":"Lonicera japonica &#039;Halliana&#039; \u2013 Japanisches Gei\u00dfblatt"},"content":{"rendered":"<p>Die <strong>Lonicera japonica 'Halliana'<\/strong>Das Japanische Gei\u00dfblatt ist eine immergr\u00fcne Kletterpflanze mit lang anhaltenden und herrlich duftenden Bl\u00fcten. Die cremewei\u00dfen Bl\u00fcten verf\u00e4rben sich gelb und verbreiten einen sanften, s\u00fc\u00dfen Duft, den man im Sommer und Sp\u00e4tsommer in vollen Z\u00fcgen genie\u00dfen kann. Ideal zum S\u00e4umen von Regalen, Z\u00e4unen oder Pergolen in der Sonne oder im Halbschatten.<\/p>\n<h4>Reiche Bl\u00fcte vom Sommer bis zur Sp\u00e4tsaison<\/h4>\n<ul>\n<li><strong>Bl\u00fctezeit:<\/strong> Juni bis Oktober - ein Dauerbl\u00fcher f\u00fcr monatelangen Duft und Farbe<\/li>\n<li><strong>Farbe der Bl\u00fcte:<\/strong> Wei\u00df bis gelb - die Bl\u00fcten verblassen mit zunehmendem Alter auf elegante Weise<\/li>\n<li><strong>Zieht Insekten an:<\/strong> Ja, regelm\u00e4\u00dfig - Bienen und Schmetterlinge lieben dieses Gei\u00dfblatt<\/li>\n<\/ul>\n<h4>Immergr\u00fcn, \u00fcppig und stark<\/h4>\n<ul>\n<li><strong>Stellplatz:<\/strong> Sonne oder Halbschatten<\/li>\n<li><strong>Farbe des Blattes:<\/strong> Gr\u00fcn und immergr\u00fcn<\/li>\n<li><strong>H\u00f6he:<\/strong> Bis zu ca. 400 cm<\/li>\n<li><strong>Wasserbedarf:<\/strong> Normal<\/li>\n<li><strong>Ern\u00e4hrung:<\/strong> Empfohlen: Organo Top<\/li>\n<li><strong>Blumenerde:<\/strong> Bio-Pflanzerde f\u00fcr Gartenpflanzen, B\u00e4ume und Hecken<\/li>\n<li><strong>Hardy:<\/strong> Ja, gute Winterh\u00e4rte (mehrj\u00e4hrig)<\/li>\n<\/ul>\n<h4>Tipps zur Pflege<\/h4>\n<p>Schneiden Sie die Lonicera sofort nach der Bl\u00fcte zur\u00fcck, um die Verzweigung zu f\u00f6rdern. Achten Sie darauf, dass die Basis der Pflanze vor der prallen Sonne gesch\u00fctzt bleibt - dies kann z. B. durch das Pflanzen eines Sedums oder Bodendeckers oder durch das Anbringen eines Dachziegels in der N\u00e4he der Basis geschehen. Die Pflanze braucht ein Kletterger\u00fcst, einen Zaun oder ein Gitter, um richtig zu klettern, da sie sich nicht von selbst festh\u00e4lt.<\/p>\n<h4>Garten-Tipp<\/h4>\n<p>Verwenden Sie Lonicera 'Halliana', um eine Terrasse oder einen Sitzplatz duftender und gesch\u00fctzter zu gestalten. Kombinieren Sie sie mit anderen bl\u00fchenden Kletterpflanzen oder pflanzen Sie sie als Solit\u00e4r entlang einer Pergola, um von Juni bis weit in den Herbst hinein ein \u00fcppiges, duftendes Erlebnis zu haben.<\/p>","protected":false},"excerpt":{"rendered":"<p>De Lonicera japonica &#8216;Halliana&#8217;, oftewel Japanse kamperfoelie, is een wintergroene klimplant met een langdurige en heerlijk geurende bloei. De cr\u00e8mewitte bloemen verkleuren naar geel en verspreiden een zachte zoete geur die in de zomer en nazomer volop te genieten is. Ideaal voor het bekleden van een rek, schutting of pergola in zon of halfschaduw. Rijke [&hellip;]<\/p>","protected":false},"featured_media":872,"comment_status":"open","ping_status":"closed","template":"","meta":{"_acf_changed":false,"iawp_total_views":160},"product_brand":[],"product_cat":[316,234,251],"product_tag":[439],"class_list":{"0":"post-871","1":"product","2":"type-product","3":"status-publish","4":"has-post-thumbnail","6":"product_cat-alle-categorieen","7":"product_cat-alle-klimplanten","8":"product_cat-kamperfoelie","9":"product_tag-alle","10":"pa_grondsoort-alle-grondsoorten-waterdoorlatend","11":"pa_volgroeide-hoogte-in-cm-739","12":"pa_wintergroen-bladhoudend-ja","13":"pa_winterhardheid-meerjarig-goed","15":"first","16":"instock","17":"taxable","18":"shipping-taxable","19":"purchasable","20":"product-type-simple"},"acf":[],"gallery_images":[],"yoast_head":"<!-- This site is optimized with the Yoast SEO plugin v25.3 - https:\/\/yoast.com\/wordpress\/plugins\/seo\/ -->\n<title>Lonicera japonica \u00b4Halliana\u00b4 - Japanse Kamperfoelie Online Kopen - PlantBezorgd<\/title>\n<meta name=\"description\" content=\"Op zoek naar de Lonicera japonica \u00b4Halliana\u00b4 - Japanse Kamperfoelie? \u2714 Lage verzendkosten \u2714 Kies je bezorgmoment &amp; locatie \u2714 Groeigarantie!\" \/>\n<meta name=\"robots\" content=\"index, follow, max-snippet:-1, max-image-preview:large, max-video-preview:-1\" \/>\n<link rel=\"canonical\" href=\"https:\/\/plantbezorgd.nl\/de\/produkt\/alle-kletterpflanzen-2\/lonicera-japonica-halliana-japanisches-geisblatt-2\/\" \/>\n<meta property=\"og:locale\" content=\"de_DE\" \/>\n<meta property=\"og:type\" content=\"article\" \/>\n<meta property=\"og:title\" content=\"Lonicera japonica \u00b4Halliana\u00b4 - Japanse Kamperfoelie Online Kopen - PlantBezorgd\" \/>\n<meta property=\"og:description\" content=\"Op zoek naar de Lonicera japonica \u00b4Halliana\u00b4 - Japanse Kamperfoelie? \u2714 Lage verzendkosten \u2714 Kies je bezorgmoment &amp; locatie \u2714 Groeigarantie!\" \/>\n<meta property=\"og:url\" content=\"https:\/\/plantbezorgd.nl\/de\/produkt\/alle-kletterpflanzen-2\/lonicera-japonica-halliana-japanisches-geisblatt-2\/\" \/>\n<meta property=\"og:site_name\" content=\"PlantBezorgd\" \/>\n<meta property=\"article:modified_time\" content=\"2026-04-15T02:31:19+00:00\" \/>\n<meta property=\"og:image\" content=\"https:\/\/plantbezorgd.nl\/wp-content\/uploads\/2023\/06\/Lonicera-japonica-\u00b4Halliana\u00b4-Japanse-Kamperfoelie.jpg\" \/>\n\t<meta property=\"og:image:width\" content=\"815\" \/>\n\t<meta property=\"og:image:height\" content=\"1024\" \/>\n\t<meta property=\"og:image:type\" content=\"image\/jpeg\" \/>\n<meta name=\"twitter:card\" content=\"summary_large_image\" \/>\n<meta name=\"twitter:label1\" content=\"Gesch\u00e4tzte Lesezeit\" \/>\n\t<meta name=\"twitter:data1\" content=\"2\u00a0Minuten\" \/>\n<script type=\"application\/ld+json\" class=\"yoast-schema-graph\">{\"@context\":\"https:\/\/schema.org\",\"@graph\":[{\"@type\":\"WebPage\",\"@id\":\"https:\/\/plantbezorgd.nl\/product\/alle-klimplanten\/lonicera-japonica-halliana-japanse-kamperfoelie\/\",\"url\":\"https:\/\/plantbezorgd.nl\/product\/alle-klimplanten\/lonicera-japonica-halliana-japanse-kamperfoelie\/\",\"name\":\"Lonicera japonica \u00b4Halliana\u00b4 - Japanse Kamperfoelie Online Kopen - PlantBezorgd\",\"isPartOf\":{\"@id\":\"https:\/\/plantbezorgd.nl\/#website\"},\"primaryImageOfPage\":{\"@id\":\"https:\/\/plantbezorgd.nl\/product\/alle-klimplanten\/lonicera-japonica-halliana-japanse-kamperfoelie\/#primaryimage\"},\"image\":{\"@id\":\"https:\/\/plantbezorgd.nl\/product\/alle-klimplanten\/lonicera-japonica-halliana-japanse-kamperfoelie\/#primaryimage\"},\"thumbnailUrl\":\"https:\/\/plantbezorgd.nl\/wp-content\/uploads\/2023\/06\/Lonicera-japonica-\u00b4Halliana\u00b4-Japanse-Kamperfoelie.jpg\",\"datePublished\":\"2023-02-02T09:10:52+00:00\",\"dateModified\":\"2026-04-15T02:31:19+00:00\",\"description\":\"Op zoek naar de Lonicera japonica \u00b4Halliana\u00b4 - Japanse Kamperfoelie? \u2714 Lage verzendkosten \u2714 Kies je bezorgmoment & locatie \u2714 Groeigarantie!\",\"breadcrumb\":{\"@id\":\"https:\/\/plantbezorgd.nl\/product\/alle-klimplanten\/lonicera-japonica-halliana-japanse-kamperfoelie\/#breadcrumb\"},\"inLanguage\":\"de\",\"potentialAction\":[{\"@type\":\"ReadAction\",\"target\":[\"https:\/\/plantbezorgd.nl\/product\/alle-klimplanten\/lonicera-japonica-halliana-japanse-kamperfoelie\/\"]}]},{\"@type\":\"ImageObject\",\"inLanguage\":\"de\",\"@id\":\"https:\/\/plantbezorgd.nl\/product\/alle-klimplanten\/lonicera-japonica-halliana-japanse-kamperfoelie\/#primaryimage\",\"url\":\"https:\/\/plantbezorgd.nl\/wp-content\/uploads\/2023\/06\/Lonicera-japonica-\u00b4Halliana\u00b4-Japanse-Kamperfoelie.jpg\",\"contentUrl\":\"https:\/\/plantbezorgd.nl\/wp-content\/uploads\/2023\/06\/Lonicera-japonica-\u00b4Halliana\u00b4-Japanse-Kamperfoelie.jpg\",\"width\":815,\"height\":1024},{\"@type\":\"BreadcrumbList\",\"@id\":\"https:\/\/plantbezorgd.nl\/product\/alle-klimplanten\/lonicera-japonica-halliana-japanse-kamperfoelie\/#breadcrumb\",\"itemListElement\":[{\"@type\":\"ListItem\",\"position\":1,\"name\":\"Shop\",\"item\":\"https:\/\/plantbezorgd.nl\/shop\/\"},{\"@type\":\"ListItem\",\"position\":2,\"name\":\"Kamperfoelie - Lonicera\",\"item\":\"https:\/\/plantbezorgd.nl\/product-categorie\/kamperfoelie\/\"},{\"@type\":\"ListItem\",\"position\":3,\"name\":\"Lonicera japonica \u00b4Halliana\u00b4 &#8211; Japanse Kamperfoelie\"}]},{\"@type\":\"WebSite\",\"@id\":\"https:\/\/plantbezorgd.nl\/#website\",\"url\":\"https:\/\/plantbezorgd.nl\/\",\"name\":\"PlantBezorgd\",\"description\":\"Betaalbare kwaliteitsplanten thuisbezorgd!\",\"publisher\":{\"@id\":\"https:\/\/plantbezorgd.nl\/#organization\"},\"potentialAction\":[{\"@type\":\"SearchAction\",\"target\":{\"@type\":\"EntryPoint\",\"urlTemplate\":\"https:\/\/plantbezorgd.nl\/?s={search_term_string}\"},\"query-input\":{\"@type\":\"PropertyValueSpecification\",\"valueRequired\":true,\"valueName\":\"search_term_string\"}}],\"inLanguage\":\"de\"},{\"@type\":\"Organization\",\"@id\":\"https:\/\/plantbezorgd.nl\/#organization\",\"name\":\"PlantBezorgd\",\"url\":\"https:\/\/plantbezorgd.nl\/\",\"logo\":{\"@type\":\"ImageObject\",\"inLanguage\":\"de\",\"@id\":\"https:\/\/plantbezorgd.nl\/#\/schema\/logo\/image\/\",\"url\":\"https:\/\/plantbezorgd.nl\/wp-content\/uploads\/2023\/05\/Logo.svg\",\"contentUrl\":\"https:\/\/plantbezorgd.nl\/wp-content\/uploads\/2023\/05\/Logo.svg\",\"caption\":\"PlantBezorgd\"},\"image\":{\"@id\":\"https:\/\/plantbezorgd.nl\/#\/schema\/logo\/image\/\"}}]}<\/script>\n<!-- \/ Yoast SEO plugin. -->","yoast_head_json":{"title":"Lonicera japonica 'Halliana' - Japanisches Gei\u00dfblatt online kaufen - PlantBezorgd","description":"Sie suchen Lonicera japonica 'Halliana' - Japanisches Gei\u00dfblatt? \u2714 Niedrige Versandkosten \u2714 W\u00e4hlen Sie Ihren Liefertermin und -ort \u2714 Wachstumsgarantie!","robots":{"index":"index","follow":"follow","max-snippet":"max-snippet:-1","max-image-preview":"max-image-preview:large","max-video-preview":"max-video-preview:-1"},"canonical":"https:\/\/plantbezorgd.nl\/de\/produkt\/alle-kletterpflanzen-2\/lonicera-japonica-halliana-japanisches-geisblatt-2\/","og_locale":"de_DE","og_type":"article","og_title":"Lonicera japonica \u00b4Halliana\u00b4 - Japanse Kamperfoelie Online Kopen - PlantBezorgd","og_description":"Op zoek naar de Lonicera japonica \u00b4Halliana\u00b4 - Japanse Kamperfoelie? \u2714 Lage verzendkosten \u2714 Kies je bezorgmoment & locatie \u2714 Groeigarantie!","og_url":"https:\/\/plantbezorgd.nl\/de\/produkt\/alle-kletterpflanzen-2\/lonicera-japonica-halliana-japanisches-geisblatt-2\/","og_site_name":"PlantBezorgd","article_modified_time":"2026-04-15T02:31:19+00:00","og_image":[{"width":815,"height":1024,"url":"https:\/\/plantbezorgd.nl\/wp-content\/uploads\/2023\/06\/Lonicera-japonica-\u00b4Halliana\u00b4-Japanse-Kamperfoelie.jpg","type":"image\/jpeg"}],"twitter_card":"summary_large_image","twitter_misc":{"Gesch\u00e4tzte Lesezeit":"2\u00a0Minuten"},"schema":{"@context":"https:\/\/schema.org","@graph":[{"@type":"WebPage","@id":"https:\/\/plantbezorgd.nl\/product\/alle-klimplanten\/lonicera-japonica-halliana-japanse-kamperfoelie\/","url":"https:\/\/plantbezorgd.nl\/product\/alle-klimplanten\/lonicera-japonica-halliana-japanse-kamperfoelie\/","name":"Lonicera japonica 'Halliana' - Japanisches Gei\u00dfblatt online kaufen - PlantBezorgd","isPartOf":{"@id":"https:\/\/plantbezorgd.nl\/#website"},"primaryImageOfPage":{"@id":"https:\/\/plantbezorgd.nl\/product\/alle-klimplanten\/lonicera-japonica-halliana-japanse-kamperfoelie\/#primaryimage"},"image":{"@id":"https:\/\/plantbezorgd.nl\/product\/alle-klimplanten\/lonicera-japonica-halliana-japanse-kamperfoelie\/#primaryimage"},"thumbnailUrl":"https:\/\/plantbezorgd.nl\/wp-content\/uploads\/2023\/06\/Lonicera-japonica-\u00b4Halliana\u00b4-Japanse-Kamperfoelie.jpg","datePublished":"2023-02-02T09:10:52+00:00","dateModified":"2026-04-15T02:31:19+00:00","description":"Sie suchen Lonicera japonica 'Halliana' - Japanisches Gei\u00dfblatt? \u2714 Niedrige Versandkosten \u2714 W\u00e4hlen Sie Ihren Liefertermin und -ort \u2714 Wachstumsgarantie!","breadcrumb":{"@id":"https:\/\/plantbezorgd.nl\/product\/alle-klimplanten\/lonicera-japonica-halliana-japanse-kamperfoelie\/#breadcrumb"},"inLanguage":"de","potentialAction":[{"@type":"ReadAction","target":["https:\/\/plantbezorgd.nl\/product\/alle-klimplanten\/lonicera-japonica-halliana-japanse-kamperfoelie\/"]}]},{"@type":"ImageObject","inLanguage":"de","@id":"https:\/\/plantbezorgd.nl\/product\/alle-klimplanten\/lonicera-japonica-halliana-japanse-kamperfoelie\/#primaryimage","url":"https:\/\/plantbezorgd.nl\/wp-content\/uploads\/2023\/06\/Lonicera-japonica-\u00b4Halliana\u00b4-Japanse-Kamperfoelie.jpg","contentUrl":"https:\/\/plantbezorgd.nl\/wp-content\/uploads\/2023\/06\/Lonicera-japonica-\u00b4Halliana\u00b4-Japanse-Kamperfoelie.jpg","width":815,"height":1024},{"@type":"BreadcrumbList","@id":"https:\/\/plantbezorgd.nl\/product\/alle-klimplanten\/lonicera-japonica-halliana-japanse-kamperfoelie\/#breadcrumb","itemListElement":[{"@type":"ListItem","position":1,"name":"Shop","item":"https:\/\/plantbezorgd.nl\/shop\/"},{"@type":"ListItem","position":2,"name":"Kamperfoelie - Lonicera","item":"https:\/\/plantbezorgd.nl\/product-categorie\/kamperfoelie\/"},{"@type":"ListItem","position":3,"name":"Lonicera japonica \u00b4Halliana\u00b4 &#8211; Japanse Kamperfoelie"}]},{"@type":"WebSite","@id":"https:\/\/plantbezorgd.nl\/#website","url":"https:\/\/plantbezorgd.nl\/","name":"PflanzenGeliefert","description":"Erschwingliche Qualit\u00e4tspflanzen direkt zu Ihnen nach Hause geliefert!","publisher":{"@id":"https:\/\/plantbezorgd.nl\/#organization"},"potentialAction":[{"@type":"SearchAction","target":{"@type":"EntryPoint","urlTemplate":"https:\/\/plantbezorgd.nl\/?s={search_term_string}"},"query-input":{"@type":"PropertyValueSpecification","valueRequired":true,"valueName":"search_term_string"}}],"inLanguage":"de"},{"@type":"Organization","@id":"https:\/\/plantbezorgd.nl\/#organization","name":"PflanzenGeliefert","url":"https:\/\/plantbezorgd.nl\/","logo":{"@type":"ImageObject","inLanguage":"de","@id":"https:\/\/plantbezorgd.nl\/#\/schema\/logo\/image\/","url":"https:\/\/plantbezorgd.nl\/wp-content\/uploads\/2023\/05\/Logo.svg","contentUrl":"https:\/\/plantbezorgd.nl\/wp-content\/uploads\/2023\/05\/Logo.svg","caption":"PlantBezorgd"},"image":{"@id":"https:\/\/plantbezorgd.nl\/#\/schema\/logo\/image\/"}}]}},"_links":{"self":[{"href":"https:\/\/plantbezorgd.nl\/de\/wp-json\/wp\/v2\/product\/871","targetHints":{"allow":["GET"]}}],"collection":[{"href":"https:\/\/plantbezorgd.nl\/de\/wp-json\/wp\/v2\/product"}],"about":[{"href":"https:\/\/plantbezorgd.nl\/de\/wp-json\/wp\/v2\/types\/product"}],"replies":[{"embeddable":true,"href":"https:\/\/plantbezorgd.nl\/de\/wp-json\/wp\/v2\/comments?post=871"}],"wp:featuredmedia":[{"embeddable":true,"href":"https:\/\/plantbezorgd.nl\/de\/wp-json\/wp\/v2\/media\/872"}],"wp:attachment":[{"href":"https:\/\/plantbezorgd.nl\/de\/wp-json\/wp\/v2\/media?parent=871"}],"wp:term":[{"taxonomy":"product_brand","embeddable":true,"href":"https:\/\/plantbezorgd.nl\/de\/wp-json\/wp\/v2\/product_brand?post=871"},{"taxonomy":"product_cat","embeddable":true,"href":"https:\/\/plantbezorgd.nl\/de\/wp-json\/wp\/v2\/product_cat?post=871"},{"taxonomy":"product_tag","embeddable":true,"href":"https:\/\/plantbezorgd.nl\/de\/wp-json\/wp\/v2\/product_tag?post=871"}],"curies":[{"name":"wp","href":"https:\/\/api.w.org\/{rel}","templated":true}]}}