{"id":79351,"date":"2026-02-02T12:55:39","date_gmt":"2026-02-02T11:55:39","guid":{"rendered":"https:\/\/plantbezorgd.nl\/?post_type=product&#038;p=79351"},"modified":"2026-04-03T20:00:01","modified_gmt":"2026-04-03T18:00:01","slug":"hydrangea-paniculata-groundbreaker-ruby-bodendecker-hortensie","status":"publish","type":"product","link":"https:\/\/plantbezorgd.nl\/de\/produkt\/hortensien-2\/hydrangea-paniculata-groundbreaker-ruby-bodendecker-hortensie\/","title":{"rendered":"Hydrangea paniculata Groundbreaker\u00ae Ruby - Bodendecker-Hortensie"},"content":{"rendered":"<p>Die Rispenhortensie &#039;Groundbreaker Ruby&#039; ist eine bodendeckende Rispenhortensie, die mit einem spektakul\u00e4ren Farbverlauf von reinem Wei\u00df \u00fcber zartes Rosa bis hin zu einem tiefen, satten Rubinrot \u00fcberrascht. Mit einer H\u00f6he von nur 30 bis 40 cm und einer Breite von 70 bis 100 cm ist die &#039;Ruby&#039; die kleinste und kompakteste Sorte der Groundbreaker-Serie. Der Name &#039;Ruby&#039; bezieht sich auf die tief rubinrote Farbe, die die Bl\u00fcten im Herbst annehmen: ein warmer, satter Farbton, der f\u00fcr eine Rispenhortensie au\u00dfergew\u00f6hnlich ist.<\/p>\n<p>Die Hortensiensorte \u201eGroundbreaker Ruby\u201c wurde vom Hortensienspezialisten Alex Schoemaker von Boskoop entwickelt und geh\u00f6rt zur bahnbrechenden Groundbreaker-Serie \u2013 den weltweit ersten bodendeckenden Rispenhortensien. Die Ruby bl\u00fcht von Juli bis November etwa 100 Tage lang. Dank ihrer \u00fcppigen Verzweigung bildet die Pflanze unz\u00e4hlige Bl\u00fctenrispen, deren Farben sich im Laufe der Saison wie in einem Gem\u00e4lde langsam ver\u00e4ndern. Die Hortensie ist sommergr\u00fcn, winterhart bis -30 \u00b0C und bl\u00fcht am neuen Holz.<\/p>\n<p><strong>Was macht den Groundbreaker Ruby so besonders?<\/strong><\/p>\n<p>Das markanteste Merkmal der Ruby ist ihr intensiver Farbverlauf zu einem tiefen Rubinrosa. Die Bl\u00fcten beginnen wei\u00df und ver\u00e4ndern ihre Farbe \u00fcber ein zartes Rosa zu einem immer tieferen Rosa, das im Herbst ein sattes Rubinrot erreicht. Dies ist die w\u00e4rmste und kr\u00e4ftigste Farbe der Groundbreaker-Serie. Die Kombination dieser Farbintensit\u00e4t mit dem ultrakompakten, bodendeckenden Wuchs macht die Ruby einzigartig. Im Herbst f\u00e4rben sich alle Bl\u00fctenst\u00e4nde gleichzeitig tief rubinrosa und erzeugen so einen \u00fcberw\u00e4ltigenden Farbeffekt.<\/p>\n<p><strong>Stand und Boden<\/strong><\/p>\n<p>Die Rose &#039;Groundbreaker Ruby&#039; gedeiht am besten an einem sonnigen bis halbschattigen Standort. Volle Sonne f\u00fchrt zu kompaktem Wuchs und intensivster Bl\u00fctenfarbe. Die Pflanze bevorzugt feuchten, gut durchl\u00e4ssigen und n\u00e4hrstoffreichen Boden. Die Bl\u00fctenfarbe ist pH-unabh\u00e4ngig: Die &#039;Ruby&#039; wechselt unabh\u00e4ngig vom S\u00e4uregehalt stets von Wei\u00df zu Rubinrosa.<\/p>\n<p><strong>Bew\u00e4sserung und Pflege<\/strong><\/p>\n<p>Die Ruby hat einen durchschnittlichen Wasserbedarf. Regelm\u00e4\u00dfig gie\u00dfen, besonders in hei\u00dfen Sommern und bei Topfpflanzen. Die Erde darf nicht vollst\u00e4ndig austrocknen. Im Fr\u00fchjahr mit einem organischen D\u00fcnger d\u00fcngen.<\/p>\n<p><strong>Baumschnitt und Pflege<\/strong><\/p>\n<p>Die Sorte \u201eGroundbreaker Ruby\u201c bl\u00fcht am neuen Holz und kann von November bis April zur\u00fcckgeschnitten werden. Ein R\u00fcckschnitt im Fr\u00fchjahr f\u00f6rdert das kr\u00e4ftige Austreiben neuer Triebe mit zahlreichen Bl\u00fctenst\u00e4nden. Der Pflegeaufwand ist minimal. Die Pflanze beh\u00e4lt ihren kompakten, bodendeckenden Wuchs auch ohne intensiven R\u00fcckschnitt bei.<\/p>\n<p><strong>Widerstandsf\u00e4higkeit<\/strong><\/p>\n<p>Die Sorte \u201eGroundbreaker Ruby\u201c ist au\u00dfergew\u00f6hnlich winterhart bis -30 \u00b0C. Die Pflanze ist sommergr\u00fcn und treibt im Fr\u00fchjahr kr\u00e4ftig wieder aus. Sp\u00e4tfr\u00f6ste in der Nacht gef\u00e4hrden die Bl\u00fcte nicht, da die Pflanze am neuen Holz bl\u00fcht. Zus\u00e4tzlicher Winterschutz ist nicht erforderlich.<\/p>\n<p><strong>Verwendung im Garten<\/strong><\/p>\n<p>Die Hortensie &#039;Ruby&#039; eignet sich ideal als Bodendecker in Beeten, als niedrige Einfassung, f\u00fcr Gruppenpflanzungen, in T\u00f6pfen auf Terrasse oder Balkon oder sogar auf Fensterb\u00e4nken und Gartentischen. Ihre rubinrosa Herbstf\u00e4rbung harmoniert wunderbar mit dem Limettengr\u00fcn von &#039;Greeny&#039; und dem Cremerosa von &#039;Blush&#039;. Pflanzen Sie alle drei Sorten der Groundbreaker-Serie zusammen, um einen niedrigen Hortensienteppich in drei Farben zu erhalten. Dank ihrer ultrakompakten H\u00f6he von 30\u201340 cm passt die &#039;Ruby&#039; selbst in kleinste G\u00e4rten.<\/p>\n<p><strong>Verf\u00fcgbare Gr\u00f6\u00dfen und Wachstumsmerkmale<\/strong><\/p>\n<p>Die Rispenhortensie &#039;Groundbreaker Ruby&#039; ist im kompakten Topf erh\u00e4ltlich. Sie erreicht eine H\u00f6he von ca. 30 bis 40 cm und eine Breite von 70 bis 100 cm. Die Bl\u00fctezeit dauert etwa 100 Tage, von Juli bis November, und die Bl\u00fctenfarbe variiert von Wei\u00df \u00fcber Rosa bis zu einem tiefen Rubinrosa. Die Hortensie ist laubabwerfend und winterhart bis -30 \u00b0C.<\/p>\n<p><strong>H\u00e4ufig gestellte Fragen<\/strong><\/p>\n<ul>\n<li><em>Worin besteht der Unterschied zwischen Groundbreaker Ruby und Greeny?<\/em><br \/>Die Sorte \u201eRubin\u201c wechselt von Wei\u00df zu einem tiefen Rubinrosa und bleibt mit 30\u201340 cm die kleinste. Die Sorte \u201eGr\u00fcn\u201c bl\u00fcht limettengr\u00fcn und wird etwas h\u00f6her (40\u201360 cm). Beide sind Bodendecker, bl\u00fchen 100 Tage lang und sind bis -30 \u00b0C winterhart.<\/li>\n<li><em>Wie intensiv wird die rubinrote Farbe sein?<\/em><br \/>Im Herbst nehmen die Bl\u00fcten eine tiefe, satte rosa bis rubinrote Farbe an. Die Farbe ist bei voller Sonneneinstrahlung am intensivsten.<\/li>\n<li><em>Kann man Ruby in einen Topf geben?<\/em><br \/>Ja, dank ihrer ultrakompakten Gr\u00f6\u00dfe eignet sich die Ruby ideal f\u00fcr T\u00f6pfe, Pflanzgef\u00e4\u00dfe und sogar Fensterb\u00e4nke.<\/li>\n<li><em>Wann muss ich die Groundbreaker Ruby beschneiden?<\/em><br \/>Von November bis April. Die Pflanze bl\u00fcht am neuen Holz, daher ist ein R\u00fcckschnitt im Fr\u00fchjahr vorteilhaft.<\/li>\n<li><em>Ist die Groundbreaker Ruby winterhart?<\/em><br \/>Ja, au\u00dfergew\u00f6hnlich winterhart bis -30\u00b0C. Zus\u00e4tzlicher Schutz ist nie erforderlich.<\/li>\n<\/ul>\n<p>Die Rispenhortensie &#039;Groundbreaker Ruby&#039; ist ein bodendeckender Strauch, der mit seinem spektakul\u00e4ren Farbverlauf von Wei\u00df zu Rubinrosa den w\u00e4rmsten Farbton der Groundbreaker-Serie bietet. Ultrakompakt, 100 Tage Bl\u00fctezeit und winterhart bis -30 \u00b0C: Die &#039;Ruby&#039; beweist, dass auch kleinste Hortensien eine gro\u00dfe Wirkung erzielen k\u00f6nnen.<\/p>","protected":false},"excerpt":{"rendered":"<p>De Hydrangea paniculata Groundbreaker Ruby is een bodembedekkende pluimhortensia die verrast met een spectaculair kleurverloop van zuiver wit via zachtroze naar een diep, rijk robijnroze. Met een hoogte van slechts 30 tot 40 cm en een breedte tot 70 tot 100 cm is de Ruby de laagste en meest compact van de Groundbreaker-serie. De naam [&hellip;]<\/p>","protected":false},"featured_media":79354,"comment_status":"open","ping_status":"closed","template":"","meta":{"_acf_changed":false,"iawp_total_views":453},"product_brand":[],"product_cat":[316,233,238,221,326,366],"product_tag":[439,438,1587,433],"class_list":{"0":"post-79351","1":"product","2":"type-product","3":"status-publish","4":"has-post-thumbnail","6":"product_cat-alle-categorieen","7":"product_cat-alle-heesters","8":"product_cat-bodembedekkers","9":"product_cat-hortensias","10":"product_cat-hydrangea-paniculata-pluimhortensia","11":"product_cat-plantipp","12":"product_tag-alle","13":"product_tag-boost","14":"product_tag-local","15":"product_tag-tuin","16":"pa_aantal-per-m2-588","17":"pa_grondsoort-licht-zuur-tot-neutrale-grond-waterdoorlatend","18":"pa_volgroeide-hoogte-in-cm-742","19":"pa_wintergroen-bladhoudend-nee","20":"pa_winterhardheid-meerjarig-goed","22":"first","23":"outofstock","24":"taxable","25":"shipping-taxable","26":"purchasable","27":"product-type-simple"},"acf":[],"gallery_images":[79355],"yoast_head":"<!-- This site is optimized with the Yoast SEO plugin v25.3 - https:\/\/yoast.com\/wordpress\/plugins\/seo\/ -->\n<title>Hydrangea paniculata Groundbreaker\u00ae Ruby - Bodembedekkende Pluimhortensia Online Kopen - PlantBezorgd<\/title>\n<meta name=\"description\" content=\"Op zoek naar de Hydrangea paniculata Groundbreaker\u00ae Ruby - Bodembedekkende Pluimhortensia? \u2714 Lage verzendkosten \u2714 Kies je bezorgmoment &amp; locatie \u2714 Groeigarantie!\" \/>\n<meta name=\"robots\" content=\"index, follow, max-snippet:-1, max-image-preview:large, max-video-preview:-1\" \/>\n<link rel=\"canonical\" href=\"https:\/\/plantbezorgd.nl\/de\/produkt\/hortensien-2\/hydrangea-paniculata-groundbreaker-ruby-bodendecker-hortensie\/\" \/>\n<meta property=\"og:locale\" content=\"de_DE\" \/>\n<meta property=\"og:type\" content=\"article\" \/>\n<meta property=\"og:title\" content=\"Hydrangea paniculata Groundbreaker\u00ae Ruby - Bodembedekkende Pluimhortensia Online Kopen - PlantBezorgd\" \/>\n<meta property=\"og:description\" content=\"Op zoek naar de Hydrangea paniculata Groundbreaker\u00ae Ruby - Bodembedekkende Pluimhortensia? \u2714 Lage verzendkosten \u2714 Kies je bezorgmoment &amp; locatie \u2714 Groeigarantie!\" \/>\n<meta property=\"og:url\" content=\"https:\/\/plantbezorgd.nl\/de\/produkt\/hortensien-2\/hydrangea-paniculata-groundbreaker-ruby-bodendecker-hortensie\/\" \/>\n<meta property=\"og:site_name\" content=\"PlantBezorgd\" \/>\n<meta property=\"article:modified_time\" content=\"2026-04-03T18:00:01+00:00\" \/>\n<meta property=\"og:image\" content=\"https:\/\/plantbezorgd.nl\/wp-content\/uploads\/2026\/02\/Hydrangea-Groundbreaker-Ruby-11.jpg\" \/>\n\t<meta property=\"og:image:width\" content=\"1920\" \/>\n\t<meta property=\"og:image:height\" content=\"1280\" \/>\n\t<meta property=\"og:image:type\" content=\"image\/jpeg\" \/>\n<meta name=\"twitter:card\" content=\"summary_large_image\" \/>\n<meta name=\"twitter:label1\" content=\"Gesch\u00e4tzte Lesezeit\" \/>\n\t<meta name=\"twitter:data1\" content=\"2\u00a0Minuten\" \/>\n<script type=\"application\/ld+json\" class=\"yoast-schema-graph\">{\"@context\":\"https:\/\/schema.org\",\"@graph\":[{\"@type\":\"WebPage\",\"@id\":\"https:\/\/plantbezorgd.nl\/product\/hortensias\/hydrangea-paniculata-groundbreaker-ruby-bodembedekkende-pluimhortensia\/\",\"url\":\"https:\/\/plantbezorgd.nl\/product\/hortensias\/hydrangea-paniculata-groundbreaker-ruby-bodembedekkende-pluimhortensia\/\",\"name\":\"Hydrangea paniculata Groundbreaker\u00ae Ruby - Bodembedekkende Pluimhortensia Online Kopen - PlantBezorgd\",\"isPartOf\":{\"@id\":\"https:\/\/plantbezorgd.nl\/#website\"},\"primaryImageOfPage\":{\"@id\":\"https:\/\/plantbezorgd.nl\/product\/hortensias\/hydrangea-paniculata-groundbreaker-ruby-bodembedekkende-pluimhortensia\/#primaryimage\"},\"image\":{\"@id\":\"https:\/\/plantbezorgd.nl\/product\/hortensias\/hydrangea-paniculata-groundbreaker-ruby-bodembedekkende-pluimhortensia\/#primaryimage\"},\"thumbnailUrl\":\"https:\/\/plantbezorgd.nl\/wp-content\/uploads\/2026\/02\/Hydrangea-Groundbreaker-Ruby-11.jpg\",\"datePublished\":\"2026-02-02T11:55:39+00:00\",\"dateModified\":\"2026-04-03T18:00:01+00:00\",\"description\":\"Op zoek naar de Hydrangea paniculata Groundbreaker\u00ae Ruby - Bodembedekkende Pluimhortensia? \u2714 Lage verzendkosten \u2714 Kies je bezorgmoment & locatie \u2714 Groeigarantie!\",\"breadcrumb\":{\"@id\":\"https:\/\/plantbezorgd.nl\/product\/hortensias\/hydrangea-paniculata-groundbreaker-ruby-bodembedekkende-pluimhortensia\/#breadcrumb\"},\"inLanguage\":\"de\",\"potentialAction\":[{\"@type\":\"ReadAction\",\"target\":[\"https:\/\/plantbezorgd.nl\/product\/hortensias\/hydrangea-paniculata-groundbreaker-ruby-bodembedekkende-pluimhortensia\/\"]}]},{\"@type\":\"ImageObject\",\"inLanguage\":\"de\",\"@id\":\"https:\/\/plantbezorgd.nl\/product\/hortensias\/hydrangea-paniculata-groundbreaker-ruby-bodembedekkende-pluimhortensia\/#primaryimage\",\"url\":\"https:\/\/plantbezorgd.nl\/wp-content\/uploads\/2026\/02\/Hydrangea-Groundbreaker-Ruby-11.jpg\",\"contentUrl\":\"https:\/\/plantbezorgd.nl\/wp-content\/uploads\/2026\/02\/Hydrangea-Groundbreaker-Ruby-11.jpg\",\"width\":1920,\"height\":1280,\"caption\":\"Hydrangea paniculata Groundbreaker Ruby\"},{\"@type\":\"BreadcrumbList\",\"@id\":\"https:\/\/plantbezorgd.nl\/product\/hortensias\/hydrangea-paniculata-groundbreaker-ruby-bodembedekkende-pluimhortensia\/#breadcrumb\",\"itemListElement\":[{\"@type\":\"ListItem\",\"position\":1,\"name\":\"Shop\",\"item\":\"https:\/\/plantbezorgd.nl\/shop\/\"},{\"@type\":\"ListItem\",\"position\":2,\"name\":\"Hortensia - Hydrangea\",\"item\":\"https:\/\/plantbezorgd.nl\/product-categorie\/hortensias\/\"},{\"@type\":\"ListItem\",\"position\":3,\"name\":\"Hydrangea paniculata Groundbreaker\u00ae Ruby &#8211; Bodembedekkende Pluimhortensia\"}]},{\"@type\":\"WebSite\",\"@id\":\"https:\/\/plantbezorgd.nl\/#website\",\"url\":\"https:\/\/plantbezorgd.nl\/\",\"name\":\"PlantBezorgd\",\"description\":\"Betaalbare kwaliteitsplanten thuisbezorgd!\",\"publisher\":{\"@id\":\"https:\/\/plantbezorgd.nl\/#organization\"},\"potentialAction\":[{\"@type\":\"SearchAction\",\"target\":{\"@type\":\"EntryPoint\",\"urlTemplate\":\"https:\/\/plantbezorgd.nl\/?s={search_term_string}\"},\"query-input\":{\"@type\":\"PropertyValueSpecification\",\"valueRequired\":true,\"valueName\":\"search_term_string\"}}],\"inLanguage\":\"de\"},{\"@type\":\"Organization\",\"@id\":\"https:\/\/plantbezorgd.nl\/#organization\",\"name\":\"PlantBezorgd\",\"url\":\"https:\/\/plantbezorgd.nl\/\",\"logo\":{\"@type\":\"ImageObject\",\"inLanguage\":\"de\",\"@id\":\"https:\/\/plantbezorgd.nl\/#\/schema\/logo\/image\/\",\"url\":\"https:\/\/plantbezorgd.nl\/wp-content\/uploads\/2023\/05\/Logo.svg\",\"contentUrl\":\"https:\/\/plantbezorgd.nl\/wp-content\/uploads\/2023\/05\/Logo.svg\",\"caption\":\"PlantBezorgd\"},\"image\":{\"@id\":\"https:\/\/plantbezorgd.nl\/#\/schema\/logo\/image\/\"}}]}<\/script>\n<!-- \/ Yoast SEO plugin. -->","yoast_head_json":{"title":"Hydrangea paniculata Groundbreaker\u00ae Ruby - Bodendecker Hortensien online kaufen - PlantBeverage","description":"Sie suchen Hydrangea paniculata Groundbreaker\u00ae Ruby - Bodendecker Hortensie? \u2714 Niedrige Versandkosten \u2714 W\u00e4hlen Sie Ihren Liefertermin und -ort \u2714 Wachstumsgarantie!","robots":{"index":"index","follow":"follow","max-snippet":"max-snippet:-1","max-image-preview":"max-image-preview:large","max-video-preview":"max-video-preview:-1"},"canonical":"https:\/\/plantbezorgd.nl\/de\/produkt\/hortensien-2\/hydrangea-paniculata-groundbreaker-ruby-bodendecker-hortensie\/","og_locale":"de_DE","og_type":"article","og_title":"Hydrangea paniculata Groundbreaker\u00ae Ruby - Bodembedekkende Pluimhortensia Online Kopen - PlantBezorgd","og_description":"Op zoek naar de Hydrangea paniculata Groundbreaker\u00ae Ruby - Bodembedekkende Pluimhortensia? \u2714 Lage verzendkosten \u2714 Kies je bezorgmoment & locatie \u2714 Groeigarantie!","og_url":"https:\/\/plantbezorgd.nl\/de\/produkt\/hortensien-2\/hydrangea-paniculata-groundbreaker-ruby-bodendecker-hortensie\/","og_site_name":"PlantBezorgd","article_modified_time":"2026-04-03T18:00:01+00:00","og_image":[{"width":1920,"height":1280,"url":"https:\/\/plantbezorgd.nl\/wp-content\/uploads\/2026\/02\/Hydrangea-Groundbreaker-Ruby-11.jpg","type":"image\/jpeg"}],"twitter_card":"summary_large_image","twitter_misc":{"Gesch\u00e4tzte Lesezeit":"2\u00a0Minuten"},"schema":{"@context":"https:\/\/schema.org","@graph":[{"@type":"WebPage","@id":"https:\/\/plantbezorgd.nl\/product\/hortensias\/hydrangea-paniculata-groundbreaker-ruby-bodembedekkende-pluimhortensia\/","url":"https:\/\/plantbezorgd.nl\/product\/hortensias\/hydrangea-paniculata-groundbreaker-ruby-bodembedekkende-pluimhortensia\/","name":"Hydrangea paniculata Groundbreaker\u00ae Ruby - Bodendecker Hortensien online kaufen - PlantBeverage","isPartOf":{"@id":"https:\/\/plantbezorgd.nl\/#website"},"primaryImageOfPage":{"@id":"https:\/\/plantbezorgd.nl\/product\/hortensias\/hydrangea-paniculata-groundbreaker-ruby-bodembedekkende-pluimhortensia\/#primaryimage"},"image":{"@id":"https:\/\/plantbezorgd.nl\/product\/hortensias\/hydrangea-paniculata-groundbreaker-ruby-bodembedekkende-pluimhortensia\/#primaryimage"},"thumbnailUrl":"https:\/\/plantbezorgd.nl\/wp-content\/uploads\/2026\/02\/Hydrangea-Groundbreaker-Ruby-11.jpg","datePublished":"2026-02-02T11:55:39+00:00","dateModified":"2026-04-03T18:00:01+00:00","description":"Sie suchen Hydrangea paniculata Groundbreaker\u00ae Ruby - Bodendecker Hortensie? \u2714 Niedrige Versandkosten \u2714 W\u00e4hlen Sie Ihren Liefertermin und -ort \u2714 Wachstumsgarantie!","breadcrumb":{"@id":"https:\/\/plantbezorgd.nl\/product\/hortensias\/hydrangea-paniculata-groundbreaker-ruby-bodembedekkende-pluimhortensia\/#breadcrumb"},"inLanguage":"de","potentialAction":[{"@type":"ReadAction","target":["https:\/\/plantbezorgd.nl\/product\/hortensias\/hydrangea-paniculata-groundbreaker-ruby-bodembedekkende-pluimhortensia\/"]}]},{"@type":"ImageObject","inLanguage":"de","@id":"https:\/\/plantbezorgd.nl\/product\/hortensias\/hydrangea-paniculata-groundbreaker-ruby-bodembedekkende-pluimhortensia\/#primaryimage","url":"https:\/\/plantbezorgd.nl\/wp-content\/uploads\/2026\/02\/Hydrangea-Groundbreaker-Ruby-11.jpg","contentUrl":"https:\/\/plantbezorgd.nl\/wp-content\/uploads\/2026\/02\/Hydrangea-Groundbreaker-Ruby-11.jpg","width":1920,"height":1280,"caption":"Hydrangea paniculata Groundbreaker Ruby"},{"@type":"BreadcrumbList","@id":"https:\/\/plantbezorgd.nl\/product\/hortensias\/hydrangea-paniculata-groundbreaker-ruby-bodembedekkende-pluimhortensia\/#breadcrumb","itemListElement":[{"@type":"ListItem","position":1,"name":"Shop","item":"https:\/\/plantbezorgd.nl\/shop\/"},{"@type":"ListItem","position":2,"name":"Hortensia - Hydrangea","item":"https:\/\/plantbezorgd.nl\/product-categorie\/hortensias\/"},{"@type":"ListItem","position":3,"name":"Hydrangea paniculata Groundbreaker\u00ae Ruby &#8211; Bodembedekkende Pluimhortensia"}]},{"@type":"WebSite","@id":"https:\/\/plantbezorgd.nl\/#website","url":"https:\/\/plantbezorgd.nl\/","name":"PflanzenGeliefert","description":"Erschwingliche Qualit\u00e4tspflanzen direkt zu Ihnen nach Hause geliefert!","publisher":{"@id":"https:\/\/plantbezorgd.nl\/#organization"},"potentialAction":[{"@type":"SearchAction","target":{"@type":"EntryPoint","urlTemplate":"https:\/\/plantbezorgd.nl\/?s={search_term_string}"},"query-input":{"@type":"PropertyValueSpecification","valueRequired":true,"valueName":"search_term_string"}}],"inLanguage":"de"},{"@type":"Organization","@id":"https:\/\/plantbezorgd.nl\/#organization","name":"PflanzenGeliefert","url":"https:\/\/plantbezorgd.nl\/","logo":{"@type":"ImageObject","inLanguage":"de","@id":"https:\/\/plantbezorgd.nl\/#\/schema\/logo\/image\/","url":"https:\/\/plantbezorgd.nl\/wp-content\/uploads\/2023\/05\/Logo.svg","contentUrl":"https:\/\/plantbezorgd.nl\/wp-content\/uploads\/2023\/05\/Logo.svg","caption":"PlantBezorgd"},"image":{"@id":"https:\/\/plantbezorgd.nl\/#\/schema\/logo\/image\/"}}]}},"_links":{"self":[{"href":"https:\/\/plantbezorgd.nl\/de\/wp-json\/wp\/v2\/product\/79351","targetHints":{"allow":["GET"]}}],"collection":[{"href":"https:\/\/plantbezorgd.nl\/de\/wp-json\/wp\/v2\/product"}],"about":[{"href":"https:\/\/plantbezorgd.nl\/de\/wp-json\/wp\/v2\/types\/product"}],"replies":[{"embeddable":true,"href":"https:\/\/plantbezorgd.nl\/de\/wp-json\/wp\/v2\/comments?post=79351"}],"wp:featuredmedia":[{"embeddable":true,"href":"https:\/\/plantbezorgd.nl\/de\/wp-json\/wp\/v2\/media\/79354"}],"wp:attachment":[{"href":"https:\/\/plantbezorgd.nl\/de\/wp-json\/wp\/v2\/media?parent=79351"}],"wp:term":[{"taxonomy":"product_brand","embeddable":true,"href":"https:\/\/plantbezorgd.nl\/de\/wp-json\/wp\/v2\/product_brand?post=79351"},{"taxonomy":"product_cat","embeddable":true,"href":"https:\/\/plantbezorgd.nl\/de\/wp-json\/wp\/v2\/product_cat?post=79351"},{"taxonomy":"product_tag","embeddable":true,"href":"https:\/\/plantbezorgd.nl\/de\/wp-json\/wp\/v2\/product_tag?post=79351"}],"curies":[{"name":"wp","href":"https:\/\/api.w.org\/{rel}","templated":true}]}}