{"id":78168,"date":"2025-11-10T17:25:59","date_gmt":"2025-11-10T16:25:59","guid":{"rendered":"https:\/\/plantbezorgd.nl\/?post_type=product&#038;p=78168"},"modified":"2026-04-09T10:37:34","modified_gmt":"2026-04-09T08:37:34","slug":"geranium-pink-penny-stork-flower-2","status":"publish","type":"product","link":"https:\/\/plantbezorgd.nl\/de\/product\/vaste-planten\/geranium-pink-penny-ooievaarsbek\/","title":{"rendered":"Geranie 'Pink Penny' - Storchenbohne"},"content":{"rendered":"<p>Die Storchschnabel-Sorte &#039;Pink Penny&#039; zeichnet sich durch eine au\u00dfergew\u00f6hnlich lange Bl\u00fctezeit aus: Von Juni bis zum ersten Frost erscheinen unaufh\u00f6rlich gro\u00dfe, lila- bis magentarosa Bl\u00fcten mit feinen, dunklen Adern. Keine andere Storchschnabel-Sorte im Sortiment bl\u00fcht so lange und unerm\u00fcdlich wie &#039;Pink Penny&#039;. Mit einer H\u00f6he von etwa 30 cm und einem ausladenden Wuchs von bis zu 50 cm Breite bildet &#039;Pink Penny&#039; einen kompakten Bodendecker, der monatelang Farbe im Vordergrund von Beeten, am Fu\u00df von Rosen und als Unterpflanzung f\u00fcr Hecken bietet.<\/p>\n<p>Die Storchschnabel-Sorte &#039;Pink Penny&#039; ist eine mehrj\u00e4hrige Storchschnabelart (Geranium) und sollte nicht mit der Balkon-Storchschnabel (Pelargonium) verwechselt werden. W\u00e4hrend Balkon-Storchschn\u00e4bel einj\u00e4hrig sind und keinen Frost vertragen, ist &#039;Pink Penny&#039; bis mindestens -15 \u00b0C winterhart und treibt zuverl\u00e4ssig jeden Fr\u00fchling wieder aus. Die gro\u00dfen, ge\u00e4derten Bl\u00fcten in Lila- bis Magentarosa sind deutlich gr\u00f6\u00dfer als die vieler anderer bodendeckender Storchschn\u00e4bel. Die frischen, gr\u00fcnen, tief gelappten Bl\u00e4tter sind halbimmergr\u00fcn und bieten auch au\u00dferhalb der Bl\u00fctezeit einen attraktiven Anblick.<\/p>\n<p><strong>Was macht die Geranium Pink Penny so besonders?<\/strong><\/p>\n<p>Das markanteste Merkmal des Rosa-Storchschnabels ist seine ununterbrochene Bl\u00fcte von Juni bis zum ersten Frost \u2013 eine Bl\u00fctezeit von vier bis f\u00fcnf Monaten, die bei Stauden selten ist. Die Pflanze bildet st\u00e4ndig neue Bl\u00fcten, ohne dass Verbl\u00fchtes entfernt werden muss. Die Bl\u00fcten sind gr\u00f6\u00dfer als die der meisten anderen bodendeckenden Storchschn\u00e4bel und weisen eine auff\u00e4llige dunkle Aderung auf, die der lila-rosa Farbe Tiefe und Struktur verleiht. Dank seines ausladenden Wuchses eignet sich der Rosa-Storchschnabel hervorragend als Bodendecker und unterdr\u00fcckt Unkraut.<\/p>\n<p><strong>Stand und Boden<\/strong><\/p>\n<p>Die Geranie &#039;Pink Penny&#039; gedeiht gut an einem sonnigen bis halbschattigen Standort. In voller Sonne bl\u00fcht sie am \u00fcppigsten. Die Pflanze ist bez\u00fcglich des Bodens anspruchslos, solange dieser gut durchl\u00e4ssig und nicht zu trocken ist. Fruchtbarer, humusreicher Boden erzielt die besten Ergebnisse. Staun\u00e4sse vertr\u00e4gt die &#039;Pink Penny&#039; nicht.<\/p>\n<p><strong>Bew\u00e4sserung und Pflege<\/strong><\/p>\n<p>Die Pink Penny hat einen durchschnittlichen Wasserbedarf. Bei warmem Wetter und l\u00e4ngerer Trockenheit sollte sie zus\u00e4tzlich gegossen werden. Im Fr\u00fchjahr empfiehlt sich eine D\u00fcngung mit einem organischen Langzeitd\u00fcnger, um die lange Bl\u00fctezeit zu f\u00f6rdern. Ansonsten ist die Pflanze besonders pflegeleicht.<\/p>\n<p><strong>Baumschnitt und Pflege<\/strong><\/p>\n<p>Die Pink Penny bl\u00fcht ununterbrochen und muss nicht regelm\u00e4\u00dfig entfernt werden. Im Sommer kann die Pflanze leicht zur\u00fcckgeschnitten werden, wenn sie zu stark w\u00e4chst. Dadurch bleibt sie kompakter und bl\u00fcht ebenso \u00fcppig. Entfernen Sie die alten Bl\u00e4tter im Sp\u00e4therbst oder zeitigen Fr\u00fchjahr. Die Pflanze treibt jeden Fr\u00fchling kr\u00e4ftig wieder aus.<\/p>\n<p><strong>Widerstandsf\u00e4higkeit<\/strong><\/p>\n<p>Die Geranie &#039;Pink Penny&#039; ist au\u00dfergew\u00f6hnlich winterhart bis mindestens -15 \u00b0C. Ihr Laub ist halbimmergr\u00fcn: In milden Wintern bleiben einige Bl\u00e4tter an der Pflanze. In strengen Wintern stirbt der oberirdische Teil ab, die Pflanze treibt aber im Fr\u00fchjahr zuverl\u00e4ssig wieder aus. Zus\u00e4tzlicher Winterschutz ist nicht erforderlich.<\/p>\n<p><strong>Verwendung im Garten<\/strong><\/p>\n<p>Der Storchschnabel &#039;Pink Penny&#039; eignet sich ideal als langbl\u00fchender Bodendecker, als Vordergrundpflanze in Beeten, am Fu\u00df von Rosen oder Hecken, entlang von Wegen, im Bauerngarten oder als farbenfroher L\u00fcckenf\u00fcller zwischen h\u00f6heren Stauden. Sein ausladender Wuchs unterdr\u00fcckt effektiv Unkraut. Kombinieren Sie den Storchschnabel &#039;Pink Penny&#039; mit der bereits beschriebenen Sorte &#039;Ingwersen&#039; (aromatisches Laub, k\u00fcrzere Bl\u00fctezeit) f\u00fcr ein Duo zweier Storchschn\u00e4bel mit unterschiedlichen Eigenschaften: &#039;Ingwersen&#039;s Variety&#039; f\u00fcr Duft und Herbstf\u00e4rbung und den Storchschnabel &#039;Pink Penny&#039; f\u00fcr die l\u00e4ngste Bl\u00fctezeit.<\/p>\n<p><strong>Verf\u00fcgbare Gr\u00f6\u00dfen und Wachstumsmerkmale<\/strong><\/p>\n<p>Die Geranie &#039;Pink Penny&#039; ist im kompakten Topf erh\u00e4ltlich. Sie erreicht eine H\u00f6he von ca. 30 cm und w\u00e4chst breit ausladend bis zu 50 cm breit. Die Bl\u00fctezeit erstreckt sich von Juni bis zum ersten Frost. Die gro\u00dfen, lila- bis magentarosa Bl\u00fcten weisen dunkle Adern auf. Die Geranie ist halbimmergr\u00fcn und winterhart bis -15 \u00b0C.<\/p>\n<p><strong>H\u00e4ufig gestellte Fragen<\/strong><\/p>\n<ul>\n<li><em>Wie lange bl\u00fcht die Rosa Penny?<\/em><br \/>Von Juni bis zum ersten Frost, eine Bl\u00fctezeit von vier bis f\u00fcnf Monaten. Eine der am l\u00e4ngsten bl\u00fchenden Stauden \u00fcberhaupt.<\/li>\n<li><em>Ist die Pink Penny die gleiche Pflanze wie die Balkongeranie?<\/em><br \/>Nein, die Pink Penny ist eine mehrj\u00e4hrige Storchschnabel-Sorte (Geranium) und absolut winterhart. Balkon-Pelargonien (Pelargonium) sind einj\u00e4hrige Pflanzen und nicht frosthart.<\/li>\n<li><em>Worin besteht der Unterschied zur Geranium Rozanne?<\/em><br \/>Die Rozanne bl\u00fcht violettblau, die Pink Penny lila-rosa bis magentarosa. Beide haben eine au\u00dfergew\u00f6hnlich lange Bl\u00fctezeit. Die Farbwahl h\u00e4ngt von Ihrem Geschmack ab: blau oder rosa.<\/li>\n<li><em>Unterdr\u00fcckt die Pink Penny Unkraut?<\/em><br \/>Ja, durch das ausladende Wachstum mit einer Breite von bis zu 50 cm bildet sich ein dichter Teppich, der Unkraut wirksam unterdr\u00fcckt.<\/li>\n<li><em>Ist die Rosa Penny winterhart?<\/em><br \/>Ja, ausgezeichnete Winterh\u00e4rte bis mindestens -15 \u00b0C. Die Pflanze treibt zuverl\u00e4ssig jeden Fr\u00fchling wieder aus.<\/li>\n<\/ul>\n<p>Die Storchschnabel-Sorte &#039;Pink Penny&#039; bl\u00fcht von Juni bis zum ersten Frost ununterbrochen lila-rosa und ist damit der am l\u00e4ngsten bl\u00fchende Bodendecker f\u00fcr sonnige Beete. Monatelang Farbe ohne jeglichen Aufwand: &#039;Pink Penny&#039; ist ein Storchschnabel, der nie aufh\u00f6rt zu bl\u00fchen.<\/p>","protected":false},"excerpt":{"rendered":"<p>De Geranium &#8216;Pink Penny&#8217; is een ooievaarsbek met een uitzonderlijk lange bloeiperiode: van juni tot aan de eerste vorst verschijnen onophoudelijk grote, lilaroze tot magentaroze bloemen met fijne, donkere adering. Geen enkele andere ooievaarsbek in het assortiment bloeit zo lang en zo onvermoeibaar als de Pink Penny. Met een hoogte van circa 30 cm en [&hellip;]<\/p>","protected":false},"featured_media":78172,"comment_status":"open","ping_status":"closed","template":"","meta":{"_acf_changed":false,"iawp_total_views":381},"product_brand":[],"product_cat":[316,236,238,366,263,235],"product_tag":[439,438,1587,433],"class_list":{"0":"post-78168","1":"product","2":"type-product","3":"status-publish","4":"has-post-thumbnail","6":"product_cat-alle-categorieen","7":"product_cat-alle-tuinplanten","8":"product_cat-bodembedekkers","9":"product_cat-plantipp","10":"product_cat-tuingeraniums","11":"product_cat-vaste-planten","12":"product_tag-alle","13":"product_tag-boost","14":"product_tag-local","15":"product_tag-tuin","16":"pa_aantal-per-m2-529","17":"pa_grondsoort-alle-grondsoorten-waterdoorlatend","18":"pa_volgroeide-hoogte-in-cm-752","19":"pa_wintergroen-bladhoudend-nee","20":"pa_winterhardheid-meerjarig-goed","22":"first","23":"instock","24":"taxable","25":"shipping-taxable","26":"purchasable","27":"product-type-variable","28":"has-default-attributes"},"acf":[],"gallery_images":[667],"yoast_head":"<!-- This site is optimized with the Yoast SEO plugin v25.3 - https:\/\/yoast.com\/wordpress\/plugins\/seo\/ -->\n<title>Geranium &#039;Pink Penny&#039; - Ooievaarsbek Online Kopen - PlantBezorgd<\/title>\n<meta name=\"description\" content=\"Op zoek naar de Geranium &#039;Pink Penny&#039; - Ooievaarsbek? \u2714 Lage verzendkosten \u2714 Kies je bezorgmoment &amp; locatie \u2714 Groeigarantie!\" \/>\n<meta name=\"robots\" content=\"index, follow, max-snippet:-1, max-image-preview:large, max-video-preview:-1\" \/>\n<link rel=\"canonical\" href=\"https:\/\/plantbezorgd.nl\/de\/produkt\/stauden-2\/geranium-pink-penny-stork-flower-2\/\" \/>\n<meta property=\"og:locale\" content=\"de_DE\" \/>\n<meta property=\"og:type\" content=\"article\" \/>\n<meta property=\"og:title\" content=\"Geranium &#039;Pink Penny&#039; - Ooievaarsbek Online Kopen - PlantBezorgd\" \/>\n<meta property=\"og:description\" content=\"Op zoek naar de Geranium &#039;Pink Penny&#039; - Ooievaarsbek? \u2714 Lage verzendkosten \u2714 Kies je bezorgmoment &amp; locatie \u2714 Groeigarantie!\" \/>\n<meta property=\"og:url\" content=\"https:\/\/plantbezorgd.nl\/de\/produkt\/stauden-2\/geranium-pink-penny-stork-flower-2\/\" \/>\n<meta property=\"og:site_name\" content=\"PlantBezorgd\" \/>\n<meta property=\"article:modified_time\" content=\"2026-04-09T08:37:34+00:00\" \/>\n<meta property=\"og:image\" content=\"https:\/\/plantbezorgd.nl\/wp-content\/uploads\/2025\/11\/Geranium-Pink-Penny-Ooievaarsbek.jpg\" \/>\n\t<meta property=\"og:image:width\" content=\"1024\" \/>\n\t<meta property=\"og:image:height\" content=\"683\" \/>\n\t<meta property=\"og:image:type\" content=\"image\/jpeg\" \/>\n<meta name=\"twitter:card\" content=\"summary_large_image\" \/>\n<meta name=\"twitter:label1\" content=\"Gesch\u00e4tzte Lesezeit\" \/>\n\t<meta name=\"twitter:data1\" content=\"3\u00a0Minuten\" \/>\n<script type=\"application\/ld+json\" class=\"yoast-schema-graph\">{\"@context\":\"https:\/\/schema.org\",\"@graph\":[{\"@type\":\"WebPage\",\"@id\":\"https:\/\/plantbezorgd.nl\/product\/vaste-planten\/geranium-pink-penny-ooievaarsbek\/\",\"url\":\"https:\/\/plantbezorgd.nl\/product\/vaste-planten\/geranium-pink-penny-ooievaarsbek\/\",\"name\":\"Geranium 'Pink Penny' - Ooievaarsbek Online Kopen - PlantBezorgd\",\"isPartOf\":{\"@id\":\"https:\/\/plantbezorgd.nl\/#website\"},\"primaryImageOfPage\":{\"@id\":\"https:\/\/plantbezorgd.nl\/product\/vaste-planten\/geranium-pink-penny-ooievaarsbek\/#primaryimage\"},\"image\":{\"@id\":\"https:\/\/plantbezorgd.nl\/product\/vaste-planten\/geranium-pink-penny-ooievaarsbek\/#primaryimage\"},\"thumbnailUrl\":\"https:\/\/plantbezorgd.nl\/wp-content\/uploads\/2025\/11\/Geranium-Pink-Penny-Ooievaarsbek.jpg\",\"datePublished\":\"2025-11-10T16:25:59+00:00\",\"dateModified\":\"2026-04-09T08:37:34+00:00\",\"description\":\"Op zoek naar de Geranium 'Pink Penny' - Ooievaarsbek? \u2714 Lage verzendkosten \u2714 Kies je bezorgmoment & locatie \u2714 Groeigarantie!\",\"breadcrumb\":{\"@id\":\"https:\/\/plantbezorgd.nl\/product\/vaste-planten\/geranium-pink-penny-ooievaarsbek\/#breadcrumb\"},\"inLanguage\":\"de\",\"potentialAction\":[{\"@type\":\"ReadAction\",\"target\":[\"https:\/\/plantbezorgd.nl\/product\/vaste-planten\/geranium-pink-penny-ooievaarsbek\/\"]}]},{\"@type\":\"ImageObject\",\"inLanguage\":\"de\",\"@id\":\"https:\/\/plantbezorgd.nl\/product\/vaste-planten\/geranium-pink-penny-ooievaarsbek\/#primaryimage\",\"url\":\"https:\/\/plantbezorgd.nl\/wp-content\/uploads\/2025\/11\/Geranium-Pink-Penny-Ooievaarsbek.jpg\",\"contentUrl\":\"https:\/\/plantbezorgd.nl\/wp-content\/uploads\/2025\/11\/Geranium-Pink-Penny-Ooievaarsbek.jpg\",\"width\":1024,\"height\":683,\"caption\":\"Geranium Pink Penny\"},{\"@type\":\"BreadcrumbList\",\"@id\":\"https:\/\/plantbezorgd.nl\/product\/vaste-planten\/geranium-pink-penny-ooievaarsbek\/#breadcrumb\",\"itemListElement\":[{\"@type\":\"ListItem\",\"position\":1,\"name\":\"Shop\",\"item\":\"https:\/\/plantbezorgd.nl\/shop\/\"},{\"@type\":\"ListItem\",\"position\":2,\"name\":\"Tuingeraniums\",\"item\":\"https:\/\/plantbezorgd.nl\/product-categorie\/tuingeraniums\/\"},{\"@type\":\"ListItem\",\"position\":3,\"name\":\"Geranium &#8216;Pink Penny&#8217; &#8211; Ooievaarsbek\"}]},{\"@type\":\"WebSite\",\"@id\":\"https:\/\/plantbezorgd.nl\/#website\",\"url\":\"https:\/\/plantbezorgd.nl\/\",\"name\":\"PlantBezorgd\",\"description\":\"Betaalbare kwaliteitsplanten thuisbezorgd!\",\"publisher\":{\"@id\":\"https:\/\/plantbezorgd.nl\/#organization\"},\"potentialAction\":[{\"@type\":\"SearchAction\",\"target\":{\"@type\":\"EntryPoint\",\"urlTemplate\":\"https:\/\/plantbezorgd.nl\/?s={search_term_string}\"},\"query-input\":{\"@type\":\"PropertyValueSpecification\",\"valueRequired\":true,\"valueName\":\"search_term_string\"}}],\"inLanguage\":\"de\"},{\"@type\":\"Organization\",\"@id\":\"https:\/\/plantbezorgd.nl\/#organization\",\"name\":\"PlantBezorgd\",\"url\":\"https:\/\/plantbezorgd.nl\/\",\"logo\":{\"@type\":\"ImageObject\",\"inLanguage\":\"de\",\"@id\":\"https:\/\/plantbezorgd.nl\/#\/schema\/logo\/image\/\",\"url\":\"https:\/\/plantbezorgd.nl\/wp-content\/uploads\/2023\/05\/Logo.svg\",\"contentUrl\":\"https:\/\/plantbezorgd.nl\/wp-content\/uploads\/2023\/05\/Logo.svg\",\"caption\":\"PlantBezorgd\"},\"image\":{\"@id\":\"https:\/\/plantbezorgd.nl\/#\/schema\/logo\/image\/\"}}]}<\/script>\n<!-- \/ Yoast SEO plugin. -->","yoast_head_json":{"title":"Geranium 'Pink Penny' - Storchenschnabel online kaufen - PlantBezorgd","description":"Sie suchen nach Geranium 'Pink Penny' - Storchenschnabel? \u2714 Niedrige Versandkosten \u2714 W\u00e4hlen Sie Ihren Liefertermin und -ort \u2714 Wachstumsgarantie!","robots":{"index":"index","follow":"follow","max-snippet":"max-snippet:-1","max-image-preview":"max-image-preview:large","max-video-preview":"max-video-preview:-1"},"canonical":"https:\/\/plantbezorgd.nl\/de\/produkt\/stauden-2\/geranium-pink-penny-stork-flower-2\/","og_locale":"de_DE","og_type":"article","og_title":"Geranium 'Pink Penny' - Ooievaarsbek Online Kopen - PlantBezorgd","og_description":"Op zoek naar de Geranium 'Pink Penny' - Ooievaarsbek? \u2714 Lage verzendkosten \u2714 Kies je bezorgmoment & locatie \u2714 Groeigarantie!","og_url":"https:\/\/plantbezorgd.nl\/de\/produkt\/stauden-2\/geranium-pink-penny-stork-flower-2\/","og_site_name":"PlantBezorgd","article_modified_time":"2026-04-09T08:37:34+00:00","og_image":[{"width":1024,"height":683,"url":"https:\/\/plantbezorgd.nl\/wp-content\/uploads\/2025\/11\/Geranium-Pink-Penny-Ooievaarsbek.jpg","type":"image\/jpeg"}],"twitter_card":"summary_large_image","twitter_misc":{"Gesch\u00e4tzte Lesezeit":"3\u00a0Minuten"},"schema":{"@context":"https:\/\/schema.org","@graph":[{"@type":"WebPage","@id":"https:\/\/plantbezorgd.nl\/product\/vaste-planten\/geranium-pink-penny-ooievaarsbek\/","url":"https:\/\/plantbezorgd.nl\/product\/vaste-planten\/geranium-pink-penny-ooievaarsbek\/","name":"Geranium 'Pink Penny' - Storchenschnabel online kaufen - PlantBezorgd","isPartOf":{"@id":"https:\/\/plantbezorgd.nl\/#website"},"primaryImageOfPage":{"@id":"https:\/\/plantbezorgd.nl\/product\/vaste-planten\/geranium-pink-penny-ooievaarsbek\/#primaryimage"},"image":{"@id":"https:\/\/plantbezorgd.nl\/product\/vaste-planten\/geranium-pink-penny-ooievaarsbek\/#primaryimage"},"thumbnailUrl":"https:\/\/plantbezorgd.nl\/wp-content\/uploads\/2025\/11\/Geranium-Pink-Penny-Ooievaarsbek.jpg","datePublished":"2025-11-10T16:25:59+00:00","dateModified":"2026-04-09T08:37:34+00:00","description":"Sie suchen nach Geranium 'Pink Penny' - Storchenschnabel? \u2714 Niedrige Versandkosten \u2714 W\u00e4hlen Sie Ihren Liefertermin und -ort \u2714 Wachstumsgarantie!","breadcrumb":{"@id":"https:\/\/plantbezorgd.nl\/product\/vaste-planten\/geranium-pink-penny-ooievaarsbek\/#breadcrumb"},"inLanguage":"de","potentialAction":[{"@type":"ReadAction","target":["https:\/\/plantbezorgd.nl\/product\/vaste-planten\/geranium-pink-penny-ooievaarsbek\/"]}]},{"@type":"ImageObject","inLanguage":"de","@id":"https:\/\/plantbezorgd.nl\/product\/vaste-planten\/geranium-pink-penny-ooievaarsbek\/#primaryimage","url":"https:\/\/plantbezorgd.nl\/wp-content\/uploads\/2025\/11\/Geranium-Pink-Penny-Ooievaarsbek.jpg","contentUrl":"https:\/\/plantbezorgd.nl\/wp-content\/uploads\/2025\/11\/Geranium-Pink-Penny-Ooievaarsbek.jpg","width":1024,"height":683,"caption":"Geranium Pink Penny"},{"@type":"BreadcrumbList","@id":"https:\/\/plantbezorgd.nl\/product\/vaste-planten\/geranium-pink-penny-ooievaarsbek\/#breadcrumb","itemListElement":[{"@type":"ListItem","position":1,"name":"Shop","item":"https:\/\/plantbezorgd.nl\/shop\/"},{"@type":"ListItem","position":2,"name":"Tuingeraniums","item":"https:\/\/plantbezorgd.nl\/product-categorie\/tuingeraniums\/"},{"@type":"ListItem","position":3,"name":"Geranium &#8216;Pink Penny&#8217; &#8211; Ooievaarsbek"}]},{"@type":"WebSite","@id":"https:\/\/plantbezorgd.nl\/#website","url":"https:\/\/plantbezorgd.nl\/","name":"PflanzenGeliefert","description":"Erschwingliche Qualit\u00e4tspflanzen direkt zu Ihnen nach Hause geliefert!","publisher":{"@id":"https:\/\/plantbezorgd.nl\/#organization"},"potentialAction":[{"@type":"SearchAction","target":{"@type":"EntryPoint","urlTemplate":"https:\/\/plantbezorgd.nl\/?s={search_term_string}"},"query-input":{"@type":"PropertyValueSpecification","valueRequired":true,"valueName":"search_term_string"}}],"inLanguage":"de"},{"@type":"Organization","@id":"https:\/\/plantbezorgd.nl\/#organization","name":"PflanzenGeliefert","url":"https:\/\/plantbezorgd.nl\/","logo":{"@type":"ImageObject","inLanguage":"de","@id":"https:\/\/plantbezorgd.nl\/#\/schema\/logo\/image\/","url":"https:\/\/plantbezorgd.nl\/wp-content\/uploads\/2023\/05\/Logo.svg","contentUrl":"https:\/\/plantbezorgd.nl\/wp-content\/uploads\/2023\/05\/Logo.svg","caption":"PlantBezorgd"},"image":{"@id":"https:\/\/plantbezorgd.nl\/#\/schema\/logo\/image\/"}}]}},"_links":{"self":[{"href":"https:\/\/plantbezorgd.nl\/de\/wp-json\/wp\/v2\/product\/78168","targetHints":{"allow":["GET"]}}],"collection":[{"href":"https:\/\/plantbezorgd.nl\/de\/wp-json\/wp\/v2\/product"}],"about":[{"href":"https:\/\/plantbezorgd.nl\/de\/wp-json\/wp\/v2\/types\/product"}],"replies":[{"embeddable":true,"href":"https:\/\/plantbezorgd.nl\/de\/wp-json\/wp\/v2\/comments?post=78168"}],"wp:featuredmedia":[{"embeddable":true,"href":"https:\/\/plantbezorgd.nl\/de\/wp-json\/wp\/v2\/media\/78172"}],"wp:attachment":[{"href":"https:\/\/plantbezorgd.nl\/de\/wp-json\/wp\/v2\/media?parent=78168"}],"wp:term":[{"taxonomy":"product_brand","embeddable":true,"href":"https:\/\/plantbezorgd.nl\/de\/wp-json\/wp\/v2\/product_brand?post=78168"},{"taxonomy":"product_cat","embeddable":true,"href":"https:\/\/plantbezorgd.nl\/de\/wp-json\/wp\/v2\/product_cat?post=78168"},{"taxonomy":"product_tag","embeddable":true,"href":"https:\/\/plantbezorgd.nl\/de\/wp-json\/wp\/v2\/product_tag?post=78168"}],"curies":[{"name":"wp","href":"https:\/\/api.w.org\/{rel}","templated":true}]}}