{"id":74931,"date":"2025-07-01T15:23:23","date_gmt":"2025-07-01T13:23:23","guid":{"rendered":"https:\/\/plantbezorgd.nl\/?post_type=product&#038;p=74931"},"modified":"2026-04-23T18:47:40","modified_gmt":"2026-04-23T16:47:40","slug":"bio-culvita-gemusegartenerde-40-liter-2","status":"publish","type":"product","link":"https:\/\/plantbezorgd.nl\/de\/product\/tuinkruiden\/bio-culvita-moestuingrond-40-liter\/","title":{"rendered":"BIO Culvita Pflanzenerde 40 Liter"},"content":{"rendered":"<p>Culvita Bio-K\u00fcchengartenerde besteht aus 100% nat\u00fcrlichen und hochwertigen Rohstoffen wie Gartentorf, organischen Fasern, Kokosnuss, franz\u00f6sischer Baumrinde und Gr\u00fcnkompost. Culvita Bio-K\u00fcchengartenerde enth\u00e4lt einen organischen D\u00fcnger f\u00fcr etwa 3 Monate. Dieser D\u00fcnger ist eine ideale Erg\u00e4nzung in der richtigen Zusammensetzung f\u00fcr Gem\u00fcse, Obst und Kr\u00e4uter. Der Inhaltsstoff Magnesium sorgt f\u00fcr eine sch\u00f6ne gr\u00fcne Farbe bei Blattgem\u00fcse. Der D\u00fcnger tr\u00e4gt auch zu einer reicheren Ernte bei. Je nach Temperatur und Bedarf der Pflanzen k\u00f6nnen die Culvita Bio-D\u00fcngepellets 10-4-6+3MgO zugegeben werden.<br \/>\nDer Boden kann sich warm anf\u00fchlen. Das ist keine schlechte Sache! Die kombinierten Rohstoffe k\u00f6nnen noch einige Nachwirkungen haben, die W\u00e4rme erzeugen k\u00f6nnen. Das tut der Qualit\u00e4t aber keinen Abbruch.<\/p>\n<h3><strong><br \/>\nGebrauchsanweisung:<\/strong><\/h3>\n<p>L\u00f6sen Sie den Inhalt des Beutels vor der Verwendung gut auf.<br \/>\n- Wenn Sie einen neuen Gem\u00fcsegarten anlegen, bringen Sie ca. 10 cm Culvita Bio-Gem\u00fcsegartenerde auf und graben dann den vorhandenen Boden um.<br \/>\n- Zur Bodenverbesserung eines bestehenden Gem\u00fcsegartens arbeiten Sie eine Schicht von etwa 5 cm Culvita Bio-Gem\u00fcsegartenerde gut durch die oberste Schicht hindurch.<br \/>\n- Bei der Anwendung in Beh\u00e4ltern und T\u00f6pfen eine Schicht Culvita Bio-Gem\u00fcsegartenerde auftragen. Setzen Sie dann die Pflanze in das Gef\u00e4\u00df oder den Topf und f\u00fcllen Sie die Erde bis knapp unter den Rand auf. Dr\u00fccken Sie die Erde an und gie\u00dfen Sie dann gro\u00dfz\u00fcgig. Achten Sie darauf, dass am Boden der Schale oder des Topfes gen\u00fcgend Drainagel\u00f6cher vorhanden sind, damit \u00fcbersch\u00fcssiges Wasser abflie\u00dfen kann. Geben Sie gegebenenfalls eine Schicht Culvita-Hydrok\u00f6rner auf den Boden des Topfes oder Beh\u00e4lters.<\/p>","protected":false},"excerpt":{"rendered":"<p>Culvita Biologische Moestuingrond is samengesteld uit 100% natuurlijke en hoogwaardige grondstoffen zoals tuinturf, biovezel, kokos, franse boomschors en groencompost. Culvita Biologische Moestuingrond bevat een organische meststof voor ca. 3 maanden. Deze meststof is een ideale aanvulling met de juiste samenstelling voor groenten, fruit en kruiden. Het bestandsdeel magnesium zorgt voor een mooie groene kleur bij [&hellip;]<\/p>","protected":false},"featured_media":77486,"comment_status":"open","ping_status":"closed","template":"","meta":{"_acf_changed":false,"iawp_total_views":47},"product_brand":[],"product_cat":[316,228,222],"product_tag":[439,1587,436],"class_list":{"0":"post-74931","1":"product","2":"type-product","3":"status-publish","4":"has-post-thumbnail","6":"product_cat-alle-categorieen","7":"product_cat-grond-toebehoren","8":"product_cat-tuinkruiden","9":"product_tag-alle","10":"product_tag-local","11":"product_tag-nietadverteren","13":"first","14":"instock","15":"taxable","16":"shipping-taxable","17":"purchasable","18":"product-type-simple"},"acf":[],"gallery_images":[],"yoast_head":"<!-- This site is optimized with the Yoast SEO plugin v25.3 - https:\/\/yoast.com\/wordpress\/plugins\/seo\/ -->\n<title>BIO Culvita Moestuingrond 40 liter Online Kopen - PlantBezorgd<\/title>\n<meta name=\"description\" content=\"Op zoek naar de BIO Culvita Moestuingrond 40 liter? \u2714 Lage verzendkosten \u2714 Kies je bezorgmoment &amp; locatie \u2714 Groeigarantie!\" \/>\n<meta name=\"robots\" content=\"index, follow, max-snippet:-1, max-image-preview:large, max-video-preview:-1\" \/>\n<link rel=\"canonical\" href=\"https:\/\/plantbezorgd.nl\/de\/produkt\/gartenkrauter\/bio-culvita-gemusegartenerde-40-liter-2\/\" \/>\n<meta property=\"og:locale\" content=\"de_DE\" \/>\n<meta property=\"og:type\" content=\"article\" \/>\n<meta property=\"og:title\" content=\"BIO Culvita Moestuingrond 40 liter Online Kopen - PlantBezorgd\" \/>\n<meta property=\"og:description\" content=\"Op zoek naar de BIO Culvita Moestuingrond 40 liter? \u2714 Lage verzendkosten \u2714 Kies je bezorgmoment &amp; locatie \u2714 Groeigarantie!\" \/>\n<meta property=\"og:url\" content=\"https:\/\/plantbezorgd.nl\/de\/produkt\/gartenkrauter\/bio-culvita-gemusegartenerde-40-liter-2\/\" \/>\n<meta property=\"og:site_name\" content=\"PlantBezorgd\" \/>\n<meta property=\"article:modified_time\" content=\"2026-04-23T16:47:40+00:00\" \/>\n<meta property=\"og:image\" content=\"https:\/\/plantbezorgd.nl\/wp-content\/uploads\/2025\/07\/Culvita-Aarde_Bio-Moestuingrond_40L-500x500-1.webp\" \/>\n\t<meta property=\"og:image:width\" content=\"500\" \/>\n\t<meta property=\"og:image:height\" content=\"500\" \/>\n\t<meta property=\"og:image:type\" content=\"image\/webp\" \/>\n<meta name=\"twitter:card\" content=\"summary_large_image\" \/>\n<meta name=\"twitter:label1\" content=\"Gesch\u00e4tzte Lesezeit\" \/>\n\t<meta name=\"twitter:data1\" content=\"2\u00a0Minuten\" \/>\n<script type=\"application\/ld+json\" class=\"yoast-schema-graph\">{\"@context\":\"https:\/\/schema.org\",\"@graph\":[{\"@type\":\"WebPage\",\"@id\":\"https:\/\/plantbezorgd.nl\/product\/tuinkruiden\/bio-culvita-moestuingrond-40-liter\/\",\"url\":\"https:\/\/plantbezorgd.nl\/product\/tuinkruiden\/bio-culvita-moestuingrond-40-liter\/\",\"name\":\"BIO Culvita Moestuingrond 40 liter Online Kopen - PlantBezorgd\",\"isPartOf\":{\"@id\":\"https:\/\/plantbezorgd.nl\/#website\"},\"primaryImageOfPage\":{\"@id\":\"https:\/\/plantbezorgd.nl\/product\/tuinkruiden\/bio-culvita-moestuingrond-40-liter\/#primaryimage\"},\"image\":{\"@id\":\"https:\/\/plantbezorgd.nl\/product\/tuinkruiden\/bio-culvita-moestuingrond-40-liter\/#primaryimage\"},\"thumbnailUrl\":\"https:\/\/plantbezorgd.nl\/wp-content\/uploads\/2025\/07\/Culvita-Aarde_Bio-Moestuingrond_40L-500x500-1.webp\",\"datePublished\":\"2025-07-01T13:23:23+00:00\",\"dateModified\":\"2026-04-23T16:47:40+00:00\",\"description\":\"Op zoek naar de BIO Culvita Moestuingrond 40 liter? \u2714 Lage verzendkosten \u2714 Kies je bezorgmoment & locatie \u2714 Groeigarantie!\",\"breadcrumb\":{\"@id\":\"https:\/\/plantbezorgd.nl\/product\/tuinkruiden\/bio-culvita-moestuingrond-40-liter\/#breadcrumb\"},\"inLanguage\":\"de\",\"potentialAction\":[{\"@type\":\"ReadAction\",\"target\":[\"https:\/\/plantbezorgd.nl\/product\/tuinkruiden\/bio-culvita-moestuingrond-40-liter\/\"]}]},{\"@type\":\"ImageObject\",\"inLanguage\":\"de\",\"@id\":\"https:\/\/plantbezorgd.nl\/product\/tuinkruiden\/bio-culvita-moestuingrond-40-liter\/#primaryimage\",\"url\":\"https:\/\/plantbezorgd.nl\/wp-content\/uploads\/2025\/07\/Culvita-Aarde_Bio-Moestuingrond_40L-500x500-1.webp\",\"contentUrl\":\"https:\/\/plantbezorgd.nl\/wp-content\/uploads\/2025\/07\/Culvita-Aarde_Bio-Moestuingrond_40L-500x500-1.webp\",\"width\":500,\"height\":500},{\"@type\":\"BreadcrumbList\",\"@id\":\"https:\/\/plantbezorgd.nl\/product\/tuinkruiden\/bio-culvita-moestuingrond-40-liter\/#breadcrumb\",\"itemListElement\":[{\"@type\":\"ListItem\",\"position\":1,\"name\":\"Shop\",\"item\":\"https:\/\/plantbezorgd.nl\/shop\/\"},{\"@type\":\"ListItem\",\"position\":2,\"name\":\"Grond &amp; toebehoren\",\"item\":\"https:\/\/plantbezorgd.nl\/product-categorie\/grond-toebehoren\/\"},{\"@type\":\"ListItem\",\"position\":3,\"name\":\"BIO Culvita Moestuingrond 40 liter\"}]},{\"@type\":\"WebSite\",\"@id\":\"https:\/\/plantbezorgd.nl\/#website\",\"url\":\"https:\/\/plantbezorgd.nl\/\",\"name\":\"PlantBezorgd\",\"description\":\"Betaalbare kwaliteitsplanten thuisbezorgd!\",\"publisher\":{\"@id\":\"https:\/\/plantbezorgd.nl\/#organization\"},\"potentialAction\":[{\"@type\":\"SearchAction\",\"target\":{\"@type\":\"EntryPoint\",\"urlTemplate\":\"https:\/\/plantbezorgd.nl\/?s={search_term_string}\"},\"query-input\":{\"@type\":\"PropertyValueSpecification\",\"valueRequired\":true,\"valueName\":\"search_term_string\"}}],\"inLanguage\":\"de\"},{\"@type\":\"Organization\",\"@id\":\"https:\/\/plantbezorgd.nl\/#organization\",\"name\":\"PlantBezorgd\",\"url\":\"https:\/\/plantbezorgd.nl\/\",\"logo\":{\"@type\":\"ImageObject\",\"inLanguage\":\"de\",\"@id\":\"https:\/\/plantbezorgd.nl\/#\/schema\/logo\/image\/\",\"url\":\"https:\/\/plantbezorgd.nl\/wp-content\/uploads\/2023\/05\/Logo.svg\",\"contentUrl\":\"https:\/\/plantbezorgd.nl\/wp-content\/uploads\/2023\/05\/Logo.svg\",\"caption\":\"PlantBezorgd\"},\"image\":{\"@id\":\"https:\/\/plantbezorgd.nl\/#\/schema\/logo\/image\/\"}}]}<\/script>\n<!-- \/ Yoast SEO plugin. -->","yoast_head_json":{"title":"BIO Culvita K\u00fcchengartenerde 40 Liter Online Kaufen - PlantBezorgd","description":"Sie suchen die BIO Culvita K\u00fcchengartenerde 40 Liter? \u2714 Niedrige Versandkosten \u2714 W\u00e4hlen Sie Ihren Liefertermin und -ort \u2714 Wachstumsgarantie!","robots":{"index":"index","follow":"follow","max-snippet":"max-snippet:-1","max-image-preview":"max-image-preview:large","max-video-preview":"max-video-preview:-1"},"canonical":"https:\/\/plantbezorgd.nl\/de\/produkt\/gartenkrauter\/bio-culvita-gemusegartenerde-40-liter-2\/","og_locale":"de_DE","og_type":"article","og_title":"BIO Culvita Moestuingrond 40 liter Online Kopen - PlantBezorgd","og_description":"Op zoek naar de BIO Culvita Moestuingrond 40 liter? \u2714 Lage verzendkosten \u2714 Kies je bezorgmoment & locatie \u2714 Groeigarantie!","og_url":"https:\/\/plantbezorgd.nl\/de\/produkt\/gartenkrauter\/bio-culvita-gemusegartenerde-40-liter-2\/","og_site_name":"PlantBezorgd","article_modified_time":"2026-04-23T16:47:40+00:00","og_image":[{"width":500,"height":500,"url":"https:\/\/plantbezorgd.nl\/wp-content\/uploads\/2025\/07\/Culvita-Aarde_Bio-Moestuingrond_40L-500x500-1.webp","type":"image\/webp"}],"twitter_card":"summary_large_image","twitter_misc":{"Gesch\u00e4tzte Lesezeit":"2\u00a0Minuten"},"schema":{"@context":"https:\/\/schema.org","@graph":[{"@type":"WebPage","@id":"https:\/\/plantbezorgd.nl\/product\/tuinkruiden\/bio-culvita-moestuingrond-40-liter\/","url":"https:\/\/plantbezorgd.nl\/product\/tuinkruiden\/bio-culvita-moestuingrond-40-liter\/","name":"BIO Culvita K\u00fcchengartenerde 40 Liter Online Kaufen - PlantBezorgd","isPartOf":{"@id":"https:\/\/plantbezorgd.nl\/#website"},"primaryImageOfPage":{"@id":"https:\/\/plantbezorgd.nl\/product\/tuinkruiden\/bio-culvita-moestuingrond-40-liter\/#primaryimage"},"image":{"@id":"https:\/\/plantbezorgd.nl\/product\/tuinkruiden\/bio-culvita-moestuingrond-40-liter\/#primaryimage"},"thumbnailUrl":"https:\/\/plantbezorgd.nl\/wp-content\/uploads\/2025\/07\/Culvita-Aarde_Bio-Moestuingrond_40L-500x500-1.webp","datePublished":"2025-07-01T13:23:23+00:00","dateModified":"2026-04-23T16:47:40+00:00","description":"Sie suchen die BIO Culvita K\u00fcchengartenerde 40 Liter? \u2714 Niedrige Versandkosten \u2714 W\u00e4hlen Sie Ihren Liefertermin und -ort \u2714 Wachstumsgarantie!","breadcrumb":{"@id":"https:\/\/plantbezorgd.nl\/product\/tuinkruiden\/bio-culvita-moestuingrond-40-liter\/#breadcrumb"},"inLanguage":"de","potentialAction":[{"@type":"ReadAction","target":["https:\/\/plantbezorgd.nl\/product\/tuinkruiden\/bio-culvita-moestuingrond-40-liter\/"]}]},{"@type":"ImageObject","inLanguage":"de","@id":"https:\/\/plantbezorgd.nl\/product\/tuinkruiden\/bio-culvita-moestuingrond-40-liter\/#primaryimage","url":"https:\/\/plantbezorgd.nl\/wp-content\/uploads\/2025\/07\/Culvita-Aarde_Bio-Moestuingrond_40L-500x500-1.webp","contentUrl":"https:\/\/plantbezorgd.nl\/wp-content\/uploads\/2025\/07\/Culvita-Aarde_Bio-Moestuingrond_40L-500x500-1.webp","width":500,"height":500},{"@type":"BreadcrumbList","@id":"https:\/\/plantbezorgd.nl\/product\/tuinkruiden\/bio-culvita-moestuingrond-40-liter\/#breadcrumb","itemListElement":[{"@type":"ListItem","position":1,"name":"Shop","item":"https:\/\/plantbezorgd.nl\/shop\/"},{"@type":"ListItem","position":2,"name":"Grond &amp; toebehoren","item":"https:\/\/plantbezorgd.nl\/product-categorie\/grond-toebehoren\/"},{"@type":"ListItem","position":3,"name":"BIO Culvita Moestuingrond 40 liter"}]},{"@type":"WebSite","@id":"https:\/\/plantbezorgd.nl\/#website","url":"https:\/\/plantbezorgd.nl\/","name":"PflanzenGeliefert","description":"Erschwingliche Qualit\u00e4tspflanzen direkt zu Ihnen nach Hause geliefert!","publisher":{"@id":"https:\/\/plantbezorgd.nl\/#organization"},"potentialAction":[{"@type":"SearchAction","target":{"@type":"EntryPoint","urlTemplate":"https:\/\/plantbezorgd.nl\/?s={search_term_string}"},"query-input":{"@type":"PropertyValueSpecification","valueRequired":true,"valueName":"search_term_string"}}],"inLanguage":"de"},{"@type":"Organization","@id":"https:\/\/plantbezorgd.nl\/#organization","name":"PflanzenGeliefert","url":"https:\/\/plantbezorgd.nl\/","logo":{"@type":"ImageObject","inLanguage":"de","@id":"https:\/\/plantbezorgd.nl\/#\/schema\/logo\/image\/","url":"https:\/\/plantbezorgd.nl\/wp-content\/uploads\/2023\/05\/Logo.svg","contentUrl":"https:\/\/plantbezorgd.nl\/wp-content\/uploads\/2023\/05\/Logo.svg","caption":"PlantBezorgd"},"image":{"@id":"https:\/\/plantbezorgd.nl\/#\/schema\/logo\/image\/"}}]}},"_links":{"self":[{"href":"https:\/\/plantbezorgd.nl\/de\/wp-json\/wp\/v2\/product\/74931","targetHints":{"allow":["GET"]}}],"collection":[{"href":"https:\/\/plantbezorgd.nl\/de\/wp-json\/wp\/v2\/product"}],"about":[{"href":"https:\/\/plantbezorgd.nl\/de\/wp-json\/wp\/v2\/types\/product"}],"replies":[{"embeddable":true,"href":"https:\/\/plantbezorgd.nl\/de\/wp-json\/wp\/v2\/comments?post=74931"}],"wp:featuredmedia":[{"embeddable":true,"href":"https:\/\/plantbezorgd.nl\/de\/wp-json\/wp\/v2\/media\/77486"}],"wp:attachment":[{"href":"https:\/\/plantbezorgd.nl\/de\/wp-json\/wp\/v2\/media?parent=74931"}],"wp:term":[{"taxonomy":"product_brand","embeddable":true,"href":"https:\/\/plantbezorgd.nl\/de\/wp-json\/wp\/v2\/product_brand?post=74931"},{"taxonomy":"product_cat","embeddable":true,"href":"https:\/\/plantbezorgd.nl\/de\/wp-json\/wp\/v2\/product_cat?post=74931"},{"taxonomy":"product_tag","embeddable":true,"href":"https:\/\/plantbezorgd.nl\/de\/wp-json\/wp\/v2\/product_tag?post=74931"}],"curies":[{"name":"wp","href":"https:\/\/api.w.org\/{rel}","templated":true}]}}