{"id":69551,"date":"2025-02-18T15:55:37","date_gmt":"2025-02-18T14:55:37","guid":{"rendered":"https:\/\/plantbezorgd.nl\/?post_type=product&#038;p=69551"},"modified":"2026-04-26T04:40:31","modified_gmt":"2026-04-26T02:40:31","slug":"schnappchenstraucher","status":"publish","type":"product","link":"https:\/\/plantbezorgd.nl\/de\/product\/koopjeshoek\/koopjesbox-heesters\/","title":{"rendered":"Schn\u00e4ppchenkiste Str\u00e4ucher"},"content":{"rendered":"<p>Lassen Sie sich von der Bargain Box \u00fcberraschen! Gelegentlich bleibt in unserer G\u00e4rtnerei eine Charge von Pflanzen \u00fcbrig. Da es sich um eine kleine Anzahl handelt und sie schon l\u00e4nger in der G\u00e4rtnerei stehen, k\u00f6nnen wir sie nicht verkaufen. Wir finden, dass dies eine Verschwendung ist! Deshalb bieten wir diese Pflanzen zu einem stark reduzierten Preis an, so dass sie noch eine zweite Chance bekommen.<\/p>\n<p><strong>Was k\u00f6nnen Sie von einer Bargain Box erwarten?<\/strong><br \/>\nDie Schn\u00e4ppchenkiste besteht aus einer Kiste mit verschiedenen Sorten von Stauden, von denen einige etwas mehr Aufmerksamkeit ben\u00f6tigen. Wenn Sie Ihre Bestellung aufgeben, wird das Paket geschn\u00fcrt. Bei der Bestellung k\u00f6nnen Sie keine Vorlieben angeben! Wir sorgen daf\u00fcr, dass das Paket eine abwechslungsreiche Mischung von Pflanzen enth\u00e4lt. Jede Pflanze ist mit ihrem botanischen Namen gekennzeichnet, und wir f\u00fchren eine Qualit\u00e4tskontrolle durch, um sie auf Krankheiten und Sch\u00e4dlinge zu \u00fcberpr\u00fcfen.<\/p>\n<p><strong>Unsere Pakete:<\/strong><\/p>\n<p><strong>Stauden in Topfgr\u00f6\u00dfe C2\/C3<\/strong><br \/>\nZum Beispiel Zierstr\u00e4ucher wie Schmetterlingsflieder, Hortensien, Zwergflieder und Obstpflanzen.<\/p>\n<p><strong>Stauden in Topfgr\u00f6\u00dfe C5<\/strong><br \/>\nZum Beispiel Zierstr\u00e4ucher wie Euonumus, Nandina oder Magnolie.<\/p>\n<p>Bitte beachten Sie, dass das \u00dcberraschungspaket aufgrund des niedrigen Preises nicht unter unsere Wachstumsgarantie f\u00e4llt. Dennoch k\u00f6nnen Sie sich darauf verlassen, dass die Pflanzen von guter Qualit\u00e4t sind.<\/p>","protected":false},"excerpt":{"rendered":"<p>Laat je verrassen door de Koopjesbox! Af en toe blijft er op onze kwekerij een partij plantjes over. Omdat het een klein aantal is en ze langer stilstaan op de kwekerij kunnen we ze niet meer verkopen. Dit vinden wij zonde! Daarom bieden we deze planten aan tegen een sterk verlaagde prijs, zodat ze alsnog [&hellip;]<\/p>","protected":false},"featured_media":68563,"comment_status":"closed","ping_status":"closed","template":"","meta":{"_acf_changed":false,"iawp_total_views":904},"product_brand":[],"product_cat":[1390],"product_tag":[1583],"class_list":{"0":"post-69551","1":"product","2":"type-product","3":"status-publish","4":"has-post-thumbnail","6":"product_cat-koopjeshoek","7":"product_tag-tuinplanten","8":"pa_winterhardheid-meerjarig-goed","10":"first","11":"instock","12":"sale","13":"sold-individually","14":"taxable","15":"shipping-taxable","16":"purchasable","17":"product-type-variable","18":"has-default-attributes"},"acf":[],"gallery_images":[],"yoast_head":"<!-- This site is optimized with the Yoast SEO plugin v25.3 - https:\/\/yoast.com\/wordpress\/plugins\/seo\/ -->\n<title>Koopjesbox Heesters Online Kopen - PlantBezorgd<\/title>\n<meta name=\"description\" content=\"Op zoek naar de Koopjesbox Heesters? \u2714 Lage verzendkosten \u2714 Kies je bezorgmoment &amp; locatie \u2714 Groeigarantie!\" \/>\n<meta name=\"robots\" content=\"index, follow, max-snippet:-1, max-image-preview:large, max-video-preview:-1\" \/>\n<link rel=\"canonical\" href=\"https:\/\/plantbezorgd.nl\/de\/produkt\/schnappchenecke-2\/schnappchenstraucher\/\" \/>\n<meta property=\"og:locale\" content=\"de_DE\" \/>\n<meta property=\"og:type\" content=\"article\" \/>\n<meta property=\"og:title\" content=\"Koopjesbox Heesters Online Kopen - PlantBezorgd\" \/>\n<meta property=\"og:description\" content=\"Op zoek naar de Koopjesbox Heesters? \u2714 Lage verzendkosten \u2714 Kies je bezorgmoment &amp; locatie \u2714 Groeigarantie!\" \/>\n<meta property=\"og:url\" content=\"https:\/\/plantbezorgd.nl\/de\/produkt\/schnappchenecke-2\/schnappchenstraucher\/\" \/>\n<meta property=\"og:site_name\" content=\"PlantBezorgd\" \/>\n<meta property=\"article:modified_time\" content=\"2026-04-26T02:40:31+00:00\" \/>\n<meta property=\"og:image\" content=\"https:\/\/plantbezorgd.nl\/wp-content\/uploads\/2024\/11\/Koopjesbox.webp\" \/>\n\t<meta property=\"og:image:width\" content=\"1024\" \/>\n\t<meta property=\"og:image:height\" content=\"1024\" \/>\n\t<meta property=\"og:image:type\" content=\"image\/webp\" \/>\n<meta name=\"twitter:card\" content=\"summary_large_image\" \/>\n<meta name=\"twitter:label1\" content=\"Gesch\u00e4tzte Lesezeit\" \/>\n\t<meta name=\"twitter:data1\" content=\"2\u00a0Minuten\" \/>\n<script type=\"application\/ld+json\" class=\"yoast-schema-graph\">{\"@context\":\"https:\/\/schema.org\",\"@graph\":[{\"@type\":\"WebPage\",\"@id\":\"https:\/\/plantbezorgd.nl\/product\/koopjeshoek\/koopjesbox-heesters\/\",\"url\":\"https:\/\/plantbezorgd.nl\/product\/koopjeshoek\/koopjesbox-heesters\/\",\"name\":\"Koopjesbox Heesters Online Kopen - PlantBezorgd\",\"isPartOf\":{\"@id\":\"https:\/\/plantbezorgd.nl\/#website\"},\"primaryImageOfPage\":{\"@id\":\"https:\/\/plantbezorgd.nl\/product\/koopjeshoek\/koopjesbox-heesters\/#primaryimage\"},\"image\":{\"@id\":\"https:\/\/plantbezorgd.nl\/product\/koopjeshoek\/koopjesbox-heesters\/#primaryimage\"},\"thumbnailUrl\":\"https:\/\/plantbezorgd.nl\/wp-content\/uploads\/2024\/11\/Koopjesbox.webp\",\"datePublished\":\"2025-02-18T14:55:37+00:00\",\"dateModified\":\"2026-04-26T02:40:31+00:00\",\"description\":\"Op zoek naar de Koopjesbox Heesters? \u2714 Lage verzendkosten \u2714 Kies je bezorgmoment & locatie \u2714 Groeigarantie!\",\"breadcrumb\":{\"@id\":\"https:\/\/plantbezorgd.nl\/product\/koopjeshoek\/koopjesbox-heesters\/#breadcrumb\"},\"inLanguage\":\"de\",\"potentialAction\":[{\"@type\":\"ReadAction\",\"target\":[\"https:\/\/plantbezorgd.nl\/product\/koopjeshoek\/koopjesbox-heesters\/\"]}]},{\"@type\":\"ImageObject\",\"inLanguage\":\"de\",\"@id\":\"https:\/\/plantbezorgd.nl\/product\/koopjeshoek\/koopjesbox-heesters\/#primaryimage\",\"url\":\"https:\/\/plantbezorgd.nl\/wp-content\/uploads\/2024\/11\/Koopjesbox.webp\",\"contentUrl\":\"https:\/\/plantbezorgd.nl\/wp-content\/uploads\/2024\/11\/Koopjesbox.webp\",\"width\":1024,\"height\":1024},{\"@type\":\"BreadcrumbList\",\"@id\":\"https:\/\/plantbezorgd.nl\/product\/koopjeshoek\/koopjesbox-heesters\/#breadcrumb\",\"itemListElement\":[{\"@type\":\"ListItem\",\"position\":1,\"name\":\"Shop\",\"item\":\"https:\/\/plantbezorgd.nl\/shop\/\"},{\"@type\":\"ListItem\",\"position\":2,\"name\":\"Koopjeshoek\",\"item\":\"https:\/\/plantbezorgd.nl\/product-categorie\/koopjeshoek\/\"},{\"@type\":\"ListItem\",\"position\":3,\"name\":\"Koopjesbox Heesters\"}]},{\"@type\":\"WebSite\",\"@id\":\"https:\/\/plantbezorgd.nl\/#website\",\"url\":\"https:\/\/plantbezorgd.nl\/\",\"name\":\"PlantBezorgd\",\"description\":\"Betaalbare kwaliteitsplanten thuisbezorgd!\",\"publisher\":{\"@id\":\"https:\/\/plantbezorgd.nl\/#organization\"},\"potentialAction\":[{\"@type\":\"SearchAction\",\"target\":{\"@type\":\"EntryPoint\",\"urlTemplate\":\"https:\/\/plantbezorgd.nl\/?s={search_term_string}\"},\"query-input\":{\"@type\":\"PropertyValueSpecification\",\"valueRequired\":true,\"valueName\":\"search_term_string\"}}],\"inLanguage\":\"de\"},{\"@type\":\"Organization\",\"@id\":\"https:\/\/plantbezorgd.nl\/#organization\",\"name\":\"PlantBezorgd\",\"url\":\"https:\/\/plantbezorgd.nl\/\",\"logo\":{\"@type\":\"ImageObject\",\"inLanguage\":\"de\",\"@id\":\"https:\/\/plantbezorgd.nl\/#\/schema\/logo\/image\/\",\"url\":\"https:\/\/plantbezorgd.nl\/wp-content\/uploads\/2023\/05\/Logo.svg\",\"contentUrl\":\"https:\/\/plantbezorgd.nl\/wp-content\/uploads\/2023\/05\/Logo.svg\",\"caption\":\"PlantBezorgd\"},\"image\":{\"@id\":\"https:\/\/plantbezorgd.nl\/#\/schema\/logo\/image\/\"}}]}<\/script>\n<!-- \/ Yoast SEO plugin. -->","yoast_head_json":{"title":"G\u00fcnstige Buchsbaumstr\u00e4ucher online kaufen - PlantBezorgd","description":"Auf der Suche nach dem Schn\u00e4ppchen Buchsbaumstr\u00e4ucher? \u2714 Niedrige Versandkosten \u2714 W\u00e4hlen Sie Ihren Liefertermin und -ort \u2714 Wachstumsgarantie!","robots":{"index":"index","follow":"follow","max-snippet":"max-snippet:-1","max-image-preview":"max-image-preview:large","max-video-preview":"max-video-preview:-1"},"canonical":"https:\/\/plantbezorgd.nl\/de\/produkt\/schnappchenecke-2\/schnappchenstraucher\/","og_locale":"de_DE","og_type":"article","og_title":"Koopjesbox Heesters Online Kopen - PlantBezorgd","og_description":"Op zoek naar de Koopjesbox Heesters? \u2714 Lage verzendkosten \u2714 Kies je bezorgmoment & locatie \u2714 Groeigarantie!","og_url":"https:\/\/plantbezorgd.nl\/de\/produkt\/schnappchenecke-2\/schnappchenstraucher\/","og_site_name":"PlantBezorgd","article_modified_time":"2026-04-26T02:40:31+00:00","og_image":[{"width":1024,"height":1024,"url":"https:\/\/plantbezorgd.nl\/wp-content\/uploads\/2024\/11\/Koopjesbox.webp","type":"image\/webp"}],"twitter_card":"summary_large_image","twitter_misc":{"Gesch\u00e4tzte Lesezeit":"2\u00a0Minuten"},"schema":{"@context":"https:\/\/schema.org","@graph":[{"@type":"WebPage","@id":"https:\/\/plantbezorgd.nl\/product\/koopjeshoek\/koopjesbox-heesters\/","url":"https:\/\/plantbezorgd.nl\/product\/koopjeshoek\/koopjesbox-heesters\/","name":"G\u00fcnstige Buchsbaumstr\u00e4ucher online kaufen - PlantBezorgd","isPartOf":{"@id":"https:\/\/plantbezorgd.nl\/#website"},"primaryImageOfPage":{"@id":"https:\/\/plantbezorgd.nl\/product\/koopjeshoek\/koopjesbox-heesters\/#primaryimage"},"image":{"@id":"https:\/\/plantbezorgd.nl\/product\/koopjeshoek\/koopjesbox-heesters\/#primaryimage"},"thumbnailUrl":"https:\/\/plantbezorgd.nl\/wp-content\/uploads\/2024\/11\/Koopjesbox.webp","datePublished":"2025-02-18T14:55:37+00:00","dateModified":"2026-04-26T02:40:31+00:00","description":"Auf der Suche nach dem Schn\u00e4ppchen Buchsbaumstr\u00e4ucher? \u2714 Niedrige Versandkosten \u2714 W\u00e4hlen Sie Ihren Liefertermin und -ort \u2714 Wachstumsgarantie!","breadcrumb":{"@id":"https:\/\/plantbezorgd.nl\/product\/koopjeshoek\/koopjesbox-heesters\/#breadcrumb"},"inLanguage":"de","potentialAction":[{"@type":"ReadAction","target":["https:\/\/plantbezorgd.nl\/product\/koopjeshoek\/koopjesbox-heesters\/"]}]},{"@type":"ImageObject","inLanguage":"de","@id":"https:\/\/plantbezorgd.nl\/product\/koopjeshoek\/koopjesbox-heesters\/#primaryimage","url":"https:\/\/plantbezorgd.nl\/wp-content\/uploads\/2024\/11\/Koopjesbox.webp","contentUrl":"https:\/\/plantbezorgd.nl\/wp-content\/uploads\/2024\/11\/Koopjesbox.webp","width":1024,"height":1024},{"@type":"BreadcrumbList","@id":"https:\/\/plantbezorgd.nl\/product\/koopjeshoek\/koopjesbox-heesters\/#breadcrumb","itemListElement":[{"@type":"ListItem","position":1,"name":"Shop","item":"https:\/\/plantbezorgd.nl\/shop\/"},{"@type":"ListItem","position":2,"name":"Koopjeshoek","item":"https:\/\/plantbezorgd.nl\/product-categorie\/koopjeshoek\/"},{"@type":"ListItem","position":3,"name":"Koopjesbox Heesters"}]},{"@type":"WebSite","@id":"https:\/\/plantbezorgd.nl\/#website","url":"https:\/\/plantbezorgd.nl\/","name":"PflanzenGeliefert","description":"Erschwingliche Qualit\u00e4tspflanzen direkt zu Ihnen nach Hause geliefert!","publisher":{"@id":"https:\/\/plantbezorgd.nl\/#organization"},"potentialAction":[{"@type":"SearchAction","target":{"@type":"EntryPoint","urlTemplate":"https:\/\/plantbezorgd.nl\/?s={search_term_string}"},"query-input":{"@type":"PropertyValueSpecification","valueRequired":true,"valueName":"search_term_string"}}],"inLanguage":"de"},{"@type":"Organization","@id":"https:\/\/plantbezorgd.nl\/#organization","name":"PflanzenGeliefert","url":"https:\/\/plantbezorgd.nl\/","logo":{"@type":"ImageObject","inLanguage":"de","@id":"https:\/\/plantbezorgd.nl\/#\/schema\/logo\/image\/","url":"https:\/\/plantbezorgd.nl\/wp-content\/uploads\/2023\/05\/Logo.svg","contentUrl":"https:\/\/plantbezorgd.nl\/wp-content\/uploads\/2023\/05\/Logo.svg","caption":"PlantBezorgd"},"image":{"@id":"https:\/\/plantbezorgd.nl\/#\/schema\/logo\/image\/"}}]}},"_links":{"self":[{"href":"https:\/\/plantbezorgd.nl\/de\/wp-json\/wp\/v2\/product\/69551","targetHints":{"allow":["GET"]}}],"collection":[{"href":"https:\/\/plantbezorgd.nl\/de\/wp-json\/wp\/v2\/product"}],"about":[{"href":"https:\/\/plantbezorgd.nl\/de\/wp-json\/wp\/v2\/types\/product"}],"replies":[{"embeddable":true,"href":"https:\/\/plantbezorgd.nl\/de\/wp-json\/wp\/v2\/comments?post=69551"}],"wp:featuredmedia":[{"embeddable":true,"href":"https:\/\/plantbezorgd.nl\/de\/wp-json\/wp\/v2\/media\/68563"}],"wp:attachment":[{"href":"https:\/\/plantbezorgd.nl\/de\/wp-json\/wp\/v2\/media?parent=69551"}],"wp:term":[{"taxonomy":"product_brand","embeddable":true,"href":"https:\/\/plantbezorgd.nl\/de\/wp-json\/wp\/v2\/product_brand?post=69551"},{"taxonomy":"product_cat","embeddable":true,"href":"https:\/\/plantbezorgd.nl\/de\/wp-json\/wp\/v2\/product_cat?post=69551"},{"taxonomy":"product_tag","embeddable":true,"href":"https:\/\/plantbezorgd.nl\/de\/wp-json\/wp\/v2\/product_tag?post=69551"}],"curies":[{"name":"wp","href":"https:\/\/api.w.org\/{rel}","templated":true}]}}