{"id":69242,"date":"2025-01-17T15:07:35","date_gmt":"2025-01-17T14:07:35","guid":{"rendered":"https:\/\/plantbezorgd.nl\/?post_type=product&#038;p=69242"},"modified":"2026-04-26T04:40:09","modified_gmt":"2026-04-26T02:40:09","slug":"kletterpflanzen-aus-der-grabbelkiste","status":"publish","type":"product","link":"https:\/\/plantbezorgd.nl\/de\/product\/alle-klimplanten\/koopjesbox-klimplanten\/","title":{"rendered":"Schn\u00e4ppchenkiste Kletterpflanzen"},"content":{"rendered":"<p>Die Kletterpflanzen-Schn\u00e4ppchenbox enth\u00e4lt vier Kletterpflanzen, jeweils 50\u201360 cm hoch, mit Namen und Etikett. Diese Kletterpflanzen stammen aus unserem \u00dcberbestand und werden zu einem reduzierten Preis angeboten, um Platz f\u00fcr neue Pflanzen zu schaffen. Bitte beachten Sie: Aufgrund des g\u00fcnstigen Preises k\u00f6nnen wir keine Anwachsgarantie \u00fcbernehmen. Die Box kann Clematis, Passionsblume, Jasmin und\/oder Beerenstr\u00e4ucher enthalten.<\/p>","protected":false},"excerpt":{"rendered":"<p>In koopjesbox klimplanten zitten 4 klimplanten met een planthoogte van 50-60cm, deze zijn voorzien van naam en etiket. De klimplanten zijn overtollige voorraad die we aanbieden voor een gereduceerde prijs om zo ruimte te maken voor nieuwe voorraad.\u00a0 Let op, wij bieden geen groeigarantie ivm de scherpe actieprijs van dit pakket. Het pakket kan onder [&hellip;]<\/p>","protected":false},"featured_media":68563,"comment_status":"closed","ping_status":"closed","template":"","meta":{"_acf_changed":false,"iawp_total_views":419},"product_brand":[],"product_cat":[1390,234,242],"product_tag":[436],"class_list":{"0":"post-69242","1":"product","2":"type-product","3":"status-publish","4":"has-post-thumbnail","6":"product_cat-koopjeshoek","7":"product_cat-alle-klimplanten","8":"product_cat-overige-klimplanten","9":"product_tag-nietadverteren","11":"first","12":"instock","13":"sale","14":"sold-individually","15":"taxable","16":"shipping-taxable","17":"purchasable","18":"product-type-simple"},"acf":[],"gallery_images":[],"yoast_head":"<!-- This site is optimized with the Yoast SEO plugin v25.3 - https:\/\/yoast.com\/wordpress\/plugins\/seo\/ -->\n<title>Koopjesbox klimplanten Online Kopen - PlantBezorgd<\/title>\n<meta name=\"description\" content=\"Op zoek naar de Koopjesbox klimplanten? \u2714 Lage verzendkosten \u2714 Kies je bezorgmoment &amp; locatie \u2714 Groeigarantie!\" \/>\n<meta name=\"robots\" content=\"index, follow, max-snippet:-1, max-image-preview:large, max-video-preview:-1\" \/>\n<link rel=\"canonical\" href=\"https:\/\/plantbezorgd.nl\/de\/produkt\/alle-kletterpflanzen-2\/kletterpflanzen-aus-der-grabbelkiste\/\" \/>\n<meta property=\"og:locale\" content=\"de_DE\" \/>\n<meta property=\"og:type\" content=\"article\" \/>\n<meta property=\"og:title\" content=\"Koopjesbox klimplanten Online Kopen - PlantBezorgd\" \/>\n<meta property=\"og:description\" content=\"Op zoek naar de Koopjesbox klimplanten? \u2714 Lage verzendkosten \u2714 Kies je bezorgmoment &amp; locatie \u2714 Groeigarantie!\" \/>\n<meta property=\"og:url\" content=\"https:\/\/plantbezorgd.nl\/de\/produkt\/alle-kletterpflanzen-2\/kletterpflanzen-aus-der-grabbelkiste\/\" \/>\n<meta property=\"og:site_name\" content=\"PlantBezorgd\" \/>\n<meta property=\"article:modified_time\" content=\"2026-04-26T02:40:09+00:00\" \/>\n<meta property=\"og:image\" content=\"https:\/\/plantbezorgd.nl\/wp-content\/uploads\/2024\/11\/Koopjesbox.webp\" \/>\n\t<meta property=\"og:image:width\" content=\"1024\" \/>\n\t<meta property=\"og:image:height\" content=\"1024\" \/>\n\t<meta property=\"og:image:type\" content=\"image\/webp\" \/>\n<meta name=\"twitter:card\" content=\"summary_large_image\" \/>\n<meta name=\"twitter:label1\" content=\"Gesch\u00e4tzte Lesezeit\" \/>\n\t<meta name=\"twitter:data1\" content=\"1\u00a0Minute\" \/>\n<script type=\"application\/ld+json\" class=\"yoast-schema-graph\">{\"@context\":\"https:\/\/schema.org\",\"@graph\":[{\"@type\":\"WebPage\",\"@id\":\"https:\/\/plantbezorgd.nl\/product\/alle-klimplanten\/koopjesbox-klimplanten\/\",\"url\":\"https:\/\/plantbezorgd.nl\/product\/alle-klimplanten\/koopjesbox-klimplanten\/\",\"name\":\"Koopjesbox klimplanten Online Kopen - PlantBezorgd\",\"isPartOf\":{\"@id\":\"https:\/\/plantbezorgd.nl\/#website\"},\"primaryImageOfPage\":{\"@id\":\"https:\/\/plantbezorgd.nl\/product\/alle-klimplanten\/koopjesbox-klimplanten\/#primaryimage\"},\"image\":{\"@id\":\"https:\/\/plantbezorgd.nl\/product\/alle-klimplanten\/koopjesbox-klimplanten\/#primaryimage\"},\"thumbnailUrl\":\"https:\/\/plantbezorgd.nl\/wp-content\/uploads\/2024\/11\/Koopjesbox.webp\",\"datePublished\":\"2025-01-17T14:07:35+00:00\",\"dateModified\":\"2026-04-26T02:40:09+00:00\",\"description\":\"Op zoek naar de Koopjesbox klimplanten? \u2714 Lage verzendkosten \u2714 Kies je bezorgmoment & locatie \u2714 Groeigarantie!\",\"breadcrumb\":{\"@id\":\"https:\/\/plantbezorgd.nl\/product\/alle-klimplanten\/koopjesbox-klimplanten\/#breadcrumb\"},\"inLanguage\":\"de\",\"potentialAction\":[{\"@type\":\"ReadAction\",\"target\":[\"https:\/\/plantbezorgd.nl\/product\/alle-klimplanten\/koopjesbox-klimplanten\/\"]}]},{\"@type\":\"ImageObject\",\"inLanguage\":\"de\",\"@id\":\"https:\/\/plantbezorgd.nl\/product\/alle-klimplanten\/koopjesbox-klimplanten\/#primaryimage\",\"url\":\"https:\/\/plantbezorgd.nl\/wp-content\/uploads\/2024\/11\/Koopjesbox.webp\",\"contentUrl\":\"https:\/\/plantbezorgd.nl\/wp-content\/uploads\/2024\/11\/Koopjesbox.webp\",\"width\":1024,\"height\":1024},{\"@type\":\"BreadcrumbList\",\"@id\":\"https:\/\/plantbezorgd.nl\/product\/alle-klimplanten\/koopjesbox-klimplanten\/#breadcrumb\",\"itemListElement\":[{\"@type\":\"ListItem\",\"position\":1,\"name\":\"Shop\",\"item\":\"https:\/\/plantbezorgd.nl\/shop\/\"},{\"@type\":\"ListItem\",\"position\":2,\"name\":\"Koopjeshoek\",\"item\":\"https:\/\/plantbezorgd.nl\/product-categorie\/koopjeshoek\/\"},{\"@type\":\"ListItem\",\"position\":3,\"name\":\"Koopjesbox klimplanten\"}]},{\"@type\":\"WebSite\",\"@id\":\"https:\/\/plantbezorgd.nl\/#website\",\"url\":\"https:\/\/plantbezorgd.nl\/\",\"name\":\"PlantBezorgd\",\"description\":\"Betaalbare kwaliteitsplanten thuisbezorgd!\",\"publisher\":{\"@id\":\"https:\/\/plantbezorgd.nl\/#organization\"},\"potentialAction\":[{\"@type\":\"SearchAction\",\"target\":{\"@type\":\"EntryPoint\",\"urlTemplate\":\"https:\/\/plantbezorgd.nl\/?s={search_term_string}\"},\"query-input\":{\"@type\":\"PropertyValueSpecification\",\"valueRequired\":true,\"valueName\":\"search_term_string\"}}],\"inLanguage\":\"de\"},{\"@type\":\"Organization\",\"@id\":\"https:\/\/plantbezorgd.nl\/#organization\",\"name\":\"PlantBezorgd\",\"url\":\"https:\/\/plantbezorgd.nl\/\",\"logo\":{\"@type\":\"ImageObject\",\"inLanguage\":\"de\",\"@id\":\"https:\/\/plantbezorgd.nl\/#\/schema\/logo\/image\/\",\"url\":\"https:\/\/plantbezorgd.nl\/wp-content\/uploads\/2023\/05\/Logo.svg\",\"contentUrl\":\"https:\/\/plantbezorgd.nl\/wp-content\/uploads\/2023\/05\/Logo.svg\",\"caption\":\"PlantBezorgd\"},\"image\":{\"@id\":\"https:\/\/plantbezorgd.nl\/#\/schema\/logo\/image\/\"}}]}<\/script>\n<!-- \/ Yoast SEO plugin. -->","yoast_head_json":{"title":"Kletterpflanzen-Schn\u00e4ppchenbox online kaufen \u2013 PlantBezorgd","description":"Auf der Suche nach Kletterpflanzen im Schn\u00e4ppchenpaket? \u2714 Niedrige Versandkosten \u2714 Lieferzeit und -ort frei w\u00e4hlbar \u2714 Wachstumsgarantie!","robots":{"index":"index","follow":"follow","max-snippet":"max-snippet:-1","max-image-preview":"max-image-preview:large","max-video-preview":"max-video-preview:-1"},"canonical":"https:\/\/plantbezorgd.nl\/de\/produkt\/alle-kletterpflanzen-2\/kletterpflanzen-aus-der-grabbelkiste\/","og_locale":"de_DE","og_type":"article","og_title":"Koopjesbox klimplanten Online Kopen - PlantBezorgd","og_description":"Op zoek naar de Koopjesbox klimplanten? \u2714 Lage verzendkosten \u2714 Kies je bezorgmoment & locatie \u2714 Groeigarantie!","og_url":"https:\/\/plantbezorgd.nl\/de\/produkt\/alle-kletterpflanzen-2\/kletterpflanzen-aus-der-grabbelkiste\/","og_site_name":"PlantBezorgd","article_modified_time":"2026-04-26T02:40:09+00:00","og_image":[{"width":1024,"height":1024,"url":"https:\/\/plantbezorgd.nl\/wp-content\/uploads\/2024\/11\/Koopjesbox.webp","type":"image\/webp"}],"twitter_card":"summary_large_image","twitter_misc":{"Gesch\u00e4tzte Lesezeit":"1\u00a0Minute"},"schema":{"@context":"https:\/\/schema.org","@graph":[{"@type":"WebPage","@id":"https:\/\/plantbezorgd.nl\/product\/alle-klimplanten\/koopjesbox-klimplanten\/","url":"https:\/\/plantbezorgd.nl\/product\/alle-klimplanten\/koopjesbox-klimplanten\/","name":"Kletterpflanzen-Schn\u00e4ppchenbox online kaufen \u2013 PlantBezorgd","isPartOf":{"@id":"https:\/\/plantbezorgd.nl\/#website"},"primaryImageOfPage":{"@id":"https:\/\/plantbezorgd.nl\/product\/alle-klimplanten\/koopjesbox-klimplanten\/#primaryimage"},"image":{"@id":"https:\/\/plantbezorgd.nl\/product\/alle-klimplanten\/koopjesbox-klimplanten\/#primaryimage"},"thumbnailUrl":"https:\/\/plantbezorgd.nl\/wp-content\/uploads\/2024\/11\/Koopjesbox.webp","datePublished":"2025-01-17T14:07:35+00:00","dateModified":"2026-04-26T02:40:09+00:00","description":"Auf der Suche nach Kletterpflanzen im Schn\u00e4ppchenpaket? \u2714 Niedrige Versandkosten \u2714 Lieferzeit und -ort frei w\u00e4hlbar \u2714 Wachstumsgarantie!","breadcrumb":{"@id":"https:\/\/plantbezorgd.nl\/product\/alle-klimplanten\/koopjesbox-klimplanten\/#breadcrumb"},"inLanguage":"de","potentialAction":[{"@type":"ReadAction","target":["https:\/\/plantbezorgd.nl\/product\/alle-klimplanten\/koopjesbox-klimplanten\/"]}]},{"@type":"ImageObject","inLanguage":"de","@id":"https:\/\/plantbezorgd.nl\/product\/alle-klimplanten\/koopjesbox-klimplanten\/#primaryimage","url":"https:\/\/plantbezorgd.nl\/wp-content\/uploads\/2024\/11\/Koopjesbox.webp","contentUrl":"https:\/\/plantbezorgd.nl\/wp-content\/uploads\/2024\/11\/Koopjesbox.webp","width":1024,"height":1024},{"@type":"BreadcrumbList","@id":"https:\/\/plantbezorgd.nl\/product\/alle-klimplanten\/koopjesbox-klimplanten\/#breadcrumb","itemListElement":[{"@type":"ListItem","position":1,"name":"Shop","item":"https:\/\/plantbezorgd.nl\/shop\/"},{"@type":"ListItem","position":2,"name":"Koopjeshoek","item":"https:\/\/plantbezorgd.nl\/product-categorie\/koopjeshoek\/"},{"@type":"ListItem","position":3,"name":"Koopjesbox klimplanten"}]},{"@type":"WebSite","@id":"https:\/\/plantbezorgd.nl\/#website","url":"https:\/\/plantbezorgd.nl\/","name":"PflanzenGeliefert","description":"Erschwingliche Qualit\u00e4tspflanzen direkt zu Ihnen nach Hause geliefert!","publisher":{"@id":"https:\/\/plantbezorgd.nl\/#organization"},"potentialAction":[{"@type":"SearchAction","target":{"@type":"EntryPoint","urlTemplate":"https:\/\/plantbezorgd.nl\/?s={search_term_string}"},"query-input":{"@type":"PropertyValueSpecification","valueRequired":true,"valueName":"search_term_string"}}],"inLanguage":"de"},{"@type":"Organization","@id":"https:\/\/plantbezorgd.nl\/#organization","name":"PflanzenGeliefert","url":"https:\/\/plantbezorgd.nl\/","logo":{"@type":"ImageObject","inLanguage":"de","@id":"https:\/\/plantbezorgd.nl\/#\/schema\/logo\/image\/","url":"https:\/\/plantbezorgd.nl\/wp-content\/uploads\/2023\/05\/Logo.svg","contentUrl":"https:\/\/plantbezorgd.nl\/wp-content\/uploads\/2023\/05\/Logo.svg","caption":"PlantBezorgd"},"image":{"@id":"https:\/\/plantbezorgd.nl\/#\/schema\/logo\/image\/"}}]}},"_links":{"self":[{"href":"https:\/\/plantbezorgd.nl\/de\/wp-json\/wp\/v2\/product\/69242","targetHints":{"allow":["GET"]}}],"collection":[{"href":"https:\/\/plantbezorgd.nl\/de\/wp-json\/wp\/v2\/product"}],"about":[{"href":"https:\/\/plantbezorgd.nl\/de\/wp-json\/wp\/v2\/types\/product"}],"replies":[{"embeddable":true,"href":"https:\/\/plantbezorgd.nl\/de\/wp-json\/wp\/v2\/comments?post=69242"}],"wp:featuredmedia":[{"embeddable":true,"href":"https:\/\/plantbezorgd.nl\/de\/wp-json\/wp\/v2\/media\/68563"}],"wp:attachment":[{"href":"https:\/\/plantbezorgd.nl\/de\/wp-json\/wp\/v2\/media?parent=69242"}],"wp:term":[{"taxonomy":"product_brand","embeddable":true,"href":"https:\/\/plantbezorgd.nl\/de\/wp-json\/wp\/v2\/product_brand?post=69242"},{"taxonomy":"product_cat","embeddable":true,"href":"https:\/\/plantbezorgd.nl\/de\/wp-json\/wp\/v2\/product_cat?post=69242"},{"taxonomy":"product_tag","embeddable":true,"href":"https:\/\/plantbezorgd.nl\/de\/wp-json\/wp\/v2\/product_tag?post=69242"}],"curies":[{"name":"wp","href":"https:\/\/api.w.org\/{rel}","templated":true}]}}