{"id":61996,"date":"2024-09-19T17:03:10","date_gmt":"2024-09-19T15:03:10","guid":{"rendered":"https:\/\/plantbezorgd.nl\/?post_type=product&#038;p=61996"},"modified":"2026-04-19T11:48:14","modified_gmt":"2026-04-19T09:48:14","slug":"erica-carn-winter-damen-rosa-pink-winter-heather-4","status":"publish","type":"product","link":"https:\/\/plantbezorgd.nl\/de\/product\/alle-tuinplanten\/erica-carn-winter-ladies-rosa-roze-winterheide\/","title":{"rendered":"Erica carn. 'Winterfrauen Rosa' - Rosa Winterheide"},"content":{"rendered":"<p>Diese winterharte Erica-Serie zeichnet sich durch ihren kr\u00e4ftigen, aufrechten Wuchs aus. Die Serie zeichnet sich durch sehr leuchtende Bl\u00fctenfarben in Violett, Rot, Wei\u00df und Rosa und eine auffallend dichte Knospung aus. Erica carn. 'Winter Ladies Rosa' bl\u00fcht in den Wintermonaten in rosa Bl\u00fctenfarben.<\/p>","protected":false},"excerpt":{"rendered":"<p>Diese winterharte Erica-Serie zeichnet sich durch ihren kr\u00e4ftigen, aufrechten Wuchs aus. Die Serie zeichnet sich durch sehr leuchtende Bl\u00fctenfarben in Violett, Rot, Wei\u00df und Rosa und eine auffallend dichte Knospung aus. Erica carn. 'Winter Ladies Rosa' bl\u00fcht in den Wintermonaten in rosa Bl\u00fctenfarben.<\/p>","protected":false},"featured_media":78846,"comment_status":"open","ping_status":"closed","template":"","meta":{"_acf_changed":false,"iawp_total_views":294},"product_brand":[],"product_cat":[316,236,238,262],"product_tag":[439,1587,435,433],"class_list":{"0":"post-61996","1":"product","2":"type-product","3":"status-publish","4":"has-post-thumbnail","6":"product_cat-alle-categorieen","7":"product_cat-alle-tuinplanten","8":"product_cat-bodembedekkers","9":"product_cat-heideplanten","10":"product_tag-alle","11":"product_tag-local","12":"product_tag-rest","13":"product_tag-tuin","14":"pa_aantal-per-m2-533","15":"pa_grondsoort-licht-zuur-tot-neutrale-grond-waterdoorlatend","16":"pa_volgroeide-hoogte-in-cm-725","17":"pa_wintergroen-bladhoudend-ja","18":"pa_winterhardheid-meerjarig-goed","20":"first","21":"instock","22":"taxable","23":"shipping-taxable","24":"purchasable","25":"product-type-simple"},"acf":[],"gallery_images":[1092],"yoast_head":"<!-- This site is optimized with the Yoast SEO plugin v25.3 - https:\/\/yoast.com\/wordpress\/plugins\/seo\/ -->\n<title>Erica carn. &#039;Winter ladies Rosa&#039; - Roze winterheide Online Kopen - PlantBezorgd<\/title>\n<meta name=\"description\" content=\"Op zoek naar de Erica carn. &#039;Winter ladies Rosa&#039; - Roze winterheide? \u2714 Lage verzendkosten \u2714 Kies je bezorgmoment &amp; locatie \u2714 Groeigarantie!\" \/>\n<meta name=\"robots\" content=\"index, follow, max-snippet:-1, max-image-preview:large, max-video-preview:-1\" \/>\n<link rel=\"canonical\" href=\"https:\/\/plantbezorgd.nl\/de\/produkt\/alle-gartenpflanzen\/erica-carn-winter-damen-rosa-pink-winter-heather-4\/\" \/>\n<meta property=\"og:locale\" content=\"de_DE\" \/>\n<meta property=\"og:type\" content=\"article\" \/>\n<meta property=\"og:title\" content=\"Erica carn. &#039;Winter ladies Rosa&#039; - Roze winterheide Online Kopen - PlantBezorgd\" \/>\n<meta property=\"og:description\" content=\"Op zoek naar de Erica carn. &#039;Winter ladies Rosa&#039; - Roze winterheide? \u2714 Lage verzendkosten \u2714 Kies je bezorgmoment &amp; locatie \u2714 Groeigarantie!\" \/>\n<meta property=\"og:url\" content=\"https:\/\/plantbezorgd.nl\/de\/produkt\/alle-gartenpflanzen\/erica-carn-winter-damen-rosa-pink-winter-heather-4\/\" \/>\n<meta property=\"og:site_name\" content=\"PlantBezorgd\" \/>\n<meta property=\"article:modified_time\" content=\"2026-04-19T09:48:14+00:00\" \/>\n<meta property=\"og:image\" content=\"https:\/\/plantbezorgd.nl\/wp-content\/uploads\/2024\/09\/Erica-carn.-Winter-ladies-Rosa-Roze-winterheide-1.jpg\" \/>\n\t<meta property=\"og:image:width\" content=\"1000\" \/>\n\t<meta property=\"og:image:height\" content=\"1204\" \/>\n\t<meta property=\"og:image:type\" content=\"image\/jpeg\" \/>\n<meta name=\"twitter:card\" content=\"summary_large_image\" \/>\n<meta name=\"twitter:label1\" content=\"Gesch\u00e4tzte Lesezeit\" \/>\n\t<meta name=\"twitter:data1\" content=\"1\u00a0Minute\" \/>\n<script type=\"application\/ld+json\" class=\"yoast-schema-graph\">{\"@context\":\"https:\/\/schema.org\",\"@graph\":[{\"@type\":\"WebPage\",\"@id\":\"https:\/\/plantbezorgd.nl\/product\/alle-tuinplanten\/erica-carn-winter-ladies-rosa-roze-winterheide\/\",\"url\":\"https:\/\/plantbezorgd.nl\/product\/alle-tuinplanten\/erica-carn-winter-ladies-rosa-roze-winterheide\/\",\"name\":\"Erica carn. 'Winter ladies Rosa' - Roze winterheide Online Kopen - PlantBezorgd\",\"isPartOf\":{\"@id\":\"https:\/\/plantbezorgd.nl\/#website\"},\"primaryImageOfPage\":{\"@id\":\"https:\/\/plantbezorgd.nl\/product\/alle-tuinplanten\/erica-carn-winter-ladies-rosa-roze-winterheide\/#primaryimage\"},\"image\":{\"@id\":\"https:\/\/plantbezorgd.nl\/product\/alle-tuinplanten\/erica-carn-winter-ladies-rosa-roze-winterheide\/#primaryimage\"},\"thumbnailUrl\":\"https:\/\/plantbezorgd.nl\/wp-content\/uploads\/2024\/09\/Erica-carn.-Winter-ladies-Rosa-Roze-winterheide-1.jpg\",\"datePublished\":\"2024-09-19T15:03:10+00:00\",\"dateModified\":\"2026-04-19T09:48:14+00:00\",\"description\":\"Op zoek naar de Erica carn. 'Winter ladies Rosa' - Roze winterheide? \u2714 Lage verzendkosten \u2714 Kies je bezorgmoment & locatie \u2714 Groeigarantie!\",\"breadcrumb\":{\"@id\":\"https:\/\/plantbezorgd.nl\/product\/alle-tuinplanten\/erica-carn-winter-ladies-rosa-roze-winterheide\/#breadcrumb\"},\"inLanguage\":\"de\",\"potentialAction\":[{\"@type\":\"ReadAction\",\"target\":[\"https:\/\/plantbezorgd.nl\/product\/alle-tuinplanten\/erica-carn-winter-ladies-rosa-roze-winterheide\/\"]}]},{\"@type\":\"ImageObject\",\"inLanguage\":\"de\",\"@id\":\"https:\/\/plantbezorgd.nl\/product\/alle-tuinplanten\/erica-carn-winter-ladies-rosa-roze-winterheide\/#primaryimage\",\"url\":\"https:\/\/plantbezorgd.nl\/wp-content\/uploads\/2024\/09\/Erica-carn.-Winter-ladies-Rosa-Roze-winterheide-1.jpg\",\"contentUrl\":\"https:\/\/plantbezorgd.nl\/wp-content\/uploads\/2024\/09\/Erica-carn.-Winter-ladies-Rosa-Roze-winterheide-1.jpg\",\"width\":1000,\"height\":1204},{\"@type\":\"BreadcrumbList\",\"@id\":\"https:\/\/plantbezorgd.nl\/product\/alle-tuinplanten\/erica-carn-winter-ladies-rosa-roze-winterheide\/#breadcrumb\",\"itemListElement\":[{\"@type\":\"ListItem\",\"position\":1,\"name\":\"Shop\",\"item\":\"https:\/\/plantbezorgd.nl\/shop\/\"},{\"@type\":\"ListItem\",\"position\":2,\"name\":\"Heideplanten\",\"item\":\"https:\/\/plantbezorgd.nl\/product-categorie\/heideplanten\/\"},{\"@type\":\"ListItem\",\"position\":3,\"name\":\"Erica carn. &#8216;Winter ladies Rosa&#8217; &#8211; Roze winterheide\"}]},{\"@type\":\"WebSite\",\"@id\":\"https:\/\/plantbezorgd.nl\/#website\",\"url\":\"https:\/\/plantbezorgd.nl\/\",\"name\":\"PlantBezorgd\",\"description\":\"Betaalbare kwaliteitsplanten thuisbezorgd!\",\"publisher\":{\"@id\":\"https:\/\/plantbezorgd.nl\/#organization\"},\"potentialAction\":[{\"@type\":\"SearchAction\",\"target\":{\"@type\":\"EntryPoint\",\"urlTemplate\":\"https:\/\/plantbezorgd.nl\/?s={search_term_string}\"},\"query-input\":{\"@type\":\"PropertyValueSpecification\",\"valueRequired\":true,\"valueName\":\"search_term_string\"}}],\"inLanguage\":\"de\"},{\"@type\":\"Organization\",\"@id\":\"https:\/\/plantbezorgd.nl\/#organization\",\"name\":\"PlantBezorgd\",\"url\":\"https:\/\/plantbezorgd.nl\/\",\"logo\":{\"@type\":\"ImageObject\",\"inLanguage\":\"de\",\"@id\":\"https:\/\/plantbezorgd.nl\/#\/schema\/logo\/image\/\",\"url\":\"https:\/\/plantbezorgd.nl\/wp-content\/uploads\/2023\/05\/Logo.svg\",\"contentUrl\":\"https:\/\/plantbezorgd.nl\/wp-content\/uploads\/2023\/05\/Logo.svg\",\"caption\":\"PlantBezorgd\"},\"image\":{\"@id\":\"https:\/\/plantbezorgd.nl\/#\/schema\/logo\/image\/\"}}]}<\/script>\n<!-- \/ Yoast SEO plugin. -->","yoast_head_json":{"title":"Erica carn. 'Winterladies Rosa' - Rosa Winterheide online kaufen - PlantBezorgd","description":"Suchen Sie die Erica carn. 'Winter Ladies Rosa' - Rosa Winterheide? \u2714 Niedrige Versandkosten \u2714 W\u00e4hlen Sie Ihren Liefertermin und -ort \u2714 Wachstumsgarantie!","robots":{"index":"index","follow":"follow","max-snippet":"max-snippet:-1","max-image-preview":"max-image-preview:large","max-video-preview":"max-video-preview:-1"},"canonical":"https:\/\/plantbezorgd.nl\/de\/produkt\/alle-gartenpflanzen\/erica-carn-winter-damen-rosa-pink-winter-heather-4\/","og_locale":"de_DE","og_type":"article","og_title":"Erica carn. 'Winter ladies Rosa' - Roze winterheide Online Kopen - PlantBezorgd","og_description":"Op zoek naar de Erica carn. 'Winter ladies Rosa' - Roze winterheide? \u2714 Lage verzendkosten \u2714 Kies je bezorgmoment & locatie \u2714 Groeigarantie!","og_url":"https:\/\/plantbezorgd.nl\/de\/produkt\/alle-gartenpflanzen\/erica-carn-winter-damen-rosa-pink-winter-heather-4\/","og_site_name":"PlantBezorgd","article_modified_time":"2026-04-19T09:48:14+00:00","og_image":[{"width":1000,"height":1204,"url":"https:\/\/plantbezorgd.nl\/wp-content\/uploads\/2024\/09\/Erica-carn.-Winter-ladies-Rosa-Roze-winterheide-1.jpg","type":"image\/jpeg"}],"twitter_card":"summary_large_image","twitter_misc":{"Gesch\u00e4tzte Lesezeit":"1\u00a0Minute"},"schema":{"@context":"https:\/\/schema.org","@graph":[{"@type":"WebPage","@id":"https:\/\/plantbezorgd.nl\/product\/alle-tuinplanten\/erica-carn-winter-ladies-rosa-roze-winterheide\/","url":"https:\/\/plantbezorgd.nl\/product\/alle-tuinplanten\/erica-carn-winter-ladies-rosa-roze-winterheide\/","name":"Erica carn. 'Winterladies Rosa' - Rosa Winterheide online kaufen - PlantBezorgd","isPartOf":{"@id":"https:\/\/plantbezorgd.nl\/#website"},"primaryImageOfPage":{"@id":"https:\/\/plantbezorgd.nl\/product\/alle-tuinplanten\/erica-carn-winter-ladies-rosa-roze-winterheide\/#primaryimage"},"image":{"@id":"https:\/\/plantbezorgd.nl\/product\/alle-tuinplanten\/erica-carn-winter-ladies-rosa-roze-winterheide\/#primaryimage"},"thumbnailUrl":"https:\/\/plantbezorgd.nl\/wp-content\/uploads\/2024\/09\/Erica-carn.-Winter-ladies-Rosa-Roze-winterheide-1.jpg","datePublished":"2024-09-19T15:03:10+00:00","dateModified":"2026-04-19T09:48:14+00:00","description":"Suchen Sie die Erica carn. 'Winter Ladies Rosa' - Rosa Winterheide? \u2714 Niedrige Versandkosten \u2714 W\u00e4hlen Sie Ihren Liefertermin und -ort \u2714 Wachstumsgarantie!","breadcrumb":{"@id":"https:\/\/plantbezorgd.nl\/product\/alle-tuinplanten\/erica-carn-winter-ladies-rosa-roze-winterheide\/#breadcrumb"},"inLanguage":"de","potentialAction":[{"@type":"ReadAction","target":["https:\/\/plantbezorgd.nl\/product\/alle-tuinplanten\/erica-carn-winter-ladies-rosa-roze-winterheide\/"]}]},{"@type":"ImageObject","inLanguage":"de","@id":"https:\/\/plantbezorgd.nl\/product\/alle-tuinplanten\/erica-carn-winter-ladies-rosa-roze-winterheide\/#primaryimage","url":"https:\/\/plantbezorgd.nl\/wp-content\/uploads\/2024\/09\/Erica-carn.-Winter-ladies-Rosa-Roze-winterheide-1.jpg","contentUrl":"https:\/\/plantbezorgd.nl\/wp-content\/uploads\/2024\/09\/Erica-carn.-Winter-ladies-Rosa-Roze-winterheide-1.jpg","width":1000,"height":1204},{"@type":"BreadcrumbList","@id":"https:\/\/plantbezorgd.nl\/product\/alle-tuinplanten\/erica-carn-winter-ladies-rosa-roze-winterheide\/#breadcrumb","itemListElement":[{"@type":"ListItem","position":1,"name":"Shop","item":"https:\/\/plantbezorgd.nl\/shop\/"},{"@type":"ListItem","position":2,"name":"Heideplanten","item":"https:\/\/plantbezorgd.nl\/product-categorie\/heideplanten\/"},{"@type":"ListItem","position":3,"name":"Erica carn. &#8216;Winter ladies Rosa&#8217; &#8211; Roze winterheide"}]},{"@type":"WebSite","@id":"https:\/\/plantbezorgd.nl\/#website","url":"https:\/\/plantbezorgd.nl\/","name":"PflanzenGeliefert","description":"Erschwingliche Qualit\u00e4tspflanzen direkt zu Ihnen nach Hause geliefert!","publisher":{"@id":"https:\/\/plantbezorgd.nl\/#organization"},"potentialAction":[{"@type":"SearchAction","target":{"@type":"EntryPoint","urlTemplate":"https:\/\/plantbezorgd.nl\/?s={search_term_string}"},"query-input":{"@type":"PropertyValueSpecification","valueRequired":true,"valueName":"search_term_string"}}],"inLanguage":"de"},{"@type":"Organization","@id":"https:\/\/plantbezorgd.nl\/#organization","name":"PflanzenGeliefert","url":"https:\/\/plantbezorgd.nl\/","logo":{"@type":"ImageObject","inLanguage":"de","@id":"https:\/\/plantbezorgd.nl\/#\/schema\/logo\/image\/","url":"https:\/\/plantbezorgd.nl\/wp-content\/uploads\/2023\/05\/Logo.svg","contentUrl":"https:\/\/plantbezorgd.nl\/wp-content\/uploads\/2023\/05\/Logo.svg","caption":"PlantBezorgd"},"image":{"@id":"https:\/\/plantbezorgd.nl\/#\/schema\/logo\/image\/"}}]}},"_links":{"self":[{"href":"https:\/\/plantbezorgd.nl\/de\/wp-json\/wp\/v2\/product\/61996","targetHints":{"allow":["GET"]}}],"collection":[{"href":"https:\/\/plantbezorgd.nl\/de\/wp-json\/wp\/v2\/product"}],"about":[{"href":"https:\/\/plantbezorgd.nl\/de\/wp-json\/wp\/v2\/types\/product"}],"replies":[{"embeddable":true,"href":"https:\/\/plantbezorgd.nl\/de\/wp-json\/wp\/v2\/comments?post=61996"}],"wp:featuredmedia":[{"embeddable":true,"href":"https:\/\/plantbezorgd.nl\/de\/wp-json\/wp\/v2\/media\/78846"}],"wp:attachment":[{"href":"https:\/\/plantbezorgd.nl\/de\/wp-json\/wp\/v2\/media?parent=61996"}],"wp:term":[{"taxonomy":"product_brand","embeddable":true,"href":"https:\/\/plantbezorgd.nl\/de\/wp-json\/wp\/v2\/product_brand?post=61996"},{"taxonomy":"product_cat","embeddable":true,"href":"https:\/\/plantbezorgd.nl\/de\/wp-json\/wp\/v2\/product_cat?post=61996"},{"taxonomy":"product_tag","embeddable":true,"href":"https:\/\/plantbezorgd.nl\/de\/wp-json\/wp\/v2\/product_tag?post=61996"}],"curies":[{"name":"wp","href":"https:\/\/api.w.org\/{rel}","templated":true}]}}