{"id":6107,"date":"2023-04-18T19:54:51","date_gmt":"2023-04-18T17:54:51","guid":{"rendered":"https:\/\/plantbezorgd.s01.klik3.dev\/product\/uncategorized\/euonymus-fortunei-blondy-kardinaalsmuts\/"},"modified":"2026-03-26T20:48:27","modified_gmt":"2026-03-26T19:48:27","slug":"euonymus-fortunei-blondkernbeiser","status":"publish","type":"product","link":"https:\/\/plantbezorgd.nl\/de\/produkt\/stauden-2\/euonymus-fortunei-blondkernbeiser\/","title":{"rendered":"Euonymus fortunei &#039;Blondy&#039; \u2013 Kardinalshut"},"content":{"rendered":"<p>Euonymus fortunei &#039;Blondy&#039; ist ein immergr\u00fcner Spindelstrauch mit auff\u00e4llig panaschiertem Laub: Jedes Blatt hat eine gro\u00dfe, leuchtend gelbe Mitte, die von einem dunkelgr\u00fcnen Rand umgeben ist. Das Ergebnis ist ein kompakter, farbenfroher Strauch, der dem Garten das ganze Jahr \u00fcber Licht und W\u00e4rme verleiht. Mit einer H\u00f6he von etwa 50 cm ist &#039;Blondy&#039; ein vielseitiger Zwergstrauch, der sich gleicherma\u00dfen gut als Bodendecker, als Vordergrundpflanze im Beet, im Topf oder als niedrige Hecke eignet.<\/p>\n<p>Euonymus fortunei z\u00e4hlt dank seiner Vielseitigkeit, Winterh\u00e4rte und der gro\u00dfen Auswahl an panaschierten Sorten zu den beliebtesten immergr\u00fcnen Gartenpflanzen. Die Sorte \u201eBlondy\u201c unterscheidet sich von der bekannten Sorte \u201eEmerald &#039;n Gold\u201c durch ein anderes Blattmuster: W\u00e4hrend \u201eEmerald &#039;n Gold\u201c gelbe Blattr\u00e4nder mit gr\u00fcner Mitte aufweist, ist es bei \u201eBlondy\u201c umgekehrt. Dieses umgekehrte Muster verleiht \u201eBlondy\u201c ein helleres, markanteres Aussehen, da das Gelb in der Mitte jedes Blattes dominiert.<\/p>\n<p><strong>Was macht den Euonymus Blondy so besonders?<\/strong><\/p>\n<p>Das markanteste Merkmal der Sorte \u201eBlondy\u201c ist ihr im Vergleich zu den meisten panaschierten Euonymus-Sorten umgekehrtes Farbmuster. Die breite, leuchtend gelbe Zone in der Mitte bedeckt den gr\u00f6\u00dften Teil des Blattes, sodass die Pflanze aus der Ferne fast vollst\u00e4ndig gelb erscheint, mit nur einem schmalen gr\u00fcnen Rand. Dadurch wirkt \u201eBlondy\u201c heller und sonniger als Sorten mit gelben R\u00e4ndern. Dank ihres immergr\u00fcnen Charakters bleibt diese farbenfrohe Erscheinung das ganze Jahr \u00fcber erhalten.<\/p>\n<p><strong>Stand und Boden<\/strong><\/p>\n<p>Euonymus Blondy gedeiht gut an sonnigen bis halbschattigen Standorten. Die panaschierte Blattzeichnung kommt in voller Sonne am besten zur Geltung. Im Schatten kann die gelbe Farbe verblassen und gr\u00fcner werden. Die Pflanze ist anspruchslos bez\u00fcglich des Bodens und w\u00e4chst in allen g\u00e4ngigen, gut durchl\u00e4ssigen B\u00f6den.<\/p>\n<p><strong>Bew\u00e4sserung und Pflege<\/strong><\/p>\n<p>Die Blondy hat einen durchschnittlichen Wasserbedarf. Bei l\u00e4ngerer Trockenheit sollte sie zus\u00e4tzlich gegossen werden, insbesondere wenn sie in T\u00f6pfen steht. Im Fr\u00fchjahr kann sie leicht mit einem organischen D\u00fcnger ged\u00fcngt werden. Die Pflanze ist anspruchslos und ben\u00f6tigt kaum besondere Pflege.<\/p>\n<p><strong>Baumschnitt und Pflege<\/strong><\/p>\n<p>Euonymus Blondy kann leicht zur\u00fcckgeschnitten werden, um eine kompakte Form zu erhalten. Der Schnitt erfolgt vorzugsweise im sp\u00e4ten Fr\u00fchjahr. Die Pflanze vertr\u00e4gt den R\u00fcckschnitt gut und treibt schnell wieder aus. Entfernen Sie alle vollst\u00e4ndig gr\u00fcnen Seitentriebe (Reversionen), da diese schneller wachsen als die panaschierten Zweige und die Pflanze dominieren k\u00f6nnen.<\/p>\n<p><strong>Widerstandsf\u00e4higkeit<\/strong><\/p>\n<p>Der Euonymus Blondy ist immergr\u00fcn und im niederl\u00e4ndischen Klima sehr winterhart. Die Pflanze beh\u00e4lt ihr farbenfrohes Laub das ganze Jahr \u00fcber. In strengen Wintern kann es zu leichten Blattverf\u00e4rbungen kommen, manchmal mit rosa Farbt\u00f6nen, die der Pflanze zus\u00e4tzlichen Zierwert verleihen. Ein zus\u00e4tzlicher Winterschutz ist in den meisten F\u00e4llen nicht erforderlich.<\/p>\n<p><strong>Verwendung im Garten<\/strong><\/p>\n<p>Die vielseitige Sorte &#039;Blondy&#039; eignet sich als immergr\u00fcner Bodendecker, als Vordergrundpflanze im Beet, als Solit\u00e4rpflanze im Topf, als niedrige Hecke oder als Farbtupfer in schattigen Bereichen. Das gelbe Blattmuster bringt Licht in dunkle Ecken. Pflanzen Sie &#039;Blondy&#039; neben &#039;Emerald &#039;n Gold&#039;, um einen dezenten Unterschied im Blattmuster zu erkennen: gelbe Mitte (&#039;Blondy&#039;) versus gelber Rand (&#039;Emerald &#039;n Gold&#039;).<\/p>\n<p><strong>Verf\u00fcgbare Gr\u00f6\u00dfen und Wachstumsmerkmale<\/strong><\/p>\n<p>Der Euonymus fortunei &#039;Blondy&#039; ist im kompakten Topf erh\u00e4ltlich. Die Pflanze erreicht eine H\u00f6he von ca. 50 cm. Die Bl\u00e4tter haben eine leuchtend gelbe Mitte und einen dunkelgr\u00fcnen Rand. Immergr\u00fcn und sehr winterhart.<\/p>\n<p><strong>H\u00e4ufig gestellte Fragen<\/strong><\/p>\n<ul>\n<li><em>Worin besteht der Unterschied zwischen dem Blondy und dem Emerald &#039;n Gold?<\/em><br \/>Die Sorte \u201eBlondy\u201c hat gelbe Blattmitte und einen gr\u00fcnen Rand. Die Sorte \u201eEmerald &#039;n Gold\u201c hingegen hat gelbe Blattr\u00e4nder und eine gr\u00fcne Mitte. Dadurch wirkt die \u201eBlondy\u201c heller und sonniger. Beide Sorten erreichen eine H\u00f6he von etwa 50 cm und sind immergr\u00fcn.<\/li>\n<li><em>Ist die Blondie immergr\u00fcn?<\/em><br \/>Ja, die Pflanze beh\u00e4lt ihr farbenfrohes, panaschiertes Laub das ganze Jahr \u00fcber, sogar im Winter.<\/li>\n<li><em>Was sind gr\u00fcne R\u00fccksetztriebe?<\/em><br \/>Manchmal bilden panaschierte Euonymus-Pflanzen komplett gr\u00fcne Triebe (Reversion). Diese sollten entfernt werden, da sie schneller wachsen als die panaschierten Teile und die Pflanze \u00fcberwuchern k\u00f6nnen.<\/li>\n<li><em>Kann die Blondine im Schatten sitzen?<\/em><br \/>Die Pflanze gedeiht auch im Halbschatten, doch die gelbe Blattfarbe kommt in voller Sonne am sch\u00f6nsten zur Geltung. Bei zu viel Schatten verblasst das panaschierte Muster.<\/li>\n<li><em>Ist der Euonymus Blondy winterhart?<\/em><br \/>Ja, im niederl\u00e4ndischen Klima ist sie sehr winterhart. In strengen Wintern kommt es manchmal sogar zu einer rosa Blattverf\u00e4rbung \u2013 ein zus\u00e4tzlicher winterlicher Vorteil.<\/li>\n<\/ul>\n<p>Euonymus fortunei &#039;Blondy&#039; ist ein immergr\u00fcner Spindelstrauch, der mit seinen leuchtend gelben Blattmitten und seinem kompakten Wuchs das ganze Jahr \u00fcber wie ein Sonnenstrahl im Garten wirkt. Leicht, farbenfroh und unverw\u00fcstlich: Der &#039;Blondy&#039; beweist, dass immergr\u00fcne Pflanzen alles andere als langweilig sein m\u00fcssen.<\/p>","protected":false},"excerpt":{"rendered":"<p>De Euonymus fortunei &#8216;Blondy&#8217; is een wintergroene kardinaalsmuts met opvallend bont blad: elk blad heeft een grote, helder gele middenzone omgeven door een donkergroene rand. Het resultaat is een compacte, kleurrijke struik die het hele jaar door licht en warmte brengt in de tuin. Met een hoogte van circa 50 cm is de Blondy een [&hellip;]<\/p>","protected":false},"featured_media":6108,"comment_status":"open","ping_status":"closed","template":"","meta":{"_acf_changed":false,"iawp_total_views":243},"product_brand":[],"product_cat":[316,236,238,330,243,239,366,235],"product_tag":[439,1587,435,433],"class_list":{"0":"post-6107","1":"product","2":"type-product","3":"status-publish","4":"has-post-thumbnail","6":"product_cat-alle-categorieen","7":"product_cat-alle-tuinplanten","8":"product_cat-bodembedekkers","9":"product_cat-euonymus-kardinaalsmuts","10":"product_cat-haagplanten","11":"product_cat-overige-haagplanten","12":"product_cat-plantipp","13":"product_cat-vaste-planten","14":"product_tag-alle","15":"product_tag-local","16":"product_tag-rest","17":"product_tag-tuin","18":"pa_aantal-per-m2-533","19":"pa_grondsoort-alle-grondsoorten-waterdoorlatend","20":"pa_volgroeide-hoogte-in-cm-727","21":"pa_wintergroen-bladhoudend-ja","22":"pa_winterhardheid-meerjarig-goed","24":"first","25":"instock","26":"taxable","27":"shipping-taxable","28":"purchasable","29":"product-type-variable","30":"has-default-attributes"},"acf":[],"gallery_images":[6109,6110,1092],"yoast_head":"<!-- This site is optimized with the Yoast SEO plugin v25.3 - https:\/\/yoast.com\/wordpress\/plugins\/seo\/ -->\n<title>Euonymus fortunei &#039;Blondy&#039; - Kardinaalsmuts Online Kopen - PlantBezorgd<\/title>\n<meta name=\"description\" content=\"Op zoek naar de Euonymus fortunei &#039;Blondy&#039; - Kardinaalsmuts? \u2714 Lage verzendkosten \u2714 Kies je bezorgmoment &amp; locatie \u2714 Groeigarantie!\" \/>\n<meta name=\"robots\" content=\"index, follow, max-snippet:-1, max-image-preview:large, max-video-preview:-1\" \/>\n<link rel=\"canonical\" href=\"https:\/\/plantbezorgd.nl\/de\/produkt\/stauden-2\/euonymus-fortunei-blondkernbeiser\/\" \/>\n<meta property=\"og:locale\" content=\"de_DE\" \/>\n<meta property=\"og:type\" content=\"article\" \/>\n<meta property=\"og:title\" content=\"Euonymus fortunei &#039;Blondy&#039; - Kardinaalsmuts Online Kopen - PlantBezorgd\" \/>\n<meta property=\"og:description\" content=\"Op zoek naar de Euonymus fortunei &#039;Blondy&#039; - Kardinaalsmuts? \u2714 Lage verzendkosten \u2714 Kies je bezorgmoment &amp; locatie \u2714 Groeigarantie!\" \/>\n<meta property=\"og:url\" content=\"https:\/\/plantbezorgd.nl\/de\/produkt\/stauden-2\/euonymus-fortunei-blondkernbeiser\/\" \/>\n<meta property=\"og:site_name\" content=\"PlantBezorgd\" \/>\n<meta property=\"article:modified_time\" content=\"2026-03-26T19:48:27+00:00\" \/>\n<meta property=\"og:image\" content=\"https:\/\/plantbezorgd.nl\/wp-content\/uploads\/2023\/06\/Euonymus-fortunei-Blondy-Kardinaalsmuts.jpg\" \/>\n\t<meta property=\"og:image:width\" content=\"1155\" \/>\n\t<meta property=\"og:image:height\" content=\"924\" \/>\n\t<meta property=\"og:image:type\" content=\"image\/jpeg\" \/>\n<meta name=\"twitter:card\" content=\"summary_large_image\" \/>\n<meta name=\"twitter:label1\" content=\"Gesch\u00e4tzte Lesezeit\" \/>\n\t<meta name=\"twitter:data1\" content=\"1\u00a0Minute\" \/>\n<script type=\"application\/ld+json\" class=\"yoast-schema-graph\">{\"@context\":\"https:\/\/schema.org\",\"@graph\":[{\"@type\":\"WebPage\",\"@id\":\"https:\/\/plantbezorgd.nl\/product\/vaste-planten\/euonymus-fortunei-blondy-kardinaalsmuts\/\",\"url\":\"https:\/\/plantbezorgd.nl\/product\/vaste-planten\/euonymus-fortunei-blondy-kardinaalsmuts\/\",\"name\":\"Euonymus fortunei 'Blondy' - Kardinaalsmuts Online Kopen - PlantBezorgd\",\"isPartOf\":{\"@id\":\"https:\/\/plantbezorgd.nl\/#website\"},\"primaryImageOfPage\":{\"@id\":\"https:\/\/plantbezorgd.nl\/product\/vaste-planten\/euonymus-fortunei-blondy-kardinaalsmuts\/#primaryimage\"},\"image\":{\"@id\":\"https:\/\/plantbezorgd.nl\/product\/vaste-planten\/euonymus-fortunei-blondy-kardinaalsmuts\/#primaryimage\"},\"thumbnailUrl\":\"https:\/\/plantbezorgd.nl\/wp-content\/uploads\/2023\/06\/Euonymus-fortunei-Blondy-Kardinaalsmuts.jpg\",\"datePublished\":\"2023-04-18T17:54:51+00:00\",\"dateModified\":\"2026-03-26T19:48:27+00:00\",\"description\":\"Op zoek naar de Euonymus fortunei 'Blondy' - Kardinaalsmuts? \u2714 Lage verzendkosten \u2714 Kies je bezorgmoment & locatie \u2714 Groeigarantie!\",\"breadcrumb\":{\"@id\":\"https:\/\/plantbezorgd.nl\/product\/vaste-planten\/euonymus-fortunei-blondy-kardinaalsmuts\/#breadcrumb\"},\"inLanguage\":\"de\",\"potentialAction\":[{\"@type\":\"ReadAction\",\"target\":[\"https:\/\/plantbezorgd.nl\/product\/vaste-planten\/euonymus-fortunei-blondy-kardinaalsmuts\/\"]}]},{\"@type\":\"ImageObject\",\"inLanguage\":\"de\",\"@id\":\"https:\/\/plantbezorgd.nl\/product\/vaste-planten\/euonymus-fortunei-blondy-kardinaalsmuts\/#primaryimage\",\"url\":\"https:\/\/plantbezorgd.nl\/wp-content\/uploads\/2023\/06\/Euonymus-fortunei-Blondy-Kardinaalsmuts.jpg\",\"contentUrl\":\"https:\/\/plantbezorgd.nl\/wp-content\/uploads\/2023\/06\/Euonymus-fortunei-Blondy-Kardinaalsmuts.jpg\",\"width\":1155,\"height\":924},{\"@type\":\"BreadcrumbList\",\"@id\":\"https:\/\/plantbezorgd.nl\/product\/vaste-planten\/euonymus-fortunei-blondy-kardinaalsmuts\/#breadcrumb\",\"itemListElement\":[{\"@type\":\"ListItem\",\"position\":1,\"name\":\"Shop\",\"item\":\"https:\/\/plantbezorgd.nl\/shop\/\"},{\"@type\":\"ListItem\",\"position\":2,\"name\":\"Euonymus \/ Kardinaalsmuts\",\"item\":\"https:\/\/plantbezorgd.nl\/product-categorie\/euonymus-kardinaalsmuts\/\"},{\"@type\":\"ListItem\",\"position\":3,\"name\":\"Euonymus fortunei &#8216;Blondy&#8217; &#8211; Kardinaalsmuts\"}]},{\"@type\":\"WebSite\",\"@id\":\"https:\/\/plantbezorgd.nl\/#website\",\"url\":\"https:\/\/plantbezorgd.nl\/\",\"name\":\"PlantBezorgd\",\"description\":\"Betaalbare kwaliteitsplanten thuisbezorgd!\",\"publisher\":{\"@id\":\"https:\/\/plantbezorgd.nl\/#organization\"},\"potentialAction\":[{\"@type\":\"SearchAction\",\"target\":{\"@type\":\"EntryPoint\",\"urlTemplate\":\"https:\/\/plantbezorgd.nl\/?s={search_term_string}\"},\"query-input\":{\"@type\":\"PropertyValueSpecification\",\"valueRequired\":true,\"valueName\":\"search_term_string\"}}],\"inLanguage\":\"de\"},{\"@type\":\"Organization\",\"@id\":\"https:\/\/plantbezorgd.nl\/#organization\",\"name\":\"PlantBezorgd\",\"url\":\"https:\/\/plantbezorgd.nl\/\",\"logo\":{\"@type\":\"ImageObject\",\"inLanguage\":\"de\",\"@id\":\"https:\/\/plantbezorgd.nl\/#\/schema\/logo\/image\/\",\"url\":\"https:\/\/plantbezorgd.nl\/wp-content\/uploads\/2023\/05\/Logo.svg\",\"contentUrl\":\"https:\/\/plantbezorgd.nl\/wp-content\/uploads\/2023\/05\/Logo.svg\",\"caption\":\"PlantBezorgd\"},\"image\":{\"@id\":\"https:\/\/plantbezorgd.nl\/#\/schema\/logo\/image\/\"}}]}<\/script>\n<!-- \/ Yoast SEO plugin. -->","yoast_head_json":{"title":"Euonymus Fortunei &#039;Blondy&#039; - Cardinal&#039;s Hat online kaufen - PlantBezorgd","description":"Suchen Sie nach Euonymus fortunei &#039;Blondy&#039; - Spindelstrauch? \u2714 Niedrige Versandkosten \u2714 Lieferzeit und -ort frei w\u00e4hlbar \u2714 Wachstumsgarantie!","robots":{"index":"index","follow":"follow","max-snippet":"max-snippet:-1","max-image-preview":"max-image-preview:large","max-video-preview":"max-video-preview:-1"},"canonical":"https:\/\/plantbezorgd.nl\/de\/produkt\/stauden-2\/euonymus-fortunei-blondkernbeiser\/","og_locale":"de_DE","og_type":"article","og_title":"Euonymus fortunei 'Blondy' - Kardinaalsmuts Online Kopen - PlantBezorgd","og_description":"Op zoek naar de Euonymus fortunei 'Blondy' - Kardinaalsmuts? \u2714 Lage verzendkosten \u2714 Kies je bezorgmoment & locatie \u2714 Groeigarantie!","og_url":"https:\/\/plantbezorgd.nl\/de\/produkt\/stauden-2\/euonymus-fortunei-blondkernbeiser\/","og_site_name":"PlantBezorgd","article_modified_time":"2026-03-26T19:48:27+00:00","og_image":[{"width":1155,"height":924,"url":"https:\/\/plantbezorgd.nl\/wp-content\/uploads\/2023\/06\/Euonymus-fortunei-Blondy-Kardinaalsmuts.jpg","type":"image\/jpeg"}],"twitter_card":"summary_large_image","twitter_misc":{"Gesch\u00e4tzte Lesezeit":"1\u00a0Minute"},"schema":{"@context":"https:\/\/schema.org","@graph":[{"@type":"WebPage","@id":"https:\/\/plantbezorgd.nl\/product\/vaste-planten\/euonymus-fortunei-blondy-kardinaalsmuts\/","url":"https:\/\/plantbezorgd.nl\/product\/vaste-planten\/euonymus-fortunei-blondy-kardinaalsmuts\/","name":"Euonymus Fortunei &#039;Blondy&#039; - Cardinal&#039;s Hat online kaufen - PlantBezorgd","isPartOf":{"@id":"https:\/\/plantbezorgd.nl\/#website"},"primaryImageOfPage":{"@id":"https:\/\/plantbezorgd.nl\/product\/vaste-planten\/euonymus-fortunei-blondy-kardinaalsmuts\/#primaryimage"},"image":{"@id":"https:\/\/plantbezorgd.nl\/product\/vaste-planten\/euonymus-fortunei-blondy-kardinaalsmuts\/#primaryimage"},"thumbnailUrl":"https:\/\/plantbezorgd.nl\/wp-content\/uploads\/2023\/06\/Euonymus-fortunei-Blondy-Kardinaalsmuts.jpg","datePublished":"2023-04-18T17:54:51+00:00","dateModified":"2026-03-26T19:48:27+00:00","description":"Suchen Sie nach Euonymus fortunei &#039;Blondy&#039; - Spindelstrauch? \u2714 Niedrige Versandkosten \u2714 Lieferzeit und -ort frei w\u00e4hlbar \u2714 Wachstumsgarantie!","breadcrumb":{"@id":"https:\/\/plantbezorgd.nl\/product\/vaste-planten\/euonymus-fortunei-blondy-kardinaalsmuts\/#breadcrumb"},"inLanguage":"de","potentialAction":[{"@type":"ReadAction","target":["https:\/\/plantbezorgd.nl\/product\/vaste-planten\/euonymus-fortunei-blondy-kardinaalsmuts\/"]}]},{"@type":"ImageObject","inLanguage":"de","@id":"https:\/\/plantbezorgd.nl\/product\/vaste-planten\/euonymus-fortunei-blondy-kardinaalsmuts\/#primaryimage","url":"https:\/\/plantbezorgd.nl\/wp-content\/uploads\/2023\/06\/Euonymus-fortunei-Blondy-Kardinaalsmuts.jpg","contentUrl":"https:\/\/plantbezorgd.nl\/wp-content\/uploads\/2023\/06\/Euonymus-fortunei-Blondy-Kardinaalsmuts.jpg","width":1155,"height":924},{"@type":"BreadcrumbList","@id":"https:\/\/plantbezorgd.nl\/product\/vaste-planten\/euonymus-fortunei-blondy-kardinaalsmuts\/#breadcrumb","itemListElement":[{"@type":"ListItem","position":1,"name":"Shop","item":"https:\/\/plantbezorgd.nl\/shop\/"},{"@type":"ListItem","position":2,"name":"Euonymus \/ Kardinaalsmuts","item":"https:\/\/plantbezorgd.nl\/product-categorie\/euonymus-kardinaalsmuts\/"},{"@type":"ListItem","position":3,"name":"Euonymus fortunei &#8216;Blondy&#8217; &#8211; Kardinaalsmuts"}]},{"@type":"WebSite","@id":"https:\/\/plantbezorgd.nl\/#website","url":"https:\/\/plantbezorgd.nl\/","name":"PflanzenGeliefert","description":"Erschwingliche Qualit\u00e4tspflanzen direkt zu Ihnen nach Hause geliefert!","publisher":{"@id":"https:\/\/plantbezorgd.nl\/#organization"},"potentialAction":[{"@type":"SearchAction","target":{"@type":"EntryPoint","urlTemplate":"https:\/\/plantbezorgd.nl\/?s={search_term_string}"},"query-input":{"@type":"PropertyValueSpecification","valueRequired":true,"valueName":"search_term_string"}}],"inLanguage":"de"},{"@type":"Organization","@id":"https:\/\/plantbezorgd.nl\/#organization","name":"PflanzenGeliefert","url":"https:\/\/plantbezorgd.nl\/","logo":{"@type":"ImageObject","inLanguage":"de","@id":"https:\/\/plantbezorgd.nl\/#\/schema\/logo\/image\/","url":"https:\/\/plantbezorgd.nl\/wp-content\/uploads\/2023\/05\/Logo.svg","contentUrl":"https:\/\/plantbezorgd.nl\/wp-content\/uploads\/2023\/05\/Logo.svg","caption":"PlantBezorgd"},"image":{"@id":"https:\/\/plantbezorgd.nl\/#\/schema\/logo\/image\/"}}]}},"_links":{"self":[{"href":"https:\/\/plantbezorgd.nl\/de\/wp-json\/wp\/v2\/product\/6107","targetHints":{"allow":["GET"]}}],"collection":[{"href":"https:\/\/plantbezorgd.nl\/de\/wp-json\/wp\/v2\/product"}],"about":[{"href":"https:\/\/plantbezorgd.nl\/de\/wp-json\/wp\/v2\/types\/product"}],"replies":[{"embeddable":true,"href":"https:\/\/plantbezorgd.nl\/de\/wp-json\/wp\/v2\/comments?post=6107"}],"wp:featuredmedia":[{"embeddable":true,"href":"https:\/\/plantbezorgd.nl\/de\/wp-json\/wp\/v2\/media\/6108"}],"wp:attachment":[{"href":"https:\/\/plantbezorgd.nl\/de\/wp-json\/wp\/v2\/media?parent=6107"}],"wp:term":[{"taxonomy":"product_brand","embeddable":true,"href":"https:\/\/plantbezorgd.nl\/de\/wp-json\/wp\/v2\/product_brand?post=6107"},{"taxonomy":"product_cat","embeddable":true,"href":"https:\/\/plantbezorgd.nl\/de\/wp-json\/wp\/v2\/product_cat?post=6107"},{"taxonomy":"product_tag","embeddable":true,"href":"https:\/\/plantbezorgd.nl\/de\/wp-json\/wp\/v2\/product_tag?post=6107"}],"curies":[{"name":"wp","href":"https:\/\/api.w.org\/{rel}","templated":true}]}}