{"id":60717,"date":"2024-09-10T15:51:10","date_gmt":"2024-09-10T13:51:10","guid":{"rendered":"https:\/\/plantbezorgd.nl\/?post_type=product&#038;p=60717"},"modified":"2026-04-24T04:39:28","modified_gmt":"2026-04-24T02:39:28","slug":"pokon-buxus-ilex-dunger-1kg-2","status":"publish","type":"product","link":"https:\/\/plantbezorgd.nl\/de\/product\/bemesting\/pokon-buxus-ilex-mest-1kg\/","title":{"rendered":"Culvita Nadelbaum-, Eiben- und Heckend\u00fcnger 1,5 kg"},"content":{"rendered":"<div id=\"2d4e98a7-6772-11e9-a04b-06e8ffddb862\" class=\"template-column col-lg-5 col-md-5 col-sm-5\" data-uuid=\"2d4e98a7-6772-11e9-a04b-06e8ffddb862\">\n<div class=\"inner-column product-detail-middle-wrapper\" data-uuid=\"2d4e98a7-6772-11e9-a04b-06e8ffddb862\">\n<div class=\"container-fluid\">\n<div id=\"2d4ec574-6772-11e9-a04b-06e8ffddb862\" class=\"template-row row\" data-uuid=\"2d4ec574-6772-11e9-a04b-06e8ffddb862\">\n<div id=\"2d4ef150-6772-11e9-a04b-06e8ffddb862\" class=\"template-column col-sm-12\" data-uuid=\"2d4ef150-6772-11e9-a04b-06e8ffddb862\">\n<div class=\"inner-column product-info-wrapper\" data-uuid=\"2d4ef150-6772-11e9-a04b-06e8ffddb862\">\n<div id=\"2d539a9c-6772-11e9-a04b-06e8ffddb862\" class=\"template-component component view text product-detail-content push-20-b\">\n<div class=\"component-view\" data-uuid=\"2d539a9c-6772-11e9-a04b-06e8ffddb862\" data-path=\"2d2f2f58-6772-11e9-a04b-06e8ffddb862.2d2f58f8-6772-11e9-a04b-06e8ffddb862.2d2f8b24-6772-11e9-a04b-06e8ffddb862.2d4e98a7-6772-11e9-a04b-06e8ffddb862.2d4ec574-6772-11e9-a04b-06e8ffddb862.2d4ef150-6772-11e9-a04b-06e8ffddb862.2d539a9c-6772-11e9-a04b-06e8ffddb862\">\n<div class=\"UITextArea element-content\">\n<div class=\"woocommerce-product-details__short-description\">\n<h1 class=\"yellow\">Culvita Bio-Nadelbaumd\u00fcnger<\/h1>\n<p>&nbsp;<\/p>\n<div class=\"summary entry-summary\">\n<div class=\"woocommerce-product-details__short-description\">\n<p>Diese Pflanzen ben\u00f6tigen zus\u00e4tzliches Magnesium. Dieses ist im organischen Culvita Conifer-D\u00fcnger im richtigen Verh\u00e4ltnis enthalten. Dies gew\u00e4hrleistet gesundes Wachstum und eine tiefgr\u00fcne Blattfarbe.<\/p>\n<p>Die zugesetzten Bodenpilze sorgen f\u00fcr eine gesunde Hecke. Dar\u00fcber hinaus tr\u00e4gt die D\u00fcngung dazu bei, dass die Pflanzen ges\u00fcnder und kr\u00e4ftiger bleiben, was eine h\u00f6here Widerstandsf\u00e4higkeit gegen Krankheiten und Sch\u00e4dlinge bedeutet.<\/p>\n<p><strong>Anwenden:<\/strong><br \/>\n1<sup>e<\/sup>\u00a0 D\u00fcngung von M\u00e4rz bis Mitte Juni.<br \/>\n2<sup>e<\/sup>D\u00fcngung von Mitte Juni bis September.<\/p>\n<\/div>\n<\/div>\n<p><strong>Merkmale:\u00a0<\/strong><br \/>\n<em>Organisch-mineralischer Mehrn\u00e4hrstoffd\u00fcnger NPK 6-5-7 (+3)<br \/>\n<\/em><\/p>\n<ul>\n<li>6% Gesamtstickstoff (N), davon 6% organisch gebundener Stickstoff aus Fleisch- und Knochenmehl, Blutmehl, Federmehl und Kakaoschalen<\/li>\n<li>5% Phosphors\u00e4ureanhydrid (P\u2082O\u2085), l\u00f6slich in Minerals\u00e4ure aus Fleisch- und Knochenmehl<\/li>\n<li>7% Kaliumoxid (K2O) l\u00f6slich in Wasser<\/li>\n<li>3% Magnesiumoxid (MgO) l\u00f6slich in Minerals\u00e4ure<\/li>\n<li>45% organische Stoffe, die aus Fleisch- und Knochenmehl, Blutmehl, Federmehl und Kakaoschalen gewonnen werden<\/li>\n<\/ul>\n<p>Enth\u00e4lt tierische Nebenprodukte der Kategorie 2 gem\u00e4\u00df EG-Verordnung Nr. 1069\/2009. Produkt trocken und au\u00dferhalb der Reichweite von Kindern und Haustieren aufbewahren.<\/p>\n<\/div>\n<p>zweimal j\u00e4hrlich, die allgemeine Dosierung betr\u00e4gt 100 Gramm pro m\u00b2.<\/p>\n<ul>\n<li>F\u00fcr kleine Hecken ben\u00f6tigt man etwa 50 Gramm pro Pflanze.<\/li>\n<li>F\u00fcr gro\u00dfe Hecken ben\u00f6tigt man etwa 80 Gramm pro Pflanze.<\/li>\n<li>1,5 kg f\u00fcr ca. 30 Pflanzen.<\/li>\n<li>3 kg f\u00fcr ca. 60 Pflanzen.<\/li>\n<\/ul>\n<p>Bei Neupflanzungen 30 Gramm pro Pflanze bzw. 100 Gramm pro m\u00b2. Bei Pflanzen, die \u00e4lter als 1 Jahr sind, 60 Gramm pro Pflanze bzw. 100 Gramm pro m\u00b2.<\/p>\n<ul>\n<li>Hecken bis zu 120 cm; 60 Gramm pro Meter.<\/li>\n<li>Hecken ab 120 cm; 80 Gramm pro Meter.<\/li>\n<\/ul>\n<p>Tipp: Eiben gedeihen am besten in kalkhaltigem Boden. Verteilen Sie daher im November\/Dezember 1,5 kg Kalk pro 10 m\u00b2 f\u00fcr Eiben. Nadelb\u00e4ume wachsen besser in saurerem Boden; verteilen Sie im November\/Dezember 0,5 kg Kalk pro 10 m\u00b2 als Erhaltungsd\u00fcngung. Verwenden Sie hierf\u00fcr Culvita Kalk.<\/p>\n<\/div>\n<\/div>\n<\/div>\n<\/div>\n<\/div>\n<\/div>\n<\/div>\n<\/div>\n<\/div>","protected":false},"excerpt":{"rendered":"<p>Culvita Organische Coniferen Meststof &nbsp; Deze planten hebben extra magnesium nodig. In de biologische Culvita Coniferen meststof is dit in de juiste verhouding aanwezig. Dit zorgt voor gezonde groei en een diepgroene bladkleur. De toegevoegde bodemschimmels zorgen voor een gezonde\u00a0 haag.\u00a0Tevens zorgt de bemesting ervoor dat de plant gezonder en sterk blijven wat meer weerstand [&hellip;]<\/p>","protected":false},"featured_media":82517,"comment_status":"open","ping_status":"closed","template":"","meta":{"_acf_changed":false,"iawp_total_views":68},"product_brand":[],"product_cat":[316,232,229,243,239],"product_tag":[439,1587,436,435],"class_list":{"0":"post-60717","1":"product","2":"type-product","3":"status-publish","4":"has-post-thumbnail","6":"product_cat-alle-categorieen","7":"product_cat-alle-haagplanten","8":"product_cat-bemesting","9":"product_cat-haagplanten","10":"product_cat-overige-haagplanten","11":"product_tag-alle","12":"product_tag-local","13":"product_tag-nietadverteren","14":"product_tag-rest","16":"first","17":"instock","18":"taxable","19":"shipping-taxable","20":"purchasable","21":"product-type-simple"},"acf":[],"gallery_images":[],"yoast_head":"<!-- This site is optimized with the Yoast SEO plugin v25.3 - https:\/\/yoast.com\/wordpress\/plugins\/seo\/ -->\n<title>Culvita Coniferen, Taxus &amp; Hagen Mest 1,5kg Online Kopen - PlantBezorgd<\/title>\n<meta name=\"description\" content=\"Op zoek naar de Culvita Coniferen, Taxus &amp; Hagen Mest 1,5kg? \u2714 Lage verzendkosten \u2714 Kies je bezorgmoment &amp; locatie \u2714 Groeigarantie!\" \/>\n<meta name=\"robots\" content=\"index, follow, max-snippet:-1, max-image-preview:large, max-video-preview:-1\" \/>\n<link rel=\"canonical\" href=\"https:\/\/plantbezorgd.nl\/de\/produkt\/befruchtung-2\/pokon-buxus-ilex-dunger-1kg-2\/\" \/>\n<meta property=\"og:locale\" content=\"de_DE\" \/>\n<meta property=\"og:type\" content=\"article\" \/>\n<meta property=\"og:title\" content=\"Culvita Coniferen, Taxus &amp; Hagen Mest 1,5kg Online Kopen - PlantBezorgd\" \/>\n<meta property=\"og:description\" content=\"Op zoek naar de Culvita Coniferen, Taxus &amp; Hagen Mest 1,5kg? \u2714 Lage verzendkosten \u2714 Kies je bezorgmoment &amp; locatie \u2714 Groeigarantie!\" \/>\n<meta property=\"og:url\" content=\"https:\/\/plantbezorgd.nl\/de\/produkt\/befruchtung-2\/pokon-buxus-ilex-dunger-1kg-2\/\" \/>\n<meta property=\"og:site_name\" content=\"PlantBezorgd\" \/>\n<meta property=\"article:modified_time\" content=\"2026-04-24T02:39:28+00:00\" \/>\n<meta property=\"og:image\" content=\"https:\/\/plantbezorgd.nl\/wp-content\/uploads\/2024\/09\/Culvita-Coniferen-removebg-1-768x1024-1.png\" \/>\n\t<meta property=\"og:image:width\" content=\"768\" \/>\n\t<meta property=\"og:image:height\" content=\"1024\" \/>\n\t<meta property=\"og:image:type\" content=\"image\/png\" \/>\n<meta name=\"twitter:card\" content=\"summary_large_image\" \/>\n<meta name=\"twitter:label1\" content=\"Gesch\u00e4tzte Lesezeit\" \/>\n\t<meta name=\"twitter:data1\" content=\"2\u00a0Minuten\" \/>\n<script type=\"application\/ld+json\" class=\"yoast-schema-graph\">{\"@context\":\"https:\/\/schema.org\",\"@graph\":[{\"@type\":\"WebPage\",\"@id\":\"https:\/\/plantbezorgd.nl\/product\/bemesting\/pokon-buxus-ilex-mest-1kg\/\",\"url\":\"https:\/\/plantbezorgd.nl\/product\/bemesting\/pokon-buxus-ilex-mest-1kg\/\",\"name\":\"Culvita Coniferen, Taxus & Hagen Mest 1,5kg Online Kopen - PlantBezorgd\",\"isPartOf\":{\"@id\":\"https:\/\/plantbezorgd.nl\/#website\"},\"primaryImageOfPage\":{\"@id\":\"https:\/\/plantbezorgd.nl\/product\/bemesting\/pokon-buxus-ilex-mest-1kg\/#primaryimage\"},\"image\":{\"@id\":\"https:\/\/plantbezorgd.nl\/product\/bemesting\/pokon-buxus-ilex-mest-1kg\/#primaryimage\"},\"thumbnailUrl\":\"https:\/\/plantbezorgd.nl\/wp-content\/uploads\/2024\/09\/Culvita-Coniferen-removebg-1-768x1024-1.png\",\"datePublished\":\"2024-09-10T13:51:10+00:00\",\"dateModified\":\"2026-04-24T02:39:28+00:00\",\"description\":\"Op zoek naar de Culvita Coniferen, Taxus & Hagen Mest 1,5kg? \u2714 Lage verzendkosten \u2714 Kies je bezorgmoment & locatie \u2714 Groeigarantie!\",\"breadcrumb\":{\"@id\":\"https:\/\/plantbezorgd.nl\/product\/bemesting\/pokon-buxus-ilex-mest-1kg\/#breadcrumb\"},\"inLanguage\":\"de\",\"potentialAction\":[{\"@type\":\"ReadAction\",\"target\":[\"https:\/\/plantbezorgd.nl\/product\/bemesting\/pokon-buxus-ilex-mest-1kg\/\"]}]},{\"@type\":\"ImageObject\",\"inLanguage\":\"de\",\"@id\":\"https:\/\/plantbezorgd.nl\/product\/bemesting\/pokon-buxus-ilex-mest-1kg\/#primaryimage\",\"url\":\"https:\/\/plantbezorgd.nl\/wp-content\/uploads\/2024\/09\/Culvita-Coniferen-removebg-1-768x1024-1.png\",\"contentUrl\":\"https:\/\/plantbezorgd.nl\/wp-content\/uploads\/2024\/09\/Culvita-Coniferen-removebg-1-768x1024-1.png\",\"width\":768,\"height\":1024},{\"@type\":\"BreadcrumbList\",\"@id\":\"https:\/\/plantbezorgd.nl\/product\/bemesting\/pokon-buxus-ilex-mest-1kg\/#breadcrumb\",\"itemListElement\":[{\"@type\":\"ListItem\",\"position\":1,\"name\":\"Shop\",\"item\":\"https:\/\/plantbezorgd.nl\/shop\/\"},{\"@type\":\"ListItem\",\"position\":2,\"name\":\"Bemesting\",\"item\":\"https:\/\/plantbezorgd.nl\/product-categorie\/bemesting\/\"},{\"@type\":\"ListItem\",\"position\":3,\"name\":\"Culvita Coniferen, Taxus &#038; Hagen Mest 1,5kg\"}]},{\"@type\":\"WebSite\",\"@id\":\"https:\/\/plantbezorgd.nl\/#website\",\"url\":\"https:\/\/plantbezorgd.nl\/\",\"name\":\"PlantBezorgd\",\"description\":\"Betaalbare kwaliteitsplanten thuisbezorgd!\",\"publisher\":{\"@id\":\"https:\/\/plantbezorgd.nl\/#organization\"},\"potentialAction\":[{\"@type\":\"SearchAction\",\"target\":{\"@type\":\"EntryPoint\",\"urlTemplate\":\"https:\/\/plantbezorgd.nl\/?s={search_term_string}\"},\"query-input\":{\"@type\":\"PropertyValueSpecification\",\"valueRequired\":true,\"valueName\":\"search_term_string\"}}],\"inLanguage\":\"de\"},{\"@type\":\"Organization\",\"@id\":\"https:\/\/plantbezorgd.nl\/#organization\",\"name\":\"PlantBezorgd\",\"url\":\"https:\/\/plantbezorgd.nl\/\",\"logo\":{\"@type\":\"ImageObject\",\"inLanguage\":\"de\",\"@id\":\"https:\/\/plantbezorgd.nl\/#\/schema\/logo\/image\/\",\"url\":\"https:\/\/plantbezorgd.nl\/wp-content\/uploads\/2023\/05\/Logo.svg\",\"contentUrl\":\"https:\/\/plantbezorgd.nl\/wp-content\/uploads\/2023\/05\/Logo.svg\",\"caption\":\"PlantBezorgd\"},\"image\":{\"@id\":\"https:\/\/plantbezorgd.nl\/#\/schema\/logo\/image\/\"}}]}<\/script>\n<!-- \/ Yoast SEO plugin. -->","yoast_head_json":{"title":"Kaufen Sie Culvita Nadelbaum-, Eiben- und Heckend\u00fcnger 1,5 kg online - PlantBezorgd","description":"Suchen Sie den Culvita Nadel-, Eiben- und Heckend\u00fcnger (1,5 kg)? \u2714 Niedrige Versandkosten \u2714 Lieferzeit und -ort frei w\u00e4hlbar \u2714 Wachstumsgarantie!","robots":{"index":"index","follow":"follow","max-snippet":"max-snippet:-1","max-image-preview":"max-image-preview:large","max-video-preview":"max-video-preview:-1"},"canonical":"https:\/\/plantbezorgd.nl\/de\/produkt\/befruchtung-2\/pokon-buxus-ilex-dunger-1kg-2\/","og_locale":"de_DE","og_type":"article","og_title":"Culvita Coniferen, Taxus & Hagen Mest 1,5kg Online Kopen - PlantBezorgd","og_description":"Op zoek naar de Culvita Coniferen, Taxus & Hagen Mest 1,5kg? \u2714 Lage verzendkosten \u2714 Kies je bezorgmoment & locatie \u2714 Groeigarantie!","og_url":"https:\/\/plantbezorgd.nl\/de\/produkt\/befruchtung-2\/pokon-buxus-ilex-dunger-1kg-2\/","og_site_name":"PlantBezorgd","article_modified_time":"2026-04-24T02:39:28+00:00","og_image":[{"width":768,"height":1024,"url":"https:\/\/plantbezorgd.nl\/wp-content\/uploads\/2024\/09\/Culvita-Coniferen-removebg-1-768x1024-1.png","type":"image\/png"}],"twitter_card":"summary_large_image","twitter_misc":{"Gesch\u00e4tzte Lesezeit":"2\u00a0Minuten"},"schema":{"@context":"https:\/\/schema.org","@graph":[{"@type":"WebPage","@id":"https:\/\/plantbezorgd.nl\/product\/bemesting\/pokon-buxus-ilex-mest-1kg\/","url":"https:\/\/plantbezorgd.nl\/product\/bemesting\/pokon-buxus-ilex-mest-1kg\/","name":"Kaufen Sie Culvita Nadelbaum-, Eiben- und Heckend\u00fcnger 1,5 kg online - PlantBezorgd","isPartOf":{"@id":"https:\/\/plantbezorgd.nl\/#website"},"primaryImageOfPage":{"@id":"https:\/\/plantbezorgd.nl\/product\/bemesting\/pokon-buxus-ilex-mest-1kg\/#primaryimage"},"image":{"@id":"https:\/\/plantbezorgd.nl\/product\/bemesting\/pokon-buxus-ilex-mest-1kg\/#primaryimage"},"thumbnailUrl":"https:\/\/plantbezorgd.nl\/wp-content\/uploads\/2024\/09\/Culvita-Coniferen-removebg-1-768x1024-1.png","datePublished":"2024-09-10T13:51:10+00:00","dateModified":"2026-04-24T02:39:28+00:00","description":"Suchen Sie den Culvita Nadel-, Eiben- und Heckend\u00fcnger (1,5 kg)? \u2714 Niedrige Versandkosten \u2714 Lieferzeit und -ort frei w\u00e4hlbar \u2714 Wachstumsgarantie!","breadcrumb":{"@id":"https:\/\/plantbezorgd.nl\/product\/bemesting\/pokon-buxus-ilex-mest-1kg\/#breadcrumb"},"inLanguage":"de","potentialAction":[{"@type":"ReadAction","target":["https:\/\/plantbezorgd.nl\/product\/bemesting\/pokon-buxus-ilex-mest-1kg\/"]}]},{"@type":"ImageObject","inLanguage":"de","@id":"https:\/\/plantbezorgd.nl\/product\/bemesting\/pokon-buxus-ilex-mest-1kg\/#primaryimage","url":"https:\/\/plantbezorgd.nl\/wp-content\/uploads\/2024\/09\/Culvita-Coniferen-removebg-1-768x1024-1.png","contentUrl":"https:\/\/plantbezorgd.nl\/wp-content\/uploads\/2024\/09\/Culvita-Coniferen-removebg-1-768x1024-1.png","width":768,"height":1024},{"@type":"BreadcrumbList","@id":"https:\/\/plantbezorgd.nl\/product\/bemesting\/pokon-buxus-ilex-mest-1kg\/#breadcrumb","itemListElement":[{"@type":"ListItem","position":1,"name":"Shop","item":"https:\/\/plantbezorgd.nl\/shop\/"},{"@type":"ListItem","position":2,"name":"Bemesting","item":"https:\/\/plantbezorgd.nl\/product-categorie\/bemesting\/"},{"@type":"ListItem","position":3,"name":"Culvita Coniferen, Taxus &#038; Hagen Mest 1,5kg"}]},{"@type":"WebSite","@id":"https:\/\/plantbezorgd.nl\/#website","url":"https:\/\/plantbezorgd.nl\/","name":"PflanzenGeliefert","description":"Erschwingliche Qualit\u00e4tspflanzen direkt zu Ihnen nach Hause geliefert!","publisher":{"@id":"https:\/\/plantbezorgd.nl\/#organization"},"potentialAction":[{"@type":"SearchAction","target":{"@type":"EntryPoint","urlTemplate":"https:\/\/plantbezorgd.nl\/?s={search_term_string}"},"query-input":{"@type":"PropertyValueSpecification","valueRequired":true,"valueName":"search_term_string"}}],"inLanguage":"de"},{"@type":"Organization","@id":"https:\/\/plantbezorgd.nl\/#organization","name":"PflanzenGeliefert","url":"https:\/\/plantbezorgd.nl\/","logo":{"@type":"ImageObject","inLanguage":"de","@id":"https:\/\/plantbezorgd.nl\/#\/schema\/logo\/image\/","url":"https:\/\/plantbezorgd.nl\/wp-content\/uploads\/2023\/05\/Logo.svg","contentUrl":"https:\/\/plantbezorgd.nl\/wp-content\/uploads\/2023\/05\/Logo.svg","caption":"PlantBezorgd"},"image":{"@id":"https:\/\/plantbezorgd.nl\/#\/schema\/logo\/image\/"}}]}},"_links":{"self":[{"href":"https:\/\/plantbezorgd.nl\/de\/wp-json\/wp\/v2\/product\/60717","targetHints":{"allow":["GET"]}}],"collection":[{"href":"https:\/\/plantbezorgd.nl\/de\/wp-json\/wp\/v2\/product"}],"about":[{"href":"https:\/\/plantbezorgd.nl\/de\/wp-json\/wp\/v2\/types\/product"}],"replies":[{"embeddable":true,"href":"https:\/\/plantbezorgd.nl\/de\/wp-json\/wp\/v2\/comments?post=60717"}],"wp:featuredmedia":[{"embeddable":true,"href":"https:\/\/plantbezorgd.nl\/de\/wp-json\/wp\/v2\/media\/82517"}],"wp:attachment":[{"href":"https:\/\/plantbezorgd.nl\/de\/wp-json\/wp\/v2\/media?parent=60717"}],"wp:term":[{"taxonomy":"product_brand","embeddable":true,"href":"https:\/\/plantbezorgd.nl\/de\/wp-json\/wp\/v2\/product_brand?post=60717"},{"taxonomy":"product_cat","embeddable":true,"href":"https:\/\/plantbezorgd.nl\/de\/wp-json\/wp\/v2\/product_cat?post=60717"},{"taxonomy":"product_tag","embeddable":true,"href":"https:\/\/plantbezorgd.nl\/de\/wp-json\/wp\/v2\/product_tag?post=60717"}],"curies":[{"name":"wp","href":"https:\/\/api.w.org\/{rel}","templated":true}]}}