{"id":60260,"date":"2024-09-01T14:39:10","date_gmt":"2024-09-01T12:39:10","guid":{"rendered":"https:\/\/plantbezorgd.nl\/?post_type=product&#038;p=60260"},"modified":"2026-03-20T13:21:03","modified_gmt":"2026-03-20T12:21:03","slug":"narzissenzwiebeln-botanische-narzisse-jetfire","status":"publish","type":"product","link":"https:\/\/plantbezorgd.nl\/de\/product\/bollen-zaden\/narcis-bloembollen-narcis-botanisch-jetfire\/","title":{"rendered":"Narzisse Botanical Jetfire \u2013 Set mit 10 Blumenzwiebeln"},"content":{"rendered":"<p>Die botanische Narzisse &#039;Jetfire&#039; ist eine kompakte, fr\u00fchbl\u00fchende Sorte mit einem markanten zweifarbigen Erscheinungsbild: eine zur\u00fcckgebogene, feuerorangefarbene Trompetenbl\u00fcte vor strahlend gelben Bl\u00fctenbl\u00e4ttern. Der Name Jetfire beschreibt perfekt das Farbenfeuerwerk, das diese kleine Narzisse im Fr\u00fchling entfacht. Mit einer H\u00f6he von etwa 35 cm ist die Jetfire gr\u00f6\u00dfer als die kleinsten Miniaturnarzissen, aber kompakter als die gro\u00dfen Trompetennarzissen. Dadurch eignet sie sich vielseitig f\u00fcr Beete, T\u00f6pfe und zur nat\u00fcrlichen Ausbreitung im Rasen.<\/p>\n<p>Die Narzisse &#039;Jetfire&#039; ist eine botanische Narzisse und steht daher in engerem Zusammenhang mit der Wildform als gro\u00dfblumige Gartennarzissen. Botanische Narzissen sind in der Regel kompakter, robuster und besser zur Verwilderung geeignet. Die &#039;Jetfire&#039; ist eine Hybride (Narcissus cyclamineus-Hybride) und verdankt ihre charakteristischen, zur\u00fcckgebogenen Bl\u00fctenbl\u00e4tter der Elternsorte &#039;cyclamineus&#039;. Dieses Set enth\u00e4lt 10 Zwiebeln, die im Herbst gepflanzt werden und im fr\u00fchen Fr\u00fchling, im M\u00e4rz, bl\u00fchen.<\/p>\n<p><strong>Was macht die Narcissus Jetfire so besonders?<\/strong><\/p>\n<p>Das markanteste Merkmal der Jetfire-Narzisse ist ihre auff\u00e4llige Zweifarbigkeit: Die trompetenf\u00f6rmige Bl\u00fcte leuchtet in feurigem Orange, die Bl\u00fctenbl\u00e4tter sind strahlend gelb und elegant nach hinten gebogen. Dieses f\u00fcr Cycliminae-Narzissen charakteristische, zur\u00fcckgebogene Bl\u00fctenblatt verleiht der Jetfire ein dynamisches, flammendes Aussehen, als w\u00fcrde die Bl\u00fcte vom Wind geformt. Die Bl\u00fctezeit ist fr\u00fch (M\u00e4rz) und zuverl\u00e4ssig. Die Jetfire geh\u00f6rt zu den besten botanischen Narzissen zur Verwilderung: Sie kommt Jahr f\u00fcr Jahr wieder und breitet sich allm\u00e4hlich aus.<\/p>\n<p><strong>Pflanzen und Standort<\/strong><\/p>\n<p>Pflanzen Sie die Zwiebeln im Herbst (September bis November) in einer Tiefe von etwa 10 bis 15 cm und im Abstand von 10 cm. Die Sorte \u201eJetfire\u201c gedeiht am besten an einem sonnigen bis halbschattigen Standort. Der Boden muss gut durchl\u00e4ssig sein. Vermeiden Sie nasse, schwere B\u00f6den, da die Zwiebeln sonst faulen k\u00f6nnen. Die Sorte eignet sich gut f\u00fcr die Bepflanzung unter Laubb\u00e4umen: Die Narzissen bl\u00fchen, bevor die B\u00e4ume voll belaubt sind.<\/p>\n<p><strong>Bew\u00e4sserung und Pflege<\/strong><\/p>\n<p>Nach dem Pflanzen ben\u00f6tigen die Zwiebeln kaum Pflege. Die Narzisse &#039;Jetfire&#039; ist v\u00f6llig pflegeleicht. Lassen Sie das Laub nach der Bl\u00fcte mindestens sechs Wochen lang absterben, bevor Sie es entfernen oder abm\u00e4hen: Die Bl\u00e4tter n\u00e4hren die Zwiebel f\u00fcr die Bl\u00fcte im n\u00e4chsten Jahr. Eine leichte D\u00fcngung nach der Bl\u00fcte mit einem kaliumreichen D\u00fcnger kann die Zwiebelbildung f\u00f6rdern.<\/p>\n<p><strong>Wilding<\/strong><\/p>\n<p>Die Narzisse &#039;Jetfire&#039; eignet sich besonders gut zur Verwilderung. Die Zwiebeln kehren zuverl\u00e4ssig Jahr f\u00fcr Jahr wieder und bilden nach und nach gr\u00f6\u00dfere Gruppen. Die Verwilderung gelingt am besten auf Rasenfl\u00e4chen, unter B\u00e4umen, in Obstg\u00e4rten oder in naturnahen Beeten, wo die Zwiebeln ungest\u00f6rt wachsen k\u00f6nnen. Nach einigen Jahren entsteht ein immer beeindruckenderes Fr\u00fchlingsbild.<\/p>\n<p><strong>Widerstandsf\u00e4higkeit<\/strong><\/p>\n<p>Die Narzisse Jetfire ist au\u00dfergew\u00f6hnlich winterhart. Die Zwiebeln \u00fcberwintern unter der Erde und treiben zuverl\u00e4ssig jeden Fr\u00fchling wieder aus. Zus\u00e4tzlicher Winterschutz ist nicht n\u00f6tig. Die Pflanze ist vollkommen resistent gegen das niederl\u00e4ndische Klima.<\/p>\n<p><strong>Verwendung im Garten<\/strong><\/p>\n<p>Pflanzen Sie die Jetfire in Gruppen in Beeten, auf dem Rasen, unter B\u00e4umen, in Steing\u00e4rten oder in T\u00f6pfen und K\u00fcbeln. Die zweifarbigen orange-gelben Bl\u00fcten harmonieren wunderbar mit blauen Fr\u00fchlingszwiebeln wie Muscari, Chionodoxa und Scilla und sorgen f\u00fcr einen reizvollen Farbkontrast zwischen warm und k\u00fchl. Dank ihrer kompakten H\u00f6he von 35 cm eignet sich die Jetfire auch hervorragend f\u00fcr den Vordergrund von Beeten und f\u00fcr T\u00f6pfe auf der Terrasse.<\/p>\n<p><strong>Inhalt und Pflanzanleitung<\/strong><\/p>\n<p>Das Set enth\u00e4lt 10 Zwiebeln der Narzisse &#039;Jetfire&#039; (Narcissus botanisch). Pflanzen Sie die Zwiebeln im Herbst (September\u2013November) 10\u201315 cm tief und im Abstand von 10 cm. Die Bl\u00fctezeit ist im M\u00e4rz mit zweifarbigen, orange-gelben Bl\u00fcten. Die Wuchsh\u00f6he betr\u00e4gt ca. 35 cm. Die Narzisse ist sehr winterhart und eignet sich zur Verwilderung.<\/p>\n<p><strong>H\u00e4ufig gestellte Fragen<\/strong><\/p>\n<ul>\n<li><em>Wann pflanze ich Narzissenzwiebeln der Sorte \u201eJetfire\u201c?<\/em><br \/>Im Herbst, von September bis November. Die Zwiebeln ben\u00f6tigen eine K\u00e4lteperiode, um im Fr\u00fchjahr zu bl\u00fchen.<\/li>\n<li><em>Kehrt die Narcissus Jetfire jedes Jahr zur\u00fcck?<\/em><br \/>Ja, als botanische Narzisse eignet sich die Jetfire besonders gut zur Verwilderung und kehrt jahrelang zuverl\u00e4ssig wieder.<\/li>\n<li><em>Was ist eine botanische Narzisse?<\/em><br \/>Eine botanische Narzisse \u00e4hnelt der Wildform st\u00e4rker als eine gro\u00dfbl\u00fctige Gartennarzisse. Botanische Narzissen sind kompakter, robuster und besser zur Verwilderung geeignet.<\/li>\n<li><em>Wie tief soll ich die Blumenzwiebeln pflanzen?<\/em><br \/>In einer Tiefe von 10 bis 15 cm, mit einem Abstand von ungef\u00e4hr 10 cm.<\/li>\n<li><em>Darf ich das Laub nach der Bl\u00fcte abschneiden?<\/em><br \/>Nein, lassen Sie das Laub mindestens sechs Wochen nach der Bl\u00fcte absterben. Das Laub n\u00e4hrt die Zwiebel f\u00fcr die Bl\u00fcte im n\u00e4chsten Jahr.<\/li>\n<\/ul>\n<p>Die botanische Narzisse &#039;Jetfire&#039; ist eine feurige Fr\u00fchlingsbl\u00fcherin, die den Fr\u00fchling mit ihrer orangefarbenen Trompete und den gelben, zur\u00fcckgebogenen Bl\u00fctenbl\u00e4ttern wie eine Flamme erstrahlen l\u00e4sst. Kompakt, verwildert und jahrelang zuverl\u00e4ssig: Die &#039;Jetfire&#039; ist die Narzisse, die jeden Fr\u00fchling aufs Neue ein Feuerwerk der Bl\u00fctenpracht entfacht.<\/p>","protected":false},"excerpt":{"rendered":"<p>De Narcis Botanisch &#8216;Jetfire&#8217; is een compacte, vroegbloeiende narcis met een opvallend tweekleurig uiterlijk: een teruggeslagen, vurig oranje trompet tegen stralend gele bloembladen. De naam Jetfire past perfect bij het vuurwerk van kleur dat deze kleine narcis in het vroege voorjaar afsteekt. Met een hoogte van circa 35 cm is de Jetfire groter dan de [&hellip;]<\/p>","protected":false},"featured_media":60361,"comment_status":"closed","ping_status":"closed","template":"","meta":{"_acf_changed":false,"iawp_total_views":14},"product_brand":[],"product_cat":[1307,1265],"product_tag":[1587],"class_list":{"0":"post-60260","1":"product","2":"type-product","3":"status-publish","4":"has-post-thumbnail","6":"product_cat-bloembollen-najaar","7":"product_cat-bollen-zaden","8":"product_tag-local","9":"pa_verzorging-planttijd-september-december-bloeitijd-april-mei-planten-in-goed-losgemaakte-grond-met-de-punten-naar-boven-tot-het-planten-droog-en-koel-bewaren","10":"pa_volgroeide-hoogte-in-cm-759","12":"first","13":"outofstock","14":"taxable","15":"shipping-taxable","16":"purchasable","17":"product-type-simple"},"acf":[],"gallery_images":[],"yoast_head":"<!-- This site is optimized with the Yoast SEO plugin v25.3 - https:\/\/yoast.com\/wordpress\/plugins\/seo\/ -->\n<title>Narcis Botanisch Jetfire - set van 10 bloembollen Online Kopen - PlantBezorgd<\/title>\n<meta name=\"description\" content=\"Op zoek naar de Narcis Botanisch Jetfire - set van 10 bloembollen? \u2714 Lage verzendkosten \u2714 Kies je bezorgmoment &amp; locatie \u2714 Groeigarantie!\" \/>\n<meta name=\"robots\" content=\"index, follow, max-snippet:-1, max-image-preview:large, max-video-preview:-1\" \/>\n<link rel=\"canonical\" href=\"https:\/\/plantbezorgd.nl\/de\/produkt\/zwiebeln-samen-2\/narzissenzwiebeln-botanische-narzisse-jetfire\/\" \/>\n<meta property=\"og:locale\" content=\"de_DE\" \/>\n<meta property=\"og:type\" content=\"article\" \/>\n<meta property=\"og:title\" content=\"Narcis Botanisch Jetfire - set van 10 bloembollen Online Kopen - PlantBezorgd\" \/>\n<meta property=\"og:description\" content=\"Op zoek naar de Narcis Botanisch Jetfire - set van 10 bloembollen? \u2714 Lage verzendkosten \u2714 Kies je bezorgmoment &amp; locatie \u2714 Groeigarantie!\" \/>\n<meta property=\"og:url\" content=\"https:\/\/plantbezorgd.nl\/de\/produkt\/zwiebeln-samen-2\/narzissenzwiebeln-botanische-narzisse-jetfire\/\" \/>\n<meta property=\"og:site_name\" content=\"PlantBezorgd\" \/>\n<meta property=\"article:modified_time\" content=\"2026-03-20T12:21:03+00:00\" \/>\n<meta property=\"og:image\" content=\"https:\/\/plantbezorgd.nl\/wp-content\/uploads\/2024\/09\/Narcis-Botanisch-Jetfire-set-van-10-bloembollen.jpeg\" \/>\n\t<meta property=\"og:image:width\" content=\"371\" \/>\n\t<meta property=\"og:image:height\" content=\"600\" \/>\n\t<meta property=\"og:image:type\" content=\"image\/jpeg\" \/>\n<meta name=\"twitter:card\" content=\"summary_large_image\" \/>\n<meta name=\"twitter:label1\" content=\"Gesch\u00e4tzte Lesezeit\" \/>\n\t<meta name=\"twitter:data1\" content=\"1\u00a0Minute\" \/>\n<script type=\"application\/ld+json\" class=\"yoast-schema-graph\">{\"@context\":\"https:\/\/schema.org\",\"@graph\":[{\"@type\":\"WebPage\",\"@id\":\"https:\/\/plantbezorgd.nl\/product\/bollen-zaden\/narcis-bloembollen-narcis-botanisch-jetfire\/\",\"url\":\"https:\/\/plantbezorgd.nl\/product\/bollen-zaden\/narcis-bloembollen-narcis-botanisch-jetfire\/\",\"name\":\"Narcis Botanisch Jetfire - set van 10 bloembollen Online Kopen - PlantBezorgd\",\"isPartOf\":{\"@id\":\"https:\/\/plantbezorgd.nl\/#website\"},\"primaryImageOfPage\":{\"@id\":\"https:\/\/plantbezorgd.nl\/product\/bollen-zaden\/narcis-bloembollen-narcis-botanisch-jetfire\/#primaryimage\"},\"image\":{\"@id\":\"https:\/\/plantbezorgd.nl\/product\/bollen-zaden\/narcis-bloembollen-narcis-botanisch-jetfire\/#primaryimage\"},\"thumbnailUrl\":\"https:\/\/plantbezorgd.nl\/wp-content\/uploads\/2024\/09\/Narcis-Botanisch-Jetfire-set-van-10-bloembollen.jpeg\",\"datePublished\":\"2024-09-01T12:39:10+00:00\",\"dateModified\":\"2026-03-20T12:21:03+00:00\",\"description\":\"Op zoek naar de Narcis Botanisch Jetfire - set van 10 bloembollen? \u2714 Lage verzendkosten \u2714 Kies je bezorgmoment & locatie \u2714 Groeigarantie!\",\"breadcrumb\":{\"@id\":\"https:\/\/plantbezorgd.nl\/product\/bollen-zaden\/narcis-bloembollen-narcis-botanisch-jetfire\/#breadcrumb\"},\"inLanguage\":\"de\",\"potentialAction\":[{\"@type\":\"ReadAction\",\"target\":[\"https:\/\/plantbezorgd.nl\/product\/bollen-zaden\/narcis-bloembollen-narcis-botanisch-jetfire\/\"]}]},{\"@type\":\"ImageObject\",\"inLanguage\":\"de\",\"@id\":\"https:\/\/plantbezorgd.nl\/product\/bollen-zaden\/narcis-bloembollen-narcis-botanisch-jetfire\/#primaryimage\",\"url\":\"https:\/\/plantbezorgd.nl\/wp-content\/uploads\/2024\/09\/Narcis-Botanisch-Jetfire-set-van-10-bloembollen.jpeg\",\"contentUrl\":\"https:\/\/plantbezorgd.nl\/wp-content\/uploads\/2024\/09\/Narcis-Botanisch-Jetfire-set-van-10-bloembollen.jpeg\",\"width\":371,\"height\":600},{\"@type\":\"BreadcrumbList\",\"@id\":\"https:\/\/plantbezorgd.nl\/product\/bollen-zaden\/narcis-bloembollen-narcis-botanisch-jetfire\/#breadcrumb\",\"itemListElement\":[{\"@type\":\"ListItem\",\"position\":1,\"name\":\"Shop\",\"item\":\"https:\/\/plantbezorgd.nl\/shop\/\"},{\"@type\":\"ListItem\",\"position\":2,\"name\":\"Bollen &amp; Zaden\",\"item\":\"https:\/\/plantbezorgd.nl\/product-categorie\/bollen-zaden\/\"},{\"@type\":\"ListItem\",\"position\":3,\"name\":\"Narcis Botanisch Jetfire &#8211; set van 10 bloembollen\"}]},{\"@type\":\"WebSite\",\"@id\":\"https:\/\/plantbezorgd.nl\/#website\",\"url\":\"https:\/\/plantbezorgd.nl\/\",\"name\":\"PlantBezorgd\",\"description\":\"Betaalbare kwaliteitsplanten thuisbezorgd!\",\"publisher\":{\"@id\":\"https:\/\/plantbezorgd.nl\/#organization\"},\"potentialAction\":[{\"@type\":\"SearchAction\",\"target\":{\"@type\":\"EntryPoint\",\"urlTemplate\":\"https:\/\/plantbezorgd.nl\/?s={search_term_string}\"},\"query-input\":{\"@type\":\"PropertyValueSpecification\",\"valueRequired\":true,\"valueName\":\"search_term_string\"}}],\"inLanguage\":\"de\"},{\"@type\":\"Organization\",\"@id\":\"https:\/\/plantbezorgd.nl\/#organization\",\"name\":\"PlantBezorgd\",\"url\":\"https:\/\/plantbezorgd.nl\/\",\"logo\":{\"@type\":\"ImageObject\",\"inLanguage\":\"de\",\"@id\":\"https:\/\/plantbezorgd.nl\/#\/schema\/logo\/image\/\",\"url\":\"https:\/\/plantbezorgd.nl\/wp-content\/uploads\/2023\/05\/Logo.svg\",\"contentUrl\":\"https:\/\/plantbezorgd.nl\/wp-content\/uploads\/2023\/05\/Logo.svg\",\"caption\":\"PlantBezorgd\"},\"image\":{\"@id\":\"https:\/\/plantbezorgd.nl\/#\/schema\/logo\/image\/\"}}]}<\/script>\n<!-- \/ Yoast SEO plugin. -->","yoast_head_json":{"title":"Narzisse \u201eBotanical Jetfire\u201c \u2013 10er-Set Blumenzwiebeln \u2013 Jetzt online kaufen bei PlantBezorgd","description":"Suchen Sie die Narzisse Botanical Jetfire \u2013 10er-Set? \u2714 G\u00fcnstige Versandkosten \u2714 Lieferzeit und -ort frei w\u00e4hlbar \u2714 Anwachsgarantie!","robots":{"index":"index","follow":"follow","max-snippet":"max-snippet:-1","max-image-preview":"max-image-preview:large","max-video-preview":"max-video-preview:-1"},"canonical":"https:\/\/plantbezorgd.nl\/de\/produkt\/zwiebeln-samen-2\/narzissenzwiebeln-botanische-narzisse-jetfire\/","og_locale":"de_DE","og_type":"article","og_title":"Narcis Botanisch Jetfire - set van 10 bloembollen Online Kopen - PlantBezorgd","og_description":"Op zoek naar de Narcis Botanisch Jetfire - set van 10 bloembollen? \u2714 Lage verzendkosten \u2714 Kies je bezorgmoment & locatie \u2714 Groeigarantie!","og_url":"https:\/\/plantbezorgd.nl\/de\/produkt\/zwiebeln-samen-2\/narzissenzwiebeln-botanische-narzisse-jetfire\/","og_site_name":"PlantBezorgd","article_modified_time":"2026-03-20T12:21:03+00:00","og_image":[{"width":371,"height":600,"url":"https:\/\/plantbezorgd.nl\/wp-content\/uploads\/2024\/09\/Narcis-Botanisch-Jetfire-set-van-10-bloembollen.jpeg","type":"image\/jpeg"}],"twitter_card":"summary_large_image","twitter_misc":{"Gesch\u00e4tzte Lesezeit":"1\u00a0Minute"},"schema":{"@context":"https:\/\/schema.org","@graph":[{"@type":"WebPage","@id":"https:\/\/plantbezorgd.nl\/product\/bollen-zaden\/narcis-bloembollen-narcis-botanisch-jetfire\/","url":"https:\/\/plantbezorgd.nl\/product\/bollen-zaden\/narcis-bloembollen-narcis-botanisch-jetfire\/","name":"Narzisse \u201eBotanical Jetfire\u201c \u2013 10er-Set Blumenzwiebeln \u2013 Jetzt online kaufen bei PlantBezorgd","isPartOf":{"@id":"https:\/\/plantbezorgd.nl\/#website"},"primaryImageOfPage":{"@id":"https:\/\/plantbezorgd.nl\/product\/bollen-zaden\/narcis-bloembollen-narcis-botanisch-jetfire\/#primaryimage"},"image":{"@id":"https:\/\/plantbezorgd.nl\/product\/bollen-zaden\/narcis-bloembollen-narcis-botanisch-jetfire\/#primaryimage"},"thumbnailUrl":"https:\/\/plantbezorgd.nl\/wp-content\/uploads\/2024\/09\/Narcis-Botanisch-Jetfire-set-van-10-bloembollen.jpeg","datePublished":"2024-09-01T12:39:10+00:00","dateModified":"2026-03-20T12:21:03+00:00","description":"Suchen Sie die Narzisse Botanical Jetfire \u2013 10er-Set? \u2714 G\u00fcnstige Versandkosten \u2714 Lieferzeit und -ort frei w\u00e4hlbar \u2714 Anwachsgarantie!","breadcrumb":{"@id":"https:\/\/plantbezorgd.nl\/product\/bollen-zaden\/narcis-bloembollen-narcis-botanisch-jetfire\/#breadcrumb"},"inLanguage":"de","potentialAction":[{"@type":"ReadAction","target":["https:\/\/plantbezorgd.nl\/product\/bollen-zaden\/narcis-bloembollen-narcis-botanisch-jetfire\/"]}]},{"@type":"ImageObject","inLanguage":"de","@id":"https:\/\/plantbezorgd.nl\/product\/bollen-zaden\/narcis-bloembollen-narcis-botanisch-jetfire\/#primaryimage","url":"https:\/\/plantbezorgd.nl\/wp-content\/uploads\/2024\/09\/Narcis-Botanisch-Jetfire-set-van-10-bloembollen.jpeg","contentUrl":"https:\/\/plantbezorgd.nl\/wp-content\/uploads\/2024\/09\/Narcis-Botanisch-Jetfire-set-van-10-bloembollen.jpeg","width":371,"height":600},{"@type":"BreadcrumbList","@id":"https:\/\/plantbezorgd.nl\/product\/bollen-zaden\/narcis-bloembollen-narcis-botanisch-jetfire\/#breadcrumb","itemListElement":[{"@type":"ListItem","position":1,"name":"Shop","item":"https:\/\/plantbezorgd.nl\/shop\/"},{"@type":"ListItem","position":2,"name":"Bollen &amp; Zaden","item":"https:\/\/plantbezorgd.nl\/product-categorie\/bollen-zaden\/"},{"@type":"ListItem","position":3,"name":"Narcis Botanisch Jetfire &#8211; set van 10 bloembollen"}]},{"@type":"WebSite","@id":"https:\/\/plantbezorgd.nl\/#website","url":"https:\/\/plantbezorgd.nl\/","name":"PflanzenGeliefert","description":"Erschwingliche Qualit\u00e4tspflanzen direkt zu Ihnen nach Hause geliefert!","publisher":{"@id":"https:\/\/plantbezorgd.nl\/#organization"},"potentialAction":[{"@type":"SearchAction","target":{"@type":"EntryPoint","urlTemplate":"https:\/\/plantbezorgd.nl\/?s={search_term_string}"},"query-input":{"@type":"PropertyValueSpecification","valueRequired":true,"valueName":"search_term_string"}}],"inLanguage":"de"},{"@type":"Organization","@id":"https:\/\/plantbezorgd.nl\/#organization","name":"PflanzenGeliefert","url":"https:\/\/plantbezorgd.nl\/","logo":{"@type":"ImageObject","inLanguage":"de","@id":"https:\/\/plantbezorgd.nl\/#\/schema\/logo\/image\/","url":"https:\/\/plantbezorgd.nl\/wp-content\/uploads\/2023\/05\/Logo.svg","contentUrl":"https:\/\/plantbezorgd.nl\/wp-content\/uploads\/2023\/05\/Logo.svg","caption":"PlantBezorgd"},"image":{"@id":"https:\/\/plantbezorgd.nl\/#\/schema\/logo\/image\/"}}]}},"_links":{"self":[{"href":"https:\/\/plantbezorgd.nl\/de\/wp-json\/wp\/v2\/product\/60260","targetHints":{"allow":["GET"]}}],"collection":[{"href":"https:\/\/plantbezorgd.nl\/de\/wp-json\/wp\/v2\/product"}],"about":[{"href":"https:\/\/plantbezorgd.nl\/de\/wp-json\/wp\/v2\/types\/product"}],"replies":[{"embeddable":true,"href":"https:\/\/plantbezorgd.nl\/de\/wp-json\/wp\/v2\/comments?post=60260"}],"wp:featuredmedia":[{"embeddable":true,"href":"https:\/\/plantbezorgd.nl\/de\/wp-json\/wp\/v2\/media\/60361"}],"wp:attachment":[{"href":"https:\/\/plantbezorgd.nl\/de\/wp-json\/wp\/v2\/media?parent=60260"}],"wp:term":[{"taxonomy":"product_brand","embeddable":true,"href":"https:\/\/plantbezorgd.nl\/de\/wp-json\/wp\/v2\/product_brand?post=60260"},{"taxonomy":"product_cat","embeddable":true,"href":"https:\/\/plantbezorgd.nl\/de\/wp-json\/wp\/v2\/product_cat?post=60260"},{"taxonomy":"product_tag","embeddable":true,"href":"https:\/\/plantbezorgd.nl\/de\/wp-json\/wp\/v2\/product_tag?post=60260"}],"curies":[{"name":"wp","href":"https:\/\/api.w.org\/{rel}","templated":true}]}}