{"id":59615,"date":"2024-08-12T11:41:20","date_gmt":"2024-08-12T09:41:20","guid":{"rendered":"https:\/\/plantbezorgd.nl\/?post_type=product&#038;p=59615"},"modified":"2025-12-10T15:55:37","modified_gmt":"2025-12-10T14:55:37","slug":"pokon-bio-schneckenbekampfungspellets-225g-2","status":"publish","type":"product","link":"https:\/\/plantbezorgd.nl\/de\/product\/grond-toebehoren\/pokon-bio-tegen-slakken-korrels-225gr-2\/","title":{"rendered":"Pokon Bio gegen Schnecken Pellets 225gr"},"content":{"rendered":"<p>\u00c4rgern Sie sich \u00fcber Schnecken in Ihrem Blumenbeet oder Gem\u00fcsegarten? Pokon Bio Anti-Schnecken-Pellets sind eine schnelle und effektive L\u00f6sung gegen Schnecken an Zierpflanzen, Topfpflanzen und im Gem\u00fcsegarten. Nach dem Fressen der Pellets verlieren die Schnecken ihren Appetit und verkriechen sich zum Sterben in ihre Verstecke. Die Schneckenreste werden vom nat\u00fcrlichen Kreislauf abgebaut. Haustiere, V\u00f6gel und Igel sind durch den Verzehr der toten Schnecken nicht gef\u00e4hrdet. Die Pellets sind regenfest.<\/p>\n<ul>\n<li>Regendicht<\/li>\n<li>Bek\u00e4mpft alle Schneckenarten an Zierpflanzen, Topfpflanzen und im Gem\u00fcsegarten.<\/li>\n<li>Sehr schnelles Ergebnis<\/li>\n<li>Geeignet f\u00fcr 150 m\u00b2<\/li>\n<\/ul>\n<div id=\"5e9c0793af9f1be484519d1b14241fc7\" class=\"template-component component view powerplant-usp-lable-new new active\" data-uuid=\"pokon-product-detail-new-2.1.1.2.2.1.1\" data-path=\"pokon-product-detail-new-2||pokon-product-detail-new-2.1||pokon-product-detail-new-2.1.1||pokon-product-detail-new-2.1.1.2||pokon-product-detail-new-2.1.1.2.2||pokon-product-detail-new-2.1.1.2.2.1||pokon-product-detail-new-2.1.1.2.2.1.1\">\n<div class=\"UITextArea element-content\"><span class=\"\">Benutzerhandbuch<\/span><\/div>\n<\/div>\n<div id=\"82e0c9136fc6d6b52f7ced9c08b5c6e3\" class=\"template-component component view push-20-v content-body next\" data-uuid=\"pokon-product-detail-new-2.1.1.2.2.1.2\" data-path=\"pokon-product-detail-new-2||pokon-product-detail-new-2.1||pokon-product-detail-new-2.1.1||pokon-product-detail-new-2.1.1.2||pokon-product-detail-new-2.1.1.2.2||pokon-product-detail-new-2.1.1.2.2.1||pokon-product-detail-new-2.1.1.2.2.1.2\">\n<div class=\"UITextArea element-content\">\n<p>Die Schneckenbek\u00e4mpfung erfolgt am besten zwischen M\u00e4rz und September, sobald die erste Schnecke oder Schneckenfra\u00df entdeckt wird. Die Schneckenkornpellets sollten vorzugsweise abends ausgebracht werden, da Schnecken haupts\u00e4chlich nachts aktiv sind. Maximal vier Anwendungen pro Jahr. Zwischen der Schneckenbek\u00e4mpfung und der Ernte von Gem\u00fcse und Obst besteht keine Wartezeit.<\/p>\n<\/div>\n<\/div>","protected":false},"excerpt":{"rendered":"<p>Heb je last van\u00a0slakken\u00a0in de border of moestuin? Pokon Bio Tegen Slakken Korrels is een snelle en effectieve oplossing tegen naaktslakken op sierplanten, kuipplanten en in de moestuin. Na het eten van de korrels verliezen slakken hun eetlust en trekken ze zich terug naar hun schuilplaats om te sterven. De slakrestanten worden opgenomen in de [&hellip;]<\/p>","protected":false},"featured_media":59612,"comment_status":"open","ping_status":"closed","template":"","meta":{"_acf_changed":false,"iawp_total_views":15},"product_brand":[],"product_cat":[316,228],"product_tag":[439,1587,436,435],"class_list":{"0":"post-59615","1":"product","2":"type-product","3":"status-publish","4":"has-post-thumbnail","6":"product_cat-alle-categorieen","7":"product_cat-grond-toebehoren","8":"product_tag-alle","9":"product_tag-local","10":"product_tag-nietadverteren","11":"product_tag-rest","13":"first","14":"instock","15":"taxable","16":"shipping-taxable","17":"purchasable","18":"product-type-simple"},"acf":[],"gallery_images":[],"yoast_head":"<!-- This site is optimized with the Yoast SEO plugin v25.3 - https:\/\/yoast.com\/wordpress\/plugins\/seo\/ -->\n<title>Pokon Bio Tegen Slakken Korrels 225gr Online Kopen - PlantBezorgd<\/title>\n<meta name=\"description\" content=\"Op zoek naar de Pokon Bio Tegen Slakken Korrels 225gr? \u2714 Lage verzendkosten \u2714 Kies je bezorgmoment &amp; locatie \u2714 Groeigarantie!\" \/>\n<meta name=\"robots\" content=\"index, follow, max-snippet:-1, max-image-preview:large, max-video-preview:-1\" \/>\n<link rel=\"canonical\" href=\"https:\/\/plantbezorgd.nl\/de\/produkt\/landzubehor-2\/pokon-bio-schneckenbekampfungspellets-225g-2\/\" \/>\n<meta property=\"og:locale\" content=\"de_DE\" \/>\n<meta property=\"og:type\" content=\"article\" \/>\n<meta property=\"og:title\" content=\"Pokon Bio Tegen Slakken Korrels 225gr Online Kopen - PlantBezorgd\" \/>\n<meta property=\"og:description\" content=\"Op zoek naar de Pokon Bio Tegen Slakken Korrels 225gr? \u2714 Lage verzendkosten \u2714 Kies je bezorgmoment &amp; locatie \u2714 Groeigarantie!\" \/>\n<meta property=\"og:url\" content=\"https:\/\/plantbezorgd.nl\/de\/produkt\/landzubehor-2\/pokon-bio-schneckenbekampfungspellets-225g-2\/\" \/>\n<meta property=\"og:site_name\" content=\"PlantBezorgd\" \/>\n<meta property=\"article:modified_time\" content=\"2025-12-10T14:55:37+00:00\" \/>\n<meta property=\"og:image\" content=\"https:\/\/plantbezorgd.nl\/wp-content\/uploads\/2024\/08\/Pokon-tegen-slakken.jpg\" \/>\n\t<meta property=\"og:image:width\" content=\"592\" \/>\n\t<meta property=\"og:image:height\" content=\"800\" \/>\n\t<meta property=\"og:image:type\" content=\"image\/jpeg\" \/>\n<meta name=\"twitter:card\" content=\"summary_large_image\" \/>\n<meta name=\"twitter:label1\" content=\"Gesch\u00e4tzte Lesezeit\" \/>\n\t<meta name=\"twitter:data1\" content=\"1\u00a0Minute\" \/>\n<script type=\"application\/ld+json\" class=\"yoast-schema-graph\">{\"@context\":\"https:\/\/schema.org\",\"@graph\":[{\"@type\":\"WebPage\",\"@id\":\"https:\/\/plantbezorgd.nl\/product\/grond-toebehoren\/pokon-bio-tegen-slakken-korrels-225gr-2\/\",\"url\":\"https:\/\/plantbezorgd.nl\/product\/grond-toebehoren\/pokon-bio-tegen-slakken-korrels-225gr-2\/\",\"name\":\"Pokon Bio Tegen Slakken Korrels 225gr Online Kopen - PlantBezorgd\",\"isPartOf\":{\"@id\":\"https:\/\/plantbezorgd.nl\/#website\"},\"primaryImageOfPage\":{\"@id\":\"https:\/\/plantbezorgd.nl\/product\/grond-toebehoren\/pokon-bio-tegen-slakken-korrels-225gr-2\/#primaryimage\"},\"image\":{\"@id\":\"https:\/\/plantbezorgd.nl\/product\/grond-toebehoren\/pokon-bio-tegen-slakken-korrels-225gr-2\/#primaryimage\"},\"thumbnailUrl\":\"https:\/\/plantbezorgd.nl\/wp-content\/uploads\/2024\/08\/Pokon-tegen-slakken.jpg\",\"datePublished\":\"2024-08-12T09:41:20+00:00\",\"dateModified\":\"2025-12-10T14:55:37+00:00\",\"description\":\"Op zoek naar de Pokon Bio Tegen Slakken Korrels 225gr? \u2714 Lage verzendkosten \u2714 Kies je bezorgmoment & locatie \u2714 Groeigarantie!\",\"breadcrumb\":{\"@id\":\"https:\/\/plantbezorgd.nl\/product\/grond-toebehoren\/pokon-bio-tegen-slakken-korrels-225gr-2\/#breadcrumb\"},\"inLanguage\":\"de\",\"potentialAction\":[{\"@type\":\"ReadAction\",\"target\":[\"https:\/\/plantbezorgd.nl\/product\/grond-toebehoren\/pokon-bio-tegen-slakken-korrels-225gr-2\/\"]}]},{\"@type\":\"ImageObject\",\"inLanguage\":\"de\",\"@id\":\"https:\/\/plantbezorgd.nl\/product\/grond-toebehoren\/pokon-bio-tegen-slakken-korrels-225gr-2\/#primaryimage\",\"url\":\"https:\/\/plantbezorgd.nl\/wp-content\/uploads\/2024\/08\/Pokon-tegen-slakken.jpg\",\"contentUrl\":\"https:\/\/plantbezorgd.nl\/wp-content\/uploads\/2024\/08\/Pokon-tegen-slakken.jpg\",\"width\":592,\"height\":800},{\"@type\":\"BreadcrumbList\",\"@id\":\"https:\/\/plantbezorgd.nl\/product\/grond-toebehoren\/pokon-bio-tegen-slakken-korrels-225gr-2\/#breadcrumb\",\"itemListElement\":[{\"@type\":\"ListItem\",\"position\":1,\"name\":\"Shop\",\"item\":\"https:\/\/plantbezorgd.nl\/shop\/\"},{\"@type\":\"ListItem\",\"position\":2,\"name\":\"Grond &amp; toebehoren\",\"item\":\"https:\/\/plantbezorgd.nl\/product-categorie\/grond-toebehoren\/\"},{\"@type\":\"ListItem\",\"position\":3,\"name\":\"Pokon Bio Tegen Slakken Korrels 225gr\"}]},{\"@type\":\"WebSite\",\"@id\":\"https:\/\/plantbezorgd.nl\/#website\",\"url\":\"https:\/\/plantbezorgd.nl\/\",\"name\":\"PlantBezorgd\",\"description\":\"Betaalbare kwaliteitsplanten thuisbezorgd!\",\"publisher\":{\"@id\":\"https:\/\/plantbezorgd.nl\/#organization\"},\"potentialAction\":[{\"@type\":\"SearchAction\",\"target\":{\"@type\":\"EntryPoint\",\"urlTemplate\":\"https:\/\/plantbezorgd.nl\/?s={search_term_string}\"},\"query-input\":{\"@type\":\"PropertyValueSpecification\",\"valueRequired\":true,\"valueName\":\"search_term_string\"}}],\"inLanguage\":\"de\"},{\"@type\":\"Organization\",\"@id\":\"https:\/\/plantbezorgd.nl\/#organization\",\"name\":\"PlantBezorgd\",\"url\":\"https:\/\/plantbezorgd.nl\/\",\"logo\":{\"@type\":\"ImageObject\",\"inLanguage\":\"de\",\"@id\":\"https:\/\/plantbezorgd.nl\/#\/schema\/logo\/image\/\",\"url\":\"https:\/\/plantbezorgd.nl\/wp-content\/uploads\/2023\/05\/Logo.svg\",\"contentUrl\":\"https:\/\/plantbezorgd.nl\/wp-content\/uploads\/2023\/05\/Logo.svg\",\"caption\":\"PlantBezorgd\"},\"image\":{\"@id\":\"https:\/\/plantbezorgd.nl\/#\/schema\/logo\/image\/\"}}]}<\/script>\n<!-- \/ Yoast SEO plugin. -->","yoast_head_json":{"title":"Kaufen Sie Pokon Bio gegen Schnecken Pellets 225g online - PlantBezorgd","description":"Suchen Sie Pokon Bio Anti-Schnecken-Pellets (225 g)? \u2714 Niedrige Versandkosten \u2714 Lieferzeit und -ort frei w\u00e4hlbar \u2714 Wachstumsgarantie!","robots":{"index":"index","follow":"follow","max-snippet":"max-snippet:-1","max-image-preview":"max-image-preview:large","max-video-preview":"max-video-preview:-1"},"canonical":"https:\/\/plantbezorgd.nl\/de\/produkt\/landzubehor-2\/pokon-bio-schneckenbekampfungspellets-225g-2\/","og_locale":"de_DE","og_type":"article","og_title":"Pokon Bio Tegen Slakken Korrels 225gr Online Kopen - PlantBezorgd","og_description":"Op zoek naar de Pokon Bio Tegen Slakken Korrels 225gr? \u2714 Lage verzendkosten \u2714 Kies je bezorgmoment & locatie \u2714 Groeigarantie!","og_url":"https:\/\/plantbezorgd.nl\/de\/produkt\/landzubehor-2\/pokon-bio-schneckenbekampfungspellets-225g-2\/","og_site_name":"PlantBezorgd","article_modified_time":"2025-12-10T14:55:37+00:00","og_image":[{"width":592,"height":800,"url":"https:\/\/plantbezorgd.nl\/wp-content\/uploads\/2024\/08\/Pokon-tegen-slakken.jpg","type":"image\/jpeg"}],"twitter_card":"summary_large_image","twitter_misc":{"Gesch\u00e4tzte Lesezeit":"1\u00a0Minute"},"schema":{"@context":"https:\/\/schema.org","@graph":[{"@type":"WebPage","@id":"https:\/\/plantbezorgd.nl\/product\/grond-toebehoren\/pokon-bio-tegen-slakken-korrels-225gr-2\/","url":"https:\/\/plantbezorgd.nl\/product\/grond-toebehoren\/pokon-bio-tegen-slakken-korrels-225gr-2\/","name":"Kaufen Sie Pokon Bio gegen Schnecken Pellets 225g online - PlantBezorgd","isPartOf":{"@id":"https:\/\/plantbezorgd.nl\/#website"},"primaryImageOfPage":{"@id":"https:\/\/plantbezorgd.nl\/product\/grond-toebehoren\/pokon-bio-tegen-slakken-korrels-225gr-2\/#primaryimage"},"image":{"@id":"https:\/\/plantbezorgd.nl\/product\/grond-toebehoren\/pokon-bio-tegen-slakken-korrels-225gr-2\/#primaryimage"},"thumbnailUrl":"https:\/\/plantbezorgd.nl\/wp-content\/uploads\/2024\/08\/Pokon-tegen-slakken.jpg","datePublished":"2024-08-12T09:41:20+00:00","dateModified":"2025-12-10T14:55:37+00:00","description":"Suchen Sie Pokon Bio Anti-Schnecken-Pellets (225 g)? \u2714 Niedrige Versandkosten \u2714 Lieferzeit und -ort frei w\u00e4hlbar \u2714 Wachstumsgarantie!","breadcrumb":{"@id":"https:\/\/plantbezorgd.nl\/product\/grond-toebehoren\/pokon-bio-tegen-slakken-korrels-225gr-2\/#breadcrumb"},"inLanguage":"de","potentialAction":[{"@type":"ReadAction","target":["https:\/\/plantbezorgd.nl\/product\/grond-toebehoren\/pokon-bio-tegen-slakken-korrels-225gr-2\/"]}]},{"@type":"ImageObject","inLanguage":"de","@id":"https:\/\/plantbezorgd.nl\/product\/grond-toebehoren\/pokon-bio-tegen-slakken-korrels-225gr-2\/#primaryimage","url":"https:\/\/plantbezorgd.nl\/wp-content\/uploads\/2024\/08\/Pokon-tegen-slakken.jpg","contentUrl":"https:\/\/plantbezorgd.nl\/wp-content\/uploads\/2024\/08\/Pokon-tegen-slakken.jpg","width":592,"height":800},{"@type":"BreadcrumbList","@id":"https:\/\/plantbezorgd.nl\/product\/grond-toebehoren\/pokon-bio-tegen-slakken-korrels-225gr-2\/#breadcrumb","itemListElement":[{"@type":"ListItem","position":1,"name":"Shop","item":"https:\/\/plantbezorgd.nl\/shop\/"},{"@type":"ListItem","position":2,"name":"Grond &amp; toebehoren","item":"https:\/\/plantbezorgd.nl\/product-categorie\/grond-toebehoren\/"},{"@type":"ListItem","position":3,"name":"Pokon Bio Tegen Slakken Korrels 225gr"}]},{"@type":"WebSite","@id":"https:\/\/plantbezorgd.nl\/#website","url":"https:\/\/plantbezorgd.nl\/","name":"PflanzenGeliefert","description":"Erschwingliche Qualit\u00e4tspflanzen direkt zu Ihnen nach Hause geliefert!","publisher":{"@id":"https:\/\/plantbezorgd.nl\/#organization"},"potentialAction":[{"@type":"SearchAction","target":{"@type":"EntryPoint","urlTemplate":"https:\/\/plantbezorgd.nl\/?s={search_term_string}"},"query-input":{"@type":"PropertyValueSpecification","valueRequired":true,"valueName":"search_term_string"}}],"inLanguage":"de"},{"@type":"Organization","@id":"https:\/\/plantbezorgd.nl\/#organization","name":"PflanzenGeliefert","url":"https:\/\/plantbezorgd.nl\/","logo":{"@type":"ImageObject","inLanguage":"de","@id":"https:\/\/plantbezorgd.nl\/#\/schema\/logo\/image\/","url":"https:\/\/plantbezorgd.nl\/wp-content\/uploads\/2023\/05\/Logo.svg","contentUrl":"https:\/\/plantbezorgd.nl\/wp-content\/uploads\/2023\/05\/Logo.svg","caption":"PlantBezorgd"},"image":{"@id":"https:\/\/plantbezorgd.nl\/#\/schema\/logo\/image\/"}}]}},"_links":{"self":[{"href":"https:\/\/plantbezorgd.nl\/de\/wp-json\/wp\/v2\/product\/59615","targetHints":{"allow":["GET"]}}],"collection":[{"href":"https:\/\/plantbezorgd.nl\/de\/wp-json\/wp\/v2\/product"}],"about":[{"href":"https:\/\/plantbezorgd.nl\/de\/wp-json\/wp\/v2\/types\/product"}],"replies":[{"embeddable":true,"href":"https:\/\/plantbezorgd.nl\/de\/wp-json\/wp\/v2\/comments?post=59615"}],"wp:featuredmedia":[{"embeddable":true,"href":"https:\/\/plantbezorgd.nl\/de\/wp-json\/wp\/v2\/media\/59612"}],"wp:attachment":[{"href":"https:\/\/plantbezorgd.nl\/de\/wp-json\/wp\/v2\/media?parent=59615"}],"wp:term":[{"taxonomy":"product_brand","embeddable":true,"href":"https:\/\/plantbezorgd.nl\/de\/wp-json\/wp\/v2\/product_brand?post=59615"},{"taxonomy":"product_cat","embeddable":true,"href":"https:\/\/plantbezorgd.nl\/de\/wp-json\/wp\/v2\/product_cat?post=59615"},{"taxonomy":"product_tag","embeddable":true,"href":"https:\/\/plantbezorgd.nl\/de\/wp-json\/wp\/v2\/product_tag?post=59615"}],"curies":[{"name":"wp","href":"https:\/\/api.w.org\/{rel}","templated":true}]}}