{"id":5883,"date":"2023-06-10T00:19:46","date_gmt":"2023-06-09T22:19:46","guid":{"rendered":"https:\/\/plantbezorgd.s01.klik3.dev\/product\/uncategorized\/euonymus-japonica-francien-kardinaalsmuts\/"},"modified":"2026-04-14T20:10:30","modified_gmt":"2026-04-14T18:10:30","slug":"euonymus-japonica-francien-kardinalshut-2","status":"publish","type":"product","link":"https:\/\/plantbezorgd.nl\/de\/produkt\/stauden-2\/euonymus-japonica-francien-kardinalshut-2\/","title":{"rendered":"Euonymus japonicus 'Francien' - Japanische Spindel"},"content":{"rendered":"<p>Euonymus japonicus Francien zeichnet sich durch seinen Neuaustrieb im Fr\u00fchjahr aus. Von Anfang M\u00e4rz bis Anfang Juni sind die perlmuttfarbenen Triebe zu sehen. Das sorgt f\u00fcr einen \"WOW\"-Effekt in Ihrem Garten. Im Sommer hat der Francien frisches gr\u00fcnes Laub. Er ist ein kompakter, dichter Strauch und immergr\u00fcn. Mit dem Francien k\u00f6nnen Sie beides machen. Er ist ideal als kompakte Hecke, Gartenpflanze, Solit\u00e4r und passt gut in gemischte K\u00fcbel. Standort in voller Sonne, aber auch Halbschatten ist m\u00f6glich. Die Pflanzenh\u00f6he betr\u00e4gt 50-70 cm. Es handelt sich um eine kr\u00e4ftige Pflanze, die in allen Bodenarten gut gedeiht.<\/p>\n<p>Anzahl der Pflanzen pro laufendem Meter, um eine Hecke zu bilden:<\/p>\n<p>C1.2 (Liter) Kulturtopf = 6 pro laufenden Meter<\/p>\n<p>C2 (Liter) Kulturtopf = 5 Einheiten pro Laufmeter<\/p>\n<p>C5 (Liter) Anzuchttopf = 3 pro laufenden Meter<\/p>","protected":false},"excerpt":{"rendered":"<p>De Euonymus japonicus Francien kenmerkt zich door de nieuwe scheuten in het voorjaar. Vanaf begin maart tot aan begin juni zijn de parelmoerkleurige scheuten zichtbaar. Dit geeft een \u201cWOW\u201d-effect in je tuin. In de zomer heeft de Francien frisgroen blad. Het is een compacte, dichte struik en wintergroen. Met de Francien kun je alle kanten [&hellip;]<\/p>","protected":false},"featured_media":5885,"comment_status":"open","ping_status":"closed","template":"","meta":{"_acf_changed":false,"iawp_total_views":339},"product_brand":[],"product_cat":[316,236,238,330,243,239,235],"product_tag":[439,438,1587,435,433],"class_list":{"0":"post-5883","1":"product","2":"type-product","3":"status-publish","4":"has-post-thumbnail","6":"product_cat-alle-categorieen","7":"product_cat-alle-tuinplanten","8":"product_cat-bodembedekkers","9":"product_cat-euonymus-kardinaalsmuts","10":"product_cat-haagplanten","11":"product_cat-overige-haagplanten","12":"product_cat-vaste-planten","13":"product_tag-alle","14":"product_tag-boost","15":"product_tag-local","16":"product_tag-rest","17":"product_tag-tuin","18":"pa_aantal-per-m2-533","19":"pa_grondsoort-alle-grondsoorten-waterdoorlatend","20":"pa_volgroeide-hoogte-in-cm-722","21":"pa_wintergroen-bladhoudend-ja","22":"pa_winterhardheid-meerjarig-goed","24":"first","25":"instock","26":"taxable","27":"shipping-taxable","28":"purchasable","29":"product-type-variable","30":"has-default-attributes"},"acf":[],"gallery_images":[1092],"yoast_head":"<!-- This site is optimized with the Yoast SEO plugin v25.3 - https:\/\/yoast.com\/wordpress\/plugins\/seo\/ -->\n<title>Euonymus japonicus &#039;Francien&#039; - Japanse Kardinaalsmuts Online Kopen - PlantBezorgd<\/title>\n<meta name=\"description\" content=\"Op zoek naar de Euonymus japonicus &#039;Francien&#039; - Japanse Kardinaalsmuts? \u2714 Lage verzendkosten \u2714 Kies je bezorgmoment &amp; locatie \u2714 Groeigarantie!\" \/>\n<meta name=\"robots\" content=\"index, follow, max-snippet:-1, max-image-preview:large, max-video-preview:-1\" \/>\n<link rel=\"canonical\" href=\"https:\/\/plantbezorgd.nl\/de\/produkt\/stauden-2\/euonymus-japonica-francien-kardinalshut-2\/\" \/>\n<meta property=\"og:locale\" content=\"de_DE\" \/>\n<meta property=\"og:type\" content=\"article\" \/>\n<meta property=\"og:title\" content=\"Euonymus japonicus &#039;Francien&#039; - Japanse Kardinaalsmuts Online Kopen - PlantBezorgd\" \/>\n<meta property=\"og:description\" content=\"Op zoek naar de Euonymus japonicus &#039;Francien&#039; - Japanse Kardinaalsmuts? \u2714 Lage verzendkosten \u2714 Kies je bezorgmoment &amp; locatie \u2714 Groeigarantie!\" \/>\n<meta property=\"og:url\" content=\"https:\/\/plantbezorgd.nl\/de\/produkt\/stauden-2\/euonymus-japonica-francien-kardinalshut-2\/\" \/>\n<meta property=\"og:site_name\" content=\"PlantBezorgd\" \/>\n<meta property=\"article:modified_time\" content=\"2026-04-14T18:10:30+00:00\" \/>\n<meta property=\"og:image\" content=\"https:\/\/plantbezorgd.nl\/wp-content\/uploads\/2023\/06\/euonymus-francien-pot.jpg\" \/>\n\t<meta property=\"og:image:width\" content=\"600\" \/>\n\t<meta property=\"og:image:height\" content=\"600\" \/>\n\t<meta property=\"og:image:type\" content=\"image\/jpeg\" \/>\n<meta name=\"twitter:card\" content=\"summary_large_image\" \/>\n<meta name=\"twitter:label1\" content=\"Gesch\u00e4tzte Lesezeit\" \/>\n\t<meta name=\"twitter:data1\" content=\"1\u00a0Minute\" \/>\n<script type=\"application\/ld+json\" class=\"yoast-schema-graph\">{\"@context\":\"https:\/\/schema.org\",\"@graph\":[{\"@type\":\"WebPage\",\"@id\":\"https:\/\/plantbezorgd.nl\/product\/vaste-planten\/euonymus-japonica-francien-kardinaalsmuts\/\",\"url\":\"https:\/\/plantbezorgd.nl\/product\/vaste-planten\/euonymus-japonica-francien-kardinaalsmuts\/\",\"name\":\"Euonymus japonicus 'Francien' - Japanse Kardinaalsmuts Online Kopen - PlantBezorgd\",\"isPartOf\":{\"@id\":\"https:\/\/plantbezorgd.nl\/#website\"},\"primaryImageOfPage\":{\"@id\":\"https:\/\/plantbezorgd.nl\/product\/vaste-planten\/euonymus-japonica-francien-kardinaalsmuts\/#primaryimage\"},\"image\":{\"@id\":\"https:\/\/plantbezorgd.nl\/product\/vaste-planten\/euonymus-japonica-francien-kardinaalsmuts\/#primaryimage\"},\"thumbnailUrl\":\"https:\/\/plantbezorgd.nl\/wp-content\/uploads\/2023\/06\/euonymus-francien-pot.jpg\",\"datePublished\":\"2023-06-09T22:19:46+00:00\",\"dateModified\":\"2026-04-14T18:10:30+00:00\",\"description\":\"Op zoek naar de Euonymus japonicus 'Francien' - Japanse Kardinaalsmuts? \u2714 Lage verzendkosten \u2714 Kies je bezorgmoment & locatie \u2714 Groeigarantie!\",\"breadcrumb\":{\"@id\":\"https:\/\/plantbezorgd.nl\/product\/vaste-planten\/euonymus-japonica-francien-kardinaalsmuts\/#breadcrumb\"},\"inLanguage\":\"de\",\"potentialAction\":[{\"@type\":\"ReadAction\",\"target\":[\"https:\/\/plantbezorgd.nl\/product\/vaste-planten\/euonymus-japonica-francien-kardinaalsmuts\/\"]}]},{\"@type\":\"ImageObject\",\"inLanguage\":\"de\",\"@id\":\"https:\/\/plantbezorgd.nl\/product\/vaste-planten\/euonymus-japonica-francien-kardinaalsmuts\/#primaryimage\",\"url\":\"https:\/\/plantbezorgd.nl\/wp-content\/uploads\/2023\/06\/euonymus-francien-pot.jpg\",\"contentUrl\":\"https:\/\/plantbezorgd.nl\/wp-content\/uploads\/2023\/06\/euonymus-francien-pot.jpg\",\"width\":600,\"height\":600},{\"@type\":\"BreadcrumbList\",\"@id\":\"https:\/\/plantbezorgd.nl\/product\/vaste-planten\/euonymus-japonica-francien-kardinaalsmuts\/#breadcrumb\",\"itemListElement\":[{\"@type\":\"ListItem\",\"position\":1,\"name\":\"Shop\",\"item\":\"https:\/\/plantbezorgd.nl\/shop\/\"},{\"@type\":\"ListItem\",\"position\":2,\"name\":\"Euonymus \/ Kardinaalsmuts\",\"item\":\"https:\/\/plantbezorgd.nl\/product-categorie\/euonymus-kardinaalsmuts\/\"},{\"@type\":\"ListItem\",\"position\":3,\"name\":\"Euonymus japonicus &#8216;Francien&#8217; &#8211; Japanse Kardinaalsmuts\"}]},{\"@type\":\"WebSite\",\"@id\":\"https:\/\/plantbezorgd.nl\/#website\",\"url\":\"https:\/\/plantbezorgd.nl\/\",\"name\":\"PlantBezorgd\",\"description\":\"Betaalbare kwaliteitsplanten thuisbezorgd!\",\"publisher\":{\"@id\":\"https:\/\/plantbezorgd.nl\/#organization\"},\"potentialAction\":[{\"@type\":\"SearchAction\",\"target\":{\"@type\":\"EntryPoint\",\"urlTemplate\":\"https:\/\/plantbezorgd.nl\/?s={search_term_string}\"},\"query-input\":{\"@type\":\"PropertyValueSpecification\",\"valueRequired\":true,\"valueName\":\"search_term_string\"}}],\"inLanguage\":\"de\"},{\"@type\":\"Organization\",\"@id\":\"https:\/\/plantbezorgd.nl\/#organization\",\"name\":\"PlantBezorgd\",\"url\":\"https:\/\/plantbezorgd.nl\/\",\"logo\":{\"@type\":\"ImageObject\",\"inLanguage\":\"de\",\"@id\":\"https:\/\/plantbezorgd.nl\/#\/schema\/logo\/image\/\",\"url\":\"https:\/\/plantbezorgd.nl\/wp-content\/uploads\/2023\/05\/Logo.svg\",\"contentUrl\":\"https:\/\/plantbezorgd.nl\/wp-content\/uploads\/2023\/05\/Logo.svg\",\"caption\":\"PlantBezorgd\"},\"image\":{\"@id\":\"https:\/\/plantbezorgd.nl\/#\/schema\/logo\/image\/\"}}]}<\/script>\n<!-- \/ Yoast SEO plugin. -->","yoast_head_json":{"title":"Euonymus japonicus 'Francien' - Japanischen Spindelahorn online kaufen - PlantBezorgd","description":"Sie suchen Euonymus japonicus 'Francien' - Japanische Spindel? \u2714 Niedrige Versandkosten \u2714 W\u00e4hlen Sie Ihren Liefertermin und -ort \u2714 Wachstumsgarantie!","robots":{"index":"index","follow":"follow","max-snippet":"max-snippet:-1","max-image-preview":"max-image-preview:large","max-video-preview":"max-video-preview:-1"},"canonical":"https:\/\/plantbezorgd.nl\/de\/produkt\/stauden-2\/euonymus-japonica-francien-kardinalshut-2\/","og_locale":"de_DE","og_type":"article","og_title":"Euonymus japonicus 'Francien' - Japanse Kardinaalsmuts Online Kopen - PlantBezorgd","og_description":"Op zoek naar de Euonymus japonicus 'Francien' - Japanse Kardinaalsmuts? \u2714 Lage verzendkosten \u2714 Kies je bezorgmoment & locatie \u2714 Groeigarantie!","og_url":"https:\/\/plantbezorgd.nl\/de\/produkt\/stauden-2\/euonymus-japonica-francien-kardinalshut-2\/","og_site_name":"PlantBezorgd","article_modified_time":"2026-04-14T18:10:30+00:00","og_image":[{"width":600,"height":600,"url":"https:\/\/plantbezorgd.nl\/wp-content\/uploads\/2023\/06\/euonymus-francien-pot.jpg","type":"image\/jpeg"}],"twitter_card":"summary_large_image","twitter_misc":{"Gesch\u00e4tzte Lesezeit":"1\u00a0Minute"},"schema":{"@context":"https:\/\/schema.org","@graph":[{"@type":"WebPage","@id":"https:\/\/plantbezorgd.nl\/product\/vaste-planten\/euonymus-japonica-francien-kardinaalsmuts\/","url":"https:\/\/plantbezorgd.nl\/product\/vaste-planten\/euonymus-japonica-francien-kardinaalsmuts\/","name":"Euonymus japonicus 'Francien' - Japanischen Spindelahorn online kaufen - PlantBezorgd","isPartOf":{"@id":"https:\/\/plantbezorgd.nl\/#website"},"primaryImageOfPage":{"@id":"https:\/\/plantbezorgd.nl\/product\/vaste-planten\/euonymus-japonica-francien-kardinaalsmuts\/#primaryimage"},"image":{"@id":"https:\/\/plantbezorgd.nl\/product\/vaste-planten\/euonymus-japonica-francien-kardinaalsmuts\/#primaryimage"},"thumbnailUrl":"https:\/\/plantbezorgd.nl\/wp-content\/uploads\/2023\/06\/euonymus-francien-pot.jpg","datePublished":"2023-06-09T22:19:46+00:00","dateModified":"2026-04-14T18:10:30+00:00","description":"Sie suchen Euonymus japonicus 'Francien' - Japanische Spindel? \u2714 Niedrige Versandkosten \u2714 W\u00e4hlen Sie Ihren Liefertermin und -ort \u2714 Wachstumsgarantie!","breadcrumb":{"@id":"https:\/\/plantbezorgd.nl\/product\/vaste-planten\/euonymus-japonica-francien-kardinaalsmuts\/#breadcrumb"},"inLanguage":"de","potentialAction":[{"@type":"ReadAction","target":["https:\/\/plantbezorgd.nl\/product\/vaste-planten\/euonymus-japonica-francien-kardinaalsmuts\/"]}]},{"@type":"ImageObject","inLanguage":"de","@id":"https:\/\/plantbezorgd.nl\/product\/vaste-planten\/euonymus-japonica-francien-kardinaalsmuts\/#primaryimage","url":"https:\/\/plantbezorgd.nl\/wp-content\/uploads\/2023\/06\/euonymus-francien-pot.jpg","contentUrl":"https:\/\/plantbezorgd.nl\/wp-content\/uploads\/2023\/06\/euonymus-francien-pot.jpg","width":600,"height":600},{"@type":"BreadcrumbList","@id":"https:\/\/plantbezorgd.nl\/product\/vaste-planten\/euonymus-japonica-francien-kardinaalsmuts\/#breadcrumb","itemListElement":[{"@type":"ListItem","position":1,"name":"Shop","item":"https:\/\/plantbezorgd.nl\/shop\/"},{"@type":"ListItem","position":2,"name":"Euonymus \/ Kardinaalsmuts","item":"https:\/\/plantbezorgd.nl\/product-categorie\/euonymus-kardinaalsmuts\/"},{"@type":"ListItem","position":3,"name":"Euonymus japonicus &#8216;Francien&#8217; &#8211; Japanse Kardinaalsmuts"}]},{"@type":"WebSite","@id":"https:\/\/plantbezorgd.nl\/#website","url":"https:\/\/plantbezorgd.nl\/","name":"PflanzenGeliefert","description":"Erschwingliche Qualit\u00e4tspflanzen direkt zu Ihnen nach Hause geliefert!","publisher":{"@id":"https:\/\/plantbezorgd.nl\/#organization"},"potentialAction":[{"@type":"SearchAction","target":{"@type":"EntryPoint","urlTemplate":"https:\/\/plantbezorgd.nl\/?s={search_term_string}"},"query-input":{"@type":"PropertyValueSpecification","valueRequired":true,"valueName":"search_term_string"}}],"inLanguage":"de"},{"@type":"Organization","@id":"https:\/\/plantbezorgd.nl\/#organization","name":"PflanzenGeliefert","url":"https:\/\/plantbezorgd.nl\/","logo":{"@type":"ImageObject","inLanguage":"de","@id":"https:\/\/plantbezorgd.nl\/#\/schema\/logo\/image\/","url":"https:\/\/plantbezorgd.nl\/wp-content\/uploads\/2023\/05\/Logo.svg","contentUrl":"https:\/\/plantbezorgd.nl\/wp-content\/uploads\/2023\/05\/Logo.svg","caption":"PlantBezorgd"},"image":{"@id":"https:\/\/plantbezorgd.nl\/#\/schema\/logo\/image\/"}}]}},"_links":{"self":[{"href":"https:\/\/plantbezorgd.nl\/de\/wp-json\/wp\/v2\/product\/5883","targetHints":{"allow":["GET"]}}],"collection":[{"href":"https:\/\/plantbezorgd.nl\/de\/wp-json\/wp\/v2\/product"}],"about":[{"href":"https:\/\/plantbezorgd.nl\/de\/wp-json\/wp\/v2\/types\/product"}],"replies":[{"embeddable":true,"href":"https:\/\/plantbezorgd.nl\/de\/wp-json\/wp\/v2\/comments?post=5883"}],"wp:featuredmedia":[{"embeddable":true,"href":"https:\/\/plantbezorgd.nl\/de\/wp-json\/wp\/v2\/media\/5885"}],"wp:attachment":[{"href":"https:\/\/plantbezorgd.nl\/de\/wp-json\/wp\/v2\/media?parent=5883"}],"wp:term":[{"taxonomy":"product_brand","embeddable":true,"href":"https:\/\/plantbezorgd.nl\/de\/wp-json\/wp\/v2\/product_brand?post=5883"},{"taxonomy":"product_cat","embeddable":true,"href":"https:\/\/plantbezorgd.nl\/de\/wp-json\/wp\/v2\/product_cat?post=5883"},{"taxonomy":"product_tag","embeddable":true,"href":"https:\/\/plantbezorgd.nl\/de\/wp-json\/wp\/v2\/product_tag?post=5883"}],"curies":[{"name":"wp","href":"https:\/\/api.w.org\/{rel}","templated":true}]}}