{"id":5846,"date":"2023-06-07T16:04:34","date_gmt":"2023-06-07T14:04:34","guid":{"rendered":"https:\/\/plantbezorgd.s01.klik3.dev\/product\/uncategorized\/liriope-muscari-leliegras\/"},"modified":"2026-05-12T10:20:25","modified_gmt":"2026-05-12T08:20:25","slug":"liriope-muscari-lilygrass","status":"publish","type":"product","link":"https:\/\/plantbezorgd.nl\/de\/product\/vaste-planten\/liriope-muscari-leliegras\/","title":{"rendered":"Liriope muscari \u2013 Liliengras"},"content":{"rendered":"<p><span style=\"font-weight: 400;\">Das Trauben-Liriope (Liriope muscari) ist ein immergr\u00fcnes, niedrig wachsendes Ziergras. Von August bis Oktober bl\u00fcht es mit lilablauen Bl\u00fcten, die sich deutlich vom dunkelgr\u00fcnen Laub abheben und kleinen Trauben \u00e4hneln. Nach der Bl\u00fcte bildet das Trauben-Liriope schwarze Beeren, die bis zum Winter an der Pflanze bleiben. Dank seiner \u00fcppigen und farbenfrohen Bl\u00fctenpracht erfreut sich das Trauben-Liriope zunehmender Beliebtheit, im Gegensatz zu anderen Ziergr\u00e4sern, die eher unscheinbar bl\u00fchen. Es erreicht eine H\u00f6he von etwa 25 cm, mit Bl\u00fcte bis zu 40 cm.<\/span><span style=\"font-weight: 400;\"><br \/>\n<\/span><span style=\"font-weight: 400;\"><br \/>\n<\/span><b>Anwendung Liriope <\/b><b>Muscari <\/b><b>oder Liliengras<\/b><span style=\"font-weight: 400;\"><br \/>\n<\/span><span style=\"font-weight: 400;\">Dank ihres schnellen Wachstums eignet sich die Traubenhyazinthe (Liriope muscari) ideal als immergr\u00fcner Bodendecker, beispielsweise unter Str\u00e4uchern und kleinen B\u00e4umen. Achten Sie auf ausreichend Abstand zwischen den Pflanzen, damit sie gen\u00fcgend Platz zum Wachsen haben. Auch im Wintergarten, im Beet oder im Topf auf Terrasse oder Balkon, bringt die Traubenhyazinthe Farbe ins Spiel. <\/span><span style=\"font-weight: 400;\"><br \/>\n<\/span><span style=\"font-weight: 400;\"><br \/>\n<\/span><b>Pechlilie <\/b><b>Muscari <\/b><b>oder Liliengras<\/b><span style=\"font-weight: 400;\"><br \/>\n<\/span><span style=\"font-weight: 400;\">Liriope muscari <\/span><span style=\"font-weight: 400;\">W\u00e4chst am besten im Halbschatten oder Schatten. In gut durchl\u00e4ssigem, leicht feuchtem und n\u00e4hrstoffreichem Boden. Je mehr Sonne, desto mehr Wasser <\/span><span style=\"font-weight: 400;\">Liriope muscari <\/span><span style=\"font-weight: 400;\">Bed\u00fcrfnisse.\u00a0<\/span><\/p>\n<p>&nbsp;<\/p>\n<p><b>Pflege Liriope <\/b><b>Muscari <\/b><b>oder Liliengras<\/b><\/p>\n<p><b>Beschneiden <\/b><b><br \/>\n<\/b><span style=\"font-weight: 400;\">Schneiden Sie im M\u00e4rz\/April alle gr\u00fcnen und braunen Bl\u00e4tter knapp \u00fcber dem Boden ab. Auch die verbrauchten Bl\u00fcten\u00e4hren k\u00f6nnen abgeschnitten werden. Nach dem R\u00fcckschnitt treibt die Pflanze neue Triebe aus.\u00a0<\/span><\/p>\n<p><b>F\u00fctterung und D\u00fcngung <\/b><b><br \/>\n<\/b><span style=\"font-weight: 400;\">Geben Sie dem Liliengras im Fr\u00fchjahr organischen D\u00fcnger. <\/span><span style=\"font-weight: 400;\"><br \/>\n<\/span><b><br \/>\n<\/b><b>Wasser <\/b><span style=\"font-weight: 400;\"><br \/>\n<\/span><span style=\"font-weight: 400;\">Es ist wichtig, dass der Boden leicht feucht gehalten wird. W\u00e4ssern Sie weder zu viel noch zu wenig. <\/span><span style=\"font-weight: 400;\">\u00a0<\/span><span style=\"font-weight: 400;\"><br \/>\n<\/span><span style=\"font-weight: 400;\"><br \/>\n<\/span><b>Fragen zu Liriope <\/b><b>Muscari <\/b><b>oder Liliengras<\/b><span style=\"font-weight: 400;\"><br \/>\n<\/span><span style=\"font-weight: 400;\">Stellen Sie Ihre Frage online im Feld unten auf dieser Seite. Sie erhalten dann so schnell wie m\u00f6glich eine Antwort von dem Team von PlantBezorgd; erschwingliche Qualit\u00e4tspflanzen.\u00a0<\/span><span style=\"font-weight: 400;\"><br \/>\n<\/span><\/p>","protected":false},"excerpt":{"rendered":"<p>Liriope muscari is ook bekend onder de naam leliegras. Het is een wintergroen en laagblijvend siergras. In de maanden augustus t\/m oktober bloeit Liriope muscari\u00a0 met lilablauwe bloemen. Deze steken boven de donkergroene bladeren uit en lijken op druifjes. Na de bloei krijgt leliegras zwarte bessen. Deze blijven tot in de winter aan de plant. [&hellip;]<\/p>","protected":false},"featured_media":5847,"comment_status":"open","ping_status":"closed","template":"","meta":{"_acf_changed":false,"iawp_total_views":457},"product_brand":[],"product_cat":[316,236,238,318,237,235],"product_tag":[439,438,1587,433],"class_list":{"0":"post-5846","1":"product","2":"type-product","3":"status-publish","4":"has-post-thumbnail","6":"product_cat-alle-categorieen","7":"product_cat-alle-tuinplanten","8":"product_cat-bodembedekkers","9":"product_cat-liriope-leliegras","10":"product_cat-siergrassen","11":"product_cat-vaste-planten","12":"product_tag-alle","13":"product_tag-boost","14":"product_tag-local","15":"product_tag-tuin","16":"pa_aantal-per-m2-529","17":"pa_grondsoort-alle-grondsoorten-waterdoorlatend","18":"pa_volgroeide-hoogte-in-cm-759","19":"pa_wintergroen-bladhoudend-ja","20":"pa_winterhardheid-meerjarig-goed","22":"first","23":"instock","24":"taxable","25":"shipping-taxable","26":"purchasable","27":"product-type-variable","28":"has-default-attributes"},"acf":[],"gallery_images":[667,5848],"yoast_head":"<!-- This site is optimized with the Yoast SEO plugin v25.3 - https:\/\/yoast.com\/wordpress\/plugins\/seo\/ -->\n<title>Liriope muscari - Leliegras Online Kopen - PlantBezorgd<\/title>\n<meta name=\"description\" content=\"Op zoek naar de Liriope muscari - Leliegras? \u2714 Lage verzendkosten \u2714 Kies je bezorgmoment &amp; locatie \u2714 Groeigarantie!\" \/>\n<meta name=\"robots\" content=\"index, follow, max-snippet:-1, max-image-preview:large, max-video-preview:-1\" \/>\n<link rel=\"canonical\" href=\"https:\/\/plantbezorgd.nl\/de\/produkt\/stauden-2\/liriope-muscari-lilygrass\/\" \/>\n<meta property=\"og:locale\" content=\"de_DE\" \/>\n<meta property=\"og:type\" content=\"article\" \/>\n<meta property=\"og:title\" content=\"Liriope muscari - Leliegras Online Kopen - PlantBezorgd\" \/>\n<meta property=\"og:description\" content=\"Op zoek naar de Liriope muscari - Leliegras? \u2714 Lage verzendkosten \u2714 Kies je bezorgmoment &amp; locatie \u2714 Groeigarantie!\" \/>\n<meta property=\"og:url\" content=\"https:\/\/plantbezorgd.nl\/de\/produkt\/stauden-2\/liriope-muscari-lilygrass\/\" \/>\n<meta property=\"og:site_name\" content=\"PlantBezorgd\" \/>\n<meta property=\"article:modified_time\" content=\"2026-05-12T08:20:25+00:00\" \/>\n<meta property=\"og:image\" content=\"https:\/\/plantbezorgd.nl\/wp-content\/uploads\/2023\/06\/liriope-muscari-leliegras-1.jpg\" \/>\n\t<meta property=\"og:image:width\" content=\"349\" \/>\n\t<meta property=\"og:image:height\" content=\"520\" \/>\n\t<meta property=\"og:image:type\" content=\"image\/jpeg\" \/>\n<meta name=\"twitter:card\" content=\"summary_large_image\" \/>\n<meta name=\"twitter:label1\" content=\"Gesch\u00e4tzte Lesezeit\" \/>\n\t<meta name=\"twitter:data1\" content=\"2\u00a0Minuten\" \/>\n<script type=\"application\/ld+json\" class=\"yoast-schema-graph\">{\"@context\":\"https:\/\/schema.org\",\"@graph\":[{\"@type\":\"WebPage\",\"@id\":\"https:\/\/plantbezorgd.nl\/product\/vaste-planten\/liriope-muscari-leliegras\/\",\"url\":\"https:\/\/plantbezorgd.nl\/product\/vaste-planten\/liriope-muscari-leliegras\/\",\"name\":\"Liriope muscari - Leliegras Online Kopen - PlantBezorgd\",\"isPartOf\":{\"@id\":\"https:\/\/plantbezorgd.nl\/#website\"},\"primaryImageOfPage\":{\"@id\":\"https:\/\/plantbezorgd.nl\/product\/vaste-planten\/liriope-muscari-leliegras\/#primaryimage\"},\"image\":{\"@id\":\"https:\/\/plantbezorgd.nl\/product\/vaste-planten\/liriope-muscari-leliegras\/#primaryimage\"},\"thumbnailUrl\":\"https:\/\/plantbezorgd.nl\/wp-content\/uploads\/2023\/06\/liriope-muscari-leliegras-1.jpg\",\"datePublished\":\"2023-06-07T14:04:34+00:00\",\"dateModified\":\"2026-05-12T08:20:25+00:00\",\"description\":\"Op zoek naar de Liriope muscari - Leliegras? \u2714 Lage verzendkosten \u2714 Kies je bezorgmoment & locatie \u2714 Groeigarantie!\",\"breadcrumb\":{\"@id\":\"https:\/\/plantbezorgd.nl\/product\/vaste-planten\/liriope-muscari-leliegras\/#breadcrumb\"},\"inLanguage\":\"de\",\"potentialAction\":[{\"@type\":\"ReadAction\",\"target\":[\"https:\/\/plantbezorgd.nl\/product\/vaste-planten\/liriope-muscari-leliegras\/\"]}]},{\"@type\":\"ImageObject\",\"inLanguage\":\"de\",\"@id\":\"https:\/\/plantbezorgd.nl\/product\/vaste-planten\/liriope-muscari-leliegras\/#primaryimage\",\"url\":\"https:\/\/plantbezorgd.nl\/wp-content\/uploads\/2023\/06\/liriope-muscari-leliegras-1.jpg\",\"contentUrl\":\"https:\/\/plantbezorgd.nl\/wp-content\/uploads\/2023\/06\/liriope-muscari-leliegras-1.jpg\",\"width\":349,\"height\":520},{\"@type\":\"BreadcrumbList\",\"@id\":\"https:\/\/plantbezorgd.nl\/product\/vaste-planten\/liriope-muscari-leliegras\/#breadcrumb\",\"itemListElement\":[{\"@type\":\"ListItem\",\"position\":1,\"name\":\"Shop\",\"item\":\"https:\/\/plantbezorgd.nl\/shop\/\"},{\"@type\":\"ListItem\",\"position\":2,\"name\":\"Liriope \/ Leliegras\",\"item\":\"https:\/\/plantbezorgd.nl\/product-categorie\/liriope-leliegras\/\"},{\"@type\":\"ListItem\",\"position\":3,\"name\":\"Liriope muscari &#8211; Leliegras\"}]},{\"@type\":\"WebSite\",\"@id\":\"https:\/\/plantbezorgd.nl\/#website\",\"url\":\"https:\/\/plantbezorgd.nl\/\",\"name\":\"PlantBezorgd\",\"description\":\"Betaalbare kwaliteitsplanten thuisbezorgd!\",\"publisher\":{\"@id\":\"https:\/\/plantbezorgd.nl\/#organization\"},\"potentialAction\":[{\"@type\":\"SearchAction\",\"target\":{\"@type\":\"EntryPoint\",\"urlTemplate\":\"https:\/\/plantbezorgd.nl\/?s={search_term_string}\"},\"query-input\":{\"@type\":\"PropertyValueSpecification\",\"valueRequired\":true,\"valueName\":\"search_term_string\"}}],\"inLanguage\":\"de\"},{\"@type\":\"Organization\",\"@id\":\"https:\/\/plantbezorgd.nl\/#organization\",\"name\":\"PlantBezorgd\",\"url\":\"https:\/\/plantbezorgd.nl\/\",\"logo\":{\"@type\":\"ImageObject\",\"inLanguage\":\"de\",\"@id\":\"https:\/\/plantbezorgd.nl\/#\/schema\/logo\/image\/\",\"url\":\"https:\/\/plantbezorgd.nl\/wp-content\/uploads\/2023\/05\/Logo.svg\",\"contentUrl\":\"https:\/\/plantbezorgd.nl\/wp-content\/uploads\/2023\/05\/Logo.svg\",\"caption\":\"PlantBezorgd\"},\"image\":{\"@id\":\"https:\/\/plantbezorgd.nl\/#\/schema\/logo\/image\/\"}}]}<\/script>\n<!-- \/ Yoast SEO plugin. -->","yoast_head_json":{"title":"Liriope muscari \u2013 Liliengras online kaufen \u2013 PlantBezorgd","description":"Suchen Sie nach Liriope muscari \u2013 dem Liliengras? \u2714 Niedrige Versandkosten \u2714 Lieferzeit und -ort frei w\u00e4hlbar \u2714 Wachstumsgarantie!","robots":{"index":"index","follow":"follow","max-snippet":"max-snippet:-1","max-image-preview":"max-image-preview:large","max-video-preview":"max-video-preview:-1"},"canonical":"https:\/\/plantbezorgd.nl\/de\/produkt\/stauden-2\/liriope-muscari-lilygrass\/","og_locale":"de_DE","og_type":"article","og_title":"Liriope muscari - Leliegras Online Kopen - PlantBezorgd","og_description":"Op zoek naar de Liriope muscari - Leliegras? \u2714 Lage verzendkosten \u2714 Kies je bezorgmoment & locatie \u2714 Groeigarantie!","og_url":"https:\/\/plantbezorgd.nl\/de\/produkt\/stauden-2\/liriope-muscari-lilygrass\/","og_site_name":"PlantBezorgd","article_modified_time":"2026-05-12T08:20:25+00:00","og_image":[{"width":349,"height":520,"url":"https:\/\/plantbezorgd.nl\/wp-content\/uploads\/2023\/06\/liriope-muscari-leliegras-1.jpg","type":"image\/jpeg"}],"twitter_card":"summary_large_image","twitter_misc":{"Gesch\u00e4tzte Lesezeit":"2\u00a0Minuten"},"schema":{"@context":"https:\/\/schema.org","@graph":[{"@type":"WebPage","@id":"https:\/\/plantbezorgd.nl\/product\/vaste-planten\/liriope-muscari-leliegras\/","url":"https:\/\/plantbezorgd.nl\/product\/vaste-planten\/liriope-muscari-leliegras\/","name":"Liriope muscari \u2013 Liliengras online kaufen \u2013 PlantBezorgd","isPartOf":{"@id":"https:\/\/plantbezorgd.nl\/#website"},"primaryImageOfPage":{"@id":"https:\/\/plantbezorgd.nl\/product\/vaste-planten\/liriope-muscari-leliegras\/#primaryimage"},"image":{"@id":"https:\/\/plantbezorgd.nl\/product\/vaste-planten\/liriope-muscari-leliegras\/#primaryimage"},"thumbnailUrl":"https:\/\/plantbezorgd.nl\/wp-content\/uploads\/2023\/06\/liriope-muscari-leliegras-1.jpg","datePublished":"2023-06-07T14:04:34+00:00","dateModified":"2026-05-12T08:20:25+00:00","description":"Suchen Sie nach Liriope muscari \u2013 dem Liliengras? \u2714 Niedrige Versandkosten \u2714 Lieferzeit und -ort frei w\u00e4hlbar \u2714 Wachstumsgarantie!","breadcrumb":{"@id":"https:\/\/plantbezorgd.nl\/product\/vaste-planten\/liriope-muscari-leliegras\/#breadcrumb"},"inLanguage":"de","potentialAction":[{"@type":"ReadAction","target":["https:\/\/plantbezorgd.nl\/product\/vaste-planten\/liriope-muscari-leliegras\/"]}]},{"@type":"ImageObject","inLanguage":"de","@id":"https:\/\/plantbezorgd.nl\/product\/vaste-planten\/liriope-muscari-leliegras\/#primaryimage","url":"https:\/\/plantbezorgd.nl\/wp-content\/uploads\/2023\/06\/liriope-muscari-leliegras-1.jpg","contentUrl":"https:\/\/plantbezorgd.nl\/wp-content\/uploads\/2023\/06\/liriope-muscari-leliegras-1.jpg","width":349,"height":520},{"@type":"BreadcrumbList","@id":"https:\/\/plantbezorgd.nl\/product\/vaste-planten\/liriope-muscari-leliegras\/#breadcrumb","itemListElement":[{"@type":"ListItem","position":1,"name":"Shop","item":"https:\/\/plantbezorgd.nl\/shop\/"},{"@type":"ListItem","position":2,"name":"Liriope \/ Leliegras","item":"https:\/\/plantbezorgd.nl\/product-categorie\/liriope-leliegras\/"},{"@type":"ListItem","position":3,"name":"Liriope muscari &#8211; Leliegras"}]},{"@type":"WebSite","@id":"https:\/\/plantbezorgd.nl\/#website","url":"https:\/\/plantbezorgd.nl\/","name":"PflanzenGeliefert","description":"Erschwingliche Qualit\u00e4tspflanzen direkt zu Ihnen nach Hause geliefert!","publisher":{"@id":"https:\/\/plantbezorgd.nl\/#organization"},"potentialAction":[{"@type":"SearchAction","target":{"@type":"EntryPoint","urlTemplate":"https:\/\/plantbezorgd.nl\/?s={search_term_string}"},"query-input":{"@type":"PropertyValueSpecification","valueRequired":true,"valueName":"search_term_string"}}],"inLanguage":"de"},{"@type":"Organization","@id":"https:\/\/plantbezorgd.nl\/#organization","name":"PflanzenGeliefert","url":"https:\/\/plantbezorgd.nl\/","logo":{"@type":"ImageObject","inLanguage":"de","@id":"https:\/\/plantbezorgd.nl\/#\/schema\/logo\/image\/","url":"https:\/\/plantbezorgd.nl\/wp-content\/uploads\/2023\/05\/Logo.svg","contentUrl":"https:\/\/plantbezorgd.nl\/wp-content\/uploads\/2023\/05\/Logo.svg","caption":"PlantBezorgd"},"image":{"@id":"https:\/\/plantbezorgd.nl\/#\/schema\/logo\/image\/"}}]}},"_links":{"self":[{"href":"https:\/\/plantbezorgd.nl\/de\/wp-json\/wp\/v2\/product\/5846","targetHints":{"allow":["GET"]}}],"collection":[{"href":"https:\/\/plantbezorgd.nl\/de\/wp-json\/wp\/v2\/product"}],"about":[{"href":"https:\/\/plantbezorgd.nl\/de\/wp-json\/wp\/v2\/types\/product"}],"replies":[{"embeddable":true,"href":"https:\/\/plantbezorgd.nl\/de\/wp-json\/wp\/v2\/comments?post=5846"}],"wp:featuredmedia":[{"embeddable":true,"href":"https:\/\/plantbezorgd.nl\/de\/wp-json\/wp\/v2\/media\/5847"}],"wp:attachment":[{"href":"https:\/\/plantbezorgd.nl\/de\/wp-json\/wp\/v2\/media?parent=5846"}],"wp:term":[{"taxonomy":"product_brand","embeddable":true,"href":"https:\/\/plantbezorgd.nl\/de\/wp-json\/wp\/v2\/product_brand?post=5846"},{"taxonomy":"product_cat","embeddable":true,"href":"https:\/\/plantbezorgd.nl\/de\/wp-json\/wp\/v2\/product_cat?post=5846"},{"taxonomy":"product_tag","embeddable":true,"href":"https:\/\/plantbezorgd.nl\/de\/wp-json\/wp\/v2\/product_tag?post=5846"}],"curies":[{"name":"wp","href":"https:\/\/api.w.org\/{rel}","templated":true}]}}