{"id":5840,"date":"2023-06-13T07:23:19","date_gmt":"2023-06-13T05:23:19","guid":{"rendered":"https:\/\/plantbezorgd.s01.klik3.dev\/product\/uncategorized\/helleborus-niger-praecox-kerstroos\/"},"modified":"2026-04-14T04:29:33","modified_gmt":"2026-04-14T02:29:33","slug":"helleborus-niger-praecox-christrose-2","status":"publish","type":"product","link":"https:\/\/plantbezorgd.nl\/de\/produkt\/alle-straucher-2\/helleborus-niger-praecox-christrose-2\/","title":{"rendered":"Helleborus niger Praecox - Christrose"},"content":{"rendered":"<h2><span style=\"font-weight: 400;\">Helleborus niger Praecox oder Gew\u00f6hnliches Nieswurz<\/span><\/h2>\n<p>Helleborus niger Praecox h\u00f6rt auch auf den Namen Nieswurz. Dieser Winterbl\u00fcher bl\u00fcht in den Monaten Januar, Februar und M\u00e4rz mit wei\u00dfen Bl\u00fcten, die gelbe Staubgef\u00e4\u00dfe und ein gr\u00fcnlich-gelbes Herz enthalten. Dieser immergr\u00fcne Bodendecker hat ledrige gr\u00fcne Bl\u00e4tter. Der Helleborus erreicht eine H\u00f6he von etwa 30 Zentimetern.<\/p>\n<h2><span style=\"font-weight: 400;\">Der Helleborus niger<\/span><span style=\"font-weight: 400;\">\u00a0Beschneiden<\/span><\/h2>\n<p>Die Bl\u00e4tter von Helleborus niger Praecox werden w\u00e4hrend der Bl\u00fctezeit oft teilweise zur\u00fcckgeschnitten, um den Bl\u00fcten mehr Platz zu geben.<\/p>\n<h2><span style=\"font-weight: 400;\">Anwendung Helleborus niger<\/span><\/h2>\n<p><span style=\"font-weight: 400;\">Helleborus niger Praecox wird h\u00e4ufig als Bodendecker im Garten verwendet. In diesem Fall ist es am besten, 7 bis 9 Pflanzen pro Quadratmeter zu setzen. Auch auf der Terrasse oder dem Balkon sieht man sie h\u00e4ufig im Topf. Es ist wichtig, dass Sie sie in einen Topf setzen, in dem sie gen\u00fcgend Platz hat, denn die Helleborus mag es nicht, umgetopft zu werden.\u00a0<\/span><\/p>\n<h2><span style=\"font-weight: 400;\">Standort Helleborus niger<\/span><\/h2>\n<p><span style=\"font-weight: 400;\">Sneezewort mag nicht viel Sonne, daher bevorzugt es Halbschatten oder Vollschatten. Achten Sie darauf, dass er in gut durchl\u00e4ssigem Boden steht; er mag keine nassen F\u00fc\u00dfe.\u00a0<\/span><\/p>\n<h3><span style=\"font-weight: 400;\">F\u00fctterung und D\u00fcngung<\/span><span style=\"font-weight: 400;\"> Vom Nieswurz<\/span><\/h3>\n<p><span style=\"font-weight: 400;\">Helleborus niger Praecox kann bereits w\u00e4hrend der Bl\u00fctezeit mit organischem D\u00fcnger ged\u00fcngt werden, ein zweites Mal im Herbst um August-September.\u00a0<\/span><\/p>\n<h3><span style=\"font-weight: 400;\">Wasser <\/span><span style=\"font-weight: 400;\">Angabe von Helleborus niger Praecox<\/span><\/h3>\n<p><span style=\"font-weight: 400;\">Die Helleborus braucht nicht viel Wasser, steht aber auch nicht gern in trockener Erde. Sorgen Sie also daf\u00fcr, dass sie immer in leicht feuchter Erde steht.<\/span><\/p>\n<h2><span style=\"font-weight: 400;\">Fragen zu Helleborus niger Praecox<\/span><span style=\"font-weight: 400;\">?<\/span><\/h2>\n<p><span style=\"font-weight: 400;\">Stellen Sie Ihre Frage online im Feld unten auf dieser Seite. Sie erhalten dann so schnell wie m\u00f6glich eine Antwort von dem Team von PlantBezorgd; erschwingliche Qualit\u00e4tspflanzen.<\/span><\/p>","protected":false},"excerpt":{"rendered":"<p>Helleborus niger Praecox ofwel Nieskruid Helleborus niger Praecox luistert ook wel naar de naam nieskruid. Deze winterbloeier bloeit in de maanden januari, februari en maart met witte bloemen met daarin de gele meeldraden en een groengeel hart. Deze wintergroene bodembedekker heeft leerachtig groen blad. De Helleborus heeft een uiteindelijke hoogte van zo&#8217;n 30 centimeter. De [&hellip;]<\/p>","protected":false},"featured_media":5841,"comment_status":"open","ping_status":"closed","template":"","meta":{"_acf_changed":false,"iawp_total_views":769},"product_brand":[],"product_cat":[316,233,236,325,240,235],"product_tag":[439,438,1587,433],"class_list":{"0":"post-5840","1":"product","2":"type-product","3":"status-publish","4":"has-post-thumbnail","6":"product_cat-alle-categorieen","7":"product_cat-alle-heesters","8":"product_cat-alle-tuinplanten","9":"product_cat-helleborus-kerstroos-winterroos-of-nieskruid","10":"product_cat-overige-heesters","11":"product_cat-vaste-planten","12":"product_tag-alle","13":"product_tag-boost","14":"product_tag-local","15":"product_tag-tuin","16":"pa_aantal-per-m2-529","17":"pa_grondsoort-alle-grondsoorten-waterdoorlatend","18":"pa_volgroeide-hoogte-in-cm-725","19":"pa_wintergroen-bladhoudend-ja","20":"pa_winterhardheid-meerjarig-goed","22":"first","23":"instock","24":"taxable","25":"shipping-taxable","26":"purchasable","27":"product-type-variable","28":"has-default-attributes"},"acf":[],"gallery_images":[667],"yoast_head":"<!-- This site is optimized with the Yoast SEO plugin v25.3 - https:\/\/yoast.com\/wordpress\/plugins\/seo\/ -->\n<title>Helleborus niger Praecox - Kerstroos Online Kopen - PlantBezorgd<\/title>\n<meta name=\"description\" content=\"Op zoek naar de Helleborus niger Praecox - Kerstroos? \u2714 Lage verzendkosten \u2714 Kies je bezorgmoment &amp; locatie \u2714 Groeigarantie!\" \/>\n<meta name=\"robots\" content=\"index, follow, max-snippet:-1, max-image-preview:large, max-video-preview:-1\" \/>\n<link rel=\"canonical\" href=\"https:\/\/plantbezorgd.nl\/de\/produkt\/alle-straucher-2\/helleborus-niger-praecox-christrose-2\/\" \/>\n<meta property=\"og:locale\" content=\"de_DE\" \/>\n<meta property=\"og:type\" content=\"article\" \/>\n<meta property=\"og:title\" content=\"Helleborus niger Praecox - Kerstroos Online Kopen - PlantBezorgd\" \/>\n<meta property=\"og:description\" content=\"Op zoek naar de Helleborus niger Praecox - Kerstroos? \u2714 Lage verzendkosten \u2714 Kies je bezorgmoment &amp; locatie \u2714 Groeigarantie!\" \/>\n<meta property=\"og:url\" content=\"https:\/\/plantbezorgd.nl\/de\/produkt\/alle-straucher-2\/helleborus-niger-praecox-christrose-2\/\" \/>\n<meta property=\"og:site_name\" content=\"PlantBezorgd\" \/>\n<meta property=\"article:modified_time\" content=\"2026-04-14T02:29:33+00:00\" \/>\n<meta property=\"og:image\" content=\"https:\/\/plantbezorgd.nl\/wp-content\/uploads\/2023\/06\/Helleborus-Niger-Praecox-Kerstroos.jpg\" \/>\n\t<meta property=\"og:image:width\" content=\"1000\" \/>\n\t<meta property=\"og:image:height\" content=\"667\" \/>\n\t<meta property=\"og:image:type\" content=\"image\/jpeg\" \/>\n<meta name=\"twitter:card\" content=\"summary_large_image\" \/>\n<meta name=\"twitter:label1\" content=\"Gesch\u00e4tzte Lesezeit\" \/>\n\t<meta name=\"twitter:data1\" content=\"2\u00a0Minuten\" \/>\n<script type=\"application\/ld+json\" class=\"yoast-schema-graph\">{\"@context\":\"https:\/\/schema.org\",\"@graph\":[{\"@type\":\"WebPage\",\"@id\":\"https:\/\/plantbezorgd.nl\/product\/alle-heesters\/helleborus-niger-praecox-kerstroos\/\",\"url\":\"https:\/\/plantbezorgd.nl\/product\/alle-heesters\/helleborus-niger-praecox-kerstroos\/\",\"name\":\"Helleborus niger Praecox - Kerstroos Online Kopen - PlantBezorgd\",\"isPartOf\":{\"@id\":\"https:\/\/plantbezorgd.nl\/#website\"},\"primaryImageOfPage\":{\"@id\":\"https:\/\/plantbezorgd.nl\/product\/alle-heesters\/helleborus-niger-praecox-kerstroos\/#primaryimage\"},\"image\":{\"@id\":\"https:\/\/plantbezorgd.nl\/product\/alle-heesters\/helleborus-niger-praecox-kerstroos\/#primaryimage\"},\"thumbnailUrl\":\"https:\/\/plantbezorgd.nl\/wp-content\/uploads\/2023\/06\/Helleborus-Niger-Praecox-Kerstroos.jpg\",\"datePublished\":\"2023-06-13T05:23:19+00:00\",\"dateModified\":\"2026-04-14T02:29:33+00:00\",\"description\":\"Op zoek naar de Helleborus niger Praecox - Kerstroos? \u2714 Lage verzendkosten \u2714 Kies je bezorgmoment & locatie \u2714 Groeigarantie!\",\"breadcrumb\":{\"@id\":\"https:\/\/plantbezorgd.nl\/product\/alle-heesters\/helleborus-niger-praecox-kerstroos\/#breadcrumb\"},\"inLanguage\":\"de\",\"potentialAction\":[{\"@type\":\"ReadAction\",\"target\":[\"https:\/\/plantbezorgd.nl\/product\/alle-heesters\/helleborus-niger-praecox-kerstroos\/\"]}]},{\"@type\":\"ImageObject\",\"inLanguage\":\"de\",\"@id\":\"https:\/\/plantbezorgd.nl\/product\/alle-heesters\/helleborus-niger-praecox-kerstroos\/#primaryimage\",\"url\":\"https:\/\/plantbezorgd.nl\/wp-content\/uploads\/2023\/06\/Helleborus-Niger-Praecox-Kerstroos.jpg\",\"contentUrl\":\"https:\/\/plantbezorgd.nl\/wp-content\/uploads\/2023\/06\/Helleborus-Niger-Praecox-Kerstroos.jpg\",\"width\":1000,\"height\":667},{\"@type\":\"BreadcrumbList\",\"@id\":\"https:\/\/plantbezorgd.nl\/product\/alle-heesters\/helleborus-niger-praecox-kerstroos\/#breadcrumb\",\"itemListElement\":[{\"@type\":\"ListItem\",\"position\":1,\"name\":\"Shop\",\"item\":\"https:\/\/plantbezorgd.nl\/shop\/\"},{\"@type\":\"ListItem\",\"position\":2,\"name\":\"Helleborus \/ Kerstroos, winterroos of nieskruid\",\"item\":\"https:\/\/plantbezorgd.nl\/product-categorie\/helleborus-kerstroos-winterroos-of-nieskruid\/\"},{\"@type\":\"ListItem\",\"position\":3,\"name\":\"Helleborus niger Praecox &#8211; Kerstroos\"}]},{\"@type\":\"WebSite\",\"@id\":\"https:\/\/plantbezorgd.nl\/#website\",\"url\":\"https:\/\/plantbezorgd.nl\/\",\"name\":\"PlantBezorgd\",\"description\":\"Betaalbare kwaliteitsplanten thuisbezorgd!\",\"publisher\":{\"@id\":\"https:\/\/plantbezorgd.nl\/#organization\"},\"potentialAction\":[{\"@type\":\"SearchAction\",\"target\":{\"@type\":\"EntryPoint\",\"urlTemplate\":\"https:\/\/plantbezorgd.nl\/?s={search_term_string}\"},\"query-input\":{\"@type\":\"PropertyValueSpecification\",\"valueRequired\":true,\"valueName\":\"search_term_string\"}}],\"inLanguage\":\"de\"},{\"@type\":\"Organization\",\"@id\":\"https:\/\/plantbezorgd.nl\/#organization\",\"name\":\"PlantBezorgd\",\"url\":\"https:\/\/plantbezorgd.nl\/\",\"logo\":{\"@type\":\"ImageObject\",\"inLanguage\":\"de\",\"@id\":\"https:\/\/plantbezorgd.nl\/#\/schema\/logo\/image\/\",\"url\":\"https:\/\/plantbezorgd.nl\/wp-content\/uploads\/2023\/05\/Logo.svg\",\"contentUrl\":\"https:\/\/plantbezorgd.nl\/wp-content\/uploads\/2023\/05\/Logo.svg\",\"caption\":\"PlantBezorgd\"},\"image\":{\"@id\":\"https:\/\/plantbezorgd.nl\/#\/schema\/logo\/image\/\"}}]}<\/script>\n<!-- \/ Yoast SEO plugin. -->","yoast_head_json":{"title":"Helleborus niger Praecox - Christrose online kaufen - PlantBezorgd","description":"Sie suchen Helleborus niger Praecox - Christrose? \u2714 Niedrige Versandkosten \u2714 W\u00e4hlen Sie Ihren Liefertermin und -ort \u2714 Wachstumsgarantie!","robots":{"index":"index","follow":"follow","max-snippet":"max-snippet:-1","max-image-preview":"max-image-preview:large","max-video-preview":"max-video-preview:-1"},"canonical":"https:\/\/plantbezorgd.nl\/de\/produkt\/alle-straucher-2\/helleborus-niger-praecox-christrose-2\/","og_locale":"de_DE","og_type":"article","og_title":"Helleborus niger Praecox - Kerstroos Online Kopen - PlantBezorgd","og_description":"Op zoek naar de Helleborus niger Praecox - Kerstroos? \u2714 Lage verzendkosten \u2714 Kies je bezorgmoment & locatie \u2714 Groeigarantie!","og_url":"https:\/\/plantbezorgd.nl\/de\/produkt\/alle-straucher-2\/helleborus-niger-praecox-christrose-2\/","og_site_name":"PlantBezorgd","article_modified_time":"2026-04-14T02:29:33+00:00","og_image":[{"width":1000,"height":667,"url":"https:\/\/plantbezorgd.nl\/wp-content\/uploads\/2023\/06\/Helleborus-Niger-Praecox-Kerstroos.jpg","type":"image\/jpeg"}],"twitter_card":"summary_large_image","twitter_misc":{"Gesch\u00e4tzte Lesezeit":"2\u00a0Minuten"},"schema":{"@context":"https:\/\/schema.org","@graph":[{"@type":"WebPage","@id":"https:\/\/plantbezorgd.nl\/product\/alle-heesters\/helleborus-niger-praecox-kerstroos\/","url":"https:\/\/plantbezorgd.nl\/product\/alle-heesters\/helleborus-niger-praecox-kerstroos\/","name":"Helleborus niger Praecox - Christrose online kaufen - PlantBezorgd","isPartOf":{"@id":"https:\/\/plantbezorgd.nl\/#website"},"primaryImageOfPage":{"@id":"https:\/\/plantbezorgd.nl\/product\/alle-heesters\/helleborus-niger-praecox-kerstroos\/#primaryimage"},"image":{"@id":"https:\/\/plantbezorgd.nl\/product\/alle-heesters\/helleborus-niger-praecox-kerstroos\/#primaryimage"},"thumbnailUrl":"https:\/\/plantbezorgd.nl\/wp-content\/uploads\/2023\/06\/Helleborus-Niger-Praecox-Kerstroos.jpg","datePublished":"2023-06-13T05:23:19+00:00","dateModified":"2026-04-14T02:29:33+00:00","description":"Sie suchen Helleborus niger Praecox - Christrose? \u2714 Niedrige Versandkosten \u2714 W\u00e4hlen Sie Ihren Liefertermin und -ort \u2714 Wachstumsgarantie!","breadcrumb":{"@id":"https:\/\/plantbezorgd.nl\/product\/alle-heesters\/helleborus-niger-praecox-kerstroos\/#breadcrumb"},"inLanguage":"de","potentialAction":[{"@type":"ReadAction","target":["https:\/\/plantbezorgd.nl\/product\/alle-heesters\/helleborus-niger-praecox-kerstroos\/"]}]},{"@type":"ImageObject","inLanguage":"de","@id":"https:\/\/plantbezorgd.nl\/product\/alle-heesters\/helleborus-niger-praecox-kerstroos\/#primaryimage","url":"https:\/\/plantbezorgd.nl\/wp-content\/uploads\/2023\/06\/Helleborus-Niger-Praecox-Kerstroos.jpg","contentUrl":"https:\/\/plantbezorgd.nl\/wp-content\/uploads\/2023\/06\/Helleborus-Niger-Praecox-Kerstroos.jpg","width":1000,"height":667},{"@type":"BreadcrumbList","@id":"https:\/\/plantbezorgd.nl\/product\/alle-heesters\/helleborus-niger-praecox-kerstroos\/#breadcrumb","itemListElement":[{"@type":"ListItem","position":1,"name":"Shop","item":"https:\/\/plantbezorgd.nl\/shop\/"},{"@type":"ListItem","position":2,"name":"Helleborus \/ Kerstroos, winterroos of nieskruid","item":"https:\/\/plantbezorgd.nl\/product-categorie\/helleborus-kerstroos-winterroos-of-nieskruid\/"},{"@type":"ListItem","position":3,"name":"Helleborus niger Praecox &#8211; Kerstroos"}]},{"@type":"WebSite","@id":"https:\/\/plantbezorgd.nl\/#website","url":"https:\/\/plantbezorgd.nl\/","name":"PflanzenGeliefert","description":"Erschwingliche Qualit\u00e4tspflanzen direkt zu Ihnen nach Hause geliefert!","publisher":{"@id":"https:\/\/plantbezorgd.nl\/#organization"},"potentialAction":[{"@type":"SearchAction","target":{"@type":"EntryPoint","urlTemplate":"https:\/\/plantbezorgd.nl\/?s={search_term_string}"},"query-input":{"@type":"PropertyValueSpecification","valueRequired":true,"valueName":"search_term_string"}}],"inLanguage":"de"},{"@type":"Organization","@id":"https:\/\/plantbezorgd.nl\/#organization","name":"PflanzenGeliefert","url":"https:\/\/plantbezorgd.nl\/","logo":{"@type":"ImageObject","inLanguage":"de","@id":"https:\/\/plantbezorgd.nl\/#\/schema\/logo\/image\/","url":"https:\/\/plantbezorgd.nl\/wp-content\/uploads\/2023\/05\/Logo.svg","contentUrl":"https:\/\/plantbezorgd.nl\/wp-content\/uploads\/2023\/05\/Logo.svg","caption":"PlantBezorgd"},"image":{"@id":"https:\/\/plantbezorgd.nl\/#\/schema\/logo\/image\/"}}]}},"_links":{"self":[{"href":"https:\/\/plantbezorgd.nl\/de\/wp-json\/wp\/v2\/product\/5840","targetHints":{"allow":["GET"]}}],"collection":[{"href":"https:\/\/plantbezorgd.nl\/de\/wp-json\/wp\/v2\/product"}],"about":[{"href":"https:\/\/plantbezorgd.nl\/de\/wp-json\/wp\/v2\/types\/product"}],"replies":[{"embeddable":true,"href":"https:\/\/plantbezorgd.nl\/de\/wp-json\/wp\/v2\/comments?post=5840"}],"wp:featuredmedia":[{"embeddable":true,"href":"https:\/\/plantbezorgd.nl\/de\/wp-json\/wp\/v2\/media\/5841"}],"wp:attachment":[{"href":"https:\/\/plantbezorgd.nl\/de\/wp-json\/wp\/v2\/media?parent=5840"}],"wp:term":[{"taxonomy":"product_brand","embeddable":true,"href":"https:\/\/plantbezorgd.nl\/de\/wp-json\/wp\/v2\/product_brand?post=5840"},{"taxonomy":"product_cat","embeddable":true,"href":"https:\/\/plantbezorgd.nl\/de\/wp-json\/wp\/v2\/product_cat?post=5840"},{"taxonomy":"product_tag","embeddable":true,"href":"https:\/\/plantbezorgd.nl\/de\/wp-json\/wp\/v2\/product_tag?post=5840"}],"curies":[{"name":"wp","href":"https:\/\/api.w.org\/{rel}","templated":true}]}}