{"id":5681,"date":"2023-05-15T23:16:11","date_gmt":"2023-05-15T21:16:11","guid":{"rendered":"https:\/\/plantbezorgd.s01.klik3.dev\/product\/uncategorized\/euonymus-japonica-marieke-kardinaalsmuts\/"},"modified":"2026-04-15T20:08:36","modified_gmt":"2026-04-15T18:08:36","slug":"euonymus-japonica-marieke-kardinalshut","status":"publish","type":"product","link":"https:\/\/plantbezorgd.nl\/de\/produkt\/stauden-2\/euonymus-japonica-marieke-kardinalshut\/","title":{"rendered":"Euonymus japonicus &#039;Marieke&#039; \u2013 Japanischer Kardinalshut"},"content":{"rendered":"<p>Euonymus japonicus &#039;Marieke&#039; ist ein japanischer Spindelstrauch mit gro\u00dfen, gl\u00e4nzenden Bl\u00e4ttern, deren dunkelgr\u00fcne Mitte von breiten, leuchtend gelben R\u00e4ndern umgeben ist. Mit einer H\u00f6he von etwa 80 cm ist Marieke die gr\u00f6\u00dfte aller panaschierten Euonymus-Sorten und w\u00e4chst als aufrechter, dichter Strauch, der sowohl als Solit\u00e4rpflanze als auch in Beeten oder als niedrige Hecke einen bleibenden Eindruck macht. Die gl\u00e4nzenden, ledrigen Bl\u00e4tter verleihen Marieke ein luxuri\u00f6ses, \u00fcppiges Aussehen.<\/p>\n<p>Euonymus japonicus &#039;Marieke&#039; ist das japanische Pendant zu &#039;Emerald &#039;n Gold&#039;: Beide Sorten weisen das gleiche Farbmuster auf (gelber Rand, gr\u00fcne Mitte), aber &#039;Marieke&#039; hat deutlich gr\u00f6\u00dfere, dickere und gl\u00e4nzendere Bl\u00e4tter und w\u00e4chst aufrecht bis zu 80 cm hoch, w\u00e4hrend &#039;Emerald &#039;n Gold&#039; nur 50 cm erreicht. Der Name &#039;Marieke&#039; ist ein niederl\u00e4ndischer Sortenname, der die Beliebtheit dieser Pflanze in niederl\u00e4ndischen G\u00e4rten widerspiegelt. &#039;Marieke&#039; vereint das bekannte Gr\u00fcn-Gold-Farbschema mit einem robusteren, imposanteren Wuchs.<\/p>\n<p><strong>Was macht den Euonymus Marieke so besonders?<\/strong><\/p>\n<p>Das markanteste Merkmal der Marieke ist ihre Gr\u00f6\u00dfe: Mit 80 cm ist sie die gr\u00f6\u00dfte panaschierte Euonymus-Sorte im Sortiment. Die gro\u00dfen, gl\u00e4nzenden Bl\u00e4tter mit breiten gelben R\u00e4ndern verleihen ihr ein \u00fcppigeres und imposanteres Aussehen als den kleinbl\u00e4ttrigen fortunei-Sorten. Durch ihren aufrechten, dichten Wuchs ist die Marieke ein echter Strauch, der sich nicht nur als Bodendecker, sondern auch als Solit\u00e4rpflanze eignet. Die gelben Blattr\u00e4nder k\u00f6nnen sich im Herbst und Winter, \u00e4hnlich wie bei der Sorte Emerald &#039;n Gold, rosa bis r\u00f6tlich-braun verf\u00e4rben.<\/p>\n<p><strong>Stand und Boden<\/strong><\/p>\n<p>Euonymus Marieke gedeiht gut an einem sonnigen bis halbschattigen Standort. Volle Sonne f\u00f6rdert die intensivsten Blattfarben und die sch\u00f6nste Herbstf\u00e4rbung. Die Pflanze ist anspruchslos bez\u00fcglich des Bodens und w\u00e4chst in allen g\u00e4ngigen, gut durchl\u00e4ssigen B\u00f6den. Ein etwas gesch\u00fctzter Standort ist f\u00fcr die japanischen Sorten von Vorteil.<\/p>\n<p><strong>Bew\u00e4sserung und Pflege<\/strong><\/p>\n<p>Die Marieke hat einen durchschnittlichen Wasserbedarf. Bei l\u00e4ngerer Trockenheit sollte sie zus\u00e4tzlich gegossen werden. Im Topf ist h\u00e4ufigeres Gie\u00dfen erforderlich. Eine leichte D\u00fcngung im Fr\u00fchjahr f\u00f6rdert gesundes Wachstum und leuchtende Blattfarben.<\/p>\n<p><strong>Baumschnitt und Pflege<\/strong><\/p>\n<p>Schneiden Sie die Marieke im sp\u00e4ten Fr\u00fchjahr leicht zur\u00fcck, um eine kompakte, dichte Form zu erhalten. Die Pflanze vertr\u00e4gt den Schnitt sehr gut und eignet sich auch als niedrige, geschnittene Hecke. Entfernen Sie vollst\u00e4ndig gr\u00fcne, nach unten gerichtete Triebe, sobald Sie sie bemerken. Dies ist bei der Marieke aufgrund ihrer gr\u00f6\u00dferen Blattoberfl\u00e4che besonders wichtig: Ein gr\u00fcner Trieb f\u00e4llt st\u00e4rker auf und w\u00e4chst schneller weiter.<\/p>\n<p><strong>Widerstandsf\u00e4higkeit<\/strong><\/p>\n<p>Der Euonymus &#039;Marieke&#039; ist immergr\u00fcn und im niederl\u00e4ndischen Klima sehr winterhart. Die Sorte &#039;Japonicus&#039; ist etwas frostempfindlicher als die Sorte &#039;Fortunei&#039;, \u00fcbersteht aber die meisten niederl\u00e4ndischen Winter an einem gesch\u00fctzten Standort problemlos. Die gelben Blattr\u00e4nder k\u00f6nnen sich im Winter rosa bis r\u00f6tlich-braun verf\u00e4rben, was einen dekorativen Effekt erzeugt.<\/p>\n<p><strong>Verwendung im Garten<\/strong><\/p>\n<p>Die Marieke eignet sich ideal als gro\u00dfer Solit\u00e4rstrauch, als niedrige Hecke, als Hintergrundpflanze im Beet, im gro\u00dfen Topf auf der Terrasse oder als immergr\u00fcner Sichtschutz. Dank ihrer Wuchsh\u00f6he von 80 cm ist die Marieke auch dort geeignet, wo die Fortunei-Sorten (50 cm) zu klein sind. Kombinieren Sie die Marieke mit der El Dorado (60 cm) f\u00fcr ein goldenes Duo mit umgekehrtem Blattmuster: gelber Rand (Marieke) versus gelbe Mitte (El Dorado).<\/p>\n<p><strong>Verf\u00fcgbare Gr\u00f6\u00dfen und Wachstumsmerkmale<\/strong><\/p>\n<p>Euonymus japonicus &#039;Marieke&#039; ist im kompakten Topf erh\u00e4ltlich. Die Pflanze erreicht eine H\u00f6he von ca. 80 cm und w\u00e4chst aufrecht und buschig. Ihre Bl\u00e4tter sind gro\u00df, gl\u00e4nzend, mit breiten gelben R\u00e4ndern und dunkelgr\u00fcner Mitte. Immergr\u00fcn und sehr winterhart.<\/p>\n<p><strong>H\u00e4ufig gestellte Fragen<\/strong><\/p>\n<ul>\n<li><em>Worin besteht der Unterschied zwischen Marieke und El Dorado?<\/em><br \/>Die Marieke (80 cm) hat gelbe Blattr\u00e4nder und eine gr\u00fcne Mitte. Die El Dorado (60 cm) hat eine gelbe Blattmitte und einen gr\u00fcnen Rand. Die Marieke ist die gr\u00f6\u00dfere der beiden und hat das umgekehrte Blattmuster.<\/li>\n<li><em>Worin besteht der Unterschied zwischen der Marieke und der Emerald &#039;n Gold?<\/em><br \/>Beide Sorten haben gelbe Blattr\u00e4nder und eine gr\u00fcne Mitte. Die Marieke (japonicus, 80 cm) hat gr\u00f6\u00dfere, gl\u00e4nzendere Bl\u00e4tter und w\u00e4chst aufrecht. Die Emerald &#039;n Gold (fortunei, 50 cm) ist kompakter und kriechend.<\/li>\n<li><em>Ist die Marieke immergr\u00fcn?<\/em><br \/>Ja, die Pflanze beh\u00e4lt ihre Bl\u00e4tter das ganze Jahr \u00fcber. Im Winter k\u00f6nnen sich die gelben Blattr\u00e4nder rosa bis r\u00f6tlich-braun verf\u00e4rben.<\/li>\n<li><em>Ist der Japanische Spindelstrauch (Euonymus japonicus) winterhart?<\/em><br \/>Ja, an einem etwas gesch\u00fctzten Standort ist sie recht winterhart. In den meisten niederl\u00e4ndischen Wintern bereitet sie keine Probleme.<\/li>\n<li><em>Kann die Marieke als Hecke verwendet werden?<\/em><br \/>Ja, die Marieke eignet sich als niedrige, panaschierte, immergr\u00fcne Hecke. Die Pflanze vertr\u00e4gt einen R\u00fcckschnitt sehr gut.<\/li>\n<\/ul>\n<p>Euonymus japonicus &#039;Marieke&#039; ist der gr\u00f6\u00dfte und imposanteste panaschierte Spindelstrauch. Mit seinen gro\u00dfen, gl\u00e4nzenden Bl\u00e4ttern und breiten goldenen R\u00e4ndern ist er der luxuri\u00f6se Solit\u00e4rstrauch f\u00fcr alle, die mehr als nur einen Bodendecker suchen. Die &#039;Marieke&#039; beweist, dass Spindelstr\u00e4ucher auch in gro\u00dfem Ma\u00dfstab spektakul\u00e4r wirken.<\/p>","protected":false},"excerpt":{"rendered":"<p>De Euonymus japonicus &#8216;Marieke&#8217; is een Japanse kardinaalsmuts met groot, glanzend blad dat een donkergroen hart heeft omgeven door brede, helder gele randen. Met een hoogte van circa 80 cm is de Marieke de grootste van alle bontbladige Euonymus-cultivars in het assortiment en groeit zij als een opstaande, volle struik die als solitair, in een [&hellip;]<\/p>","protected":false},"featured_media":5682,"comment_status":"open","ping_status":"closed","template":"","meta":{"_acf_changed":false,"iawp_total_views":639},"product_brand":[],"product_cat":[316,236,238,330,243,239,235],"product_tag":[439,1587,435,433],"class_list":{"0":"post-5681","1":"product","2":"type-product","3":"status-publish","4":"has-post-thumbnail","6":"product_cat-alle-categorieen","7":"product_cat-alle-tuinplanten","8":"product_cat-bodembedekkers","9":"product_cat-euonymus-kardinaalsmuts","10":"product_cat-haagplanten","11":"product_cat-overige-haagplanten","12":"product_cat-vaste-planten","13":"product_tag-alle","14":"product_tag-local","15":"product_tag-rest","16":"product_tag-tuin","17":"pa_aantal-per-m2-533","18":"pa_grondsoort-alle-grondsoorten-waterdoorlatend","19":"pa_volgroeide-hoogte-in-cm-738","20":"pa_wintergroen-bladhoudend-ja","21":"pa_winterhardheid-meerjarig-goed","23":"first","24":"instock","25":"taxable","26":"shipping-taxable","27":"purchasable","28":"product-type-variable","29":"has-default-attributes"},"acf":[],"gallery_images":[5683,1092],"yoast_head":"<!-- This site is optimized with the Yoast SEO plugin v25.3 - https:\/\/yoast.com\/wordpress\/plugins\/seo\/ -->\n<title>Euonymus japonicus &#039;Marieke&#039; - Japanse Kardinaalsmuts Online Kopen - PlantBezorgd<\/title>\n<meta name=\"description\" content=\"Op zoek naar de Euonymus japonicus &#039;Marieke&#039; - Japanse Kardinaalsmuts? \u2714 Lage verzendkosten \u2714 Kies je bezorgmoment &amp; locatie \u2714 Groeigarantie!\" \/>\n<meta name=\"robots\" content=\"index, follow, max-snippet:-1, max-image-preview:large, max-video-preview:-1\" \/>\n<link rel=\"canonical\" href=\"https:\/\/plantbezorgd.nl\/de\/produkt\/stauden-2\/euonymus-japonica-marieke-kardinalshut\/\" \/>\n<meta property=\"og:locale\" content=\"de_DE\" \/>\n<meta property=\"og:type\" content=\"article\" \/>\n<meta property=\"og:title\" content=\"Euonymus japonicus &#039;Marieke&#039; - Japanse Kardinaalsmuts Online Kopen - PlantBezorgd\" \/>\n<meta property=\"og:description\" content=\"Op zoek naar de Euonymus japonicus &#039;Marieke&#039; - Japanse Kardinaalsmuts? \u2714 Lage verzendkosten \u2714 Kies je bezorgmoment &amp; locatie \u2714 Groeigarantie!\" \/>\n<meta property=\"og:url\" content=\"https:\/\/plantbezorgd.nl\/de\/produkt\/stauden-2\/euonymus-japonica-marieke-kardinalshut\/\" \/>\n<meta property=\"og:site_name\" content=\"PlantBezorgd\" \/>\n<meta property=\"article:modified_time\" content=\"2026-04-15T18:08:36+00:00\" \/>\n<meta property=\"og:image\" content=\"https:\/\/plantbezorgd.nl\/wp-content\/uploads\/2023\/06\/Euonymus-japonica-Marieke-Kardinaalsmuts-1.jpg\" \/>\n\t<meta property=\"og:image:width\" content=\"819\" \/>\n\t<meta property=\"og:image:height\" content=\"1024\" \/>\n\t<meta property=\"og:image:type\" content=\"image\/jpeg\" \/>\n<meta name=\"twitter:card\" content=\"summary_large_image\" \/>\n<meta name=\"twitter:label1\" content=\"Gesch\u00e4tzte Lesezeit\" \/>\n\t<meta name=\"twitter:data1\" content=\"2\u00a0Minuten\" \/>\n<script type=\"application\/ld+json\" class=\"yoast-schema-graph\">{\"@context\":\"https:\/\/schema.org\",\"@graph\":[{\"@type\":\"WebPage\",\"@id\":\"https:\/\/plantbezorgd.nl\/product\/vaste-planten\/euonymus-japonica-marieke-kardinaalsmuts\/\",\"url\":\"https:\/\/plantbezorgd.nl\/product\/vaste-planten\/euonymus-japonica-marieke-kardinaalsmuts\/\",\"name\":\"Euonymus japonicus 'Marieke' - Japanse Kardinaalsmuts Online Kopen - PlantBezorgd\",\"isPartOf\":{\"@id\":\"https:\/\/plantbezorgd.nl\/#website\"},\"primaryImageOfPage\":{\"@id\":\"https:\/\/plantbezorgd.nl\/product\/vaste-planten\/euonymus-japonica-marieke-kardinaalsmuts\/#primaryimage\"},\"image\":{\"@id\":\"https:\/\/plantbezorgd.nl\/product\/vaste-planten\/euonymus-japonica-marieke-kardinaalsmuts\/#primaryimage\"},\"thumbnailUrl\":\"https:\/\/plantbezorgd.nl\/wp-content\/uploads\/2023\/06\/Euonymus-japonica-Marieke-Kardinaalsmuts-1.jpg\",\"datePublished\":\"2023-05-15T21:16:11+00:00\",\"dateModified\":\"2026-04-15T18:08:36+00:00\",\"description\":\"Op zoek naar de Euonymus japonicus 'Marieke' - Japanse Kardinaalsmuts? \u2714 Lage verzendkosten \u2714 Kies je bezorgmoment & locatie \u2714 Groeigarantie!\",\"breadcrumb\":{\"@id\":\"https:\/\/plantbezorgd.nl\/product\/vaste-planten\/euonymus-japonica-marieke-kardinaalsmuts\/#breadcrumb\"},\"inLanguage\":\"de\",\"potentialAction\":[{\"@type\":\"ReadAction\",\"target\":[\"https:\/\/plantbezorgd.nl\/product\/vaste-planten\/euonymus-japonica-marieke-kardinaalsmuts\/\"]}]},{\"@type\":\"ImageObject\",\"inLanguage\":\"de\",\"@id\":\"https:\/\/plantbezorgd.nl\/product\/vaste-planten\/euonymus-japonica-marieke-kardinaalsmuts\/#primaryimage\",\"url\":\"https:\/\/plantbezorgd.nl\/wp-content\/uploads\/2023\/06\/Euonymus-japonica-Marieke-Kardinaalsmuts-1.jpg\",\"contentUrl\":\"https:\/\/plantbezorgd.nl\/wp-content\/uploads\/2023\/06\/Euonymus-japonica-Marieke-Kardinaalsmuts-1.jpg\",\"width\":819,\"height\":1024},{\"@type\":\"BreadcrumbList\",\"@id\":\"https:\/\/plantbezorgd.nl\/product\/vaste-planten\/euonymus-japonica-marieke-kardinaalsmuts\/#breadcrumb\",\"itemListElement\":[{\"@type\":\"ListItem\",\"position\":1,\"name\":\"Shop\",\"item\":\"https:\/\/plantbezorgd.nl\/shop\/\"},{\"@type\":\"ListItem\",\"position\":2,\"name\":\"Euonymus \/ Kardinaalsmuts\",\"item\":\"https:\/\/plantbezorgd.nl\/product-categorie\/euonymus-kardinaalsmuts\/\"},{\"@type\":\"ListItem\",\"position\":3,\"name\":\"Euonymus japonicus &#8216;Marieke&#8217; &#8211; Japanse Kardinaalsmuts\"}]},{\"@type\":\"WebSite\",\"@id\":\"https:\/\/plantbezorgd.nl\/#website\",\"url\":\"https:\/\/plantbezorgd.nl\/\",\"name\":\"PlantBezorgd\",\"description\":\"Betaalbare kwaliteitsplanten thuisbezorgd!\",\"publisher\":{\"@id\":\"https:\/\/plantbezorgd.nl\/#organization\"},\"potentialAction\":[{\"@type\":\"SearchAction\",\"target\":{\"@type\":\"EntryPoint\",\"urlTemplate\":\"https:\/\/plantbezorgd.nl\/?s={search_term_string}\"},\"query-input\":{\"@type\":\"PropertyValueSpecification\",\"valueRequired\":true,\"valueName\":\"search_term_string\"}}],\"inLanguage\":\"de\"},{\"@type\":\"Organization\",\"@id\":\"https:\/\/plantbezorgd.nl\/#organization\",\"name\":\"PlantBezorgd\",\"url\":\"https:\/\/plantbezorgd.nl\/\",\"logo\":{\"@type\":\"ImageObject\",\"inLanguage\":\"de\",\"@id\":\"https:\/\/plantbezorgd.nl\/#\/schema\/logo\/image\/\",\"url\":\"https:\/\/plantbezorgd.nl\/wp-content\/uploads\/2023\/05\/Logo.svg\",\"contentUrl\":\"https:\/\/plantbezorgd.nl\/wp-content\/uploads\/2023\/05\/Logo.svg\",\"caption\":\"PlantBezorgd\"},\"image\":{\"@id\":\"https:\/\/plantbezorgd.nl\/#\/schema\/logo\/image\/\"}}]}<\/script>\n<!-- \/ Yoast SEO plugin. -->","yoast_head_json":{"title":"Euonymus japonicus &#039;Marieke&#039; - Kaufen Sie den japanischen Kardinalshut online - PlantBezorgd","description":"Suchen Sie nach Euonymus japonicus &#039;Marieke&#039; \u2013 Japanischer Kardinalshut? \u2714 Niedrige Versandkosten \u2714 Lieferzeit und -ort frei w\u00e4hlbar \u2714 Wachstumsgarantie!","robots":{"index":"index","follow":"follow","max-snippet":"max-snippet:-1","max-image-preview":"max-image-preview:large","max-video-preview":"max-video-preview:-1"},"canonical":"https:\/\/plantbezorgd.nl\/de\/produkt\/stauden-2\/euonymus-japonica-marieke-kardinalshut\/","og_locale":"de_DE","og_type":"article","og_title":"Euonymus japonicus 'Marieke' - Japanse Kardinaalsmuts Online Kopen - PlantBezorgd","og_description":"Op zoek naar de Euonymus japonicus 'Marieke' - Japanse Kardinaalsmuts? \u2714 Lage verzendkosten \u2714 Kies je bezorgmoment & locatie \u2714 Groeigarantie!","og_url":"https:\/\/plantbezorgd.nl\/de\/produkt\/stauden-2\/euonymus-japonica-marieke-kardinalshut\/","og_site_name":"PlantBezorgd","article_modified_time":"2026-04-15T18:08:36+00:00","og_image":[{"width":819,"height":1024,"url":"https:\/\/plantbezorgd.nl\/wp-content\/uploads\/2023\/06\/Euonymus-japonica-Marieke-Kardinaalsmuts-1.jpg","type":"image\/jpeg"}],"twitter_card":"summary_large_image","twitter_misc":{"Gesch\u00e4tzte Lesezeit":"2\u00a0Minuten"},"schema":{"@context":"https:\/\/schema.org","@graph":[{"@type":"WebPage","@id":"https:\/\/plantbezorgd.nl\/product\/vaste-planten\/euonymus-japonica-marieke-kardinaalsmuts\/","url":"https:\/\/plantbezorgd.nl\/product\/vaste-planten\/euonymus-japonica-marieke-kardinaalsmuts\/","name":"Euonymus japonicus &#039;Marieke&#039; - Kaufen Sie den japanischen Kardinalshut online - PlantBezorgd","isPartOf":{"@id":"https:\/\/plantbezorgd.nl\/#website"},"primaryImageOfPage":{"@id":"https:\/\/plantbezorgd.nl\/product\/vaste-planten\/euonymus-japonica-marieke-kardinaalsmuts\/#primaryimage"},"image":{"@id":"https:\/\/plantbezorgd.nl\/product\/vaste-planten\/euonymus-japonica-marieke-kardinaalsmuts\/#primaryimage"},"thumbnailUrl":"https:\/\/plantbezorgd.nl\/wp-content\/uploads\/2023\/06\/Euonymus-japonica-Marieke-Kardinaalsmuts-1.jpg","datePublished":"2023-05-15T21:16:11+00:00","dateModified":"2026-04-15T18:08:36+00:00","description":"Suchen Sie nach Euonymus japonicus &#039;Marieke&#039; \u2013 Japanischer Kardinalshut? \u2714 Niedrige Versandkosten \u2714 Lieferzeit und -ort frei w\u00e4hlbar \u2714 Wachstumsgarantie!","breadcrumb":{"@id":"https:\/\/plantbezorgd.nl\/product\/vaste-planten\/euonymus-japonica-marieke-kardinaalsmuts\/#breadcrumb"},"inLanguage":"de","potentialAction":[{"@type":"ReadAction","target":["https:\/\/plantbezorgd.nl\/product\/vaste-planten\/euonymus-japonica-marieke-kardinaalsmuts\/"]}]},{"@type":"ImageObject","inLanguage":"de","@id":"https:\/\/plantbezorgd.nl\/product\/vaste-planten\/euonymus-japonica-marieke-kardinaalsmuts\/#primaryimage","url":"https:\/\/plantbezorgd.nl\/wp-content\/uploads\/2023\/06\/Euonymus-japonica-Marieke-Kardinaalsmuts-1.jpg","contentUrl":"https:\/\/plantbezorgd.nl\/wp-content\/uploads\/2023\/06\/Euonymus-japonica-Marieke-Kardinaalsmuts-1.jpg","width":819,"height":1024},{"@type":"BreadcrumbList","@id":"https:\/\/plantbezorgd.nl\/product\/vaste-planten\/euonymus-japonica-marieke-kardinaalsmuts\/#breadcrumb","itemListElement":[{"@type":"ListItem","position":1,"name":"Shop","item":"https:\/\/plantbezorgd.nl\/shop\/"},{"@type":"ListItem","position":2,"name":"Euonymus \/ Kardinaalsmuts","item":"https:\/\/plantbezorgd.nl\/product-categorie\/euonymus-kardinaalsmuts\/"},{"@type":"ListItem","position":3,"name":"Euonymus japonicus &#8216;Marieke&#8217; &#8211; Japanse Kardinaalsmuts"}]},{"@type":"WebSite","@id":"https:\/\/plantbezorgd.nl\/#website","url":"https:\/\/plantbezorgd.nl\/","name":"PflanzenGeliefert","description":"Erschwingliche Qualit\u00e4tspflanzen direkt zu Ihnen nach Hause geliefert!","publisher":{"@id":"https:\/\/plantbezorgd.nl\/#organization"},"potentialAction":[{"@type":"SearchAction","target":{"@type":"EntryPoint","urlTemplate":"https:\/\/plantbezorgd.nl\/?s={search_term_string}"},"query-input":{"@type":"PropertyValueSpecification","valueRequired":true,"valueName":"search_term_string"}}],"inLanguage":"de"},{"@type":"Organization","@id":"https:\/\/plantbezorgd.nl\/#organization","name":"PflanzenGeliefert","url":"https:\/\/plantbezorgd.nl\/","logo":{"@type":"ImageObject","inLanguage":"de","@id":"https:\/\/plantbezorgd.nl\/#\/schema\/logo\/image\/","url":"https:\/\/plantbezorgd.nl\/wp-content\/uploads\/2023\/05\/Logo.svg","contentUrl":"https:\/\/plantbezorgd.nl\/wp-content\/uploads\/2023\/05\/Logo.svg","caption":"PlantBezorgd"},"image":{"@id":"https:\/\/plantbezorgd.nl\/#\/schema\/logo\/image\/"}}]}},"_links":{"self":[{"href":"https:\/\/plantbezorgd.nl\/de\/wp-json\/wp\/v2\/product\/5681","targetHints":{"allow":["GET"]}}],"collection":[{"href":"https:\/\/plantbezorgd.nl\/de\/wp-json\/wp\/v2\/product"}],"about":[{"href":"https:\/\/plantbezorgd.nl\/de\/wp-json\/wp\/v2\/types\/product"}],"replies":[{"embeddable":true,"href":"https:\/\/plantbezorgd.nl\/de\/wp-json\/wp\/v2\/comments?post=5681"}],"wp:featuredmedia":[{"embeddable":true,"href":"https:\/\/plantbezorgd.nl\/de\/wp-json\/wp\/v2\/media\/5682"}],"wp:attachment":[{"href":"https:\/\/plantbezorgd.nl\/de\/wp-json\/wp\/v2\/media?parent=5681"}],"wp:term":[{"taxonomy":"product_brand","embeddable":true,"href":"https:\/\/plantbezorgd.nl\/de\/wp-json\/wp\/v2\/product_brand?post=5681"},{"taxonomy":"product_cat","embeddable":true,"href":"https:\/\/plantbezorgd.nl\/de\/wp-json\/wp\/v2\/product_cat?post=5681"},{"taxonomy":"product_tag","embeddable":true,"href":"https:\/\/plantbezorgd.nl\/de\/wp-json\/wp\/v2\/product_tag?post=5681"}],"curies":[{"name":"wp","href":"https:\/\/api.w.org\/{rel}","templated":true}]}}