{"id":5658,"date":"2023-06-24T12:21:16","date_gmt":"2023-06-24T10:21:16","guid":{"rendered":"https:\/\/plantbezorgd.s01.klik3.dev\/product\/uncategorized\/carex-oshimensis-everest-bonte-zegge\/"},"modified":"2026-04-14T20:12:40","modified_gmt":"2026-04-14T18:12:40","slug":"carex-oshimensis-everest-bunte-segge-2","status":"publish","type":"product","link":"https:\/\/plantbezorgd.nl\/de\/produkt\/stauden-2\/carex-oshimensis-everest-bunte-segge-2\/","title":{"rendered":"Carex oshimensis EverColor\u00ae Everest - Gefleckter Roggen"},"content":{"rendered":"<p><strong>Beschreibung des Produkts<\/strong> <strong>Carex oshimensis 'EverColor\u00ae Everest' \/ Sayeed<\/strong><\/p>\n<p>Carex Oshimensis EverColor\u00ae Everest ist eine vielfarbige Segge. Das Beste an dieser <a href=\"https:\/\/plantbezorgd.nl\/de\/produkt-kategorie\/ziergraser\/\">Ziergras<\/a> ist seine Blattfarbe. Der mittlere Teil von Carex EverColor\u00ae Everest ist gr\u00fcn. Die Blattr\u00e4nder sind wei\u00df bis wei\u00df-gelb. Damit ist sie das Gegenst\u00fcck zur<a href=\"https:\/\/plantbezorgd.nl\/de\/produkt\/alle-gartenpflanzen\/carex-oshimensis-immergoldene-segge\/\"> <u>Carex Evergold<\/u><\/a> wo es andersherum ist.  Dieses Ziergras w\u00e4chst in sch\u00f6nen B\u00fcscheln und breitet sich nicht aus. Es wird h\u00e4ufig als Bodendecker verwendet und erreicht schlie\u00dflich eine H\u00f6he von etwa 30 Zentimetern. In der Breite wird es etwa 40 Zentimeter breit. Die <a href=\"https:\/\/plantbezorgd.nl\/de\/produkt-kategorie\/carex-salbei\/\">Carex<\/a> Oshimensis EverColor\u00ae Everest hat unauff\u00e4llige Bl\u00fcten im Mai, Juni und Juli. Sie hat dann hellbraune \u00c4hren...<\/p>\n<p><strong>Anwendung Carex oshimensis 'EverColor\u00ae Everest' \/ Sayeed<\/strong><\/p>\n<p>Carex oshimensis 'EverColor\u00ae Everest' wird h\u00e4ufig als Bodendecker verwendet. Sie k\u00f6nnen diese <a href=\"https:\/\/plantbezorgd.nl\/de\/produkt-kategorie\/alle-gartenpflanzen\/\">Gartenpflanze<\/a> Bepflanzung sowohl in Rabatten im Freiland als auch im Topf. Da es sich um eine kompakte Carex-Art handelt, empfehlen wir, f\u00fcnf Exemplare pro Quadratmeter und drei pro laufenden Meter zu pflanzen. Carex oshimensis 'EverColor\u00ae Everest' eignet sich auch hervorragend zum Mischen mit anderen Pflanzen.<\/p>\n<p><strong>\u00a0<\/strong><\/p>\n<p><strong>Stand Carex oshimensis 'EverColor\u00ae Everest' \/ Sayeed<\/strong><\/p>\n<p>Der beste Standort f\u00fcr Carex oshimensis 'EverColor\u00ae Everest' ist halbschattig. Sie bevorzugt nicht die volle Sonne. Wenn sie etwas Schutz vor anderen Pflanzen oder B\u00e4umen hat, ist die Carex bereits ausreichend gesch\u00fctzt.<\/p>\n<p><strong><br \/>\nPflege f\u00fcr Carex oshimensis 'EverColor\u00ae Everest' \/ Kreuzkraut<\/strong><br \/>\nEs ist ein kr\u00e4ftiges Ziergras, das nur in Trockenperioden extra Wasser ben\u00f6tigt. Au\u00dferdem brauchen Sie Carex oshimensis 'EverColor\u00ae Everest' nicht zur\u00fcckzuschneiden; Sie k\u00f6nnen jedes Jahr die abgestorbenen Bl\u00e4tter abschneiden.<\/p>\n<p><strong>Fragen zu Carex oshimensis 'EverColor\u00ae Everest' \/ Sayeed<br \/>\n<\/strong>Stellen Sie Ihre Frage online in dem Feld unten links auf dieser Seite. Sie werden dann so schnell wie m\u00f6glich eine Antwort erhalten.<\/p>\n<p>&nbsp;<\/p>","protected":false},"excerpt":{"rendered":"<p>Productomschrijving Carex oshimensis &#8216;EverColor\u00ae Everest&#8217; \u00a0\/ Zegge Carex Oshimensis EverColor\u00ae Everest is een bontbladige zegge. Het mooiste aan dit siergras is zijn bladkleur. Het middelste gedeelte van de Carex EverColor\u00ae Everest is groen. De bladranden zijn is wit tot witgeel. Daarmee is hij de tegenhanger van de Carex Evergold waarbij het andersom is.\u00a0 Dit siergras [&hellip;]<\/p>","protected":false},"featured_media":6933,"comment_status":"open","ping_status":"closed","template":"","meta":{"_acf_changed":false,"iawp_total_views":219},"product_brand":[],"product_cat":[316,236,238,331,366,237,235],"product_tag":[439,1587,435,433],"class_list":{"0":"post-5658","1":"product","2":"type-product","3":"status-publish","4":"has-post-thumbnail","6":"product_cat-alle-categorieen","7":"product_cat-alle-tuinplanten","8":"product_cat-bodembedekkers","9":"product_cat-carex-zegge","10":"product_cat-plantipp","11":"product_cat-siergrassen","12":"product_cat-vaste-planten","13":"product_tag-alle","14":"product_tag-local","15":"product_tag-rest","16":"product_tag-tuin","17":"pa_aantal-per-m2-455","18":"pa_grondsoort-alle-grondsoorten-waterdoorlatend","19":"pa_verzorging-in-het-voorjaar-het-dode-blad-wegnemen","20":"pa_voeding-organische-meststof","21":"pa_volgroeide-hoogte-in-cm-742","22":"pa_wintergroen-bladhoudend-ja","23":"pa_winterhardheid-meerjarig-goed","25":"first","26":"instock","27":"taxable","28":"shipping-taxable","29":"purchasable","30":"product-type-variable","31":"has-default-attributes"},"acf":[],"gallery_images":[6934,6935,578],"yoast_head":"<!-- This site is optimized with the Yoast SEO plugin v25.3 - https:\/\/yoast.com\/wordpress\/plugins\/seo\/ -->\n<title>Carex oshimensis EverColor\u00ae Everest - Bonte Zegge Online Kopen - PlantBezorgd<\/title>\n<meta name=\"description\" content=\"Op zoek naar de Carex oshimensis EverColor\u00ae Everest - Bonte Zegge? \u2714 Lage verzendkosten \u2714 Kies je bezorgmoment &amp; locatie \u2714 Groeigarantie!\" \/>\n<meta name=\"robots\" content=\"index, follow, max-snippet:-1, max-image-preview:large, max-video-preview:-1\" \/>\n<link rel=\"canonical\" href=\"https:\/\/plantbezorgd.nl\/de\/produkt\/stauden-2\/carex-oshimensis-everest-bunte-segge-2\/\" \/>\n<meta property=\"og:locale\" content=\"de_DE\" \/>\n<meta property=\"og:type\" content=\"article\" \/>\n<meta property=\"og:title\" content=\"Carex oshimensis EverColor\u00ae Everest - Bonte Zegge Online Kopen - PlantBezorgd\" \/>\n<meta property=\"og:description\" content=\"Op zoek naar de Carex oshimensis EverColor\u00ae Everest - Bonte Zegge? \u2714 Lage verzendkosten \u2714 Kies je bezorgmoment &amp; locatie \u2714 Groeigarantie!\" \/>\n<meta property=\"og:url\" content=\"https:\/\/plantbezorgd.nl\/de\/produkt\/stauden-2\/carex-oshimensis-everest-bunte-segge-2\/\" \/>\n<meta property=\"og:site_name\" content=\"PlantBezorgd\" \/>\n<meta property=\"article:modified_time\" content=\"2026-04-14T18:12:40+00:00\" \/>\n<meta property=\"og:image\" content=\"https:\/\/plantbezorgd.nl\/wp-content\/uploads\/2023\/07\/caoevere-Carex-Everest_Garden-scaled-1.jpg\" \/>\n\t<meta property=\"og:image:width\" content=\"1391\" \/>\n\t<meta property=\"og:image:height\" content=\"924\" \/>\n\t<meta property=\"og:image:type\" content=\"image\/jpeg\" \/>\n<meta name=\"twitter:card\" content=\"summary_large_image\" \/>\n<meta name=\"twitter:label1\" content=\"Gesch\u00e4tzte Lesezeit\" \/>\n\t<meta name=\"twitter:data1\" content=\"2\u00a0Minuten\" \/>\n<script type=\"application\/ld+json\" class=\"yoast-schema-graph\">{\"@context\":\"https:\/\/schema.org\",\"@graph\":[{\"@type\":\"WebPage\",\"@id\":\"https:\/\/plantbezorgd.nl\/product\/vaste-planten\/carex-oshimensis-everest-bonte-zegge\/\",\"url\":\"https:\/\/plantbezorgd.nl\/product\/vaste-planten\/carex-oshimensis-everest-bonte-zegge\/\",\"name\":\"Carex oshimensis EverColor\u00ae Everest - Bonte Zegge Online Kopen - PlantBezorgd\",\"isPartOf\":{\"@id\":\"https:\/\/plantbezorgd.nl\/#website\"},\"primaryImageOfPage\":{\"@id\":\"https:\/\/plantbezorgd.nl\/product\/vaste-planten\/carex-oshimensis-everest-bonte-zegge\/#primaryimage\"},\"image\":{\"@id\":\"https:\/\/plantbezorgd.nl\/product\/vaste-planten\/carex-oshimensis-everest-bonte-zegge\/#primaryimage\"},\"thumbnailUrl\":\"https:\/\/plantbezorgd.nl\/wp-content\/uploads\/2023\/07\/caoevere-Carex-Everest_Garden-scaled-1.jpg\",\"datePublished\":\"2023-06-24T10:21:16+00:00\",\"dateModified\":\"2026-04-14T18:12:40+00:00\",\"description\":\"Op zoek naar de Carex oshimensis EverColor\u00ae Everest - Bonte Zegge? \u2714 Lage verzendkosten \u2714 Kies je bezorgmoment & locatie \u2714 Groeigarantie!\",\"breadcrumb\":{\"@id\":\"https:\/\/plantbezorgd.nl\/product\/vaste-planten\/carex-oshimensis-everest-bonte-zegge\/#breadcrumb\"},\"inLanguage\":\"de\",\"potentialAction\":[{\"@type\":\"ReadAction\",\"target\":[\"https:\/\/plantbezorgd.nl\/product\/vaste-planten\/carex-oshimensis-everest-bonte-zegge\/\"]}]},{\"@type\":\"ImageObject\",\"inLanguage\":\"de\",\"@id\":\"https:\/\/plantbezorgd.nl\/product\/vaste-planten\/carex-oshimensis-everest-bonte-zegge\/#primaryimage\",\"url\":\"https:\/\/plantbezorgd.nl\/wp-content\/uploads\/2023\/07\/caoevere-Carex-Everest_Garden-scaled-1.jpg\",\"contentUrl\":\"https:\/\/plantbezorgd.nl\/wp-content\/uploads\/2023\/07\/caoevere-Carex-Everest_Garden-scaled-1.jpg\",\"width\":1391,\"height\":924},{\"@type\":\"BreadcrumbList\",\"@id\":\"https:\/\/plantbezorgd.nl\/product\/vaste-planten\/carex-oshimensis-everest-bonte-zegge\/#breadcrumb\",\"itemListElement\":[{\"@type\":\"ListItem\",\"position\":1,\"name\":\"Shop\",\"item\":\"https:\/\/plantbezorgd.nl\/shop\/\"},{\"@type\":\"ListItem\",\"position\":2,\"name\":\"Carex \/ Zegge\",\"item\":\"https:\/\/plantbezorgd.nl\/product-categorie\/carex-zegge\/\"},{\"@type\":\"ListItem\",\"position\":3,\"name\":\"Carex oshimensis EverColor\u00ae Everest &#8211; Bonte Zegge\"}]},{\"@type\":\"WebSite\",\"@id\":\"https:\/\/plantbezorgd.nl\/#website\",\"url\":\"https:\/\/plantbezorgd.nl\/\",\"name\":\"PlantBezorgd\",\"description\":\"Betaalbare kwaliteitsplanten thuisbezorgd!\",\"publisher\":{\"@id\":\"https:\/\/plantbezorgd.nl\/#organization\"},\"potentialAction\":[{\"@type\":\"SearchAction\",\"target\":{\"@type\":\"EntryPoint\",\"urlTemplate\":\"https:\/\/plantbezorgd.nl\/?s={search_term_string}\"},\"query-input\":{\"@type\":\"PropertyValueSpecification\",\"valueRequired\":true,\"valueName\":\"search_term_string\"}}],\"inLanguage\":\"de\"},{\"@type\":\"Organization\",\"@id\":\"https:\/\/plantbezorgd.nl\/#organization\",\"name\":\"PlantBezorgd\",\"url\":\"https:\/\/plantbezorgd.nl\/\",\"logo\":{\"@type\":\"ImageObject\",\"inLanguage\":\"de\",\"@id\":\"https:\/\/plantbezorgd.nl\/#\/schema\/logo\/image\/\",\"url\":\"https:\/\/plantbezorgd.nl\/wp-content\/uploads\/2023\/05\/Logo.svg\",\"contentUrl\":\"https:\/\/plantbezorgd.nl\/wp-content\/uploads\/2023\/05\/Logo.svg\",\"caption\":\"PlantBezorgd\"},\"image\":{\"@id\":\"https:\/\/plantbezorgd.nl\/#\/schema\/logo\/image\/\"}}]}<\/script>\n<!-- \/ Yoast SEO plugin. -->","yoast_head_json":{"title":"Carex oshimensis EverColor\u00ae Everest - Trauerroggen Online kaufen - PlantBeautiful","description":"Auf der Suche nach Carex oshimensis EverColor\u00ae Everest - Scheckenroggen? \u2714 Niedrige Versandkosten \u2714 W\u00e4hlen Sie Ihren Liefertermin und -ort \u2714 Anwachsgarantie!","robots":{"index":"index","follow":"follow","max-snippet":"max-snippet:-1","max-image-preview":"max-image-preview:large","max-video-preview":"max-video-preview:-1"},"canonical":"https:\/\/plantbezorgd.nl\/de\/produkt\/stauden-2\/carex-oshimensis-everest-bunte-segge-2\/","og_locale":"de_DE","og_type":"article","og_title":"Carex oshimensis EverColor\u00ae Everest - Bonte Zegge Online Kopen - PlantBezorgd","og_description":"Op zoek naar de Carex oshimensis EverColor\u00ae Everest - Bonte Zegge? \u2714 Lage verzendkosten \u2714 Kies je bezorgmoment & locatie \u2714 Groeigarantie!","og_url":"https:\/\/plantbezorgd.nl\/de\/produkt\/stauden-2\/carex-oshimensis-everest-bunte-segge-2\/","og_site_name":"PlantBezorgd","article_modified_time":"2026-04-14T18:12:40+00:00","og_image":[{"width":1391,"height":924,"url":"https:\/\/plantbezorgd.nl\/wp-content\/uploads\/2023\/07\/caoevere-Carex-Everest_Garden-scaled-1.jpg","type":"image\/jpeg"}],"twitter_card":"summary_large_image","twitter_misc":{"Gesch\u00e4tzte Lesezeit":"2\u00a0Minuten"},"schema":{"@context":"https:\/\/schema.org","@graph":[{"@type":"WebPage","@id":"https:\/\/plantbezorgd.nl\/product\/vaste-planten\/carex-oshimensis-everest-bonte-zegge\/","url":"https:\/\/plantbezorgd.nl\/product\/vaste-planten\/carex-oshimensis-everest-bonte-zegge\/","name":"Carex oshimensis EverColor\u00ae Everest - Trauerroggen Online kaufen - PlantBeautiful","isPartOf":{"@id":"https:\/\/plantbezorgd.nl\/#website"},"primaryImageOfPage":{"@id":"https:\/\/plantbezorgd.nl\/product\/vaste-planten\/carex-oshimensis-everest-bonte-zegge\/#primaryimage"},"image":{"@id":"https:\/\/plantbezorgd.nl\/product\/vaste-planten\/carex-oshimensis-everest-bonte-zegge\/#primaryimage"},"thumbnailUrl":"https:\/\/plantbezorgd.nl\/wp-content\/uploads\/2023\/07\/caoevere-Carex-Everest_Garden-scaled-1.jpg","datePublished":"2023-06-24T10:21:16+00:00","dateModified":"2026-04-14T18:12:40+00:00","description":"Auf der Suche nach Carex oshimensis EverColor\u00ae Everest - Scheckenroggen? \u2714 Niedrige Versandkosten \u2714 W\u00e4hlen Sie Ihren Liefertermin und -ort \u2714 Anwachsgarantie!","breadcrumb":{"@id":"https:\/\/plantbezorgd.nl\/product\/vaste-planten\/carex-oshimensis-everest-bonte-zegge\/#breadcrumb"},"inLanguage":"de","potentialAction":[{"@type":"ReadAction","target":["https:\/\/plantbezorgd.nl\/product\/vaste-planten\/carex-oshimensis-everest-bonte-zegge\/"]}]},{"@type":"ImageObject","inLanguage":"de","@id":"https:\/\/plantbezorgd.nl\/product\/vaste-planten\/carex-oshimensis-everest-bonte-zegge\/#primaryimage","url":"https:\/\/plantbezorgd.nl\/wp-content\/uploads\/2023\/07\/caoevere-Carex-Everest_Garden-scaled-1.jpg","contentUrl":"https:\/\/plantbezorgd.nl\/wp-content\/uploads\/2023\/07\/caoevere-Carex-Everest_Garden-scaled-1.jpg","width":1391,"height":924},{"@type":"BreadcrumbList","@id":"https:\/\/plantbezorgd.nl\/product\/vaste-planten\/carex-oshimensis-everest-bonte-zegge\/#breadcrumb","itemListElement":[{"@type":"ListItem","position":1,"name":"Shop","item":"https:\/\/plantbezorgd.nl\/shop\/"},{"@type":"ListItem","position":2,"name":"Carex \/ Zegge","item":"https:\/\/plantbezorgd.nl\/product-categorie\/carex-zegge\/"},{"@type":"ListItem","position":3,"name":"Carex oshimensis EverColor\u00ae Everest &#8211; Bonte Zegge"}]},{"@type":"WebSite","@id":"https:\/\/plantbezorgd.nl\/#website","url":"https:\/\/plantbezorgd.nl\/","name":"PflanzenGeliefert","description":"Erschwingliche Qualit\u00e4tspflanzen direkt zu Ihnen nach Hause geliefert!","publisher":{"@id":"https:\/\/plantbezorgd.nl\/#organization"},"potentialAction":[{"@type":"SearchAction","target":{"@type":"EntryPoint","urlTemplate":"https:\/\/plantbezorgd.nl\/?s={search_term_string}"},"query-input":{"@type":"PropertyValueSpecification","valueRequired":true,"valueName":"search_term_string"}}],"inLanguage":"de"},{"@type":"Organization","@id":"https:\/\/plantbezorgd.nl\/#organization","name":"PflanzenGeliefert","url":"https:\/\/plantbezorgd.nl\/","logo":{"@type":"ImageObject","inLanguage":"de","@id":"https:\/\/plantbezorgd.nl\/#\/schema\/logo\/image\/","url":"https:\/\/plantbezorgd.nl\/wp-content\/uploads\/2023\/05\/Logo.svg","contentUrl":"https:\/\/plantbezorgd.nl\/wp-content\/uploads\/2023\/05\/Logo.svg","caption":"PlantBezorgd"},"image":{"@id":"https:\/\/plantbezorgd.nl\/#\/schema\/logo\/image\/"}}]}},"_links":{"self":[{"href":"https:\/\/plantbezorgd.nl\/de\/wp-json\/wp\/v2\/product\/5658","targetHints":{"allow":["GET"]}}],"collection":[{"href":"https:\/\/plantbezorgd.nl\/de\/wp-json\/wp\/v2\/product"}],"about":[{"href":"https:\/\/plantbezorgd.nl\/de\/wp-json\/wp\/v2\/types\/product"}],"replies":[{"embeddable":true,"href":"https:\/\/plantbezorgd.nl\/de\/wp-json\/wp\/v2\/comments?post=5658"}],"wp:featuredmedia":[{"embeddable":true,"href":"https:\/\/plantbezorgd.nl\/de\/wp-json\/wp\/v2\/media\/6933"}],"wp:attachment":[{"href":"https:\/\/plantbezorgd.nl\/de\/wp-json\/wp\/v2\/media?parent=5658"}],"wp:term":[{"taxonomy":"product_brand","embeddable":true,"href":"https:\/\/plantbezorgd.nl\/de\/wp-json\/wp\/v2\/product_brand?post=5658"},{"taxonomy":"product_cat","embeddable":true,"href":"https:\/\/plantbezorgd.nl\/de\/wp-json\/wp\/v2\/product_cat?post=5658"},{"taxonomy":"product_tag","embeddable":true,"href":"https:\/\/plantbezorgd.nl\/de\/wp-json\/wp\/v2\/product_tag?post=5658"}],"curies":[{"name":"wp","href":"https:\/\/api.w.org\/{rel}","templated":true}]}}