{"id":5590,"date":"2023-05-14T20:55:05","date_gmt":"2023-05-14T18:55:05","guid":{"rendered":"https:\/\/plantbezorgd.s01.klik3.dev\/product\/uncategorized\/elaeagnus-ebbingei-%c2%a8limelight%c2%a8-olijfwilg\/"},"modified":"2026-04-30T20:17:37","modified_gmt":"2026-04-30T18:17:37","slug":"elaeagnus-ebbingei-limelight-olive-willow","status":"publish","type":"product","link":"https:\/\/plantbezorgd.nl\/de\/product\/alle-haagplanten\/elaeagnus-ebbingei-limelight-olijfwilg\/","title":{"rendered":"Elaeagnus ebbingei Limelight - Olivenbaumweide"},"content":{"rendered":"<div id=\"fulldesc-tab\" class=\"product-feature\">\n<div class=\"full_desc\">\n<div class=\"product-info-content\">\n<div class=\"product-info-content\">\n<h2><span style=\"font-weight: 400;\">Elaeagnus ebbingei Limelight oder Olivenweide<\/span><\/h2>\n<p><span style=\"font-weight: 400;\">Elaeagnus ebbingei Limelight ist eine panaschierte Variante des gew\u00f6hnlichen Elaeagnus ebbingei. Auch diese Art ist laubabwerfend und winterhart. Aufgrund ihres breiten und aufrechten Wuchses wird sie oft als Heckenpflanze verwendet und vertr\u00e4gt Seewind. Limelight w\u00e4chst 30 bis 40 Zentimeter pro Jahr. Der Strauch hat goldgelb gesprenkelte Bl\u00e4tter, die auf der Unterseite silbern sind. Die Bl\u00fctezeit ist unbedeutend, er bl\u00fcht im Sp\u00e4tsommer, etwa im August und September, mit duftenden wei\u00dfen Bl\u00fcten.<\/span><\/p>\n<h2><span style=\"font-weight: 400;\">Die Olivenweide Limelight<\/span><span style=\"font-weight: 400;\">\u00a0Beschneiden<\/span><\/h2>\n<p>Der Strauch vertr\u00e4gt einen R\u00fcckschnitt gut, der am besten im Mai-Juni und nach dem Sommer im August-September vorgenommen wird. Der Schnitt im Mai und Juni hat den Vorteil, dass Sie die ersten Knospen wegschneiden k\u00f6nnen, was die Pflanze dazu anregt, junge Triebe zu bilden, und Sie erhalten einen volleren Strauch von unten. Im Herbst k\u00f6nnen Sie die Pflanze mit einem Formschnitt versehen, der tief, aber nicht zu tief sein darf. Es ist besser, zweimal im Jahr zu schneiden als einmal im Jahr sehr tief. Die Olivenweide wird nicht bl\u00fchen, wenn Sie sie zweimal im Jahr schneiden.<\/p>\n<h2><span style=\"font-weight: 400;\">Anwendung Elaeagnus ebbingei Limelight<\/span><\/h2>\n<p><span style=\"font-weight: 400;\">Elaeagnus ebbingei Limelight kann als Hecke oder als Einzelbaum gepflanzt werden. Wenn Sie ihn als Hecke pflanzen, verwenden Sie 4 Pflanzen aus dem C2-Liter-Topf und 3 aus dem C4-Liter-Topf. Die Pflanzenh\u00f6he ist die H\u00f6he der Pflanze ab der Oberkante des Topfes. Diese Heckenpflanze w\u00e4chst in allen B\u00f6den gut, auch in Lehmb\u00f6den.<\/span><\/p>\n<h2><span style=\"font-weight: 400;\">Bestand Elaeagnus ebbingei Limelight oder Olivenweide<\/span><\/h2>\n<p><span style=\"font-weight: 400;\">Elaeagnus ebbingei Limelight mag einen sonnigen Standort.<\/span><\/p>\n<h3><span style=\"font-weight: 400;\">F\u00fctterung und D\u00fcngung<\/span><span style=\"font-weight: 400;\"> einer Olivenweide<\/span><\/h3>\n<p><span style=\"font-weight: 400;\">Es ist am besten, der Olivenweide nach dem Schnitt N\u00e4hrstoffe zuzuf\u00fchren. Wir empfehlen organischen D\u00fcnger wie Kuhmistpellets. Dieser setzt nach und nach N\u00e4hrstoffe frei und sorgt f\u00fcr eine sch\u00f6ne, gesunde und frische Farbe der Bl\u00e4tter.\u00a0<\/span><\/p>\n<h3><span style=\"font-weight: 400;\">Wasser <\/span><span style=\"font-weight: 400;\">Schenkung einer Olivenweide<\/span><\/h3>\n<p><span style=\"font-weight: 400;\">Sie kann Trockenheit gut vertragen, muss aber nach dem Pflanzen rechtzeitig gegossen werden. Nach etwa einem Jahr hat sie genug Wurzeln im Boden, um selbst genug Wasser aus dem Boden aufnehmen zu k\u00f6nnen.\u00a0<\/span><\/p>\n<h2><span style=\"font-weight: 400;\">Fragen zu Elaeagnus ebbingei Limelight<\/span><span style=\"font-weight: 400;\">?<\/span><\/h2>\n<p><span style=\"font-weight: 400;\">Stellen Sie Ihre Frage online im Feld unten auf dieser Seite. Sie erhalten dann so schnell wie m\u00f6glich eine Antwort von dem Team von PlantBezorgd; erschwingliche Qualit\u00e4tspflanzen.<\/span><\/p>\n<\/div>\n<\/div>\n<\/div>\n<\/div>","protected":false},"excerpt":{"rendered":"<p>Elaeagnus ebbingei Limelight of olijfwilg De Elaeagnus ebbingei Limelight is een bonte variant van de gewone Elaeagnus ebbingei. Ook deze soort is bladhoudend en goed winterhard. Hij wordt door zijn brede en opgaande groei veel toegepast als haagplant en kan zeewind verdragen. Per jaar groeit de Limelight 30 tot 40 centimeter. De heester heeft een [&hellip;]<\/p>","protected":false},"featured_media":5591,"comment_status":"open","ping_status":"closed","template":"","meta":{"_acf_changed":false,"iawp_total_views":334},"product_brand":[],"product_cat":[316,232,324,239],"product_tag":[439,438,1587,433],"class_list":{"0":"post-5590","1":"product","2":"type-product","3":"status-publish","4":"has-post-thumbnail","6":"product_cat-alle-categorieen","7":"product_cat-alle-haagplanten","8":"product_cat-olijfwilg-elaeagnus","9":"product_cat-overige-haagplanten","10":"product_tag-alle","11":"product_tag-boost","12":"product_tag-local","13":"product_tag-tuin","14":"pa_aantal-per-m2-588","15":"pa_groei-per-jaar-30-40","16":"pa_grondsoort-alle-grondsoorten-waterdoorlatend","17":"pa_volgroeide-hoogte-in-cm-735","18":"pa_wintergroen-bladhoudend-ja","19":"pa_winterhardheid-meerjarig-goed","21":"first","22":"instock","23":"taxable","24":"shipping-taxable","25":"purchasable","26":"product-type-variable","27":"has-default-attributes"},"acf":[],"gallery_images":[],"yoast_head":"<!-- This site is optimized with the Yoast SEO plugin v25.3 - https:\/\/yoast.com\/wordpress\/plugins\/seo\/ -->\n<title>Elaeagnus ebbingei Limelight - Olijfwilg Online Kopen - PlantBezorgd<\/title>\n<meta name=\"description\" content=\"Op zoek naar de Elaeagnus ebbingei Limelight - Olijfwilg? \u2714 Lage verzendkosten \u2714 Kies je bezorgmoment &amp; locatie \u2714 Groeigarantie!\" \/>\n<meta name=\"robots\" content=\"index, follow, max-snippet:-1, max-image-preview:large, max-video-preview:-1\" \/>\n<link rel=\"canonical\" href=\"https:\/\/plantbezorgd.nl\/de\/produkt\/alle-heckenpflanzen-2\/elaeagnus-ebbingei-limelight-olive-willow\/\" \/>\n<meta property=\"og:locale\" content=\"de_DE\" \/>\n<meta property=\"og:type\" content=\"article\" \/>\n<meta property=\"og:title\" content=\"Elaeagnus ebbingei Limelight - Olijfwilg Online Kopen - PlantBezorgd\" \/>\n<meta property=\"og:description\" content=\"Op zoek naar de Elaeagnus ebbingei Limelight - Olijfwilg? \u2714 Lage verzendkosten \u2714 Kies je bezorgmoment &amp; locatie \u2714 Groeigarantie!\" \/>\n<meta property=\"og:url\" content=\"https:\/\/plantbezorgd.nl\/de\/produkt\/alle-heckenpflanzen-2\/elaeagnus-ebbingei-limelight-olive-willow\/\" \/>\n<meta property=\"og:site_name\" content=\"PlantBezorgd\" \/>\n<meta property=\"article:modified_time\" content=\"2026-04-30T18:17:37+00:00\" \/>\n<meta property=\"og:image\" content=\"https:\/\/plantbezorgd.nl\/wp-content\/uploads\/2023\/06\/Elaeagnus-ebbingei-Limelight-Olijfwilg.jpg\" \/>\n\t<meta property=\"og:image:width\" content=\"666\" \/>\n\t<meta property=\"og:image:height\" content=\"1000\" \/>\n\t<meta property=\"og:image:type\" content=\"image\/jpeg\" \/>\n<meta name=\"twitter:card\" content=\"summary_large_image\" \/>\n<meta name=\"twitter:label1\" content=\"Gesch\u00e4tzte Lesezeit\" \/>\n\t<meta name=\"twitter:data1\" content=\"3\u00a0Minuten\" \/>\n<script type=\"application\/ld+json\" class=\"yoast-schema-graph\">{\"@context\":\"https:\/\/schema.org\",\"@graph\":[{\"@type\":\"WebPage\",\"@id\":\"https:\/\/plantbezorgd.nl\/product\/alle-haagplanten\/elaeagnus-ebbingei-limelight-olijfwilg\/\",\"url\":\"https:\/\/plantbezorgd.nl\/product\/alle-haagplanten\/elaeagnus-ebbingei-limelight-olijfwilg\/\",\"name\":\"Elaeagnus ebbingei Limelight - Olijfwilg Online Kopen - PlantBezorgd\",\"isPartOf\":{\"@id\":\"https:\/\/plantbezorgd.nl\/#website\"},\"primaryImageOfPage\":{\"@id\":\"https:\/\/plantbezorgd.nl\/product\/alle-haagplanten\/elaeagnus-ebbingei-limelight-olijfwilg\/#primaryimage\"},\"image\":{\"@id\":\"https:\/\/plantbezorgd.nl\/product\/alle-haagplanten\/elaeagnus-ebbingei-limelight-olijfwilg\/#primaryimage\"},\"thumbnailUrl\":\"https:\/\/plantbezorgd.nl\/wp-content\/uploads\/2023\/06\/Elaeagnus-ebbingei-Limelight-Olijfwilg.jpg\",\"datePublished\":\"2023-05-14T18:55:05+00:00\",\"dateModified\":\"2026-04-30T18:17:37+00:00\",\"description\":\"Op zoek naar de Elaeagnus ebbingei Limelight - Olijfwilg? \u2714 Lage verzendkosten \u2714 Kies je bezorgmoment & locatie \u2714 Groeigarantie!\",\"breadcrumb\":{\"@id\":\"https:\/\/plantbezorgd.nl\/product\/alle-haagplanten\/elaeagnus-ebbingei-limelight-olijfwilg\/#breadcrumb\"},\"inLanguage\":\"de\",\"potentialAction\":[{\"@type\":\"ReadAction\",\"target\":[\"https:\/\/plantbezorgd.nl\/product\/alle-haagplanten\/elaeagnus-ebbingei-limelight-olijfwilg\/\"]}]},{\"@type\":\"ImageObject\",\"inLanguage\":\"de\",\"@id\":\"https:\/\/plantbezorgd.nl\/product\/alle-haagplanten\/elaeagnus-ebbingei-limelight-olijfwilg\/#primaryimage\",\"url\":\"https:\/\/plantbezorgd.nl\/wp-content\/uploads\/2023\/06\/Elaeagnus-ebbingei-Limelight-Olijfwilg.jpg\",\"contentUrl\":\"https:\/\/plantbezorgd.nl\/wp-content\/uploads\/2023\/06\/Elaeagnus-ebbingei-Limelight-Olijfwilg.jpg\",\"width\":666,\"height\":1000},{\"@type\":\"BreadcrumbList\",\"@id\":\"https:\/\/plantbezorgd.nl\/product\/alle-haagplanten\/elaeagnus-ebbingei-limelight-olijfwilg\/#breadcrumb\",\"itemListElement\":[{\"@type\":\"ListItem\",\"position\":1,\"name\":\"Shop\",\"item\":\"https:\/\/plantbezorgd.nl\/shop\/\"},{\"@type\":\"ListItem\",\"position\":2,\"name\":\"Olijfwilg \/ Elaeagnus\",\"item\":\"https:\/\/plantbezorgd.nl\/product-categorie\/olijfwilg-elaeagnus\/\"},{\"@type\":\"ListItem\",\"position\":3,\"name\":\"Elaeagnus ebbingei Limelight &#8211; Olijfwilg\"}]},{\"@type\":\"WebSite\",\"@id\":\"https:\/\/plantbezorgd.nl\/#website\",\"url\":\"https:\/\/plantbezorgd.nl\/\",\"name\":\"PlantBezorgd\",\"description\":\"Betaalbare kwaliteitsplanten thuisbezorgd!\",\"publisher\":{\"@id\":\"https:\/\/plantbezorgd.nl\/#organization\"},\"potentialAction\":[{\"@type\":\"SearchAction\",\"target\":{\"@type\":\"EntryPoint\",\"urlTemplate\":\"https:\/\/plantbezorgd.nl\/?s={search_term_string}\"},\"query-input\":{\"@type\":\"PropertyValueSpecification\",\"valueRequired\":true,\"valueName\":\"search_term_string\"}}],\"inLanguage\":\"de\"},{\"@type\":\"Organization\",\"@id\":\"https:\/\/plantbezorgd.nl\/#organization\",\"name\":\"PlantBezorgd\",\"url\":\"https:\/\/plantbezorgd.nl\/\",\"logo\":{\"@type\":\"ImageObject\",\"inLanguage\":\"de\",\"@id\":\"https:\/\/plantbezorgd.nl\/#\/schema\/logo\/image\/\",\"url\":\"https:\/\/plantbezorgd.nl\/wp-content\/uploads\/2023\/05\/Logo.svg\",\"contentUrl\":\"https:\/\/plantbezorgd.nl\/wp-content\/uploads\/2023\/05\/Logo.svg\",\"caption\":\"PlantBezorgd\"},\"image\":{\"@id\":\"https:\/\/plantbezorgd.nl\/#\/schema\/logo\/image\/\"}}]}<\/script>\n<!-- \/ Yoast SEO plugin. -->","yoast_head_json":{"title":"Elaeagnus ebbingei Limelight - Olivenweide Online Kaufen - PlantBezorgd","description":"Sie suchen Elaeagnus ebbingei Limelight - Olive Willow? \u2714 Niedrige Versandkosten \u2714 W\u00e4hlen Sie Ihren Liefertermin und -ort \u2714 Wachstumsgarantie!","robots":{"index":"index","follow":"follow","max-snippet":"max-snippet:-1","max-image-preview":"max-image-preview:large","max-video-preview":"max-video-preview:-1"},"canonical":"https:\/\/plantbezorgd.nl\/de\/produkt\/alle-heckenpflanzen-2\/elaeagnus-ebbingei-limelight-olive-willow\/","og_locale":"de_DE","og_type":"article","og_title":"Elaeagnus ebbingei Limelight - Olijfwilg Online Kopen - PlantBezorgd","og_description":"Op zoek naar de Elaeagnus ebbingei Limelight - Olijfwilg? \u2714 Lage verzendkosten \u2714 Kies je bezorgmoment & locatie \u2714 Groeigarantie!","og_url":"https:\/\/plantbezorgd.nl\/de\/produkt\/alle-heckenpflanzen-2\/elaeagnus-ebbingei-limelight-olive-willow\/","og_site_name":"PlantBezorgd","article_modified_time":"2026-04-30T18:17:37+00:00","og_image":[{"width":666,"height":1000,"url":"https:\/\/plantbezorgd.nl\/wp-content\/uploads\/2023\/06\/Elaeagnus-ebbingei-Limelight-Olijfwilg.jpg","type":"image\/jpeg"}],"twitter_card":"summary_large_image","twitter_misc":{"Gesch\u00e4tzte Lesezeit":"3\u00a0Minuten"},"schema":{"@context":"https:\/\/schema.org","@graph":[{"@type":"WebPage","@id":"https:\/\/plantbezorgd.nl\/product\/alle-haagplanten\/elaeagnus-ebbingei-limelight-olijfwilg\/","url":"https:\/\/plantbezorgd.nl\/product\/alle-haagplanten\/elaeagnus-ebbingei-limelight-olijfwilg\/","name":"Elaeagnus ebbingei Limelight - Olivenweide Online Kaufen - PlantBezorgd","isPartOf":{"@id":"https:\/\/plantbezorgd.nl\/#website"},"primaryImageOfPage":{"@id":"https:\/\/plantbezorgd.nl\/product\/alle-haagplanten\/elaeagnus-ebbingei-limelight-olijfwilg\/#primaryimage"},"image":{"@id":"https:\/\/plantbezorgd.nl\/product\/alle-haagplanten\/elaeagnus-ebbingei-limelight-olijfwilg\/#primaryimage"},"thumbnailUrl":"https:\/\/plantbezorgd.nl\/wp-content\/uploads\/2023\/06\/Elaeagnus-ebbingei-Limelight-Olijfwilg.jpg","datePublished":"2023-05-14T18:55:05+00:00","dateModified":"2026-04-30T18:17:37+00:00","description":"Sie suchen Elaeagnus ebbingei Limelight - Olive Willow? \u2714 Niedrige Versandkosten \u2714 W\u00e4hlen Sie Ihren Liefertermin und -ort \u2714 Wachstumsgarantie!","breadcrumb":{"@id":"https:\/\/plantbezorgd.nl\/product\/alle-haagplanten\/elaeagnus-ebbingei-limelight-olijfwilg\/#breadcrumb"},"inLanguage":"de","potentialAction":[{"@type":"ReadAction","target":["https:\/\/plantbezorgd.nl\/product\/alle-haagplanten\/elaeagnus-ebbingei-limelight-olijfwilg\/"]}]},{"@type":"ImageObject","inLanguage":"de","@id":"https:\/\/plantbezorgd.nl\/product\/alle-haagplanten\/elaeagnus-ebbingei-limelight-olijfwilg\/#primaryimage","url":"https:\/\/plantbezorgd.nl\/wp-content\/uploads\/2023\/06\/Elaeagnus-ebbingei-Limelight-Olijfwilg.jpg","contentUrl":"https:\/\/plantbezorgd.nl\/wp-content\/uploads\/2023\/06\/Elaeagnus-ebbingei-Limelight-Olijfwilg.jpg","width":666,"height":1000},{"@type":"BreadcrumbList","@id":"https:\/\/plantbezorgd.nl\/product\/alle-haagplanten\/elaeagnus-ebbingei-limelight-olijfwilg\/#breadcrumb","itemListElement":[{"@type":"ListItem","position":1,"name":"Shop","item":"https:\/\/plantbezorgd.nl\/shop\/"},{"@type":"ListItem","position":2,"name":"Olijfwilg \/ Elaeagnus","item":"https:\/\/plantbezorgd.nl\/product-categorie\/olijfwilg-elaeagnus\/"},{"@type":"ListItem","position":3,"name":"Elaeagnus ebbingei Limelight &#8211; Olijfwilg"}]},{"@type":"WebSite","@id":"https:\/\/plantbezorgd.nl\/#website","url":"https:\/\/plantbezorgd.nl\/","name":"PflanzenGeliefert","description":"Erschwingliche Qualit\u00e4tspflanzen direkt zu Ihnen nach Hause geliefert!","publisher":{"@id":"https:\/\/plantbezorgd.nl\/#organization"},"potentialAction":[{"@type":"SearchAction","target":{"@type":"EntryPoint","urlTemplate":"https:\/\/plantbezorgd.nl\/?s={search_term_string}"},"query-input":{"@type":"PropertyValueSpecification","valueRequired":true,"valueName":"search_term_string"}}],"inLanguage":"de"},{"@type":"Organization","@id":"https:\/\/plantbezorgd.nl\/#organization","name":"PflanzenGeliefert","url":"https:\/\/plantbezorgd.nl\/","logo":{"@type":"ImageObject","inLanguage":"de","@id":"https:\/\/plantbezorgd.nl\/#\/schema\/logo\/image\/","url":"https:\/\/plantbezorgd.nl\/wp-content\/uploads\/2023\/05\/Logo.svg","contentUrl":"https:\/\/plantbezorgd.nl\/wp-content\/uploads\/2023\/05\/Logo.svg","caption":"PlantBezorgd"},"image":{"@id":"https:\/\/plantbezorgd.nl\/#\/schema\/logo\/image\/"}}]}},"_links":{"self":[{"href":"https:\/\/plantbezorgd.nl\/de\/wp-json\/wp\/v2\/product\/5590","targetHints":{"allow":["GET"]}}],"collection":[{"href":"https:\/\/plantbezorgd.nl\/de\/wp-json\/wp\/v2\/product"}],"about":[{"href":"https:\/\/plantbezorgd.nl\/de\/wp-json\/wp\/v2\/types\/product"}],"replies":[{"embeddable":true,"href":"https:\/\/plantbezorgd.nl\/de\/wp-json\/wp\/v2\/comments?post=5590"}],"wp:featuredmedia":[{"embeddable":true,"href":"https:\/\/plantbezorgd.nl\/de\/wp-json\/wp\/v2\/media\/5591"}],"wp:attachment":[{"href":"https:\/\/plantbezorgd.nl\/de\/wp-json\/wp\/v2\/media?parent=5590"}],"wp:term":[{"taxonomy":"product_brand","embeddable":true,"href":"https:\/\/plantbezorgd.nl\/de\/wp-json\/wp\/v2\/product_brand?post=5590"},{"taxonomy":"product_cat","embeddable":true,"href":"https:\/\/plantbezorgd.nl\/de\/wp-json\/wp\/v2\/product_cat?post=5590"},{"taxonomy":"product_tag","embeddable":true,"href":"https:\/\/plantbezorgd.nl\/de\/wp-json\/wp\/v2\/product_tag?post=5590"}],"curies":[{"name":"wp","href":"https:\/\/api.w.org\/{rel}","templated":true}]}}