{"id":552,"date":"2023-02-03T10:23:18","date_gmt":"2023-02-03T09:23:18","guid":{"rendered":"https:\/\/plantbezorgd.s01.klik3.dev\/product\/uncategorized\/cadeaukaart-e3000\/"},"modified":"2025-01-31T22:19:57","modified_gmt":"2025-01-31T21:19:57","slug":"geschenkkarte-e3000","status":"publish","type":"product","link":"https:\/\/plantbezorgd.nl\/de\/produkt\/geschenkkarte-2\/geschenkkarte-e3000\/","title":{"rendered":"Geschenkkarte \u20ac50.00"},"content":{"rendered":"<h2>So funktioniert es<\/h2>\n<p>Bestellen Sie als Schenkender eine digitale Geschenkkarte Ihrer Wahl. Sie erhalten umgehend eine E-Mail mit der untenstehenden Geschenkkarte als PDF im Anhang der Bestellbest\u00e4tigung. Wenn Sie die Geschenkkarte pers\u00f6nlich \u00fcberreichen m\u00f6chten, k\u00f6nnen Sie sie nat\u00fcrlich auch ausdrucken. Schreiben Sie Ihren Namen und eine pers\u00f6nliche Nachricht auf die ausgedruckte Geschenkkarte. Sie haben keinen Drucker? Kein Problem, Sie k\u00f6nnen die digitale Geschenkkarte auch einfach per E-Mail, Whatsapp, etc. weitergeben.<\/p>\n<p>Die PlantBezorgd-Geschenkkarte ist nur auf PlantBezorgd.nl g\u00fcltig, gilt f\u00fcr 2 Jahre und der Betrag muss in einem Zug ausgegeben werden. Pro Bestellung kann nur eine Geschenkkarte verwendet werden. Eine Geschenkkarte kann nicht in Kombination mit Rabattcodes verwendet werden.<\/p>","protected":false},"excerpt":{"rendered":"<p>Zo werkt het Als gever bestel je een digitale cadeaukaart naar keuze. Je ontvang direct een e-mail met onderstaande cadeaukaart als PDF bij de orderbevestiging. Wil je de cadeaukaart persoonlijk overhandigen, dan kun je die natuurlijk printen. Schrijf je naam en eventueel een persoonlijk bericht bij de geprinte cadeaukaart. Heb je geen printer? Geen probleem, [&hellip;]<\/p>","protected":false},"featured_media":6437,"comment_status":"open","ping_status":"closed","template":"","meta":{"_acf_changed":false,"iawp_total_views":11},"product_brand":[],"product_cat":[316,230],"product_tag":[439,1587,436,435],"class_list":{"0":"post-552","1":"product","2":"type-product","3":"status-publish","4":"has-post-thumbnail","6":"product_cat-alle-categorieen","7":"product_cat-cadeaukaart","8":"product_tag-alle","9":"product_tag-local","10":"product_tag-nietadverteren","11":"product_tag-rest","13":"first","14":"instock","15":"virtual","16":"taxable","17":"purchasable","18":"product-type-simple"},"acf":[],"gallery_images":[],"yoast_head":"<!-- This site is optimized with the Yoast SEO plugin v25.3 - https:\/\/yoast.com\/wordpress\/plugins\/seo\/ -->\n<title>Cadeaukaart \u20ac50,00 Online Kopen - PlantBezorgd<\/title>\n<meta name=\"description\" content=\"Op zoek naar de Cadeaukaart \u20ac50,00? \u2714 Lage verzendkosten \u2714 Kies je bezorgmoment &amp; locatie \u2714 Groeigarantie!\" \/>\n<meta name=\"robots\" content=\"index, follow, max-snippet:-1, max-image-preview:large, max-video-preview:-1\" \/>\n<link rel=\"canonical\" href=\"https:\/\/plantbezorgd.nl\/de\/produkt\/geschenkkarte-2\/geschenkkarte-e3000\/\" \/>\n<meta property=\"og:locale\" content=\"de_DE\" \/>\n<meta property=\"og:type\" content=\"article\" \/>\n<meta property=\"og:title\" content=\"Cadeaukaart \u20ac50,00 Online Kopen - PlantBezorgd\" \/>\n<meta property=\"og:description\" content=\"Op zoek naar de Cadeaukaart \u20ac50,00? \u2714 Lage verzendkosten \u2714 Kies je bezorgmoment &amp; locatie \u2714 Groeigarantie!\" \/>\n<meta property=\"og:url\" content=\"https:\/\/plantbezorgd.nl\/de\/produkt\/geschenkkarte-2\/geschenkkarte-e3000\/\" \/>\n<meta property=\"og:site_name\" content=\"PlantBezorgd\" \/>\n<meta property=\"article:modified_time\" content=\"2025-01-31T21:19:57+00:00\" \/>\n<meta property=\"og:image\" content=\"https:\/\/cdn.plantbezorgd.nl\/wp-content\/uploads\/2023\/06\/cadeaubon-50-scaled-2.jpg?strip=all&lossy=1&ssl=1\" \/>\n\t<meta property=\"og:image:width\" content=\"924\" \/>\n\t<meta property=\"og:image:height\" content=\"1153\" \/>\n\t<meta property=\"og:image:type\" content=\"image\/jpeg\" \/>\n<meta name=\"twitter:card\" content=\"summary_large_image\" \/>\n<meta name=\"twitter:label1\" content=\"Gesch\u00e4tzte Lesezeit\" \/>\n\t<meta name=\"twitter:data1\" content=\"1\u00a0Minute\" \/>\n<script type=\"application\/ld+json\" class=\"yoast-schema-graph\">{\"@context\":\"https:\/\/schema.org\",\"@graph\":[{\"@type\":\"WebPage\",\"@id\":\"https:\/\/plantbezorgd.nl\/product\/cadeaukaart\/cadeaukaart-e3000\/\",\"url\":\"https:\/\/plantbezorgd.nl\/product\/cadeaukaart\/cadeaukaart-e3000\/\",\"name\":\"Cadeaukaart \u20ac50,00 Online Kopen - PlantBezorgd\",\"isPartOf\":{\"@id\":\"https:\/\/plantbezorgd.nl\/#website\"},\"primaryImageOfPage\":{\"@id\":\"https:\/\/plantbezorgd.nl\/product\/cadeaukaart\/cadeaukaart-e3000\/#primaryimage\"},\"image\":{\"@id\":\"https:\/\/plantbezorgd.nl\/product\/cadeaukaart\/cadeaukaart-e3000\/#primaryimage\"},\"thumbnailUrl\":\"https:\/\/plantbezorgd.nl\/wp-content\/uploads\/2023\/06\/cadeaubon-50-scaled-2.jpg\",\"datePublished\":\"2023-02-03T09:23:18+00:00\",\"dateModified\":\"2025-01-31T21:19:57+00:00\",\"description\":\"Op zoek naar de Cadeaukaart \u20ac50,00? \u2714 Lage verzendkosten \u2714 Kies je bezorgmoment & locatie \u2714 Groeigarantie!\",\"breadcrumb\":{\"@id\":\"https:\/\/plantbezorgd.nl\/product\/cadeaukaart\/cadeaukaart-e3000\/#breadcrumb\"},\"inLanguage\":\"de\",\"potentialAction\":[{\"@type\":\"ReadAction\",\"target\":[\"https:\/\/plantbezorgd.nl\/product\/cadeaukaart\/cadeaukaart-e3000\/\"]}]},{\"@type\":\"ImageObject\",\"inLanguage\":\"de\",\"@id\":\"https:\/\/plantbezorgd.nl\/product\/cadeaukaart\/cadeaukaart-e3000\/#primaryimage\",\"url\":\"https:\/\/plantbezorgd.nl\/wp-content\/uploads\/2023\/06\/cadeaubon-50-scaled-2.jpg\",\"contentUrl\":\"https:\/\/plantbezorgd.nl\/wp-content\/uploads\/2023\/06\/cadeaubon-50-scaled-2.jpg\",\"width\":924,\"height\":1153},{\"@type\":\"BreadcrumbList\",\"@id\":\"https:\/\/plantbezorgd.nl\/product\/cadeaukaart\/cadeaukaart-e3000\/#breadcrumb\",\"itemListElement\":[{\"@type\":\"ListItem\",\"position\":1,\"name\":\"Shop\",\"item\":\"https:\/\/plantbezorgd.nl\/shop\/\"},{\"@type\":\"ListItem\",\"position\":2,\"name\":\"Cadeaukaart\",\"item\":\"https:\/\/plantbezorgd.nl\/product-categorie\/cadeaukaart\/\"},{\"@type\":\"ListItem\",\"position\":3,\"name\":\"Cadeaukaart \u20ac50,00\"}]},{\"@type\":\"WebSite\",\"@id\":\"https:\/\/plantbezorgd.nl\/#website\",\"url\":\"https:\/\/plantbezorgd.nl\/\",\"name\":\"PlantBezorgd\",\"description\":\"Betaalbare kwaliteitsplanten thuisbezorgd!\",\"publisher\":{\"@id\":\"https:\/\/plantbezorgd.nl\/#organization\"},\"potentialAction\":[{\"@type\":\"SearchAction\",\"target\":{\"@type\":\"EntryPoint\",\"urlTemplate\":\"https:\/\/plantbezorgd.nl\/?s={search_term_string}\"},\"query-input\":{\"@type\":\"PropertyValueSpecification\",\"valueRequired\":true,\"valueName\":\"search_term_string\"}}],\"inLanguage\":\"de\"},{\"@type\":\"Organization\",\"@id\":\"https:\/\/plantbezorgd.nl\/#organization\",\"name\":\"PlantBezorgd\",\"url\":\"https:\/\/plantbezorgd.nl\/\",\"logo\":{\"@type\":\"ImageObject\",\"inLanguage\":\"de\",\"@id\":\"https:\/\/plantbezorgd.nl\/#\/schema\/logo\/image\/\",\"url\":\"https:\/\/plantbezorgd.nl\/wp-content\/uploads\/2023\/05\/Logo.svg\",\"contentUrl\":\"https:\/\/plantbezorgd.nl\/wp-content\/uploads\/2023\/05\/Logo.svg\",\"caption\":\"PlantBezorgd\"},\"image\":{\"@id\":\"https:\/\/plantbezorgd.nl\/#\/schema\/logo\/image\/\"}}]}<\/script>\n<!-- \/ Yoast SEO plugin. -->","yoast_head_json":{"title":"Geschenkkarte \u20ac50.00 Online kaufen - PlantBezorgd","description":"Suchen Sie die Geschenkkarte 50,00 \u20ac? \u2714 Niedrige Versandkosten \u2714 W\u00e4hlen Sie Ihren Liefertermin und -ort \u2714 Wachstumsgarantie!","robots":{"index":"index","follow":"follow","max-snippet":"max-snippet:-1","max-image-preview":"max-image-preview:large","max-video-preview":"max-video-preview:-1"},"canonical":"https:\/\/plantbezorgd.nl\/de\/produkt\/geschenkkarte-2\/geschenkkarte-e3000\/","og_locale":"de_DE","og_type":"article","og_title":"Cadeaukaart \u20ac50,00 Online Kopen - PlantBezorgd","og_description":"Op zoek naar de Cadeaukaart \u20ac50,00? \u2714 Lage verzendkosten \u2714 Kies je bezorgmoment & locatie \u2714 Groeigarantie!","og_url":"https:\/\/plantbezorgd.nl\/de\/produkt\/geschenkkarte-2\/geschenkkarte-e3000\/","og_site_name":"PlantBezorgd","article_modified_time":"2025-01-31T21:19:57+00:00","og_image":[{"width":924,"height":1153,"url":"https:\/\/cdn.plantbezorgd.nl\/wp-content\/uploads\/2023\/06\/cadeaubon-50-scaled-2.jpg?strip=all&lossy=1&ssl=1","type":"image\/jpeg"}],"twitter_card":"summary_large_image","twitter_misc":{"Gesch\u00e4tzte Lesezeit":"1\u00a0Minute"},"schema":{"@context":"https:\/\/schema.org","@graph":[{"@type":"WebPage","@id":"https:\/\/plantbezorgd.nl\/product\/cadeaukaart\/cadeaukaart-e3000\/","url":"https:\/\/plantbezorgd.nl\/product\/cadeaukaart\/cadeaukaart-e3000\/","name":"Geschenkkarte \u20ac50.00 Online kaufen - PlantBezorgd","isPartOf":{"@id":"https:\/\/plantbezorgd.nl\/#website"},"primaryImageOfPage":{"@id":"https:\/\/plantbezorgd.nl\/product\/cadeaukaart\/cadeaukaart-e3000\/#primaryimage"},"image":{"@id":"https:\/\/plantbezorgd.nl\/product\/cadeaukaart\/cadeaukaart-e3000\/#primaryimage"},"thumbnailUrl":"https:\/\/plantbezorgd.nl\/wp-content\/uploads\/2023\/06\/cadeaubon-50-scaled-2.jpg","datePublished":"2023-02-03T09:23:18+00:00","dateModified":"2025-01-31T21:19:57+00:00","description":"Suchen Sie die Geschenkkarte 50,00 \u20ac? \u2714 Niedrige Versandkosten \u2714 W\u00e4hlen Sie Ihren Liefertermin und -ort \u2714 Wachstumsgarantie!","breadcrumb":{"@id":"https:\/\/plantbezorgd.nl\/product\/cadeaukaart\/cadeaukaart-e3000\/#breadcrumb"},"inLanguage":"de","potentialAction":[{"@type":"ReadAction","target":["https:\/\/plantbezorgd.nl\/product\/cadeaukaart\/cadeaukaart-e3000\/"]}]},{"@type":"ImageObject","inLanguage":"de","@id":"https:\/\/plantbezorgd.nl\/product\/cadeaukaart\/cadeaukaart-e3000\/#primaryimage","url":"https:\/\/plantbezorgd.nl\/wp-content\/uploads\/2023\/06\/cadeaubon-50-scaled-2.jpg","contentUrl":"https:\/\/plantbezorgd.nl\/wp-content\/uploads\/2023\/06\/cadeaubon-50-scaled-2.jpg","width":924,"height":1153},{"@type":"BreadcrumbList","@id":"https:\/\/plantbezorgd.nl\/product\/cadeaukaart\/cadeaukaart-e3000\/#breadcrumb","itemListElement":[{"@type":"ListItem","position":1,"name":"Shop","item":"https:\/\/plantbezorgd.nl\/shop\/"},{"@type":"ListItem","position":2,"name":"Cadeaukaart","item":"https:\/\/plantbezorgd.nl\/product-categorie\/cadeaukaart\/"},{"@type":"ListItem","position":3,"name":"Cadeaukaart \u20ac50,00"}]},{"@type":"WebSite","@id":"https:\/\/plantbezorgd.nl\/#website","url":"https:\/\/plantbezorgd.nl\/","name":"PflanzenGeliefert","description":"Erschwingliche Qualit\u00e4tspflanzen direkt zu Ihnen nach Hause geliefert!","publisher":{"@id":"https:\/\/plantbezorgd.nl\/#organization"},"potentialAction":[{"@type":"SearchAction","target":{"@type":"EntryPoint","urlTemplate":"https:\/\/plantbezorgd.nl\/?s={search_term_string}"},"query-input":{"@type":"PropertyValueSpecification","valueRequired":true,"valueName":"search_term_string"}}],"inLanguage":"de"},{"@type":"Organization","@id":"https:\/\/plantbezorgd.nl\/#organization","name":"PflanzenGeliefert","url":"https:\/\/plantbezorgd.nl\/","logo":{"@type":"ImageObject","inLanguage":"de","@id":"https:\/\/plantbezorgd.nl\/#\/schema\/logo\/image\/","url":"https:\/\/plantbezorgd.nl\/wp-content\/uploads\/2023\/05\/Logo.svg","contentUrl":"https:\/\/plantbezorgd.nl\/wp-content\/uploads\/2023\/05\/Logo.svg","caption":"PlantBezorgd"},"image":{"@id":"https:\/\/plantbezorgd.nl\/#\/schema\/logo\/image\/"}}]}},"_links":{"self":[{"href":"https:\/\/plantbezorgd.nl\/de\/wp-json\/wp\/v2\/product\/552","targetHints":{"allow":["GET"]}}],"collection":[{"href":"https:\/\/plantbezorgd.nl\/de\/wp-json\/wp\/v2\/product"}],"about":[{"href":"https:\/\/plantbezorgd.nl\/de\/wp-json\/wp\/v2\/types\/product"}],"replies":[{"embeddable":true,"href":"https:\/\/plantbezorgd.nl\/de\/wp-json\/wp\/v2\/comments?post=552"}],"wp:featuredmedia":[{"embeddable":true,"href":"https:\/\/plantbezorgd.nl\/de\/wp-json\/wp\/v2\/media\/6437"}],"wp:attachment":[{"href":"https:\/\/plantbezorgd.nl\/de\/wp-json\/wp\/v2\/media?parent=552"}],"wp:term":[{"taxonomy":"product_brand","embeddable":true,"href":"https:\/\/plantbezorgd.nl\/de\/wp-json\/wp\/v2\/product_brand?post=552"},{"taxonomy":"product_cat","embeddable":true,"href":"https:\/\/plantbezorgd.nl\/de\/wp-json\/wp\/v2\/product_cat?post=552"},{"taxonomy":"product_tag","embeddable":true,"href":"https:\/\/plantbezorgd.nl\/de\/wp-json\/wp\/v2\/product_tag?post=552"}],"curies":[{"name":"wp","href":"https:\/\/api.w.org\/{rel}","templated":true}]}}