{"id":528,"date":"2023-06-01T12:49:13","date_gmt":"2023-06-01T10:49:13","guid":{"rendered":"https:\/\/plantbezorgd.s01.klik3.dev\/product\/uncategorized\/pokon-lavendel-kruiden-voeding-1kg-bio\/"},"modified":"2026-04-03T19:56:30","modified_gmt":"2026-04-03T17:56:30","slug":"pokon-lavendel-krauterdunger-1-kg-bio","status":"publish","type":"product","link":"https:\/\/plantbezorgd.nl\/de\/produkt\/gartenkrauter\/pokon-lavendel-krauterdunger-1-kg-bio\/","title":{"rendered":"Pokon Bio-Kr\u00e4uterd\u00fcnger 1kg"},"content":{"rendered":"<p>Weitere Informationen zu Pokon Bio Kr\u00e4uterd\u00fcnger (ehemals bekannt als Pokon Bio Lavendel- und Kr\u00e4uterd\u00fcnger)<\/p>\n<p>Zusammensetzung:<br \/>\nPokon Bio-Lavendel- und Kr\u00e4uterd\u00fcnger besteht aus 100% nat\u00fcrlichen D\u00fcngemitteln. Das Granulat enth\u00e4lt eine NPK-Zusammensetzung von 6-4-8 + 2MgO. Dieses NPK-Verh\u00e4ltnis ist optimal auf die Bed\u00fcrfnisse von Lavendel und Kr\u00e4utern abgestimmt und beinhaltet Stickstoff (N), Phosphor (P), Kalium (K) und Magnesium. Der D\u00fcnger ist f\u00fcr den \u00f6kologischen Landbau zertifiziert und wirkt bis zu 120 Tage. Erh\u00e4ltlich in der 1-kg-Packung, ausreichend f\u00fcr 30 Pflanzen.<\/p>\n<p>Wie viel ben\u00f6tigen Sie?<br \/>\n\u2013 Im Freiland 30-40 Gramm pro Pflanze verwenden.<br \/>\n\u2013 Bei T\u00f6pfen oder Jungpflanzen 10-20 Gramm D\u00fcnger pro Pflanze verwenden.<br \/>\n\u2013 In einem Gem\u00fcsegarten verwendet man etwa 100 Gramm pro Quadratmeter.<\/p>\n<p>Wann:<br \/>\n\u2013 Verwenden Sie dieses Pokon-Futter im Fr\u00fchling und Sommer.<br \/>\n\u2013 F\u00fcr optimale Ergebnisse sollten die Pflanzen zweimal im Jahr ged\u00fcngt werden.<\/p>\n<p>Benutzerhandbuch<br \/>\n1. Messen Sie die richtige Menge an Lebensmitteln ab.<br \/>\n2. Verteilen Sie die K\u00fcgelchen gleichm\u00e4\u00dfig um die Pflanze.<br \/>\n3. Mischen Sie das Granulat in die oberste Bodenschicht ein.<br \/>\n4. Wasser, um die Wirkung des N\u00e4hrstoffs sofort auszul\u00f6sen.<\/p>","protected":false},"excerpt":{"rendered":"<p>Meer informatie over Pokon Bio Kruiden Mest (voorheen bekend als Pokon Bio Lavendel en Kruiden Voeding) Samenstelling: Pokon Bio Lavendel en Kruiden Voeding is gemaakt van 100% natuurlijke meststoffen. Deze korrels bevatten een NPK samenstelling (6-4-8 + 2Mg0). Deze NPK verhouding is precies afgestemd op wat lavendelplanten en kruidenplanten nodig hebben, bevat o.a. Stikstof (N), [&hellip;]<\/p>","protected":false},"featured_media":529,"comment_status":"open","ping_status":"closed","template":"","meta":{"_acf_changed":false,"iawp_total_views":49},"product_brand":[],"product_cat":[316,229,223,222],"product_tag":[439,1587,436,435],"class_list":{"0":"post-528","1":"product","2":"type-product","3":"status-publish","4":"has-post-thumbnail","6":"product_cat-alle-categorieen","7":"product_cat-bemesting","8":"product_cat-lavendel","9":"product_cat-tuinkruiden","10":"product_tag-alle","11":"product_tag-local","12":"product_tag-nietadverteren","13":"product_tag-rest","15":"first","16":"instock","17":"taxable","18":"shipping-taxable","19":"purchasable","20":"product-type-simple"},"acf":[],"gallery_images":[530],"yoast_head":"<!-- This site is optimized with the Yoast SEO plugin v25.3 - https:\/\/yoast.com\/wordpress\/plugins\/seo\/ -->\n<title>Pokon Bio Kruiden Mest 1kg Online Kopen - PlantBezorgd<\/title>\n<meta name=\"description\" content=\"Op zoek naar de Pokon Bio Kruiden Mest 1kg? \u2714 Lage verzendkosten \u2714 Kies je bezorgmoment &amp; locatie \u2714 Groeigarantie!\" \/>\n<meta name=\"robots\" content=\"index, follow, max-snippet:-1, max-image-preview:large, max-video-preview:-1\" \/>\n<link rel=\"canonical\" href=\"https:\/\/plantbezorgd.nl\/de\/produkt\/gartenkrauter\/pokon-lavendel-krauterdunger-1-kg-bio\/\" \/>\n<meta property=\"og:locale\" content=\"de_DE\" \/>\n<meta property=\"og:type\" content=\"article\" \/>\n<meta property=\"og:title\" content=\"Pokon Bio Kruiden Mest 1kg Online Kopen - PlantBezorgd\" \/>\n<meta property=\"og:description\" content=\"Op zoek naar de Pokon Bio Kruiden Mest 1kg? \u2714 Lage verzendkosten \u2714 Kies je bezorgmoment &amp; locatie \u2714 Groeigarantie!\" \/>\n<meta property=\"og:url\" content=\"https:\/\/plantbezorgd.nl\/de\/produkt\/gartenkrauter\/pokon-lavendel-krauterdunger-1-kg-bio\/\" \/>\n<meta property=\"og:site_name\" content=\"PlantBezorgd\" \/>\n<meta property=\"article:modified_time\" content=\"2026-04-03T17:56:30+00:00\" \/>\n<meta property=\"og:image\" content=\"https:\/\/plantbezorgd.nl\/wp-content\/uploads\/2023\/06\/pokon-bio-lavendel-kruiden-voeding-1kg-1-scaled.jpg\" \/>\n\t<meta property=\"og:image:width\" content=\"2179\" \/>\n\t<meta property=\"og:image:height\" content=\"2560\" \/>\n\t<meta property=\"og:image:type\" content=\"image\/jpeg\" \/>\n<meta name=\"twitter:card\" content=\"summary_large_image\" \/>\n<meta name=\"twitter:label1\" content=\"Gesch\u00e4tzte Lesezeit\" \/>\n\t<meta name=\"twitter:data1\" content=\"2\u00a0Minuten\" \/>\n<script type=\"application\/ld+json\" class=\"yoast-schema-graph\">{\"@context\":\"https:\/\/schema.org\",\"@graph\":[{\"@type\":\"WebPage\",\"@id\":\"https:\/\/plantbezorgd.nl\/product\/tuinkruiden\/pokon-lavendel-kruiden-voeding-1kg-bio\/\",\"url\":\"https:\/\/plantbezorgd.nl\/product\/tuinkruiden\/pokon-lavendel-kruiden-voeding-1kg-bio\/\",\"name\":\"Pokon Bio Kruiden Mest 1kg Online Kopen - PlantBezorgd\",\"isPartOf\":{\"@id\":\"https:\/\/plantbezorgd.nl\/#website\"},\"primaryImageOfPage\":{\"@id\":\"https:\/\/plantbezorgd.nl\/product\/tuinkruiden\/pokon-lavendel-kruiden-voeding-1kg-bio\/#primaryimage\"},\"image\":{\"@id\":\"https:\/\/plantbezorgd.nl\/product\/tuinkruiden\/pokon-lavendel-kruiden-voeding-1kg-bio\/#primaryimage\"},\"thumbnailUrl\":\"https:\/\/plantbezorgd.nl\/wp-content\/uploads\/2023\/06\/pokon-bio-lavendel-kruiden-voeding-1kg-1-scaled.jpg\",\"datePublished\":\"2023-06-01T10:49:13+00:00\",\"dateModified\":\"2026-04-03T17:56:30+00:00\",\"description\":\"Op zoek naar de Pokon Bio Kruiden Mest 1kg? \u2714 Lage verzendkosten \u2714 Kies je bezorgmoment & locatie \u2714 Groeigarantie!\",\"breadcrumb\":{\"@id\":\"https:\/\/plantbezorgd.nl\/product\/tuinkruiden\/pokon-lavendel-kruiden-voeding-1kg-bio\/#breadcrumb\"},\"inLanguage\":\"de\",\"potentialAction\":[{\"@type\":\"ReadAction\",\"target\":[\"https:\/\/plantbezorgd.nl\/product\/tuinkruiden\/pokon-lavendel-kruiden-voeding-1kg-bio\/\"]}]},{\"@type\":\"ImageObject\",\"inLanguage\":\"de\",\"@id\":\"https:\/\/plantbezorgd.nl\/product\/tuinkruiden\/pokon-lavendel-kruiden-voeding-1kg-bio\/#primaryimage\",\"url\":\"https:\/\/plantbezorgd.nl\/wp-content\/uploads\/2023\/06\/pokon-bio-lavendel-kruiden-voeding-1kg-1-scaled.jpg\",\"contentUrl\":\"https:\/\/plantbezorgd.nl\/wp-content\/uploads\/2023\/06\/pokon-bio-lavendel-kruiden-voeding-1kg-1-scaled.jpg\",\"width\":2179,\"height\":2560},{\"@type\":\"BreadcrumbList\",\"@id\":\"https:\/\/plantbezorgd.nl\/product\/tuinkruiden\/pokon-lavendel-kruiden-voeding-1kg-bio\/#breadcrumb\",\"itemListElement\":[{\"@type\":\"ListItem\",\"position\":1,\"name\":\"Shop\",\"item\":\"https:\/\/plantbezorgd.nl\/shop\/\"},{\"@type\":\"ListItem\",\"position\":2,\"name\":\"Bemesting\",\"item\":\"https:\/\/plantbezorgd.nl\/product-categorie\/bemesting\/\"},{\"@type\":\"ListItem\",\"position\":3,\"name\":\"Pokon Bio Kruiden Mest 1kg\"}]},{\"@type\":\"WebSite\",\"@id\":\"https:\/\/plantbezorgd.nl\/#website\",\"url\":\"https:\/\/plantbezorgd.nl\/\",\"name\":\"PlantBezorgd\",\"description\":\"Betaalbare kwaliteitsplanten thuisbezorgd!\",\"publisher\":{\"@id\":\"https:\/\/plantbezorgd.nl\/#organization\"},\"potentialAction\":[{\"@type\":\"SearchAction\",\"target\":{\"@type\":\"EntryPoint\",\"urlTemplate\":\"https:\/\/plantbezorgd.nl\/?s={search_term_string}\"},\"query-input\":{\"@type\":\"PropertyValueSpecification\",\"valueRequired\":true,\"valueName\":\"search_term_string\"}}],\"inLanguage\":\"de\"},{\"@type\":\"Organization\",\"@id\":\"https:\/\/plantbezorgd.nl\/#organization\",\"name\":\"PlantBezorgd\",\"url\":\"https:\/\/plantbezorgd.nl\/\",\"logo\":{\"@type\":\"ImageObject\",\"inLanguage\":\"de\",\"@id\":\"https:\/\/plantbezorgd.nl\/#\/schema\/logo\/image\/\",\"url\":\"https:\/\/plantbezorgd.nl\/wp-content\/uploads\/2023\/05\/Logo.svg\",\"contentUrl\":\"https:\/\/plantbezorgd.nl\/wp-content\/uploads\/2023\/05\/Logo.svg\",\"caption\":\"PlantBezorgd\"},\"image\":{\"@id\":\"https:\/\/plantbezorgd.nl\/#\/schema\/logo\/image\/\"}}]}<\/script>\n<!-- \/ Yoast SEO plugin. -->","yoast_head_json":{"title":"Kaufen Sie Pokon Bio-Kr\u00e4uterd\u00fcnger 1 kg online \u2013 PlantBezorgd","description":"Suchen Sie Pokon Bio-Kr\u00e4uterd\u00fcnger (1 kg)? \u2714 Niedrige Versandkosten \u2714 Lieferzeit und -ort frei w\u00e4hlbar \u2714 Wachstumsgarantie!","robots":{"index":"index","follow":"follow","max-snippet":"max-snippet:-1","max-image-preview":"max-image-preview:large","max-video-preview":"max-video-preview:-1"},"canonical":"https:\/\/plantbezorgd.nl\/de\/produkt\/gartenkrauter\/pokon-lavendel-krauterdunger-1-kg-bio\/","og_locale":"de_DE","og_type":"article","og_title":"Pokon Bio Kruiden Mest 1kg Online Kopen - PlantBezorgd","og_description":"Op zoek naar de Pokon Bio Kruiden Mest 1kg? \u2714 Lage verzendkosten \u2714 Kies je bezorgmoment & locatie \u2714 Groeigarantie!","og_url":"https:\/\/plantbezorgd.nl\/de\/produkt\/gartenkrauter\/pokon-lavendel-krauterdunger-1-kg-bio\/","og_site_name":"PlantBezorgd","article_modified_time":"2026-04-03T17:56:30+00:00","og_image":[{"width":2179,"height":2560,"url":"https:\/\/plantbezorgd.nl\/wp-content\/uploads\/2023\/06\/pokon-bio-lavendel-kruiden-voeding-1kg-1-scaled.jpg","type":"image\/jpeg"}],"twitter_card":"summary_large_image","twitter_misc":{"Gesch\u00e4tzte Lesezeit":"2\u00a0Minuten"},"schema":{"@context":"https:\/\/schema.org","@graph":[{"@type":"WebPage","@id":"https:\/\/plantbezorgd.nl\/product\/tuinkruiden\/pokon-lavendel-kruiden-voeding-1kg-bio\/","url":"https:\/\/plantbezorgd.nl\/product\/tuinkruiden\/pokon-lavendel-kruiden-voeding-1kg-bio\/","name":"Kaufen Sie Pokon Bio-Kr\u00e4uterd\u00fcnger 1 kg online \u2013 PlantBezorgd","isPartOf":{"@id":"https:\/\/plantbezorgd.nl\/#website"},"primaryImageOfPage":{"@id":"https:\/\/plantbezorgd.nl\/product\/tuinkruiden\/pokon-lavendel-kruiden-voeding-1kg-bio\/#primaryimage"},"image":{"@id":"https:\/\/plantbezorgd.nl\/product\/tuinkruiden\/pokon-lavendel-kruiden-voeding-1kg-bio\/#primaryimage"},"thumbnailUrl":"https:\/\/plantbezorgd.nl\/wp-content\/uploads\/2023\/06\/pokon-bio-lavendel-kruiden-voeding-1kg-1-scaled.jpg","datePublished":"2023-06-01T10:49:13+00:00","dateModified":"2026-04-03T17:56:30+00:00","description":"Suchen Sie Pokon Bio-Kr\u00e4uterd\u00fcnger (1 kg)? \u2714 Niedrige Versandkosten \u2714 Lieferzeit und -ort frei w\u00e4hlbar \u2714 Wachstumsgarantie!","breadcrumb":{"@id":"https:\/\/plantbezorgd.nl\/product\/tuinkruiden\/pokon-lavendel-kruiden-voeding-1kg-bio\/#breadcrumb"},"inLanguage":"de","potentialAction":[{"@type":"ReadAction","target":["https:\/\/plantbezorgd.nl\/product\/tuinkruiden\/pokon-lavendel-kruiden-voeding-1kg-bio\/"]}]},{"@type":"ImageObject","inLanguage":"de","@id":"https:\/\/plantbezorgd.nl\/product\/tuinkruiden\/pokon-lavendel-kruiden-voeding-1kg-bio\/#primaryimage","url":"https:\/\/plantbezorgd.nl\/wp-content\/uploads\/2023\/06\/pokon-bio-lavendel-kruiden-voeding-1kg-1-scaled.jpg","contentUrl":"https:\/\/plantbezorgd.nl\/wp-content\/uploads\/2023\/06\/pokon-bio-lavendel-kruiden-voeding-1kg-1-scaled.jpg","width":2179,"height":2560},{"@type":"BreadcrumbList","@id":"https:\/\/plantbezorgd.nl\/product\/tuinkruiden\/pokon-lavendel-kruiden-voeding-1kg-bio\/#breadcrumb","itemListElement":[{"@type":"ListItem","position":1,"name":"Shop","item":"https:\/\/plantbezorgd.nl\/shop\/"},{"@type":"ListItem","position":2,"name":"Bemesting","item":"https:\/\/plantbezorgd.nl\/product-categorie\/bemesting\/"},{"@type":"ListItem","position":3,"name":"Pokon Bio Kruiden Mest 1kg"}]},{"@type":"WebSite","@id":"https:\/\/plantbezorgd.nl\/#website","url":"https:\/\/plantbezorgd.nl\/","name":"PflanzenGeliefert","description":"Erschwingliche Qualit\u00e4tspflanzen direkt zu Ihnen nach Hause geliefert!","publisher":{"@id":"https:\/\/plantbezorgd.nl\/#organization"},"potentialAction":[{"@type":"SearchAction","target":{"@type":"EntryPoint","urlTemplate":"https:\/\/plantbezorgd.nl\/?s={search_term_string}"},"query-input":{"@type":"PropertyValueSpecification","valueRequired":true,"valueName":"search_term_string"}}],"inLanguage":"de"},{"@type":"Organization","@id":"https:\/\/plantbezorgd.nl\/#organization","name":"PflanzenGeliefert","url":"https:\/\/plantbezorgd.nl\/","logo":{"@type":"ImageObject","inLanguage":"de","@id":"https:\/\/plantbezorgd.nl\/#\/schema\/logo\/image\/","url":"https:\/\/plantbezorgd.nl\/wp-content\/uploads\/2023\/05\/Logo.svg","contentUrl":"https:\/\/plantbezorgd.nl\/wp-content\/uploads\/2023\/05\/Logo.svg","caption":"PlantBezorgd"},"image":{"@id":"https:\/\/plantbezorgd.nl\/#\/schema\/logo\/image\/"}}]}},"_links":{"self":[{"href":"https:\/\/plantbezorgd.nl\/de\/wp-json\/wp\/v2\/product\/528","targetHints":{"allow":["GET"]}}],"collection":[{"href":"https:\/\/plantbezorgd.nl\/de\/wp-json\/wp\/v2\/product"}],"about":[{"href":"https:\/\/plantbezorgd.nl\/de\/wp-json\/wp\/v2\/types\/product"}],"replies":[{"embeddable":true,"href":"https:\/\/plantbezorgd.nl\/de\/wp-json\/wp\/v2\/comments?post=528"}],"wp:featuredmedia":[{"embeddable":true,"href":"https:\/\/plantbezorgd.nl\/de\/wp-json\/wp\/v2\/media\/529"}],"wp:attachment":[{"href":"https:\/\/plantbezorgd.nl\/de\/wp-json\/wp\/v2\/media?parent=528"}],"wp:term":[{"taxonomy":"product_brand","embeddable":true,"href":"https:\/\/plantbezorgd.nl\/de\/wp-json\/wp\/v2\/product_brand?post=528"},{"taxonomy":"product_cat","embeddable":true,"href":"https:\/\/plantbezorgd.nl\/de\/wp-json\/wp\/v2\/product_cat?post=528"},{"taxonomy":"product_tag","embeddable":true,"href":"https:\/\/plantbezorgd.nl\/de\/wp-json\/wp\/v2\/product_tag?post=528"}],"curies":[{"name":"wp","href":"https:\/\/api.w.org\/{rel}","templated":true}]}}