{"id":5079,"date":"2023-06-21T21:08:41","date_gmt":"2023-06-21T19:08:41","guid":{"rendered":"https:\/\/plantbezorgd.s01.klik3.dev\/product\/uncategorized\/carex-oshimis-evergreen-zegge\/"},"modified":"2026-04-14T20:10:17","modified_gmt":"2026-04-14T18:10:17","slug":"immergrune-segge-carex-oshimis-2","status":"publish","type":"product","link":"https:\/\/plantbezorgd.nl\/de\/produkt\/stauden-2\/immergrune-segge-carex-oshimis-2\/","title":{"rendered":"Carex oshimensis 'Immergr\u00fcn' - Kreuzkraut"},"content":{"rendered":"<p><strong>Produktbeschreibung Carex oshimensis 'Evergreen' \/ Kreuzkraut<\/strong><\/p>\n<p>Rye (Carex 'Evergreen') ist eine sch\u00f6ne tiefgr\u00fcne Carex. Carex Evergreen ist winterhart, immergr\u00fcn und pflegeleicht. Ausgewachsen kann Carex eine H\u00f6he von etwa 50 Zentimetern erreichen. Diese <a href=\"https:\/\/plantbezorgd.nl\/de\/produkt-kategorie\/alle-gartenpflanzen\/\">Gartenpflanze<\/a> Als solches w\u00e4chst es etwas h\u00f6her als die anderen Carex-Arten. Sind Sie auf der Suche nach einem sch\u00f6nen Ziergras, aber haben Sie keinen gr\u00fcnen Daumen? Dann ist diese Carex genau das Richtige f\u00fcr Sie. Schlie\u00dflich ist sie sehr pflegeleicht.<\/p>\n<p><strong>\u00a0<\/strong><\/p>\n<p><strong>Anwendung Carex oshimensis 'Evergreen' \/ Sayeed<\/strong><\/p>\n<p>Carex Evergreen ist eine vielseitige <a href=\"https:\/\/plantbezorgd.nl\/de\/produkt-kategorie\/ziergraser\/\">Ziergras<\/a> die in T\u00f6pfen und Gef\u00e4\u00dfen sch\u00f6n \u00fcberh\u00e4ngt. Aber auch als Beetbepflanzung oder in einer Rabatte macht sie eine gute Figur. Wir empfehlen, f\u00fcnf Carex pro Quadratmeter zu pflanzen. Wenn Sie sie nebeneinander auf einen laufenden Meter pflanzen, k\u00f6nnen Sie drei Pflanzen nebeneinander auf einem Meter haben.<\/p>\n<p><strong>Stand Carex oshimensis 'Immergr\u00fcn' \/ Sayge<\/strong><\/p>\n<p>Carex Evergreen w\u00e4chst am besten im Halbschatten oder an einem sonnigen Platz. Dies kann sowohl im Freiland als auch in einem Blumenkasten oder in einer Rabatte geschehen.<\/p>\n<p><strong><br \/>\nPflege f\u00fcr Carex oshimensis 'Evergreen' \/ Kreuzkraut<br \/>\n<\/strong>Stellen Sie sicher, dass er in einer guten <u>Pflanzerde<\/u> f\u00fcr die Bepflanzung der <a href=\"https:\/\/plantbezorgd.nl\/de\/produkt-kategorie\/carex-salbei\/\">Carex<\/a>. In Trockenperioden ist es gut, der Pflanze zus\u00e4tzliches Wasser zu geben.<\/p>\n<p><strong>Fragen zu Carex oshimensis 'Evergreen' \/ Sayeed<br \/>\n<\/strong>Stellen Sie Ihre Frage online in dem Feld unten links auf dieser Seite. Sie werden dann so schnell wie m\u00f6glich eine Antwort erhalten.<\/p>\n<p>&nbsp;<\/p>\n<p>&nbsp;<\/p>\n<p>&nbsp;<\/p>","protected":false},"excerpt":{"rendered":"<p>Productomschrijving Carex oshimensis &#8216;Evergreen&#8217; \/ Zegge Zegge (Carex \u2018Evergreen\u2019) is een prachtig diepgroene carex. De Carex Evergreen is winterhard, groenblijvend en gemakkelijk in onderhoud. Als de Carex volgroeid is kan hij een hoogte bereiken van zo\u2019n 50 centimeter. Deze tuinplant groeit daarmee iets hoger dan de andere Carex soorten. Als je op zoek bent naar [&hellip;]<\/p>","protected":false},"featured_media":78802,"comment_status":"open","ping_status":"closed","template":"","meta":{"_acf_changed":false,"iawp_total_views":194},"product_brand":[],"product_cat":[316,236,238,331,237,235],"product_tag":[439,438,1587,433],"class_list":{"0":"post-5079","1":"product","2":"type-product","3":"status-publish","4":"has-post-thumbnail","6":"product_cat-alle-categorieen","7":"product_cat-alle-tuinplanten","8":"product_cat-bodembedekkers","9":"product_cat-carex-zegge","10":"product_cat-siergrassen","11":"product_cat-vaste-planten","12":"product_tag-alle","13":"product_tag-boost","14":"product_tag-local","15":"product_tag-tuin","16":"pa_aantal-per-m2-455","17":"pa_grondsoort-alle-grondsoorten-waterdoorlatend","18":"pa_verzorging-in-het-voorjaar-het-dode-blad-wegnemen","19":"pa_voeding-organische-meststof","20":"pa_volgroeide-hoogte-in-cm-725","21":"pa_wintergroen-bladhoudend-ja","22":"pa_winterhardheid-meerjarig-goed","24":"first","25":"instock","26":"taxable","27":"shipping-taxable","28":"purchasable","29":"product-type-simple"},"acf":[],"gallery_images":[578],"yoast_head":"<!-- This site is optimized with the Yoast SEO plugin v25.3 - https:\/\/yoast.com\/wordpress\/plugins\/seo\/ -->\n<title>Carex oshimensis &#039;Evergreen&#039; - Zegge Online Kopen - PlantBezorgd<\/title>\n<meta name=\"description\" content=\"Op zoek naar de Carex oshimensis &#039;Evergreen&#039; - Zegge? \u2714 Lage verzendkosten \u2714 Kies je bezorgmoment &amp; locatie \u2714 Groeigarantie!\" \/>\n<meta name=\"robots\" content=\"index, follow, max-snippet:-1, max-image-preview:large, max-video-preview:-1\" \/>\n<link rel=\"canonical\" href=\"https:\/\/plantbezorgd.nl\/de\/produkt\/stauden-2\/immergrune-segge-carex-oshimis-2\/\" \/>\n<meta property=\"og:locale\" content=\"de_DE\" \/>\n<meta property=\"og:type\" content=\"article\" \/>\n<meta property=\"og:title\" content=\"Carex oshimensis &#039;Evergreen&#039; - Zegge Online Kopen - PlantBezorgd\" \/>\n<meta property=\"og:description\" content=\"Op zoek naar de Carex oshimensis &#039;Evergreen&#039; - Zegge? \u2714 Lage verzendkosten \u2714 Kies je bezorgmoment &amp; locatie \u2714 Groeigarantie!\" \/>\n<meta property=\"og:url\" content=\"https:\/\/plantbezorgd.nl\/de\/produkt\/stauden-2\/immergrune-segge-carex-oshimis-2\/\" \/>\n<meta property=\"og:site_name\" content=\"PlantBezorgd\" \/>\n<meta property=\"article:modified_time\" content=\"2026-04-14T18:10:17+00:00\" \/>\n<meta property=\"og:image\" content=\"https:\/\/plantbezorgd.nl\/wp-content\/uploads\/2023\/06\/carex-evergreen-zegge.jpg\" \/>\n\t<meta property=\"og:image:width\" content=\"534\" \/>\n\t<meta property=\"og:image:height\" content=\"533\" \/>\n\t<meta property=\"og:image:type\" content=\"image\/jpeg\" \/>\n<meta name=\"twitter:card\" content=\"summary_large_image\" \/>\n<meta name=\"twitter:label1\" content=\"Gesch\u00e4tzte Lesezeit\" \/>\n\t<meta name=\"twitter:data1\" content=\"2\u00a0Minuten\" \/>\n<script type=\"application\/ld+json\" class=\"yoast-schema-graph\">{\"@context\":\"https:\/\/schema.org\",\"@graph\":[{\"@type\":\"WebPage\",\"@id\":\"https:\/\/plantbezorgd.nl\/product\/vaste-planten\/carex-oshimis-evergreen-zegge\/\",\"url\":\"https:\/\/plantbezorgd.nl\/product\/vaste-planten\/carex-oshimis-evergreen-zegge\/\",\"name\":\"Carex oshimensis 'Evergreen' - Zegge Online Kopen - PlantBezorgd\",\"isPartOf\":{\"@id\":\"https:\/\/plantbezorgd.nl\/#website\"},\"primaryImageOfPage\":{\"@id\":\"https:\/\/plantbezorgd.nl\/product\/vaste-planten\/carex-oshimis-evergreen-zegge\/#primaryimage\"},\"image\":{\"@id\":\"https:\/\/plantbezorgd.nl\/product\/vaste-planten\/carex-oshimis-evergreen-zegge\/#primaryimage\"},\"thumbnailUrl\":\"https:\/\/plantbezorgd.nl\/wp-content\/uploads\/2023\/06\/carex-evergreen-zegge.jpg\",\"datePublished\":\"2023-06-21T19:08:41+00:00\",\"dateModified\":\"2026-04-14T18:10:17+00:00\",\"description\":\"Op zoek naar de Carex oshimensis 'Evergreen' - Zegge? \u2714 Lage verzendkosten \u2714 Kies je bezorgmoment & locatie \u2714 Groeigarantie!\",\"breadcrumb\":{\"@id\":\"https:\/\/plantbezorgd.nl\/product\/vaste-planten\/carex-oshimis-evergreen-zegge\/#breadcrumb\"},\"inLanguage\":\"de\",\"potentialAction\":[{\"@type\":\"ReadAction\",\"target\":[\"https:\/\/plantbezorgd.nl\/product\/vaste-planten\/carex-oshimis-evergreen-zegge\/\"]}]},{\"@type\":\"ImageObject\",\"inLanguage\":\"de\",\"@id\":\"https:\/\/plantbezorgd.nl\/product\/vaste-planten\/carex-oshimis-evergreen-zegge\/#primaryimage\",\"url\":\"https:\/\/plantbezorgd.nl\/wp-content\/uploads\/2023\/06\/carex-evergreen-zegge.jpg\",\"contentUrl\":\"https:\/\/plantbezorgd.nl\/wp-content\/uploads\/2023\/06\/carex-evergreen-zegge.jpg\",\"width\":534,\"height\":533},{\"@type\":\"BreadcrumbList\",\"@id\":\"https:\/\/plantbezorgd.nl\/product\/vaste-planten\/carex-oshimis-evergreen-zegge\/#breadcrumb\",\"itemListElement\":[{\"@type\":\"ListItem\",\"position\":1,\"name\":\"Shop\",\"item\":\"https:\/\/plantbezorgd.nl\/shop\/\"},{\"@type\":\"ListItem\",\"position\":2,\"name\":\"Carex \/ Zegge\",\"item\":\"https:\/\/plantbezorgd.nl\/product-categorie\/carex-zegge\/\"},{\"@type\":\"ListItem\",\"position\":3,\"name\":\"Carex oshimensis &#8216;Evergreen&#8217; &#8211; Zegge\"}]},{\"@type\":\"WebSite\",\"@id\":\"https:\/\/plantbezorgd.nl\/#website\",\"url\":\"https:\/\/plantbezorgd.nl\/\",\"name\":\"PlantBezorgd\",\"description\":\"Betaalbare kwaliteitsplanten thuisbezorgd!\",\"publisher\":{\"@id\":\"https:\/\/plantbezorgd.nl\/#organization\"},\"potentialAction\":[{\"@type\":\"SearchAction\",\"target\":{\"@type\":\"EntryPoint\",\"urlTemplate\":\"https:\/\/plantbezorgd.nl\/?s={search_term_string}\"},\"query-input\":{\"@type\":\"PropertyValueSpecification\",\"valueRequired\":true,\"valueName\":\"search_term_string\"}}],\"inLanguage\":\"de\"},{\"@type\":\"Organization\",\"@id\":\"https:\/\/plantbezorgd.nl\/#organization\",\"name\":\"PlantBezorgd\",\"url\":\"https:\/\/plantbezorgd.nl\/\",\"logo\":{\"@type\":\"ImageObject\",\"inLanguage\":\"de\",\"@id\":\"https:\/\/plantbezorgd.nl\/#\/schema\/logo\/image\/\",\"url\":\"https:\/\/plantbezorgd.nl\/wp-content\/uploads\/2023\/05\/Logo.svg\",\"contentUrl\":\"https:\/\/plantbezorgd.nl\/wp-content\/uploads\/2023\/05\/Logo.svg\",\"caption\":\"PlantBezorgd\"},\"image\":{\"@id\":\"https:\/\/plantbezorgd.nl\/#\/schema\/logo\/image\/\"}}]}<\/script>\n<!-- \/ Yoast SEO plugin. -->","yoast_head_json":{"title":"Carex oshimensis 'Evergreen' - Segge Online Kaufen - PlantBeautiful","description":"Sie suchen Carex oshimensis 'Evergreen' - Segge? \u2714 Niedrige Versandkosten \u2714 W\u00e4hlen Sie Ihren Liefertermin und -ort \u2714 Wachstumsgarantie!","robots":{"index":"index","follow":"follow","max-snippet":"max-snippet:-1","max-image-preview":"max-image-preview:large","max-video-preview":"max-video-preview:-1"},"canonical":"https:\/\/plantbezorgd.nl\/de\/produkt\/stauden-2\/immergrune-segge-carex-oshimis-2\/","og_locale":"de_DE","og_type":"article","og_title":"Carex oshimensis 'Evergreen' - Zegge Online Kopen - PlantBezorgd","og_description":"Op zoek naar de Carex oshimensis 'Evergreen' - Zegge? \u2714 Lage verzendkosten \u2714 Kies je bezorgmoment & locatie \u2714 Groeigarantie!","og_url":"https:\/\/plantbezorgd.nl\/de\/produkt\/stauden-2\/immergrune-segge-carex-oshimis-2\/","og_site_name":"PlantBezorgd","article_modified_time":"2026-04-14T18:10:17+00:00","og_image":[{"width":534,"height":533,"url":"https:\/\/plantbezorgd.nl\/wp-content\/uploads\/2023\/06\/carex-evergreen-zegge.jpg","type":"image\/jpeg"}],"twitter_card":"summary_large_image","twitter_misc":{"Gesch\u00e4tzte Lesezeit":"2\u00a0Minuten"},"schema":{"@context":"https:\/\/schema.org","@graph":[{"@type":"WebPage","@id":"https:\/\/plantbezorgd.nl\/product\/vaste-planten\/carex-oshimis-evergreen-zegge\/","url":"https:\/\/plantbezorgd.nl\/product\/vaste-planten\/carex-oshimis-evergreen-zegge\/","name":"Carex oshimensis 'Evergreen' - Segge Online Kaufen - PlantBeautiful","isPartOf":{"@id":"https:\/\/plantbezorgd.nl\/#website"},"primaryImageOfPage":{"@id":"https:\/\/plantbezorgd.nl\/product\/vaste-planten\/carex-oshimis-evergreen-zegge\/#primaryimage"},"image":{"@id":"https:\/\/plantbezorgd.nl\/product\/vaste-planten\/carex-oshimis-evergreen-zegge\/#primaryimage"},"thumbnailUrl":"https:\/\/plantbezorgd.nl\/wp-content\/uploads\/2023\/06\/carex-evergreen-zegge.jpg","datePublished":"2023-06-21T19:08:41+00:00","dateModified":"2026-04-14T18:10:17+00:00","description":"Sie suchen Carex oshimensis 'Evergreen' - Segge? \u2714 Niedrige Versandkosten \u2714 W\u00e4hlen Sie Ihren Liefertermin und -ort \u2714 Wachstumsgarantie!","breadcrumb":{"@id":"https:\/\/plantbezorgd.nl\/product\/vaste-planten\/carex-oshimis-evergreen-zegge\/#breadcrumb"},"inLanguage":"de","potentialAction":[{"@type":"ReadAction","target":["https:\/\/plantbezorgd.nl\/product\/vaste-planten\/carex-oshimis-evergreen-zegge\/"]}]},{"@type":"ImageObject","inLanguage":"de","@id":"https:\/\/plantbezorgd.nl\/product\/vaste-planten\/carex-oshimis-evergreen-zegge\/#primaryimage","url":"https:\/\/plantbezorgd.nl\/wp-content\/uploads\/2023\/06\/carex-evergreen-zegge.jpg","contentUrl":"https:\/\/plantbezorgd.nl\/wp-content\/uploads\/2023\/06\/carex-evergreen-zegge.jpg","width":534,"height":533},{"@type":"BreadcrumbList","@id":"https:\/\/plantbezorgd.nl\/product\/vaste-planten\/carex-oshimis-evergreen-zegge\/#breadcrumb","itemListElement":[{"@type":"ListItem","position":1,"name":"Shop","item":"https:\/\/plantbezorgd.nl\/shop\/"},{"@type":"ListItem","position":2,"name":"Carex \/ Zegge","item":"https:\/\/plantbezorgd.nl\/product-categorie\/carex-zegge\/"},{"@type":"ListItem","position":3,"name":"Carex oshimensis &#8216;Evergreen&#8217; &#8211; Zegge"}]},{"@type":"WebSite","@id":"https:\/\/plantbezorgd.nl\/#website","url":"https:\/\/plantbezorgd.nl\/","name":"PflanzenGeliefert","description":"Erschwingliche Qualit\u00e4tspflanzen direkt zu Ihnen nach Hause geliefert!","publisher":{"@id":"https:\/\/plantbezorgd.nl\/#organization"},"potentialAction":[{"@type":"SearchAction","target":{"@type":"EntryPoint","urlTemplate":"https:\/\/plantbezorgd.nl\/?s={search_term_string}"},"query-input":{"@type":"PropertyValueSpecification","valueRequired":true,"valueName":"search_term_string"}}],"inLanguage":"de"},{"@type":"Organization","@id":"https:\/\/plantbezorgd.nl\/#organization","name":"PflanzenGeliefert","url":"https:\/\/plantbezorgd.nl\/","logo":{"@type":"ImageObject","inLanguage":"de","@id":"https:\/\/plantbezorgd.nl\/#\/schema\/logo\/image\/","url":"https:\/\/plantbezorgd.nl\/wp-content\/uploads\/2023\/05\/Logo.svg","contentUrl":"https:\/\/plantbezorgd.nl\/wp-content\/uploads\/2023\/05\/Logo.svg","caption":"PlantBezorgd"},"image":{"@id":"https:\/\/plantbezorgd.nl\/#\/schema\/logo\/image\/"}}]}},"_links":{"self":[{"href":"https:\/\/plantbezorgd.nl\/de\/wp-json\/wp\/v2\/product\/5079","targetHints":{"allow":["GET"]}}],"collection":[{"href":"https:\/\/plantbezorgd.nl\/de\/wp-json\/wp\/v2\/product"}],"about":[{"href":"https:\/\/plantbezorgd.nl\/de\/wp-json\/wp\/v2\/types\/product"}],"replies":[{"embeddable":true,"href":"https:\/\/plantbezorgd.nl\/de\/wp-json\/wp\/v2\/comments?post=5079"}],"wp:featuredmedia":[{"embeddable":true,"href":"https:\/\/plantbezorgd.nl\/de\/wp-json\/wp\/v2\/media\/78802"}],"wp:attachment":[{"href":"https:\/\/plantbezorgd.nl\/de\/wp-json\/wp\/v2\/media?parent=5079"}],"wp:term":[{"taxonomy":"product_brand","embeddable":true,"href":"https:\/\/plantbezorgd.nl\/de\/wp-json\/wp\/v2\/product_brand?post=5079"},{"taxonomy":"product_cat","embeddable":true,"href":"https:\/\/plantbezorgd.nl\/de\/wp-json\/wp\/v2\/product_cat?post=5079"},{"taxonomy":"product_tag","embeddable":true,"href":"https:\/\/plantbezorgd.nl\/de\/wp-json\/wp\/v2\/product_tag?post=5079"}],"curies":[{"name":"wp","href":"https:\/\/api.w.org\/{rel}","templated":true}]}}