{"id":5013,"date":"2023-06-26T19:41:27","date_gmt":"2023-06-26T17:41:27","guid":{"rendered":"https:\/\/plantbezorgd.s01.klik3.dev\/product\/uncategorized\/vinca-minor-alba-maagdenpalm\/"},"modified":"2026-04-14T12:56:46","modified_gmt":"2026-04-14T10:56:46","slug":"vinca-minor-alba-immergrun-2","status":"publish","type":"product","link":"https:\/\/plantbezorgd.nl\/de\/produkt\/stauden-2\/vinca-minor-alba-immergrun-2\/","title":{"rendered":"Vinca minor 'Alba' - Immergr\u00fcnes Veilchen"},"content":{"rendered":"<p><span style=\"font-weight: 400;\">Vinca minor 'Alba' ist die wei\u00dfe Sorte von <a href=\"https:\/\/plantbezorgd.nl\/de\/produkt\/stauden-2\/immergrunes-immergrun-2\/\" target=\"_blank\" rel=\"noopener noreferrer\">Vinca minor<\/a> (die blaue Bl\u00fcten hat). Dieses Immergr\u00fcn bl\u00fcht fr\u00fch im Fr\u00fchjahr (M\u00e4rz bis Mai) mit wei\u00dfen Bl\u00fcten. Der Hauptunterschied zu <a href=\"https:\/\/plantbezorgd.nl\/de\/produkt\/stauden-2\/vinca-minor-gertrude-jekyll-periwinkle-2\/\" target=\"_blank\" rel=\"noopener noreferrer\">Vinca minor 'Gertrude Jekyll'<\/a> ist, dass die 'Alba' gr\u00f6bere Bl\u00e4tter hat. Vinca minor 'Alba' ist ein kr\u00e4ftiger, immergr\u00fcner und niedrigw\u00fcchsiger Bodendecker. Das Wachstum erfolgt seitlich mit unterirdischen Trieben. Dadurch hat das Unkraut wenig Platz. Diese Gartenpflanze erreicht eine H\u00f6he von etwa 15 cm.<\/span><\/p>\n<p><b>Anwendung Vinca minor 'Alba' oder Immergr\u00fcn<\/b><span style=\"font-weight: 400;\"><br \/>\n<\/span><span style=\"font-weight: 400;\">Vinca Minor 'Alba' w\u00e4chst schnell und bleibt das ganze Jahr \u00fcber gr\u00fcn. Sie ist daher ein idealer Bodendecker. In k\u00fcrzester Zeit bildet sich ein durchgehender gr\u00fcner Teppich. Vinca Minor 'Alba' wird oft verwendet, um gro\u00dfe Fl\u00e4chen in Pflanzrabatten zu f\u00fcllen. Oder als Unterpflanzung f\u00fcr Str\u00e4ucher und B\u00e4ume. Durch die auff\u00e4lligen wei\u00dfen Bl\u00fcten l\u00e4sst sie sich gut mit anderen Vincas und Pflanzen kombinieren.\u00a0<\/span><\/p>\n<p><b>Stand Vinca minor 'Alba' oder Immergr\u00fcn<\/b><span style=\"font-weight: 400;\"><br \/>\n<\/span><span style=\"font-weight: 400;\">Vinca minor 'Alba' bevorzugt den Halbschatten oder Schatten. In einem gut durchl\u00e4ssigen und humusreichen Boden. Die meisten Bl\u00fcten bekommt das Immergr\u00fcn jedoch in der Sonne.<\/span> <span style=\"font-weight: 400;\"><br \/>\n<\/span><span style=\"font-weight: 400;\"><br \/>\n<\/span><b>Pflege von Vinca minor 'Alba' oder Immergr\u00fcn<\/b><\/p>\n<p><b>Beschneiden <\/b><b><br \/>\n<\/b><span style=\"font-weight: 400;\">Vinca minor 'Alba' braucht keine besondere Pflege. Das Entfernen trockener St\u00e4ngel\/Zweige ist oft ausreichend. Wenn die Pflanze verwildert ist, sollten Sie sie im Fr\u00fchjahr beschneiden oder ausrei\u00dfen.<\/span><\/p>\n<p>&nbsp;<\/p>\n<p><b>F\u00fctterung und D\u00fcngung <\/b><b><br \/>\n<\/b><span style=\"font-weight: 400;\">Geben Sie dem Immergr\u00fcn im Fr\u00fchjahr etwas organischen D\u00fcnger.<\/span><\/p>\n<p><b>Wasser<\/b> <span style=\"font-weight: 400;\"><br \/>\n<\/span><span style=\"font-weight: 400;\">Gie\u00dfen Sie Vinca minor 'Alba' w\u00e4hrend langer Trockenperioden. <\/span><span style=\"font-weight: 400;\"><br \/>\n<\/span><span style=\"font-weight: 400;\"><br \/>\n<\/span><b>Fragen zu Vinca minor 'Alba' oder Immergr\u00fcn? <\/b><span style=\"font-weight: 400;\"><br \/>\n<\/span><span style=\"font-weight: 400;\">Stellen Sie Ihre Frage online im Feld unten auf dieser Seite. Sie erhalten dann so schnell wie m\u00f6glich eine Antwort von dem Team von PlantBezorgd; erschwingliche Qualit\u00e4tspflanzen.<\/span><\/p>","protected":false},"excerpt":{"rendered":"<p>Vinca minor \u2018Alba\u2019 is de witte variant van Vinca minor (die blauwe bloemen heeft). Deze maagdenpalm bloeit al vroeg in het voorjaar (maart t\/m mei) met witte bloemen. Het belangrijkste verschil met Vinca minor \u2018Gertrude Jekyll\u2019 is dat de \u2018Alba\u2019 grovere bladeren heeft. Vinca minor \u2018Alba\u2019 is een sterke wintergroene en laagblijvende bodembedekker. De groei [&hellip;]<\/p>","protected":false},"featured_media":5014,"comment_status":"open","ping_status":"closed","template":"","meta":{"_acf_changed":false,"iawp_total_views":650},"product_brand":[],"product_cat":[316,236,235,320,524],"product_tag":[439,438,1587,433],"class_list":{"0":"post-5013","1":"product","2":"type-product","3":"status-publish","4":"has-post-thumbnail","6":"product_cat-alle-categorieen","7":"product_cat-alle-tuinplanten","8":"product_cat-vaste-planten","9":"product_cat-vinca-maagdenpalm","10":"product_cat-bodembedekkersmaagdenpalm","11":"product_tag-alle","12":"product_tag-boost","13":"product_tag-local","14":"product_tag-tuin","15":"pa_aantal-per-m2-533","16":"pa_grondsoort-alle-grondsoorten-waterdoorlatend","17":"pa_volgroeide-hoogte-in-cm-747","18":"pa_wintergroen-bladhoudend-ja","19":"pa_winterhardheid-meerjarig-goed","21":"first","22":"instock","23":"taxable","24":"shipping-taxable","25":"purchasable","26":"product-type-simple"},"acf":[],"gallery_images":[5015,1092],"yoast_head":"<!-- This site is optimized with the Yoast SEO plugin v25.3 - https:\/\/yoast.com\/wordpress\/plugins\/seo\/ -->\n<title>Vinca minor &#039;Alba&#039; - Maagdenpalm Online Kopen - PlantBezorgd<\/title>\n<meta name=\"description\" content=\"Op zoek naar de Vinca minor &#039;Alba&#039; - Maagdenpalm? \u2714 Lage verzendkosten \u2714 Kies je bezorgmoment &amp; locatie \u2714 Groeigarantie!\" \/>\n<meta name=\"robots\" content=\"index, follow, max-snippet:-1, max-image-preview:large, max-video-preview:-1\" \/>\n<link rel=\"canonical\" href=\"https:\/\/plantbezorgd.nl\/de\/produkt\/stauden-2\/vinca-minor-alba-immergrun-2\/\" \/>\n<meta property=\"og:locale\" content=\"de_DE\" \/>\n<meta property=\"og:type\" content=\"article\" \/>\n<meta property=\"og:title\" content=\"Vinca minor &#039;Alba&#039; - Maagdenpalm Online Kopen - PlantBezorgd\" \/>\n<meta property=\"og:description\" content=\"Op zoek naar de Vinca minor &#039;Alba&#039; - Maagdenpalm? \u2714 Lage verzendkosten \u2714 Kies je bezorgmoment &amp; locatie \u2714 Groeigarantie!\" \/>\n<meta property=\"og:url\" content=\"https:\/\/plantbezorgd.nl\/de\/produkt\/stauden-2\/vinca-minor-alba-immergrun-2\/\" \/>\n<meta property=\"og:site_name\" content=\"PlantBezorgd\" \/>\n<meta property=\"article:modified_time\" content=\"2026-04-14T10:56:46+00:00\" \/>\n<meta property=\"og:image\" content=\"https:\/\/plantbezorgd.nl\/wp-content\/uploads\/2023\/06\/Vinca-minor-Alba-Maagdenpalm-1.jpg\" \/>\n\t<meta property=\"og:image:width\" content=\"789\" \/>\n\t<meta property=\"og:image:height\" content=\"1000\" \/>\n\t<meta property=\"og:image:type\" content=\"image\/jpeg\" \/>\n<meta name=\"twitter:card\" content=\"summary_large_image\" \/>\n<meta name=\"twitter:label1\" content=\"Gesch\u00e4tzte Lesezeit\" \/>\n\t<meta name=\"twitter:data1\" content=\"2\u00a0Minuten\" \/>\n<script type=\"application\/ld+json\" class=\"yoast-schema-graph\">{\"@context\":\"https:\/\/schema.org\",\"@graph\":[{\"@type\":\"WebPage\",\"@id\":\"https:\/\/plantbezorgd.nl\/product\/vaste-planten\/vinca-minor-alba-maagdenpalm\/\",\"url\":\"https:\/\/plantbezorgd.nl\/product\/vaste-planten\/vinca-minor-alba-maagdenpalm\/\",\"name\":\"Vinca minor 'Alba' - Maagdenpalm Online Kopen - PlantBezorgd\",\"isPartOf\":{\"@id\":\"https:\/\/plantbezorgd.nl\/#website\"},\"primaryImageOfPage\":{\"@id\":\"https:\/\/plantbezorgd.nl\/product\/vaste-planten\/vinca-minor-alba-maagdenpalm\/#primaryimage\"},\"image\":{\"@id\":\"https:\/\/plantbezorgd.nl\/product\/vaste-planten\/vinca-minor-alba-maagdenpalm\/#primaryimage\"},\"thumbnailUrl\":\"https:\/\/plantbezorgd.nl\/wp-content\/uploads\/2023\/06\/Vinca-minor-Alba-Maagdenpalm-1.jpg\",\"datePublished\":\"2023-06-26T17:41:27+00:00\",\"dateModified\":\"2026-04-14T10:56:46+00:00\",\"description\":\"Op zoek naar de Vinca minor 'Alba' - Maagdenpalm? \u2714 Lage verzendkosten \u2714 Kies je bezorgmoment & locatie \u2714 Groeigarantie!\",\"breadcrumb\":{\"@id\":\"https:\/\/plantbezorgd.nl\/product\/vaste-planten\/vinca-minor-alba-maagdenpalm\/#breadcrumb\"},\"inLanguage\":\"de\",\"potentialAction\":[{\"@type\":\"ReadAction\",\"target\":[\"https:\/\/plantbezorgd.nl\/product\/vaste-planten\/vinca-minor-alba-maagdenpalm\/\"]}]},{\"@type\":\"ImageObject\",\"inLanguage\":\"de\",\"@id\":\"https:\/\/plantbezorgd.nl\/product\/vaste-planten\/vinca-minor-alba-maagdenpalm\/#primaryimage\",\"url\":\"https:\/\/plantbezorgd.nl\/wp-content\/uploads\/2023\/06\/Vinca-minor-Alba-Maagdenpalm-1.jpg\",\"contentUrl\":\"https:\/\/plantbezorgd.nl\/wp-content\/uploads\/2023\/06\/Vinca-minor-Alba-Maagdenpalm-1.jpg\",\"width\":789,\"height\":1000},{\"@type\":\"BreadcrumbList\",\"@id\":\"https:\/\/plantbezorgd.nl\/product\/vaste-planten\/vinca-minor-alba-maagdenpalm\/#breadcrumb\",\"itemListElement\":[{\"@type\":\"ListItem\",\"position\":1,\"name\":\"Shop\",\"item\":\"https:\/\/plantbezorgd.nl\/shop\/\"},{\"@type\":\"ListItem\",\"position\":2,\"name\":\"Maagdenpalm \/ vinca\",\"item\":\"https:\/\/plantbezorgd.nl\/product-categorie\/vinca-maagdenpalm\/\"},{\"@type\":\"ListItem\",\"position\":3,\"name\":\"Vinca minor &#8216;Alba&#8217; &#8211; Maagdenpalm\"}]},{\"@type\":\"WebSite\",\"@id\":\"https:\/\/plantbezorgd.nl\/#website\",\"url\":\"https:\/\/plantbezorgd.nl\/\",\"name\":\"PlantBezorgd\",\"description\":\"Betaalbare kwaliteitsplanten thuisbezorgd!\",\"publisher\":{\"@id\":\"https:\/\/plantbezorgd.nl\/#organization\"},\"potentialAction\":[{\"@type\":\"SearchAction\",\"target\":{\"@type\":\"EntryPoint\",\"urlTemplate\":\"https:\/\/plantbezorgd.nl\/?s={search_term_string}\"},\"query-input\":{\"@type\":\"PropertyValueSpecification\",\"valueRequired\":true,\"valueName\":\"search_term_string\"}}],\"inLanguage\":\"de\"},{\"@type\":\"Organization\",\"@id\":\"https:\/\/plantbezorgd.nl\/#organization\",\"name\":\"PlantBezorgd\",\"url\":\"https:\/\/plantbezorgd.nl\/\",\"logo\":{\"@type\":\"ImageObject\",\"inLanguage\":\"de\",\"@id\":\"https:\/\/plantbezorgd.nl\/#\/schema\/logo\/image\/\",\"url\":\"https:\/\/plantbezorgd.nl\/wp-content\/uploads\/2023\/05\/Logo.svg\",\"contentUrl\":\"https:\/\/plantbezorgd.nl\/wp-content\/uploads\/2023\/05\/Logo.svg\",\"caption\":\"PlantBezorgd\"},\"image\":{\"@id\":\"https:\/\/plantbezorgd.nl\/#\/schema\/logo\/image\/\"}}]}<\/script>\n<!-- \/ Yoast SEO plugin. -->","yoast_head_json":{"title":"Vinca minor 'Alba' - Jungfernpalme Online Kaufen - PlantBezorgd","description":"Sie suchen Vinca minor 'Alba' - Virgin Palmetto? \u2714 Niedrige Versandkosten \u2714 W\u00e4hlen Sie Ihren Liefertermin und -ort \u2714 Wachstumsgarantie!","robots":{"index":"index","follow":"follow","max-snippet":"max-snippet:-1","max-image-preview":"max-image-preview:large","max-video-preview":"max-video-preview:-1"},"canonical":"https:\/\/plantbezorgd.nl\/de\/produkt\/stauden-2\/vinca-minor-alba-immergrun-2\/","og_locale":"de_DE","og_type":"article","og_title":"Vinca minor 'Alba' - Maagdenpalm Online Kopen - PlantBezorgd","og_description":"Op zoek naar de Vinca minor 'Alba' - Maagdenpalm? \u2714 Lage verzendkosten \u2714 Kies je bezorgmoment & locatie \u2714 Groeigarantie!","og_url":"https:\/\/plantbezorgd.nl\/de\/produkt\/stauden-2\/vinca-minor-alba-immergrun-2\/","og_site_name":"PlantBezorgd","article_modified_time":"2026-04-14T10:56:46+00:00","og_image":[{"width":789,"height":1000,"url":"https:\/\/plantbezorgd.nl\/wp-content\/uploads\/2023\/06\/Vinca-minor-Alba-Maagdenpalm-1.jpg","type":"image\/jpeg"}],"twitter_card":"summary_large_image","twitter_misc":{"Gesch\u00e4tzte Lesezeit":"2\u00a0Minuten"},"schema":{"@context":"https:\/\/schema.org","@graph":[{"@type":"WebPage","@id":"https:\/\/plantbezorgd.nl\/product\/vaste-planten\/vinca-minor-alba-maagdenpalm\/","url":"https:\/\/plantbezorgd.nl\/product\/vaste-planten\/vinca-minor-alba-maagdenpalm\/","name":"Vinca minor 'Alba' - Jungfernpalme Online Kaufen - PlantBezorgd","isPartOf":{"@id":"https:\/\/plantbezorgd.nl\/#website"},"primaryImageOfPage":{"@id":"https:\/\/plantbezorgd.nl\/product\/vaste-planten\/vinca-minor-alba-maagdenpalm\/#primaryimage"},"image":{"@id":"https:\/\/plantbezorgd.nl\/product\/vaste-planten\/vinca-minor-alba-maagdenpalm\/#primaryimage"},"thumbnailUrl":"https:\/\/plantbezorgd.nl\/wp-content\/uploads\/2023\/06\/Vinca-minor-Alba-Maagdenpalm-1.jpg","datePublished":"2023-06-26T17:41:27+00:00","dateModified":"2026-04-14T10:56:46+00:00","description":"Sie suchen Vinca minor 'Alba' - Virgin Palmetto? \u2714 Niedrige Versandkosten \u2714 W\u00e4hlen Sie Ihren Liefertermin und -ort \u2714 Wachstumsgarantie!","breadcrumb":{"@id":"https:\/\/plantbezorgd.nl\/product\/vaste-planten\/vinca-minor-alba-maagdenpalm\/#breadcrumb"},"inLanguage":"de","potentialAction":[{"@type":"ReadAction","target":["https:\/\/plantbezorgd.nl\/product\/vaste-planten\/vinca-minor-alba-maagdenpalm\/"]}]},{"@type":"ImageObject","inLanguage":"de","@id":"https:\/\/plantbezorgd.nl\/product\/vaste-planten\/vinca-minor-alba-maagdenpalm\/#primaryimage","url":"https:\/\/plantbezorgd.nl\/wp-content\/uploads\/2023\/06\/Vinca-minor-Alba-Maagdenpalm-1.jpg","contentUrl":"https:\/\/plantbezorgd.nl\/wp-content\/uploads\/2023\/06\/Vinca-minor-Alba-Maagdenpalm-1.jpg","width":789,"height":1000},{"@type":"BreadcrumbList","@id":"https:\/\/plantbezorgd.nl\/product\/vaste-planten\/vinca-minor-alba-maagdenpalm\/#breadcrumb","itemListElement":[{"@type":"ListItem","position":1,"name":"Shop","item":"https:\/\/plantbezorgd.nl\/shop\/"},{"@type":"ListItem","position":2,"name":"Maagdenpalm \/ vinca","item":"https:\/\/plantbezorgd.nl\/product-categorie\/vinca-maagdenpalm\/"},{"@type":"ListItem","position":3,"name":"Vinca minor &#8216;Alba&#8217; &#8211; Maagdenpalm"}]},{"@type":"WebSite","@id":"https:\/\/plantbezorgd.nl\/#website","url":"https:\/\/plantbezorgd.nl\/","name":"PflanzenGeliefert","description":"Erschwingliche Qualit\u00e4tspflanzen direkt zu Ihnen nach Hause geliefert!","publisher":{"@id":"https:\/\/plantbezorgd.nl\/#organization"},"potentialAction":[{"@type":"SearchAction","target":{"@type":"EntryPoint","urlTemplate":"https:\/\/plantbezorgd.nl\/?s={search_term_string}"},"query-input":{"@type":"PropertyValueSpecification","valueRequired":true,"valueName":"search_term_string"}}],"inLanguage":"de"},{"@type":"Organization","@id":"https:\/\/plantbezorgd.nl\/#organization","name":"PflanzenGeliefert","url":"https:\/\/plantbezorgd.nl\/","logo":{"@type":"ImageObject","inLanguage":"de","@id":"https:\/\/plantbezorgd.nl\/#\/schema\/logo\/image\/","url":"https:\/\/plantbezorgd.nl\/wp-content\/uploads\/2023\/05\/Logo.svg","contentUrl":"https:\/\/plantbezorgd.nl\/wp-content\/uploads\/2023\/05\/Logo.svg","caption":"PlantBezorgd"},"image":{"@id":"https:\/\/plantbezorgd.nl\/#\/schema\/logo\/image\/"}}]}},"_links":{"self":[{"href":"https:\/\/plantbezorgd.nl\/de\/wp-json\/wp\/v2\/product\/5013","targetHints":{"allow":["GET"]}}],"collection":[{"href":"https:\/\/plantbezorgd.nl\/de\/wp-json\/wp\/v2\/product"}],"about":[{"href":"https:\/\/plantbezorgd.nl\/de\/wp-json\/wp\/v2\/types\/product"}],"replies":[{"embeddable":true,"href":"https:\/\/plantbezorgd.nl\/de\/wp-json\/wp\/v2\/comments?post=5013"}],"wp:featuredmedia":[{"embeddable":true,"href":"https:\/\/plantbezorgd.nl\/de\/wp-json\/wp\/v2\/media\/5014"}],"wp:attachment":[{"href":"https:\/\/plantbezorgd.nl\/de\/wp-json\/wp\/v2\/media?parent=5013"}],"wp:term":[{"taxonomy":"product_brand","embeddable":true,"href":"https:\/\/plantbezorgd.nl\/de\/wp-json\/wp\/v2\/product_brand?post=5013"},{"taxonomy":"product_cat","embeddable":true,"href":"https:\/\/plantbezorgd.nl\/de\/wp-json\/wp\/v2\/product_cat?post=5013"},{"taxonomy":"product_tag","embeddable":true,"href":"https:\/\/plantbezorgd.nl\/de\/wp-json\/wp\/v2\/product_tag?post=5013"}],"curies":[{"name":"wp","href":"https:\/\/api.w.org\/{rel}","templated":true}]}}