{"id":5008,"date":"2023-06-28T10:38:08","date_gmt":"2023-06-28T08:38:08","guid":{"rendered":"https:\/\/plantbezorgd.s01.klik3.dev\/product\/uncategorized\/vinca-minor-maagdenpalm\/"},"modified":"2026-04-14T15:26:58","modified_gmt":"2026-04-14T13:26:58","slug":"immergrunes-immergrun-2","status":"publish","type":"product","link":"https:\/\/plantbezorgd.nl\/de\/produkt\/stauden-2\/immergrunes-immergrun-2\/","title":{"rendered":"Vinca minor - Immergr\u00fcnes Veilchen"},"content":{"rendered":"<p><b>Vinca minor oder Kleines Immergr\u00fcn<\/b><b><br \/>\n<\/b><span style=\"font-weight: 400;\">Vinca minor oder Kleines Immergr\u00fcn ist das bekannteste Immergr\u00fcn. Und die blaue Variante dieser Art. Es ist ein kr\u00e4ftiger, immergr\u00fcner und niedrig wachsender Bodendecker. Vinca minor w\u00e4chst seitlich und breitet sich mit unterirdischen Trieben aus. Dadurch hat das Unkraut wenig Platz. Vinca minor Immergr\u00fcn bl\u00fcht im zeitigen Fr\u00fchjahr (M\u00e4rz bis Mai) mit blauen Bl\u00fcten. Vinca minor erreicht eine H\u00f6he von etwa 15 cm.<\/span><\/p>\n<p><b>Anwendung Vinca minor oder Immergr\u00fcn<\/b><span style=\"font-weight: 400;\"><br \/>\n<\/span><span style=\"font-weight: 400;\">Vinca Minor w\u00e4chst schnell und bleibt das ganze Jahr \u00fcber gr\u00fcn. Er ist daher ein idealer Bodendecker. In k\u00fcrzester Zeit bildet sich ein durchgehender gr\u00fcner Teppich. Vinca Minor wird oft verwendet, um gro\u00dfe L\u00fccken in Pflanzrabatten zu f\u00fcllen. Oder als Unterpflanzung f\u00fcr Str\u00e4ucher und B\u00e4ume.<\/span><\/p>\n<p><b>Stand Vinca minor oder Immergr\u00fcn<\/b><span style=\"font-weight: 400;\"><br \/>\n<\/span><span style=\"font-weight: 400;\">Vinca minor bevorzugt Halbschatten oder Schatten. In gut durchl\u00e4ssigem und humusreichem Boden. Die meisten Bl\u00fcten bekommt das Immergr\u00fcn jedoch in der Sonne.<\/span> <span style=\"font-weight: 400;\"><br \/>\n<\/span><span style=\"font-weight: 400;\"><br \/>\n<\/span><b>Pflege von Vinca minor oder Immergr\u00fcn<\/b><\/p>\n<p><b>Beschneiden <\/b><b><br \/>\n<\/b><span style=\"font-weight: 400;\">Vinca minor braucht keine besondere Pflege. Das Entfernen trockener St\u00e4ngel\/Zweige ist oft ausreichend. Wenn die Pflanze verwildert ist, sollte man sie im Fr\u00fchjahr beschneiden oder ausrei\u00dfen.<\/span><\/p>\n<p>&nbsp;<\/p>\n<p><b>F\u00fctterung und D\u00fcngung <\/b><b><br \/>\n<\/b><span style=\"font-weight: 400;\">Geben Sie dem Immergr\u00fcn im Fr\u00fchjahr etwas organischen D\u00fcnger.<\/span><\/p>\n<p><b>Wasser<\/b> <span style=\"font-weight: 400;\"><br \/>\n<\/span><span style=\"font-weight: 400;\">Gie\u00dfen Sie Vinca minor w\u00e4hrend langer Trockenperioden. <\/span><span style=\"font-weight: 400;\"><br \/>\n<\/span><span style=\"font-weight: 400;\"><br \/>\n<\/span><b>Fragen zu Vinca minor oder Immergr\u00fcn? <\/b><span style=\"font-weight: 400;\"><br \/>\n<\/span><span style=\"font-weight: 400;\">Stellen Sie Ihre Frage online im Feld unten auf dieser Seite. Sie erhalten dann so schnell wie m\u00f6glich eine Antwort von dem Team von PlantBezorgd; erschwingliche Qualit\u00e4tspflanzen.<\/span><span style=\"font-weight: 400;\"><br \/>\n<\/span><\/p>","protected":false},"excerpt":{"rendered":"<p>Vinca minor of kleine maagdenpalm Vinca minor of kleine maagdenpalm is de meest bekende maagdenpalm. En blauwe variant van deze soort. Het is een sterke wintergroene en laagblijvende bodembedekker. Vinca minor heeft een zijwaartse groei en verspreidt zich met ondergrondse uitlopers. Onkruid krijgt hierdoor weinig ruimte. De kleine maagdenpalm bloeit al vroeg in het voorjaar [&hellip;]<\/p>","protected":false},"featured_media":5009,"comment_status":"open","ping_status":"closed","template":"","meta":{"_acf_changed":false,"iawp_total_views":1456},"product_brand":[],"product_cat":[316,236,524,320,235],"product_tag":[439,438,1587,433],"class_list":{"0":"post-5008","1":"product","2":"type-product","3":"status-publish","4":"has-post-thumbnail","6":"product_cat-alle-categorieen","7":"product_cat-alle-tuinplanten","8":"product_cat-bodembedekkersmaagdenpalm","9":"product_cat-vinca-maagdenpalm","10":"product_cat-vaste-planten","11":"product_tag-alle","12":"product_tag-boost","13":"product_tag-local","14":"product_tag-tuin","15":"pa_aantal-per-m2-533","16":"pa_grondsoort-alle-grondsoorten-waterdoorlatend","17":"pa_volgroeide-hoogte-in-cm-747","18":"pa_wintergroen-bladhoudend-ja","19":"pa_winterhardheid-meerjarig-goed","21":"first","22":"instock","23":"taxable","24":"shipping-taxable","25":"purchasable","26":"product-type-simple"},"acf":[],"gallery_images":[5010,1092,5012],"yoast_head":"<!-- This site is optimized with the Yoast SEO plugin v25.3 - https:\/\/yoast.com\/wordpress\/plugins\/seo\/ -->\n<title>Vinca minor - Maagdenpalm Online Kopen - PlantBezorgd<\/title>\n<meta name=\"description\" content=\"Op zoek naar de Vinca minor - Maagdenpalm? \u2714 Lage verzendkosten \u2714 Kies je bezorgmoment &amp; locatie \u2714 Groeigarantie!\" \/>\n<meta name=\"robots\" content=\"index, follow, max-snippet:-1, max-image-preview:large, max-video-preview:-1\" \/>\n<link rel=\"canonical\" href=\"https:\/\/plantbezorgd.nl\/de\/produkt\/stauden-2\/immergrunes-immergrun-2\/\" \/>\n<meta property=\"og:locale\" content=\"de_DE\" \/>\n<meta property=\"og:type\" content=\"article\" \/>\n<meta property=\"og:title\" content=\"Vinca minor - Maagdenpalm Online Kopen - PlantBezorgd\" \/>\n<meta property=\"og:description\" content=\"Op zoek naar de Vinca minor - Maagdenpalm? \u2714 Lage verzendkosten \u2714 Kies je bezorgmoment &amp; locatie \u2714 Groeigarantie!\" \/>\n<meta property=\"og:url\" content=\"https:\/\/plantbezorgd.nl\/de\/produkt\/stauden-2\/immergrunes-immergrun-2\/\" \/>\n<meta property=\"og:site_name\" content=\"PlantBezorgd\" \/>\n<meta property=\"article:modified_time\" content=\"2026-04-14T13:26:58+00:00\" \/>\n<meta property=\"og:image\" content=\"https:\/\/plantbezorgd.nl\/wp-content\/uploads\/2023\/06\/Vinca-minor-Maagdenpalm-2.jpg\" \/>\n\t<meta property=\"og:image:width\" content=\"1000\" \/>\n\t<meta property=\"og:image:height\" content=\"667\" \/>\n\t<meta property=\"og:image:type\" content=\"image\/jpeg\" \/>\n<meta name=\"twitter:card\" content=\"summary_large_image\" \/>\n<meta name=\"twitter:label1\" content=\"Gesch\u00e4tzte Lesezeit\" \/>\n\t<meta name=\"twitter:data1\" content=\"2\u00a0Minuten\" \/>\n<script type=\"application\/ld+json\" class=\"yoast-schema-graph\">{\"@context\":\"https:\/\/schema.org\",\"@graph\":[{\"@type\":\"WebPage\",\"@id\":\"https:\/\/plantbezorgd.nl\/product\/vaste-planten\/vinca-minor-maagdenpalm\/\",\"url\":\"https:\/\/plantbezorgd.nl\/product\/vaste-planten\/vinca-minor-maagdenpalm\/\",\"name\":\"Vinca minor - Maagdenpalm Online Kopen - PlantBezorgd\",\"isPartOf\":{\"@id\":\"https:\/\/plantbezorgd.nl\/#website\"},\"primaryImageOfPage\":{\"@id\":\"https:\/\/plantbezorgd.nl\/product\/vaste-planten\/vinca-minor-maagdenpalm\/#primaryimage\"},\"image\":{\"@id\":\"https:\/\/plantbezorgd.nl\/product\/vaste-planten\/vinca-minor-maagdenpalm\/#primaryimage\"},\"thumbnailUrl\":\"https:\/\/plantbezorgd.nl\/wp-content\/uploads\/2023\/06\/Vinca-minor-Maagdenpalm-2.jpg\",\"datePublished\":\"2023-06-28T08:38:08+00:00\",\"dateModified\":\"2026-04-14T13:26:58+00:00\",\"description\":\"Op zoek naar de Vinca minor - Maagdenpalm? \u2714 Lage verzendkosten \u2714 Kies je bezorgmoment & locatie \u2714 Groeigarantie!\",\"breadcrumb\":{\"@id\":\"https:\/\/plantbezorgd.nl\/product\/vaste-planten\/vinca-minor-maagdenpalm\/#breadcrumb\"},\"inLanguage\":\"de\",\"potentialAction\":[{\"@type\":\"ReadAction\",\"target\":[\"https:\/\/plantbezorgd.nl\/product\/vaste-planten\/vinca-minor-maagdenpalm\/\"]}]},{\"@type\":\"ImageObject\",\"inLanguage\":\"de\",\"@id\":\"https:\/\/plantbezorgd.nl\/product\/vaste-planten\/vinca-minor-maagdenpalm\/#primaryimage\",\"url\":\"https:\/\/plantbezorgd.nl\/wp-content\/uploads\/2023\/06\/Vinca-minor-Maagdenpalm-2.jpg\",\"contentUrl\":\"https:\/\/plantbezorgd.nl\/wp-content\/uploads\/2023\/06\/Vinca-minor-Maagdenpalm-2.jpg\",\"width\":1000,\"height\":667},{\"@type\":\"BreadcrumbList\",\"@id\":\"https:\/\/plantbezorgd.nl\/product\/vaste-planten\/vinca-minor-maagdenpalm\/#breadcrumb\",\"itemListElement\":[{\"@type\":\"ListItem\",\"position\":1,\"name\":\"Shop\",\"item\":\"https:\/\/plantbezorgd.nl\/shop\/\"},{\"@type\":\"ListItem\",\"position\":2,\"name\":\"Maagdenpalm \/ vinca\",\"item\":\"https:\/\/plantbezorgd.nl\/product-categorie\/vinca-maagdenpalm\/\"},{\"@type\":\"ListItem\",\"position\":3,\"name\":\"Vinca minor &#8211; Maagdenpalm\"}]},{\"@type\":\"WebSite\",\"@id\":\"https:\/\/plantbezorgd.nl\/#website\",\"url\":\"https:\/\/plantbezorgd.nl\/\",\"name\":\"PlantBezorgd\",\"description\":\"Betaalbare kwaliteitsplanten thuisbezorgd!\",\"publisher\":{\"@id\":\"https:\/\/plantbezorgd.nl\/#organization\"},\"potentialAction\":[{\"@type\":\"SearchAction\",\"target\":{\"@type\":\"EntryPoint\",\"urlTemplate\":\"https:\/\/plantbezorgd.nl\/?s={search_term_string}\"},\"query-input\":{\"@type\":\"PropertyValueSpecification\",\"valueRequired\":true,\"valueName\":\"search_term_string\"}}],\"inLanguage\":\"de\"},{\"@type\":\"Organization\",\"@id\":\"https:\/\/plantbezorgd.nl\/#organization\",\"name\":\"PlantBezorgd\",\"url\":\"https:\/\/plantbezorgd.nl\/\",\"logo\":{\"@type\":\"ImageObject\",\"inLanguage\":\"de\",\"@id\":\"https:\/\/plantbezorgd.nl\/#\/schema\/logo\/image\/\",\"url\":\"https:\/\/plantbezorgd.nl\/wp-content\/uploads\/2023\/05\/Logo.svg\",\"contentUrl\":\"https:\/\/plantbezorgd.nl\/wp-content\/uploads\/2023\/05\/Logo.svg\",\"caption\":\"PlantBezorgd\"},\"image\":{\"@id\":\"https:\/\/plantbezorgd.nl\/#\/schema\/logo\/image\/\"}}]}<\/script>\n<!-- \/ Yoast SEO plugin. -->","yoast_head_json":{"title":"Vinca minor - Immergr\u00fcn online kaufen - PlantBezorgd","description":"Sie suchen Vinca minor - Virgin Palmetto? \u2714 Niedrige Versandkosten \u2714 W\u00e4hlen Sie Ihren Liefertermin und -ort \u2714 Wachstumsgarantie!","robots":{"index":"index","follow":"follow","max-snippet":"max-snippet:-1","max-image-preview":"max-image-preview:large","max-video-preview":"max-video-preview:-1"},"canonical":"https:\/\/plantbezorgd.nl\/de\/produkt\/stauden-2\/immergrunes-immergrun-2\/","og_locale":"de_DE","og_type":"article","og_title":"Vinca minor - Maagdenpalm Online Kopen - PlantBezorgd","og_description":"Op zoek naar de Vinca minor - Maagdenpalm? \u2714 Lage verzendkosten \u2714 Kies je bezorgmoment & locatie \u2714 Groeigarantie!","og_url":"https:\/\/plantbezorgd.nl\/de\/produkt\/stauden-2\/immergrunes-immergrun-2\/","og_site_name":"PlantBezorgd","article_modified_time":"2026-04-14T13:26:58+00:00","og_image":[{"width":1000,"height":667,"url":"https:\/\/plantbezorgd.nl\/wp-content\/uploads\/2023\/06\/Vinca-minor-Maagdenpalm-2.jpg","type":"image\/jpeg"}],"twitter_card":"summary_large_image","twitter_misc":{"Gesch\u00e4tzte Lesezeit":"2\u00a0Minuten"},"schema":{"@context":"https:\/\/schema.org","@graph":[{"@type":"WebPage","@id":"https:\/\/plantbezorgd.nl\/product\/vaste-planten\/vinca-minor-maagdenpalm\/","url":"https:\/\/plantbezorgd.nl\/product\/vaste-planten\/vinca-minor-maagdenpalm\/","name":"Vinca minor - Immergr\u00fcn online kaufen - PlantBezorgd","isPartOf":{"@id":"https:\/\/plantbezorgd.nl\/#website"},"primaryImageOfPage":{"@id":"https:\/\/plantbezorgd.nl\/product\/vaste-planten\/vinca-minor-maagdenpalm\/#primaryimage"},"image":{"@id":"https:\/\/plantbezorgd.nl\/product\/vaste-planten\/vinca-minor-maagdenpalm\/#primaryimage"},"thumbnailUrl":"https:\/\/plantbezorgd.nl\/wp-content\/uploads\/2023\/06\/Vinca-minor-Maagdenpalm-2.jpg","datePublished":"2023-06-28T08:38:08+00:00","dateModified":"2026-04-14T13:26:58+00:00","description":"Sie suchen Vinca minor - Virgin Palmetto? \u2714 Niedrige Versandkosten \u2714 W\u00e4hlen Sie Ihren Liefertermin und -ort \u2714 Wachstumsgarantie!","breadcrumb":{"@id":"https:\/\/plantbezorgd.nl\/product\/vaste-planten\/vinca-minor-maagdenpalm\/#breadcrumb"},"inLanguage":"de","potentialAction":[{"@type":"ReadAction","target":["https:\/\/plantbezorgd.nl\/product\/vaste-planten\/vinca-minor-maagdenpalm\/"]}]},{"@type":"ImageObject","inLanguage":"de","@id":"https:\/\/plantbezorgd.nl\/product\/vaste-planten\/vinca-minor-maagdenpalm\/#primaryimage","url":"https:\/\/plantbezorgd.nl\/wp-content\/uploads\/2023\/06\/Vinca-minor-Maagdenpalm-2.jpg","contentUrl":"https:\/\/plantbezorgd.nl\/wp-content\/uploads\/2023\/06\/Vinca-minor-Maagdenpalm-2.jpg","width":1000,"height":667},{"@type":"BreadcrumbList","@id":"https:\/\/plantbezorgd.nl\/product\/vaste-planten\/vinca-minor-maagdenpalm\/#breadcrumb","itemListElement":[{"@type":"ListItem","position":1,"name":"Shop","item":"https:\/\/plantbezorgd.nl\/shop\/"},{"@type":"ListItem","position":2,"name":"Maagdenpalm \/ vinca","item":"https:\/\/plantbezorgd.nl\/product-categorie\/vinca-maagdenpalm\/"},{"@type":"ListItem","position":3,"name":"Vinca minor &#8211; Maagdenpalm"}]},{"@type":"WebSite","@id":"https:\/\/plantbezorgd.nl\/#website","url":"https:\/\/plantbezorgd.nl\/","name":"PflanzenGeliefert","description":"Erschwingliche Qualit\u00e4tspflanzen direkt zu Ihnen nach Hause geliefert!","publisher":{"@id":"https:\/\/plantbezorgd.nl\/#organization"},"potentialAction":[{"@type":"SearchAction","target":{"@type":"EntryPoint","urlTemplate":"https:\/\/plantbezorgd.nl\/?s={search_term_string}"},"query-input":{"@type":"PropertyValueSpecification","valueRequired":true,"valueName":"search_term_string"}}],"inLanguage":"de"},{"@type":"Organization","@id":"https:\/\/plantbezorgd.nl\/#organization","name":"PflanzenGeliefert","url":"https:\/\/plantbezorgd.nl\/","logo":{"@type":"ImageObject","inLanguage":"de","@id":"https:\/\/plantbezorgd.nl\/#\/schema\/logo\/image\/","url":"https:\/\/plantbezorgd.nl\/wp-content\/uploads\/2023\/05\/Logo.svg","contentUrl":"https:\/\/plantbezorgd.nl\/wp-content\/uploads\/2023\/05\/Logo.svg","caption":"PlantBezorgd"},"image":{"@id":"https:\/\/plantbezorgd.nl\/#\/schema\/logo\/image\/"}}]}},"_links":{"self":[{"href":"https:\/\/plantbezorgd.nl\/de\/wp-json\/wp\/v2\/product\/5008","targetHints":{"allow":["GET"]}}],"collection":[{"href":"https:\/\/plantbezorgd.nl\/de\/wp-json\/wp\/v2\/product"}],"about":[{"href":"https:\/\/plantbezorgd.nl\/de\/wp-json\/wp\/v2\/types\/product"}],"replies":[{"embeddable":true,"href":"https:\/\/plantbezorgd.nl\/de\/wp-json\/wp\/v2\/comments?post=5008"}],"wp:featuredmedia":[{"embeddable":true,"href":"https:\/\/plantbezorgd.nl\/de\/wp-json\/wp\/v2\/media\/5009"}],"wp:attachment":[{"href":"https:\/\/plantbezorgd.nl\/de\/wp-json\/wp\/v2\/media?parent=5008"}],"wp:term":[{"taxonomy":"product_brand","embeddable":true,"href":"https:\/\/plantbezorgd.nl\/de\/wp-json\/wp\/v2\/product_brand?post=5008"},{"taxonomy":"product_cat","embeddable":true,"href":"https:\/\/plantbezorgd.nl\/de\/wp-json\/wp\/v2\/product_cat?post=5008"},{"taxonomy":"product_tag","embeddable":true,"href":"https:\/\/plantbezorgd.nl\/de\/wp-json\/wp\/v2\/product_tag?post=5008"}],"curies":[{"name":"wp","href":"https:\/\/api.w.org\/{rel}","templated":true}]}}