{"id":4877,"date":"2023-06-29T07:51:36","date_gmt":"2023-06-29T05:51:36","guid":{"rendered":"https:\/\/plantbezorgd.s01.klik3.dev\/product\/uncategorized\/hydrangea-paniculata-pinky-winky-hortensia\/"},"modified":"2026-04-16T04:32:13","modified_gmt":"2026-04-16T02:32:13","slug":"hydrangea-paniculata-pinky-winky-hydrangea","status":"publish","type":"product","link":"https:\/\/plantbezorgd.nl\/de\/produkt\/hortensien-2\/hydrangea-paniculata-pinky-winky-hydrangea\/","title":{"rendered":"Hortensie paniculata 'Pinky Winky' - Hortensie"},"content":{"rendered":"<p><strong>Beschreibung des Produkts<\/strong> <strong>Hortensie paniculata 'Pinky Winky'<\/strong><\/p>\n<p>Hydrangea paniculata Pinky Winky ist eine Rispenhortensie mit einer Bl\u00fctezeit von Juni bis September. Die spektakul\u00e4re Bl\u00fcte dieser <a href=\"https:\/\/plantbezorgd.nl\/de\/produkt-kategorie\/hortensien-2\/\">Hortensie<\/a> auf dunkelroten, verholzten St\u00e4ngeln schm\u00fcckt Ihren Garten mit Schattierungen von Wei\u00df, Rosa und Rot! Diese <a href=\"https:\/\/plantbezorgd.nl\/de\/produkt-kategorie\/alle-straucher-2\/\">Zierstrauch<\/a> kann eine H\u00f6he von etwa 125 cm erreichen. Diese Hortensie ist nicht immergr\u00fcn und ihre Bl\u00e4tter werden im November gelb und fallen dann ab.<\/p>\n<p><strong>\u00a0<\/strong><\/p>\n<p><strong>Anwendung Hydrangea paniculata 'Pinky Winky'<\/strong><\/p>\n<p>Hydrangea paniculata 'Pinky Winky' passt in jeden Garten. Diese <a href=\"https:\/\/plantbezorgd.nl\/de\/produkt-kategorie\/rispenhortensie-hydrangea-paniculata-2\/\">Rispenhortensie<\/a> Kann im Beet, im vollen Boden oder in einem gro\u00dfen Topf gepflanzt werden. Beachten Sie, dass 'Pinky Winky' ziemlich breit werden kann, geben Sie ihr also genug Platz zum Wachsen. Achten Sie darauf, dass Sie maximal drei Hortensien auf einen Quadratmeter pflanzen. Wenn Sie sie nebeneinander pflanzen, ist es am besten, zwei pro laufenden Meter zu pflanzen.<\/p>\n<p><strong>Stand Hortensie paniculata 'Pinky Winky'<\/strong><\/p>\n<p>Pinky Winky' steht gerne im Halbschatten in einem gut durchl\u00e4ssigen Boden. Wenn Sie 'Pinky Winky' an einen sonnigen Platz stellen, achten Sie darauf, dass der Boden feucht ist und gie\u00dfen Sie die Hortensie regelm\u00e4\u00dfig.<\/p>\n<p><strong>\u00a0<\/strong><\/p>\n<p><strong><br \/>\nHydrangea paniculata 'Pinky Winky' Pflegehinweise<\/strong><br \/>\nWenn Sie die sch\u00f6nsten Bl\u00fcten erhalten m\u00f6chten, ist es wichtig, die 'Hydrangea paniculata 'Pinky Winky' jedes Jahr im M\u00e4rz auf 20-30 cm \u00fcber dem Boden zur\u00fcckzuschneiden. Sie bl\u00fcht jedes Jahr an ihren neuen Trieben. Diese k\u00f6nnen jedes Jahr eine H\u00f6he von eineinhalb Metern erreichen. In Trockenperioden ist es gut, die Hortensie an der Basis der Pflanze zu gie\u00dfen.<\/p>\n<p><strong>Fragen zu Hydrangea paniculata 'Pinky Winky'<br \/>\n<\/strong>Stellen Sie Ihre Frage online in dem Feld unten links auf dieser Seite. Sie werden dann so schnell wie m\u00f6glich eine Antwort erhalten.<\/p>\n<p>&nbsp;<\/p>","protected":false},"excerpt":{"rendered":"<p>Productomschrijving Hydrangea paniculata &#8216;Pinky Winky&#8217; De Hydrangea paniculata Pinky Winky is een pluimhortensia met zijn bloei in de periode van juni tot september. De spectaculaire bloei van deze hortensia op donkerrode houtige stelen siert je tuin met de kleuren wit, roze en rood! Deze sierheester kan een hoogte bereiken van zo\u2019n 125cm. Deze hortensia is [&hellip;]<\/p>","protected":false},"featured_media":4878,"comment_status":"open","ping_status":"closed","template":"","meta":{"_acf_changed":false,"iawp_total_views":1069},"product_brand":[],"product_cat":[316,233,221,326],"product_tag":[439,438,1587,433],"class_list":{"0":"post-4877","1":"product","2":"type-product","3":"status-publish","4":"has-post-thumbnail","6":"product_cat-alle-categorieen","7":"product_cat-alle-heesters","8":"product_cat-hortensias","9":"product_cat-hydrangea-paniculata-pluimhortensia","10":"product_tag-alle","11":"product_tag-boost","12":"product_tag-local","13":"product_tag-tuin","14":"pa_aantal-per-m2-449","15":"pa_grondsoort-licht-zuur-tot-neutrale-grond-waterdoorlatend","16":"pa_volgroeide-hoogte-in-cm-723","17":"pa_wintergroen-bladhoudend-nee","18":"pa_winterhardheid-meerjarig-goed","20":"first","21":"instock","22":"taxable","23":"shipping-taxable","24":"purchasable","25":"product-type-variable","26":"has-default-attributes"},"acf":[],"gallery_images":[4879,4880,4881,558,4882,4883],"yoast_head":"<!-- This site is optimized with the Yoast SEO plugin v25.3 - https:\/\/yoast.com\/wordpress\/plugins\/seo\/ -->\n<title>Hydrangea paniculata &#039;Pinky Winky&#039; - Hortensia Online Kopen - PlantBezorgd<\/title>\n<meta name=\"description\" content=\"Op zoek naar de Hydrangea paniculata &#039;Pinky Winky&#039; - Hortensia? \u2714 Lage verzendkosten \u2714 Kies je bezorgmoment &amp; locatie \u2714 Groeigarantie!\" \/>\n<meta name=\"robots\" content=\"index, follow, max-snippet:-1, max-image-preview:large, max-video-preview:-1\" \/>\n<link rel=\"canonical\" href=\"https:\/\/plantbezorgd.nl\/de\/produkt\/hortensien-2\/hydrangea-paniculata-pinky-winky-hydrangea\/\" \/>\n<meta property=\"og:locale\" content=\"de_DE\" \/>\n<meta property=\"og:type\" content=\"article\" \/>\n<meta property=\"og:title\" content=\"Hydrangea paniculata &#039;Pinky Winky&#039; - Hortensia Online Kopen - PlantBezorgd\" \/>\n<meta property=\"og:description\" content=\"Op zoek naar de Hydrangea paniculata &#039;Pinky Winky&#039; - Hortensia? \u2714 Lage verzendkosten \u2714 Kies je bezorgmoment &amp; locatie \u2714 Groeigarantie!\" \/>\n<meta property=\"og:url\" content=\"https:\/\/plantbezorgd.nl\/de\/produkt\/hortensien-2\/hydrangea-paniculata-pinky-winky-hydrangea\/\" \/>\n<meta property=\"og:site_name\" content=\"PlantBezorgd\" \/>\n<meta property=\"article:modified_time\" content=\"2026-04-16T02:32:13+00:00\" \/>\n<meta property=\"og:image\" content=\"https:\/\/plantbezorgd.nl\/wp-content\/uploads\/2023\/06\/Hydrangea-paniculata-Pinky-Winky-Hortensia-4.jpg\" \/>\n\t<meta property=\"og:image:width\" content=\"667\" \/>\n\t<meta property=\"og:image:height\" content=\"1000\" \/>\n\t<meta property=\"og:image:type\" content=\"image\/jpeg\" \/>\n<meta name=\"twitter:card\" content=\"summary_large_image\" \/>\n<meta name=\"twitter:label1\" content=\"Gesch\u00e4tzte Lesezeit\" \/>\n\t<meta name=\"twitter:data1\" content=\"2\u00a0Minuten\" \/>\n<script type=\"application\/ld+json\" class=\"yoast-schema-graph\">{\"@context\":\"https:\/\/schema.org\",\"@graph\":[{\"@type\":\"WebPage\",\"@id\":\"https:\/\/plantbezorgd.nl\/product\/hortensias\/hydrangea-paniculata-pinky-winky-hortensia\/\",\"url\":\"https:\/\/plantbezorgd.nl\/product\/hortensias\/hydrangea-paniculata-pinky-winky-hortensia\/\",\"name\":\"Hydrangea paniculata 'Pinky Winky' - Hortensia Online Kopen - PlantBezorgd\",\"isPartOf\":{\"@id\":\"https:\/\/plantbezorgd.nl\/#website\"},\"primaryImageOfPage\":{\"@id\":\"https:\/\/plantbezorgd.nl\/product\/hortensias\/hydrangea-paniculata-pinky-winky-hortensia\/#primaryimage\"},\"image\":{\"@id\":\"https:\/\/plantbezorgd.nl\/product\/hortensias\/hydrangea-paniculata-pinky-winky-hortensia\/#primaryimage\"},\"thumbnailUrl\":\"https:\/\/plantbezorgd.nl\/wp-content\/uploads\/2023\/06\/Hydrangea-paniculata-Pinky-Winky-Hortensia-4.jpg\",\"datePublished\":\"2023-06-29T05:51:36+00:00\",\"dateModified\":\"2026-04-16T02:32:13+00:00\",\"description\":\"Op zoek naar de Hydrangea paniculata 'Pinky Winky' - Hortensia? \u2714 Lage verzendkosten \u2714 Kies je bezorgmoment & locatie \u2714 Groeigarantie!\",\"breadcrumb\":{\"@id\":\"https:\/\/plantbezorgd.nl\/product\/hortensias\/hydrangea-paniculata-pinky-winky-hortensia\/#breadcrumb\"},\"inLanguage\":\"de\",\"potentialAction\":[{\"@type\":\"ReadAction\",\"target\":[\"https:\/\/plantbezorgd.nl\/product\/hortensias\/hydrangea-paniculata-pinky-winky-hortensia\/\"]}]},{\"@type\":\"ImageObject\",\"inLanguage\":\"de\",\"@id\":\"https:\/\/plantbezorgd.nl\/product\/hortensias\/hydrangea-paniculata-pinky-winky-hortensia\/#primaryimage\",\"url\":\"https:\/\/plantbezorgd.nl\/wp-content\/uploads\/2023\/06\/Hydrangea-paniculata-Pinky-Winky-Hortensia-4.jpg\",\"contentUrl\":\"https:\/\/plantbezorgd.nl\/wp-content\/uploads\/2023\/06\/Hydrangea-paniculata-Pinky-Winky-Hortensia-4.jpg\",\"width\":667,\"height\":1000},{\"@type\":\"BreadcrumbList\",\"@id\":\"https:\/\/plantbezorgd.nl\/product\/hortensias\/hydrangea-paniculata-pinky-winky-hortensia\/#breadcrumb\",\"itemListElement\":[{\"@type\":\"ListItem\",\"position\":1,\"name\":\"Shop\",\"item\":\"https:\/\/plantbezorgd.nl\/shop\/\"},{\"@type\":\"ListItem\",\"position\":2,\"name\":\"Hortensia - Hydrangea\",\"item\":\"https:\/\/plantbezorgd.nl\/product-categorie\/hortensias\/\"},{\"@type\":\"ListItem\",\"position\":3,\"name\":\"Hydrangea paniculata &#8216;Pinky Winky&#8217; &#8211; Hortensia\"}]},{\"@type\":\"WebSite\",\"@id\":\"https:\/\/plantbezorgd.nl\/#website\",\"url\":\"https:\/\/plantbezorgd.nl\/\",\"name\":\"PlantBezorgd\",\"description\":\"Betaalbare kwaliteitsplanten thuisbezorgd!\",\"publisher\":{\"@id\":\"https:\/\/plantbezorgd.nl\/#organization\"},\"potentialAction\":[{\"@type\":\"SearchAction\",\"target\":{\"@type\":\"EntryPoint\",\"urlTemplate\":\"https:\/\/plantbezorgd.nl\/?s={search_term_string}\"},\"query-input\":{\"@type\":\"PropertyValueSpecification\",\"valueRequired\":true,\"valueName\":\"search_term_string\"}}],\"inLanguage\":\"de\"},{\"@type\":\"Organization\",\"@id\":\"https:\/\/plantbezorgd.nl\/#organization\",\"name\":\"PlantBezorgd\",\"url\":\"https:\/\/plantbezorgd.nl\/\",\"logo\":{\"@type\":\"ImageObject\",\"inLanguage\":\"de\",\"@id\":\"https:\/\/plantbezorgd.nl\/#\/schema\/logo\/image\/\",\"url\":\"https:\/\/plantbezorgd.nl\/wp-content\/uploads\/2023\/05\/Logo.svg\",\"contentUrl\":\"https:\/\/plantbezorgd.nl\/wp-content\/uploads\/2023\/05\/Logo.svg\",\"caption\":\"PlantBezorgd\"},\"image\":{\"@id\":\"https:\/\/plantbezorgd.nl\/#\/schema\/logo\/image\/\"}}]}<\/script>\n<!-- \/ Yoast SEO plugin. -->","yoast_head_json":{"title":"Hydrangea paniculata 'Pinky Winky' - Hortensien online kaufen - PlantBezorgd","description":"Sie suchen die Hydrangea paniculata 'Pinky Winky' - Hortensie? \u2714 Niedrige Versandkosten \u2714 W\u00e4hlen Sie Ihren Liefertermin und -ort \u2714 Wachstumsgarantie!","robots":{"index":"index","follow":"follow","max-snippet":"max-snippet:-1","max-image-preview":"max-image-preview:large","max-video-preview":"max-video-preview:-1"},"canonical":"https:\/\/plantbezorgd.nl\/de\/produkt\/hortensien-2\/hydrangea-paniculata-pinky-winky-hydrangea\/","og_locale":"de_DE","og_type":"article","og_title":"Hydrangea paniculata 'Pinky Winky' - Hortensia Online Kopen - PlantBezorgd","og_description":"Op zoek naar de Hydrangea paniculata 'Pinky Winky' - Hortensia? \u2714 Lage verzendkosten \u2714 Kies je bezorgmoment & locatie \u2714 Groeigarantie!","og_url":"https:\/\/plantbezorgd.nl\/de\/produkt\/hortensien-2\/hydrangea-paniculata-pinky-winky-hydrangea\/","og_site_name":"PlantBezorgd","article_modified_time":"2026-04-16T02:32:13+00:00","og_image":[{"width":667,"height":1000,"url":"https:\/\/plantbezorgd.nl\/wp-content\/uploads\/2023\/06\/Hydrangea-paniculata-Pinky-Winky-Hortensia-4.jpg","type":"image\/jpeg"}],"twitter_card":"summary_large_image","twitter_misc":{"Gesch\u00e4tzte Lesezeit":"2\u00a0Minuten"},"schema":{"@context":"https:\/\/schema.org","@graph":[{"@type":"WebPage","@id":"https:\/\/plantbezorgd.nl\/product\/hortensias\/hydrangea-paniculata-pinky-winky-hortensia\/","url":"https:\/\/plantbezorgd.nl\/product\/hortensias\/hydrangea-paniculata-pinky-winky-hortensia\/","name":"Hydrangea paniculata 'Pinky Winky' - Hortensien online kaufen - PlantBezorgd","isPartOf":{"@id":"https:\/\/plantbezorgd.nl\/#website"},"primaryImageOfPage":{"@id":"https:\/\/plantbezorgd.nl\/product\/hortensias\/hydrangea-paniculata-pinky-winky-hortensia\/#primaryimage"},"image":{"@id":"https:\/\/plantbezorgd.nl\/product\/hortensias\/hydrangea-paniculata-pinky-winky-hortensia\/#primaryimage"},"thumbnailUrl":"https:\/\/plantbezorgd.nl\/wp-content\/uploads\/2023\/06\/Hydrangea-paniculata-Pinky-Winky-Hortensia-4.jpg","datePublished":"2023-06-29T05:51:36+00:00","dateModified":"2026-04-16T02:32:13+00:00","description":"Sie suchen die Hydrangea paniculata 'Pinky Winky' - Hortensie? \u2714 Niedrige Versandkosten \u2714 W\u00e4hlen Sie Ihren Liefertermin und -ort \u2714 Wachstumsgarantie!","breadcrumb":{"@id":"https:\/\/plantbezorgd.nl\/product\/hortensias\/hydrangea-paniculata-pinky-winky-hortensia\/#breadcrumb"},"inLanguage":"de","potentialAction":[{"@type":"ReadAction","target":["https:\/\/plantbezorgd.nl\/product\/hortensias\/hydrangea-paniculata-pinky-winky-hortensia\/"]}]},{"@type":"ImageObject","inLanguage":"de","@id":"https:\/\/plantbezorgd.nl\/product\/hortensias\/hydrangea-paniculata-pinky-winky-hortensia\/#primaryimage","url":"https:\/\/plantbezorgd.nl\/wp-content\/uploads\/2023\/06\/Hydrangea-paniculata-Pinky-Winky-Hortensia-4.jpg","contentUrl":"https:\/\/plantbezorgd.nl\/wp-content\/uploads\/2023\/06\/Hydrangea-paniculata-Pinky-Winky-Hortensia-4.jpg","width":667,"height":1000},{"@type":"BreadcrumbList","@id":"https:\/\/plantbezorgd.nl\/product\/hortensias\/hydrangea-paniculata-pinky-winky-hortensia\/#breadcrumb","itemListElement":[{"@type":"ListItem","position":1,"name":"Shop","item":"https:\/\/plantbezorgd.nl\/shop\/"},{"@type":"ListItem","position":2,"name":"Hortensia - Hydrangea","item":"https:\/\/plantbezorgd.nl\/product-categorie\/hortensias\/"},{"@type":"ListItem","position":3,"name":"Hydrangea paniculata &#8216;Pinky Winky&#8217; &#8211; Hortensia"}]},{"@type":"WebSite","@id":"https:\/\/plantbezorgd.nl\/#website","url":"https:\/\/plantbezorgd.nl\/","name":"PflanzenGeliefert","description":"Erschwingliche Qualit\u00e4tspflanzen direkt zu Ihnen nach Hause geliefert!","publisher":{"@id":"https:\/\/plantbezorgd.nl\/#organization"},"potentialAction":[{"@type":"SearchAction","target":{"@type":"EntryPoint","urlTemplate":"https:\/\/plantbezorgd.nl\/?s={search_term_string}"},"query-input":{"@type":"PropertyValueSpecification","valueRequired":true,"valueName":"search_term_string"}}],"inLanguage":"de"},{"@type":"Organization","@id":"https:\/\/plantbezorgd.nl\/#organization","name":"PflanzenGeliefert","url":"https:\/\/plantbezorgd.nl\/","logo":{"@type":"ImageObject","inLanguage":"de","@id":"https:\/\/plantbezorgd.nl\/#\/schema\/logo\/image\/","url":"https:\/\/plantbezorgd.nl\/wp-content\/uploads\/2023\/05\/Logo.svg","contentUrl":"https:\/\/plantbezorgd.nl\/wp-content\/uploads\/2023\/05\/Logo.svg","caption":"PlantBezorgd"},"image":{"@id":"https:\/\/plantbezorgd.nl\/#\/schema\/logo\/image\/"}}]}},"_links":{"self":[{"href":"https:\/\/plantbezorgd.nl\/de\/wp-json\/wp\/v2\/product\/4877","targetHints":{"allow":["GET"]}}],"collection":[{"href":"https:\/\/plantbezorgd.nl\/de\/wp-json\/wp\/v2\/product"}],"about":[{"href":"https:\/\/plantbezorgd.nl\/de\/wp-json\/wp\/v2\/types\/product"}],"replies":[{"embeddable":true,"href":"https:\/\/plantbezorgd.nl\/de\/wp-json\/wp\/v2\/comments?post=4877"}],"wp:featuredmedia":[{"embeddable":true,"href":"https:\/\/plantbezorgd.nl\/de\/wp-json\/wp\/v2\/media\/4878"}],"wp:attachment":[{"href":"https:\/\/plantbezorgd.nl\/de\/wp-json\/wp\/v2\/media?parent=4877"}],"wp:term":[{"taxonomy":"product_brand","embeddable":true,"href":"https:\/\/plantbezorgd.nl\/de\/wp-json\/wp\/v2\/product_brand?post=4877"},{"taxonomy":"product_cat","embeddable":true,"href":"https:\/\/plantbezorgd.nl\/de\/wp-json\/wp\/v2\/product_cat?post=4877"},{"taxonomy":"product_tag","embeddable":true,"href":"https:\/\/plantbezorgd.nl\/de\/wp-json\/wp\/v2\/product_tag?post=4877"}],"curies":[{"name":"wp","href":"https:\/\/api.w.org\/{rel}","templated":true}]}}