{"id":48332,"date":"2024-03-07T08:13:54","date_gmt":"2024-03-07T07:13:54","guid":{"rendered":"https:\/\/plantbezorgd.nl\/?post_type=product&#038;p=48332"},"modified":"2026-04-30T04:42:20","modified_gmt":"2026-04-30T02:42:20","slug":"fargesia-murialiae-panda-bambus-nicht-ausbreitend","status":"publish","type":"product","link":"https:\/\/plantbezorgd.nl\/de\/product\/alle-haagplanten\/fargesia-murieliae-panda-niet-woekerende-bamboe\/","title":{"rendered":"Fargesia murieliae &#039;Panda&#039; \u2013 Nicht ausbreitender Bambus"},"content":{"rendered":"<p>Die Fargesia murialia &#039;Panda&#039; ist ein kompakter, nicht wuchernder Bambus, der sich ideal f\u00fcr G\u00e4rten eignet, in denen Platz und Atmosph\u00e4re gleicherma\u00dfen wichtig sind. Mit seinen frischen gr\u00fcnen Bl\u00e4ttern, den elegant \u00fcberh\u00e4ngenden Halmen und einer moderaten Wuchsh\u00f6he von etwa 200 cm ist die Fargesia &#039;Panda&#039; die perfekte Wahl f\u00fcr alle, die Bambus ohne wuchernde Wurzeln w\u00fcnschen. Bei diesem horstbildenden Bambus ist eine Wurzelsperre nicht erforderlich.<\/p>\n<p>Der Name \u201ePanda\u201c bezieht sich, wenig \u00fcberraschend, auf die Lieblingsspeise des Riesenpandas: Bambus. Diese Sorte zeichnet sich durch ihre leuchtend gr\u00fcne Farbe aus, die sie auch im Winter beh\u00e4lt. Der Horst bleibt kompakt und erreicht einen maximalen Durchmesser von einem Meter, wodurch Fargesia \u201ePanda\u201c eine wundersch\u00f6ne Bereicherung f\u00fcr kleinere G\u00e4rten, Terrassen und Balkone darstellt.<\/p>\n<p><strong>Was macht die Fargesia murieliae &#039;Panda&#039; so besonders?<\/strong><\/p>\n<p>Die Fargesia &#039;Panda&#039; unterscheidet sich von anderen Fargesia-Sorten durch ihren etwas geringeren Wuchs. W\u00e4hrend Sorten wie &#039;Obelisk&#039; und &#039;Lollipops&#039; 250 bis 300 cm hoch werden, bleibt die &#039;Panda&#039; typischerweise bei etwa 200 cm. Dadurch eignet sich dieser Bambus f\u00fcr G\u00e4rten, in denen kein vollst\u00e4ndiger Sichtschutz erforderlich ist, aber ein gr\u00fcner, nat\u00fcrlicher Hintergrund gew\u00fcnscht wird. Die gr\u00fcnen Halme mit einem dezenten Graustich erreichen einen Durchmesser von etwa 1 cm und tragen frische, gr\u00fcne, leicht gebogene Bl\u00e4tter, die sich anmutig im Wind wiegen.<\/p>\n<p><strong>Stand und Boden<\/strong><\/p>\n<p>Die Fargesia &#039;Panda&#039; gedeiht am besten an einem sonnigen bis halbschattigen Standort. Ein Platz mit gefiltertem Licht oder Morgensonne ist ideal, aber auch volle Sonne wird vertragen, solange der Boden nicht austrocknet. Dieser Bambus ist anspruchslos und w\u00e4chst in fast jedem Bodentyp. Achten Sie auf gut durchl\u00e4ssigen Boden, da Staun\u00e4sse unerw\u00fcnscht ist.<\/p>\n<p><strong>Bew\u00e4sserung und Pflege<\/strong><\/p>\n<p>Nach dem Einpflanzen sollte die Fargesia &#039;Panda&#039; in den ersten Wochen gro\u00dfz\u00fcgig gegossen werden, um eine gute Wurzelbildung zu f\u00f6rdern. Sobald die Pflanze angewachsen ist, ben\u00f6tigt sie normales Wasser. In warmen, trockenen Perioden verdunstet Bambus relativ viel Feuchtigkeit \u00fcber seine Bl\u00e4tter, daher ist zus\u00e4tzliches Gie\u00dfen ratsam. D\u00fcngen Sie die Pflanze j\u00e4hrlich im Fr\u00fchjahr mit einem organischen D\u00fcnger, um sie gesund zu halten und die Bl\u00e4tter frisch und gr\u00fcn zu erhalten.<\/p>\n<p><strong>Baumschnitt und Pflege<\/strong><\/p>\n<p>Wie andere Fargesia-Arten ben\u00f6tigt auch der &#039;Panda&#039; nur wenig Schnitt. Die Pflanze bildet von Natur aus einen dichten, kompakten Horst. Im Fr\u00fchjahr k\u00f6nnen Sie alte oder besch\u00e4digte Halme an der Basis entfernen, um Platz f\u00fcr neue Triebe zu schaffen. Wenn Sie die H\u00f6he begrenzen m\u00f6chten, schneiden Sie die l\u00e4ngsten Halme ab. Dank seines j\u00e4hrlichen Wachstums von 40 bis 60 cm erlangt der Bambus nach dem R\u00fcckschnitt schnell sein volles, \u00fcppiges Aussehen zur\u00fcck.<\/p>\n<p><strong>Widerstandsf\u00e4higkeit<\/strong><\/p>\n<p>Die Fargesia murialia &#039;Panda&#039; ist au\u00dfergew\u00f6hnlich winterhart bis zu Temperaturen um -25 \u00b0C. Ihre Bl\u00e4tter behalten selbst im Winter ein frisches Gr\u00fcn, wodurch sie ganzj\u00e4hrig als Zierpflanze attraktiv ist. Bei extremer K\u00e4lte k\u00f6nnen sich die Bl\u00e4tter vor\u00fcbergehend einrollen \u2013 ein nat\u00fcrlicher Schutzmechanismus gegen Austrocknung. Dies ist v\u00f6llig normal und die Bl\u00e4tter legen sich wieder, sobald die Temperaturen steigen. Ein zus\u00e4tzlicher Winterschutz ist nicht erforderlich.<\/p>\n<p><strong>Verwendung im Garten<\/strong><\/p>\n<p>Die Fargesia &#039;Panda&#039; kommt als Solit\u00e4rpflanze am besten zur Geltung, eignet sich aber auch hervorragend als Bambushecke. F\u00fcr eine Hecke pflanzen Sie drei Pflanzen pro laufenden Meter aus einem C5-Topf. Als Solit\u00e4rpflanze ist dieser Bambus eine wundersch\u00f6ne Bereicherung f\u00fcr Rasenfl\u00e4chen, gro\u00dfe Beete oder ger\u00e4umige K\u00fcbel auf der Terrasse. Durch ihre etwas geringere Wuchsh\u00f6he eignet sich die &#039;Panda&#039; auch als gr\u00fcner Hintergrund im Beet, ohne andere Pflanzen zu beschatten.<\/p>\n<p><strong>Verf\u00fcgbare Gr\u00f6\u00dfen und Wachstumsmerkmale<\/strong><\/p>\n<p>Die Fargesia murialiae &#039;Panda&#039; ist in zwei Varianten erh\u00e4ltlich: im C5-Topf mit einer Pflanzh\u00f6he von 40 bis 60 cm und im C5-Topf mit einer Pflanzh\u00f6he von 60 bis 80 cm. Die Pflanze w\u00e4chst durchschnittlich 40 bis 60 cm pro Jahr und erreicht eine Endh\u00f6he von etwa 200 cm. Der Durchmesser des Horstes \u00fcberschreitet nicht einen Meter. Nach einigen Jahren bildet dieser Bambus einen sch\u00f6nen, dichten Horst mit \u00fcppigem Laub.<\/p>\n<p><strong>H\u00e4ufig gestellte Fragen<\/strong><\/p>\n<ul>\n<li><em>Breitet sich die Fargesia &#039;Panda&#039; aus?<\/em><br \/>Nein. Die Fargesia &#039;Panda&#039; ist ein horstbildender Bambus, der sich nicht ausbreitet. Eine Wurzelsperre ist nicht erforderlich.<\/li>\n<li><em>Wie hoch wird die Fargesia &#039;Panda&#039;?<\/em><br \/>Die Pflanze erreicht eine Endh\u00f6he von etwa 200 cm und ist damit etwas kleiner als andere Fargesia-Sorten wie &#039;Obelisk&#039; und &#039;Lollipops&#039;.<\/li>\n<li><em>Worin besteht der Unterschied zwischen der Fargesia &#039;Panda&#039; und der Fargesia &#039;Obelisk&#039;?<\/em><br \/>Mit 200 cm bleibt die Sorte &#039;Panda&#039; etwas kleiner als die Sorte &#039;Obelisk&#039; (250 bis 300 cm). Beide sind nicht invasiv und immergr\u00fcn. Die Sorte &#039;Obelisk&#039; ist eine Kreuzung mit Fargesia nitida und daher etwas robuster.<\/li>\n<li><em>Kann die Fargesia &#039;Panda&#039; im Topf wachsen?<\/em><br \/>Ja, dieser Bambus gedeiht in einem gro\u00dfen Topf mit mindestens 40 Litern Fassungsverm\u00f6gen. Achten Sie auf gute Drainage und gie\u00dfen Sie regelm\u00e4\u00dfig, besonders im Sommer.<\/li>\n<li><em>Wie viel Fargesia &#039;Panda&#039; ben\u00f6tige ich f\u00fcr eine Hecke?<\/em><br \/>Rechnen Sie mit 3 Pflanzen pro laufendem Meter aus einem C5-Topf oder 5 Pflanzen pro Quadratmeter f\u00fcr eine dichte Bepflanzung.<\/li>\n<\/ul>\n<p>Die Fargesia murialia &#039;Panda&#039; ist ein kompakter, immergr\u00fcner Bambus, der Ambiente, Sichtschutz und Pflegeleichtigkeit vereint. Dank seiner moderaten H\u00f6he, seines nicht wuchernden Wuchses und seiner hervorragenden Winterh\u00e4rte ist er der perfekte Bambus f\u00fcr alle, die sich ein asiatisches Flair im Garten w\u00fcnschen, ohne auf Komfort verzichten zu m\u00fcssen.<\/p>","protected":false},"excerpt":{"rendered":"<p>De Fargesia murieliae &#8216;Panda&#8217; is een compacte, niet-woekerende bamboe die perfect past in tuinen waar ruimte en sfeer samenkomen. Met zijn frisgroene blad, elegante overhangende halmen en een bescheiden volgroeide hoogte van circa 200 cm is de Fargesia &#8216;Panda&#8217; de ideale keuze voor wie bamboe wil zonder de zorgen om woekerende wortels. Een wortelbegrenzer is [&hellip;]<\/p>","protected":false},"featured_media":48335,"comment_status":"open","ping_status":"closed","template":"","meta":{"_acf_changed":false,"iawp_total_views":262},"product_brand":[],"product_cat":[316,232,233,249,243,239],"product_tag":[439,1587,435,433],"class_list":{"0":"post-48332","1":"product","2":"type-product","3":"status-publish","4":"has-post-thumbnail","6":"product_cat-alle-categorieen","7":"product_cat-alle-haagplanten","8":"product_cat-alle-heesters","9":"product_cat-bamboe","10":"product_cat-haagplanten","11":"product_cat-overige-haagplanten","12":"product_tag-alle","13":"product_tag-local","14":"product_tag-rest","15":"product_tag-tuin","16":"pa_aantal-per-m2-455","17":"pa_groei-per-jaar-40-60","18":"pa_grondsoort-alle-grondsoorten-waterdoorlatend","19":"pa_voeding-organische-meststof","20":"pa_volgroeide-hoogte-in-cm-726","21":"pa_wintergroen-bladhoudend-ja","22":"pa_winterhardheid-meerjarig-goed","24":"first","25":"instock","26":"taxable","27":"shipping-taxable","28":"purchasable","29":"product-type-variable","30":"has-default-attributes"},"acf":[],"gallery_images":[578],"yoast_head":"<!-- This site is optimized with the Yoast SEO plugin v25.3 - https:\/\/yoast.com\/wordpress\/plugins\/seo\/ -->\n<title>Fargesia murieliae &#039;Panda&#039; - Niet-woekerende bamboe Online Kopen - PlantBezorgd<\/title>\n<meta name=\"description\" content=\"Op zoek naar de Fargesia murieliae &#039;Panda&#039; - Niet-woekerende bamboe? \u2714 Lage verzendkosten \u2714 Kies je bezorgmoment &amp; locatie \u2714 Groeigarantie!\" \/>\n<meta name=\"robots\" content=\"index, follow, max-snippet:-1, max-image-preview:large, max-video-preview:-1\" \/>\n<link rel=\"canonical\" href=\"https:\/\/plantbezorgd.nl\/de\/produkt\/alle-heckenpflanzen-2\/fargesia-murialiae-panda-bambus-nicht-ausbreitend\/\" \/>\n<meta property=\"og:locale\" content=\"de_DE\" \/>\n<meta property=\"og:type\" content=\"article\" \/>\n<meta property=\"og:title\" content=\"Fargesia murieliae &#039;Panda&#039; - Niet-woekerende bamboe Online Kopen - PlantBezorgd\" \/>\n<meta property=\"og:description\" content=\"Op zoek naar de Fargesia murieliae &#039;Panda&#039; - Niet-woekerende bamboe? \u2714 Lage verzendkosten \u2714 Kies je bezorgmoment &amp; locatie \u2714 Groeigarantie!\" \/>\n<meta property=\"og:url\" content=\"https:\/\/plantbezorgd.nl\/de\/produkt\/alle-heckenpflanzen-2\/fargesia-murialiae-panda-bambus-nicht-ausbreitend\/\" \/>\n<meta property=\"og:site_name\" content=\"PlantBezorgd\" \/>\n<meta property=\"article:modified_time\" content=\"2026-04-30T02:42:20+00:00\" \/>\n<meta property=\"og:image\" content=\"https:\/\/plantbezorgd.nl\/wp-content\/uploads\/2024\/03\/Fargesia-murieliae-Panda-Niet-woekerende-bamboe.jpg\" \/>\n\t<meta property=\"og:image:width\" content=\"800\" \/>\n\t<meta property=\"og:image:height\" content=\"1024\" \/>\n\t<meta property=\"og:image:type\" content=\"image\/jpeg\" \/>\n<meta name=\"twitter:card\" content=\"summary_large_image\" \/>\n<meta name=\"twitter:label1\" content=\"Gesch\u00e4tzte Lesezeit\" \/>\n\t<meta name=\"twitter:data1\" content=\"1\u00a0Minute\" \/>\n<script type=\"application\/ld+json\" class=\"yoast-schema-graph\">{\"@context\":\"https:\/\/schema.org\",\"@graph\":[{\"@type\":\"WebPage\",\"@id\":\"https:\/\/plantbezorgd.nl\/product\/alle-haagplanten\/fargesia-murieliae-panda-niet-woekerende-bamboe\/\",\"url\":\"https:\/\/plantbezorgd.nl\/product\/alle-haagplanten\/fargesia-murieliae-panda-niet-woekerende-bamboe\/\",\"name\":\"Fargesia murieliae 'Panda' - Niet-woekerende bamboe Online Kopen - PlantBezorgd\",\"isPartOf\":{\"@id\":\"https:\/\/plantbezorgd.nl\/#website\"},\"primaryImageOfPage\":{\"@id\":\"https:\/\/plantbezorgd.nl\/product\/alle-haagplanten\/fargesia-murieliae-panda-niet-woekerende-bamboe\/#primaryimage\"},\"image\":{\"@id\":\"https:\/\/plantbezorgd.nl\/product\/alle-haagplanten\/fargesia-murieliae-panda-niet-woekerende-bamboe\/#primaryimage\"},\"thumbnailUrl\":\"https:\/\/plantbezorgd.nl\/wp-content\/uploads\/2024\/03\/Fargesia-murieliae-Panda-Niet-woekerende-bamboe.jpg\",\"datePublished\":\"2024-03-07T07:13:54+00:00\",\"dateModified\":\"2026-04-30T02:42:20+00:00\",\"description\":\"Op zoek naar de Fargesia murieliae 'Panda' - Niet-woekerende bamboe? \u2714 Lage verzendkosten \u2714 Kies je bezorgmoment & locatie \u2714 Groeigarantie!\",\"breadcrumb\":{\"@id\":\"https:\/\/plantbezorgd.nl\/product\/alle-haagplanten\/fargesia-murieliae-panda-niet-woekerende-bamboe\/#breadcrumb\"},\"inLanguage\":\"de\",\"potentialAction\":[{\"@type\":\"ReadAction\",\"target\":[\"https:\/\/plantbezorgd.nl\/product\/alle-haagplanten\/fargesia-murieliae-panda-niet-woekerende-bamboe\/\"]}]},{\"@type\":\"ImageObject\",\"inLanguage\":\"de\",\"@id\":\"https:\/\/plantbezorgd.nl\/product\/alle-haagplanten\/fargesia-murieliae-panda-niet-woekerende-bamboe\/#primaryimage\",\"url\":\"https:\/\/plantbezorgd.nl\/wp-content\/uploads\/2024\/03\/Fargesia-murieliae-Panda-Niet-woekerende-bamboe.jpg\",\"contentUrl\":\"https:\/\/plantbezorgd.nl\/wp-content\/uploads\/2024\/03\/Fargesia-murieliae-Panda-Niet-woekerende-bamboe.jpg\",\"width\":800,\"height\":1024,\"caption\":\"Fargesia murieliae\"},{\"@type\":\"BreadcrumbList\",\"@id\":\"https:\/\/plantbezorgd.nl\/product\/alle-haagplanten\/fargesia-murieliae-panda-niet-woekerende-bamboe\/#breadcrumb\",\"itemListElement\":[{\"@type\":\"ListItem\",\"position\":1,\"name\":\"Shop\",\"item\":\"https:\/\/plantbezorgd.nl\/shop\/\"},{\"@type\":\"ListItem\",\"position\":2,\"name\":\"Bamboe - Fargesia\",\"item\":\"https:\/\/plantbezorgd.nl\/product-categorie\/bamboe\/\"},{\"@type\":\"ListItem\",\"position\":3,\"name\":\"Fargesia murieliae &#8216;Panda&#8217; &#8211; Niet-woekerende bamboe\"}]},{\"@type\":\"WebSite\",\"@id\":\"https:\/\/plantbezorgd.nl\/#website\",\"url\":\"https:\/\/plantbezorgd.nl\/\",\"name\":\"PlantBezorgd\",\"description\":\"Betaalbare kwaliteitsplanten thuisbezorgd!\",\"publisher\":{\"@id\":\"https:\/\/plantbezorgd.nl\/#organization\"},\"potentialAction\":[{\"@type\":\"SearchAction\",\"target\":{\"@type\":\"EntryPoint\",\"urlTemplate\":\"https:\/\/plantbezorgd.nl\/?s={search_term_string}\"},\"query-input\":{\"@type\":\"PropertyValueSpecification\",\"valueRequired\":true,\"valueName\":\"search_term_string\"}}],\"inLanguage\":\"de\"},{\"@type\":\"Organization\",\"@id\":\"https:\/\/plantbezorgd.nl\/#organization\",\"name\":\"PlantBezorgd\",\"url\":\"https:\/\/plantbezorgd.nl\/\",\"logo\":{\"@type\":\"ImageObject\",\"inLanguage\":\"de\",\"@id\":\"https:\/\/plantbezorgd.nl\/#\/schema\/logo\/image\/\",\"url\":\"https:\/\/plantbezorgd.nl\/wp-content\/uploads\/2023\/05\/Logo.svg\",\"contentUrl\":\"https:\/\/plantbezorgd.nl\/wp-content\/uploads\/2023\/05\/Logo.svg\",\"caption\":\"PlantBezorgd\"},\"image\":{\"@id\":\"https:\/\/plantbezorgd.nl\/#\/schema\/logo\/image\/\"}}]}<\/script>\n<!-- \/ Yoast SEO plugin. -->","yoast_head_json":{"title":"Fargesia murieliae &#039;Panda&#039; - Nicht ausbreitender Bambus Online kaufen - PlantBezorgd","description":"Suchen Sie Fargesia murieliae &#039;Panda&#039; \u2013 nicht-invasive Bambusart? \u2714 Niedrige Versandkosten \u2714 Lieferzeit und -ort frei w\u00e4hlbar \u2714 Wachstumsgarantie!","robots":{"index":"index","follow":"follow","max-snippet":"max-snippet:-1","max-image-preview":"max-image-preview:large","max-video-preview":"max-video-preview:-1"},"canonical":"https:\/\/plantbezorgd.nl\/de\/produkt\/alle-heckenpflanzen-2\/fargesia-murialiae-panda-bambus-nicht-ausbreitend\/","og_locale":"de_DE","og_type":"article","og_title":"Fargesia murieliae 'Panda' - Niet-woekerende bamboe Online Kopen - PlantBezorgd","og_description":"Op zoek naar de Fargesia murieliae 'Panda' - Niet-woekerende bamboe? \u2714 Lage verzendkosten \u2714 Kies je bezorgmoment & locatie \u2714 Groeigarantie!","og_url":"https:\/\/plantbezorgd.nl\/de\/produkt\/alle-heckenpflanzen-2\/fargesia-murialiae-panda-bambus-nicht-ausbreitend\/","og_site_name":"PlantBezorgd","article_modified_time":"2026-04-30T02:42:20+00:00","og_image":[{"width":800,"height":1024,"url":"https:\/\/plantbezorgd.nl\/wp-content\/uploads\/2024\/03\/Fargesia-murieliae-Panda-Niet-woekerende-bamboe.jpg","type":"image\/jpeg"}],"twitter_card":"summary_large_image","twitter_misc":{"Gesch\u00e4tzte Lesezeit":"1\u00a0Minute"},"schema":{"@context":"https:\/\/schema.org","@graph":[{"@type":"WebPage","@id":"https:\/\/plantbezorgd.nl\/product\/alle-haagplanten\/fargesia-murieliae-panda-niet-woekerende-bamboe\/","url":"https:\/\/plantbezorgd.nl\/product\/alle-haagplanten\/fargesia-murieliae-panda-niet-woekerende-bamboe\/","name":"Fargesia murieliae &#039;Panda&#039; - Nicht ausbreitender Bambus Online kaufen - PlantBezorgd","isPartOf":{"@id":"https:\/\/plantbezorgd.nl\/#website"},"primaryImageOfPage":{"@id":"https:\/\/plantbezorgd.nl\/product\/alle-haagplanten\/fargesia-murieliae-panda-niet-woekerende-bamboe\/#primaryimage"},"image":{"@id":"https:\/\/plantbezorgd.nl\/product\/alle-haagplanten\/fargesia-murieliae-panda-niet-woekerende-bamboe\/#primaryimage"},"thumbnailUrl":"https:\/\/plantbezorgd.nl\/wp-content\/uploads\/2024\/03\/Fargesia-murieliae-Panda-Niet-woekerende-bamboe.jpg","datePublished":"2024-03-07T07:13:54+00:00","dateModified":"2026-04-30T02:42:20+00:00","description":"Suchen Sie Fargesia murieliae &#039;Panda&#039; \u2013 nicht-invasive Bambusart? \u2714 Niedrige Versandkosten \u2714 Lieferzeit und -ort frei w\u00e4hlbar \u2714 Wachstumsgarantie!","breadcrumb":{"@id":"https:\/\/plantbezorgd.nl\/product\/alle-haagplanten\/fargesia-murieliae-panda-niet-woekerende-bamboe\/#breadcrumb"},"inLanguage":"de","potentialAction":[{"@type":"ReadAction","target":["https:\/\/plantbezorgd.nl\/product\/alle-haagplanten\/fargesia-murieliae-panda-niet-woekerende-bamboe\/"]}]},{"@type":"ImageObject","inLanguage":"de","@id":"https:\/\/plantbezorgd.nl\/product\/alle-haagplanten\/fargesia-murieliae-panda-niet-woekerende-bamboe\/#primaryimage","url":"https:\/\/plantbezorgd.nl\/wp-content\/uploads\/2024\/03\/Fargesia-murieliae-Panda-Niet-woekerende-bamboe.jpg","contentUrl":"https:\/\/plantbezorgd.nl\/wp-content\/uploads\/2024\/03\/Fargesia-murieliae-Panda-Niet-woekerende-bamboe.jpg","width":800,"height":1024,"caption":"Fargesia murieliae"},{"@type":"BreadcrumbList","@id":"https:\/\/plantbezorgd.nl\/product\/alle-haagplanten\/fargesia-murieliae-panda-niet-woekerende-bamboe\/#breadcrumb","itemListElement":[{"@type":"ListItem","position":1,"name":"Shop","item":"https:\/\/plantbezorgd.nl\/shop\/"},{"@type":"ListItem","position":2,"name":"Bamboe - Fargesia","item":"https:\/\/plantbezorgd.nl\/product-categorie\/bamboe\/"},{"@type":"ListItem","position":3,"name":"Fargesia murieliae &#8216;Panda&#8217; &#8211; Niet-woekerende bamboe"}]},{"@type":"WebSite","@id":"https:\/\/plantbezorgd.nl\/#website","url":"https:\/\/plantbezorgd.nl\/","name":"PflanzenGeliefert","description":"Erschwingliche Qualit\u00e4tspflanzen direkt zu Ihnen nach Hause geliefert!","publisher":{"@id":"https:\/\/plantbezorgd.nl\/#organization"},"potentialAction":[{"@type":"SearchAction","target":{"@type":"EntryPoint","urlTemplate":"https:\/\/plantbezorgd.nl\/?s={search_term_string}"},"query-input":{"@type":"PropertyValueSpecification","valueRequired":true,"valueName":"search_term_string"}}],"inLanguage":"de"},{"@type":"Organization","@id":"https:\/\/plantbezorgd.nl\/#organization","name":"PflanzenGeliefert","url":"https:\/\/plantbezorgd.nl\/","logo":{"@type":"ImageObject","inLanguage":"de","@id":"https:\/\/plantbezorgd.nl\/#\/schema\/logo\/image\/","url":"https:\/\/plantbezorgd.nl\/wp-content\/uploads\/2023\/05\/Logo.svg","contentUrl":"https:\/\/plantbezorgd.nl\/wp-content\/uploads\/2023\/05\/Logo.svg","caption":"PlantBezorgd"},"image":{"@id":"https:\/\/plantbezorgd.nl\/#\/schema\/logo\/image\/"}}]}},"_links":{"self":[{"href":"https:\/\/plantbezorgd.nl\/de\/wp-json\/wp\/v2\/product\/48332","targetHints":{"allow":["GET"]}}],"collection":[{"href":"https:\/\/plantbezorgd.nl\/de\/wp-json\/wp\/v2\/product"}],"about":[{"href":"https:\/\/plantbezorgd.nl\/de\/wp-json\/wp\/v2\/types\/product"}],"replies":[{"embeddable":true,"href":"https:\/\/plantbezorgd.nl\/de\/wp-json\/wp\/v2\/comments?post=48332"}],"wp:featuredmedia":[{"embeddable":true,"href":"https:\/\/plantbezorgd.nl\/de\/wp-json\/wp\/v2\/media\/48335"}],"wp:attachment":[{"href":"https:\/\/plantbezorgd.nl\/de\/wp-json\/wp\/v2\/media?parent=48332"}],"wp:term":[{"taxonomy":"product_brand","embeddable":true,"href":"https:\/\/plantbezorgd.nl\/de\/wp-json\/wp\/v2\/product_brand?post=48332"},{"taxonomy":"product_cat","embeddable":true,"href":"https:\/\/plantbezorgd.nl\/de\/wp-json\/wp\/v2\/product_cat?post=48332"},{"taxonomy":"product_tag","embeddable":true,"href":"https:\/\/plantbezorgd.nl\/de\/wp-json\/wp\/v2\/product_tag?post=48332"}],"curies":[{"name":"wp","href":"https:\/\/api.w.org\/{rel}","templated":true}]}}