{"id":4572,"date":"2023-05-21T06:46:49","date_gmt":"2023-05-21T04:46:49","guid":{"rendered":"https:\/\/plantbezorgd.s01.klik3.dev\/product\/uncategorized\/carex-oshimensis-evergold-zegge\/"},"modified":"2026-04-11T16:43:29","modified_gmt":"2026-04-11T14:43:29","slug":"carex-oshimensis-immergoldene-segge","status":"publish","type":"product","link":"https:\/\/plantbezorgd.nl\/de\/produkt\/alle-gartenpflanzen\/carex-oshimensis-immergoldene-segge\/","title":{"rendered":"Carex oshimensis &#039;Evergold&#039; \u2013 Segge"},"content":{"rendered":"<p><strong>Beschreibung des Produkts<\/strong> <strong>Carex oshimensis &#039;Evergold&#039; \/ Segge<\/strong><\/p>\n<p>Carex oshimensis &#039;Evergold&#039; ist eine panaschierte Segge. Das sch\u00f6nste Merkmal dieses Ziergrases ist seine Blattfarbe. Der mittlere Teil von Carex &#039;Evergold&#039; ist gelblich-wei\u00df bis wei\u00df, die Blattr\u00e4nder sind gr\u00fcn. Dadurch bildet sie das Gegenst\u00fcck zu \u2026 <a href=\"https:\/\/plantbezorgd.nl\/de\/produkt\/stauden-2\/carex-oshimensis-everest-bunte-segge-2\/\"><u>Carex Everest<\/u><\/a> wo es genau umgekehrt ist. <a href=\"https:\/\/plantbezorgd.nl\/de\/produkt-kategorie\/ziergraser\/\">Ziergras<\/a> Sie breitet sich nicht aggressiv aus, sondern bildet sch\u00f6ne, dichte Horste. Sie wird h\u00e4ufig als Bodendecker verwendet und erreicht eine H\u00f6he von etwa 30 Zentimetern. Carex oshimensis &#039;Evergold&#039; bl\u00fcht unscheinbar in den Monaten Mai, Juni und Juli. W\u00e4hrend dieser Zeit tr\u00e4gt sie hellbraune Bl\u00fcten\u00e4hren.<\/p>\n<p><strong>Anwendung von Carex oshimensis &#039;Evergold&#039; \/ Segge<\/strong><\/p>\n<p>Die Carex oshimensis &#039;Evergold&#039; wird h\u00e4ufig verwendet als <a href=\"https:\/\/plantbezorgd.nl\/de\/produkt-kategorie\/bodendecker-2\/\">Bodendecker<\/a>Man kann sie in Beeten und im Freiland pflanzen. Denn sie ist kompakt. <a href=\"https:\/\/plantbezorgd.nl\/de\/produkt-kategorie\/carex-salbei\/\">Carex<\/a> F\u00fcr diese Sorte empfehlen wir f\u00fcnf Pflanzen pro Quadratmeter und drei pro laufenden Meter. Carex oshimensis &#039;Evergold&#039; eignet sich zudem hervorragend zur Kombination mit anderen Pflanzen.<\/p>\n<p><strong>\u00a0<\/strong><\/p>\n<p><strong>Lebensraum Carex oshimensis &#039;Evergold&#039; \/ Segge<\/strong><\/p>\n<p>Carex oshimensis &#039;Evergold&#039; bevorzugt einen halbschattigen Standort. Volle Sonneneinstrahlung sollte vermieden werden. Wenn sie durch andere Pflanzen oder B\u00e4ume etwas Schutz findet, \u2026 <a href=\"https:\/\/plantbezorgd.nl\/de\/produkt-kategorie\/alle-gartenpflanzen\/\">Gartenpflanze<\/a> bietet bereits ausreichenden Schutz.<\/p>\n<p><strong><br \/>\nCarex oshimensis &#039;Evergold&#039; \/ Segge<\/strong><br \/>\nEs handelt sich um ein robustes Ziergras, das nur in sehr trockenen Perioden zus\u00e4tzliches Wasser ben\u00f6tigt. Au\u00dferdem muss Carex oshimensis &#039;Evergold&#039; nicht zur\u00fcckgeschnitten werden; die abgestorbenen Bl\u00e4tter k\u00f6nnen j\u00e4hrlich entfernt werden.<\/p>\n<p><strong>Fragen zu Carex oshimensis &#039;Evergold&#039; \/ Segge<br \/>\n<\/strong>Stellen Sie Ihre Frage online in dem Feld unten links auf dieser Seite. Sie werden dann so schnell wie m\u00f6glich eine Antwort erhalten.<\/p>\n<p>&nbsp;<\/p>","protected":false},"excerpt":{"rendered":"<p>Productomschrijving Carex oshimensis &#8216;Evergold&#8217; \u00a0\/ Zegge Carex Oshimensis Evergold is een bontbladige zegge. Het mooiste aan dit siergras is zijn bladkleur. Het middelste gedeelte van de Carex Evergold is geelwit tot wit. De bladranden zijn groen. Daarmee is hij de tegenhanger van de Carex Everest waarbij het andersom is.\u00a0 Dit siergras gaat niet woekeren, het [&hellip;]<\/p>","protected":false},"featured_media":4573,"comment_status":"open","ping_status":"closed","template":"","meta":{"_acf_changed":false,"iawp_total_views":152},"product_brand":[],"product_cat":[316,236,238,331,237,505],"product_tag":[439,1587,433],"class_list":{"0":"post-4572","1":"product","2":"type-product","3":"status-publish","4":"has-post-thumbnail","6":"product_cat-alle-categorieen","7":"product_cat-alle-tuinplanten","8":"product_cat-bodembedekkers","9":"product_cat-carex-zegge","10":"product_cat-siergrassen","11":"product_cat-siergrassenzegge","12":"product_tag-alle","13":"product_tag-local","14":"product_tag-tuin","15":"pa_aantal-per-m2-455","16":"pa_grondsoort-alle-grondsoorten-waterdoorlatend","17":"pa_volgroeide-hoogte-in-cm-725","18":"pa_wintergroen-bladhoudend-ja","19":"pa_winterhardheid-meerjarig-goed","21":"first","22":"instock","23":"taxable","24":"shipping-taxable","25":"purchasable","26":"product-type-variable","27":"has-default-attributes"},"acf":[],"gallery_images":[4574,4575,4576,578],"yoast_head":"<!-- This site is optimized with the Yoast SEO plugin v25.3 - https:\/\/yoast.com\/wordpress\/plugins\/seo\/ -->\n<title>Carex oshimensis &#039;Evergold&#039; - Zegge Online Kopen - PlantBezorgd<\/title>\n<meta name=\"description\" content=\"Op zoek naar de Carex oshimensis &#039;Evergold&#039; - Zegge? \u2714 Lage verzendkosten \u2714 Kies je bezorgmoment &amp; locatie \u2714 Groeigarantie!\" \/>\n<meta name=\"robots\" content=\"index, follow, max-snippet:-1, max-image-preview:large, max-video-preview:-1\" \/>\n<link rel=\"canonical\" href=\"https:\/\/plantbezorgd.nl\/de\/produkt\/alle-gartenpflanzen\/carex-oshimensis-immergoldene-segge\/\" \/>\n<meta property=\"og:locale\" content=\"de_DE\" \/>\n<meta property=\"og:type\" content=\"article\" \/>\n<meta property=\"og:title\" content=\"Carex oshimensis &#039;Evergold&#039; - Zegge Online Kopen - PlantBezorgd\" \/>\n<meta property=\"og:description\" content=\"Op zoek naar de Carex oshimensis &#039;Evergold&#039; - Zegge? \u2714 Lage verzendkosten \u2714 Kies je bezorgmoment &amp; locatie \u2714 Groeigarantie!\" \/>\n<meta property=\"og:url\" content=\"https:\/\/plantbezorgd.nl\/de\/produkt\/alle-gartenpflanzen\/carex-oshimensis-immergoldene-segge\/\" \/>\n<meta property=\"og:site_name\" content=\"PlantBezorgd\" \/>\n<meta property=\"article:modified_time\" content=\"2026-04-11T14:43:29+00:00\" \/>\n<meta property=\"og:image\" content=\"https:\/\/plantbezorgd.nl\/wp-content\/uploads\/2023\/06\/Carex-oshimensis-Evergold-Zegge-2.jpg\" \/>\n\t<meta property=\"og:image:width\" content=\"667\" \/>\n\t<meta property=\"og:image:height\" content=\"1000\" \/>\n\t<meta property=\"og:image:type\" content=\"image\/jpeg\" \/>\n<meta name=\"twitter:card\" content=\"summary_large_image\" \/>\n<meta name=\"twitter:label1\" content=\"Gesch\u00e4tzte Lesezeit\" \/>\n\t<meta name=\"twitter:data1\" content=\"2\u00a0Minuten\" \/>\n<script type=\"application\/ld+json\" class=\"yoast-schema-graph\">{\"@context\":\"https:\/\/schema.org\",\"@graph\":[{\"@type\":\"WebPage\",\"@id\":\"https:\/\/plantbezorgd.nl\/product\/alle-tuinplanten\/carex-oshimensis-evergold-zegge\/\",\"url\":\"https:\/\/plantbezorgd.nl\/product\/alle-tuinplanten\/carex-oshimensis-evergold-zegge\/\",\"name\":\"Carex oshimensis 'Evergold' - Zegge Online Kopen - PlantBezorgd\",\"isPartOf\":{\"@id\":\"https:\/\/plantbezorgd.nl\/#website\"},\"primaryImageOfPage\":{\"@id\":\"https:\/\/plantbezorgd.nl\/product\/alle-tuinplanten\/carex-oshimensis-evergold-zegge\/#primaryimage\"},\"image\":{\"@id\":\"https:\/\/plantbezorgd.nl\/product\/alle-tuinplanten\/carex-oshimensis-evergold-zegge\/#primaryimage\"},\"thumbnailUrl\":\"https:\/\/plantbezorgd.nl\/wp-content\/uploads\/2023\/06\/Carex-oshimensis-Evergold-Zegge-2.jpg\",\"datePublished\":\"2023-05-21T04:46:49+00:00\",\"dateModified\":\"2026-04-11T14:43:29+00:00\",\"description\":\"Op zoek naar de Carex oshimensis 'Evergold' - Zegge? \u2714 Lage verzendkosten \u2714 Kies je bezorgmoment & locatie \u2714 Groeigarantie!\",\"breadcrumb\":{\"@id\":\"https:\/\/plantbezorgd.nl\/product\/alle-tuinplanten\/carex-oshimensis-evergold-zegge\/#breadcrumb\"},\"inLanguage\":\"de\",\"potentialAction\":[{\"@type\":\"ReadAction\",\"target\":[\"https:\/\/plantbezorgd.nl\/product\/alle-tuinplanten\/carex-oshimensis-evergold-zegge\/\"]}]},{\"@type\":\"ImageObject\",\"inLanguage\":\"de\",\"@id\":\"https:\/\/plantbezorgd.nl\/product\/alle-tuinplanten\/carex-oshimensis-evergold-zegge\/#primaryimage\",\"url\":\"https:\/\/plantbezorgd.nl\/wp-content\/uploads\/2023\/06\/Carex-oshimensis-Evergold-Zegge-2.jpg\",\"contentUrl\":\"https:\/\/plantbezorgd.nl\/wp-content\/uploads\/2023\/06\/Carex-oshimensis-Evergold-Zegge-2.jpg\",\"width\":667,\"height\":1000},{\"@type\":\"BreadcrumbList\",\"@id\":\"https:\/\/plantbezorgd.nl\/product\/alle-tuinplanten\/carex-oshimensis-evergold-zegge\/#breadcrumb\",\"itemListElement\":[{\"@type\":\"ListItem\",\"position\":1,\"name\":\"Shop\",\"item\":\"https:\/\/plantbezorgd.nl\/shop\/\"},{\"@type\":\"ListItem\",\"position\":2,\"name\":\"Carex \/ Zegge\",\"item\":\"https:\/\/plantbezorgd.nl\/product-categorie\/carex-zegge\/\"},{\"@type\":\"ListItem\",\"position\":3,\"name\":\"Carex oshimensis &#8216;Evergold&#8217; &#8211; Zegge\"}]},{\"@type\":\"WebSite\",\"@id\":\"https:\/\/plantbezorgd.nl\/#website\",\"url\":\"https:\/\/plantbezorgd.nl\/\",\"name\":\"PlantBezorgd\",\"description\":\"Betaalbare kwaliteitsplanten thuisbezorgd!\",\"publisher\":{\"@id\":\"https:\/\/plantbezorgd.nl\/#organization\"},\"potentialAction\":[{\"@type\":\"SearchAction\",\"target\":{\"@type\":\"EntryPoint\",\"urlTemplate\":\"https:\/\/plantbezorgd.nl\/?s={search_term_string}\"},\"query-input\":{\"@type\":\"PropertyValueSpecification\",\"valueRequired\":true,\"valueName\":\"search_term_string\"}}],\"inLanguage\":\"de\"},{\"@type\":\"Organization\",\"@id\":\"https:\/\/plantbezorgd.nl\/#organization\",\"name\":\"PlantBezorgd\",\"url\":\"https:\/\/plantbezorgd.nl\/\",\"logo\":{\"@type\":\"ImageObject\",\"inLanguage\":\"de\",\"@id\":\"https:\/\/plantbezorgd.nl\/#\/schema\/logo\/image\/\",\"url\":\"https:\/\/plantbezorgd.nl\/wp-content\/uploads\/2023\/05\/Logo.svg\",\"contentUrl\":\"https:\/\/plantbezorgd.nl\/wp-content\/uploads\/2023\/05\/Logo.svg\",\"caption\":\"PlantBezorgd\"},\"image\":{\"@id\":\"https:\/\/plantbezorgd.nl\/#\/schema\/logo\/image\/\"}}]}<\/script>\n<!-- \/ Yoast SEO plugin. -->","yoast_head_json":{"title":"Carex oshimensis &#039;Evergold&#039; - Segge online kaufen - PlantBezorgd","description":"Suchen Sie nach Carex oshimensis &#039;Evergold&#039; \u2013 einer Segge? \u2714 Niedrige Versandkosten \u2714 Lieferzeit und -ort frei w\u00e4hlbar \u2714 Wachstumsgarantie!","robots":{"index":"index","follow":"follow","max-snippet":"max-snippet:-1","max-image-preview":"max-image-preview:large","max-video-preview":"max-video-preview:-1"},"canonical":"https:\/\/plantbezorgd.nl\/de\/produkt\/alle-gartenpflanzen\/carex-oshimensis-immergoldene-segge\/","og_locale":"de_DE","og_type":"article","og_title":"Carex oshimensis 'Evergold' - Zegge Online Kopen - PlantBezorgd","og_description":"Op zoek naar de Carex oshimensis 'Evergold' - Zegge? \u2714 Lage verzendkosten \u2714 Kies je bezorgmoment & locatie \u2714 Groeigarantie!","og_url":"https:\/\/plantbezorgd.nl\/de\/produkt\/alle-gartenpflanzen\/carex-oshimensis-immergoldene-segge\/","og_site_name":"PlantBezorgd","article_modified_time":"2026-04-11T14:43:29+00:00","og_image":[{"width":667,"height":1000,"url":"https:\/\/plantbezorgd.nl\/wp-content\/uploads\/2023\/06\/Carex-oshimensis-Evergold-Zegge-2.jpg","type":"image\/jpeg"}],"twitter_card":"summary_large_image","twitter_misc":{"Gesch\u00e4tzte Lesezeit":"2\u00a0Minuten"},"schema":{"@context":"https:\/\/schema.org","@graph":[{"@type":"WebPage","@id":"https:\/\/plantbezorgd.nl\/product\/alle-tuinplanten\/carex-oshimensis-evergold-zegge\/","url":"https:\/\/plantbezorgd.nl\/product\/alle-tuinplanten\/carex-oshimensis-evergold-zegge\/","name":"Carex oshimensis &#039;Evergold&#039; - Segge online kaufen - PlantBezorgd","isPartOf":{"@id":"https:\/\/plantbezorgd.nl\/#website"},"primaryImageOfPage":{"@id":"https:\/\/plantbezorgd.nl\/product\/alle-tuinplanten\/carex-oshimensis-evergold-zegge\/#primaryimage"},"image":{"@id":"https:\/\/plantbezorgd.nl\/product\/alle-tuinplanten\/carex-oshimensis-evergold-zegge\/#primaryimage"},"thumbnailUrl":"https:\/\/plantbezorgd.nl\/wp-content\/uploads\/2023\/06\/Carex-oshimensis-Evergold-Zegge-2.jpg","datePublished":"2023-05-21T04:46:49+00:00","dateModified":"2026-04-11T14:43:29+00:00","description":"Suchen Sie nach Carex oshimensis &#039;Evergold&#039; \u2013 einer Segge? \u2714 Niedrige Versandkosten \u2714 Lieferzeit und -ort frei w\u00e4hlbar \u2714 Wachstumsgarantie!","breadcrumb":{"@id":"https:\/\/plantbezorgd.nl\/product\/alle-tuinplanten\/carex-oshimensis-evergold-zegge\/#breadcrumb"},"inLanguage":"de","potentialAction":[{"@type":"ReadAction","target":["https:\/\/plantbezorgd.nl\/product\/alle-tuinplanten\/carex-oshimensis-evergold-zegge\/"]}]},{"@type":"ImageObject","inLanguage":"de","@id":"https:\/\/plantbezorgd.nl\/product\/alle-tuinplanten\/carex-oshimensis-evergold-zegge\/#primaryimage","url":"https:\/\/plantbezorgd.nl\/wp-content\/uploads\/2023\/06\/Carex-oshimensis-Evergold-Zegge-2.jpg","contentUrl":"https:\/\/plantbezorgd.nl\/wp-content\/uploads\/2023\/06\/Carex-oshimensis-Evergold-Zegge-2.jpg","width":667,"height":1000},{"@type":"BreadcrumbList","@id":"https:\/\/plantbezorgd.nl\/product\/alle-tuinplanten\/carex-oshimensis-evergold-zegge\/#breadcrumb","itemListElement":[{"@type":"ListItem","position":1,"name":"Shop","item":"https:\/\/plantbezorgd.nl\/shop\/"},{"@type":"ListItem","position":2,"name":"Carex \/ Zegge","item":"https:\/\/plantbezorgd.nl\/product-categorie\/carex-zegge\/"},{"@type":"ListItem","position":3,"name":"Carex oshimensis &#8216;Evergold&#8217; &#8211; Zegge"}]},{"@type":"WebSite","@id":"https:\/\/plantbezorgd.nl\/#website","url":"https:\/\/plantbezorgd.nl\/","name":"PflanzenGeliefert","description":"Erschwingliche Qualit\u00e4tspflanzen direkt zu Ihnen nach Hause geliefert!","publisher":{"@id":"https:\/\/plantbezorgd.nl\/#organization"},"potentialAction":[{"@type":"SearchAction","target":{"@type":"EntryPoint","urlTemplate":"https:\/\/plantbezorgd.nl\/?s={search_term_string}"},"query-input":{"@type":"PropertyValueSpecification","valueRequired":true,"valueName":"search_term_string"}}],"inLanguage":"de"},{"@type":"Organization","@id":"https:\/\/plantbezorgd.nl\/#organization","name":"PflanzenGeliefert","url":"https:\/\/plantbezorgd.nl\/","logo":{"@type":"ImageObject","inLanguage":"de","@id":"https:\/\/plantbezorgd.nl\/#\/schema\/logo\/image\/","url":"https:\/\/plantbezorgd.nl\/wp-content\/uploads\/2023\/05\/Logo.svg","contentUrl":"https:\/\/plantbezorgd.nl\/wp-content\/uploads\/2023\/05\/Logo.svg","caption":"PlantBezorgd"},"image":{"@id":"https:\/\/plantbezorgd.nl\/#\/schema\/logo\/image\/"}}]}},"_links":{"self":[{"href":"https:\/\/plantbezorgd.nl\/de\/wp-json\/wp\/v2\/product\/4572","targetHints":{"allow":["GET"]}}],"collection":[{"href":"https:\/\/plantbezorgd.nl\/de\/wp-json\/wp\/v2\/product"}],"about":[{"href":"https:\/\/plantbezorgd.nl\/de\/wp-json\/wp\/v2\/types\/product"}],"replies":[{"embeddable":true,"href":"https:\/\/plantbezorgd.nl\/de\/wp-json\/wp\/v2\/comments?post=4572"}],"wp:featuredmedia":[{"embeddable":true,"href":"https:\/\/plantbezorgd.nl\/de\/wp-json\/wp\/v2\/media\/4573"}],"wp:attachment":[{"href":"https:\/\/plantbezorgd.nl\/de\/wp-json\/wp\/v2\/media?parent=4572"}],"wp:term":[{"taxonomy":"product_brand","embeddable":true,"href":"https:\/\/plantbezorgd.nl\/de\/wp-json\/wp\/v2\/product_brand?post=4572"},{"taxonomy":"product_cat","embeddable":true,"href":"https:\/\/plantbezorgd.nl\/de\/wp-json\/wp\/v2\/product_cat?post=4572"},{"taxonomy":"product_tag","embeddable":true,"href":"https:\/\/plantbezorgd.nl\/de\/wp-json\/wp\/v2\/product_tag?post=4572"}],"curies":[{"name":"wp","href":"https:\/\/api.w.org\/{rel}","templated":true}]}}