{"id":4563,"date":"2023-06-22T10:46:53","date_gmt":"2023-06-22T08:46:53","guid":{"rendered":"https:\/\/plantbezorgd.s01.klik3.dev\/product\/uncategorized\/carex-morrowii-ice-dance-bonte-zegge\/"},"modified":"2026-04-15T04:30:36","modified_gmt":"2026-04-15T02:30:36","slug":"carex-morrowii-eistanz-buntes-seggenkraut-2","status":"publish","type":"product","link":"https:\/\/plantbezorgd.nl\/de\/produkt\/alle-gartenpflanzen\/carex-morrowii-eistanz-buntes-seggenkraut-2\/","title":{"rendered":"Carex morrowii 'Eistanz' - Gefleckter Roggen"},"content":{"rendered":"<p><strong>Produktbeschreibung Carex morrowii 'Ice Dance' \/ Milfoil<\/strong><\/p>\n<p>Carex Morrowii Ice Dance wird etwa 30 Zentimeter hoch und w\u00e4chst in B\u00fcscheln. Ein ausgewachsenes <a href=\"https:\/\/plantbezorgd.nl\/de\/produkt-kategorie\/carex-salbei\/\">Carex<\/a> wird etwa 40 Zentimeter breit sein. Diese <a href=\"https:\/\/plantbezorgd.nl\/de\/produkt-kategorie\/ziergraser\/\">Ziergras<\/a> bl\u00fcht unauff\u00e4llig mit gelblichen Bl\u00fcten\u00e4hren in den Monaten April und Mai. Die Bl\u00e4tter von Carex Morrowii Ice Dance sind schmal zugespitzt und leuchtend gr\u00fcn mit einem panaschierten Rand.<\/p>\n<p><strong>\u00a0<\/strong><\/p>\n<p><strong>Anwendung Carex morrowii 'Ice Dance' \/ Kreuzkraut<\/strong><\/p>\n<p>Carex morrowii 'Ice Dance' kann als Bodendecker verwendet werden. Aber auch in einem Topf auf der Terrasse ist sie ein echter Blickfang. Sie k\u00f6nnen sie auch in Rabatten und im Freiland pflanzen. Da es sich um eine der kompakten Carex-Arten handelt, empfehlen wir, f\u00fcnf St\u00fcck pro Quadratmeter und drei pro Laufmeter zu pflanzen.<\/p>\n<p><strong>\u00a0<\/strong><\/p>\n<p><strong>Stand Carex morrowii 'Eistanz' \/ Kreuzkraut<\/strong><\/p>\n<p>Carex morrowii 'Ice Dance' \/ Seegras kann an fast jeder Stelle im Garten gepflanzt werden. Es ist eine sehr einfache <a href=\"https:\/\/plantbezorgd.nl\/de\/produkt-kategorie\/alle-gartenpflanzen\/\">Gartenpflanze<\/a> die sich in jedem Garten gut machen. Daher l\u00e4sst sich Carex sehr gut mit anderen Pflanzen und\/oder Str\u00e4uchern kombinieren.<br \/>\n<strong><br \/>\nPflege f\u00fcr Carex morrowii 'Ice Dance' \/ Milfoil<\/strong><\/p>\n<p>Carex Ice Dance braucht kaum Pflege. Nur in l\u00e4ngeren Trockenperioden sollten Sie der Pflanze etwas mehr Wasser geben. Im Fr\u00fchjahr k\u00f6nnen Sie die h\u00e4sslichen Bl\u00e4tter mit der Hand entfernen oder abschneiden.<\/p>\n<p><strong>Fragen zu Carex morrowii 'Ice Dance' \/ Kreuzkraut<br \/>\n<\/strong>Stellen Sie Ihre Frage online in dem Feld unten links auf dieser Seite. Sie werden dann so schnell wie m\u00f6glich eine Antwort erhalten.<\/p>\n<p>&nbsp;<\/p>","protected":false},"excerpt":{"rendered":"<p>Productomschrijving Carex morrowii &#8216;Ice Dance&#8217; \/ Zegge De Carex Morrowii Ice Dance ofwel Zegge wordt zo\u00b4n 30 centimeter hoog en groeit polvormig. Een volgroeide Carex wordt zo\u2019n 40 centimeter breed. Dit siergras bloeit onopvallend met geelachtige bloeiaren in de maanden april en mei. Het blad van de Carex Morrowii Ice Dance is smal gespitst en [&hellip;]<\/p>","protected":false},"featured_media":4564,"comment_status":"open","ping_status":"closed","template":"","meta":{"_acf_changed":false,"iawp_total_views":399},"product_brand":[],"product_cat":[316,236,238,331,237,505],"product_tag":[439,438,1587,433],"class_list":{"0":"post-4563","1":"product","2":"type-product","3":"status-publish","4":"has-post-thumbnail","6":"product_cat-alle-categorieen","7":"product_cat-alle-tuinplanten","8":"product_cat-bodembedekkers","9":"product_cat-carex-zegge","10":"product_cat-siergrassen","11":"product_cat-siergrassenzegge","12":"product_tag-alle","13":"product_tag-boost","14":"product_tag-local","15":"product_tag-tuin","16":"pa_aantal-per-m2-455","17":"pa_grondsoort-alle-grondsoorten-waterdoorlatend","18":"pa_volgroeide-hoogte-in-cm-725","19":"pa_wintergroen-bladhoudend-ja","20":"pa_winterhardheid-meerjarig-goed","22":"first","23":"instock","24":"taxable","25":"shipping-taxable","26":"purchasable","27":"product-type-variable","28":"has-default-attributes"},"acf":[],"gallery_images":[578],"yoast_head":"<!-- This site is optimized with the Yoast SEO plugin v25.3 - https:\/\/yoast.com\/wordpress\/plugins\/seo\/ -->\n<title>Carex morrowii &#039;Ice Dance&#039; - Bonte Zegge Online Kopen - PlantBezorgd<\/title>\n<meta name=\"description\" content=\"Op zoek naar de Carex morrowii &#039;Ice Dance&#039; - Bonte Zegge? \u2714 Lage verzendkosten \u2714 Kies je bezorgmoment &amp; locatie \u2714 Groeigarantie!\" \/>\n<meta name=\"robots\" content=\"index, follow, max-snippet:-1, max-image-preview:large, max-video-preview:-1\" \/>\n<link rel=\"canonical\" href=\"https:\/\/plantbezorgd.nl\/de\/produkt\/alle-gartenpflanzen\/carex-morrowii-eistanz-buntes-seggenkraut-2\/\" \/>\n<meta property=\"og:locale\" content=\"de_DE\" \/>\n<meta property=\"og:type\" content=\"article\" \/>\n<meta property=\"og:title\" content=\"Carex morrowii &#039;Ice Dance&#039; - Bonte Zegge Online Kopen - PlantBezorgd\" \/>\n<meta property=\"og:description\" content=\"Op zoek naar de Carex morrowii &#039;Ice Dance&#039; - Bonte Zegge? \u2714 Lage verzendkosten \u2714 Kies je bezorgmoment &amp; locatie \u2714 Groeigarantie!\" \/>\n<meta property=\"og:url\" content=\"https:\/\/plantbezorgd.nl\/de\/produkt\/alle-gartenpflanzen\/carex-morrowii-eistanz-buntes-seggenkraut-2\/\" \/>\n<meta property=\"og:site_name\" content=\"PlantBezorgd\" \/>\n<meta property=\"article:modified_time\" content=\"2026-04-15T02:30:36+00:00\" \/>\n<meta property=\"og:image\" content=\"https:\/\/plantbezorgd.nl\/wp-content\/uploads\/2023\/06\/Carex-morrowii-Ice-Dance-Zegge-2.jpg\" \/>\n\t<meta property=\"og:image:width\" content=\"428\" \/>\n\t<meta property=\"og:image:height\" content=\"640\" \/>\n\t<meta property=\"og:image:type\" content=\"image\/jpeg\" \/>\n<meta name=\"twitter:card\" content=\"summary_large_image\" \/>\n<meta name=\"twitter:label1\" content=\"Gesch\u00e4tzte Lesezeit\" \/>\n\t<meta name=\"twitter:data1\" content=\"2\u00a0Minuten\" \/>\n<script type=\"application\/ld+json\" class=\"yoast-schema-graph\">{\"@context\":\"https:\/\/schema.org\",\"@graph\":[{\"@type\":\"WebPage\",\"@id\":\"https:\/\/plantbezorgd.nl\/product\/alle-tuinplanten\/carex-morrowii-ice-dance-bonte-zegge\/\",\"url\":\"https:\/\/plantbezorgd.nl\/product\/alle-tuinplanten\/carex-morrowii-ice-dance-bonte-zegge\/\",\"name\":\"Carex morrowii 'Ice Dance' - Bonte Zegge Online Kopen - PlantBezorgd\",\"isPartOf\":{\"@id\":\"https:\/\/plantbezorgd.nl\/#website\"},\"primaryImageOfPage\":{\"@id\":\"https:\/\/plantbezorgd.nl\/product\/alle-tuinplanten\/carex-morrowii-ice-dance-bonte-zegge\/#primaryimage\"},\"image\":{\"@id\":\"https:\/\/plantbezorgd.nl\/product\/alle-tuinplanten\/carex-morrowii-ice-dance-bonte-zegge\/#primaryimage\"},\"thumbnailUrl\":\"https:\/\/plantbezorgd.nl\/wp-content\/uploads\/2023\/06\/Carex-morrowii-Ice-Dance-Zegge-2.jpg\",\"datePublished\":\"2023-06-22T08:46:53+00:00\",\"dateModified\":\"2026-04-15T02:30:36+00:00\",\"description\":\"Op zoek naar de Carex morrowii 'Ice Dance' - Bonte Zegge? \u2714 Lage verzendkosten \u2714 Kies je bezorgmoment & locatie \u2714 Groeigarantie!\",\"breadcrumb\":{\"@id\":\"https:\/\/plantbezorgd.nl\/product\/alle-tuinplanten\/carex-morrowii-ice-dance-bonte-zegge\/#breadcrumb\"},\"inLanguage\":\"de\",\"potentialAction\":[{\"@type\":\"ReadAction\",\"target\":[\"https:\/\/plantbezorgd.nl\/product\/alle-tuinplanten\/carex-morrowii-ice-dance-bonte-zegge\/\"]}]},{\"@type\":\"ImageObject\",\"inLanguage\":\"de\",\"@id\":\"https:\/\/plantbezorgd.nl\/product\/alle-tuinplanten\/carex-morrowii-ice-dance-bonte-zegge\/#primaryimage\",\"url\":\"https:\/\/plantbezorgd.nl\/wp-content\/uploads\/2023\/06\/Carex-morrowii-Ice-Dance-Zegge-2.jpg\",\"contentUrl\":\"https:\/\/plantbezorgd.nl\/wp-content\/uploads\/2023\/06\/Carex-morrowii-Ice-Dance-Zegge-2.jpg\",\"width\":428,\"height\":640},{\"@type\":\"BreadcrumbList\",\"@id\":\"https:\/\/plantbezorgd.nl\/product\/alle-tuinplanten\/carex-morrowii-ice-dance-bonte-zegge\/#breadcrumb\",\"itemListElement\":[{\"@type\":\"ListItem\",\"position\":1,\"name\":\"Shop\",\"item\":\"https:\/\/plantbezorgd.nl\/shop\/\"},{\"@type\":\"ListItem\",\"position\":2,\"name\":\"Carex \/ Zegge\",\"item\":\"https:\/\/plantbezorgd.nl\/product-categorie\/carex-zegge\/\"},{\"@type\":\"ListItem\",\"position\":3,\"name\":\"Carex morrowii &#8216;Ice Dance&#8217; &#8211; Bonte Zegge\"}]},{\"@type\":\"WebSite\",\"@id\":\"https:\/\/plantbezorgd.nl\/#website\",\"url\":\"https:\/\/plantbezorgd.nl\/\",\"name\":\"PlantBezorgd\",\"description\":\"Betaalbare kwaliteitsplanten thuisbezorgd!\",\"publisher\":{\"@id\":\"https:\/\/plantbezorgd.nl\/#organization\"},\"potentialAction\":[{\"@type\":\"SearchAction\",\"target\":{\"@type\":\"EntryPoint\",\"urlTemplate\":\"https:\/\/plantbezorgd.nl\/?s={search_term_string}\"},\"query-input\":{\"@type\":\"PropertyValueSpecification\",\"valueRequired\":true,\"valueName\":\"search_term_string\"}}],\"inLanguage\":\"de\"},{\"@type\":\"Organization\",\"@id\":\"https:\/\/plantbezorgd.nl\/#organization\",\"name\":\"PlantBezorgd\",\"url\":\"https:\/\/plantbezorgd.nl\/\",\"logo\":{\"@type\":\"ImageObject\",\"inLanguage\":\"de\",\"@id\":\"https:\/\/plantbezorgd.nl\/#\/schema\/logo\/image\/\",\"url\":\"https:\/\/plantbezorgd.nl\/wp-content\/uploads\/2023\/05\/Logo.svg\",\"contentUrl\":\"https:\/\/plantbezorgd.nl\/wp-content\/uploads\/2023\/05\/Logo.svg\",\"caption\":\"PlantBezorgd\"},\"image\":{\"@id\":\"https:\/\/plantbezorgd.nl\/#\/schema\/logo\/image\/\"}}]}<\/script>\n<!-- \/ Yoast SEO plugin. -->","yoast_head_json":{"title":"Carex morrowii 'Ice Dance' - Geflecktes Seegras Online kaufen - PlantBeautiful","description":"Auf der Suche nach Carex morrowii 'Ice Dance' - Elsterroggen? \u2714 Niedrige Versandkosten \u2714 W\u00e4hlen Sie Ihren Liefertermin und -ort \u2714 Wachstumsgarantie!","robots":{"index":"index","follow":"follow","max-snippet":"max-snippet:-1","max-image-preview":"max-image-preview:large","max-video-preview":"max-video-preview:-1"},"canonical":"https:\/\/plantbezorgd.nl\/de\/produkt\/alle-gartenpflanzen\/carex-morrowii-eistanz-buntes-seggenkraut-2\/","og_locale":"de_DE","og_type":"article","og_title":"Carex morrowii 'Ice Dance' - Bonte Zegge Online Kopen - PlantBezorgd","og_description":"Op zoek naar de Carex morrowii 'Ice Dance' - Bonte Zegge? \u2714 Lage verzendkosten \u2714 Kies je bezorgmoment & locatie \u2714 Groeigarantie!","og_url":"https:\/\/plantbezorgd.nl\/de\/produkt\/alle-gartenpflanzen\/carex-morrowii-eistanz-buntes-seggenkraut-2\/","og_site_name":"PlantBezorgd","article_modified_time":"2026-04-15T02:30:36+00:00","og_image":[{"width":428,"height":640,"url":"https:\/\/plantbezorgd.nl\/wp-content\/uploads\/2023\/06\/Carex-morrowii-Ice-Dance-Zegge-2.jpg","type":"image\/jpeg"}],"twitter_card":"summary_large_image","twitter_misc":{"Gesch\u00e4tzte Lesezeit":"2\u00a0Minuten"},"schema":{"@context":"https:\/\/schema.org","@graph":[{"@type":"WebPage","@id":"https:\/\/plantbezorgd.nl\/product\/alle-tuinplanten\/carex-morrowii-ice-dance-bonte-zegge\/","url":"https:\/\/plantbezorgd.nl\/product\/alle-tuinplanten\/carex-morrowii-ice-dance-bonte-zegge\/","name":"Carex morrowii 'Ice Dance' - Geflecktes Seegras Online kaufen - PlantBeautiful","isPartOf":{"@id":"https:\/\/plantbezorgd.nl\/#website"},"primaryImageOfPage":{"@id":"https:\/\/plantbezorgd.nl\/product\/alle-tuinplanten\/carex-morrowii-ice-dance-bonte-zegge\/#primaryimage"},"image":{"@id":"https:\/\/plantbezorgd.nl\/product\/alle-tuinplanten\/carex-morrowii-ice-dance-bonte-zegge\/#primaryimage"},"thumbnailUrl":"https:\/\/plantbezorgd.nl\/wp-content\/uploads\/2023\/06\/Carex-morrowii-Ice-Dance-Zegge-2.jpg","datePublished":"2023-06-22T08:46:53+00:00","dateModified":"2026-04-15T02:30:36+00:00","description":"Auf der Suche nach Carex morrowii 'Ice Dance' - Elsterroggen? \u2714 Niedrige Versandkosten \u2714 W\u00e4hlen Sie Ihren Liefertermin und -ort \u2714 Wachstumsgarantie!","breadcrumb":{"@id":"https:\/\/plantbezorgd.nl\/product\/alle-tuinplanten\/carex-morrowii-ice-dance-bonte-zegge\/#breadcrumb"},"inLanguage":"de","potentialAction":[{"@type":"ReadAction","target":["https:\/\/plantbezorgd.nl\/product\/alle-tuinplanten\/carex-morrowii-ice-dance-bonte-zegge\/"]}]},{"@type":"ImageObject","inLanguage":"de","@id":"https:\/\/plantbezorgd.nl\/product\/alle-tuinplanten\/carex-morrowii-ice-dance-bonte-zegge\/#primaryimage","url":"https:\/\/plantbezorgd.nl\/wp-content\/uploads\/2023\/06\/Carex-morrowii-Ice-Dance-Zegge-2.jpg","contentUrl":"https:\/\/plantbezorgd.nl\/wp-content\/uploads\/2023\/06\/Carex-morrowii-Ice-Dance-Zegge-2.jpg","width":428,"height":640},{"@type":"BreadcrumbList","@id":"https:\/\/plantbezorgd.nl\/product\/alle-tuinplanten\/carex-morrowii-ice-dance-bonte-zegge\/#breadcrumb","itemListElement":[{"@type":"ListItem","position":1,"name":"Shop","item":"https:\/\/plantbezorgd.nl\/shop\/"},{"@type":"ListItem","position":2,"name":"Carex \/ Zegge","item":"https:\/\/plantbezorgd.nl\/product-categorie\/carex-zegge\/"},{"@type":"ListItem","position":3,"name":"Carex morrowii &#8216;Ice Dance&#8217; &#8211; Bonte Zegge"}]},{"@type":"WebSite","@id":"https:\/\/plantbezorgd.nl\/#website","url":"https:\/\/plantbezorgd.nl\/","name":"PflanzenGeliefert","description":"Erschwingliche Qualit\u00e4tspflanzen direkt zu Ihnen nach Hause geliefert!","publisher":{"@id":"https:\/\/plantbezorgd.nl\/#organization"},"potentialAction":[{"@type":"SearchAction","target":{"@type":"EntryPoint","urlTemplate":"https:\/\/plantbezorgd.nl\/?s={search_term_string}"},"query-input":{"@type":"PropertyValueSpecification","valueRequired":true,"valueName":"search_term_string"}}],"inLanguage":"de"},{"@type":"Organization","@id":"https:\/\/plantbezorgd.nl\/#organization","name":"PflanzenGeliefert","url":"https:\/\/plantbezorgd.nl\/","logo":{"@type":"ImageObject","inLanguage":"de","@id":"https:\/\/plantbezorgd.nl\/#\/schema\/logo\/image\/","url":"https:\/\/plantbezorgd.nl\/wp-content\/uploads\/2023\/05\/Logo.svg","contentUrl":"https:\/\/plantbezorgd.nl\/wp-content\/uploads\/2023\/05\/Logo.svg","caption":"PlantBezorgd"},"image":{"@id":"https:\/\/plantbezorgd.nl\/#\/schema\/logo\/image\/"}}]}},"_links":{"self":[{"href":"https:\/\/plantbezorgd.nl\/de\/wp-json\/wp\/v2\/product\/4563","targetHints":{"allow":["GET"]}}],"collection":[{"href":"https:\/\/plantbezorgd.nl\/de\/wp-json\/wp\/v2\/product"}],"about":[{"href":"https:\/\/plantbezorgd.nl\/de\/wp-json\/wp\/v2\/types\/product"}],"replies":[{"embeddable":true,"href":"https:\/\/plantbezorgd.nl\/de\/wp-json\/wp\/v2\/comments?post=4563"}],"wp:featuredmedia":[{"embeddable":true,"href":"https:\/\/plantbezorgd.nl\/de\/wp-json\/wp\/v2\/media\/4564"}],"wp:attachment":[{"href":"https:\/\/plantbezorgd.nl\/de\/wp-json\/wp\/v2\/media?parent=4563"}],"wp:term":[{"taxonomy":"product_brand","embeddable":true,"href":"https:\/\/plantbezorgd.nl\/de\/wp-json\/wp\/v2\/product_brand?post=4563"},{"taxonomy":"product_cat","embeddable":true,"href":"https:\/\/plantbezorgd.nl\/de\/wp-json\/wp\/v2\/product_cat?post=4563"},{"taxonomy":"product_tag","embeddable":true,"href":"https:\/\/plantbezorgd.nl\/de\/wp-json\/wp\/v2\/product_tag?post=4563"}],"curies":[{"name":"wp","href":"https:\/\/api.w.org\/{rel}","templated":true}]}}