{"id":44016,"date":"2023-10-10T21:59:29","date_gmt":"2023-10-10T19:59:29","guid":{"rendered":"https:\/\/plantbezorgd.nl\/?post_type=product&#038;p=44016"},"modified":"2026-04-16T04:32:20","modified_gmt":"2026-04-16T02:32:20","slug":"salvia-nemorosa-caradonna-rosa-salbei","status":"publish","type":"product","link":"https:\/\/plantbezorgd.nl\/de\/produkt\/stauden-2\/salvia-nemorosa-caradonna-rosa-salbei\/","title":{"rendered":"Salvia nemorosa Caradonna \u201ePink Inspiration\u201c \u2013 Salbei"},"content":{"rendered":"<h2><span style=\"font-weight: 400;\">Salvia nemorosa Caradonna Pink oder Salbei<\/span><\/h2>\n<p><span style=\"font-weight: 400;\">Salvia nemorosa &#039;Caradonna Pink&#039; ist auch als Nemorischer Salbei bekannt. Diese robuste Staude bl\u00fcht zweimal: einmal im Fr\u00fchling und ein zweites Mal im Herbst. Die Pflanze w\u00e4chst aufrecht und erreicht inklusive Bl\u00fcten\u00e4hren eine H\u00f6he von 50 Zentimetern. Ihr Laub ist mattgr\u00fcn und leicht duftend. Sie bl\u00fcht mit hohen, rosafarbenen Bl\u00fcten, die auch nach der Bl\u00fctezeit ihren Zierwert behalten. Die Bl\u00fcte von &#039;Caradonna Pink&#039; lockt zahlreiche Bienen und Schmetterlinge an. Im Herbst zieht sich die Pflanze zur\u00fcck und treibt im Fr\u00fchling mit neuen Trieben wieder aus. Je gr\u00f6\u00dfer der Wurzelballen, desto schneller und dichter w\u00e4chst sie im Fr\u00fchling; daher ist der Herbst oder das fr\u00fche Fr\u00fchjahr eine gute Pflanzzeit f\u00fcr &#039;Caradonna Pink&#039;.<\/span><\/p>\n<h2><span style=\"font-weight: 400;\">Salbei (Salvia caradonna)<\/span><span style=\"font-weight: 400;\"> Pflaumenrosa<\/span><\/h2>\n<p>Salvia nemorosa &#039;Caradonna Pink&#039; schneidet man am besten im zeitigen Fr\u00fchjahr zur\u00fcck. Nach der ersten Bl\u00fcte im Fr\u00fchling k\u00f6nnen die Bl\u00fcten des Salbeis abgeschnitten werden; eine zweite Bl\u00fcte folgt im Herbst.<\/p>\n<h2><span style=\"font-weight: 400;\">Anwendung Salvia nemorosa Caradonna Pink<\/span><\/h2>\n<p>Mit ihrer wundersch\u00f6nen Bl\u00fcte ist die Salvia Caradonna Pink eine perfekte Erg\u00e4nzung f\u00fcr Ihren Balkon oder Ihre Terrasse. Sie eignet sich auch hervorragend als Beetpflanze, sowohl einzeln als auch in Gruppen. Unabh\u00e4ngig von der Topfgr\u00f6\u00dfe k\u00f6nnen Sie 7 bis 9 Salbeipflanzen pro Quadratmeter setzen; w\u00e4hlen Sie einen gr\u00f6\u00dferen Topf, erhalten Sie eine Pflanze mit einem kr\u00e4ftigeren Wurzelballen, die bereits besser entwickelt ist.<\/p>\n<h2><span style=\"font-weight: 400;\">Standort Salvia nemorosa Cardadonna Pink oder Salbei<\/span><\/h2>\n<p><span style=\"font-weight: 400;\">Salvia nemorosa &#039;Caradonna Pink&#039; bevorzugt einen sonnigen oder halbschattigen Standort. Diese Staude gedeiht in leicht feuchtem Boden. Der Boden muss gut durchl\u00e4ssig sein, damit \u00fcbersch\u00fcssiges Wasser abflie\u00dfen kann.\u00a0<\/span><\/p>\n<h3><span style=\"font-weight: 400;\">F\u00fctterung und D\u00fcngung<\/span><span style=\"font-weight: 400;\"> von Salvia nemorosa<\/span><\/h3>\n<p><span style=\"font-weight: 400;\">Nach der Frostperiode k\u00f6nnen Sie ihr im zeitigen Fr\u00fchjahr etwas organischen D\u00fcnger geben.\u00a0<\/span><\/p>\n<h3><span style=\"font-weight: 400;\">Wasser <\/span><span style=\"font-weight: 400;\">Einen Salbei schenken<\/span><\/h3>\n<p><span style=\"font-weight: 400;\">Salvia nemorosa Caradonna Pink sollte in warmen Perioden gegossen werden; achten Sie darauf, dass der Boden leicht feucht bleibt.<\/span><\/p>\n<h2><span style=\"font-weight: 400;\">Fragen zu Salvia nemorosa Cardonna Pink<\/span><span style=\"font-weight: 400;\">?<\/span><\/h2>\n<p><span style=\"font-weight: 400;\">Stellen Sie Ihre Frage online im Feld unten auf dieser Seite. Sie erhalten dann so schnell wie m\u00f6glich eine Antwort von dem Team von PlantBezorgd; erschwingliche Qualit\u00e4tspflanzen.<\/span><\/p>","protected":false},"excerpt":{"rendered":"<p>Salvia nemorosa Caradonna Pink of Salie De Salvia nemorosa Caradonna Pink luistert ook wel naar de naam Salie. Deze winterharde vaste plant bloeit 2 keer, de eerste keer in het voorjaar en de tweede keer in het najaar. De bloei van de Salvia Caradonna Pink is opgaand, inclusief de bloeiaren is de plant 50 centimeter [&hellip;]<\/p>","protected":false},"featured_media":44031,"comment_status":"open","ping_status":"closed","template":"","meta":{"_acf_changed":false,"iawp_total_views":633},"product_brand":[],"product_cat":[316,236,342,235],"product_tag":[439,1587,433],"class_list":{"0":"post-44016","1":"product","2":"type-product","3":"status-publish","4":"has-post-thumbnail","6":"product_cat-alle-categorieen","7":"product_cat-alle-tuinplanten","8":"product_cat-salvia-salie","9":"product_cat-vaste-planten","10":"product_tag-alle","11":"product_tag-local","12":"product_tag-tuin","13":"pa_aantal-per-m2-533","14":"pa_grondsoort-alle-grondsoorten-waterdoorlatend","15":"pa_verzorging-u-kunt-deze-struik-het-beste-na-de-bloei-terugsnoeien","16":"pa_voeding-organische-meststof","17":"pa_volgroeide-hoogte-in-cm-722","18":"pa_wintergroen-bladhoudend-nee","19":"pa_winterhardheid-meerjarig-goed","21":"first","22":"instock","23":"taxable","24":"shipping-taxable","25":"purchasable","26":"product-type-variable","27":"has-default-attributes"},"acf":[],"gallery_images":[1092],"yoast_head":"<!-- This site is optimized with the Yoast SEO plugin v25.3 - https:\/\/yoast.com\/wordpress\/plugins\/seo\/ -->\n<title>Salvia nemorosa Caradonna &#039;Pink Inspiration&#039; - Salie Online Kopen - PlantBezorgd<\/title>\n<meta name=\"description\" content=\"Op zoek naar de Salvia nemorosa Caradonna &#039;Pink Inspiration&#039; - Salie? \u2714 Lage verzendkosten \u2714 Kies je bezorgmoment &amp; locatie \u2714 Groeigarantie!\" \/>\n<meta name=\"robots\" content=\"index, follow, max-snippet:-1, max-image-preview:large, max-video-preview:-1\" \/>\n<link rel=\"canonical\" href=\"https:\/\/plantbezorgd.nl\/de\/produkt\/stauden-2\/salvia-nemorosa-caradonna-rosa-salbei\/\" \/>\n<meta property=\"og:locale\" content=\"de_DE\" \/>\n<meta property=\"og:type\" content=\"article\" \/>\n<meta property=\"og:title\" content=\"Salvia nemorosa Caradonna &#039;Pink Inspiration&#039; - Salie Online Kopen - PlantBezorgd\" \/>\n<meta property=\"og:description\" content=\"Op zoek naar de Salvia nemorosa Caradonna &#039;Pink Inspiration&#039; - Salie? \u2714 Lage verzendkosten \u2714 Kies je bezorgmoment &amp; locatie \u2714 Groeigarantie!\" \/>\n<meta property=\"og:url\" content=\"https:\/\/plantbezorgd.nl\/de\/produkt\/stauden-2\/salvia-nemorosa-caradonna-rosa-salbei\/\" \/>\n<meta property=\"og:site_name\" content=\"PlantBezorgd\" \/>\n<meta property=\"article:modified_time\" content=\"2026-04-16T02:32:20+00:00\" \/>\n<meta property=\"og:image\" content=\"https:\/\/plantbezorgd.nl\/wp-content\/uploads\/2023\/10\/Salvia-nemorosa-Caradonna-Pink-Salie.jpg\" \/>\n\t<meta property=\"og:image:width\" content=\"819\" \/>\n\t<meta property=\"og:image:height\" content=\"1024\" \/>\n\t<meta property=\"og:image:type\" content=\"image\/jpeg\" \/>\n<meta name=\"twitter:card\" content=\"summary_large_image\" \/>\n<meta name=\"twitter:label1\" content=\"Gesch\u00e4tzte Lesezeit\" \/>\n\t<meta name=\"twitter:data1\" content=\"3\u00a0Minuten\" \/>\n<script type=\"application\/ld+json\" class=\"yoast-schema-graph\">{\"@context\":\"https:\/\/schema.org\",\"@graph\":[{\"@type\":\"WebPage\",\"@id\":\"https:\/\/plantbezorgd.nl\/product\/vaste-planten\/salvia-nemorosa-caradonna-pink-salie\/\",\"url\":\"https:\/\/plantbezorgd.nl\/product\/vaste-planten\/salvia-nemorosa-caradonna-pink-salie\/\",\"name\":\"Salvia nemorosa Caradonna 'Pink Inspiration' - Salie Online Kopen - PlantBezorgd\",\"isPartOf\":{\"@id\":\"https:\/\/plantbezorgd.nl\/#website\"},\"primaryImageOfPage\":{\"@id\":\"https:\/\/plantbezorgd.nl\/product\/vaste-planten\/salvia-nemorosa-caradonna-pink-salie\/#primaryimage\"},\"image\":{\"@id\":\"https:\/\/plantbezorgd.nl\/product\/vaste-planten\/salvia-nemorosa-caradonna-pink-salie\/#primaryimage\"},\"thumbnailUrl\":\"https:\/\/plantbezorgd.nl\/wp-content\/uploads\/2023\/10\/Salvia-nemorosa-Caradonna-Pink-Salie.jpg\",\"datePublished\":\"2023-10-10T19:59:29+00:00\",\"dateModified\":\"2026-04-16T02:32:20+00:00\",\"description\":\"Op zoek naar de Salvia nemorosa Caradonna 'Pink Inspiration' - Salie? \u2714 Lage verzendkosten \u2714 Kies je bezorgmoment & locatie \u2714 Groeigarantie!\",\"breadcrumb\":{\"@id\":\"https:\/\/plantbezorgd.nl\/product\/vaste-planten\/salvia-nemorosa-caradonna-pink-salie\/#breadcrumb\"},\"inLanguage\":\"de\",\"potentialAction\":[{\"@type\":\"ReadAction\",\"target\":[\"https:\/\/plantbezorgd.nl\/product\/vaste-planten\/salvia-nemorosa-caradonna-pink-salie\/\"]}]},{\"@type\":\"ImageObject\",\"inLanguage\":\"de\",\"@id\":\"https:\/\/plantbezorgd.nl\/product\/vaste-planten\/salvia-nemorosa-caradonna-pink-salie\/#primaryimage\",\"url\":\"https:\/\/plantbezorgd.nl\/wp-content\/uploads\/2023\/10\/Salvia-nemorosa-Caradonna-Pink-Salie.jpg\",\"contentUrl\":\"https:\/\/plantbezorgd.nl\/wp-content\/uploads\/2023\/10\/Salvia-nemorosa-Caradonna-Pink-Salie.jpg\",\"width\":819,\"height\":1024,\"caption\":\"Salvia nemorosa Caradonna Pink\"},{\"@type\":\"BreadcrumbList\",\"@id\":\"https:\/\/plantbezorgd.nl\/product\/vaste-planten\/salvia-nemorosa-caradonna-pink-salie\/#breadcrumb\",\"itemListElement\":[{\"@type\":\"ListItem\",\"position\":1,\"name\":\"Shop\",\"item\":\"https:\/\/plantbezorgd.nl\/shop\/\"},{\"@type\":\"ListItem\",\"position\":2,\"name\":\"Salvia \/ Salie\",\"item\":\"https:\/\/plantbezorgd.nl\/product-categorie\/salvia-salie\/\"},{\"@type\":\"ListItem\",\"position\":3,\"name\":\"Salvia nemorosa Caradonna &#8216;Pink Inspiration&#8217; &#8211; Salie\"}]},{\"@type\":\"WebSite\",\"@id\":\"https:\/\/plantbezorgd.nl\/#website\",\"url\":\"https:\/\/plantbezorgd.nl\/\",\"name\":\"PlantBezorgd\",\"description\":\"Betaalbare kwaliteitsplanten thuisbezorgd!\",\"publisher\":{\"@id\":\"https:\/\/plantbezorgd.nl\/#organization\"},\"potentialAction\":[{\"@type\":\"SearchAction\",\"target\":{\"@type\":\"EntryPoint\",\"urlTemplate\":\"https:\/\/plantbezorgd.nl\/?s={search_term_string}\"},\"query-input\":{\"@type\":\"PropertyValueSpecification\",\"valueRequired\":true,\"valueName\":\"search_term_string\"}}],\"inLanguage\":\"de\"},{\"@type\":\"Organization\",\"@id\":\"https:\/\/plantbezorgd.nl\/#organization\",\"name\":\"PlantBezorgd\",\"url\":\"https:\/\/plantbezorgd.nl\/\",\"logo\":{\"@type\":\"ImageObject\",\"inLanguage\":\"de\",\"@id\":\"https:\/\/plantbezorgd.nl\/#\/schema\/logo\/image\/\",\"url\":\"https:\/\/plantbezorgd.nl\/wp-content\/uploads\/2023\/05\/Logo.svg\",\"contentUrl\":\"https:\/\/plantbezorgd.nl\/wp-content\/uploads\/2023\/05\/Logo.svg\",\"caption\":\"PlantBezorgd\"},\"image\":{\"@id\":\"https:\/\/plantbezorgd.nl\/#\/schema\/logo\/image\/\"}}]}<\/script>\n<!-- \/ Yoast SEO plugin. -->","yoast_head_json":{"title":"Salvia nemorosa Caradonna &#039;Pink Inspiration&#039; - Salbei online kaufen - PlantBezorgd","description":"Suchen Sie Salvia nemorosa Caradonna &#039;Pink Inspiration&#039; \u2013 Salbei? \u2714 Niedrige Versandkosten \u2714 Lieferzeit und -ort frei w\u00e4hlbar \u2714 Wachstumsgarantie!","robots":{"index":"index","follow":"follow","max-snippet":"max-snippet:-1","max-image-preview":"max-image-preview:large","max-video-preview":"max-video-preview:-1"},"canonical":"https:\/\/plantbezorgd.nl\/de\/produkt\/stauden-2\/salvia-nemorosa-caradonna-rosa-salbei\/","og_locale":"de_DE","og_type":"article","og_title":"Salvia nemorosa Caradonna 'Pink Inspiration' - Salie Online Kopen - PlantBezorgd","og_description":"Op zoek naar de Salvia nemorosa Caradonna 'Pink Inspiration' - Salie? \u2714 Lage verzendkosten \u2714 Kies je bezorgmoment & locatie \u2714 Groeigarantie!","og_url":"https:\/\/plantbezorgd.nl\/de\/produkt\/stauden-2\/salvia-nemorosa-caradonna-rosa-salbei\/","og_site_name":"PlantBezorgd","article_modified_time":"2026-04-16T02:32:20+00:00","og_image":[{"width":819,"height":1024,"url":"https:\/\/plantbezorgd.nl\/wp-content\/uploads\/2023\/10\/Salvia-nemorosa-Caradonna-Pink-Salie.jpg","type":"image\/jpeg"}],"twitter_card":"summary_large_image","twitter_misc":{"Gesch\u00e4tzte Lesezeit":"3\u00a0Minuten"},"schema":{"@context":"https:\/\/schema.org","@graph":[{"@type":"WebPage","@id":"https:\/\/plantbezorgd.nl\/product\/vaste-planten\/salvia-nemorosa-caradonna-pink-salie\/","url":"https:\/\/plantbezorgd.nl\/product\/vaste-planten\/salvia-nemorosa-caradonna-pink-salie\/","name":"Salvia nemorosa Caradonna &#039;Pink Inspiration&#039; - Salbei online kaufen - PlantBezorgd","isPartOf":{"@id":"https:\/\/plantbezorgd.nl\/#website"},"primaryImageOfPage":{"@id":"https:\/\/plantbezorgd.nl\/product\/vaste-planten\/salvia-nemorosa-caradonna-pink-salie\/#primaryimage"},"image":{"@id":"https:\/\/plantbezorgd.nl\/product\/vaste-planten\/salvia-nemorosa-caradonna-pink-salie\/#primaryimage"},"thumbnailUrl":"https:\/\/plantbezorgd.nl\/wp-content\/uploads\/2023\/10\/Salvia-nemorosa-Caradonna-Pink-Salie.jpg","datePublished":"2023-10-10T19:59:29+00:00","dateModified":"2026-04-16T02:32:20+00:00","description":"Suchen Sie Salvia nemorosa Caradonna &#039;Pink Inspiration&#039; \u2013 Salbei? \u2714 Niedrige Versandkosten \u2714 Lieferzeit und -ort frei w\u00e4hlbar \u2714 Wachstumsgarantie!","breadcrumb":{"@id":"https:\/\/plantbezorgd.nl\/product\/vaste-planten\/salvia-nemorosa-caradonna-pink-salie\/#breadcrumb"},"inLanguage":"de","potentialAction":[{"@type":"ReadAction","target":["https:\/\/plantbezorgd.nl\/product\/vaste-planten\/salvia-nemorosa-caradonna-pink-salie\/"]}]},{"@type":"ImageObject","inLanguage":"de","@id":"https:\/\/plantbezorgd.nl\/product\/vaste-planten\/salvia-nemorosa-caradonna-pink-salie\/#primaryimage","url":"https:\/\/plantbezorgd.nl\/wp-content\/uploads\/2023\/10\/Salvia-nemorosa-Caradonna-Pink-Salie.jpg","contentUrl":"https:\/\/plantbezorgd.nl\/wp-content\/uploads\/2023\/10\/Salvia-nemorosa-Caradonna-Pink-Salie.jpg","width":819,"height":1024,"caption":"Salvia nemorosa Caradonna Pink"},{"@type":"BreadcrumbList","@id":"https:\/\/plantbezorgd.nl\/product\/vaste-planten\/salvia-nemorosa-caradonna-pink-salie\/#breadcrumb","itemListElement":[{"@type":"ListItem","position":1,"name":"Shop","item":"https:\/\/plantbezorgd.nl\/shop\/"},{"@type":"ListItem","position":2,"name":"Salvia \/ Salie","item":"https:\/\/plantbezorgd.nl\/product-categorie\/salvia-salie\/"},{"@type":"ListItem","position":3,"name":"Salvia nemorosa Caradonna &#8216;Pink Inspiration&#8217; &#8211; Salie"}]},{"@type":"WebSite","@id":"https:\/\/plantbezorgd.nl\/#website","url":"https:\/\/plantbezorgd.nl\/","name":"PflanzenGeliefert","description":"Erschwingliche Qualit\u00e4tspflanzen direkt zu Ihnen nach Hause geliefert!","publisher":{"@id":"https:\/\/plantbezorgd.nl\/#organization"},"potentialAction":[{"@type":"SearchAction","target":{"@type":"EntryPoint","urlTemplate":"https:\/\/plantbezorgd.nl\/?s={search_term_string}"},"query-input":{"@type":"PropertyValueSpecification","valueRequired":true,"valueName":"search_term_string"}}],"inLanguage":"de"},{"@type":"Organization","@id":"https:\/\/plantbezorgd.nl\/#organization","name":"PflanzenGeliefert","url":"https:\/\/plantbezorgd.nl\/","logo":{"@type":"ImageObject","inLanguage":"de","@id":"https:\/\/plantbezorgd.nl\/#\/schema\/logo\/image\/","url":"https:\/\/plantbezorgd.nl\/wp-content\/uploads\/2023\/05\/Logo.svg","contentUrl":"https:\/\/plantbezorgd.nl\/wp-content\/uploads\/2023\/05\/Logo.svg","caption":"PlantBezorgd"},"image":{"@id":"https:\/\/plantbezorgd.nl\/#\/schema\/logo\/image\/"}}]}},"_links":{"self":[{"href":"https:\/\/plantbezorgd.nl\/de\/wp-json\/wp\/v2\/product\/44016","targetHints":{"allow":["GET"]}}],"collection":[{"href":"https:\/\/plantbezorgd.nl\/de\/wp-json\/wp\/v2\/product"}],"about":[{"href":"https:\/\/plantbezorgd.nl\/de\/wp-json\/wp\/v2\/types\/product"}],"replies":[{"embeddable":true,"href":"https:\/\/plantbezorgd.nl\/de\/wp-json\/wp\/v2\/comments?post=44016"}],"wp:featuredmedia":[{"embeddable":true,"href":"https:\/\/plantbezorgd.nl\/de\/wp-json\/wp\/v2\/media\/44031"}],"wp:attachment":[{"href":"https:\/\/plantbezorgd.nl\/de\/wp-json\/wp\/v2\/media?parent=44016"}],"wp:term":[{"taxonomy":"product_brand","embeddable":true,"href":"https:\/\/plantbezorgd.nl\/de\/wp-json\/wp\/v2\/product_brand?post=44016"},{"taxonomy":"product_cat","embeddable":true,"href":"https:\/\/plantbezorgd.nl\/de\/wp-json\/wp\/v2\/product_cat?post=44016"},{"taxonomy":"product_tag","embeddable":true,"href":"https:\/\/plantbezorgd.nl\/de\/wp-json\/wp\/v2\/product_tag?post=44016"}],"curies":[{"name":"wp","href":"https:\/\/api.w.org\/{rel}","templated":true}]}}