{"id":4312,"date":"2023-04-16T07:09:21","date_gmt":"2023-04-16T05:09:21","guid":{"rendered":"https:\/\/plantbezorgd.s01.klik3.dev\/product\/uncategorized\/prunus-laurocerasus-rotundifolia-laurierkers\/"},"modified":"2026-04-16T04:33:18","modified_gmt":"2026-04-16T02:33:18","slug":"prunus-laurocerasus-rotundifolia-kirschlorbeer-2","status":"publish","type":"product","link":"https:\/\/plantbezorgd.nl\/de\/produkt\/alle-heckenpflanzen-2\/prunus-laurocerasus-rotundifolia-kirschlorbeer-2\/","title":{"rendered":"Prunus laurocerasus Rotundifolia  &#8211;  Laurierkers"},"content":{"rendered":"<p>Die Kirschlorbeere &#039;Rotundifolia&#039; (Prunus laurocerasus &#039;Rotundifolia&#039;) ist die am h\u00e4ufigsten gepflanzte Kirschlorbeerart in den Niederlanden und eine der beliebtesten Heckenpflanzen \u00fcberhaupt. Dieser schnellw\u00fcchsige, immergr\u00fcne Strauch bildet eine dichte, undurchdringliche Hecke mit gro\u00dfen, gl\u00e4nzenden, dunkelgr\u00fcnen Bl\u00e4ttern. Mit einer m\u00f6glichen H\u00f6he von bis zu 5 Metern eignet sich &#039;Rotundifolia&#039; sowohl f\u00fcr mittelhohe als auch f\u00fcr hohe Hecken, die schnell dicht wachsen und das ganze Jahr \u00fcber ein gr\u00fcnes, gepflegtes Erscheinungsbild bieten.<\/p>\n<p>Die Beliebtheit der Rotundifolia (Prunus rotundifolia) ist nicht unbegr\u00fcndet. Die Pflanze w\u00e4chst schnell, ist au\u00dfergew\u00f6hnlich robust und ben\u00f6tigt wenig Erde oder Standort. Im Mai und Juni erscheinen wundersch\u00f6ne, aufrechte wei\u00dfe Bl\u00fctenst\u00e4nde, die Bienen und andere Best\u00e4uber anlocken. Ein besonderer Vorteil: Die Rotundifolia gibt eine Substanz ab, die M\u00fccken und andere Insekten fernh\u00e4lt, ohne f\u00fcr Menschen oder Haustiere sch\u00e4dlich zu sein. Dadurch ist sie nicht nur eine gr\u00fcne Wand, sondern auch ein nat\u00fcrliches Insektenschutzmittel.<\/p>\n<p><strong>Was macht die Prunus laurocerasus &#039;Rotundifolia&#039; so besonders?<\/strong><\/p>\n<p>Das markanteste Merkmal von Rotundifolia sind die gro\u00dfen, breiten, runden Bl\u00e4tter, die dieser Sorte ihren Namen geben. Die Bl\u00e4tter sind gr\u00f6\u00dfer als die schmalbl\u00e4ttriger Sorten wie Herbergii oder Genolia und verleihen der Hecke ein \u00fcppiges, dichtes Aussehen. Dank ihres schnellen Wachstums ist eine neu angelegte Hecke innerhalb weniger Jahre dicht und hoch. Elegante wei\u00dfe Bl\u00fctenst\u00e4nde erscheinen im Mai und Juni, gefolgt von fast schwarzen Steinfr\u00fcchten im August, die bei V\u00f6geln sehr beliebt sind. Hinweis: Alle Pflanzenteile au\u00dfer dem roten Fruchtfleisch sind giftig.<\/p>\n<p><strong>Stand und Boden<\/strong><\/p>\n<p>Die Rotundifolia gedeiht gut in voller Sonne, im Halbschatten und im Schatten, bevorzugt aber den Halbschatten. Die Pflanze bevorzugt normale, verbesserte Gartenerde und stellt wenige weitere Anspr\u00fcche. Ein fruchtbarer, gut durchl\u00e4ssiger Boden f\u00f6rdert das Wachstum, aber die Rotundifolia kommt auch mit weniger n\u00e4hrstoffreichen B\u00f6den zurecht.<\/p>\n<p><strong>Bew\u00e4sserung und Pflege<\/strong><\/p>\n<p>Regelm\u00e4\u00dfiges Gie\u00dfen ist in den ersten Wochen nach dem Einpflanzen wichtig. Ist die Rotundifolia erst einmal angewachsen, kommt sie bemerkenswert gut ohne zus\u00e4tzliches Gie\u00dfen aus. Nur bei l\u00e4ngeren Trockenperioden ist zus\u00e4tzliches Gie\u00dfen ratsam. Eine j\u00e4hrliche D\u00fcngung im Fr\u00fchjahr f\u00f6rdert ein kr\u00e4ftiges Wachstum und sorgt f\u00fcr gesundes, gr\u00fcnes Laub. Dank ihrer Robustheit ben\u00f6tigt die Pflanze kaum weitere Pflege.<\/p>\n<p><strong>Baumschnitt und Pflege<\/strong><\/p>\n<p>Aufgrund ihres schnellen Wachstums ben\u00f6tigt die Rotundifolia zwei bis drei Schnitte pro Jahr, um eine gepflegte Hecke zu erhalten. Der erste Schnitt kann nach der Bl\u00fcte im Juni erfolgen, weitere im Sommer und Fr\u00fchherbst. Eine Gartenschere ist empfehlenswert: Heckenscheren halbieren die gro\u00dfen Bl\u00e4tter und verursachen braune R\u00e4nder. Die Pflanze vertr\u00e4gt einen starken R\u00fcckschnitt und bl\u00fcht danach schnell wieder.<\/p>\n<p><strong>Widerstandsf\u00e4higkeit<\/strong><\/p>\n<p>Die Rotbl\u00e4ttrige Prunus rotundifolia ist sehr winterhart und beh\u00e4lt ihr gr\u00fcnes Laub das ganze Jahr \u00fcber. Die Pflanze gedeiht in den meisten niederl\u00e4ndischen Wintern gut. Bei besonders strengem und anhaltendem Frost kann es gelegentlich zu etwas Blattverlust kommen, aber die Pflanze erholt sich im Fr\u00fchjahr schnell und kr\u00e4ftig.<\/p>\n<p><strong>Verwendung im Garten<\/strong><\/p>\n<p>Die Rotundifolia ist die ideale Wahl f\u00fcr alle, die schnell eine dichte, gr\u00fcne Hecke w\u00fcnschen. F\u00fcr eine einfache Hecke pflanzen Sie vier Pflanzen pro laufenden Meter aus einem C3-Topf oder drei aus einem C5-Topf. F\u00fcr eine besonders breite, blickdichte Hecke pflanzen Sie zwei Reihen in Dreiecksform. Die Rotundifolia eignet sich auch als Solit\u00e4rstrauch, Windschutz oder als gr\u00fcner Hintergrund in einem gr\u00f6\u00dferen Beet. F\u00fcr gr\u00f6\u00dfere Projekte sind ab Mitte Oktober auch wurzelnackte Sorten erh\u00e4ltlich.<\/p>\n<p><strong>Verf\u00fcgbare Gr\u00f6\u00dfen und Wachstumsmerkmale<\/strong><\/p>\n<p>Die Rotdorn-Sorte Prunus laurocerasus &#039;Rotundifolia&#039; ist in verschiedenen Topfgr\u00f6\u00dfen und ab Herbst auch als wurzelnackte Pflanze erh\u00e4ltlich. Sie w\u00e4chst schnell und kann eine H\u00f6he von etwa 5 Metern erreichen. Die ben\u00f6tigte Pflanzenanzahl pro laufendem Meter h\u00e4ngt von der gew\u00e4hlten Gr\u00f6\u00dfe ab. Wurzelnackte Pflanzen sind ab 25 St\u00fcck erh\u00e4ltlich und werden feldfrisch geliefert.<\/p>\n<p><strong>H\u00e4ufig gestellte Fragen<\/strong><\/p>\n<ul>\n<li><em>Wie schnell w\u00e4chst die Prunus Rotundifolia?<\/em><br \/>Die Rotundifolia w\u00e4chst schnell und kann unter guten Bedingungen 40 bis 60 cm pro Jahr zulegen. Dadurch kann eine neue Hecke innerhalb weniger Jahre dicht werden.<\/li>\n<li><em>Ist die Rotundifolia giftig?<\/em><br \/>Ja, alle Pflanzenteile sind giftig, au\u00dfer dem roten Fruchtfleisch. Bitte beachten Sie dies bei der Verwendung in der N\u00e4he von Kleinkindern und Haustieren.<\/li>\n<li><em>Worin besteht der Unterschied zwischen Rotundifolia und Herbergii?<\/em><br \/>Die Rotundifolia hat gr\u00f6\u00dfere, breitere Bl\u00e4tter und w\u00e4chst schneller. Die Herbergii hat schmalere, l\u00e4nglichere Bl\u00e4tter und wirkt etwas eleganter. Beide eignen sich hervorragend als Heckenpflanzen.<\/li>\n<li><em>H\u00e4lt die Rotundifolia M\u00fccken fern?<\/em><br \/>Ja, Prunus laurocerasus setzt eine Substanz frei, die M\u00fccken und andere Insekten abwehrt. Diese ist weder f\u00fcr Menschen noch f\u00fcr Haustiere sch\u00e4dlich.<\/li>\n<li><em>Kann ich die Rotundifolia mit nackten Wurzeln pflanzen?<\/em><br \/>Ja, wurzelnackte Sorten sind ab Mitte Oktober ab einer Mindestbestellmenge von 25 St\u00fcck erh\u00e4ltlich. Diese werden frisch vom Feld geliefert und sind eine preisg\u00fcnstige Option f\u00fcr gr\u00f6\u00dfere Hecken.<\/li>\n<\/ul>\n<p>Der Kirschlorbeer &#039;Rotundifolia&#039; (Prunus laurocerasus &#039;Rotundifolia&#039;) ist der unbestrittene Klassiker unter den Lorbeerhecken. Schnellw\u00fcchsig, dicht, immergr\u00fcn und robust, bildet dieser breitbl\u00e4ttrige Kirschlorbeer rasch eine imposante, jahrelang bl\u00fchende Hecke. Er ist der beliebteste Kirschlorbeer in den Niederlanden \u2013 und das aus gutem Grund.<\/p>","protected":false},"excerpt":{"rendered":"<p>De Prunus laurocerasus &#8216;Rotundifolia&#8217; is de meest geplante laurierkers van Nederland en een van de populairste haagplanten \u00fcberhaupt. Deze snelgroeiende, wintergroene heester vormt een dichte, ondoordringbare haag met groot, glanzend donkergroen blad. Met een potenti\u00eble hoogte tot wel 5 meter is de Rotundifolia geschikt voor zowel middelhoge als hoge hagen die snel dicht groeien en [&hellip;]<\/p>","protected":false},"featured_media":65375,"comment_status":"open","ping_status":"closed","template":"","meta":{"_acf_changed":false,"iawp_total_views":452},"product_brand":[],"product_cat":[1421,316,232,239],"product_tag":[439],"class_list":{"0":"post-4312","1":"product","2":"type-product","3":"status-publish","4":"has-post-thumbnail","6":"product_cat-prunus-laurierhaag","7":"product_cat-alle-categorieen","8":"product_cat-alle-haagplanten","9":"product_cat-overige-haagplanten","10":"product_tag-alle","11":"pa_aantal-per-m2-455","12":"pa_groei-per-jaar-40-50","13":"pa_grondsoort-alle-grondsoorten-waterdoorlatend","14":"pa_volgroeide-hoogte-in-cm-736","15":"pa_wintergroen-bladhoudend-ja","16":"pa_winterhardheid-meerjarig-goed","18":"first","19":"instock","20":"taxable","21":"shipping-taxable","22":"purchasable","23":"product-type-variable","24":"has-default-attributes"},"acf":[],"gallery_images":[],"yoast_head":"<!-- This site is optimized with the Yoast SEO plugin v25.3 - https:\/\/yoast.com\/wordpress\/plugins\/seo\/ -->\n<title>Prunus laurocerasus Rotundifolia - Laurierkers Online Kopen - PlantBezorgd<\/title>\n<meta name=\"description\" content=\"Op zoek naar de Prunus laurocerasus Rotundifolia - Laurierkers? \u2714 Lage verzendkosten \u2714 Kies je bezorgmoment &amp; locatie \u2714 Groeigarantie!\" \/>\n<meta name=\"robots\" content=\"index, follow, max-snippet:-1, max-image-preview:large, max-video-preview:-1\" \/>\n<link rel=\"canonical\" href=\"https:\/\/plantbezorgd.nl\/de\/produkt\/alle-heckenpflanzen-2\/prunus-laurocerasus-rotundifolia-kirschlorbeer-2\/\" \/>\n<meta property=\"og:locale\" content=\"de_DE\" \/>\n<meta property=\"og:type\" content=\"article\" \/>\n<meta property=\"og:title\" content=\"Prunus laurocerasus Rotundifolia - Laurierkers Online Kopen - PlantBezorgd\" \/>\n<meta property=\"og:description\" content=\"Op zoek naar de Prunus laurocerasus Rotundifolia - Laurierkers? \u2714 Lage verzendkosten \u2714 Kies je bezorgmoment &amp; locatie \u2714 Groeigarantie!\" \/>\n<meta property=\"og:url\" content=\"https:\/\/plantbezorgd.nl\/de\/produkt\/alle-heckenpflanzen-2\/prunus-laurocerasus-rotundifolia-kirschlorbeer-2\/\" \/>\n<meta property=\"og:site_name\" content=\"PlantBezorgd\" \/>\n<meta property=\"article:modified_time\" content=\"2026-04-16T02:33:18+00:00\" \/>\n<meta property=\"og:image\" content=\"https:\/\/plantbezorgd.nl\/wp-content\/uploads\/2023\/04\/Prunus-laurocerasus-Rotundifolia-Laurierkers.jpg\" \/>\n\t<meta property=\"og:image:width\" content=\"1024\" \/>\n\t<meta property=\"og:image:height\" content=\"789\" \/>\n\t<meta property=\"og:image:type\" content=\"image\/jpeg\" \/>\n<meta name=\"twitter:card\" content=\"summary_large_image\" \/>\n<meta name=\"twitter:label1\" content=\"Gesch\u00e4tzte Lesezeit\" \/>\n\t<meta name=\"twitter:data1\" content=\"2\u00a0Minuten\" \/>\n<script type=\"application\/ld+json\" class=\"yoast-schema-graph\">{\"@context\":\"https:\/\/schema.org\",\"@graph\":[{\"@type\":\"WebPage\",\"@id\":\"https:\/\/plantbezorgd.nl\/product\/alle-haagplanten\/prunus-laurocerasus-rotundifolia-laurierkers\/\",\"url\":\"https:\/\/plantbezorgd.nl\/product\/alle-haagplanten\/prunus-laurocerasus-rotundifolia-laurierkers\/\",\"name\":\"Prunus laurocerasus Rotundifolia - Laurierkers Online Kopen - PlantBezorgd\",\"isPartOf\":{\"@id\":\"https:\/\/plantbezorgd.nl\/#website\"},\"primaryImageOfPage\":{\"@id\":\"https:\/\/plantbezorgd.nl\/product\/alle-haagplanten\/prunus-laurocerasus-rotundifolia-laurierkers\/#primaryimage\"},\"image\":{\"@id\":\"https:\/\/plantbezorgd.nl\/product\/alle-haagplanten\/prunus-laurocerasus-rotundifolia-laurierkers\/#primaryimage\"},\"thumbnailUrl\":\"https:\/\/plantbezorgd.nl\/wp-content\/uploads\/2023\/04\/Prunus-laurocerasus-Rotundifolia-Laurierkers.jpg\",\"datePublished\":\"2023-04-16T05:09:21+00:00\",\"dateModified\":\"2026-04-16T02:33:18+00:00\",\"description\":\"Op zoek naar de Prunus laurocerasus Rotundifolia - Laurierkers? \u2714 Lage verzendkosten \u2714 Kies je bezorgmoment & locatie \u2714 Groeigarantie!\",\"breadcrumb\":{\"@id\":\"https:\/\/plantbezorgd.nl\/product\/alle-haagplanten\/prunus-laurocerasus-rotundifolia-laurierkers\/#breadcrumb\"},\"inLanguage\":\"de\",\"potentialAction\":[{\"@type\":\"ReadAction\",\"target\":[\"https:\/\/plantbezorgd.nl\/product\/alle-haagplanten\/prunus-laurocerasus-rotundifolia-laurierkers\/\"]}]},{\"@type\":\"ImageObject\",\"inLanguage\":\"de\",\"@id\":\"https:\/\/plantbezorgd.nl\/product\/alle-haagplanten\/prunus-laurocerasus-rotundifolia-laurierkers\/#primaryimage\",\"url\":\"https:\/\/plantbezorgd.nl\/wp-content\/uploads\/2023\/04\/Prunus-laurocerasus-Rotundifolia-Laurierkers.jpg\",\"contentUrl\":\"https:\/\/plantbezorgd.nl\/wp-content\/uploads\/2023\/04\/Prunus-laurocerasus-Rotundifolia-Laurierkers.jpg\",\"width\":1024,\"height\":789},{\"@type\":\"BreadcrumbList\",\"@id\":\"https:\/\/plantbezorgd.nl\/product\/alle-haagplanten\/prunus-laurocerasus-rotundifolia-laurierkers\/#breadcrumb\",\"itemListElement\":[{\"@type\":\"ListItem\",\"position\":1,\"name\":\"Shop\",\"item\":\"https:\/\/plantbezorgd.nl\/shop\/\"},{\"@type\":\"ListItem\",\"position\":2,\"name\":\"Prunus - Laurierhaag\",\"item\":\"https:\/\/plantbezorgd.nl\/product-categorie\/prunus-laurierhaag\/\"},{\"@type\":\"ListItem\",\"position\":3,\"name\":\"Prunus laurocerasus Rotundifolia &#8211; Laurierkers\"}]},{\"@type\":\"WebSite\",\"@id\":\"https:\/\/plantbezorgd.nl\/#website\",\"url\":\"https:\/\/plantbezorgd.nl\/\",\"name\":\"PlantBezorgd\",\"description\":\"Betaalbare kwaliteitsplanten thuisbezorgd!\",\"publisher\":{\"@id\":\"https:\/\/plantbezorgd.nl\/#organization\"},\"potentialAction\":[{\"@type\":\"SearchAction\",\"target\":{\"@type\":\"EntryPoint\",\"urlTemplate\":\"https:\/\/plantbezorgd.nl\/?s={search_term_string}\"},\"query-input\":{\"@type\":\"PropertyValueSpecification\",\"valueRequired\":true,\"valueName\":\"search_term_string\"}}],\"inLanguage\":\"de\"},{\"@type\":\"Organization\",\"@id\":\"https:\/\/plantbezorgd.nl\/#organization\",\"name\":\"PlantBezorgd\",\"url\":\"https:\/\/plantbezorgd.nl\/\",\"logo\":{\"@type\":\"ImageObject\",\"inLanguage\":\"de\",\"@id\":\"https:\/\/plantbezorgd.nl\/#\/schema\/logo\/image\/\",\"url\":\"https:\/\/plantbezorgd.nl\/wp-content\/uploads\/2023\/05\/Logo.svg\",\"contentUrl\":\"https:\/\/plantbezorgd.nl\/wp-content\/uploads\/2023\/05\/Logo.svg\",\"caption\":\"PlantBezorgd\"},\"image\":{\"@id\":\"https:\/\/plantbezorgd.nl\/#\/schema\/logo\/image\/\"}}]}<\/script>\n<!-- \/ Yoast SEO plugin. -->","yoast_head_json":{"title":"Prunus laurocerasus Rotundifolia - Lorbeer online kaufen - PlantBezorgd","description":"Suchen Sie nach Prunus laurocerasus Rotundifolia - Lorbeer? \u2714 Niedrige Versandkosten \u2714 W\u00e4hlen Sie Ihren Liefertermin und -ort \u2714 Wachstumsgarantie!","robots":{"index":"index","follow":"follow","max-snippet":"max-snippet:-1","max-image-preview":"max-image-preview:large","max-video-preview":"max-video-preview:-1"},"canonical":"https:\/\/plantbezorgd.nl\/de\/produkt\/alle-heckenpflanzen-2\/prunus-laurocerasus-rotundifolia-kirschlorbeer-2\/","og_locale":"de_DE","og_type":"article","og_title":"Prunus laurocerasus Rotundifolia - Laurierkers Online Kopen - PlantBezorgd","og_description":"Op zoek naar de Prunus laurocerasus Rotundifolia - Laurierkers? \u2714 Lage verzendkosten \u2714 Kies je bezorgmoment & locatie \u2714 Groeigarantie!","og_url":"https:\/\/plantbezorgd.nl\/de\/produkt\/alle-heckenpflanzen-2\/prunus-laurocerasus-rotundifolia-kirschlorbeer-2\/","og_site_name":"PlantBezorgd","article_modified_time":"2026-04-16T02:33:18+00:00","og_image":[{"width":1024,"height":789,"url":"https:\/\/plantbezorgd.nl\/wp-content\/uploads\/2023\/04\/Prunus-laurocerasus-Rotundifolia-Laurierkers.jpg","type":"image\/jpeg"}],"twitter_card":"summary_large_image","twitter_misc":{"Gesch\u00e4tzte Lesezeit":"2\u00a0Minuten"},"schema":{"@context":"https:\/\/schema.org","@graph":[{"@type":"WebPage","@id":"https:\/\/plantbezorgd.nl\/product\/alle-haagplanten\/prunus-laurocerasus-rotundifolia-laurierkers\/","url":"https:\/\/plantbezorgd.nl\/product\/alle-haagplanten\/prunus-laurocerasus-rotundifolia-laurierkers\/","name":"Prunus laurocerasus Rotundifolia - Lorbeer online kaufen - PlantBezorgd","isPartOf":{"@id":"https:\/\/plantbezorgd.nl\/#website"},"primaryImageOfPage":{"@id":"https:\/\/plantbezorgd.nl\/product\/alle-haagplanten\/prunus-laurocerasus-rotundifolia-laurierkers\/#primaryimage"},"image":{"@id":"https:\/\/plantbezorgd.nl\/product\/alle-haagplanten\/prunus-laurocerasus-rotundifolia-laurierkers\/#primaryimage"},"thumbnailUrl":"https:\/\/plantbezorgd.nl\/wp-content\/uploads\/2023\/04\/Prunus-laurocerasus-Rotundifolia-Laurierkers.jpg","datePublished":"2023-04-16T05:09:21+00:00","dateModified":"2026-04-16T02:33:18+00:00","description":"Suchen Sie nach Prunus laurocerasus Rotundifolia - Lorbeer? \u2714 Niedrige Versandkosten \u2714 W\u00e4hlen Sie Ihren Liefertermin und -ort \u2714 Wachstumsgarantie!","breadcrumb":{"@id":"https:\/\/plantbezorgd.nl\/product\/alle-haagplanten\/prunus-laurocerasus-rotundifolia-laurierkers\/#breadcrumb"},"inLanguage":"de","potentialAction":[{"@type":"ReadAction","target":["https:\/\/plantbezorgd.nl\/product\/alle-haagplanten\/prunus-laurocerasus-rotundifolia-laurierkers\/"]}]},{"@type":"ImageObject","inLanguage":"de","@id":"https:\/\/plantbezorgd.nl\/product\/alle-haagplanten\/prunus-laurocerasus-rotundifolia-laurierkers\/#primaryimage","url":"https:\/\/plantbezorgd.nl\/wp-content\/uploads\/2023\/04\/Prunus-laurocerasus-Rotundifolia-Laurierkers.jpg","contentUrl":"https:\/\/plantbezorgd.nl\/wp-content\/uploads\/2023\/04\/Prunus-laurocerasus-Rotundifolia-Laurierkers.jpg","width":1024,"height":789},{"@type":"BreadcrumbList","@id":"https:\/\/plantbezorgd.nl\/product\/alle-haagplanten\/prunus-laurocerasus-rotundifolia-laurierkers\/#breadcrumb","itemListElement":[{"@type":"ListItem","position":1,"name":"Shop","item":"https:\/\/plantbezorgd.nl\/shop\/"},{"@type":"ListItem","position":2,"name":"Prunus - Laurierhaag","item":"https:\/\/plantbezorgd.nl\/product-categorie\/prunus-laurierhaag\/"},{"@type":"ListItem","position":3,"name":"Prunus laurocerasus Rotundifolia &#8211; Laurierkers"}]},{"@type":"WebSite","@id":"https:\/\/plantbezorgd.nl\/#website","url":"https:\/\/plantbezorgd.nl\/","name":"PflanzenGeliefert","description":"Erschwingliche Qualit\u00e4tspflanzen direkt zu Ihnen nach Hause geliefert!","publisher":{"@id":"https:\/\/plantbezorgd.nl\/#organization"},"potentialAction":[{"@type":"SearchAction","target":{"@type":"EntryPoint","urlTemplate":"https:\/\/plantbezorgd.nl\/?s={search_term_string}"},"query-input":{"@type":"PropertyValueSpecification","valueRequired":true,"valueName":"search_term_string"}}],"inLanguage":"de"},{"@type":"Organization","@id":"https:\/\/plantbezorgd.nl\/#organization","name":"PflanzenGeliefert","url":"https:\/\/plantbezorgd.nl\/","logo":{"@type":"ImageObject","inLanguage":"de","@id":"https:\/\/plantbezorgd.nl\/#\/schema\/logo\/image\/","url":"https:\/\/plantbezorgd.nl\/wp-content\/uploads\/2023\/05\/Logo.svg","contentUrl":"https:\/\/plantbezorgd.nl\/wp-content\/uploads\/2023\/05\/Logo.svg","caption":"PlantBezorgd"},"image":{"@id":"https:\/\/plantbezorgd.nl\/#\/schema\/logo\/image\/"}}]}},"_links":{"self":[{"href":"https:\/\/plantbezorgd.nl\/de\/wp-json\/wp\/v2\/product\/4312","targetHints":{"allow":["GET"]}}],"collection":[{"href":"https:\/\/plantbezorgd.nl\/de\/wp-json\/wp\/v2\/product"}],"about":[{"href":"https:\/\/plantbezorgd.nl\/de\/wp-json\/wp\/v2\/types\/product"}],"replies":[{"embeddable":true,"href":"https:\/\/plantbezorgd.nl\/de\/wp-json\/wp\/v2\/comments?post=4312"}],"wp:featuredmedia":[{"embeddable":true,"href":"https:\/\/plantbezorgd.nl\/de\/wp-json\/wp\/v2\/media\/65375"}],"wp:attachment":[{"href":"https:\/\/plantbezorgd.nl\/de\/wp-json\/wp\/v2\/media?parent=4312"}],"wp:term":[{"taxonomy":"product_brand","embeddable":true,"href":"https:\/\/plantbezorgd.nl\/de\/wp-json\/wp\/v2\/product_brand?post=4312"},{"taxonomy":"product_cat","embeddable":true,"href":"https:\/\/plantbezorgd.nl\/de\/wp-json\/wp\/v2\/product_cat?post=4312"},{"taxonomy":"product_tag","embeddable":true,"href":"https:\/\/plantbezorgd.nl\/de\/wp-json\/wp\/v2\/product_tag?post=4312"}],"curies":[{"name":"wp","href":"https:\/\/api.w.org\/{rel}","templated":true}]}}