{"id":39958,"date":"2023-09-11T11:48:53","date_gmt":"2023-09-11T09:48:53","guid":{"rendered":"https:\/\/plantbezorgd.nl\/?post_type=product&#038;p=39958"},"modified":"2026-04-30T04:42:43","modified_gmt":"2026-04-30T02:42:43","slug":"pokon-hydro-pellets-20l","status":"publish","type":"product","link":"https:\/\/plantbezorgd.nl\/de\/product\/grond-toebehoren\/pokon-hydrokorrels-20l\/","title":{"rendered":"Culvita Hydro Granulat 40L"},"content":{"rendered":"<div id=\"2d4f212c-6772-11e9-a04b-06e8ffddb862\" class=\"template-component component view title-h1 hidden-xs\">\n<div class=\"component-view\" data-uuid=\"2d4f212c-6772-11e9-a04b-06e8ffddb862\">\n<div class=\"UIHeading element-content\">\n<p>Culvita Hydrokorrels ist ein Tonprodukt, das bei einer Temperatur von ca. 1200 \u00b0C gebranntes Granulat. Die Lufteinschl\u00fcsse im Granulat bieten eine gute Best\u00e4ndigkeit gegen\u00fcber Temperaturschwankungen. Durch das Brennverfahren ist das Granulat vollst\u00e4ndig frei von anorganischen Bestandteilen.<\/p>\n<div class=\"itemIntroText\">\n<ul>\n<li>Waschen Sie das Hydrogranulat gr\u00fcndlich mit reichlich Wasser.<\/li>\n<li>F\u00fcllen Sie den Hydroponiktopf mit drei bis vier Zentimetern Hydrogranulat.<\/li>\n<li>Setzen Sie die Pflanze in den Topf und f\u00fcllen Sie den Rest mit Hydrogranulat auf.<\/li>\n<li>\u00a0F\u00fcllen Sie den Topf mit lauwarmem Wasser bis zur Markierung auf. Verwenden Sie in der ersten Woche nur reines Wasser; danach eine N\u00e4hrl\u00f6sung f\u00fcr Hydrokultur.<\/li>\n<\/ul>\n<p>Culvita Hydro Granulat bildet die ideale Grundlage f\u00fcr die Hydrokultur. Die Wurzeln finden darin festen Halt, und die Pflanzen gedeihen gesund und \u00fcppig.<\/p>\n<\/div>\n<\/div>\n<\/div>\n<\/div>","protected":false},"excerpt":{"rendered":"<p>Culvita Hydrokorrels is een klei product en wordt bij een temperatuur van \u00b1 1200\u00b0C gebakken. De luchtcellen in de korrel bieden een goede weerstand tegen koude- en warmtewisseling.\u00a0Door het proced\u00e9 is de korrel absoluut vrij van anorganische materialen. De hydrokorrels goed, en met veel water wassen. De hydrocultuurpot vullen met drie \u00e0 vier cm. hydrokorrels. [&hellip;]<\/p>","protected":false},"featured_media":82513,"comment_status":"open","ping_status":"closed","template":"","meta":{"_acf_changed":false,"iawp_total_views":78},"product_brand":[],"product_cat":[316,228],"product_tag":[439,1587,436,435],"class_list":{"0":"post-39958","1":"product","2":"type-product","3":"status-publish","4":"has-post-thumbnail","6":"product_cat-alle-categorieen","7":"product_cat-grond-toebehoren","8":"product_tag-alle","9":"product_tag-local","10":"product_tag-nietadverteren","11":"product_tag-rest","13":"first","14":"instock","15":"taxable","16":"shipping-taxable","17":"purchasable","18":"product-type-simple"},"acf":[],"gallery_images":[],"yoast_head":"<!-- This site is optimized with the Yoast SEO plugin v25.3 - https:\/\/yoast.com\/wordpress\/plugins\/seo\/ -->\n<title>Culvita Hydrokorrels 40L Online Kopen - PlantBezorgd<\/title>\n<meta name=\"description\" content=\"Op zoek naar de Culvita Hydrokorrels 40L? \u2714 Lage verzendkosten \u2714 Kies je bezorgmoment &amp; locatie \u2714 Groeigarantie!\" \/>\n<meta name=\"robots\" content=\"index, follow, max-snippet:-1, max-image-preview:large, max-video-preview:-1\" \/>\n<link rel=\"canonical\" href=\"https:\/\/plantbezorgd.nl\/de\/produkt\/landzubehor-2\/pokon-hydro-pellets-20l\/\" \/>\n<meta property=\"og:locale\" content=\"de_DE\" \/>\n<meta property=\"og:type\" content=\"article\" \/>\n<meta property=\"og:title\" content=\"Culvita Hydrokorrels 40L Online Kopen - PlantBezorgd\" \/>\n<meta property=\"og:description\" content=\"Op zoek naar de Culvita Hydrokorrels 40L? \u2714 Lage verzendkosten \u2714 Kies je bezorgmoment &amp; locatie \u2714 Groeigarantie!\" \/>\n<meta property=\"og:url\" content=\"https:\/\/plantbezorgd.nl\/de\/produkt\/landzubehor-2\/pokon-hydro-pellets-20l\/\" \/>\n<meta property=\"og:site_name\" content=\"PlantBezorgd\" \/>\n<meta property=\"article:modified_time\" content=\"2026-04-30T02:42:43+00:00\" \/>\n<meta property=\"og:image\" content=\"https:\/\/plantbezorgd.nl\/wp-content\/uploads\/2023\/09\/Culvita-hydrokorrels-40L-500x500-1.webp\" \/>\n\t<meta property=\"og:image:width\" content=\"500\" \/>\n\t<meta property=\"og:image:height\" content=\"500\" \/>\n\t<meta property=\"og:image:type\" content=\"image\/webp\" \/>\n<meta name=\"twitter:card\" content=\"summary_large_image\" \/>\n<meta name=\"twitter:label1\" content=\"Gesch\u00e4tzte Lesezeit\" \/>\n\t<meta name=\"twitter:data1\" content=\"1\u00a0Minute\" \/>\n<script type=\"application\/ld+json\" class=\"yoast-schema-graph\">{\"@context\":\"https:\/\/schema.org\",\"@graph\":[{\"@type\":\"WebPage\",\"@id\":\"https:\/\/plantbezorgd.nl\/product\/grond-toebehoren\/pokon-hydrokorrels-20l\/\",\"url\":\"https:\/\/plantbezorgd.nl\/product\/grond-toebehoren\/pokon-hydrokorrels-20l\/\",\"name\":\"Culvita Hydrokorrels 40L Online Kopen - PlantBezorgd\",\"isPartOf\":{\"@id\":\"https:\/\/plantbezorgd.nl\/#website\"},\"primaryImageOfPage\":{\"@id\":\"https:\/\/plantbezorgd.nl\/product\/grond-toebehoren\/pokon-hydrokorrels-20l\/#primaryimage\"},\"image\":{\"@id\":\"https:\/\/plantbezorgd.nl\/product\/grond-toebehoren\/pokon-hydrokorrels-20l\/#primaryimage\"},\"thumbnailUrl\":\"https:\/\/plantbezorgd.nl\/wp-content\/uploads\/2023\/09\/Culvita-hydrokorrels-40L-500x500-1.webp\",\"datePublished\":\"2023-09-11T09:48:53+00:00\",\"dateModified\":\"2026-04-30T02:42:43+00:00\",\"description\":\"Op zoek naar de Culvita Hydrokorrels 40L? \u2714 Lage verzendkosten \u2714 Kies je bezorgmoment & locatie \u2714 Groeigarantie!\",\"breadcrumb\":{\"@id\":\"https:\/\/plantbezorgd.nl\/product\/grond-toebehoren\/pokon-hydrokorrels-20l\/#breadcrumb\"},\"inLanguage\":\"de\",\"potentialAction\":[{\"@type\":\"ReadAction\",\"target\":[\"https:\/\/plantbezorgd.nl\/product\/grond-toebehoren\/pokon-hydrokorrels-20l\/\"]}]},{\"@type\":\"ImageObject\",\"inLanguage\":\"de\",\"@id\":\"https:\/\/plantbezorgd.nl\/product\/grond-toebehoren\/pokon-hydrokorrels-20l\/#primaryimage\",\"url\":\"https:\/\/plantbezorgd.nl\/wp-content\/uploads\/2023\/09\/Culvita-hydrokorrels-40L-500x500-1.webp\",\"contentUrl\":\"https:\/\/plantbezorgd.nl\/wp-content\/uploads\/2023\/09\/Culvita-hydrokorrels-40L-500x500-1.webp\",\"width\":500,\"height\":500},{\"@type\":\"BreadcrumbList\",\"@id\":\"https:\/\/plantbezorgd.nl\/product\/grond-toebehoren\/pokon-hydrokorrels-20l\/#breadcrumb\",\"itemListElement\":[{\"@type\":\"ListItem\",\"position\":1,\"name\":\"Shop\",\"item\":\"https:\/\/plantbezorgd.nl\/shop\/\"},{\"@type\":\"ListItem\",\"position\":2,\"name\":\"Grond &amp; toebehoren\",\"item\":\"https:\/\/plantbezorgd.nl\/product-categorie\/grond-toebehoren\/\"},{\"@type\":\"ListItem\",\"position\":3,\"name\":\"Culvita Hydrokorrels 40L\"}]},{\"@type\":\"WebSite\",\"@id\":\"https:\/\/plantbezorgd.nl\/#website\",\"url\":\"https:\/\/plantbezorgd.nl\/\",\"name\":\"PlantBezorgd\",\"description\":\"Betaalbare kwaliteitsplanten thuisbezorgd!\",\"publisher\":{\"@id\":\"https:\/\/plantbezorgd.nl\/#organization\"},\"potentialAction\":[{\"@type\":\"SearchAction\",\"target\":{\"@type\":\"EntryPoint\",\"urlTemplate\":\"https:\/\/plantbezorgd.nl\/?s={search_term_string}\"},\"query-input\":{\"@type\":\"PropertyValueSpecification\",\"valueRequired\":true,\"valueName\":\"search_term_string\"}}],\"inLanguage\":\"de\"},{\"@type\":\"Organization\",\"@id\":\"https:\/\/plantbezorgd.nl\/#organization\",\"name\":\"PlantBezorgd\",\"url\":\"https:\/\/plantbezorgd.nl\/\",\"logo\":{\"@type\":\"ImageObject\",\"inLanguage\":\"de\",\"@id\":\"https:\/\/plantbezorgd.nl\/#\/schema\/logo\/image\/\",\"url\":\"https:\/\/plantbezorgd.nl\/wp-content\/uploads\/2023\/05\/Logo.svg\",\"contentUrl\":\"https:\/\/plantbezorgd.nl\/wp-content\/uploads\/2023\/05\/Logo.svg\",\"caption\":\"PlantBezorgd\"},\"image\":{\"@id\":\"https:\/\/plantbezorgd.nl\/#\/schema\/logo\/image\/\"}}]}<\/script>\n<!-- \/ Yoast SEO plugin. -->","yoast_head_json":{"title":"Culvita Hydro Granulat 40L Online kaufen - PlantBezorgd","description":"Suchen Sie Culvita Hydro Pellets 40L? \u2714 Niedrige Versandkosten \u2714 Lieferzeit und -ort frei w\u00e4hlbar \u2714 Wachstumsgarantie!","robots":{"index":"index","follow":"follow","max-snippet":"max-snippet:-1","max-image-preview":"max-image-preview:large","max-video-preview":"max-video-preview:-1"},"canonical":"https:\/\/plantbezorgd.nl\/de\/produkt\/landzubehor-2\/pokon-hydro-pellets-20l\/","og_locale":"de_DE","og_type":"article","og_title":"Culvita Hydrokorrels 40L Online Kopen - PlantBezorgd","og_description":"Op zoek naar de Culvita Hydrokorrels 40L? \u2714 Lage verzendkosten \u2714 Kies je bezorgmoment & locatie \u2714 Groeigarantie!","og_url":"https:\/\/plantbezorgd.nl\/de\/produkt\/landzubehor-2\/pokon-hydro-pellets-20l\/","og_site_name":"PlantBezorgd","article_modified_time":"2026-04-30T02:42:43+00:00","og_image":[{"width":500,"height":500,"url":"https:\/\/plantbezorgd.nl\/wp-content\/uploads\/2023\/09\/Culvita-hydrokorrels-40L-500x500-1.webp","type":"image\/webp"}],"twitter_card":"summary_large_image","twitter_misc":{"Gesch\u00e4tzte Lesezeit":"1\u00a0Minute"},"schema":{"@context":"https:\/\/schema.org","@graph":[{"@type":"WebPage","@id":"https:\/\/plantbezorgd.nl\/product\/grond-toebehoren\/pokon-hydrokorrels-20l\/","url":"https:\/\/plantbezorgd.nl\/product\/grond-toebehoren\/pokon-hydrokorrels-20l\/","name":"Culvita Hydro Granulat 40L Online kaufen - PlantBezorgd","isPartOf":{"@id":"https:\/\/plantbezorgd.nl\/#website"},"primaryImageOfPage":{"@id":"https:\/\/plantbezorgd.nl\/product\/grond-toebehoren\/pokon-hydrokorrels-20l\/#primaryimage"},"image":{"@id":"https:\/\/plantbezorgd.nl\/product\/grond-toebehoren\/pokon-hydrokorrels-20l\/#primaryimage"},"thumbnailUrl":"https:\/\/plantbezorgd.nl\/wp-content\/uploads\/2023\/09\/Culvita-hydrokorrels-40L-500x500-1.webp","datePublished":"2023-09-11T09:48:53+00:00","dateModified":"2026-04-30T02:42:43+00:00","description":"Suchen Sie Culvita Hydro Pellets 40L? \u2714 Niedrige Versandkosten \u2714 Lieferzeit und -ort frei w\u00e4hlbar \u2714 Wachstumsgarantie!","breadcrumb":{"@id":"https:\/\/plantbezorgd.nl\/product\/grond-toebehoren\/pokon-hydrokorrels-20l\/#breadcrumb"},"inLanguage":"de","potentialAction":[{"@type":"ReadAction","target":["https:\/\/plantbezorgd.nl\/product\/grond-toebehoren\/pokon-hydrokorrels-20l\/"]}]},{"@type":"ImageObject","inLanguage":"de","@id":"https:\/\/plantbezorgd.nl\/product\/grond-toebehoren\/pokon-hydrokorrels-20l\/#primaryimage","url":"https:\/\/plantbezorgd.nl\/wp-content\/uploads\/2023\/09\/Culvita-hydrokorrels-40L-500x500-1.webp","contentUrl":"https:\/\/plantbezorgd.nl\/wp-content\/uploads\/2023\/09\/Culvita-hydrokorrels-40L-500x500-1.webp","width":500,"height":500},{"@type":"BreadcrumbList","@id":"https:\/\/plantbezorgd.nl\/product\/grond-toebehoren\/pokon-hydrokorrels-20l\/#breadcrumb","itemListElement":[{"@type":"ListItem","position":1,"name":"Shop","item":"https:\/\/plantbezorgd.nl\/shop\/"},{"@type":"ListItem","position":2,"name":"Grond &amp; toebehoren","item":"https:\/\/plantbezorgd.nl\/product-categorie\/grond-toebehoren\/"},{"@type":"ListItem","position":3,"name":"Culvita Hydrokorrels 40L"}]},{"@type":"WebSite","@id":"https:\/\/plantbezorgd.nl\/#website","url":"https:\/\/plantbezorgd.nl\/","name":"PflanzenGeliefert","description":"Erschwingliche Qualit\u00e4tspflanzen direkt zu Ihnen nach Hause geliefert!","publisher":{"@id":"https:\/\/plantbezorgd.nl\/#organization"},"potentialAction":[{"@type":"SearchAction","target":{"@type":"EntryPoint","urlTemplate":"https:\/\/plantbezorgd.nl\/?s={search_term_string}"},"query-input":{"@type":"PropertyValueSpecification","valueRequired":true,"valueName":"search_term_string"}}],"inLanguage":"de"},{"@type":"Organization","@id":"https:\/\/plantbezorgd.nl\/#organization","name":"PflanzenGeliefert","url":"https:\/\/plantbezorgd.nl\/","logo":{"@type":"ImageObject","inLanguage":"de","@id":"https:\/\/plantbezorgd.nl\/#\/schema\/logo\/image\/","url":"https:\/\/plantbezorgd.nl\/wp-content\/uploads\/2023\/05\/Logo.svg","contentUrl":"https:\/\/plantbezorgd.nl\/wp-content\/uploads\/2023\/05\/Logo.svg","caption":"PlantBezorgd"},"image":{"@id":"https:\/\/plantbezorgd.nl\/#\/schema\/logo\/image\/"}}]}},"_links":{"self":[{"href":"https:\/\/plantbezorgd.nl\/de\/wp-json\/wp\/v2\/product\/39958","targetHints":{"allow":["GET"]}}],"collection":[{"href":"https:\/\/plantbezorgd.nl\/de\/wp-json\/wp\/v2\/product"}],"about":[{"href":"https:\/\/plantbezorgd.nl\/de\/wp-json\/wp\/v2\/types\/product"}],"replies":[{"embeddable":true,"href":"https:\/\/plantbezorgd.nl\/de\/wp-json\/wp\/v2\/comments?post=39958"}],"wp:featuredmedia":[{"embeddable":true,"href":"https:\/\/plantbezorgd.nl\/de\/wp-json\/wp\/v2\/media\/82513"}],"wp:attachment":[{"href":"https:\/\/plantbezorgd.nl\/de\/wp-json\/wp\/v2\/media?parent=39958"}],"wp:term":[{"taxonomy":"product_brand","embeddable":true,"href":"https:\/\/plantbezorgd.nl\/de\/wp-json\/wp\/v2\/product_brand?post=39958"},{"taxonomy":"product_cat","embeddable":true,"href":"https:\/\/plantbezorgd.nl\/de\/wp-json\/wp\/v2\/product_cat?post=39958"},{"taxonomy":"product_tag","embeddable":true,"href":"https:\/\/plantbezorgd.nl\/de\/wp-json\/wp\/v2\/product_tag?post=39958"}],"curies":[{"name":"wp","href":"https:\/\/api.w.org\/{rel}","templated":true}]}}