{"id":3905,"date":"2023-05-13T10:29:23","date_gmt":"2023-05-13T08:29:23","guid":{"rendered":"https:\/\/plantbezorgd.s01.klik3.dev\/product\/uncategorized\/helleborus-orientalis-yellow-lady-nieskruid\/"},"modified":"2026-03-26T20:46:10","modified_gmt":"2026-03-26T19:46:10","slug":"orientalisches-nieswurz-helleborus-orientalis-4","status":"publish","type":"product","link":"https:\/\/plantbezorgd.nl\/de\/produkt\/alle-straucher-2\/orientalisches-nieswurz-helleborus-orientalis-4\/","title":{"rendered":"Helleborus orientalis Gelbe Dame - Helleborine"},"content":{"rendered":"<h2><span style=\"font-weight: 400;\">Helleborus orientalis Gelbe Dame<\/span><\/h2>\n<p>Helleborus orientalis Yellow Lady h\u00f6rt auch auf den Namen Sneezewort. Dieser Winterbl\u00fcher beh\u00e4lt seine ledrigen gr\u00fcnen Bl\u00e4tter im Winter. Er bl\u00fcht in den Monaten Januar bis M\u00e4rz mit blassgelben, schalenf\u00f6rmigen Bl\u00fcten. Der Wuchs von Helleborus orientalis ist buschig.<\/p>\n<h2><span style=\"font-weight: 400;\">Der Helleborus orientalis<\/span><span style=\"font-weight: 400;\"> Yellow Lady Beschneidung<\/span><\/h2>\n<p>Sie k\u00f6nnen Helleborus orientalis Yellow Lady bereits w\u00e4hrend der Bl\u00fctezeit leicht zur\u00fcckschneiden, damit die Bl\u00fcten besser zur Geltung kommen. Nach der Bl\u00fcte sollte die Pflanze tiefer zur\u00fcckgeschnitten werden, damit sie neue Triebe mit jungen, frischen Bl\u00e4ttern ausbilden kann.<\/p>\n<h2><span style=\"font-weight: 400;\">Anwendung Helleborus orientalis Yellow Lady<\/span><\/h2>\n<p><span style=\"font-weight: 400;\">Helleborus orientalis Yellow Lady kann in Gruppen als Beetpflanze verwendet werden. Sie k\u00f6nnen dann 7 bis 9 Pflanzen pro Quadratmeter pflanzen. Auch als Einzelpflanze im Topf macht sie sich gut.\u00a0<\/span><\/p>\n<h2><span style=\"font-weight: 400;\">Standpunkt Helleborus orientalis<\/span><\/h2>\n<p><span style=\"font-weight: 400;\">Das Nieswurz mag einen halb- oder vollschattigen Standort. Hier w\u00e4chst es am besten. Der Boden sollte humusreich und gut durchl\u00e4ssig sein. <\/span><\/p>\n<h3><span style=\"font-weight: 400;\">F\u00fctterung und D\u00fcngung<\/span><span style=\"font-weight: 400;\"> Vom Nieswurz<\/span><\/h3>\n<p><span style=\"font-weight: 400;\">Sie k\u00f6nnen Helleborus orientalis Yellow Lady nach der Bl\u00fcte und im Herbst mit organischem D\u00fcnger versorgen. Sie k\u00f6nnen auch im April-Mai eine Schicht Kompost an den Fu\u00df der Pflanze streuen.<\/span><\/p>\n<h3><span style=\"font-weight: 400;\">Wasser <\/span><span style=\"font-weight: 400;\">Angabe des Helleborus orientalis<\/span><\/h3>\n<p><span style=\"font-weight: 400;\">Die Christrose braucht nicht viel Wasser, achten Sie nur darauf, dass sie im Herbst nicht zu nass wird. Im Sommer sollten Sie sie jedoch rechtzeitig mit etwas Wasser versorgen, damit sie nicht zu trocken wird.\u00a0<\/span><\/p>\n<h2><span style=\"font-weight: 400;\">Fragen zu Helleborus orientalis Yellow Lady<\/span><span style=\"font-weight: 400;\">?<\/span><\/h2>\n<p><span style=\"font-weight: 400;\">Stellen Sie Ihre Frage online im Feld unten auf dieser Seite. Sie erhalten dann so schnell wie m\u00f6glich eine Antwort von dem Team von PlantBezorgd; erschwingliche Qualit\u00e4tspflanzen.<\/span><\/p>","protected":false},"excerpt":{"rendered":"<p>Helleborus orientalis Yellow Lady ofwel Nieskruid Helleborus orientalis Yellow Lady luistert ook naar de naam Nieskruid. Deze winterbloeier behoudt zijn leerachtige groene blad in de winter. Hij bloeit in de maanden vanaf januari tot maart met lichtgele bloemen die komvormig zijn. De groei van de Helleborus orientalis is bossig. De Helleborus orientalis Yellow Lady snoeien [&hellip;]<\/p>","protected":false},"featured_media":3906,"comment_status":"open","ping_status":"closed","template":"","meta":{"_acf_changed":false,"iawp_total_views":95},"product_brand":[],"product_cat":[316,233,236,325,240,235],"product_tag":[439,1587,433],"class_list":{"0":"post-3905","1":"product","2":"type-product","3":"status-publish","4":"has-post-thumbnail","6":"product_cat-alle-categorieen","7":"product_cat-alle-heesters","8":"product_cat-alle-tuinplanten","9":"product_cat-helleborus-kerstroos-winterroos-of-nieskruid","10":"product_cat-overige-heesters","11":"product_cat-vaste-planten","12":"product_tag-alle","13":"product_tag-local","14":"product_tag-tuin","15":"pa_aantal-per-m2-529","16":"pa_grondsoort-alle-grondsoorten-waterdoorlatend","17":"pa_volgroeide-hoogte-in-cm-725","18":"pa_wintergroen-bladhoudend-ja","19":"pa_winterhardheid-meerjarig-goed","21":"first","22":"outofstock","23":"taxable","24":"shipping-taxable","25":"purchasable","26":"product-type-simple"},"acf":[],"gallery_images":[667],"yoast_head":"<!-- This site is optimized with the Yoast SEO plugin v25.3 - https:\/\/yoast.com\/wordpress\/plugins\/seo\/ -->\n<title>Helleborus orientalis Yellow Lady - Nieskruid Online Kopen - PlantBezorgd<\/title>\n<meta name=\"description\" content=\"Op zoek naar de Helleborus orientalis Yellow Lady - Nieskruid? \u2714 Lage verzendkosten \u2714 Kies je bezorgmoment &amp; locatie \u2714 Groeigarantie!\" \/>\n<meta name=\"robots\" content=\"index, follow, max-snippet:-1, max-image-preview:large, max-video-preview:-1\" \/>\n<link rel=\"canonical\" href=\"https:\/\/plantbezorgd.nl\/de\/produkt\/alle-straucher-2\/orientalisches-nieswurz-helleborus-orientalis-4\/\" \/>\n<meta property=\"og:locale\" content=\"de_DE\" \/>\n<meta property=\"og:type\" content=\"article\" \/>\n<meta property=\"og:title\" content=\"Helleborus orientalis Yellow Lady - Nieskruid Online Kopen - PlantBezorgd\" \/>\n<meta property=\"og:description\" content=\"Op zoek naar de Helleborus orientalis Yellow Lady - Nieskruid? \u2714 Lage verzendkosten \u2714 Kies je bezorgmoment &amp; locatie \u2714 Groeigarantie!\" \/>\n<meta property=\"og:url\" content=\"https:\/\/plantbezorgd.nl\/de\/produkt\/alle-straucher-2\/orientalisches-nieswurz-helleborus-orientalis-4\/\" \/>\n<meta property=\"og:site_name\" content=\"PlantBezorgd\" \/>\n<meta property=\"article:modified_time\" content=\"2026-03-26T19:46:10+00:00\" \/>\n<meta property=\"og:image\" content=\"https:\/\/cdn.plantbezorgd.nl\/wp-content\/uploads\/2023\/06\/Helleborus-Orientalis-Yellow-Lady-Nieskruid.jpg?strip=all&lossy=1&ssl=1\" \/>\n\t<meta property=\"og:image:width\" content=\"803\" \/>\n\t<meta property=\"og:image:height\" content=\"1024\" \/>\n\t<meta property=\"og:image:type\" content=\"image\/jpeg\" \/>\n<meta name=\"twitter:card\" content=\"summary_large_image\" \/>\n<meta name=\"twitter:label1\" content=\"Gesch\u00e4tzte Lesezeit\" \/>\n\t<meta name=\"twitter:data1\" content=\"1\u00a0Minute\" \/>\n<script type=\"application\/ld+json\" class=\"yoast-schema-graph\">{\"@context\":\"https:\/\/schema.org\",\"@graph\":[{\"@type\":\"WebPage\",\"@id\":\"https:\/\/plantbezorgd.nl\/product\/alle-heesters\/helleborus-orientalis-yellow-lady-nieskruid\/\",\"url\":\"https:\/\/plantbezorgd.nl\/product\/alle-heesters\/helleborus-orientalis-yellow-lady-nieskruid\/\",\"name\":\"Helleborus orientalis Yellow Lady - Nieskruid Online Kopen - PlantBezorgd\",\"isPartOf\":{\"@id\":\"https:\/\/plantbezorgd.nl\/#website\"},\"primaryImageOfPage\":{\"@id\":\"https:\/\/plantbezorgd.nl\/product\/alle-heesters\/helleborus-orientalis-yellow-lady-nieskruid\/#primaryimage\"},\"image\":{\"@id\":\"https:\/\/plantbezorgd.nl\/product\/alle-heesters\/helleborus-orientalis-yellow-lady-nieskruid\/#primaryimage\"},\"thumbnailUrl\":\"https:\/\/plantbezorgd.nl\/wp-content\/uploads\/2023\/06\/Helleborus-Orientalis-Yellow-Lady-Nieskruid.jpg\",\"datePublished\":\"2023-05-13T08:29:23+00:00\",\"dateModified\":\"2026-03-26T19:46:10+00:00\",\"description\":\"Op zoek naar de Helleborus orientalis Yellow Lady - Nieskruid? \u2714 Lage verzendkosten \u2714 Kies je bezorgmoment & locatie \u2714 Groeigarantie!\",\"breadcrumb\":{\"@id\":\"https:\/\/plantbezorgd.nl\/product\/alle-heesters\/helleborus-orientalis-yellow-lady-nieskruid\/#breadcrumb\"},\"inLanguage\":\"de\",\"potentialAction\":[{\"@type\":\"ReadAction\",\"target\":[\"https:\/\/plantbezorgd.nl\/product\/alle-heesters\/helleborus-orientalis-yellow-lady-nieskruid\/\"]}]},{\"@type\":\"ImageObject\",\"inLanguage\":\"de\",\"@id\":\"https:\/\/plantbezorgd.nl\/product\/alle-heesters\/helleborus-orientalis-yellow-lady-nieskruid\/#primaryimage\",\"url\":\"https:\/\/plantbezorgd.nl\/wp-content\/uploads\/2023\/06\/Helleborus-Orientalis-Yellow-Lady-Nieskruid.jpg\",\"contentUrl\":\"https:\/\/plantbezorgd.nl\/wp-content\/uploads\/2023\/06\/Helleborus-Orientalis-Yellow-Lady-Nieskruid.jpg\",\"width\":803,\"height\":1024},{\"@type\":\"BreadcrumbList\",\"@id\":\"https:\/\/plantbezorgd.nl\/product\/alle-heesters\/helleborus-orientalis-yellow-lady-nieskruid\/#breadcrumb\",\"itemListElement\":[{\"@type\":\"ListItem\",\"position\":1,\"name\":\"Shop\",\"item\":\"https:\/\/plantbezorgd.nl\/shop\/\"},{\"@type\":\"ListItem\",\"position\":2,\"name\":\"Helleborus \/ Kerstroos, winterroos of nieskruid\",\"item\":\"https:\/\/plantbezorgd.nl\/product-categorie\/helleborus-kerstroos-winterroos-of-nieskruid\/\"},{\"@type\":\"ListItem\",\"position\":3,\"name\":\"Helleborus orientalis Yellow Lady &#8211; Nieskruid\"}]},{\"@type\":\"WebSite\",\"@id\":\"https:\/\/plantbezorgd.nl\/#website\",\"url\":\"https:\/\/plantbezorgd.nl\/\",\"name\":\"PlantBezorgd\",\"description\":\"Betaalbare kwaliteitsplanten thuisbezorgd!\",\"publisher\":{\"@id\":\"https:\/\/plantbezorgd.nl\/#organization\"},\"potentialAction\":[{\"@type\":\"SearchAction\",\"target\":{\"@type\":\"EntryPoint\",\"urlTemplate\":\"https:\/\/plantbezorgd.nl\/?s={search_term_string}\"},\"query-input\":{\"@type\":\"PropertyValueSpecification\",\"valueRequired\":true,\"valueName\":\"search_term_string\"}}],\"inLanguage\":\"de\"},{\"@type\":\"Organization\",\"@id\":\"https:\/\/plantbezorgd.nl\/#organization\",\"name\":\"PlantBezorgd\",\"url\":\"https:\/\/plantbezorgd.nl\/\",\"logo\":{\"@type\":\"ImageObject\",\"inLanguage\":\"de\",\"@id\":\"https:\/\/plantbezorgd.nl\/#\/schema\/logo\/image\/\",\"url\":\"https:\/\/plantbezorgd.nl\/wp-content\/uploads\/2023\/05\/Logo.svg\",\"contentUrl\":\"https:\/\/plantbezorgd.nl\/wp-content\/uploads\/2023\/05\/Logo.svg\",\"caption\":\"PlantBezorgd\"},\"image\":{\"@id\":\"https:\/\/plantbezorgd.nl\/#\/schema\/logo\/image\/\"}}]}<\/script>\n<!-- \/ Yoast SEO plugin. -->","yoast_head_json":{"title":"Helleborus orientalis Yellow Lady - N\u00e4hkraut Online Kaufen - PlantBezorgd","description":"Sie suchen Helleborus orientalis Yellow Lady - Nieswurz? \u2714 Niedrige Versandkosten \u2714 W\u00e4hlen Sie Ihren Liefertermin und -ort \u2714 Wachstumsgarantie!","robots":{"index":"index","follow":"follow","max-snippet":"max-snippet:-1","max-image-preview":"max-image-preview:large","max-video-preview":"max-video-preview:-1"},"canonical":"https:\/\/plantbezorgd.nl\/de\/produkt\/alle-straucher-2\/orientalisches-nieswurz-helleborus-orientalis-4\/","og_locale":"de_DE","og_type":"article","og_title":"Helleborus orientalis Yellow Lady - Nieskruid Online Kopen - PlantBezorgd","og_description":"Op zoek naar de Helleborus orientalis Yellow Lady - Nieskruid? \u2714 Lage verzendkosten \u2714 Kies je bezorgmoment & locatie \u2714 Groeigarantie!","og_url":"https:\/\/plantbezorgd.nl\/de\/produkt\/alle-straucher-2\/orientalisches-nieswurz-helleborus-orientalis-4\/","og_site_name":"PlantBezorgd","article_modified_time":"2026-03-26T19:46:10+00:00","og_image":[{"width":803,"height":1024,"url":"https:\/\/cdn.plantbezorgd.nl\/wp-content\/uploads\/2023\/06\/Helleborus-Orientalis-Yellow-Lady-Nieskruid.jpg?strip=all&lossy=1&ssl=1","type":"image\/jpeg"}],"twitter_card":"summary_large_image","twitter_misc":{"Gesch\u00e4tzte Lesezeit":"1\u00a0Minute"},"schema":{"@context":"https:\/\/schema.org","@graph":[{"@type":"WebPage","@id":"https:\/\/plantbezorgd.nl\/product\/alle-heesters\/helleborus-orientalis-yellow-lady-nieskruid\/","url":"https:\/\/plantbezorgd.nl\/product\/alle-heesters\/helleborus-orientalis-yellow-lady-nieskruid\/","name":"Helleborus orientalis Yellow Lady - N\u00e4hkraut Online Kaufen - PlantBezorgd","isPartOf":{"@id":"https:\/\/plantbezorgd.nl\/#website"},"primaryImageOfPage":{"@id":"https:\/\/plantbezorgd.nl\/product\/alle-heesters\/helleborus-orientalis-yellow-lady-nieskruid\/#primaryimage"},"image":{"@id":"https:\/\/plantbezorgd.nl\/product\/alle-heesters\/helleborus-orientalis-yellow-lady-nieskruid\/#primaryimage"},"thumbnailUrl":"https:\/\/plantbezorgd.nl\/wp-content\/uploads\/2023\/06\/Helleborus-Orientalis-Yellow-Lady-Nieskruid.jpg","datePublished":"2023-05-13T08:29:23+00:00","dateModified":"2026-03-26T19:46:10+00:00","description":"Sie suchen Helleborus orientalis Yellow Lady - Nieswurz? \u2714 Niedrige Versandkosten \u2714 W\u00e4hlen Sie Ihren Liefertermin und -ort \u2714 Wachstumsgarantie!","breadcrumb":{"@id":"https:\/\/plantbezorgd.nl\/product\/alle-heesters\/helleborus-orientalis-yellow-lady-nieskruid\/#breadcrumb"},"inLanguage":"de","potentialAction":[{"@type":"ReadAction","target":["https:\/\/plantbezorgd.nl\/product\/alle-heesters\/helleborus-orientalis-yellow-lady-nieskruid\/"]}]},{"@type":"ImageObject","inLanguage":"de","@id":"https:\/\/plantbezorgd.nl\/product\/alle-heesters\/helleborus-orientalis-yellow-lady-nieskruid\/#primaryimage","url":"https:\/\/plantbezorgd.nl\/wp-content\/uploads\/2023\/06\/Helleborus-Orientalis-Yellow-Lady-Nieskruid.jpg","contentUrl":"https:\/\/plantbezorgd.nl\/wp-content\/uploads\/2023\/06\/Helleborus-Orientalis-Yellow-Lady-Nieskruid.jpg","width":803,"height":1024},{"@type":"BreadcrumbList","@id":"https:\/\/plantbezorgd.nl\/product\/alle-heesters\/helleborus-orientalis-yellow-lady-nieskruid\/#breadcrumb","itemListElement":[{"@type":"ListItem","position":1,"name":"Shop","item":"https:\/\/plantbezorgd.nl\/shop\/"},{"@type":"ListItem","position":2,"name":"Helleborus \/ Kerstroos, winterroos of nieskruid","item":"https:\/\/plantbezorgd.nl\/product-categorie\/helleborus-kerstroos-winterroos-of-nieskruid\/"},{"@type":"ListItem","position":3,"name":"Helleborus orientalis Yellow Lady &#8211; Nieskruid"}]},{"@type":"WebSite","@id":"https:\/\/plantbezorgd.nl\/#website","url":"https:\/\/plantbezorgd.nl\/","name":"PflanzenGeliefert","description":"Erschwingliche Qualit\u00e4tspflanzen direkt zu Ihnen nach Hause geliefert!","publisher":{"@id":"https:\/\/plantbezorgd.nl\/#organization"},"potentialAction":[{"@type":"SearchAction","target":{"@type":"EntryPoint","urlTemplate":"https:\/\/plantbezorgd.nl\/?s={search_term_string}"},"query-input":{"@type":"PropertyValueSpecification","valueRequired":true,"valueName":"search_term_string"}}],"inLanguage":"de"},{"@type":"Organization","@id":"https:\/\/plantbezorgd.nl\/#organization","name":"PflanzenGeliefert","url":"https:\/\/plantbezorgd.nl\/","logo":{"@type":"ImageObject","inLanguage":"de","@id":"https:\/\/plantbezorgd.nl\/#\/schema\/logo\/image\/","url":"https:\/\/plantbezorgd.nl\/wp-content\/uploads\/2023\/05\/Logo.svg","contentUrl":"https:\/\/plantbezorgd.nl\/wp-content\/uploads\/2023\/05\/Logo.svg","caption":"PlantBezorgd"},"image":{"@id":"https:\/\/plantbezorgd.nl\/#\/schema\/logo\/image\/"}}]}},"_links":{"self":[{"href":"https:\/\/plantbezorgd.nl\/de\/wp-json\/wp\/v2\/product\/3905","targetHints":{"allow":["GET"]}}],"collection":[{"href":"https:\/\/plantbezorgd.nl\/de\/wp-json\/wp\/v2\/product"}],"about":[{"href":"https:\/\/plantbezorgd.nl\/de\/wp-json\/wp\/v2\/types\/product"}],"replies":[{"embeddable":true,"href":"https:\/\/plantbezorgd.nl\/de\/wp-json\/wp\/v2\/comments?post=3905"}],"wp:featuredmedia":[{"embeddable":true,"href":"https:\/\/plantbezorgd.nl\/de\/wp-json\/wp\/v2\/media\/3906"}],"wp:attachment":[{"href":"https:\/\/plantbezorgd.nl\/de\/wp-json\/wp\/v2\/media?parent=3905"}],"wp:term":[{"taxonomy":"product_brand","embeddable":true,"href":"https:\/\/plantbezorgd.nl\/de\/wp-json\/wp\/v2\/product_brand?post=3905"},{"taxonomy":"product_cat","embeddable":true,"href":"https:\/\/plantbezorgd.nl\/de\/wp-json\/wp\/v2\/product_cat?post=3905"},{"taxonomy":"product_tag","embeddable":true,"href":"https:\/\/plantbezorgd.nl\/de\/wp-json\/wp\/v2\/product_tag?post=3905"}],"curies":[{"name":"wp","href":"https:\/\/api.w.org\/{rel}","templated":true}]}}