{"id":3617,"date":"2023-06-10T11:31:46","date_gmt":"2023-06-10T09:31:46","guid":{"rendered":"https:\/\/plantbezorgd.s01.klik3.dev\/product\/uncategorized\/ophiopogon-japonicus-japans-slangengras\/"},"modified":"2026-04-30T04:41:28","modified_gmt":"2026-04-30T02:41:28","slug":"ophiopogon-japonicus-japanisches-schlangengras","status":"publish","type":"product","link":"https:\/\/plantbezorgd.nl\/de\/product\/vaste-planten\/ophiopogon-japonicus-japans-slangengras\/","title":{"rendered":"Ophiopogon japonicus - Japanisches Schlangengras"},"content":{"rendered":"<h2>Ophiopogon japonicus oder Schlangenbart<\/h2>\n<p>Ophiopogon japonicus Minor wird auch Schlangenbart oder Japanisches Schlangengras genannt. Dieses gr\u00fcne Ziergras ist eine h\u00f6here Variante des <a href=\"https:\/\/plantbezorgd.nl\/de\/produkt\/stauden-2\/ophiopogon-japonicus-minor-japanisches-schlangengras-2\/\" target=\"_blank\" rel=\"noopener\">Ophiopogon japonicus Minor<\/a> erreicht eine H\u00f6he von 20 bis 30 Zentimetern. Die Bl\u00fcte von Ophiopogon japonicus ist unauff\u00e4llig mit wei\u00dfen Bl\u00fcten in den Monaten von Mai bis Juli. Nach der Bl\u00fcte erscheinen an diesem Ziergras blaue Beeren. Diese Beeren bleiben auch im Winter an dem blattreichen Ziergras h\u00e4ngen. Ophiopogon ist ein grasartiges Ziergras, das in St\u00f6cken w\u00e4chst und in der N\u00e4he des Wurzelballens unterirdische Ausl\u00e4ufer mit neuen B\u00fcscheln bildet, ohne wirklich st\u00f6rend oder wuchernd zu sein.<\/p>\n<h2>Ophiopogon japonicus gepflegt<\/h2>\n<p>Ophiopogon japonicus braucht wenig Pflege, nach dem Winter k\u00f6nnen Sie einige abgestorbene Bl\u00e4tter an der Basis des B\u00fcschels entfernen.<\/p>\n<h2>Anwendung Ophiopogon japonicus<\/h2>\n<p>Dieses bodendeckende Ziergras stammt aus China und ist h\u00e4ufig in orientalischen G\u00e4rten zu finden. Ophiopogon wird oft kombiniert, zum Beispiel mit dem <a href=\"https:\/\/plantbezorgd.nl\/de\/produkt-kategorie\/japanischer-ahorn-2\/\">Japanischer Ahorn\u00a0<\/a>oder <a href=\"https:\/\/plantbezorgd.nl\/de\/produkt\/stauden-2\/scleranthus-uniflorus-moospflanze-2\/\">Scleranthus<\/a>. Ophiopogon ist ein guter Bodendecker. Da dieses Ziergras unterirdische Triebe hat, reift es zu einem sch\u00f6nen dichten Feld heran, das 25 cm hoch wird. Sie k\u00f6nnen 7 bis 9 St\u00fcck pro Quadratmeter pflanzen; wenn Sie mehr verwenden, erhalten Sie ein fr\u00fcheres Endergebnis.<\/p>\n<h2>Bestand Ophiopogon japonicus<\/h2>\n<p>Sie k\u00f6nnen dem Schlangenbart sowohl einen sonnigen als auch einen schattigen Standort geben. Achten Sie darauf, dass der Boden f\u00fcr die Triebe des Ophiopogon gut durchl\u00e4ssig ist.<\/p>\n<h3>F\u00fctterung und D\u00fcngung von Ophiopogon<\/h3>\n<p>Geben Sie dem Ophiopogon im zeitigen Fr\u00fchjahr nach dem Winter einen organischen D\u00fcnger f\u00fcr einen guten Start.<\/p>\n<h3>Bew\u00e4sserung von Schlangenbart\/Schlangengras<\/h3>\n<p>Schlangenrinde vertr\u00e4gt Trockenheit gut, aber achten Sie darauf, dass sie nicht zu trocken wird.<\/p>\n<h2>Fragen zu Ophiopogon japonicus?<\/h2>\n<p>Stellen Sie Ihre Frage online im Feld unten auf dieser Seite. Sie erhalten dann so schnell wie m\u00f6glich eine Antwort von dem Team von PlantBezorgd; erschwingliche Qualit\u00e4tspflanzen.<\/p>","protected":false},"excerpt":{"rendered":"<p>Ophiopogon japonicus of slangenbaard Ophiopogon japonicus Minor wordt ook wel Slangenbaard of Japans Slangengras genoemd. Dit groene siergras is een hogere variant van de Ophiopogon japonicus Minor bereikt een hoogte van 20 tot 30 centimeter. De bloei van de Ophiopogon japonicus is onopvallend met witte bloem in de maanden van mei tot juli. Na de [&hellip;]<\/p>","protected":false},"featured_media":3618,"comment_status":"open","ping_status":"closed","template":"","meta":{"_acf_changed":false,"iawp_total_views":192},"product_brand":[],"product_cat":[316,236,238,347,237,235],"product_tag":[439,1587,433],"class_list":{"0":"post-3617","1":"product","2":"type-product","3":"status-publish","4":"has-post-thumbnail","6":"product_cat-alle-categorieen","7":"product_cat-alle-tuinplanten","8":"product_cat-bodembedekkers","9":"product_cat-ophiopogon-japans-slangengras","10":"product_cat-siergrassen","11":"product_cat-vaste-planten","12":"product_tag-alle","13":"product_tag-local","14":"product_tag-tuin","15":"pa_aantal-per-m2-529","16":"pa_grondsoort-alle-grondsoorten-waterdoorlatend","17":"pa_volgroeide-hoogte-in-cm-743","18":"pa_wintergroen-bladhoudend-ja","19":"pa_winterhardheid-meerjarig-goed","21":"first","22":"instock","23":"taxable","24":"shipping-taxable","25":"purchasable","26":"product-type-simple"},"acf":[],"gallery_images":[667],"yoast_head":"<!-- This site is optimized with the Yoast SEO plugin v25.3 - https:\/\/yoast.com\/wordpress\/plugins\/seo\/ -->\n<title>Ophiopogon japonicus - Japans Slangengras Online Kopen - PlantBezorgd<\/title>\n<meta name=\"description\" content=\"Op zoek naar de Ophiopogon japonicus - Japans Slangengras? \u2714 Lage verzendkosten \u2714 Kies je bezorgmoment &amp; locatie \u2714 Groeigarantie!\" \/>\n<meta name=\"robots\" content=\"index, follow, max-snippet:-1, max-image-preview:large, max-video-preview:-1\" \/>\n<link rel=\"canonical\" href=\"https:\/\/plantbezorgd.nl\/de\/produkt\/stauden-2\/ophiopogon-japonicus-japanisches-schlangengras\/\" \/>\n<meta property=\"og:locale\" content=\"de_DE\" \/>\n<meta property=\"og:type\" content=\"article\" \/>\n<meta property=\"og:title\" content=\"Ophiopogon japonicus - Japans Slangengras Online Kopen - PlantBezorgd\" \/>\n<meta property=\"og:description\" content=\"Op zoek naar de Ophiopogon japonicus - Japans Slangengras? \u2714 Lage verzendkosten \u2714 Kies je bezorgmoment &amp; locatie \u2714 Groeigarantie!\" \/>\n<meta property=\"og:url\" content=\"https:\/\/plantbezorgd.nl\/de\/produkt\/stauden-2\/ophiopogon-japonicus-japanisches-schlangengras\/\" \/>\n<meta property=\"og:site_name\" content=\"PlantBezorgd\" \/>\n<meta property=\"article:modified_time\" content=\"2026-04-30T02:41:28+00:00\" \/>\n<meta property=\"og:image\" content=\"https:\/\/plantbezorgd.nl\/wp-content\/uploads\/2023\/06\/Ophiopogon-japonicus-Japans-Slangengras.jpg\" \/>\n\t<meta property=\"og:image:width\" content=\"1024\" \/>\n\t<meta property=\"og:image:height\" content=\"684\" \/>\n\t<meta property=\"og:image:type\" content=\"image\/jpeg\" \/>\n<meta name=\"twitter:card\" content=\"summary_large_image\" \/>\n<meta name=\"twitter:label1\" content=\"Gesch\u00e4tzte Lesezeit\" \/>\n\t<meta name=\"twitter:data1\" content=\"2\u00a0Minuten\" \/>\n<script type=\"application\/ld+json\" class=\"yoast-schema-graph\">{\"@context\":\"https:\/\/schema.org\",\"@graph\":[{\"@type\":\"WebPage\",\"@id\":\"https:\/\/plantbezorgd.nl\/product\/vaste-planten\/ophiopogon-japonicus-japans-slangengras\/\",\"url\":\"https:\/\/plantbezorgd.nl\/product\/vaste-planten\/ophiopogon-japonicus-japans-slangengras\/\",\"name\":\"Ophiopogon japonicus - Japans Slangengras Online Kopen - PlantBezorgd\",\"isPartOf\":{\"@id\":\"https:\/\/plantbezorgd.nl\/#website\"},\"primaryImageOfPage\":{\"@id\":\"https:\/\/plantbezorgd.nl\/product\/vaste-planten\/ophiopogon-japonicus-japans-slangengras\/#primaryimage\"},\"image\":{\"@id\":\"https:\/\/plantbezorgd.nl\/product\/vaste-planten\/ophiopogon-japonicus-japans-slangengras\/#primaryimage\"},\"thumbnailUrl\":\"https:\/\/plantbezorgd.nl\/wp-content\/uploads\/2023\/06\/Ophiopogon-japonicus-Japans-Slangengras.jpg\",\"datePublished\":\"2023-06-10T09:31:46+00:00\",\"dateModified\":\"2026-04-30T02:41:28+00:00\",\"description\":\"Op zoek naar de Ophiopogon japonicus - Japans Slangengras? \u2714 Lage verzendkosten \u2714 Kies je bezorgmoment & locatie \u2714 Groeigarantie!\",\"breadcrumb\":{\"@id\":\"https:\/\/plantbezorgd.nl\/product\/vaste-planten\/ophiopogon-japonicus-japans-slangengras\/#breadcrumb\"},\"inLanguage\":\"de\",\"potentialAction\":[{\"@type\":\"ReadAction\",\"target\":[\"https:\/\/plantbezorgd.nl\/product\/vaste-planten\/ophiopogon-japonicus-japans-slangengras\/\"]}]},{\"@type\":\"ImageObject\",\"inLanguage\":\"de\",\"@id\":\"https:\/\/plantbezorgd.nl\/product\/vaste-planten\/ophiopogon-japonicus-japans-slangengras\/#primaryimage\",\"url\":\"https:\/\/plantbezorgd.nl\/wp-content\/uploads\/2023\/06\/Ophiopogon-japonicus-Japans-Slangengras.jpg\",\"contentUrl\":\"https:\/\/plantbezorgd.nl\/wp-content\/uploads\/2023\/06\/Ophiopogon-japonicus-Japans-Slangengras.jpg\",\"width\":1024,\"height\":684},{\"@type\":\"BreadcrumbList\",\"@id\":\"https:\/\/plantbezorgd.nl\/product\/vaste-planten\/ophiopogon-japonicus-japans-slangengras\/#breadcrumb\",\"itemListElement\":[{\"@type\":\"ListItem\",\"position\":1,\"name\":\"Shop\",\"item\":\"https:\/\/plantbezorgd.nl\/shop\/\"},{\"@type\":\"ListItem\",\"position\":2,\"name\":\"Ophiopogon \/ Japans slangengras\",\"item\":\"https:\/\/plantbezorgd.nl\/product-categorie\/ophiopogon-japans-slangengras\/\"},{\"@type\":\"ListItem\",\"position\":3,\"name\":\"Ophiopogon japonicus &#8211; Japans Slangengras\"}]},{\"@type\":\"WebSite\",\"@id\":\"https:\/\/plantbezorgd.nl\/#website\",\"url\":\"https:\/\/plantbezorgd.nl\/\",\"name\":\"PlantBezorgd\",\"description\":\"Betaalbare kwaliteitsplanten thuisbezorgd!\",\"publisher\":{\"@id\":\"https:\/\/plantbezorgd.nl\/#organization\"},\"potentialAction\":[{\"@type\":\"SearchAction\",\"target\":{\"@type\":\"EntryPoint\",\"urlTemplate\":\"https:\/\/plantbezorgd.nl\/?s={search_term_string}\"},\"query-input\":{\"@type\":\"PropertyValueSpecification\",\"valueRequired\":true,\"valueName\":\"search_term_string\"}}],\"inLanguage\":\"de\"},{\"@type\":\"Organization\",\"@id\":\"https:\/\/plantbezorgd.nl\/#organization\",\"name\":\"PlantBezorgd\",\"url\":\"https:\/\/plantbezorgd.nl\/\",\"logo\":{\"@type\":\"ImageObject\",\"inLanguage\":\"de\",\"@id\":\"https:\/\/plantbezorgd.nl\/#\/schema\/logo\/image\/\",\"url\":\"https:\/\/plantbezorgd.nl\/wp-content\/uploads\/2023\/05\/Logo.svg\",\"contentUrl\":\"https:\/\/plantbezorgd.nl\/wp-content\/uploads\/2023\/05\/Logo.svg\",\"caption\":\"PlantBezorgd\"},\"image\":{\"@id\":\"https:\/\/plantbezorgd.nl\/#\/schema\/logo\/image\/\"}}]}<\/script>\n<!-- \/ Yoast SEO plugin. -->","yoast_head_json":{"title":"Ophiopogon japonicus - Japanisches Schlangengras Online kaufen - PlantBezorgd","description":"Sie suchen Ophiopogon japonicus - Japanisches Schlangengras? \u2714 Niedrige Versandkosten \u2714 W\u00e4hlen Sie Ihren Liefertermin und -ort \u2714 Wachstumsgarantie!","robots":{"index":"index","follow":"follow","max-snippet":"max-snippet:-1","max-image-preview":"max-image-preview:large","max-video-preview":"max-video-preview:-1"},"canonical":"https:\/\/plantbezorgd.nl\/de\/produkt\/stauden-2\/ophiopogon-japonicus-japanisches-schlangengras\/","og_locale":"de_DE","og_type":"article","og_title":"Ophiopogon japonicus - Japans Slangengras Online Kopen - PlantBezorgd","og_description":"Op zoek naar de Ophiopogon japonicus - Japans Slangengras? \u2714 Lage verzendkosten \u2714 Kies je bezorgmoment & locatie \u2714 Groeigarantie!","og_url":"https:\/\/plantbezorgd.nl\/de\/produkt\/stauden-2\/ophiopogon-japonicus-japanisches-schlangengras\/","og_site_name":"PlantBezorgd","article_modified_time":"2026-04-30T02:41:28+00:00","og_image":[{"width":1024,"height":684,"url":"https:\/\/plantbezorgd.nl\/wp-content\/uploads\/2023\/06\/Ophiopogon-japonicus-Japans-Slangengras.jpg","type":"image\/jpeg"}],"twitter_card":"summary_large_image","twitter_misc":{"Gesch\u00e4tzte Lesezeit":"2\u00a0Minuten"},"schema":{"@context":"https:\/\/schema.org","@graph":[{"@type":"WebPage","@id":"https:\/\/plantbezorgd.nl\/product\/vaste-planten\/ophiopogon-japonicus-japans-slangengras\/","url":"https:\/\/plantbezorgd.nl\/product\/vaste-planten\/ophiopogon-japonicus-japans-slangengras\/","name":"Ophiopogon japonicus - Japanisches Schlangengras Online kaufen - PlantBezorgd","isPartOf":{"@id":"https:\/\/plantbezorgd.nl\/#website"},"primaryImageOfPage":{"@id":"https:\/\/plantbezorgd.nl\/product\/vaste-planten\/ophiopogon-japonicus-japans-slangengras\/#primaryimage"},"image":{"@id":"https:\/\/plantbezorgd.nl\/product\/vaste-planten\/ophiopogon-japonicus-japans-slangengras\/#primaryimage"},"thumbnailUrl":"https:\/\/plantbezorgd.nl\/wp-content\/uploads\/2023\/06\/Ophiopogon-japonicus-Japans-Slangengras.jpg","datePublished":"2023-06-10T09:31:46+00:00","dateModified":"2026-04-30T02:41:28+00:00","description":"Sie suchen Ophiopogon japonicus - Japanisches Schlangengras? \u2714 Niedrige Versandkosten \u2714 W\u00e4hlen Sie Ihren Liefertermin und -ort \u2714 Wachstumsgarantie!","breadcrumb":{"@id":"https:\/\/plantbezorgd.nl\/product\/vaste-planten\/ophiopogon-japonicus-japans-slangengras\/#breadcrumb"},"inLanguage":"de","potentialAction":[{"@type":"ReadAction","target":["https:\/\/plantbezorgd.nl\/product\/vaste-planten\/ophiopogon-japonicus-japans-slangengras\/"]}]},{"@type":"ImageObject","inLanguage":"de","@id":"https:\/\/plantbezorgd.nl\/product\/vaste-planten\/ophiopogon-japonicus-japans-slangengras\/#primaryimage","url":"https:\/\/plantbezorgd.nl\/wp-content\/uploads\/2023\/06\/Ophiopogon-japonicus-Japans-Slangengras.jpg","contentUrl":"https:\/\/plantbezorgd.nl\/wp-content\/uploads\/2023\/06\/Ophiopogon-japonicus-Japans-Slangengras.jpg","width":1024,"height":684},{"@type":"BreadcrumbList","@id":"https:\/\/plantbezorgd.nl\/product\/vaste-planten\/ophiopogon-japonicus-japans-slangengras\/#breadcrumb","itemListElement":[{"@type":"ListItem","position":1,"name":"Shop","item":"https:\/\/plantbezorgd.nl\/shop\/"},{"@type":"ListItem","position":2,"name":"Ophiopogon \/ Japans slangengras","item":"https:\/\/plantbezorgd.nl\/product-categorie\/ophiopogon-japans-slangengras\/"},{"@type":"ListItem","position":3,"name":"Ophiopogon japonicus &#8211; Japans Slangengras"}]},{"@type":"WebSite","@id":"https:\/\/plantbezorgd.nl\/#website","url":"https:\/\/plantbezorgd.nl\/","name":"PflanzenGeliefert","description":"Erschwingliche Qualit\u00e4tspflanzen direkt zu Ihnen nach Hause geliefert!","publisher":{"@id":"https:\/\/plantbezorgd.nl\/#organization"},"potentialAction":[{"@type":"SearchAction","target":{"@type":"EntryPoint","urlTemplate":"https:\/\/plantbezorgd.nl\/?s={search_term_string}"},"query-input":{"@type":"PropertyValueSpecification","valueRequired":true,"valueName":"search_term_string"}}],"inLanguage":"de"},{"@type":"Organization","@id":"https:\/\/plantbezorgd.nl\/#organization","name":"PflanzenGeliefert","url":"https:\/\/plantbezorgd.nl\/","logo":{"@type":"ImageObject","inLanguage":"de","@id":"https:\/\/plantbezorgd.nl\/#\/schema\/logo\/image\/","url":"https:\/\/plantbezorgd.nl\/wp-content\/uploads\/2023\/05\/Logo.svg","contentUrl":"https:\/\/plantbezorgd.nl\/wp-content\/uploads\/2023\/05\/Logo.svg","caption":"PlantBezorgd"},"image":{"@id":"https:\/\/plantbezorgd.nl\/#\/schema\/logo\/image\/"}}]}},"_links":{"self":[{"href":"https:\/\/plantbezorgd.nl\/de\/wp-json\/wp\/v2\/product\/3617","targetHints":{"allow":["GET"]}}],"collection":[{"href":"https:\/\/plantbezorgd.nl\/de\/wp-json\/wp\/v2\/product"}],"about":[{"href":"https:\/\/plantbezorgd.nl\/de\/wp-json\/wp\/v2\/types\/product"}],"replies":[{"embeddable":true,"href":"https:\/\/plantbezorgd.nl\/de\/wp-json\/wp\/v2\/comments?post=3617"}],"wp:featuredmedia":[{"embeddable":true,"href":"https:\/\/plantbezorgd.nl\/de\/wp-json\/wp\/v2\/media\/3618"}],"wp:attachment":[{"href":"https:\/\/plantbezorgd.nl\/de\/wp-json\/wp\/v2\/media?parent=3617"}],"wp:term":[{"taxonomy":"product_brand","embeddable":true,"href":"https:\/\/plantbezorgd.nl\/de\/wp-json\/wp\/v2\/product_brand?post=3617"},{"taxonomy":"product_cat","embeddable":true,"href":"https:\/\/plantbezorgd.nl\/de\/wp-json\/wp\/v2\/product_cat?post=3617"},{"taxonomy":"product_tag","embeddable":true,"href":"https:\/\/plantbezorgd.nl\/de\/wp-json\/wp\/v2\/product_tag?post=3617"}],"curies":[{"name":"wp","href":"https:\/\/api.w.org\/{rel}","templated":true}]}}