{"id":3545,"date":"2023-02-03T10:51:03","date_gmt":"2023-02-03T09:51:03","guid":{"rendered":"https:\/\/plantbezorgd.s01.klik3.dev\/product\/uncategorized\/pokon-gedroogde-mestkorrels-20kg\/"},"modified":"2025-02-14T14:57:54","modified_gmt":"2025-02-14T13:57:54","slug":"pokon-getrocknete-mistpellets-20-kg","status":"publish","type":"product","link":"https:\/\/plantbezorgd.nl\/de\/product\/grond-toebehoren\/pokon-gedroogde-mestkorrels-20kg\/","title":{"rendered":"Pokon Getrocknete D\u00fcngerpellets 20kg"},"content":{"rendered":"<div id=\"2d4e98a7-6772-11e9-a04b-06e8ffddb862\" class=\"template-column col-lg-5 col-md-5 col-sm-5\" data-uuid=\"2d4e98a7-6772-11e9-a04b-06e8ffddb862\">\n<div class=\"inner-column product-detail-middle-wrapper\" data-uuid=\"2d4e98a7-6772-11e9-a04b-06e8ffddb862\">\n<div class=\"container-fluid\">\n<div id=\"2d4ec574-6772-11e9-a04b-06e8ffddb862\" class=\"template-row row\" data-uuid=\"2d4ec574-6772-11e9-a04b-06e8ffddb862\">\n<div id=\"2d4ef150-6772-11e9-a04b-06e8ffddb862\" class=\"template-column col-sm-12\" data-uuid=\"2d4ef150-6772-11e9-a04b-06e8ffddb862\">\n<div class=\"inner-column product-info-wrapper\" data-uuid=\"2d4ef150-6772-11e9-a04b-06e8ffddb862\">\n<div id=\"2d539a9c-6772-11e9-a04b-06e8ffddb862\" class=\"template-component component view text product-detail-content push-20-b\">\n<div class=\"component-view\" data-uuid=\"2d539a9c-6772-11e9-a04b-06e8ffddb862\" data-path=\"2d2f2f58-6772-11e9-a04b-06e8ffddb862.2d2f58f8-6772-11e9-a04b-06e8ffddb862.2d2f8b24-6772-11e9-a04b-06e8ffddb862.2d4e98a7-6772-11e9-a04b-06e8ffddb862.2d4ec574-6772-11e9-a04b-06e8ffddb862.2d4ef150-6772-11e9-a04b-06e8ffddb862.2d539a9c-6772-11e9-a04b-06e8ffddb862\">\n<div class=\"UITextArea element-content\">\n<p>Pokon Trockenmistpellets, auch bekannt als Kuhmistpellets, sind ein nat\u00fcrlicher D\u00fcnger, der die Bodenstruktur verbessert. Die in den Pellets enthaltenen N\u00e4hrstoffe werden nach und nach freigesetzt und machen den Boden dadurch fruchtbarer.\u00a0<strong>100% Bio\u00a0<\/strong>Ein Produkt, das f\u00fcr alles verwendet werden kann, was im Garten w\u00e4chst und bl\u00fcht.<\/p>\n<h2>Benutzerhandbuch<\/h2>\n<p>Pokon Trockend\u00fcngerpellets k\u00f6nnen ganzj\u00e4hrig f\u00fcr Beete, Gem\u00fcseg\u00e4rten und Rasenfl\u00e4chen verwendet werden. Streuen Sie die Granulate einfach in den Boden.\u00a0<strong>Fr\u00fchling<\/strong>\u00a0f\u00fcr einen guten Start ins Jahr und um Ihre Gartenpflanzen zu sch\u00fctzen\u00a0<strong>Herbst<\/strong>\u00a0Frostschutz. Die D\u00fcngegranulate eignen sich sowohl f\u00fcr junge als auch f\u00fcr \u00e4ltere Pflanzen.<\/p>\n<ul>\n<li>Streuen Sie das Granulat entsprechend der angegebenen Dosierung ein.<\/li>\n<li>Wenn m\u00f6glich, sollten die Granulate in den Oberboden eingeharkt werden.<\/li>\n<li>Sofort Wasser hinzuf\u00fcgen, um das Granulat zu aktivieren.<\/li>\n<\/ul>\n<h2>Dosierung getrocknete Mistpellets<\/h2>\n<p><strong>Rasenfl\u00e4chen:<\/strong>\u00a01 Kilogramm (125 g) pro m\u00b2 nach dem M\u00e4hen, einmal monatlich gleichm\u00e4\u00dfig verteilen.<br \/>\nZuteilung:\u00a0<span class=\"redactor-invisible-space\">250 Gramm pro m\u00b2, verteilen und einharken.<br \/>\n<strong>Grenze:<\/strong>\u00a0500 Gramm pro m\u00b2, um die Pflanzen herum verteilen und einharken<br \/>\n<strong>Trauben:<\/strong>\u00a0500 Gramm pro Stock, um den Busch herum verteilen und dann gut einharken<br \/>\n<strong>Neubau:<\/strong>\u00a01 kg pro 5 m\u00b2, gut in die oberste Bodenschicht einarbeiten.<\/span><\/p>\n<h2>Zusammensetzung<\/h2>\n<p>Pokon Trockenmistpellets werden aus getrocknetem Tiermist hergestellt und enthalten einen hohen Anteil an organischer Substanz. Dadurch wird die Brandgefahr minimiert.<\/p>\n<h2>Pflegetipp<\/h2>\n<p>Pflanzen in T\u00f6pfen und Beeten ben\u00f6tigen mit der Zeit N\u00e4hrstoffe, da sie die im Boden vorhandenen N\u00e4hrstoffe verbrauchen. Pokon Trockend\u00fcngerpellets eignen sich besonders gut zur Bodenverbesserung und enthalten weniger N\u00e4hrstoffe als herk\u00f6mmliche Gartend\u00fcnger. D\u00fcngen Sie Ihre Gartenpflanzen regelm\u00e4\u00dfig, und Sie werden viel l\u00e4nger Freude an ihnen haben.<\/p>\n<\/div>\n<\/div>\n<\/div>\n<\/div>\n<\/div>\n<\/div>\n<\/div>\n<\/div>\n<\/div>","protected":false},"excerpt":{"rendered":"<p>Pokon Gedroogde Mestkorrels, ook bekend als Koemestkorrels, is een natuurlijke meststof die de structuur van jouw grond verbetert. De in de korrels aanwezige voeding komt geleidelijk vrij, waardoor de grond vruchtbaarder wordt. Het is een\u00a0100% organisch\u00a0product dat gebruikt kan worden bij alles wat groeit en bloeit in de tuin. Gebruiksaanwijzing Pokon Gedroogde Mestkorrels kunnen gedurende [&hellip;]<\/p>","protected":false},"featured_media":3546,"comment_status":"open","ping_status":"closed","template":"","meta":{"_acf_changed":false,"iawp_total_views":73},"product_brand":[],"product_cat":[316,229,228],"product_tag":[439,1587,436],"class_list":{"0":"post-3545","1":"product","2":"type-product","3":"status-publish","4":"has-post-thumbnail","6":"product_cat-alle-categorieen","7":"product_cat-bemesting","8":"product_cat-grond-toebehoren","9":"product_tag-alle","10":"product_tag-local","11":"product_tag-nietadverteren","13":"first","14":"instock","15":"taxable","16":"shipping-taxable","17":"purchasable","18":"product-type-simple"},"acf":[],"gallery_images":[],"yoast_head":"<!-- This site is optimized with the Yoast SEO plugin v25.3 - https:\/\/yoast.com\/wordpress\/plugins\/seo\/ -->\n<title>Pokon Gedroogde Mestkorrels 20kg Online Kopen - PlantBezorgd<\/title>\n<meta name=\"description\" content=\"Op zoek naar de Pokon Gedroogde Mestkorrels 20kg? \u2714 Lage verzendkosten \u2714 Kies je bezorgmoment &amp; locatie \u2714 Groeigarantie!\" \/>\n<meta name=\"robots\" content=\"index, follow, max-snippet:-1, max-image-preview:large, max-video-preview:-1\" \/>\n<link rel=\"canonical\" href=\"https:\/\/plantbezorgd.nl\/de\/produkt\/landzubehor-2\/pokon-getrocknete-mistpellets-20-kg\/\" \/>\n<meta property=\"og:locale\" content=\"de_DE\" \/>\n<meta property=\"og:type\" content=\"article\" \/>\n<meta property=\"og:title\" content=\"Pokon Gedroogde Mestkorrels 20kg Online Kopen - PlantBezorgd\" \/>\n<meta property=\"og:description\" content=\"Op zoek naar de Pokon Gedroogde Mestkorrels 20kg? \u2714 Lage verzendkosten \u2714 Kies je bezorgmoment &amp; locatie \u2714 Groeigarantie!\" \/>\n<meta property=\"og:url\" content=\"https:\/\/plantbezorgd.nl\/de\/produkt\/landzubehor-2\/pokon-getrocknete-mistpellets-20-kg\/\" \/>\n<meta property=\"og:site_name\" content=\"PlantBezorgd\" \/>\n<meta property=\"article:modified_time\" content=\"2025-02-14T13:57:54+00:00\" \/>\n<meta property=\"og:image\" content=\"https:\/\/cdn.plantbezorgd.nl\/wp-content\/uploads\/2023\/06\/Pokon-Gedroogde-Mestkorrels-20kg.jpg?strip=all&lossy=1&ssl=1\" \/>\n\t<meta property=\"og:image:width\" content=\"480\" \/>\n\t<meta property=\"og:image:height\" content=\"800\" \/>\n\t<meta property=\"og:image:type\" content=\"image\/jpeg\" \/>\n<meta name=\"twitter:card\" content=\"summary_large_image\" \/>\n<meta name=\"twitter:label1\" content=\"Gesch\u00e4tzte Lesezeit\" \/>\n\t<meta name=\"twitter:data1\" content=\"1\u00a0Minute\" \/>\n<script type=\"application\/ld+json\" class=\"yoast-schema-graph\">{\"@context\":\"https:\/\/schema.org\",\"@graph\":[{\"@type\":\"WebPage\",\"@id\":\"https:\/\/plantbezorgd.nl\/product\/grond-toebehoren\/pokon-gedroogde-mestkorrels-20kg\/\",\"url\":\"https:\/\/plantbezorgd.nl\/product\/grond-toebehoren\/pokon-gedroogde-mestkorrels-20kg\/\",\"name\":\"Pokon Gedroogde Mestkorrels 20kg Online Kopen - PlantBezorgd\",\"isPartOf\":{\"@id\":\"https:\/\/plantbezorgd.nl\/#website\"},\"primaryImageOfPage\":{\"@id\":\"https:\/\/plantbezorgd.nl\/product\/grond-toebehoren\/pokon-gedroogde-mestkorrels-20kg\/#primaryimage\"},\"image\":{\"@id\":\"https:\/\/plantbezorgd.nl\/product\/grond-toebehoren\/pokon-gedroogde-mestkorrels-20kg\/#primaryimage\"},\"thumbnailUrl\":\"https:\/\/plantbezorgd.nl\/wp-content\/uploads\/2023\/06\/Pokon-Gedroogde-Mestkorrels-20kg.jpg\",\"datePublished\":\"2023-02-03T09:51:03+00:00\",\"dateModified\":\"2025-02-14T13:57:54+00:00\",\"description\":\"Op zoek naar de Pokon Gedroogde Mestkorrels 20kg? \u2714 Lage verzendkosten \u2714 Kies je bezorgmoment & locatie \u2714 Groeigarantie!\",\"breadcrumb\":{\"@id\":\"https:\/\/plantbezorgd.nl\/product\/grond-toebehoren\/pokon-gedroogde-mestkorrels-20kg\/#breadcrumb\"},\"inLanguage\":\"de\",\"potentialAction\":[{\"@type\":\"ReadAction\",\"target\":[\"https:\/\/plantbezorgd.nl\/product\/grond-toebehoren\/pokon-gedroogde-mestkorrels-20kg\/\"]}]},{\"@type\":\"ImageObject\",\"inLanguage\":\"de\",\"@id\":\"https:\/\/plantbezorgd.nl\/product\/grond-toebehoren\/pokon-gedroogde-mestkorrels-20kg\/#primaryimage\",\"url\":\"https:\/\/plantbezorgd.nl\/wp-content\/uploads\/2023\/06\/Pokon-Gedroogde-Mestkorrels-20kg.jpg\",\"contentUrl\":\"https:\/\/plantbezorgd.nl\/wp-content\/uploads\/2023\/06\/Pokon-Gedroogde-Mestkorrels-20kg.jpg\",\"width\":480,\"height\":800},{\"@type\":\"BreadcrumbList\",\"@id\":\"https:\/\/plantbezorgd.nl\/product\/grond-toebehoren\/pokon-gedroogde-mestkorrels-20kg\/#breadcrumb\",\"itemListElement\":[{\"@type\":\"ListItem\",\"position\":1,\"name\":\"Shop\",\"item\":\"https:\/\/plantbezorgd.nl\/shop\/\"},{\"@type\":\"ListItem\",\"position\":2,\"name\":\"Bemesting\",\"item\":\"https:\/\/plantbezorgd.nl\/product-categorie\/bemesting\/\"},{\"@type\":\"ListItem\",\"position\":3,\"name\":\"Pokon Gedroogde Mestkorrels 20kg\"}]},{\"@type\":\"WebSite\",\"@id\":\"https:\/\/plantbezorgd.nl\/#website\",\"url\":\"https:\/\/plantbezorgd.nl\/\",\"name\":\"PlantBezorgd\",\"description\":\"Betaalbare kwaliteitsplanten thuisbezorgd!\",\"publisher\":{\"@id\":\"https:\/\/plantbezorgd.nl\/#organization\"},\"potentialAction\":[{\"@type\":\"SearchAction\",\"target\":{\"@type\":\"EntryPoint\",\"urlTemplate\":\"https:\/\/plantbezorgd.nl\/?s={search_term_string}\"},\"query-input\":{\"@type\":\"PropertyValueSpecification\",\"valueRequired\":true,\"valueName\":\"search_term_string\"}}],\"inLanguage\":\"de\"},{\"@type\":\"Organization\",\"@id\":\"https:\/\/plantbezorgd.nl\/#organization\",\"name\":\"PlantBezorgd\",\"url\":\"https:\/\/plantbezorgd.nl\/\",\"logo\":{\"@type\":\"ImageObject\",\"inLanguage\":\"de\",\"@id\":\"https:\/\/plantbezorgd.nl\/#\/schema\/logo\/image\/\",\"url\":\"https:\/\/plantbezorgd.nl\/wp-content\/uploads\/2023\/05\/Logo.svg\",\"contentUrl\":\"https:\/\/plantbezorgd.nl\/wp-content\/uploads\/2023\/05\/Logo.svg\",\"caption\":\"PlantBezorgd\"},\"image\":{\"@id\":\"https:\/\/plantbezorgd.nl\/#\/schema\/logo\/image\/\"}}]}<\/script>\n<!-- \/ Yoast SEO plugin. -->","yoast_head_json":{"title":"Pokon Trockend\u00fcngerpellets 20 kg online kaufen - PlantBezorgd","description":"Suchen Sie Pokon Trockend\u00fcngerpellets (20 kg)? \u2714 Niedrige Versandkosten \u2714 Lieferzeit und -ort frei w\u00e4hlbar \u2714 Wachstumsgarantie!","robots":{"index":"index","follow":"follow","max-snippet":"max-snippet:-1","max-image-preview":"max-image-preview:large","max-video-preview":"max-video-preview:-1"},"canonical":"https:\/\/plantbezorgd.nl\/de\/produkt\/landzubehor-2\/pokon-getrocknete-mistpellets-20-kg\/","og_locale":"de_DE","og_type":"article","og_title":"Pokon Gedroogde Mestkorrels 20kg Online Kopen - PlantBezorgd","og_description":"Op zoek naar de Pokon Gedroogde Mestkorrels 20kg? \u2714 Lage verzendkosten \u2714 Kies je bezorgmoment & locatie \u2714 Groeigarantie!","og_url":"https:\/\/plantbezorgd.nl\/de\/produkt\/landzubehor-2\/pokon-getrocknete-mistpellets-20-kg\/","og_site_name":"PlantBezorgd","article_modified_time":"2025-02-14T13:57:54+00:00","og_image":[{"width":480,"height":800,"url":"https:\/\/cdn.plantbezorgd.nl\/wp-content\/uploads\/2023\/06\/Pokon-Gedroogde-Mestkorrels-20kg.jpg?strip=all&lossy=1&ssl=1","type":"image\/jpeg"}],"twitter_card":"summary_large_image","twitter_misc":{"Gesch\u00e4tzte Lesezeit":"1\u00a0Minute"},"schema":{"@context":"https:\/\/schema.org","@graph":[{"@type":"WebPage","@id":"https:\/\/plantbezorgd.nl\/product\/grond-toebehoren\/pokon-gedroogde-mestkorrels-20kg\/","url":"https:\/\/plantbezorgd.nl\/product\/grond-toebehoren\/pokon-gedroogde-mestkorrels-20kg\/","name":"Pokon Trockend\u00fcngerpellets 20 kg online kaufen - PlantBezorgd","isPartOf":{"@id":"https:\/\/plantbezorgd.nl\/#website"},"primaryImageOfPage":{"@id":"https:\/\/plantbezorgd.nl\/product\/grond-toebehoren\/pokon-gedroogde-mestkorrels-20kg\/#primaryimage"},"image":{"@id":"https:\/\/plantbezorgd.nl\/product\/grond-toebehoren\/pokon-gedroogde-mestkorrels-20kg\/#primaryimage"},"thumbnailUrl":"https:\/\/plantbezorgd.nl\/wp-content\/uploads\/2023\/06\/Pokon-Gedroogde-Mestkorrels-20kg.jpg","datePublished":"2023-02-03T09:51:03+00:00","dateModified":"2025-02-14T13:57:54+00:00","description":"Suchen Sie Pokon Trockend\u00fcngerpellets (20 kg)? \u2714 Niedrige Versandkosten \u2714 Lieferzeit und -ort frei w\u00e4hlbar \u2714 Wachstumsgarantie!","breadcrumb":{"@id":"https:\/\/plantbezorgd.nl\/product\/grond-toebehoren\/pokon-gedroogde-mestkorrels-20kg\/#breadcrumb"},"inLanguage":"de","potentialAction":[{"@type":"ReadAction","target":["https:\/\/plantbezorgd.nl\/product\/grond-toebehoren\/pokon-gedroogde-mestkorrels-20kg\/"]}]},{"@type":"ImageObject","inLanguage":"de","@id":"https:\/\/plantbezorgd.nl\/product\/grond-toebehoren\/pokon-gedroogde-mestkorrels-20kg\/#primaryimage","url":"https:\/\/plantbezorgd.nl\/wp-content\/uploads\/2023\/06\/Pokon-Gedroogde-Mestkorrels-20kg.jpg","contentUrl":"https:\/\/plantbezorgd.nl\/wp-content\/uploads\/2023\/06\/Pokon-Gedroogde-Mestkorrels-20kg.jpg","width":480,"height":800},{"@type":"BreadcrumbList","@id":"https:\/\/plantbezorgd.nl\/product\/grond-toebehoren\/pokon-gedroogde-mestkorrels-20kg\/#breadcrumb","itemListElement":[{"@type":"ListItem","position":1,"name":"Shop","item":"https:\/\/plantbezorgd.nl\/shop\/"},{"@type":"ListItem","position":2,"name":"Bemesting","item":"https:\/\/plantbezorgd.nl\/product-categorie\/bemesting\/"},{"@type":"ListItem","position":3,"name":"Pokon Gedroogde Mestkorrels 20kg"}]},{"@type":"WebSite","@id":"https:\/\/plantbezorgd.nl\/#website","url":"https:\/\/plantbezorgd.nl\/","name":"PflanzenGeliefert","description":"Erschwingliche Qualit\u00e4tspflanzen direkt zu Ihnen nach Hause geliefert!","publisher":{"@id":"https:\/\/plantbezorgd.nl\/#organization"},"potentialAction":[{"@type":"SearchAction","target":{"@type":"EntryPoint","urlTemplate":"https:\/\/plantbezorgd.nl\/?s={search_term_string}"},"query-input":{"@type":"PropertyValueSpecification","valueRequired":true,"valueName":"search_term_string"}}],"inLanguage":"de"},{"@type":"Organization","@id":"https:\/\/plantbezorgd.nl\/#organization","name":"PflanzenGeliefert","url":"https:\/\/plantbezorgd.nl\/","logo":{"@type":"ImageObject","inLanguage":"de","@id":"https:\/\/plantbezorgd.nl\/#\/schema\/logo\/image\/","url":"https:\/\/plantbezorgd.nl\/wp-content\/uploads\/2023\/05\/Logo.svg","contentUrl":"https:\/\/plantbezorgd.nl\/wp-content\/uploads\/2023\/05\/Logo.svg","caption":"PlantBezorgd"},"image":{"@id":"https:\/\/plantbezorgd.nl\/#\/schema\/logo\/image\/"}}]}},"_links":{"self":[{"href":"https:\/\/plantbezorgd.nl\/de\/wp-json\/wp\/v2\/product\/3545","targetHints":{"allow":["GET"]}}],"collection":[{"href":"https:\/\/plantbezorgd.nl\/de\/wp-json\/wp\/v2\/product"}],"about":[{"href":"https:\/\/plantbezorgd.nl\/de\/wp-json\/wp\/v2\/types\/product"}],"replies":[{"embeddable":true,"href":"https:\/\/plantbezorgd.nl\/de\/wp-json\/wp\/v2\/comments?post=3545"}],"wp:featuredmedia":[{"embeddable":true,"href":"https:\/\/plantbezorgd.nl\/de\/wp-json\/wp\/v2\/media\/3546"}],"wp:attachment":[{"href":"https:\/\/plantbezorgd.nl\/de\/wp-json\/wp\/v2\/media?parent=3545"}],"wp:term":[{"taxonomy":"product_brand","embeddable":true,"href":"https:\/\/plantbezorgd.nl\/de\/wp-json\/wp\/v2\/product_brand?post=3545"},{"taxonomy":"product_cat","embeddable":true,"href":"https:\/\/plantbezorgd.nl\/de\/wp-json\/wp\/v2\/product_cat?post=3545"},{"taxonomy":"product_tag","embeddable":true,"href":"https:\/\/plantbezorgd.nl\/de\/wp-json\/wp\/v2\/product_tag?post=3545"}],"curies":[{"name":"wp","href":"https:\/\/api.w.org\/{rel}","templated":true}]}}