{"id":3541,"date":"2023-05-07T06:55:18","date_gmt":"2023-05-07T04:55:18","guid":{"rendered":"https:\/\/plantbezorgd.s01.klik3.dev\/product\/uncategorized\/pokon-bio-kalk-5kg\/"},"modified":"2026-04-29T20:21:11","modified_gmt":"2026-04-29T18:21:11","slug":"pokon-bio-limette-5-kg","status":"publish","type":"product","link":"https:\/\/plantbezorgd.nl\/de\/product\/grond-toebehoren\/pokon-bio-kalk-5kg\/","title":{"rendered":"Pokon Bio-Kalk 5kg"},"content":{"rendered":"<div id=\"2d4e98a7-6772-11e9-a04b-06e8ffddb862\" class=\"template-column col-lg-5 col-md-5 col-sm-5\" data-uuid=\"2d4e98a7-6772-11e9-a04b-06e8ffddb862\">\n<div class=\"inner-column product-detail-middle-wrapper\" data-uuid=\"2d4e98a7-6772-11e9-a04b-06e8ffddb862\">\n<div class=\"container-fluid\">\n<div id=\"2d4ec574-6772-11e9-a04b-06e8ffddb862\" class=\"template-row row\" data-uuid=\"2d4ec574-6772-11e9-a04b-06e8ffddb862\">\n<div id=\"2d4ef150-6772-11e9-a04b-06e8ffddb862\" class=\"template-column col-sm-12\" data-uuid=\"2d4ef150-6772-11e9-a04b-06e8ffddb862\">\n<div class=\"inner-column product-info-wrapper\" data-uuid=\"2d4ef150-6772-11e9-a04b-06e8ffddb862\">\n<div id=\"2d539a9c-6772-11e9-a04b-06e8ffddb862\" class=\"template-component component view text product-detail-content push-20-b\">\n<div class=\"component-view\" data-uuid=\"2d539a9c-6772-11e9-a04b-06e8ffddb862\" data-path=\"2d2f2f58-6772-11e9-a04b-06e8ffddb862.2d2f58f8-6772-11e9-a04b-06e8ffddb862.2d2f8b24-6772-11e9-a04b-06e8ffddb862.2d4e98a7-6772-11e9-a04b-06e8ffddb862.2d4ec574-6772-11e9-a04b-06e8ffddb862.2d4ef150-6772-11e9-a04b-06e8ffddb862.2d539a9c-6772-11e9-a04b-06e8ffddb862\">\n<div class=\"UITextArea element-content\">\n<p>Pokon Bio Kalk verbessert die Bodenstruktur und wirkt der Bodenversauerung entgegen. Dadurch werden N\u00e4hrstoffe besser verf\u00fcgbar.\u00a0<strong>Pflanzen\u00a0<\/strong>und die\u00a0<strong>Rasen\u00a0<\/strong>Pokon Bio Kalk ist schnelll\u00f6slich und staubfrei. Der Kalk wird innerhalb k\u00fcrzester Zeit vollst\u00e4ndig vom Boden aufgenommen. Das Produkt wirkt schnell und effektiv. Durch das Ausbringen von Kalk auf dem Rasen wird Moosbildung verhindert. Dieser Kalk enth\u00e4lt au\u00dferdem 51 TP4T Magnesium. Magnesium versorgt Ihre Pflanzen mit zus\u00e4tzlichen N\u00e4hrstoffen und sorgt f\u00fcr eine sch\u00f6ne, sattgr\u00fcne Farbe der Bl\u00e4tter und des Rasens.<\/p>\n<h2>Gebrauchsanweisung f\u00fcr Bio Kalk<\/h2>\n<ol>\n<li>Verteilen Sie den Kalk gleichm\u00e4\u00dfig auf dem Rasen oder dem Boden im Zier- oder Gem\u00fcsegarten. Dies k\u00f6nnen Sie von Hand oder mit einem D\u00fcngerstreuer tun.<\/li>\n<li>Anschlie\u00dfend den Kalk in die oberste Bodenschicht einharken. Auf dem Rasen k\u00f6nnen die Kalkk\u00f6rner auf dem Gras liegen bleiben.<\/li>\n<li>Wasser, damit der Kalk sofort vom Boden aufgenommen werden kann.<\/li>\n<\/ol>\n<h2>Dosierung<\/h2>\n<p>F\u00fcr den Ziergarten: ca. 1 kg pro 5 m\u00b2<br \/>\nF\u00fcr den Rasen: ca. 1 kg pro 10 m\u00b2<\/p>\n<h2>Zeitraum<\/h2>\n<p>F\u00fcr beste Ergebnisse sollte der Kalk im Fr\u00fchjahr (unmittelbar nach einer m\u00f6glichen Frostperiode) oder im Herbst (September\/Oktober) ausgebracht werden.<\/p>\n<h2>Zusammensetzung<\/h2>\n<p>Pokon Kalk ist ein nat\u00fcrlicher Kalkd\u00fcnger in Granulatform. Carbonatkalkd\u00fcnger mit 51 % Magnesium.<\/p>\n<h2>Limettenspitzen<\/h2>\n<ul>\n<li>Kalk ist im Allgemeinen auf sandigen und humusreichen B\u00f6den wirksam. Man sollte sich jedoch bewusst sein, dass die Verwendung von Kalk den S\u00e4uregehalt des Bodens beeinflusst.<\/li>\n<li>Verwenden Sie keinen Kalk f\u00fcr Pflanzen, die sauren Boden ben\u00f6tigen, wie Heidekraut, Hortensien, Rhododendren, Nadelgeh\u00f6lze und Azaleen. Verbessern Sie den Boden dieser Pflanzen mit\u00a0<a href=\"https:\/\/plantbezorgd.nl\/de\/produkt\/hortensien-2\/pokon-gartentorf-10-liter\/\">Pokon Gartentorf<\/a>\u00a0und pflanzen Sie sie ein in\u00a0<a href=\"https:\/\/plantbezorgd.nl\/de\/produkt\/landzubehor-2\/pokon-pflanzerde-saureliebende-pflanzen-bio-30-liter-2\/\">Pokon Bepflanzung Boden s\u00e4ureliebende Pflanzen Bio<\/a>.<\/li>\n<li>Verteilen Sie Kalk und N\u00e4hrstoffe gleichzeitig auf Ihrem Rasen mit den kombinierten Granulaten des Pokon Rasend\u00fcngers mit Kalk 3-in-1.<\/li>\n<\/ul>\n<\/div>\n<\/div>\n<\/div>\n<\/div>\n<\/div>\n<\/div>\n<\/div>\n<\/div>\n<\/div>","protected":false},"excerpt":{"rendered":"<p>Pokon Bio Kalk verbetert de bodemstructuur en gaat verzuring van de grond tegen. Hierdoor zijn voedingsstoffen beter beschikbaar, waardoor\u00a0planten\u00a0en het\u00a0gazon\u00a0beter kunnen ontwikkelen. Pokon Bio Kalk is snel oplosbaar en stuift niet. De kalk wordt in korte tijd helemaal door de grond opgenomen. Het middel werkt snel en effectief. Door kalk op het gazon te strooien, [&hellip;]<\/p>","protected":false},"featured_media":3542,"comment_status":"open","ping_status":"closed","template":"","meta":{"_acf_changed":false,"iawp_total_views":42},"product_brand":[],"product_cat":[316,229,228,327,357,328,326,329],"product_tag":[439,1587,436],"class_list":{"0":"post-3541","1":"product","2":"type-product","3":"status-publish","4":"has-post-thumbnail","6":"product_cat-alle-categorieen","7":"product_cat-bemesting","8":"product_cat-grond-toebehoren","9":"product_cat-hydrangea-arborescens-bolhortensia","10":"product_cat-hydrangea-endless-summer","11":"product_cat-hydrangea-macrophylla-boerenhortensia-gewone-hortensia","12":"product_cat-hydrangea-paniculata-pluimhortensia","13":"product_cat-hydrangea-quercifolia-eikenbladhortensia","14":"product_tag-alle","15":"product_tag-local","16":"product_tag-nietadverteren","18":"first","19":"instock","20":"taxable","21":"shipping-taxable","22":"purchasable","23":"product-type-simple"},"acf":[],"gallery_images":[],"yoast_head":"<!-- This site is optimized with the Yoast SEO plugin v25.3 - https:\/\/yoast.com\/wordpress\/plugins\/seo\/ -->\n<title>Pokon Bio Kalk 5kg Online Kopen - PlantBezorgd<\/title>\n<meta name=\"description\" content=\"Op zoek naar de Pokon Bio Kalk 5kg? \u2714 Lage verzendkosten \u2714 Kies je bezorgmoment &amp; locatie \u2714 Groeigarantie!\" \/>\n<meta name=\"robots\" content=\"index, follow, max-snippet:-1, max-image-preview:large, max-video-preview:-1\" \/>\n<link rel=\"canonical\" href=\"https:\/\/plantbezorgd.nl\/de\/produkt\/landzubehor-2\/pokon-bio-limette-5-kg\/\" \/>\n<meta property=\"og:locale\" content=\"de_DE\" \/>\n<meta property=\"og:type\" content=\"article\" \/>\n<meta property=\"og:title\" content=\"Pokon Bio Kalk 5kg Online Kopen - PlantBezorgd\" \/>\n<meta property=\"og:description\" content=\"Op zoek naar de Pokon Bio Kalk 5kg? \u2714 Lage verzendkosten \u2714 Kies je bezorgmoment &amp; locatie \u2714 Groeigarantie!\" \/>\n<meta property=\"og:url\" content=\"https:\/\/plantbezorgd.nl\/de\/produkt\/landzubehor-2\/pokon-bio-limette-5-kg\/\" \/>\n<meta property=\"og:site_name\" content=\"PlantBezorgd\" \/>\n<meta property=\"article:modified_time\" content=\"2026-04-29T18:21:11+00:00\" \/>\n<meta property=\"og:image\" content=\"https:\/\/plantbezorgd.nl\/wp-content\/uploads\/2023\/06\/Pokon-kalk-bio.jpg\" \/>\n\t<meta property=\"og:image:width\" content=\"500\" \/>\n\t<meta property=\"og:image:height\" content=\"400\" \/>\n\t<meta property=\"og:image:type\" content=\"image\/jpeg\" \/>\n<meta name=\"twitter:card\" content=\"summary_large_image\" \/>\n<meta name=\"twitter:label1\" content=\"Gesch\u00e4tzte Lesezeit\" \/>\n\t<meta name=\"twitter:data1\" content=\"1\u00a0Minute\" \/>\n<script type=\"application\/ld+json\" class=\"yoast-schema-graph\">{\"@context\":\"https:\/\/schema.org\",\"@graph\":[{\"@type\":\"WebPage\",\"@id\":\"https:\/\/plantbezorgd.nl\/product\/grond-toebehoren\/pokon-bio-kalk-5kg\/\",\"url\":\"https:\/\/plantbezorgd.nl\/product\/grond-toebehoren\/pokon-bio-kalk-5kg\/\",\"name\":\"Pokon Bio Kalk 5kg Online Kopen - PlantBezorgd\",\"isPartOf\":{\"@id\":\"https:\/\/plantbezorgd.nl\/#website\"},\"primaryImageOfPage\":{\"@id\":\"https:\/\/plantbezorgd.nl\/product\/grond-toebehoren\/pokon-bio-kalk-5kg\/#primaryimage\"},\"image\":{\"@id\":\"https:\/\/plantbezorgd.nl\/product\/grond-toebehoren\/pokon-bio-kalk-5kg\/#primaryimage\"},\"thumbnailUrl\":\"https:\/\/plantbezorgd.nl\/wp-content\/uploads\/2023\/06\/Pokon-kalk-bio.jpg\",\"datePublished\":\"2023-05-07T04:55:18+00:00\",\"dateModified\":\"2026-04-29T18:21:11+00:00\",\"description\":\"Op zoek naar de Pokon Bio Kalk 5kg? \u2714 Lage verzendkosten \u2714 Kies je bezorgmoment & locatie \u2714 Groeigarantie!\",\"breadcrumb\":{\"@id\":\"https:\/\/plantbezorgd.nl\/product\/grond-toebehoren\/pokon-bio-kalk-5kg\/#breadcrumb\"},\"inLanguage\":\"de\",\"potentialAction\":[{\"@type\":\"ReadAction\",\"target\":[\"https:\/\/plantbezorgd.nl\/product\/grond-toebehoren\/pokon-bio-kalk-5kg\/\"]}]},{\"@type\":\"ImageObject\",\"inLanguage\":\"de\",\"@id\":\"https:\/\/plantbezorgd.nl\/product\/grond-toebehoren\/pokon-bio-kalk-5kg\/#primaryimage\",\"url\":\"https:\/\/plantbezorgd.nl\/wp-content\/uploads\/2023\/06\/Pokon-kalk-bio.jpg\",\"contentUrl\":\"https:\/\/plantbezorgd.nl\/wp-content\/uploads\/2023\/06\/Pokon-kalk-bio.jpg\",\"width\":500,\"height\":400},{\"@type\":\"BreadcrumbList\",\"@id\":\"https:\/\/plantbezorgd.nl\/product\/grond-toebehoren\/pokon-bio-kalk-5kg\/#breadcrumb\",\"itemListElement\":[{\"@type\":\"ListItem\",\"position\":1,\"name\":\"Shop\",\"item\":\"https:\/\/plantbezorgd.nl\/shop\/\"},{\"@type\":\"ListItem\",\"position\":2,\"name\":\"Bemesting\",\"item\":\"https:\/\/plantbezorgd.nl\/product-categorie\/bemesting\/\"},{\"@type\":\"ListItem\",\"position\":3,\"name\":\"Pokon Bio Kalk 5kg\"}]},{\"@type\":\"WebSite\",\"@id\":\"https:\/\/plantbezorgd.nl\/#website\",\"url\":\"https:\/\/plantbezorgd.nl\/\",\"name\":\"PlantBezorgd\",\"description\":\"Betaalbare kwaliteitsplanten thuisbezorgd!\",\"publisher\":{\"@id\":\"https:\/\/plantbezorgd.nl\/#organization\"},\"potentialAction\":[{\"@type\":\"SearchAction\",\"target\":{\"@type\":\"EntryPoint\",\"urlTemplate\":\"https:\/\/plantbezorgd.nl\/?s={search_term_string}\"},\"query-input\":{\"@type\":\"PropertyValueSpecification\",\"valueRequired\":true,\"valueName\":\"search_term_string\"}}],\"inLanguage\":\"de\"},{\"@type\":\"Organization\",\"@id\":\"https:\/\/plantbezorgd.nl\/#organization\",\"name\":\"PlantBezorgd\",\"url\":\"https:\/\/plantbezorgd.nl\/\",\"logo\":{\"@type\":\"ImageObject\",\"inLanguage\":\"de\",\"@id\":\"https:\/\/plantbezorgd.nl\/#\/schema\/logo\/image\/\",\"url\":\"https:\/\/plantbezorgd.nl\/wp-content\/uploads\/2023\/05\/Logo.svg\",\"contentUrl\":\"https:\/\/plantbezorgd.nl\/wp-content\/uploads\/2023\/05\/Logo.svg\",\"caption\":\"PlantBezorgd\"},\"image\":{\"@id\":\"https:\/\/plantbezorgd.nl\/#\/schema\/logo\/image\/\"}}]}<\/script>\n<!-- \/ Yoast SEO plugin. -->","yoast_head_json":{"title":"Kaufen Sie Pokon Bio-Limette 5 kg online \u2013 PlantBezorgd","description":"Suchen Sie Pokon Bio-Kalk (5 kg)? \u2714 Niedrige Versandkosten \u2714 Lieferzeit und -ort frei w\u00e4hlbar \u2714 Wachstumsgarantie!","robots":{"index":"index","follow":"follow","max-snippet":"max-snippet:-1","max-image-preview":"max-image-preview:large","max-video-preview":"max-video-preview:-1"},"canonical":"https:\/\/plantbezorgd.nl\/de\/produkt\/landzubehor-2\/pokon-bio-limette-5-kg\/","og_locale":"de_DE","og_type":"article","og_title":"Pokon Bio Kalk 5kg Online Kopen - PlantBezorgd","og_description":"Op zoek naar de Pokon Bio Kalk 5kg? \u2714 Lage verzendkosten \u2714 Kies je bezorgmoment & locatie \u2714 Groeigarantie!","og_url":"https:\/\/plantbezorgd.nl\/de\/produkt\/landzubehor-2\/pokon-bio-limette-5-kg\/","og_site_name":"PlantBezorgd","article_modified_time":"2026-04-29T18:21:11+00:00","og_image":[{"width":500,"height":400,"url":"https:\/\/plantbezorgd.nl\/wp-content\/uploads\/2023\/06\/Pokon-kalk-bio.jpg","type":"image\/jpeg"}],"twitter_card":"summary_large_image","twitter_misc":{"Gesch\u00e4tzte Lesezeit":"1\u00a0Minute"},"schema":{"@context":"https:\/\/schema.org","@graph":[{"@type":"WebPage","@id":"https:\/\/plantbezorgd.nl\/product\/grond-toebehoren\/pokon-bio-kalk-5kg\/","url":"https:\/\/plantbezorgd.nl\/product\/grond-toebehoren\/pokon-bio-kalk-5kg\/","name":"Kaufen Sie Pokon Bio-Limette 5 kg online \u2013 PlantBezorgd","isPartOf":{"@id":"https:\/\/plantbezorgd.nl\/#website"},"primaryImageOfPage":{"@id":"https:\/\/plantbezorgd.nl\/product\/grond-toebehoren\/pokon-bio-kalk-5kg\/#primaryimage"},"image":{"@id":"https:\/\/plantbezorgd.nl\/product\/grond-toebehoren\/pokon-bio-kalk-5kg\/#primaryimage"},"thumbnailUrl":"https:\/\/plantbezorgd.nl\/wp-content\/uploads\/2023\/06\/Pokon-kalk-bio.jpg","datePublished":"2023-05-07T04:55:18+00:00","dateModified":"2026-04-29T18:21:11+00:00","description":"Suchen Sie Pokon Bio-Kalk (5 kg)? \u2714 Niedrige Versandkosten \u2714 Lieferzeit und -ort frei w\u00e4hlbar \u2714 Wachstumsgarantie!","breadcrumb":{"@id":"https:\/\/plantbezorgd.nl\/product\/grond-toebehoren\/pokon-bio-kalk-5kg\/#breadcrumb"},"inLanguage":"de","potentialAction":[{"@type":"ReadAction","target":["https:\/\/plantbezorgd.nl\/product\/grond-toebehoren\/pokon-bio-kalk-5kg\/"]}]},{"@type":"ImageObject","inLanguage":"de","@id":"https:\/\/plantbezorgd.nl\/product\/grond-toebehoren\/pokon-bio-kalk-5kg\/#primaryimage","url":"https:\/\/plantbezorgd.nl\/wp-content\/uploads\/2023\/06\/Pokon-kalk-bio.jpg","contentUrl":"https:\/\/plantbezorgd.nl\/wp-content\/uploads\/2023\/06\/Pokon-kalk-bio.jpg","width":500,"height":400},{"@type":"BreadcrumbList","@id":"https:\/\/plantbezorgd.nl\/product\/grond-toebehoren\/pokon-bio-kalk-5kg\/#breadcrumb","itemListElement":[{"@type":"ListItem","position":1,"name":"Shop","item":"https:\/\/plantbezorgd.nl\/shop\/"},{"@type":"ListItem","position":2,"name":"Bemesting","item":"https:\/\/plantbezorgd.nl\/product-categorie\/bemesting\/"},{"@type":"ListItem","position":3,"name":"Pokon Bio Kalk 5kg"}]},{"@type":"WebSite","@id":"https:\/\/plantbezorgd.nl\/#website","url":"https:\/\/plantbezorgd.nl\/","name":"PflanzenGeliefert","description":"Erschwingliche Qualit\u00e4tspflanzen direkt zu Ihnen nach Hause geliefert!","publisher":{"@id":"https:\/\/plantbezorgd.nl\/#organization"},"potentialAction":[{"@type":"SearchAction","target":{"@type":"EntryPoint","urlTemplate":"https:\/\/plantbezorgd.nl\/?s={search_term_string}"},"query-input":{"@type":"PropertyValueSpecification","valueRequired":true,"valueName":"search_term_string"}}],"inLanguage":"de"},{"@type":"Organization","@id":"https:\/\/plantbezorgd.nl\/#organization","name":"PflanzenGeliefert","url":"https:\/\/plantbezorgd.nl\/","logo":{"@type":"ImageObject","inLanguage":"de","@id":"https:\/\/plantbezorgd.nl\/#\/schema\/logo\/image\/","url":"https:\/\/plantbezorgd.nl\/wp-content\/uploads\/2023\/05\/Logo.svg","contentUrl":"https:\/\/plantbezorgd.nl\/wp-content\/uploads\/2023\/05\/Logo.svg","caption":"PlantBezorgd"},"image":{"@id":"https:\/\/plantbezorgd.nl\/#\/schema\/logo\/image\/"}}]}},"_links":{"self":[{"href":"https:\/\/plantbezorgd.nl\/de\/wp-json\/wp\/v2\/product\/3541","targetHints":{"allow":["GET"]}}],"collection":[{"href":"https:\/\/plantbezorgd.nl\/de\/wp-json\/wp\/v2\/product"}],"about":[{"href":"https:\/\/plantbezorgd.nl\/de\/wp-json\/wp\/v2\/types\/product"}],"replies":[{"embeddable":true,"href":"https:\/\/plantbezorgd.nl\/de\/wp-json\/wp\/v2\/comments?post=3541"}],"wp:featuredmedia":[{"embeddable":true,"href":"https:\/\/plantbezorgd.nl\/de\/wp-json\/wp\/v2\/media\/3542"}],"wp:attachment":[{"href":"https:\/\/plantbezorgd.nl\/de\/wp-json\/wp\/v2\/media?parent=3541"}],"wp:term":[{"taxonomy":"product_brand","embeddable":true,"href":"https:\/\/plantbezorgd.nl\/de\/wp-json\/wp\/v2\/product_brand?post=3541"},{"taxonomy":"product_cat","embeddable":true,"href":"https:\/\/plantbezorgd.nl\/de\/wp-json\/wp\/v2\/product_cat?post=3541"},{"taxonomy":"product_tag","embeddable":true,"href":"https:\/\/plantbezorgd.nl\/de\/wp-json\/wp\/v2\/product_tag?post=3541"}],"curies":[{"name":"wp","href":"https:\/\/api.w.org\/{rel}","templated":true}]}}