{"id":3477,"date":"2023-02-03T10:51:10","date_gmt":"2023-02-03T09:51:10","guid":{"rendered":"https:\/\/plantbezorgd.s01.klik3.dev\/product\/uncategorized\/kaart-gefeliciteerd\/"},"modified":"2026-05-01T04:40:59","modified_gmt":"2026-05-01T02:40:59","slug":"gluckwunschkarte","status":"publish","type":"product","link":"https:\/\/plantbezorgd.nl\/de\/product\/geen-categorie\/kaart-gefeliciteerd\/","title":{"rendered":"Gl\u00fcckwunschkarte"},"content":{"rendered":"<p>Eine handgeschriebene Karte, die Sie Ihrer Bestellung hinzuf\u00fcgen k\u00f6nnen \u2013 zum Beispiel f\u00fcr einen Einzug oder Geburtstag! Geben Sie Ihre Nachricht einfach im Kommentarfeld w\u00e4hrend des Bestellvorgangs ein, und wir sorgen daf\u00fcr, dass sie auf der Karte erscheint!<\/p>","protected":false},"excerpt":{"rendered":"<p>Eine handgeschriebene Karte, die Sie Ihrer Bestellung hinzuf\u00fcgen k\u00f6nnen \u2013 zum Beispiel f\u00fcr einen Einzug oder Geburtstag! Geben Sie Ihre Nachricht einfach im Kommentarfeld w\u00e4hrend des Bestellvorgangs ein, und wir sorgen daf\u00fcr, dass sie auf der Karte erscheint!<\/p>","protected":false},"featured_media":6712,"comment_status":"open","ping_status":"closed","template":"","meta":{"_acf_changed":false,"iawp_total_views":10},"product_brand":[],"product_cat":[220],"product_tag":[439,1587,436],"class_list":{"0":"post-3477","1":"product","2":"type-product","3":"status-publish","4":"has-post-thumbnail","6":"product_cat-geen-categorie","7":"product_tag-alle","8":"product_tag-local","9":"product_tag-nietadverteren","11":"first","12":"instock","13":"taxable","14":"shipping-taxable","15":"purchasable","16":"product-type-simple"},"acf":[],"gallery_images":[3479],"yoast_head":"<!-- This site is optimized with the Yoast SEO plugin v25.3 - https:\/\/yoast.com\/wordpress\/plugins\/seo\/ -->\n<title>Kaart &#039;Gefeliciteerd&#039; Online Kopen - PlantBezorgd<\/title>\n<meta name=\"description\" content=\"Op zoek naar de Kaart &#039;Gefeliciteerd&#039;? \u2714 Lage verzendkosten \u2714 Kies je bezorgmoment &amp; locatie \u2714 Groeigarantie!\" \/>\n<meta name=\"robots\" content=\"index, follow, max-snippet:-1, max-image-preview:large, max-video-preview:-1\" \/>\n<link rel=\"canonical\" href=\"https:\/\/plantbezorgd.nl\/de\/produkt\/keine-kategorie\/gluckwunschkarte\/\" \/>\n<meta property=\"og:locale\" content=\"de_DE\" \/>\n<meta property=\"og:type\" content=\"article\" \/>\n<meta property=\"og:title\" content=\"Kaart &#039;Gefeliciteerd&#039; Online Kopen - PlantBezorgd\" \/>\n<meta property=\"og:description\" content=\"Op zoek naar de Kaart &#039;Gefeliciteerd&#039;? \u2714 Lage verzendkosten \u2714 Kies je bezorgmoment &amp; locatie \u2714 Groeigarantie!\" \/>\n<meta property=\"og:url\" content=\"https:\/\/plantbezorgd.nl\/de\/produkt\/keine-kategorie\/gluckwunschkarte\/\" \/>\n<meta property=\"og:site_name\" content=\"PlantBezorgd\" \/>\n<meta property=\"article:modified_time\" content=\"2026-05-01T02:40:59+00:00\" \/>\n<meta property=\"og:image\" content=\"https:\/\/cdn.plantbezorgd.nl\/wp-content\/uploads\/2023\/06\/Kaart-gefeliciteerd-plantbezorgd-scaled-2.jpg?strip=all&lossy=1&ssl=1\" \/>\n\t<meta property=\"og:image:width\" content=\"924\" \/>\n\t<meta property=\"og:image:height\" content=\"1232\" \/>\n\t<meta property=\"og:image:type\" content=\"image\/jpeg\" \/>\n<meta name=\"twitter:card\" content=\"summary_large_image\" \/>\n<script type=\"application\/ld+json\" class=\"yoast-schema-graph\">{\"@context\":\"https:\/\/schema.org\",\"@graph\":[{\"@type\":\"WebPage\",\"@id\":\"https:\/\/plantbezorgd.nl\/product\/geen-categorie\/kaart-gefeliciteerd\/\",\"url\":\"https:\/\/plantbezorgd.nl\/product\/geen-categorie\/kaart-gefeliciteerd\/\",\"name\":\"Kaart 'Gefeliciteerd' Online Kopen - PlantBezorgd\",\"isPartOf\":{\"@id\":\"https:\/\/plantbezorgd.nl\/#website\"},\"primaryImageOfPage\":{\"@id\":\"https:\/\/plantbezorgd.nl\/product\/geen-categorie\/kaart-gefeliciteerd\/#primaryimage\"},\"image\":{\"@id\":\"https:\/\/plantbezorgd.nl\/product\/geen-categorie\/kaart-gefeliciteerd\/#primaryimage\"},\"thumbnailUrl\":\"https:\/\/plantbezorgd.nl\/wp-content\/uploads\/2023\/06\/Kaart-gefeliciteerd-plantbezorgd-scaled-2.jpg\",\"datePublished\":\"2023-02-03T09:51:10+00:00\",\"dateModified\":\"2026-05-01T02:40:59+00:00\",\"description\":\"Op zoek naar de Kaart 'Gefeliciteerd'? \u2714 Lage verzendkosten \u2714 Kies je bezorgmoment & locatie \u2714 Groeigarantie!\",\"breadcrumb\":{\"@id\":\"https:\/\/plantbezorgd.nl\/product\/geen-categorie\/kaart-gefeliciteerd\/#breadcrumb\"},\"inLanguage\":\"de\",\"potentialAction\":[{\"@type\":\"ReadAction\",\"target\":[\"https:\/\/plantbezorgd.nl\/product\/geen-categorie\/kaart-gefeliciteerd\/\"]}]},{\"@type\":\"ImageObject\",\"inLanguage\":\"de\",\"@id\":\"https:\/\/plantbezorgd.nl\/product\/geen-categorie\/kaart-gefeliciteerd\/#primaryimage\",\"url\":\"https:\/\/plantbezorgd.nl\/wp-content\/uploads\/2023\/06\/Kaart-gefeliciteerd-plantbezorgd-scaled-2.jpg\",\"contentUrl\":\"https:\/\/plantbezorgd.nl\/wp-content\/uploads\/2023\/06\/Kaart-gefeliciteerd-plantbezorgd-scaled-2.jpg\",\"width\":924,\"height\":1232},{\"@type\":\"BreadcrumbList\",\"@id\":\"https:\/\/plantbezorgd.nl\/product\/geen-categorie\/kaart-gefeliciteerd\/#breadcrumb\",\"itemListElement\":[{\"@type\":\"ListItem\",\"position\":1,\"name\":\"Shop\",\"item\":\"https:\/\/plantbezorgd.nl\/shop\/\"},{\"@type\":\"ListItem\",\"position\":2,\"name\":\"Geen categorie\",\"item\":\"https:\/\/plantbezorgd.nl\/product-categorie\/geen-categorie\/\"},{\"@type\":\"ListItem\",\"position\":3,\"name\":\"Kaart &#8216;Gefeliciteerd&#8217;\"}]},{\"@type\":\"WebSite\",\"@id\":\"https:\/\/plantbezorgd.nl\/#website\",\"url\":\"https:\/\/plantbezorgd.nl\/\",\"name\":\"PlantBezorgd\",\"description\":\"Betaalbare kwaliteitsplanten thuisbezorgd!\",\"publisher\":{\"@id\":\"https:\/\/plantbezorgd.nl\/#organization\"},\"potentialAction\":[{\"@type\":\"SearchAction\",\"target\":{\"@type\":\"EntryPoint\",\"urlTemplate\":\"https:\/\/plantbezorgd.nl\/?s={search_term_string}\"},\"query-input\":{\"@type\":\"PropertyValueSpecification\",\"valueRequired\":true,\"valueName\":\"search_term_string\"}}],\"inLanguage\":\"de\"},{\"@type\":\"Organization\",\"@id\":\"https:\/\/plantbezorgd.nl\/#organization\",\"name\":\"PlantBezorgd\",\"url\":\"https:\/\/plantbezorgd.nl\/\",\"logo\":{\"@type\":\"ImageObject\",\"inLanguage\":\"de\",\"@id\":\"https:\/\/plantbezorgd.nl\/#\/schema\/logo\/image\/\",\"url\":\"https:\/\/plantbezorgd.nl\/wp-content\/uploads\/2023\/05\/Logo.svg\",\"contentUrl\":\"https:\/\/plantbezorgd.nl\/wp-content\/uploads\/2023\/05\/Logo.svg\",\"caption\":\"PlantBezorgd\"},\"image\":{\"@id\":\"https:\/\/plantbezorgd.nl\/#\/schema\/logo\/image\/\"}}]}<\/script>\n<!-- \/ Yoast SEO plugin. -->","yoast_head_json":{"title":"Kaufen Sie eine \u201eGl\u00fcckwunschkarte\u201c online \u2013 PlantBezorgd","description":"Suchen Sie die Gl\u00fcckwunschkarte? \u2714 Niedrige Versandkosten \u2714 Lieferzeit und -ort frei w\u00e4hlbar \u2714 Wachstumsgarantie!","robots":{"index":"index","follow":"follow","max-snippet":"max-snippet:-1","max-image-preview":"max-image-preview:large","max-video-preview":"max-video-preview:-1"},"canonical":"https:\/\/plantbezorgd.nl\/de\/produkt\/keine-kategorie\/gluckwunschkarte\/","og_locale":"de_DE","og_type":"article","og_title":"Kaart 'Gefeliciteerd' Online Kopen - PlantBezorgd","og_description":"Op zoek naar de Kaart 'Gefeliciteerd'? \u2714 Lage verzendkosten \u2714 Kies je bezorgmoment & locatie \u2714 Groeigarantie!","og_url":"https:\/\/plantbezorgd.nl\/de\/produkt\/keine-kategorie\/gluckwunschkarte\/","og_site_name":"PlantBezorgd","article_modified_time":"2026-05-01T02:40:59+00:00","og_image":[{"width":924,"height":1232,"url":"https:\/\/cdn.plantbezorgd.nl\/wp-content\/uploads\/2023\/06\/Kaart-gefeliciteerd-plantbezorgd-scaled-2.jpg?strip=all&lossy=1&ssl=1","type":"image\/jpeg"}],"twitter_card":"summary_large_image","schema":{"@context":"https:\/\/schema.org","@graph":[{"@type":"WebPage","@id":"https:\/\/plantbezorgd.nl\/product\/geen-categorie\/kaart-gefeliciteerd\/","url":"https:\/\/plantbezorgd.nl\/product\/geen-categorie\/kaart-gefeliciteerd\/","name":"Kaufen Sie eine \u201eGl\u00fcckwunschkarte\u201c online \u2013 PlantBezorgd","isPartOf":{"@id":"https:\/\/plantbezorgd.nl\/#website"},"primaryImageOfPage":{"@id":"https:\/\/plantbezorgd.nl\/product\/geen-categorie\/kaart-gefeliciteerd\/#primaryimage"},"image":{"@id":"https:\/\/plantbezorgd.nl\/product\/geen-categorie\/kaart-gefeliciteerd\/#primaryimage"},"thumbnailUrl":"https:\/\/plantbezorgd.nl\/wp-content\/uploads\/2023\/06\/Kaart-gefeliciteerd-plantbezorgd-scaled-2.jpg","datePublished":"2023-02-03T09:51:10+00:00","dateModified":"2026-05-01T02:40:59+00:00","description":"Suchen Sie die Gl\u00fcckwunschkarte? \u2714 Niedrige Versandkosten \u2714 Lieferzeit und -ort frei w\u00e4hlbar \u2714 Wachstumsgarantie!","breadcrumb":{"@id":"https:\/\/plantbezorgd.nl\/product\/geen-categorie\/kaart-gefeliciteerd\/#breadcrumb"},"inLanguage":"de","potentialAction":[{"@type":"ReadAction","target":["https:\/\/plantbezorgd.nl\/product\/geen-categorie\/kaart-gefeliciteerd\/"]}]},{"@type":"ImageObject","inLanguage":"de","@id":"https:\/\/plantbezorgd.nl\/product\/geen-categorie\/kaart-gefeliciteerd\/#primaryimage","url":"https:\/\/plantbezorgd.nl\/wp-content\/uploads\/2023\/06\/Kaart-gefeliciteerd-plantbezorgd-scaled-2.jpg","contentUrl":"https:\/\/plantbezorgd.nl\/wp-content\/uploads\/2023\/06\/Kaart-gefeliciteerd-plantbezorgd-scaled-2.jpg","width":924,"height":1232},{"@type":"BreadcrumbList","@id":"https:\/\/plantbezorgd.nl\/product\/geen-categorie\/kaart-gefeliciteerd\/#breadcrumb","itemListElement":[{"@type":"ListItem","position":1,"name":"Shop","item":"https:\/\/plantbezorgd.nl\/shop\/"},{"@type":"ListItem","position":2,"name":"Geen categorie","item":"https:\/\/plantbezorgd.nl\/product-categorie\/geen-categorie\/"},{"@type":"ListItem","position":3,"name":"Kaart &#8216;Gefeliciteerd&#8217;"}]},{"@type":"WebSite","@id":"https:\/\/plantbezorgd.nl\/#website","url":"https:\/\/plantbezorgd.nl\/","name":"PflanzenGeliefert","description":"Erschwingliche Qualit\u00e4tspflanzen direkt zu Ihnen nach Hause geliefert!","publisher":{"@id":"https:\/\/plantbezorgd.nl\/#organization"},"potentialAction":[{"@type":"SearchAction","target":{"@type":"EntryPoint","urlTemplate":"https:\/\/plantbezorgd.nl\/?s={search_term_string}"},"query-input":{"@type":"PropertyValueSpecification","valueRequired":true,"valueName":"search_term_string"}}],"inLanguage":"de"},{"@type":"Organization","@id":"https:\/\/plantbezorgd.nl\/#organization","name":"PflanzenGeliefert","url":"https:\/\/plantbezorgd.nl\/","logo":{"@type":"ImageObject","inLanguage":"de","@id":"https:\/\/plantbezorgd.nl\/#\/schema\/logo\/image\/","url":"https:\/\/plantbezorgd.nl\/wp-content\/uploads\/2023\/05\/Logo.svg","contentUrl":"https:\/\/plantbezorgd.nl\/wp-content\/uploads\/2023\/05\/Logo.svg","caption":"PlantBezorgd"},"image":{"@id":"https:\/\/plantbezorgd.nl\/#\/schema\/logo\/image\/"}}]}},"_links":{"self":[{"href":"https:\/\/plantbezorgd.nl\/de\/wp-json\/wp\/v2\/product\/3477","targetHints":{"allow":["GET"]}}],"collection":[{"href":"https:\/\/plantbezorgd.nl\/de\/wp-json\/wp\/v2\/product"}],"about":[{"href":"https:\/\/plantbezorgd.nl\/de\/wp-json\/wp\/v2\/types\/product"}],"replies":[{"embeddable":true,"href":"https:\/\/plantbezorgd.nl\/de\/wp-json\/wp\/v2\/comments?post=3477"}],"wp:featuredmedia":[{"embeddable":true,"href":"https:\/\/plantbezorgd.nl\/de\/wp-json\/wp\/v2\/media\/6712"}],"wp:attachment":[{"href":"https:\/\/plantbezorgd.nl\/de\/wp-json\/wp\/v2\/media?parent=3477"}],"wp:term":[{"taxonomy":"product_brand","embeddable":true,"href":"https:\/\/plantbezorgd.nl\/de\/wp-json\/wp\/v2\/product_brand?post=3477"},{"taxonomy":"product_cat","embeddable":true,"href":"https:\/\/plantbezorgd.nl\/de\/wp-json\/wp\/v2\/product_cat?post=3477"},{"taxonomy":"product_tag","embeddable":true,"href":"https:\/\/plantbezorgd.nl\/de\/wp-json\/wp\/v2\/product_tag?post=3477"}],"curies":[{"name":"wp","href":"https:\/\/api.w.org\/{rel}","templated":true}]}}