{"id":3190,"date":"2023-02-02T09:50:51","date_gmt":"2023-02-02T08:50:51","guid":{"rendered":"https:\/\/plantbezorgd.s01.klik3.dev\/product\/uncategorized\/pokon-boomschors-excellent-10-liter\/"},"modified":"2026-04-14T04:32:17","modified_gmt":"2026-04-14T02:32:17","slug":"pokon-baumrinde-ausgezeichnet-10-liter","status":"publish","type":"product","link":"https:\/\/plantbezorgd.nl\/de\/produkt\/hortensien-2\/pokon-baumrinde-ausgezeichnet-10-liter\/","title":{"rendered":"Culvita Holl\u00e4ndische Baumrinde 40 Liter"},"content":{"rendered":"<div id=\"2d4e98a7-6772-11e9-a04b-06e8ffddb862\" class=\"template-column col-lg-5 col-md-5 col-sm-5\" data-uuid=\"2d4e98a7-6772-11e9-a04b-06e8ffddb862\">\n<div class=\"inner-column product-detail-middle-wrapper\" data-uuid=\"2d4e98a7-6772-11e9-a04b-06e8ffddb862\">\n<div class=\"container-fluid\">\n<div id=\"2d4ec574-6772-11e9-a04b-06e8ffddb862\" class=\"template-row row\" data-uuid=\"2d4ec574-6772-11e9-a04b-06e8ffddb862\">\n<div id=\"2d4ef150-6772-11e9-a04b-06e8ffddb862\" class=\"template-column col-sm-12\" data-uuid=\"2d4ef150-6772-11e9-a04b-06e8ffddb862\">\n<div class=\"inner-column product-info-wrapper\" data-uuid=\"2d4ef150-6772-11e9-a04b-06e8ffddb862\">\n<div id=\"2d539a9c-6772-11e9-a04b-06e8ffddb862\" class=\"template-component component view text product-detail-content push-20-b\">\n<div class=\"component-view\" data-uuid=\"2d539a9c-6772-11e9-a04b-06e8ffddb862\" data-path=\"2d2f2f58-6772-11e9-a04b-06e8ffddb862.2d2f58f8-6772-11e9-a04b-06e8ffddb862.2d2f8b24-6772-11e9-a04b-06e8ffddb862.2d4e98a7-6772-11e9-a04b-06e8ffddb862.2d4ec574-6772-11e9-a04b-06e8ffddb862.2d4ef150-6772-11e9-a04b-06e8ffddb862.2d539a9c-6772-11e9-a04b-06e8ffddb862\">\n<div class=\"UITextArea element-content\">\n<p>Culvita Dutch Tree Bark enth\u00e4lt relativ kleine Baumrindenst\u00fccke. Diese hochwertige 10-Liter-Packung Baumrinde eignet sich daher ideal zum Abdecken von Blument\u00f6pfen, Beeten und Pflanzgef\u00e4\u00dfen. Sie bildet eine dekorative Schicht und hat gleichzeitig feuchtigkeitsregulierende Eigenschaften, sodass die Erde weniger schnell austrocknet.<\/p>\n<p>Benutzerhandbuch<\/p>\n<ul>\n<li>Beim Ausbringen des Bodens und sobald die vorhandene Schicht zu d\u00fcnn wird, streuen Sie eine Schicht von wenigen Zentimetern (3-4) auf, um den nat\u00fcrlichen Zersetzungsprozess auszugleichen.<\/li>\n<li>Bei Bedarf kann unter dem Weg ein Unkrautvlies ausgelegt werden, um zu verhindern, dass Unkraut zu schnell hindurchw\u00e4chst.<\/li>\n<\/ul>\n<p>Zusammensetzung<\/p>\n<p>Culvita-Baumrinde wird aus der Rinde von Nadelb\u00e4umen hergestellt. Es handelt sich um ein Dekorationsprodukt mit vielf\u00e4ltigen Anwendungsm\u00f6glichkeiten. Sie ist von Natur aus extrem haltbar und enth\u00e4lt <strong>FSC-Qualit\u00e4tszeichen<\/strong>Diese Rinde besitzt eine robuste Struktur, wodurch sie sehr widerstandsf\u00e4hig ist.<\/p>\n<p>&nbsp;<\/p>\n<p>&nbsp;<\/p>\n<\/div>\n<\/div>\n<\/div>\n<\/div>\n<\/div>\n<\/div>\n<\/div>\n<\/div>\n<\/div>","protected":false},"excerpt":{"rendered":"<p>Culvita Hollandse Boomschors bevat relatief kleine stukken boomschors. Deze Boomschors Excellent 10L is dan ook geschikt voor het afdekken van bloempotten, borders en bloembakken. Het is een decoratieve laag die tegelijkertijd een vochtregulerende werking heeft. Dit betekent dat de grond minder snel zal uitdrogen. Gebruiksaanwijzing Strooi bij aanleg en zodra de bestaande laag te dun [&hellip;]<\/p>","protected":false},"featured_media":79624,"comment_status":"open","ping_status":"closed","template":"","meta":{"_acf_changed":false,"iawp_total_views":148},"product_brand":[],"product_cat":[316,229,228,221],"product_tag":[439,1587,436],"class_list":{"0":"post-3190","1":"product","2":"type-product","3":"status-publish","4":"has-post-thumbnail","6":"product_cat-alle-categorieen","7":"product_cat-bemesting","8":"product_cat-grond-toebehoren","9":"product_cat-hortensias","10":"product_tag-alle","11":"product_tag-local","12":"product_tag-nietadverteren","14":"first","15":"outofstock","16":"taxable","17":"shipping-taxable","18":"purchasable","19":"product-type-simple"},"acf":[],"gallery_images":[],"yoast_head":"<!-- This site is optimized with the Yoast SEO plugin v25.3 - https:\/\/yoast.com\/wordpress\/plugins\/seo\/ -->\n<title>Culvita Hollandse Boomschors 40 liter Online Kopen - PlantBezorgd<\/title>\n<meta name=\"description\" content=\"Op zoek naar de Culvita Hollandse Boomschors 40 liter? \u2714 Lage verzendkosten \u2714 Kies je bezorgmoment &amp; locatie \u2714 Groeigarantie!\" \/>\n<meta name=\"robots\" content=\"index, follow, max-snippet:-1, max-image-preview:large, max-video-preview:-1\" \/>\n<link rel=\"canonical\" href=\"https:\/\/plantbezorgd.nl\/de\/produkt\/hortensien-2\/pokon-baumrinde-ausgezeichnet-10-liter\/\" \/>\n<meta property=\"og:locale\" content=\"de_DE\" \/>\n<meta property=\"og:type\" content=\"article\" \/>\n<meta property=\"og:title\" content=\"Culvita Hollandse Boomschors 40 liter Online Kopen - PlantBezorgd\" \/>\n<meta property=\"og:description\" content=\"Op zoek naar de Culvita Hollandse Boomschors 40 liter? \u2714 Lage verzendkosten \u2714 Kies je bezorgmoment &amp; locatie \u2714 Groeigarantie!\" \/>\n<meta property=\"og:url\" content=\"https:\/\/plantbezorgd.nl\/de\/produkt\/hortensien-2\/pokon-baumrinde-ausgezeichnet-10-liter\/\" \/>\n<meta property=\"og:site_name\" content=\"PlantBezorgd\" \/>\n<meta property=\"article:modified_time\" content=\"2026-04-14T02:32:17+00:00\" \/>\n<meta property=\"og:image\" content=\"https:\/\/plantbezorgd.nl\/wp-content\/uploads\/2023\/02\/hollandse-boomschors-culvita.webp\" \/>\n\t<meta property=\"og:image:width\" content=\"308\" \/>\n\t<meta property=\"og:image:height\" content=\"392\" \/>\n\t<meta property=\"og:image:type\" content=\"image\/webp\" \/>\n<meta name=\"twitter:card\" content=\"summary_large_image\" \/>\n<meta name=\"twitter:label1\" content=\"Gesch\u00e4tzte Lesezeit\" \/>\n\t<meta name=\"twitter:data1\" content=\"1\u00a0Minute\" \/>\n<script type=\"application\/ld+json\" class=\"yoast-schema-graph\">{\"@context\":\"https:\/\/schema.org\",\"@graph\":[{\"@type\":\"WebPage\",\"@id\":\"https:\/\/plantbezorgd.nl\/product\/hortensias\/pokon-boomschors-excellent-10-liter\/\",\"url\":\"https:\/\/plantbezorgd.nl\/product\/hortensias\/pokon-boomschors-excellent-10-liter\/\",\"name\":\"Culvita Hollandse Boomschors 40 liter Online Kopen - PlantBezorgd\",\"isPartOf\":{\"@id\":\"https:\/\/plantbezorgd.nl\/#website\"},\"primaryImageOfPage\":{\"@id\":\"https:\/\/plantbezorgd.nl\/product\/hortensias\/pokon-boomschors-excellent-10-liter\/#primaryimage\"},\"image\":{\"@id\":\"https:\/\/plantbezorgd.nl\/product\/hortensias\/pokon-boomschors-excellent-10-liter\/#primaryimage\"},\"thumbnailUrl\":\"https:\/\/plantbezorgd.nl\/wp-content\/uploads\/2023\/02\/hollandse-boomschors-culvita.webp\",\"datePublished\":\"2023-02-02T08:50:51+00:00\",\"dateModified\":\"2026-04-14T02:32:17+00:00\",\"description\":\"Op zoek naar de Culvita Hollandse Boomschors 40 liter? \u2714 Lage verzendkosten \u2714 Kies je bezorgmoment & locatie \u2714 Groeigarantie!\",\"breadcrumb\":{\"@id\":\"https:\/\/plantbezorgd.nl\/product\/hortensias\/pokon-boomschors-excellent-10-liter\/#breadcrumb\"},\"inLanguage\":\"de\",\"potentialAction\":[{\"@type\":\"ReadAction\",\"target\":[\"https:\/\/plantbezorgd.nl\/product\/hortensias\/pokon-boomschors-excellent-10-liter\/\"]}]},{\"@type\":\"ImageObject\",\"inLanguage\":\"de\",\"@id\":\"https:\/\/plantbezorgd.nl\/product\/hortensias\/pokon-boomschors-excellent-10-liter\/#primaryimage\",\"url\":\"https:\/\/plantbezorgd.nl\/wp-content\/uploads\/2023\/02\/hollandse-boomschors-culvita.webp\",\"contentUrl\":\"https:\/\/plantbezorgd.nl\/wp-content\/uploads\/2023\/02\/hollandse-boomschors-culvita.webp\",\"width\":308,\"height\":392},{\"@type\":\"BreadcrumbList\",\"@id\":\"https:\/\/plantbezorgd.nl\/product\/hortensias\/pokon-boomschors-excellent-10-liter\/#breadcrumb\",\"itemListElement\":[{\"@type\":\"ListItem\",\"position\":1,\"name\":\"Shop\",\"item\":\"https:\/\/plantbezorgd.nl\/shop\/\"},{\"@type\":\"ListItem\",\"position\":2,\"name\":\"Grond &amp; toebehoren\",\"item\":\"https:\/\/plantbezorgd.nl\/product-categorie\/grond-toebehoren\/\"},{\"@type\":\"ListItem\",\"position\":3,\"name\":\"Culvita Hollandse Boomschors 40 liter\"}]},{\"@type\":\"WebSite\",\"@id\":\"https:\/\/plantbezorgd.nl\/#website\",\"url\":\"https:\/\/plantbezorgd.nl\/\",\"name\":\"PlantBezorgd\",\"description\":\"Betaalbare kwaliteitsplanten thuisbezorgd!\",\"publisher\":{\"@id\":\"https:\/\/plantbezorgd.nl\/#organization\"},\"potentialAction\":[{\"@type\":\"SearchAction\",\"target\":{\"@type\":\"EntryPoint\",\"urlTemplate\":\"https:\/\/plantbezorgd.nl\/?s={search_term_string}\"},\"query-input\":{\"@type\":\"PropertyValueSpecification\",\"valueRequired\":true,\"valueName\":\"search_term_string\"}}],\"inLanguage\":\"de\"},{\"@type\":\"Organization\",\"@id\":\"https:\/\/plantbezorgd.nl\/#organization\",\"name\":\"PlantBezorgd\",\"url\":\"https:\/\/plantbezorgd.nl\/\",\"logo\":{\"@type\":\"ImageObject\",\"inLanguage\":\"de\",\"@id\":\"https:\/\/plantbezorgd.nl\/#\/schema\/logo\/image\/\",\"url\":\"https:\/\/plantbezorgd.nl\/wp-content\/uploads\/2023\/05\/Logo.svg\",\"contentUrl\":\"https:\/\/plantbezorgd.nl\/wp-content\/uploads\/2023\/05\/Logo.svg\",\"caption\":\"PlantBezorgd\"},\"image\":{\"@id\":\"https:\/\/plantbezorgd.nl\/#\/schema\/logo\/image\/\"}}]}<\/script>\n<!-- \/ Yoast SEO plugin. -->","yoast_head_json":{"title":"Kaufen Sie Culvita Dutch Tree Bark 40 Liter online - PlantBezorgd","description":"Suchen Sie Culvita Baumrinde (40 Liter)? \u2714 Niedrige Versandkosten \u2714 Lieferzeit und -ort frei w\u00e4hlbar \u2714 Wachstumsgarantie!","robots":{"index":"index","follow":"follow","max-snippet":"max-snippet:-1","max-image-preview":"max-image-preview:large","max-video-preview":"max-video-preview:-1"},"canonical":"https:\/\/plantbezorgd.nl\/de\/produkt\/hortensien-2\/pokon-baumrinde-ausgezeichnet-10-liter\/","og_locale":"de_DE","og_type":"article","og_title":"Culvita Hollandse Boomschors 40 liter Online Kopen - PlantBezorgd","og_description":"Op zoek naar de Culvita Hollandse Boomschors 40 liter? \u2714 Lage verzendkosten \u2714 Kies je bezorgmoment & locatie \u2714 Groeigarantie!","og_url":"https:\/\/plantbezorgd.nl\/de\/produkt\/hortensien-2\/pokon-baumrinde-ausgezeichnet-10-liter\/","og_site_name":"PlantBezorgd","article_modified_time":"2026-04-14T02:32:17+00:00","og_image":[{"width":308,"height":392,"url":"https:\/\/plantbezorgd.nl\/wp-content\/uploads\/2023\/02\/hollandse-boomschors-culvita.webp","type":"image\/webp"}],"twitter_card":"summary_large_image","twitter_misc":{"Gesch\u00e4tzte Lesezeit":"1\u00a0Minute"},"schema":{"@context":"https:\/\/schema.org","@graph":[{"@type":"WebPage","@id":"https:\/\/plantbezorgd.nl\/product\/hortensias\/pokon-boomschors-excellent-10-liter\/","url":"https:\/\/plantbezorgd.nl\/product\/hortensias\/pokon-boomschors-excellent-10-liter\/","name":"Kaufen Sie Culvita Dutch Tree Bark 40 Liter online - PlantBezorgd","isPartOf":{"@id":"https:\/\/plantbezorgd.nl\/#website"},"primaryImageOfPage":{"@id":"https:\/\/plantbezorgd.nl\/product\/hortensias\/pokon-boomschors-excellent-10-liter\/#primaryimage"},"image":{"@id":"https:\/\/plantbezorgd.nl\/product\/hortensias\/pokon-boomschors-excellent-10-liter\/#primaryimage"},"thumbnailUrl":"https:\/\/plantbezorgd.nl\/wp-content\/uploads\/2023\/02\/hollandse-boomschors-culvita.webp","datePublished":"2023-02-02T08:50:51+00:00","dateModified":"2026-04-14T02:32:17+00:00","description":"Suchen Sie Culvita Baumrinde (40 Liter)? \u2714 Niedrige Versandkosten \u2714 Lieferzeit und -ort frei w\u00e4hlbar \u2714 Wachstumsgarantie!","breadcrumb":{"@id":"https:\/\/plantbezorgd.nl\/product\/hortensias\/pokon-boomschors-excellent-10-liter\/#breadcrumb"},"inLanguage":"de","potentialAction":[{"@type":"ReadAction","target":["https:\/\/plantbezorgd.nl\/product\/hortensias\/pokon-boomschors-excellent-10-liter\/"]}]},{"@type":"ImageObject","inLanguage":"de","@id":"https:\/\/plantbezorgd.nl\/product\/hortensias\/pokon-boomschors-excellent-10-liter\/#primaryimage","url":"https:\/\/plantbezorgd.nl\/wp-content\/uploads\/2023\/02\/hollandse-boomschors-culvita.webp","contentUrl":"https:\/\/plantbezorgd.nl\/wp-content\/uploads\/2023\/02\/hollandse-boomschors-culvita.webp","width":308,"height":392},{"@type":"BreadcrumbList","@id":"https:\/\/plantbezorgd.nl\/product\/hortensias\/pokon-boomschors-excellent-10-liter\/#breadcrumb","itemListElement":[{"@type":"ListItem","position":1,"name":"Shop","item":"https:\/\/plantbezorgd.nl\/shop\/"},{"@type":"ListItem","position":2,"name":"Grond &amp; toebehoren","item":"https:\/\/plantbezorgd.nl\/product-categorie\/grond-toebehoren\/"},{"@type":"ListItem","position":3,"name":"Culvita Hollandse Boomschors 40 liter"}]},{"@type":"WebSite","@id":"https:\/\/plantbezorgd.nl\/#website","url":"https:\/\/plantbezorgd.nl\/","name":"PflanzenGeliefert","description":"Erschwingliche Qualit\u00e4tspflanzen direkt zu Ihnen nach Hause geliefert!","publisher":{"@id":"https:\/\/plantbezorgd.nl\/#organization"},"potentialAction":[{"@type":"SearchAction","target":{"@type":"EntryPoint","urlTemplate":"https:\/\/plantbezorgd.nl\/?s={search_term_string}"},"query-input":{"@type":"PropertyValueSpecification","valueRequired":true,"valueName":"search_term_string"}}],"inLanguage":"de"},{"@type":"Organization","@id":"https:\/\/plantbezorgd.nl\/#organization","name":"PflanzenGeliefert","url":"https:\/\/plantbezorgd.nl\/","logo":{"@type":"ImageObject","inLanguage":"de","@id":"https:\/\/plantbezorgd.nl\/#\/schema\/logo\/image\/","url":"https:\/\/plantbezorgd.nl\/wp-content\/uploads\/2023\/05\/Logo.svg","contentUrl":"https:\/\/plantbezorgd.nl\/wp-content\/uploads\/2023\/05\/Logo.svg","caption":"PlantBezorgd"},"image":{"@id":"https:\/\/plantbezorgd.nl\/#\/schema\/logo\/image\/"}}]}},"_links":{"self":[{"href":"https:\/\/plantbezorgd.nl\/de\/wp-json\/wp\/v2\/product\/3190","targetHints":{"allow":["GET"]}}],"collection":[{"href":"https:\/\/plantbezorgd.nl\/de\/wp-json\/wp\/v2\/product"}],"about":[{"href":"https:\/\/plantbezorgd.nl\/de\/wp-json\/wp\/v2\/types\/product"}],"replies":[{"embeddable":true,"href":"https:\/\/plantbezorgd.nl\/de\/wp-json\/wp\/v2\/comments?post=3190"}],"wp:featuredmedia":[{"embeddable":true,"href":"https:\/\/plantbezorgd.nl\/de\/wp-json\/wp\/v2\/media\/79624"}],"wp:attachment":[{"href":"https:\/\/plantbezorgd.nl\/de\/wp-json\/wp\/v2\/media?parent=3190"}],"wp:term":[{"taxonomy":"product_brand","embeddable":true,"href":"https:\/\/plantbezorgd.nl\/de\/wp-json\/wp\/v2\/product_brand?post=3190"},{"taxonomy":"product_cat","embeddable":true,"href":"https:\/\/plantbezorgd.nl\/de\/wp-json\/wp\/v2\/product_cat?post=3190"},{"taxonomy":"product_tag","embeddable":true,"href":"https:\/\/plantbezorgd.nl\/de\/wp-json\/wp\/v2\/product_tag?post=3190"}],"curies":[{"name":"wp","href":"https:\/\/api.w.org\/{rel}","templated":true}]}}