{"id":3187,"date":"2023-02-02T09:50:51","date_gmt":"2023-02-02T08:50:51","guid":{"rendered":"https:\/\/plantbezorgd.s01.klik3.dev\/product\/uncategorized\/pokon-tuinturf-10-liter\/"},"modified":"2026-04-19T16:57:16","modified_gmt":"2026-04-19T14:57:16","slug":"pokon-gartentorf-10-liter","status":"publish","type":"product","link":"https:\/\/plantbezorgd.nl\/de\/product\/hortensias\/pokon-tuinturf-10-liter\/","title":{"rendered":"Culvita Gartentorf 40 Liter"},"content":{"rendered":"<div id=\"2d4e98a7-6772-11e9-a04b-06e8ffddb862\" class=\"template-column col-lg-5 col-md-5 col-sm-5\" data-uuid=\"2d4e98a7-6772-11e9-a04b-06e8ffddb862\">\n<div class=\"inner-column product-detail-middle-wrapper\" data-uuid=\"2d4e98a7-6772-11e9-a04b-06e8ffddb862\">\n<div class=\"container-fluid\">\n<div id=\"2d4ec574-6772-11e9-a04b-06e8ffddb862\" class=\"template-row row\" data-uuid=\"2d4ec574-6772-11e9-a04b-06e8ffddb862\">\n<div id=\"2d4ef150-6772-11e9-a04b-06e8ffddb862\" class=\"template-column col-sm-12\" data-uuid=\"2d4ef150-6772-11e9-a04b-06e8ffddb862\">\n<div class=\"inner-column product-info-wrapper\" data-uuid=\"2d4ef150-6772-11e9-a04b-06e8ffddb862\">\n<div id=\"2d539a9c-6772-11e9-a04b-06e8ffddb862\" class=\"template-component component view text product-detail-content push-20-b\">\n<div class=\"component-view\" data-uuid=\"2d539a9c-6772-11e9-a04b-06e8ffddb862\" data-path=\"2d2f2f58-6772-11e9-a04b-06e8ffddb862.2d2f58f8-6772-11e9-a04b-06e8ffddb862.2d2f8b24-6772-11e9-a04b-06e8ffddb862.2d4e98a7-6772-11e9-a04b-06e8ffddb862.2d4ec574-6772-11e9-a04b-06e8ffddb862.2d4ef150-6772-11e9-a04b-06e8ffddb862.2d539a9c-6772-11e9-a04b-06e8ffddb862\">\n<div class=\"UITextArea element-content\">\n<p>Culvita Gartentorf ist ein Torfprodukt, das aus der unteren Torfschicht gewonnen wird und auch als Schwarztorf bekannt ist. Dieses Produkt eignet sich hervorragend zum Untermischen in Ihre Gartenerde, um den S\u00e4uregehalt (pH-Wert) zu senken. Dadurch wird der Boden f\u00fcr s\u00e4ureliebende Pflanzen wie Heidekraut, Hortensien, Nadelgeh\u00f6lze und Rhododendren geeignet. Gartentorf tr\u00e4gt zu einem verbesserten Wasser-, Luft- und Humusgleichgewicht bei.<\/p>\n<h3><strong>Zusammensetzung:<\/strong><\/h3>\n<p>Culvita Gartentorf ist ein reines Naturprodukt, das aus uralten Torfschichten gewonnen wird, die sich vor Tausenden von Jahren gebildet haben; er ist auch als Schwarztorf bekannt. Gartentorf hat von Natur aus einen sehr niedrigen pH-Wert und eignet sich daher hervorragend zur Senkung des S\u00e4uregehalts von Gartenb\u00f6den.<\/p>\n<h3><strong>Gebrauchsanweisung:<\/strong><\/h3>\n<p>L\u00f6sen Sie den Inhalt des Beutels vor der Verwendung gut auf.<br \/>\nCulvita Gartentorf wird verwendet:<\/p>\n<p>\u2013 Beim Anpflanzen von s\u00e4ureliebenden Pflanzen: Gartentorf mit dem vorhandenen Boden vermischen.<br \/>\n-Bei leichten Sandb\u00f6den: Verbesserung der Bodenstruktur und Erh\u00f6hung des Humusgehalts. Gartentorf mit dem vorhandenen Boden vermischen.<\/p>\n<p>Dieses Produkt ist nicht als reine Blumenerde geeignet. Verwenden Sie stattdessen eine der vielen passenden Blumenerden von Culvita. Beispielsweise eignet sich dieses Produkt nicht f\u00fcr s\u00e4ureliebende Pflanzen. <a href=\"https:\/\/plantbezorgd.nl\/de\/produkt\/hortensien-2\/pokon-pflanzerde-saureliebende-pflanzen-bio-30-liter-2\/\">Culvita Pflanzboden s\u00e4ureliebend<\/a>.<\/p>\n<\/div>\n<\/div>\n<\/div>\n<\/div>\n<\/div>\n<\/div>\n<\/div>\n<\/div>\n<\/div>","protected":false},"excerpt":{"rendered":"<p>Culvita Tuinturf is een veenproduct gewonnen uit de onderste veenlaag, ook wel zwartveen. Dit product is zeer geschikt om te mengen met uw tuinaarde om de zuurgraad (pH) te verlagen. Zo maakt u de grond geschikt voor zuurminnende planten zoals Heide, Hortensia, Coniferen en Rhododendrons. Tuinturf draagt bij aan een verbeterde water-, lucht en humushuishouding. [&hellip;]<\/p>","protected":false},"featured_media":82514,"comment_status":"open","ping_status":"closed","template":"","meta":{"_acf_changed":false,"iawp_total_views":224},"product_brand":[],"product_cat":[316,229,228,221,327,357,328,326,329],"product_tag":[439,1587,436],"class_list":{"0":"post-3187","1":"product","2":"type-product","3":"status-publish","4":"has-post-thumbnail","6":"product_cat-alle-categorieen","7":"product_cat-bemesting","8":"product_cat-grond-toebehoren","9":"product_cat-hortensias","10":"product_cat-hydrangea-arborescens-bolhortensia","11":"product_cat-hydrangea-endless-summer","12":"product_cat-hydrangea-macrophylla-boerenhortensia-gewone-hortensia","13":"product_cat-hydrangea-paniculata-pluimhortensia","14":"product_cat-hydrangea-quercifolia-eikenbladhortensia","15":"product_tag-alle","16":"product_tag-local","17":"product_tag-nietadverteren","19":"first","20":"instock","21":"taxable","22":"shipping-taxable","23":"purchasable","24":"product-type-simple"},"acf":[],"gallery_images":[],"yoast_head":"<!-- This site is optimized with the Yoast SEO plugin v25.3 - https:\/\/yoast.com\/wordpress\/plugins\/seo\/ -->\n<title>Culvita Tuinturf 40 liter Online Kopen - PlantBezorgd<\/title>\n<meta name=\"description\" content=\"Op zoek naar de Culvita Tuinturf 40 liter? \u2714 Lage verzendkosten \u2714 Kies je bezorgmoment &amp; locatie \u2714 Groeigarantie!\" \/>\n<meta name=\"robots\" content=\"index, follow, max-snippet:-1, max-image-preview:large, max-video-preview:-1\" \/>\n<link rel=\"canonical\" href=\"https:\/\/plantbezorgd.nl\/de\/produkt\/hortensien-2\/pokon-gartentorf-10-liter\/\" \/>\n<meta property=\"og:locale\" content=\"de_DE\" \/>\n<meta property=\"og:type\" content=\"article\" \/>\n<meta property=\"og:title\" content=\"Culvita Tuinturf 40 liter Online Kopen - PlantBezorgd\" \/>\n<meta property=\"og:description\" content=\"Op zoek naar de Culvita Tuinturf 40 liter? \u2714 Lage verzendkosten \u2714 Kies je bezorgmoment &amp; locatie \u2714 Groeigarantie!\" \/>\n<meta property=\"og:url\" content=\"https:\/\/plantbezorgd.nl\/de\/produkt\/hortensien-2\/pokon-gartentorf-10-liter\/\" \/>\n<meta property=\"og:site_name\" content=\"PlantBezorgd\" \/>\n<meta property=\"article:modified_time\" content=\"2026-04-19T14:57:16+00:00\" \/>\n<meta property=\"og:image\" content=\"https:\/\/plantbezorgd.nl\/wp-content\/uploads\/2023\/02\/Culvita-Aarde_Tuinturf_40L-768x768-1.webp\" \/>\n\t<meta property=\"og:image:width\" content=\"768\" \/>\n\t<meta property=\"og:image:height\" content=\"768\" \/>\n\t<meta property=\"og:image:type\" content=\"image\/webp\" \/>\n<meta name=\"twitter:card\" content=\"summary_large_image\" \/>\n<meta name=\"twitter:label1\" content=\"Gesch\u00e4tzte Lesezeit\" \/>\n\t<meta name=\"twitter:data1\" content=\"2\u00a0Minuten\" \/>\n<script type=\"application\/ld+json\" class=\"yoast-schema-graph\">{\"@context\":\"https:\/\/schema.org\",\"@graph\":[{\"@type\":\"WebPage\",\"@id\":\"https:\/\/plantbezorgd.nl\/product\/hortensias\/pokon-tuinturf-10-liter\/\",\"url\":\"https:\/\/plantbezorgd.nl\/product\/hortensias\/pokon-tuinturf-10-liter\/\",\"name\":\"Culvita Tuinturf 40 liter Online Kopen - PlantBezorgd\",\"isPartOf\":{\"@id\":\"https:\/\/plantbezorgd.nl\/#website\"},\"primaryImageOfPage\":{\"@id\":\"https:\/\/plantbezorgd.nl\/product\/hortensias\/pokon-tuinturf-10-liter\/#primaryimage\"},\"image\":{\"@id\":\"https:\/\/plantbezorgd.nl\/product\/hortensias\/pokon-tuinturf-10-liter\/#primaryimage\"},\"thumbnailUrl\":\"https:\/\/plantbezorgd.nl\/wp-content\/uploads\/2023\/02\/Culvita-Aarde_Tuinturf_40L-768x768-1.webp\",\"datePublished\":\"2023-02-02T08:50:51+00:00\",\"dateModified\":\"2026-04-19T14:57:16+00:00\",\"description\":\"Op zoek naar de Culvita Tuinturf 40 liter? \u2714 Lage verzendkosten \u2714 Kies je bezorgmoment & locatie \u2714 Groeigarantie!\",\"breadcrumb\":{\"@id\":\"https:\/\/plantbezorgd.nl\/product\/hortensias\/pokon-tuinturf-10-liter\/#breadcrumb\"},\"inLanguage\":\"de\",\"potentialAction\":[{\"@type\":\"ReadAction\",\"target\":[\"https:\/\/plantbezorgd.nl\/product\/hortensias\/pokon-tuinturf-10-liter\/\"]}]},{\"@type\":\"ImageObject\",\"inLanguage\":\"de\",\"@id\":\"https:\/\/plantbezorgd.nl\/product\/hortensias\/pokon-tuinturf-10-liter\/#primaryimage\",\"url\":\"https:\/\/plantbezorgd.nl\/wp-content\/uploads\/2023\/02\/Culvita-Aarde_Tuinturf_40L-768x768-1.webp\",\"contentUrl\":\"https:\/\/plantbezorgd.nl\/wp-content\/uploads\/2023\/02\/Culvita-Aarde_Tuinturf_40L-768x768-1.webp\",\"width\":768,\"height\":768},{\"@type\":\"BreadcrumbList\",\"@id\":\"https:\/\/plantbezorgd.nl\/product\/hortensias\/pokon-tuinturf-10-liter\/#breadcrumb\",\"itemListElement\":[{\"@type\":\"ListItem\",\"position\":1,\"name\":\"Shop\",\"item\":\"https:\/\/plantbezorgd.nl\/shop\/\"},{\"@type\":\"ListItem\",\"position\":2,\"name\":\"Bemesting\",\"item\":\"https:\/\/plantbezorgd.nl\/product-categorie\/bemesting\/\"},{\"@type\":\"ListItem\",\"position\":3,\"name\":\"Culvita Tuinturf 40 liter\"}]},{\"@type\":\"WebSite\",\"@id\":\"https:\/\/plantbezorgd.nl\/#website\",\"url\":\"https:\/\/plantbezorgd.nl\/\",\"name\":\"PlantBezorgd\",\"description\":\"Betaalbare kwaliteitsplanten thuisbezorgd!\",\"publisher\":{\"@id\":\"https:\/\/plantbezorgd.nl\/#organization\"},\"potentialAction\":[{\"@type\":\"SearchAction\",\"target\":{\"@type\":\"EntryPoint\",\"urlTemplate\":\"https:\/\/plantbezorgd.nl\/?s={search_term_string}\"},\"query-input\":{\"@type\":\"PropertyValueSpecification\",\"valueRequired\":true,\"valueName\":\"search_term_string\"}}],\"inLanguage\":\"de\"},{\"@type\":\"Organization\",\"@id\":\"https:\/\/plantbezorgd.nl\/#organization\",\"name\":\"PlantBezorgd\",\"url\":\"https:\/\/plantbezorgd.nl\/\",\"logo\":{\"@type\":\"ImageObject\",\"inLanguage\":\"de\",\"@id\":\"https:\/\/plantbezorgd.nl\/#\/schema\/logo\/image\/\",\"url\":\"https:\/\/plantbezorgd.nl\/wp-content\/uploads\/2023\/05\/Logo.svg\",\"contentUrl\":\"https:\/\/plantbezorgd.nl\/wp-content\/uploads\/2023\/05\/Logo.svg\",\"caption\":\"PlantBezorgd\"},\"image\":{\"@id\":\"https:\/\/plantbezorgd.nl\/#\/schema\/logo\/image\/\"}}]}<\/script>\n<!-- \/ Yoast SEO plugin. -->","yoast_head_json":{"title":"Culvita Gartentorf 40 Liter Online kaufen - PlantBezorgd","description":"Suchen Sie Culvita Gartentorf (40 Liter)? \u2714 Niedrige Versandkosten \u2714 Lieferzeit und -ort frei w\u00e4hlbar \u2714 Wachstumsgarantie!","robots":{"index":"index","follow":"follow","max-snippet":"max-snippet:-1","max-image-preview":"max-image-preview:large","max-video-preview":"max-video-preview:-1"},"canonical":"https:\/\/plantbezorgd.nl\/de\/produkt\/hortensien-2\/pokon-gartentorf-10-liter\/","og_locale":"de_DE","og_type":"article","og_title":"Culvita Tuinturf 40 liter Online Kopen - PlantBezorgd","og_description":"Op zoek naar de Culvita Tuinturf 40 liter? \u2714 Lage verzendkosten \u2714 Kies je bezorgmoment & locatie \u2714 Groeigarantie!","og_url":"https:\/\/plantbezorgd.nl\/de\/produkt\/hortensien-2\/pokon-gartentorf-10-liter\/","og_site_name":"PlantBezorgd","article_modified_time":"2026-04-19T14:57:16+00:00","og_image":[{"width":768,"height":768,"url":"https:\/\/plantbezorgd.nl\/wp-content\/uploads\/2023\/02\/Culvita-Aarde_Tuinturf_40L-768x768-1.webp","type":"image\/webp"}],"twitter_card":"summary_large_image","twitter_misc":{"Gesch\u00e4tzte Lesezeit":"2\u00a0Minuten"},"schema":{"@context":"https:\/\/schema.org","@graph":[{"@type":"WebPage","@id":"https:\/\/plantbezorgd.nl\/product\/hortensias\/pokon-tuinturf-10-liter\/","url":"https:\/\/plantbezorgd.nl\/product\/hortensias\/pokon-tuinturf-10-liter\/","name":"Culvita Gartentorf 40 Liter Online kaufen - PlantBezorgd","isPartOf":{"@id":"https:\/\/plantbezorgd.nl\/#website"},"primaryImageOfPage":{"@id":"https:\/\/plantbezorgd.nl\/product\/hortensias\/pokon-tuinturf-10-liter\/#primaryimage"},"image":{"@id":"https:\/\/plantbezorgd.nl\/product\/hortensias\/pokon-tuinturf-10-liter\/#primaryimage"},"thumbnailUrl":"https:\/\/plantbezorgd.nl\/wp-content\/uploads\/2023\/02\/Culvita-Aarde_Tuinturf_40L-768x768-1.webp","datePublished":"2023-02-02T08:50:51+00:00","dateModified":"2026-04-19T14:57:16+00:00","description":"Suchen Sie Culvita Gartentorf (40 Liter)? \u2714 Niedrige Versandkosten \u2714 Lieferzeit und -ort frei w\u00e4hlbar \u2714 Wachstumsgarantie!","breadcrumb":{"@id":"https:\/\/plantbezorgd.nl\/product\/hortensias\/pokon-tuinturf-10-liter\/#breadcrumb"},"inLanguage":"de","potentialAction":[{"@type":"ReadAction","target":["https:\/\/plantbezorgd.nl\/product\/hortensias\/pokon-tuinturf-10-liter\/"]}]},{"@type":"ImageObject","inLanguage":"de","@id":"https:\/\/plantbezorgd.nl\/product\/hortensias\/pokon-tuinturf-10-liter\/#primaryimage","url":"https:\/\/plantbezorgd.nl\/wp-content\/uploads\/2023\/02\/Culvita-Aarde_Tuinturf_40L-768x768-1.webp","contentUrl":"https:\/\/plantbezorgd.nl\/wp-content\/uploads\/2023\/02\/Culvita-Aarde_Tuinturf_40L-768x768-1.webp","width":768,"height":768},{"@type":"BreadcrumbList","@id":"https:\/\/plantbezorgd.nl\/product\/hortensias\/pokon-tuinturf-10-liter\/#breadcrumb","itemListElement":[{"@type":"ListItem","position":1,"name":"Shop","item":"https:\/\/plantbezorgd.nl\/shop\/"},{"@type":"ListItem","position":2,"name":"Bemesting","item":"https:\/\/plantbezorgd.nl\/product-categorie\/bemesting\/"},{"@type":"ListItem","position":3,"name":"Culvita Tuinturf 40 liter"}]},{"@type":"WebSite","@id":"https:\/\/plantbezorgd.nl\/#website","url":"https:\/\/plantbezorgd.nl\/","name":"PflanzenGeliefert","description":"Erschwingliche Qualit\u00e4tspflanzen direkt zu Ihnen nach Hause geliefert!","publisher":{"@id":"https:\/\/plantbezorgd.nl\/#organization"},"potentialAction":[{"@type":"SearchAction","target":{"@type":"EntryPoint","urlTemplate":"https:\/\/plantbezorgd.nl\/?s={search_term_string}"},"query-input":{"@type":"PropertyValueSpecification","valueRequired":true,"valueName":"search_term_string"}}],"inLanguage":"de"},{"@type":"Organization","@id":"https:\/\/plantbezorgd.nl\/#organization","name":"PflanzenGeliefert","url":"https:\/\/plantbezorgd.nl\/","logo":{"@type":"ImageObject","inLanguage":"de","@id":"https:\/\/plantbezorgd.nl\/#\/schema\/logo\/image\/","url":"https:\/\/plantbezorgd.nl\/wp-content\/uploads\/2023\/05\/Logo.svg","contentUrl":"https:\/\/plantbezorgd.nl\/wp-content\/uploads\/2023\/05\/Logo.svg","caption":"PlantBezorgd"},"image":{"@id":"https:\/\/plantbezorgd.nl\/#\/schema\/logo\/image\/"}}]}},"_links":{"self":[{"href":"https:\/\/plantbezorgd.nl\/de\/wp-json\/wp\/v2\/product\/3187","targetHints":{"allow":["GET"]}}],"collection":[{"href":"https:\/\/plantbezorgd.nl\/de\/wp-json\/wp\/v2\/product"}],"about":[{"href":"https:\/\/plantbezorgd.nl\/de\/wp-json\/wp\/v2\/types\/product"}],"replies":[{"embeddable":true,"href":"https:\/\/plantbezorgd.nl\/de\/wp-json\/wp\/v2\/comments?post=3187"}],"wp:featuredmedia":[{"embeddable":true,"href":"https:\/\/plantbezorgd.nl\/de\/wp-json\/wp\/v2\/media\/82514"}],"wp:attachment":[{"href":"https:\/\/plantbezorgd.nl\/de\/wp-json\/wp\/v2\/media?parent=3187"}],"wp:term":[{"taxonomy":"product_brand","embeddable":true,"href":"https:\/\/plantbezorgd.nl\/de\/wp-json\/wp\/v2\/product_brand?post=3187"},{"taxonomy":"product_cat","embeddable":true,"href":"https:\/\/plantbezorgd.nl\/de\/wp-json\/wp\/v2\/product_cat?post=3187"},{"taxonomy":"product_tag","embeddable":true,"href":"https:\/\/plantbezorgd.nl\/de\/wp-json\/wp\/v2\/product_tag?post=3187"}],"curies":[{"name":"wp","href":"https:\/\/api.w.org\/{rel}","templated":true}]}}