{"id":3100,"date":"2023-03-02T08:08:46","date_gmt":"2023-03-02T07:08:46","guid":{"rendered":"https:\/\/plantbezorgd.s01.klik3.dev\/product\/uncategorized\/cornus-alba-sibirica-kornoelje\/"},"modified":"2025-11-24T16:38:19","modified_gmt":"2025-11-24T15:38:19","slug":"sibirischer-hartriegel-cornus-alba-sibirica","status":"publish","type":"product","link":"https:\/\/plantbezorgd.nl\/de\/product\/alle-heesters\/cornus-alba-sibirica-kornoelje\/","title":{"rendered":"Cornus alba &#039;Sibirica&#039; \u2013 Hartriegel"},"content":{"rendered":"<h2>Cornus alba Sibirica oder Wei\u00dfer Hartriegel<\/h2>\n<p>Der Sibirische Hartriegel (Cornus alba &#039;Sibirica&#039;) verdankt seinen Namen den wei\u00dfen Bl\u00fcten. Er w\u00e4chst aufrecht und erreicht eine H\u00f6he von etwa 200 Zentimetern. Im Fr\u00fchling treibt er gr\u00fcne Bl\u00e4tter, die sich im Herbst, wie auch die Zweige, rot f\u00e4rben. Die Doldenbl\u00fcten erscheinen im Mai und sind wei\u00df. Nach der Bl\u00fcte bilden sich dunkle Steinfr\u00fcchte, die V\u00f6gel gerne fressen.<\/p>\n<h2>Pflege von Cornus alba Sibirica<\/h2>\n<p>Den Sibirischen Wei\u00dfen Hartriegel (Cornus alba Sibirica) k\u00f6nnen Sie im Fr\u00fchjahr auf 20\u201330 Zentimeter \u00fcber dem Boden zur\u00fcckschneiden. Dieser Zierstrauch ist besonders im Winter aufgrund seiner leuchtend roten Zweige ein echter Blickfang.<\/p>\n<h2>Anwendung von Wei\u00dfem Hartriegel<\/h2>\n<p>Der Wei\u00dfe Hartriegel kann sowohl einzeln als auch in Gruppen gepflanzt werden. Als Solit\u00e4rpflanze ist er auch im Topf ein wundersch\u00f6ner Strauch, der das ganze Jahr \u00fcber Freude bereitet.<\/p>\n<p><span style=\"font-size: 1.7em; font-weight: bold;\">Standort: Sibirischer Wei\u00dfer Hartriegel<\/span><\/p>\n<p>Dieser Hartriegel vertr\u00e4gt sowohl Sonne als auch Schatten. Er gedeiht am besten in gut durchl\u00e4ssigem Boden.<\/p>\n<h3>F\u00fcttern und D\u00fcngen von Hartriegel<\/h3>\n<p>D\u00fcngen Sie den Sibirischen Wei\u00dfen Hartriegel (Cornus alba Sibirica) im zeitigen Fr\u00fchjahr, beispielsweise mit organischem D\u00fcnger. Sie k\u00f6nnen dies etwa im August wiederholen.<\/p>\n<h3>Bew\u00e4sserung von Cornus alba Sibirica<\/h3>\n<p>Der Sibirische Hartriegel (Cornus alba Siberiaca) ben\u00f6tigt nicht besonders viel Wasser.<\/p>\n<h2>Fragen zu Cornus alba Sibirica?<\/h2>\n<p>Stellen Sie Ihre Frage online im Feld unten auf dieser Seite. Sie erhalten dann so schnell wie m\u00f6glich eine Antwort von dem Team von PlantBezorgd; erschwingliche Qualit\u00e4tspflanzen.<\/p>","protected":false},"excerpt":{"rendered":"<p>Cornus alba Sibirica ofwel Witte Kornoelje Cornus alba &#8216;Sibirica&#8217; luistert ook wel naar de naam Witte Kornoelje. Deze naam van de heester verwijst naar de wite bloei. Hij heeft een rechtopgaande groei en bereikt een volgroeide hoogte van ongeveer 200 centimeter. In het voorjaar loopt deze Cornus uit met groen blad dat in de herfst [&hellip;]<\/p>","protected":false},"featured_media":3101,"comment_status":"open","ping_status":"closed","template":"","meta":{"_acf_changed":false,"iawp_total_views":519},"product_brand":[],"product_cat":[316,233,1631,240],"product_tag":[439,1587,433],"class_list":{"0":"post-3100","1":"product","2":"type-product","3":"status-publish","4":"has-post-thumbnail","6":"product_cat-alle-categorieen","7":"product_cat-alle-heesters","8":"product_cat-cornus-kornoelje","9":"product_cat-overige-heesters","10":"product_tag-alle","11":"product_tag-local","12":"product_tag-tuin","13":"pa_aantal-per-m2-588","14":"pa_grondsoort-alle-grondsoorten-waterdoorlatend","15":"pa_verzorging-snoei-de-cornus-ieder-jaar-begin-maart-licht-terug","16":"pa_voeding-organische-meststof","17":"pa_volgroeide-hoogte-in-cm-735","18":"pa_wintergroen-bladhoudend-nee","19":"pa_winterhardheid-meerjarig-goed","21":"first","22":"instock","23":"taxable","24":"shipping-taxable","25":"purchasable","26":"product-type-variable","27":"has-default-attributes"},"acf":[],"gallery_images":[3895],"yoast_head":"<!-- This site is optimized with the Yoast SEO plugin v25.3 - https:\/\/yoast.com\/wordpress\/plugins\/seo\/ -->\n<title>Cornus alba &#039;Sibirica&#039; - Kornoelje Online Kopen - PlantBezorgd<\/title>\n<meta name=\"description\" content=\"Op zoek naar de Cornus alba &#039;Sibirica&#039; - Kornoelje? \u2714 Lage verzendkosten \u2714 Kies je bezorgmoment &amp; locatie \u2714 Groeigarantie!\" \/>\n<meta name=\"robots\" content=\"index, follow, max-snippet:-1, max-image-preview:large, max-video-preview:-1\" \/>\n<link rel=\"canonical\" href=\"https:\/\/plantbezorgd.nl\/de\/produkt\/alle-straucher-2\/sibirischer-hartriegel-cornus-alba-sibirica\/\" \/>\n<meta property=\"og:locale\" content=\"de_DE\" \/>\n<meta property=\"og:type\" content=\"article\" \/>\n<meta property=\"og:title\" content=\"Cornus alba &#039;Sibirica&#039; - Kornoelje Online Kopen - PlantBezorgd\" \/>\n<meta property=\"og:description\" content=\"Op zoek naar de Cornus alba &#039;Sibirica&#039; - Kornoelje? \u2714 Lage verzendkosten \u2714 Kies je bezorgmoment &amp; locatie \u2714 Groeigarantie!\" \/>\n<meta property=\"og:url\" content=\"https:\/\/plantbezorgd.nl\/de\/produkt\/alle-straucher-2\/sibirischer-hartriegel-cornus-alba-sibirica\/\" \/>\n<meta property=\"og:site_name\" content=\"PlantBezorgd\" \/>\n<meta property=\"article:modified_time\" content=\"2025-11-24T15:38:19+00:00\" \/>\n<meta property=\"og:image\" content=\"https:\/\/plantbezorgd.nl\/wp-content\/uploads\/2023\/06\/Cornus-alba-Sibirica-Kornoelje.jpg\" \/>\n\t<meta property=\"og:image:width\" content=\"681\" \/>\n\t<meta property=\"og:image:height\" content=\"1024\" \/>\n\t<meta property=\"og:image:type\" content=\"image\/jpeg\" \/>\n<meta name=\"twitter:card\" content=\"summary_large_image\" \/>\n<meta name=\"twitter:label1\" content=\"Gesch\u00e4tzte Lesezeit\" \/>\n\t<meta name=\"twitter:data1\" content=\"2\u00a0Minuten\" \/>\n<script type=\"application\/ld+json\" class=\"yoast-schema-graph\">{\"@context\":\"https:\/\/schema.org\",\"@graph\":[{\"@type\":\"WebPage\",\"@id\":\"https:\/\/plantbezorgd.nl\/product\/alle-heesters\/cornus-alba-sibirica-kornoelje\/\",\"url\":\"https:\/\/plantbezorgd.nl\/product\/alle-heesters\/cornus-alba-sibirica-kornoelje\/\",\"name\":\"Cornus alba 'Sibirica' - Kornoelje Online Kopen - PlantBezorgd\",\"isPartOf\":{\"@id\":\"https:\/\/plantbezorgd.nl\/#website\"},\"primaryImageOfPage\":{\"@id\":\"https:\/\/plantbezorgd.nl\/product\/alle-heesters\/cornus-alba-sibirica-kornoelje\/#primaryimage\"},\"image\":{\"@id\":\"https:\/\/plantbezorgd.nl\/product\/alle-heesters\/cornus-alba-sibirica-kornoelje\/#primaryimage\"},\"thumbnailUrl\":\"https:\/\/plantbezorgd.nl\/wp-content\/uploads\/2023\/06\/Cornus-alba-Sibirica-Kornoelje.jpg\",\"datePublished\":\"2023-03-02T07:08:46+00:00\",\"dateModified\":\"2025-11-24T15:38:19+00:00\",\"description\":\"Op zoek naar de Cornus alba 'Sibirica' - Kornoelje? \u2714 Lage verzendkosten \u2714 Kies je bezorgmoment & locatie \u2714 Groeigarantie!\",\"breadcrumb\":{\"@id\":\"https:\/\/plantbezorgd.nl\/product\/alle-heesters\/cornus-alba-sibirica-kornoelje\/#breadcrumb\"},\"inLanguage\":\"de\",\"potentialAction\":[{\"@type\":\"ReadAction\",\"target\":[\"https:\/\/plantbezorgd.nl\/product\/alle-heesters\/cornus-alba-sibirica-kornoelje\/\"]}]},{\"@type\":\"ImageObject\",\"inLanguage\":\"de\",\"@id\":\"https:\/\/plantbezorgd.nl\/product\/alle-heesters\/cornus-alba-sibirica-kornoelje\/#primaryimage\",\"url\":\"https:\/\/plantbezorgd.nl\/wp-content\/uploads\/2023\/06\/Cornus-alba-Sibirica-Kornoelje.jpg\",\"contentUrl\":\"https:\/\/plantbezorgd.nl\/wp-content\/uploads\/2023\/06\/Cornus-alba-Sibirica-Kornoelje.jpg\",\"width\":681,\"height\":1024},{\"@type\":\"BreadcrumbList\",\"@id\":\"https:\/\/plantbezorgd.nl\/product\/alle-heesters\/cornus-alba-sibirica-kornoelje\/#breadcrumb\",\"itemListElement\":[{\"@type\":\"ListItem\",\"position\":1,\"name\":\"Shop\",\"item\":\"https:\/\/plantbezorgd.nl\/shop\/\"},{\"@type\":\"ListItem\",\"position\":2,\"name\":\"Cornus - Kornoelje\",\"item\":\"https:\/\/plantbezorgd.nl\/product-categorie\/cornus-kornoelje\/\"},{\"@type\":\"ListItem\",\"position\":3,\"name\":\"Cornus alba &#8216;Sibirica&#8217; &#8211; Kornoelje\"}]},{\"@type\":\"WebSite\",\"@id\":\"https:\/\/plantbezorgd.nl\/#website\",\"url\":\"https:\/\/plantbezorgd.nl\/\",\"name\":\"PlantBezorgd\",\"description\":\"Betaalbare kwaliteitsplanten thuisbezorgd!\",\"publisher\":{\"@id\":\"https:\/\/plantbezorgd.nl\/#organization\"},\"potentialAction\":[{\"@type\":\"SearchAction\",\"target\":{\"@type\":\"EntryPoint\",\"urlTemplate\":\"https:\/\/plantbezorgd.nl\/?s={search_term_string}\"},\"query-input\":{\"@type\":\"PropertyValueSpecification\",\"valueRequired\":true,\"valueName\":\"search_term_string\"}}],\"inLanguage\":\"de\"},{\"@type\":\"Organization\",\"@id\":\"https:\/\/plantbezorgd.nl\/#organization\",\"name\":\"PlantBezorgd\",\"url\":\"https:\/\/plantbezorgd.nl\/\",\"logo\":{\"@type\":\"ImageObject\",\"inLanguage\":\"de\",\"@id\":\"https:\/\/plantbezorgd.nl\/#\/schema\/logo\/image\/\",\"url\":\"https:\/\/plantbezorgd.nl\/wp-content\/uploads\/2023\/05\/Logo.svg\",\"contentUrl\":\"https:\/\/plantbezorgd.nl\/wp-content\/uploads\/2023\/05\/Logo.svg\",\"caption\":\"PlantBezorgd\"},\"image\":{\"@id\":\"https:\/\/plantbezorgd.nl\/#\/schema\/logo\/image\/\"}}]}<\/script>\n<!-- \/ Yoast SEO plugin. -->","yoast_head_json":{"title":"Cornus alba &#039;Sibirica&#039; - Hartriegel online kaufen - PlantBezorgd","description":"Suchen Sie den Sibirischen Hartriegel (Cornus alba &#039;Sibirica&#039;)? \u2714 Niedrige Versandkosten \u2714 Lieferzeit und -ort frei w\u00e4hlbar \u2714 Anwachsgarantie!","robots":{"index":"index","follow":"follow","max-snippet":"max-snippet:-1","max-image-preview":"max-image-preview:large","max-video-preview":"max-video-preview:-1"},"canonical":"https:\/\/plantbezorgd.nl\/de\/produkt\/alle-straucher-2\/sibirischer-hartriegel-cornus-alba-sibirica\/","og_locale":"de_DE","og_type":"article","og_title":"Cornus alba 'Sibirica' - Kornoelje Online Kopen - PlantBezorgd","og_description":"Op zoek naar de Cornus alba 'Sibirica' - Kornoelje? \u2714 Lage verzendkosten \u2714 Kies je bezorgmoment & locatie \u2714 Groeigarantie!","og_url":"https:\/\/plantbezorgd.nl\/de\/produkt\/alle-straucher-2\/sibirischer-hartriegel-cornus-alba-sibirica\/","og_site_name":"PlantBezorgd","article_modified_time":"2025-11-24T15:38:19+00:00","og_image":[{"width":681,"height":1024,"url":"https:\/\/plantbezorgd.nl\/wp-content\/uploads\/2023\/06\/Cornus-alba-Sibirica-Kornoelje.jpg","type":"image\/jpeg"}],"twitter_card":"summary_large_image","twitter_misc":{"Gesch\u00e4tzte Lesezeit":"2\u00a0Minuten"},"schema":{"@context":"https:\/\/schema.org","@graph":[{"@type":"WebPage","@id":"https:\/\/plantbezorgd.nl\/product\/alle-heesters\/cornus-alba-sibirica-kornoelje\/","url":"https:\/\/plantbezorgd.nl\/product\/alle-heesters\/cornus-alba-sibirica-kornoelje\/","name":"Cornus alba &#039;Sibirica&#039; - Hartriegel online kaufen - PlantBezorgd","isPartOf":{"@id":"https:\/\/plantbezorgd.nl\/#website"},"primaryImageOfPage":{"@id":"https:\/\/plantbezorgd.nl\/product\/alle-heesters\/cornus-alba-sibirica-kornoelje\/#primaryimage"},"image":{"@id":"https:\/\/plantbezorgd.nl\/product\/alle-heesters\/cornus-alba-sibirica-kornoelje\/#primaryimage"},"thumbnailUrl":"https:\/\/plantbezorgd.nl\/wp-content\/uploads\/2023\/06\/Cornus-alba-Sibirica-Kornoelje.jpg","datePublished":"2023-03-02T07:08:46+00:00","dateModified":"2025-11-24T15:38:19+00:00","description":"Suchen Sie den Sibirischen Hartriegel (Cornus alba &#039;Sibirica&#039;)? \u2714 Niedrige Versandkosten \u2714 Lieferzeit und -ort frei w\u00e4hlbar \u2714 Anwachsgarantie!","breadcrumb":{"@id":"https:\/\/plantbezorgd.nl\/product\/alle-heesters\/cornus-alba-sibirica-kornoelje\/#breadcrumb"},"inLanguage":"de","potentialAction":[{"@type":"ReadAction","target":["https:\/\/plantbezorgd.nl\/product\/alle-heesters\/cornus-alba-sibirica-kornoelje\/"]}]},{"@type":"ImageObject","inLanguage":"de","@id":"https:\/\/plantbezorgd.nl\/product\/alle-heesters\/cornus-alba-sibirica-kornoelje\/#primaryimage","url":"https:\/\/plantbezorgd.nl\/wp-content\/uploads\/2023\/06\/Cornus-alba-Sibirica-Kornoelje.jpg","contentUrl":"https:\/\/plantbezorgd.nl\/wp-content\/uploads\/2023\/06\/Cornus-alba-Sibirica-Kornoelje.jpg","width":681,"height":1024},{"@type":"BreadcrumbList","@id":"https:\/\/plantbezorgd.nl\/product\/alle-heesters\/cornus-alba-sibirica-kornoelje\/#breadcrumb","itemListElement":[{"@type":"ListItem","position":1,"name":"Shop","item":"https:\/\/plantbezorgd.nl\/shop\/"},{"@type":"ListItem","position":2,"name":"Cornus - Kornoelje","item":"https:\/\/plantbezorgd.nl\/product-categorie\/cornus-kornoelje\/"},{"@type":"ListItem","position":3,"name":"Cornus alba &#8216;Sibirica&#8217; &#8211; Kornoelje"}]},{"@type":"WebSite","@id":"https:\/\/plantbezorgd.nl\/#website","url":"https:\/\/plantbezorgd.nl\/","name":"PflanzenGeliefert","description":"Erschwingliche Qualit\u00e4tspflanzen direkt zu Ihnen nach Hause geliefert!","publisher":{"@id":"https:\/\/plantbezorgd.nl\/#organization"},"potentialAction":[{"@type":"SearchAction","target":{"@type":"EntryPoint","urlTemplate":"https:\/\/plantbezorgd.nl\/?s={search_term_string}"},"query-input":{"@type":"PropertyValueSpecification","valueRequired":true,"valueName":"search_term_string"}}],"inLanguage":"de"},{"@type":"Organization","@id":"https:\/\/plantbezorgd.nl\/#organization","name":"PflanzenGeliefert","url":"https:\/\/plantbezorgd.nl\/","logo":{"@type":"ImageObject","inLanguage":"de","@id":"https:\/\/plantbezorgd.nl\/#\/schema\/logo\/image\/","url":"https:\/\/plantbezorgd.nl\/wp-content\/uploads\/2023\/05\/Logo.svg","contentUrl":"https:\/\/plantbezorgd.nl\/wp-content\/uploads\/2023\/05\/Logo.svg","caption":"PlantBezorgd"},"image":{"@id":"https:\/\/plantbezorgd.nl\/#\/schema\/logo\/image\/"}}]}},"_links":{"self":[{"href":"https:\/\/plantbezorgd.nl\/de\/wp-json\/wp\/v2\/product\/3100","targetHints":{"allow":["GET"]}}],"collection":[{"href":"https:\/\/plantbezorgd.nl\/de\/wp-json\/wp\/v2\/product"}],"about":[{"href":"https:\/\/plantbezorgd.nl\/de\/wp-json\/wp\/v2\/types\/product"}],"replies":[{"embeddable":true,"href":"https:\/\/plantbezorgd.nl\/de\/wp-json\/wp\/v2\/comments?post=3100"}],"wp:featuredmedia":[{"embeddable":true,"href":"https:\/\/plantbezorgd.nl\/de\/wp-json\/wp\/v2\/media\/3101"}],"wp:attachment":[{"href":"https:\/\/plantbezorgd.nl\/de\/wp-json\/wp\/v2\/media?parent=3100"}],"wp:term":[{"taxonomy":"product_brand","embeddable":true,"href":"https:\/\/plantbezorgd.nl\/de\/wp-json\/wp\/v2\/product_brand?post=3100"},{"taxonomy":"product_cat","embeddable":true,"href":"https:\/\/plantbezorgd.nl\/de\/wp-json\/wp\/v2\/product_cat?post=3100"},{"taxonomy":"product_tag","embeddable":true,"href":"https:\/\/plantbezorgd.nl\/de\/wp-json\/wp\/v2\/product_tag?post=3100"}],"curies":[{"name":"wp","href":"https:\/\/api.w.org\/{rel}","templated":true}]}}