{"id":2773,"date":"2023-02-02T09:52:46","date_gmt":"2023-02-02T08:52:46","guid":{"rendered":"https:\/\/plantbezorgd.s01.klik3.dev\/product\/uncategorized\/pokon-druiven-mest-1kg\/"},"modified":"2025-02-14T14:57:55","modified_gmt":"2025-02-14T13:57:55","slug":"pokon-traubendunger-1kg","status":"publish","type":"product","link":"https:\/\/plantbezorgd.nl\/de\/produkt\/befruchtung-2\/pokon-traubendunger-1kg\/","title":{"rendered":"Pokon Traubend\u00fcnger 1kg"},"content":{"rendered":"<p>Pokon Traubend\u00fcnger, angereichert mit nat\u00fcrlich vorkommenden Mineralien,\u00a0<strong>Feeds\u00a0<\/strong>die Anlage und\u00a0<strong>verbessert\u00a0<\/strong>den Boden. Das sorgt f\u00fcr gesunde Pflanzen. Gesunde Pflanzen sind widerstandsf\u00e4higer gegen Krankheiten und Sch\u00e4dlinge und bringen k\u00f6stliche Fr\u00fcchte hervor.<\/p>\n<p>Weintrauben m\u00f6gen kalkhaltige B\u00f6den. Dieser N\u00e4hrstoff ist einzigartig, denn er enth\u00e4lt\u00a0<strong>Kalk<\/strong>\u00a0wird in die K\u00f6rner eingearbeitet. Au\u00dferdem ben\u00f6tigen Weintrauben eine Menge\u00a0<strong>kali<\/strong>. Kali sorgt f\u00fcr kr\u00e4ftige Pflanzen und eine gute Widerstandsf\u00e4higkeit gegen Krankheiten, Pilze und Frost, das diesem D\u00fcnger ebenfalls zugesetzt wird. Genie\u00dfen Sie leckere Trauben aus Ihrem eigenen Garten mit diesem\u00a0<strong>Bio\u00a0<\/strong>D\u00fcngemittel.<\/p>\n<h2 class=\"heading-h2\">Gebrauchsanweisung Traubend\u00fcnger<\/h2>\n<p>Die besten Ergebnisse erzielen Sie, wenn Sie Ihre Pflanzen zweimal im Jahr d\u00fcngen, und zwar zu Beginn des Fr\u00fchjahrs und im Sommer. Dieser D\u00fcnger wirkt bis zu 120 Tage lang.<\/p>\n<p>1. Messen Sie die richtige Menge D\u00fcnger ab.<br \/>\n2. Verteilen Sie die K\u00fcgelchen gleichm\u00e4\u00dfig um die Pflanze.<br \/>\n3. Arbeiten Sie die Pellets durch die oberste Bodenschicht.<br \/>\n4. Wasser, um die Wirkung des D\u00fcngers sofort auszul\u00f6sen.<\/p>\n<h2 class=\"heading-h2\">Dosierung<\/h2>\n<p>Eine Pflanze im Freiland braucht 60-80 Gramm D\u00fcnger. Jungpflanzen und Pflanzen in T\u00f6pfen ben\u00f6tigen 20-30 g D\u00fcnger pro Pflanze.<\/p>\n<h2 class=\"heading-h2\">Zusammensetzung<\/h2>\n<p>Pokon Traubend\u00fcnger ist ein hochwertiger organischer Minerald\u00fcnger mit einem NPK-Wert von 5-3-18 + 2MgO + 0,5Fe + Kalk.<\/p>\n<h2 class=\"heading-h2\">Pflege von Weintrauben<\/h2>\n<ul>\n<li>Schneiden Sie die Trauben im Winter, wenn der Saftfluss zum Stillstand gekommen ist. Verwenden Sie saubere und scharfe Werkzeuge, um Infektionen zu vermeiden. Schneiden Sie nicht bei Frost oder wenn Frost zu erwarten ist.<\/li>\n<li>Ein gut gepflegter Weinstock bringt schmackhaftere Trauben hervor.<\/li>\n<\/ul>","protected":false},"excerpt":{"rendered":"<p>Pokon Druiven Mest, verrijkt met in de natuur voorkomende mineralen,\u00a0voedt\u00a0de plant en\u00a0verbetert\u00a0de grond. Dit zorgt voor gezonde planten. Gezonde planten hebben meer weerstand tegen ziektes en plagen en geven heerlijk fruit. Druiven houden van een kalkrijke grond. Deze voeding is uniek doordat er\u00a0kalk\u00a0in de korrels is verwerkt. Daarnaast hebben druiven behoefte aan veel\u00a0kali. Kali zorgt [&hellip;]<\/p>","protected":false},"featured_media":2774,"comment_status":"open","ping_status":"closed","template":"","meta":{"_acf_changed":false,"iawp_total_views":3},"product_brand":[],"product_cat":[316,229,241],"product_tag":[439,1587,436],"class_list":{"0":"post-2773","1":"product","2":"type-product","3":"status-publish","4":"has-post-thumbnail","6":"product_cat-alle-categorieen","7":"product_cat-bemesting","8":"product_cat-fruitstruiken","9":"product_tag-alle","10":"product_tag-local","11":"product_tag-nietadverteren","13":"first","14":"instock","15":"taxable","16":"shipping-taxable","17":"purchasable","18":"product-type-simple"},"acf":[],"gallery_images":[],"yoast_head":"<!-- This site is optimized with the Yoast SEO plugin v25.3 - https:\/\/yoast.com\/wordpress\/plugins\/seo\/ -->\n<title>Pokon Druiven Mest 1kg Online Kopen - PlantBezorgd<\/title>\n<meta name=\"description\" content=\"Op zoek naar de Pokon Druiven Mest 1kg? \u2714 Lage verzendkosten \u2714 Kies je bezorgmoment &amp; locatie \u2714 Groeigarantie!\" \/>\n<meta name=\"robots\" content=\"index, follow, max-snippet:-1, max-image-preview:large, max-video-preview:-1\" \/>\n<link rel=\"canonical\" href=\"https:\/\/plantbezorgd.nl\/de\/produkt\/befruchtung-2\/pokon-traubendunger-1kg\/\" \/>\n<meta property=\"og:locale\" content=\"de_DE\" \/>\n<meta property=\"og:type\" content=\"article\" \/>\n<meta property=\"og:title\" content=\"Pokon Druiven Mest 1kg Online Kopen - PlantBezorgd\" \/>\n<meta property=\"og:description\" content=\"Op zoek naar de Pokon Druiven Mest 1kg? \u2714 Lage verzendkosten \u2714 Kies je bezorgmoment &amp; locatie \u2714 Groeigarantie!\" \/>\n<meta property=\"og:url\" content=\"https:\/\/plantbezorgd.nl\/de\/produkt\/befruchtung-2\/pokon-traubendunger-1kg\/\" \/>\n<meta property=\"og:site_name\" content=\"PlantBezorgd\" \/>\n<meta property=\"article:modified_time\" content=\"2025-02-14T13:57:55+00:00\" \/>\n<meta property=\"og:image\" content=\"https:\/\/cdn.plantbezorgd.nl\/wp-content\/uploads\/2023\/06\/Pokon-Druiven-Mest-1kg.jpg?strip=all&lossy=1&ssl=1\" \/>\n\t<meta property=\"og:image:width\" content=\"625\" \/>\n\t<meta property=\"og:image:height\" content=\"800\" \/>\n\t<meta property=\"og:image:type\" content=\"image\/jpeg\" \/>\n<meta name=\"twitter:card\" content=\"summary_large_image\" \/>\n<meta name=\"twitter:label1\" content=\"Gesch\u00e4tzte Lesezeit\" \/>\n\t<meta name=\"twitter:data1\" content=\"1\u00a0Minute\" \/>\n<script type=\"application\/ld+json\" class=\"yoast-schema-graph\">{\"@context\":\"https:\/\/schema.org\",\"@graph\":[{\"@type\":\"WebPage\",\"@id\":\"https:\/\/plantbezorgd.nl\/product\/bemesting\/pokon-druiven-mest-1kg\/\",\"url\":\"https:\/\/plantbezorgd.nl\/product\/bemesting\/pokon-druiven-mest-1kg\/\",\"name\":\"Pokon Druiven Mest 1kg Online Kopen - PlantBezorgd\",\"isPartOf\":{\"@id\":\"https:\/\/plantbezorgd.nl\/#website\"},\"primaryImageOfPage\":{\"@id\":\"https:\/\/plantbezorgd.nl\/product\/bemesting\/pokon-druiven-mest-1kg\/#primaryimage\"},\"image\":{\"@id\":\"https:\/\/plantbezorgd.nl\/product\/bemesting\/pokon-druiven-mest-1kg\/#primaryimage\"},\"thumbnailUrl\":\"https:\/\/plantbezorgd.nl\/wp-content\/uploads\/2023\/06\/Pokon-Druiven-Mest-1kg.jpg\",\"datePublished\":\"2023-02-02T08:52:46+00:00\",\"dateModified\":\"2025-02-14T13:57:55+00:00\",\"description\":\"Op zoek naar de Pokon Druiven Mest 1kg? \u2714 Lage verzendkosten \u2714 Kies je bezorgmoment & locatie \u2714 Groeigarantie!\",\"breadcrumb\":{\"@id\":\"https:\/\/plantbezorgd.nl\/product\/bemesting\/pokon-druiven-mest-1kg\/#breadcrumb\"},\"inLanguage\":\"de\",\"potentialAction\":[{\"@type\":\"ReadAction\",\"target\":[\"https:\/\/plantbezorgd.nl\/product\/bemesting\/pokon-druiven-mest-1kg\/\"]}]},{\"@type\":\"ImageObject\",\"inLanguage\":\"de\",\"@id\":\"https:\/\/plantbezorgd.nl\/product\/bemesting\/pokon-druiven-mest-1kg\/#primaryimage\",\"url\":\"https:\/\/plantbezorgd.nl\/wp-content\/uploads\/2023\/06\/Pokon-Druiven-Mest-1kg.jpg\",\"contentUrl\":\"https:\/\/plantbezorgd.nl\/wp-content\/uploads\/2023\/06\/Pokon-Druiven-Mest-1kg.jpg\",\"width\":625,\"height\":800},{\"@type\":\"BreadcrumbList\",\"@id\":\"https:\/\/plantbezorgd.nl\/product\/bemesting\/pokon-druiven-mest-1kg\/#breadcrumb\",\"itemListElement\":[{\"@type\":\"ListItem\",\"position\":1,\"name\":\"Shop\",\"item\":\"https:\/\/plantbezorgd.nl\/shop\/\"},{\"@type\":\"ListItem\",\"position\":2,\"name\":\"Bemesting\",\"item\":\"https:\/\/plantbezorgd.nl\/product-categorie\/bemesting\/\"},{\"@type\":\"ListItem\",\"position\":3,\"name\":\"Pokon Druiven Mest 1kg\"}]},{\"@type\":\"WebSite\",\"@id\":\"https:\/\/plantbezorgd.nl\/#website\",\"url\":\"https:\/\/plantbezorgd.nl\/\",\"name\":\"PlantBezorgd\",\"description\":\"Betaalbare kwaliteitsplanten thuisbezorgd!\",\"publisher\":{\"@id\":\"https:\/\/plantbezorgd.nl\/#organization\"},\"potentialAction\":[{\"@type\":\"SearchAction\",\"target\":{\"@type\":\"EntryPoint\",\"urlTemplate\":\"https:\/\/plantbezorgd.nl\/?s={search_term_string}\"},\"query-input\":{\"@type\":\"PropertyValueSpecification\",\"valueRequired\":true,\"valueName\":\"search_term_string\"}}],\"inLanguage\":\"de\"},{\"@type\":\"Organization\",\"@id\":\"https:\/\/plantbezorgd.nl\/#organization\",\"name\":\"PlantBezorgd\",\"url\":\"https:\/\/plantbezorgd.nl\/\",\"logo\":{\"@type\":\"ImageObject\",\"inLanguage\":\"de\",\"@id\":\"https:\/\/plantbezorgd.nl\/#\/schema\/logo\/image\/\",\"url\":\"https:\/\/plantbezorgd.nl\/wp-content\/uploads\/2023\/05\/Logo.svg\",\"contentUrl\":\"https:\/\/plantbezorgd.nl\/wp-content\/uploads\/2023\/05\/Logo.svg\",\"caption\":\"PlantBezorgd\"},\"image\":{\"@id\":\"https:\/\/plantbezorgd.nl\/#\/schema\/logo\/image\/\"}}]}<\/script>\n<!-- \/ Yoast SEO plugin. -->","yoast_head_json":{"title":"Pokon Traubend\u00fcnger 1kg online kaufen - PlantBezorgd","description":"Sie suchen den Pokon Traubend\u00fcnger 1kg? \u2714 Niedrige Versandkosten \u2714 W\u00e4hlen Sie Ihren Liefertermin und -ort \u2714 Wachstumsgarantie!","robots":{"index":"index","follow":"follow","max-snippet":"max-snippet:-1","max-image-preview":"max-image-preview:large","max-video-preview":"max-video-preview:-1"},"canonical":"https:\/\/plantbezorgd.nl\/de\/produkt\/befruchtung-2\/pokon-traubendunger-1kg\/","og_locale":"de_DE","og_type":"article","og_title":"Pokon Druiven Mest 1kg Online Kopen - PlantBezorgd","og_description":"Op zoek naar de Pokon Druiven Mest 1kg? \u2714 Lage verzendkosten \u2714 Kies je bezorgmoment & locatie \u2714 Groeigarantie!","og_url":"https:\/\/plantbezorgd.nl\/de\/produkt\/befruchtung-2\/pokon-traubendunger-1kg\/","og_site_name":"PlantBezorgd","article_modified_time":"2025-02-14T13:57:55+00:00","og_image":[{"width":625,"height":800,"url":"https:\/\/cdn.plantbezorgd.nl\/wp-content\/uploads\/2023\/06\/Pokon-Druiven-Mest-1kg.jpg?strip=all&lossy=1&ssl=1","type":"image\/jpeg"}],"twitter_card":"summary_large_image","twitter_misc":{"Gesch\u00e4tzte Lesezeit":"1\u00a0Minute"},"schema":{"@context":"https:\/\/schema.org","@graph":[{"@type":"WebPage","@id":"https:\/\/plantbezorgd.nl\/product\/bemesting\/pokon-druiven-mest-1kg\/","url":"https:\/\/plantbezorgd.nl\/product\/bemesting\/pokon-druiven-mest-1kg\/","name":"Pokon Traubend\u00fcnger 1kg online kaufen - PlantBezorgd","isPartOf":{"@id":"https:\/\/plantbezorgd.nl\/#website"},"primaryImageOfPage":{"@id":"https:\/\/plantbezorgd.nl\/product\/bemesting\/pokon-druiven-mest-1kg\/#primaryimage"},"image":{"@id":"https:\/\/plantbezorgd.nl\/product\/bemesting\/pokon-druiven-mest-1kg\/#primaryimage"},"thumbnailUrl":"https:\/\/plantbezorgd.nl\/wp-content\/uploads\/2023\/06\/Pokon-Druiven-Mest-1kg.jpg","datePublished":"2023-02-02T08:52:46+00:00","dateModified":"2025-02-14T13:57:55+00:00","description":"Sie suchen den Pokon Traubend\u00fcnger 1kg? \u2714 Niedrige Versandkosten \u2714 W\u00e4hlen Sie Ihren Liefertermin und -ort \u2714 Wachstumsgarantie!","breadcrumb":{"@id":"https:\/\/plantbezorgd.nl\/product\/bemesting\/pokon-druiven-mest-1kg\/#breadcrumb"},"inLanguage":"de","potentialAction":[{"@type":"ReadAction","target":["https:\/\/plantbezorgd.nl\/product\/bemesting\/pokon-druiven-mest-1kg\/"]}]},{"@type":"ImageObject","inLanguage":"de","@id":"https:\/\/plantbezorgd.nl\/product\/bemesting\/pokon-druiven-mest-1kg\/#primaryimage","url":"https:\/\/plantbezorgd.nl\/wp-content\/uploads\/2023\/06\/Pokon-Druiven-Mest-1kg.jpg","contentUrl":"https:\/\/plantbezorgd.nl\/wp-content\/uploads\/2023\/06\/Pokon-Druiven-Mest-1kg.jpg","width":625,"height":800},{"@type":"BreadcrumbList","@id":"https:\/\/plantbezorgd.nl\/product\/bemesting\/pokon-druiven-mest-1kg\/#breadcrumb","itemListElement":[{"@type":"ListItem","position":1,"name":"Shop","item":"https:\/\/plantbezorgd.nl\/shop\/"},{"@type":"ListItem","position":2,"name":"Bemesting","item":"https:\/\/plantbezorgd.nl\/product-categorie\/bemesting\/"},{"@type":"ListItem","position":3,"name":"Pokon Druiven Mest 1kg"}]},{"@type":"WebSite","@id":"https:\/\/plantbezorgd.nl\/#website","url":"https:\/\/plantbezorgd.nl\/","name":"PflanzenGeliefert","description":"Erschwingliche Qualit\u00e4tspflanzen direkt zu Ihnen nach Hause geliefert!","publisher":{"@id":"https:\/\/plantbezorgd.nl\/#organization"},"potentialAction":[{"@type":"SearchAction","target":{"@type":"EntryPoint","urlTemplate":"https:\/\/plantbezorgd.nl\/?s={search_term_string}"},"query-input":{"@type":"PropertyValueSpecification","valueRequired":true,"valueName":"search_term_string"}}],"inLanguage":"de"},{"@type":"Organization","@id":"https:\/\/plantbezorgd.nl\/#organization","name":"PflanzenGeliefert","url":"https:\/\/plantbezorgd.nl\/","logo":{"@type":"ImageObject","inLanguage":"de","@id":"https:\/\/plantbezorgd.nl\/#\/schema\/logo\/image\/","url":"https:\/\/plantbezorgd.nl\/wp-content\/uploads\/2023\/05\/Logo.svg","contentUrl":"https:\/\/plantbezorgd.nl\/wp-content\/uploads\/2023\/05\/Logo.svg","caption":"PlantBezorgd"},"image":{"@id":"https:\/\/plantbezorgd.nl\/#\/schema\/logo\/image\/"}}]}},"_links":{"self":[{"href":"https:\/\/plantbezorgd.nl\/de\/wp-json\/wp\/v2\/product\/2773","targetHints":{"allow":["GET"]}}],"collection":[{"href":"https:\/\/plantbezorgd.nl\/de\/wp-json\/wp\/v2\/product"}],"about":[{"href":"https:\/\/plantbezorgd.nl\/de\/wp-json\/wp\/v2\/types\/product"}],"replies":[{"embeddable":true,"href":"https:\/\/plantbezorgd.nl\/de\/wp-json\/wp\/v2\/comments?post=2773"}],"wp:featuredmedia":[{"embeddable":true,"href":"https:\/\/plantbezorgd.nl\/de\/wp-json\/wp\/v2\/media\/2774"}],"wp:attachment":[{"href":"https:\/\/plantbezorgd.nl\/de\/wp-json\/wp\/v2\/media?parent=2773"}],"wp:term":[{"taxonomy":"product_brand","embeddable":true,"href":"https:\/\/plantbezorgd.nl\/de\/wp-json\/wp\/v2\/product_brand?post=2773"},{"taxonomy":"product_cat","embeddable":true,"href":"https:\/\/plantbezorgd.nl\/de\/wp-json\/wp\/v2\/product_cat?post=2773"},{"taxonomy":"product_tag","embeddable":true,"href":"https:\/\/plantbezorgd.nl\/de\/wp-json\/wp\/v2\/product_tag?post=2773"}],"curies":[{"name":"wp","href":"https:\/\/api.w.org\/{rel}","templated":true}]}}