{"id":2585,"date":"2023-06-23T10:20:43","date_gmt":"2023-06-23T08:20:43","guid":{"rendered":"https:\/\/plantbezorgd.s01.klik3.dev\/product\/uncategorized\/pokon-aanplantgrond-tuinplanten-bomen-hagen-30l\/"},"modified":"2026-04-14T13:18:55","modified_gmt":"2026-04-14T11:18:55","slug":"pokon-pflanzerde-garten-pflanzen-baume-hecken-30l-2","status":"publish","type":"product","link":"https:\/\/plantbezorgd.nl\/de\/produkt\/kletterpflanzen-2\/clematis-2\/pokon-pflanzerde-garten-pflanzen-baume-hecken-30l-2\/","title":{"rendered":"Culvita Pflanzerde Gartenpflanzen, B\u00e4ume &amp; Hecken BIO 40L"},"content":{"rendered":"<p>Culvita-Pflanzerde f\u00fcr Gartenpflanzen, B\u00e4ume und Hecken ist eine hochwertige Blumen- und Pflanzerde, die speziell daf\u00fcr entwickelt wurde, jungen Pflanzen den bestm\u00f6glichen Start im Garten zu erm\u00f6glichen. Diese universelle Pflanzerde unterst\u00fctzt die gesunde Wurzelbildung, das kr\u00e4ftige Wachstum und die nachhaltige Etablierung, egal ob Sie Stauden, Str\u00e4ucher, B\u00e4ume oder Hecken pflanzen.<\/p>\n<p><strong>Das Besondere an dieser Pflanzerde<\/strong><\/p>\n<p>Culvita-Pflanzerde kombiniert eine luftige Struktur mit einem guten Wasserhalteverm\u00f6gen und ausreichend N\u00e4hrstoffen f\u00fcr die erste Wachstumsphase der Pflanzen. Dies tr\u00e4gt zu einer guten Bodenstruktur bei, in der sich die Wurzeln kr\u00e4ftig entwickeln k\u00f6nnen. Die Zusammensetzung ist auf die Bed\u00fcrfnisse von jungen Gartenpflanzen abgestimmt und unterst\u00fctzt ein gleichm\u00e4\u00dfig feuchtes und luftiges Substrat.<\/p>\n<p><strong>Wof\u00fcr ist dieser Boden geeignet?<\/strong><\/p>\n<p>Diese Pflanzerde ist geeignet f\u00fcr:<\/p>\n<ul>\n<li>Stauden<\/li>\n<li>B\u00e4ume<\/li>\n<li>Heckenpflanze<\/li>\n<li>Str\u00e4ucher und B\u00fcsche<\/li>\n<li>Verbesserung des bestehenden Gartenbodens<\/li>\n<\/ul>\n<p><strong>Eigenschaften des Bodens<\/strong><\/p>\n<p>Die Culvita-Pflanzerde hat eine optimale Struktur f\u00fcr den Luft- und Wassertransport, was eine gesunde Wurzelbildung f\u00f6rdert. Die Erde enth\u00e4lt organische Substanzen, die zu einem gleichm\u00e4\u00dfigen Feuchtigkeitsgehalt beitragen, ohne dass die Struktur schwer oder klebrig wird. So k\u00f6nnen junge Pflanzen sofort fest wurzeln und Energie aus dem Boden aufnehmen.<\/p>\n<p><strong>Nutzung und Beratung<\/strong><\/p>\n<p>Bringen Sie die Pflanzerde in das Pflanzloch ein, wenn Sie neue Gartenpflanzen, Str\u00e4ucher, Hecken oder B\u00e4ume pflanzen. Falls erforderlich, mischen Sie die Pflanzerde mit Erde aus dem Pflanzloch, um den \u00dcbergang zwischen urspr\u00fcnglicher und neuer Erde zu gl\u00e4tten. Achten Sie darauf, dass das Pflanzloch mindestens doppelt so breit ist wie der Wurzelballen der zu pflanzenden Pflanze, damit die Wurzeln gen\u00fcgend Platz haben, sich zu entwickeln.<\/p>\n<p><strong>Vorteile auf einen Blick<\/strong><\/p>\n<ul>\n<li>Unterst\u00fctzt die Wurzelentwicklung<\/li>\n<li>Gute Wasserwirtschaft<\/li>\n<li>Reiche Struktur und N\u00e4hrstoffe<\/li>\n<li>Geeignet f\u00fcr eine Vielzahl von Gartenpflanzen<\/li>\n<\/ul>\n<p>Culvita-Pflanzerde ist eine zuverl\u00e4ssige Wahl f\u00fcr einen gesunden Start Ihrer Gartenpflanzen, B\u00e4ume und Hecken und hilft, eine starke Grundlage f\u00fcr einen bl\u00fchenden, gr\u00fcnen Garten zu schaffen.<\/p>","protected":false},"excerpt":{"rendered":"<blockquote><p>&nbsp;<\/p><\/blockquote>","protected":false},"featured_media":79581,"comment_status":"open","ping_status":"closed","template":"","meta":{"_acf_changed":false,"iawp_total_views":469},"product_brand":[],"product_cat":[316,232,233,234,236,249,231,254,238,241,228,243,262,251,244,245,492,223,248,239,240,242,225,256,226,237,246,263,222,261,235,258,259,264,495],"product_tag":[439,1587,436],"class_list":{"0":"post-2585","1":"product","2":"type-product","3":"status-publish","4":"has-post-thumbnail","6":"product_cat-alle-categorieen","7":"product_cat-alle-haagplanten","8":"product_cat-alle-heesters","9":"product_cat-alle-klimplanten","10":"product_cat-alle-tuinplanten","11":"product_cat-bamboe","12":"product_cat-beukenhaag","13":"product_cat-blauwe-regen","14":"product_cat-bodembedekkers","15":"product_cat-fruitstruiken","16":"product_cat-grond-toebehoren","17":"product_cat-haagplanten","18":"product_cat-heideplanten","19":"product_cat-kamperfoelie","20":"product_cat-klimop","21":"product_cat-klimplanten","22":"product_cat-clematis","23":"product_cat-lavendel","24":"product_cat-liguster","25":"product_cat-overige-haagplanten","26":"product_cat-overige-heesters","27":"product_cat-overige-klimplanten","28":"product_cat-rhododendron","29":"product_cat-rotsheide","30":"product_cat-rozen","31":"product_cat-siergrassen","32":"product_cat-taxus","33":"product_cat-tuingeraniums","34":"product_cat-tuinkruiden","35":"product_cat-varens","36":"product_cat-vaste-planten","37":"product_cat-viburnum","38":"product_cat-vlinderstruiken","39":"product_cat-water-en-oeverplanten","40":"product_cat-alle-klimplantenpassiebloem-passiflora","41":"product_tag-alle","42":"product_tag-local","43":"product_tag-nietadverteren","44":"pa_winterhardheid-meerjarig-goed","46":"first","47":"instock","48":"taxable","49":"shipping-taxable","50":"purchasable","51":"product-type-simple"},"acf":[],"gallery_images":[],"yoast_head":"<!-- This site is optimized with the Yoast SEO plugin v25.3 - https:\/\/yoast.com\/wordpress\/plugins\/seo\/ -->\n<title>Culvita aanplantgrond Tuinplanten, Bomen &amp; Hagen BIO 40L Online Kopen - PlantBezorgd<\/title>\n<meta name=\"description\" content=\"Op zoek naar de Culvita aanplantgrond Tuinplanten, Bomen &amp; Hagen BIO 40L? \u2714 Lage verzendkosten \u2714 Kies je bezorgmoment &amp; locatie \u2714 Groeigarantie!\" \/>\n<meta name=\"robots\" content=\"index, follow, max-snippet:-1, max-image-preview:large, max-video-preview:-1\" \/>\n<link rel=\"canonical\" href=\"https:\/\/plantbezorgd.nl\/de\/produkt\/kletterpflanzen-2\/clematis-2\/pokon-pflanzerde-garten-pflanzen-baume-hecken-30l-2\/\" \/>\n<meta property=\"og:locale\" content=\"de_DE\" \/>\n<meta property=\"og:type\" content=\"article\" \/>\n<meta property=\"og:title\" content=\"Culvita aanplantgrond Tuinplanten, Bomen &amp; Hagen BIO 40L Online Kopen - PlantBezorgd\" \/>\n<meta property=\"og:description\" content=\"Op zoek naar de Culvita aanplantgrond Tuinplanten, Bomen &amp; Hagen BIO 40L? \u2714 Lage verzendkosten \u2714 Kies je bezorgmoment &amp; locatie \u2714 Groeigarantie!\" \/>\n<meta property=\"og:url\" content=\"https:\/\/plantbezorgd.nl\/de\/produkt\/kletterpflanzen-2\/clematis-2\/pokon-pflanzerde-garten-pflanzen-baume-hecken-30l-2\/\" \/>\n<meta property=\"og:site_name\" content=\"PlantBezorgd\" \/>\n<meta property=\"article:modified_time\" content=\"2026-04-14T11:18:55+00:00\" \/>\n<meta property=\"og:image\" content=\"https:\/\/plantbezorgd.nl\/wp-content\/uploads\/2023\/06\/Culvita-Biologische-Aanplantgrond-Culvita.nl_-removebg-768x1024-1.png\" \/>\n\t<meta property=\"og:image:width\" content=\"768\" \/>\n\t<meta property=\"og:image:height\" content=\"1024\" \/>\n\t<meta property=\"og:image:type\" content=\"image\/png\" \/>\n<meta name=\"twitter:card\" content=\"summary_large_image\" \/>\n<meta name=\"twitter:label1\" content=\"Gesch\u00e4tzte Lesezeit\" \/>\n\t<meta name=\"twitter:data1\" content=\"2\u00a0Minuten\" \/>\n<script type=\"application\/ld+json\" class=\"yoast-schema-graph\">{\"@context\":\"https:\/\/schema.org\",\"@graph\":[{\"@type\":\"WebPage\",\"@id\":\"https:\/\/plantbezorgd.nl\/product\/klimplanten\/clematis\/pokon-aanplantgrond-tuinplanten-bomen-hagen-30l\/\",\"url\":\"https:\/\/plantbezorgd.nl\/product\/klimplanten\/clematis\/pokon-aanplantgrond-tuinplanten-bomen-hagen-30l\/\",\"name\":\"Culvita aanplantgrond Tuinplanten, Bomen &amp; Hagen BIO 40L Online Kopen - PlantBezorgd\",\"isPartOf\":{\"@id\":\"https:\/\/plantbezorgd.nl\/#website\"},\"primaryImageOfPage\":{\"@id\":\"https:\/\/plantbezorgd.nl\/product\/klimplanten\/clematis\/pokon-aanplantgrond-tuinplanten-bomen-hagen-30l\/#primaryimage\"},\"image\":{\"@id\":\"https:\/\/plantbezorgd.nl\/product\/klimplanten\/clematis\/pokon-aanplantgrond-tuinplanten-bomen-hagen-30l\/#primaryimage\"},\"thumbnailUrl\":\"https:\/\/plantbezorgd.nl\/wp-content\/uploads\/2023\/06\/Culvita-Biologische-Aanplantgrond-Culvita.nl_-removebg-768x1024-1.png\",\"datePublished\":\"2023-06-23T08:20:43+00:00\",\"dateModified\":\"2026-04-14T11:18:55+00:00\",\"description\":\"Op zoek naar de Culvita aanplantgrond Tuinplanten, Bomen &amp; Hagen BIO 40L? \u2714 Lage verzendkosten \u2714 Kies je bezorgmoment & locatie \u2714 Groeigarantie!\",\"breadcrumb\":{\"@id\":\"https:\/\/plantbezorgd.nl\/product\/klimplanten\/clematis\/pokon-aanplantgrond-tuinplanten-bomen-hagen-30l\/#breadcrumb\"},\"inLanguage\":\"de\",\"potentialAction\":[{\"@type\":\"ReadAction\",\"target\":[\"https:\/\/plantbezorgd.nl\/product\/klimplanten\/clematis\/pokon-aanplantgrond-tuinplanten-bomen-hagen-30l\/\"]}]},{\"@type\":\"ImageObject\",\"inLanguage\":\"de\",\"@id\":\"https:\/\/plantbezorgd.nl\/product\/klimplanten\/clematis\/pokon-aanplantgrond-tuinplanten-bomen-hagen-30l\/#primaryimage\",\"url\":\"https:\/\/plantbezorgd.nl\/wp-content\/uploads\/2023\/06\/Culvita-Biologische-Aanplantgrond-Culvita.nl_-removebg-768x1024-1.png\",\"contentUrl\":\"https:\/\/plantbezorgd.nl\/wp-content\/uploads\/2023\/06\/Culvita-Biologische-Aanplantgrond-Culvita.nl_-removebg-768x1024-1.png\",\"width\":768,\"height\":1024},{\"@type\":\"BreadcrumbList\",\"@id\":\"https:\/\/plantbezorgd.nl\/product\/klimplanten\/clematis\/pokon-aanplantgrond-tuinplanten-bomen-hagen-30l\/#breadcrumb\",\"itemListElement\":[{\"@type\":\"ListItem\",\"position\":1,\"name\":\"Shop\",\"item\":\"https:\/\/plantbezorgd.nl\/shop\/\"},{\"@type\":\"ListItem\",\"position\":2,\"name\":\"Grond &amp; toebehoren\",\"item\":\"https:\/\/plantbezorgd.nl\/product-categorie\/grond-toebehoren\/\"},{\"@type\":\"ListItem\",\"position\":3,\"name\":\"Culvita aanplantgrond Tuinplanten, Bomen &amp; Hagen BIO 40L\"}]},{\"@type\":\"WebSite\",\"@id\":\"https:\/\/plantbezorgd.nl\/#website\",\"url\":\"https:\/\/plantbezorgd.nl\/\",\"name\":\"PlantBezorgd\",\"description\":\"Betaalbare kwaliteitsplanten thuisbezorgd!\",\"publisher\":{\"@id\":\"https:\/\/plantbezorgd.nl\/#organization\"},\"potentialAction\":[{\"@type\":\"SearchAction\",\"target\":{\"@type\":\"EntryPoint\",\"urlTemplate\":\"https:\/\/plantbezorgd.nl\/?s={search_term_string}\"},\"query-input\":{\"@type\":\"PropertyValueSpecification\",\"valueRequired\":true,\"valueName\":\"search_term_string\"}}],\"inLanguage\":\"de\"},{\"@type\":\"Organization\",\"@id\":\"https:\/\/plantbezorgd.nl\/#organization\",\"name\":\"PlantBezorgd\",\"url\":\"https:\/\/plantbezorgd.nl\/\",\"logo\":{\"@type\":\"ImageObject\",\"inLanguage\":\"de\",\"@id\":\"https:\/\/plantbezorgd.nl\/#\/schema\/logo\/image\/\",\"url\":\"https:\/\/plantbezorgd.nl\/wp-content\/uploads\/2023\/05\/Logo.svg\",\"contentUrl\":\"https:\/\/plantbezorgd.nl\/wp-content\/uploads\/2023\/05\/Logo.svg\",\"caption\":\"PlantBezorgd\"},\"image\":{\"@id\":\"https:\/\/plantbezorgd.nl\/#\/schema\/logo\/image\/\"}}]}<\/script>\n<!-- \/ Yoast SEO plugin. -->","yoast_head_json":{"title":"Culvita Pflanzerde Gartenpflanzen, B\u00e4ume &amp; Hecken BIO 40L Online Kaufen - PlantBezorgd","description":"Sie suchen die Culvita Pflanzerde Gartenpflanzen, B\u00e4ume &amp; Hecken BIO 40L? \u2714 Niedrige Versandkosten \u2714 W\u00e4hlen Sie Ihren Liefertermin und -ort \u2714 Wachstumsgarantie!","robots":{"index":"index","follow":"follow","max-snippet":"max-snippet:-1","max-image-preview":"max-image-preview:large","max-video-preview":"max-video-preview:-1"},"canonical":"https:\/\/plantbezorgd.nl\/de\/produkt\/kletterpflanzen-2\/clematis-2\/pokon-pflanzerde-garten-pflanzen-baume-hecken-30l-2\/","og_locale":"de_DE","og_type":"article","og_title":"Culvita aanplantgrond Tuinplanten, Bomen &amp; Hagen BIO 40L Online Kopen - PlantBezorgd","og_description":"Op zoek naar de Culvita aanplantgrond Tuinplanten, Bomen &amp; Hagen BIO 40L? \u2714 Lage verzendkosten \u2714 Kies je bezorgmoment & locatie \u2714 Groeigarantie!","og_url":"https:\/\/plantbezorgd.nl\/de\/produkt\/kletterpflanzen-2\/clematis-2\/pokon-pflanzerde-garten-pflanzen-baume-hecken-30l-2\/","og_site_name":"PlantBezorgd","article_modified_time":"2026-04-14T11:18:55+00:00","og_image":[{"width":768,"height":1024,"url":"https:\/\/plantbezorgd.nl\/wp-content\/uploads\/2023\/06\/Culvita-Biologische-Aanplantgrond-Culvita.nl_-removebg-768x1024-1.png","type":"image\/png"}],"twitter_card":"summary_large_image","twitter_misc":{"Gesch\u00e4tzte Lesezeit":"2\u00a0Minuten"},"schema":{"@context":"https:\/\/schema.org","@graph":[{"@type":"WebPage","@id":"https:\/\/plantbezorgd.nl\/product\/klimplanten\/clematis\/pokon-aanplantgrond-tuinplanten-bomen-hagen-30l\/","url":"https:\/\/plantbezorgd.nl\/product\/klimplanten\/clematis\/pokon-aanplantgrond-tuinplanten-bomen-hagen-30l\/","name":"Culvita Pflanzerde Gartenpflanzen, B\u00e4ume &amp; Hecken BIO 40L Online Kaufen - PlantBezorgd","isPartOf":{"@id":"https:\/\/plantbezorgd.nl\/#website"},"primaryImageOfPage":{"@id":"https:\/\/plantbezorgd.nl\/product\/klimplanten\/clematis\/pokon-aanplantgrond-tuinplanten-bomen-hagen-30l\/#primaryimage"},"image":{"@id":"https:\/\/plantbezorgd.nl\/product\/klimplanten\/clematis\/pokon-aanplantgrond-tuinplanten-bomen-hagen-30l\/#primaryimage"},"thumbnailUrl":"https:\/\/plantbezorgd.nl\/wp-content\/uploads\/2023\/06\/Culvita-Biologische-Aanplantgrond-Culvita.nl_-removebg-768x1024-1.png","datePublished":"2023-06-23T08:20:43+00:00","dateModified":"2026-04-14T11:18:55+00:00","description":"Sie suchen die Culvita Pflanzerde Gartenpflanzen, B\u00e4ume &amp; Hecken BIO 40L? \u2714 Niedrige Versandkosten \u2714 W\u00e4hlen Sie Ihren Liefertermin und -ort \u2714 Wachstumsgarantie!","breadcrumb":{"@id":"https:\/\/plantbezorgd.nl\/product\/klimplanten\/clematis\/pokon-aanplantgrond-tuinplanten-bomen-hagen-30l\/#breadcrumb"},"inLanguage":"de","potentialAction":[{"@type":"ReadAction","target":["https:\/\/plantbezorgd.nl\/product\/klimplanten\/clematis\/pokon-aanplantgrond-tuinplanten-bomen-hagen-30l\/"]}]},{"@type":"ImageObject","inLanguage":"de","@id":"https:\/\/plantbezorgd.nl\/product\/klimplanten\/clematis\/pokon-aanplantgrond-tuinplanten-bomen-hagen-30l\/#primaryimage","url":"https:\/\/plantbezorgd.nl\/wp-content\/uploads\/2023\/06\/Culvita-Biologische-Aanplantgrond-Culvita.nl_-removebg-768x1024-1.png","contentUrl":"https:\/\/plantbezorgd.nl\/wp-content\/uploads\/2023\/06\/Culvita-Biologische-Aanplantgrond-Culvita.nl_-removebg-768x1024-1.png","width":768,"height":1024},{"@type":"BreadcrumbList","@id":"https:\/\/plantbezorgd.nl\/product\/klimplanten\/clematis\/pokon-aanplantgrond-tuinplanten-bomen-hagen-30l\/#breadcrumb","itemListElement":[{"@type":"ListItem","position":1,"name":"Shop","item":"https:\/\/plantbezorgd.nl\/shop\/"},{"@type":"ListItem","position":2,"name":"Grond &amp; toebehoren","item":"https:\/\/plantbezorgd.nl\/product-categorie\/grond-toebehoren\/"},{"@type":"ListItem","position":3,"name":"Culvita aanplantgrond Tuinplanten, Bomen &amp; Hagen BIO 40L"}]},{"@type":"WebSite","@id":"https:\/\/plantbezorgd.nl\/#website","url":"https:\/\/plantbezorgd.nl\/","name":"PflanzenGeliefert","description":"Erschwingliche Qualit\u00e4tspflanzen direkt zu Ihnen nach Hause geliefert!","publisher":{"@id":"https:\/\/plantbezorgd.nl\/#organization"},"potentialAction":[{"@type":"SearchAction","target":{"@type":"EntryPoint","urlTemplate":"https:\/\/plantbezorgd.nl\/?s={search_term_string}"},"query-input":{"@type":"PropertyValueSpecification","valueRequired":true,"valueName":"search_term_string"}}],"inLanguage":"de"},{"@type":"Organization","@id":"https:\/\/plantbezorgd.nl\/#organization","name":"PflanzenGeliefert","url":"https:\/\/plantbezorgd.nl\/","logo":{"@type":"ImageObject","inLanguage":"de","@id":"https:\/\/plantbezorgd.nl\/#\/schema\/logo\/image\/","url":"https:\/\/plantbezorgd.nl\/wp-content\/uploads\/2023\/05\/Logo.svg","contentUrl":"https:\/\/plantbezorgd.nl\/wp-content\/uploads\/2023\/05\/Logo.svg","caption":"PlantBezorgd"},"image":{"@id":"https:\/\/plantbezorgd.nl\/#\/schema\/logo\/image\/"}}]}},"_links":{"self":[{"href":"https:\/\/plantbezorgd.nl\/de\/wp-json\/wp\/v2\/product\/2585","targetHints":{"allow":["GET"]}}],"collection":[{"href":"https:\/\/plantbezorgd.nl\/de\/wp-json\/wp\/v2\/product"}],"about":[{"href":"https:\/\/plantbezorgd.nl\/de\/wp-json\/wp\/v2\/types\/product"}],"replies":[{"embeddable":true,"href":"https:\/\/plantbezorgd.nl\/de\/wp-json\/wp\/v2\/comments?post=2585"}],"wp:featuredmedia":[{"embeddable":true,"href":"https:\/\/plantbezorgd.nl\/de\/wp-json\/wp\/v2\/media\/79581"}],"wp:attachment":[{"href":"https:\/\/plantbezorgd.nl\/de\/wp-json\/wp\/v2\/media?parent=2585"}],"wp:term":[{"taxonomy":"product_brand","embeddable":true,"href":"https:\/\/plantbezorgd.nl\/de\/wp-json\/wp\/v2\/product_brand?post=2585"},{"taxonomy":"product_cat","embeddable":true,"href":"https:\/\/plantbezorgd.nl\/de\/wp-json\/wp\/v2\/product_cat?post=2585"},{"taxonomy":"product_tag","embeddable":true,"href":"https:\/\/plantbezorgd.nl\/de\/wp-json\/wp\/v2\/product_tag?post=2585"}],"curies":[{"name":"wp","href":"https:\/\/api.w.org\/{rel}","templated":true}]}}