{"id":2551,"date":"2023-02-02T10:03:45","date_gmt":"2023-02-02T09:03:45","guid":{"rendered":"https:\/\/plantbezorgd.s01.klik3.dev\/product\/uncategorized\/potgrond-40-liter-van-egmond\/"},"modified":"2026-04-08T04:28:01","modified_gmt":"2026-04-08T02:28:01","slug":"van-egmond-blumenerde-40-liter-2","status":"publish","type":"product","link":"https:\/\/plantbezorgd.nl\/de\/produkt\/landzubehor-2\/van-egmond-blumenerde-40-liter-2\/","title":{"rendered":"BIO Culvita Blumenerde torffrei\/torfrei 40 Liter"},"content":{"rendered":"<p>Culvita Blumenerde torffrei\/rasenfrei ist aus kreisf\u00f6rmigen Rohstoffen zusammengesetzt und enth\u00e4lt keinen Torf\/Rasen. Zu den Hauptbestandteilen geh\u00f6ren Biofaser, Kompost und Holzfasern. Diese Zusammensetzung sorgt f\u00fcr eine luftige Struktur, in der sich die Wurzeln der Pflanzen optimal entwickeln k\u00f6nnen. Au\u00dferdem wurde Lavamehl zugesetzt, das zu einer besseren Widerstandsf\u00e4higkeit gegen Krankheiten und Sch\u00e4dlinge beitr\u00e4gt. Der zugesetzte organische D\u00fcnger hat eine Wirkung von 60-90 Tagen (je nach Witterungsbedingungen). Er wird jedoch nicht so kontrolliert freigesetzt wie ein Minerald\u00fcnger. Es kann daher notwendig sein, fr\u00fcher zu d\u00fcngen. Durch die Verwendung von kreisf\u00f6rmigen Rohstoffen und den Verzicht auf die Zugabe von Torf sind die CO2-Emissionen dieser Blumenerde minimal. Die Blumenerde kann sich warm anf\u00fchlen. Das ist kein Problem! Die kombinierten Rohstoffe k\u00f6nnen noch einige Nachwirkungen haben, die W\u00e4rme erzeugen k\u00f6nnen. Die Qualit\u00e4t wird dadurch nicht beeintr\u00e4chtigt.<\/p>\n<h3><strong>Gebrauchsanweisung:<\/strong><\/h3>\n<p>Verwenden Sie Culvita Blumenerde torffrei nicht f\u00fcr s\u00e4ureliebende Pflanzen. F\u00fcr Pflanzen direkt in der Erde empfehlen wir Culvita Pflanzerde f\u00fcr s\u00e4ureliebende Pflanzen. F\u00fcr Pflanzen im Topf\/Tablett empfehlen wir Gartentorf.<\/p>\n<p>Setzen Sie die Pflanzen in den Topf\/das Tablett oder die Blumenampel, die mit Culvita Blumenerde torffrei gef\u00fcllt sind. Es wird empfohlen, eine Schicht Culvita Hydrok\u00f6rner am Boden des Topfes f\u00fcr eine bessere Drainage hinzuzuf\u00fcgen. Geben Sie reichlich Wasser, aber achten Sie darauf, dass kein Wasser im Topf zur\u00fcckbleibt. Pflanzen in T\u00f6pfen oder Containern sollten w\u00e4hrend der Wachstums- und Bl\u00fctezeit regelm\u00e4\u00dfig gegossen werden. Die Erde kann schneller austrocknen, also gie\u00dfen Sie mehr! Verhindern Sie, dass die Blumenerde vollst\u00e4ndig austrocknet.<\/p>\n<p>Tipp: Verwenden Sie f\u00fcr das Pflanzen in vollem Boden die Culvita-Pflanzerde. Diese Blumenerde wurde speziell f\u00fcr die Bepflanzung und Verpflanzung von Stauden und B\u00e4umen entwickelt.<\/p>","protected":false},"excerpt":{"rendered":"<p>Culvita Potgrond Veenvrij\/turfvrij is samengesteld uit circulaire grondstoffen en bevat geen veen\/turf. De hoofdbestanddelen zijn o.a. Biovezel, compost en houtvezel. Deze samenstelling zorgt voor een luchtige structuur waardoor de wortels van de plant zich optimaal kunnen ontwikkelen. Ook is er Lavameel toegevoegd wat bijdraagt aan een betere weerstand tegen ziekten en plagen. De toegevoegde organische [&hellip;]<\/p>","protected":false},"featured_media":74929,"comment_status":"open","ping_status":"closed","template":"","meta":{"_acf_changed":false,"iawp_total_views":48},"product_brand":[],"product_cat":[1600,316,228],"product_tag":[439,1587,436],"class_list":{"0":"post-2551","1":"product","2":"type-product","3":"status-publish","4":"has-post-thumbnail","6":"product_cat-bio-plantencollectie","7":"product_cat-alle-categorieen","8":"product_cat-grond-toebehoren","9":"product_tag-alle","10":"product_tag-local","11":"product_tag-nietadverteren","13":"first","14":"instock","15":"taxable","16":"shipping-taxable","17":"purchasable","18":"product-type-simple"},"acf":[],"gallery_images":[],"yoast_head":"<!-- This site is optimized with the Yoast SEO plugin v25.3 - https:\/\/yoast.com\/wordpress\/plugins\/seo\/ -->\n<title>BIO Culvita Potgrond Veenvrij\/Turfvrij 40 liter Online Kopen - PlantBezorgd<\/title>\n<meta name=\"description\" content=\"Op zoek naar de BIO Culvita Potgrond Veenvrij\/Turfvrij 40 liter? \u2714 Lage verzendkosten \u2714 Kies je bezorgmoment &amp; locatie \u2714 Groeigarantie!\" \/>\n<meta name=\"robots\" content=\"index, follow, max-snippet:-1, max-image-preview:large, max-video-preview:-1\" \/>\n<link rel=\"canonical\" href=\"https:\/\/plantbezorgd.nl\/de\/produkt\/landzubehor-2\/van-egmond-blumenerde-40-liter-2\/\" \/>\n<meta property=\"og:locale\" content=\"de_DE\" \/>\n<meta property=\"og:type\" content=\"article\" \/>\n<meta property=\"og:title\" content=\"BIO Culvita Potgrond Veenvrij\/Turfvrij 40 liter Online Kopen - PlantBezorgd\" \/>\n<meta property=\"og:description\" content=\"Op zoek naar de BIO Culvita Potgrond Veenvrij\/Turfvrij 40 liter? \u2714 Lage verzendkosten \u2714 Kies je bezorgmoment &amp; locatie \u2714 Groeigarantie!\" \/>\n<meta property=\"og:url\" content=\"https:\/\/plantbezorgd.nl\/de\/produkt\/landzubehor-2\/van-egmond-blumenerde-40-liter-2\/\" \/>\n<meta property=\"og:site_name\" content=\"PlantBezorgd\" \/>\n<meta property=\"article:modified_time\" content=\"2026-04-08T02:28:01+00:00\" \/>\n<meta property=\"og:image\" content=\"https:\/\/plantbezorgd.nl\/wp-content\/uploads\/2025\/07\/Culvita-Potgrond-Veenvrij-removebg-375x500-1.png\" \/>\n\t<meta property=\"og:image:width\" content=\"375\" \/>\n\t<meta property=\"og:image:height\" content=\"500\" \/>\n\t<meta property=\"og:image:type\" content=\"image\/png\" \/>\n<meta name=\"twitter:card\" content=\"summary_large_image\" \/>\n<meta name=\"twitter:label1\" content=\"Gesch\u00e4tzte Lesezeit\" \/>\n\t<meta name=\"twitter:data1\" content=\"2\u00a0Minuten\" \/>\n<script type=\"application\/ld+json\" class=\"yoast-schema-graph\">{\"@context\":\"https:\/\/schema.org\",\"@graph\":[{\"@type\":\"WebPage\",\"@id\":\"https:\/\/plantbezorgd.nl\/product\/grond-toebehoren\/potgrond-40-liter-van-egmond\/\",\"url\":\"https:\/\/plantbezorgd.nl\/product\/grond-toebehoren\/potgrond-40-liter-van-egmond\/\",\"name\":\"BIO Culvita Potgrond Veenvrij\/Turfvrij 40 liter Online Kopen - PlantBezorgd\",\"isPartOf\":{\"@id\":\"https:\/\/plantbezorgd.nl\/#website\"},\"primaryImageOfPage\":{\"@id\":\"https:\/\/plantbezorgd.nl\/product\/grond-toebehoren\/potgrond-40-liter-van-egmond\/#primaryimage\"},\"image\":{\"@id\":\"https:\/\/plantbezorgd.nl\/product\/grond-toebehoren\/potgrond-40-liter-van-egmond\/#primaryimage\"},\"thumbnailUrl\":\"https:\/\/plantbezorgd.nl\/wp-content\/uploads\/2025\/07\/Culvita-Potgrond-Veenvrij-removebg-375x500-1.png\",\"datePublished\":\"2023-02-02T09:03:45+00:00\",\"dateModified\":\"2026-04-08T02:28:01+00:00\",\"description\":\"Op zoek naar de BIO Culvita Potgrond Veenvrij\/Turfvrij 40 liter? \u2714 Lage verzendkosten \u2714 Kies je bezorgmoment & locatie \u2714 Groeigarantie!\",\"breadcrumb\":{\"@id\":\"https:\/\/plantbezorgd.nl\/product\/grond-toebehoren\/potgrond-40-liter-van-egmond\/#breadcrumb\"},\"inLanguage\":\"de\",\"potentialAction\":[{\"@type\":\"ReadAction\",\"target\":[\"https:\/\/plantbezorgd.nl\/product\/grond-toebehoren\/potgrond-40-liter-van-egmond\/\"]}]},{\"@type\":\"ImageObject\",\"inLanguage\":\"de\",\"@id\":\"https:\/\/plantbezorgd.nl\/product\/grond-toebehoren\/potgrond-40-liter-van-egmond\/#primaryimage\",\"url\":\"https:\/\/plantbezorgd.nl\/wp-content\/uploads\/2025\/07\/Culvita-Potgrond-Veenvrij-removebg-375x500-1.png\",\"contentUrl\":\"https:\/\/plantbezorgd.nl\/wp-content\/uploads\/2025\/07\/Culvita-Potgrond-Veenvrij-removebg-375x500-1.png\",\"width\":375,\"height\":500},{\"@type\":\"BreadcrumbList\",\"@id\":\"https:\/\/plantbezorgd.nl\/product\/grond-toebehoren\/potgrond-40-liter-van-egmond\/#breadcrumb\",\"itemListElement\":[{\"@type\":\"ListItem\",\"position\":1,\"name\":\"Shop\",\"item\":\"https:\/\/plantbezorgd.nl\/shop\/\"},{\"@type\":\"ListItem\",\"position\":2,\"name\":\"Grond &amp; toebehoren\",\"item\":\"https:\/\/plantbezorgd.nl\/product-categorie\/grond-toebehoren\/\"},{\"@type\":\"ListItem\",\"position\":3,\"name\":\"BIO Culvita Potgrond Veenvrij\/Turfvrij 40 liter\"}]},{\"@type\":\"WebSite\",\"@id\":\"https:\/\/plantbezorgd.nl\/#website\",\"url\":\"https:\/\/plantbezorgd.nl\/\",\"name\":\"PlantBezorgd\",\"description\":\"Betaalbare kwaliteitsplanten thuisbezorgd!\",\"publisher\":{\"@id\":\"https:\/\/plantbezorgd.nl\/#organization\"},\"potentialAction\":[{\"@type\":\"SearchAction\",\"target\":{\"@type\":\"EntryPoint\",\"urlTemplate\":\"https:\/\/plantbezorgd.nl\/?s={search_term_string}\"},\"query-input\":{\"@type\":\"PropertyValueSpecification\",\"valueRequired\":true,\"valueName\":\"search_term_string\"}}],\"inLanguage\":\"de\"},{\"@type\":\"Organization\",\"@id\":\"https:\/\/plantbezorgd.nl\/#organization\",\"name\":\"PlantBezorgd\",\"url\":\"https:\/\/plantbezorgd.nl\/\",\"logo\":{\"@type\":\"ImageObject\",\"inLanguage\":\"de\",\"@id\":\"https:\/\/plantbezorgd.nl\/#\/schema\/logo\/image\/\",\"url\":\"https:\/\/plantbezorgd.nl\/wp-content\/uploads\/2023\/05\/Logo.svg\",\"contentUrl\":\"https:\/\/plantbezorgd.nl\/wp-content\/uploads\/2023\/05\/Logo.svg\",\"caption\":\"PlantBezorgd\"},\"image\":{\"@id\":\"https:\/\/plantbezorgd.nl\/#\/schema\/logo\/image\/\"}}]}<\/script>\n<!-- \/ Yoast SEO plugin. -->","yoast_head_json":{"title":"BIO Culvita Blumenerde torffrei\/rasenfrei 40 Liter online kaufen - PlantBezorgd","description":"Sie suchen die BIO Culvita Blumenerde torffrei\/rasenfrei 40 Liter? \u2714 Niedrige Versandkosten \u2714 W\u00e4hlen Sie Ihren Liefertermin und -ort \u2714 Wachstumsgarantie!","robots":{"index":"index","follow":"follow","max-snippet":"max-snippet:-1","max-image-preview":"max-image-preview:large","max-video-preview":"max-video-preview:-1"},"canonical":"https:\/\/plantbezorgd.nl\/de\/produkt\/landzubehor-2\/van-egmond-blumenerde-40-liter-2\/","og_locale":"de_DE","og_type":"article","og_title":"BIO Culvita Potgrond Veenvrij\/Turfvrij 40 liter Online Kopen - PlantBezorgd","og_description":"Op zoek naar de BIO Culvita Potgrond Veenvrij\/Turfvrij 40 liter? \u2714 Lage verzendkosten \u2714 Kies je bezorgmoment & locatie \u2714 Groeigarantie!","og_url":"https:\/\/plantbezorgd.nl\/de\/produkt\/landzubehor-2\/van-egmond-blumenerde-40-liter-2\/","og_site_name":"PlantBezorgd","article_modified_time":"2026-04-08T02:28:01+00:00","og_image":[{"width":375,"height":500,"url":"https:\/\/plantbezorgd.nl\/wp-content\/uploads\/2025\/07\/Culvita-Potgrond-Veenvrij-removebg-375x500-1.png","type":"image\/png"}],"twitter_card":"summary_large_image","twitter_misc":{"Gesch\u00e4tzte Lesezeit":"2\u00a0Minuten"},"schema":{"@context":"https:\/\/schema.org","@graph":[{"@type":"WebPage","@id":"https:\/\/plantbezorgd.nl\/product\/grond-toebehoren\/potgrond-40-liter-van-egmond\/","url":"https:\/\/plantbezorgd.nl\/product\/grond-toebehoren\/potgrond-40-liter-van-egmond\/","name":"BIO Culvita Blumenerde torffrei\/rasenfrei 40 Liter online kaufen - PlantBezorgd","isPartOf":{"@id":"https:\/\/plantbezorgd.nl\/#website"},"primaryImageOfPage":{"@id":"https:\/\/plantbezorgd.nl\/product\/grond-toebehoren\/potgrond-40-liter-van-egmond\/#primaryimage"},"image":{"@id":"https:\/\/plantbezorgd.nl\/product\/grond-toebehoren\/potgrond-40-liter-van-egmond\/#primaryimage"},"thumbnailUrl":"https:\/\/plantbezorgd.nl\/wp-content\/uploads\/2025\/07\/Culvita-Potgrond-Veenvrij-removebg-375x500-1.png","datePublished":"2023-02-02T09:03:45+00:00","dateModified":"2026-04-08T02:28:01+00:00","description":"Sie suchen die BIO Culvita Blumenerde torffrei\/rasenfrei 40 Liter? \u2714 Niedrige Versandkosten \u2714 W\u00e4hlen Sie Ihren Liefertermin und -ort \u2714 Wachstumsgarantie!","breadcrumb":{"@id":"https:\/\/plantbezorgd.nl\/product\/grond-toebehoren\/potgrond-40-liter-van-egmond\/#breadcrumb"},"inLanguage":"de","potentialAction":[{"@type":"ReadAction","target":["https:\/\/plantbezorgd.nl\/product\/grond-toebehoren\/potgrond-40-liter-van-egmond\/"]}]},{"@type":"ImageObject","inLanguage":"de","@id":"https:\/\/plantbezorgd.nl\/product\/grond-toebehoren\/potgrond-40-liter-van-egmond\/#primaryimage","url":"https:\/\/plantbezorgd.nl\/wp-content\/uploads\/2025\/07\/Culvita-Potgrond-Veenvrij-removebg-375x500-1.png","contentUrl":"https:\/\/plantbezorgd.nl\/wp-content\/uploads\/2025\/07\/Culvita-Potgrond-Veenvrij-removebg-375x500-1.png","width":375,"height":500},{"@type":"BreadcrumbList","@id":"https:\/\/plantbezorgd.nl\/product\/grond-toebehoren\/potgrond-40-liter-van-egmond\/#breadcrumb","itemListElement":[{"@type":"ListItem","position":1,"name":"Shop","item":"https:\/\/plantbezorgd.nl\/shop\/"},{"@type":"ListItem","position":2,"name":"Grond &amp; toebehoren","item":"https:\/\/plantbezorgd.nl\/product-categorie\/grond-toebehoren\/"},{"@type":"ListItem","position":3,"name":"BIO Culvita Potgrond Veenvrij\/Turfvrij 40 liter"}]},{"@type":"WebSite","@id":"https:\/\/plantbezorgd.nl\/#website","url":"https:\/\/plantbezorgd.nl\/","name":"PflanzenGeliefert","description":"Erschwingliche Qualit\u00e4tspflanzen direkt zu Ihnen nach Hause geliefert!","publisher":{"@id":"https:\/\/plantbezorgd.nl\/#organization"},"potentialAction":[{"@type":"SearchAction","target":{"@type":"EntryPoint","urlTemplate":"https:\/\/plantbezorgd.nl\/?s={search_term_string}"},"query-input":{"@type":"PropertyValueSpecification","valueRequired":true,"valueName":"search_term_string"}}],"inLanguage":"de"},{"@type":"Organization","@id":"https:\/\/plantbezorgd.nl\/#organization","name":"PflanzenGeliefert","url":"https:\/\/plantbezorgd.nl\/","logo":{"@type":"ImageObject","inLanguage":"de","@id":"https:\/\/plantbezorgd.nl\/#\/schema\/logo\/image\/","url":"https:\/\/plantbezorgd.nl\/wp-content\/uploads\/2023\/05\/Logo.svg","contentUrl":"https:\/\/plantbezorgd.nl\/wp-content\/uploads\/2023\/05\/Logo.svg","caption":"PlantBezorgd"},"image":{"@id":"https:\/\/plantbezorgd.nl\/#\/schema\/logo\/image\/"}}]}},"_links":{"self":[{"href":"https:\/\/plantbezorgd.nl\/de\/wp-json\/wp\/v2\/product\/2551","targetHints":{"allow":["GET"]}}],"collection":[{"href":"https:\/\/plantbezorgd.nl\/de\/wp-json\/wp\/v2\/product"}],"about":[{"href":"https:\/\/plantbezorgd.nl\/de\/wp-json\/wp\/v2\/types\/product"}],"replies":[{"embeddable":true,"href":"https:\/\/plantbezorgd.nl\/de\/wp-json\/wp\/v2\/comments?post=2551"}],"wp:featuredmedia":[{"embeddable":true,"href":"https:\/\/plantbezorgd.nl\/de\/wp-json\/wp\/v2\/media\/74929"}],"wp:attachment":[{"href":"https:\/\/plantbezorgd.nl\/de\/wp-json\/wp\/v2\/media?parent=2551"}],"wp:term":[{"taxonomy":"product_brand","embeddable":true,"href":"https:\/\/plantbezorgd.nl\/de\/wp-json\/wp\/v2\/product_brand?post=2551"},{"taxonomy":"product_cat","embeddable":true,"href":"https:\/\/plantbezorgd.nl\/de\/wp-json\/wp\/v2\/product_cat?post=2551"},{"taxonomy":"product_tag","embeddable":true,"href":"https:\/\/plantbezorgd.nl\/de\/wp-json\/wp\/v2\/product_tag?post=2551"}],"curies":[{"name":"wp","href":"https:\/\/api.w.org\/{rel}","templated":true}]}}