{"id":2478,"date":"2023-02-02T10:03:58","date_gmt":"2023-02-02T09:03:58","guid":{"rendered":"https:\/\/plantbezorgd.s01.klik3.dev\/product\/uncategorized\/bollenplanter\/"},"modified":"2026-03-20T13:21:30","modified_gmt":"2026-03-20T12:21:30","slug":"blumenzwiebelpflanzer","status":"publish","type":"product","link":"https:\/\/plantbezorgd.nl\/de\/product\/tuingereedschap\/bollenplanter\/","title":{"rendered":"Blumenzwiebel-Pflanzer"},"content":{"rendered":"<p>Der Blumenzwiebelpflanzer ist ein unverzichtbares Gartenger\u00e4t, um Blumenzwiebeln schnell und einfach in der richtigen Tiefe zu pflanzen. Mit diesem praktischen Helfer graben Sie in einem Zug ein perfekt rundes Loch, setzen die Zwiebel ein und dr\u00fccken die Erde wieder an. Schluss mit dem m\u00fchsamen Hantieren mit der Pflanzkelle, unregelm\u00e4\u00dfigen L\u00f6chern und schmerzenden Knien: Mit dem Blumenzwiebelpflanzer wird das Pflanzen von Dutzenden von Blumenzwiebeln zu einer schnellen und ergonomischen Angelegenheit.<\/p>\n<p>Ob Sie Krokusse, Tulpen, Narzissen, Hyazinthen oder andere Blumenzwiebeln pflanzen m\u00f6chten \u2013 mit dem Blumenzwiebelpflanzer setzen Sie die Zwiebeln am schnellsten und in der richtigen Tiefe in die Erde. Das Prinzip ist einfach: Sie dr\u00fccken den Pflanzer in die Erde, ziehen ihn zusammen mit einem Erdklumpen heraus, setzen die Zwiebel in das Pflanzloch und lassen die Erde durch Zusammendr\u00fccken des Griffs wieder hineinfallen. Die Tiefenmarkierung am Pflanzer hilft Ihnen, jede Zwiebel in der richtigen Tiefe zu platzieren.<\/p>\n<p><strong>Verwendung<\/strong><\/p>\n<p>Dr\u00fccken Sie den Blumenzwiebelpflanzer gerade in die Erde bis zur gew\u00fcnschten Tiefe. Ziehen Sie den Pflanzer gerade heraus; der Erdklumpen bleibt im Zylinder. Setzen Sie die Blumenzwiebel mit der Spitze nach oben in das Pflanzloch. Dr\u00fccken Sie den Griff zusammen, damit der Erdklumpen zur\u00fcck in das Loch auf die Zwiebel f\u00e4llt. Dr\u00fccken Sie die Erde leicht an. Wiederholen Sie dies f\u00fcr jede Zwiebel. Der Blumenzwiebelpflanzer funktioniert am besten in leicht feuchter Erde; in sehr trockenem oder hartem Lehmboden muss die Erde eventuell vorher gew\u00e4ssert werden.<\/p>\n<p><strong>Wann verwenden?<\/strong><\/p>\n<p>Der Blumenzwiebelpflanzer wird im Herbst (September bis November) f\u00fcr Fr\u00fchlingsbl\u00fcher wie Tulpen, Narzissen, Krokusse, Hyazinthen und Schneeglanz verwendet. Im Fr\u00fchling eignet er sich f\u00fcr Sommerbl\u00fcher wie Dahlien und Gladiolen. Der Blumenzwiebelpflanzer ist au\u00dferdem praktisch zum Pflanzen kleiner Stauden und zum Ausheben von Pflanzl\u00f6chern f\u00fcr T\u00f6pfe.<\/p>\n<p><strong>Vorteile<\/strong><\/p>\n<p>Der Blumenzwiebelpflanzer spart Zeit und M\u00fche beim Pflanzen vieler Blumenzwiebeln. Er sorgt f\u00fcr eine gleichm\u00e4\u00dfige Pflanztiefe und damit f\u00fcr eine gleichm\u00e4\u00dfige Bl\u00fcte im Fr\u00fchjahr. Dank seiner ergonomischen Form schont er R\u00fccken und Knie. Der Blumenzwiebelpflanzer ist kompakt, leicht und nach Gebrauch einfach zu reinigen.<\/p>\n<p><strong>H\u00e4ufig gestellte Fragen<\/strong><\/p>\n<ul>\n<li><em>Wie tief sollte ich Blumenzwiebeln pflanzen?<\/em><br \/>Als Faustregel gilt: Blumenzwiebeln sollten zwei- bis dreimal so tief gepflanzt werden wie ihre H\u00f6he. Der Blumenzwiebelpflanzer verf\u00fcgt \u00fcber eine Tiefenmarkierung, die dabei hilft.<\/li>\n<li><em>Funktioniert der Blumenzwiebelpflanzer auch in Lehmboden?<\/em><br \/>In schwerem Lehmboden kann es schwieriger sein. Befeuchten Sie den Boden vorher, um das Einsetzen zu erleichtern.<\/li>\n<li><em>Kann ich den Blumenzwiebelpflanzer auch f\u00fcr kleine Pflanzen verwenden?<\/em><br \/>Ja, der Blumenzwiebelpflanzer eignet sich auch hervorragend zum Pflanzen von kleinen Stauden, Stecklingen und Jungpflanzen.<\/li>\n<li><em>Wie viele Blumenzwiebeln kann ich mit einem Blumenzwiebelpflanzer pflanzen?<\/em><br \/>Mit einem Blumenzwiebelpflanzer lassen sich Dutzende Blumenzwiebeln pro Stunde pflanzen, viel schneller als mit einer Kelle oder einem Spaten.<\/li>\n<li><em>Wie pflege ich den Blumenzwiebelpflanzer?<\/em><br \/>Reinigen Sie die Werkzeuge nach Gebrauch mit Wasser und lassen Sie sie trocknen. Falls n\u00f6tig, tragen Sie auf die Metallteile eine d\u00fcnne \u00d6lschicht auf, um Rost vorzubeugen.<\/li>\n<\/ul>\n<p>Der Blumenzwiebelpflanzer ist das unverzichtbare Gartenger\u00e4t f\u00fcr jeden Blumenzwiebelliebhaber, um Blumenzwiebeln schnell, einfach und ergonomisch in der richtigen Tiefe zu pflanzen. Ein Ger\u00e4t, Hunderte von Zwiebeln: Mit dem Blumenzwiebelpflanzer wird diese Herbstarbeit zum Kinderspiel.<\/p>","protected":false},"excerpt":{"rendered":"<p>De bollenplanter is een onmisbaar tuingereedschap voor het snel en gemakkelijk planten van bloembollen op de juiste diepte. Met dit handige hulpmiddel steek je in \u00e9\u00e9n beweging een perfect rond gat in de grond, plaats je de bol en duw je de grond weer terug. Geen gedoe meer met schepjes, onregelmatige gaten of pijnlijke knie\u00ebn: [&hellip;]<\/p>","protected":false},"featured_media":2479,"comment_status":"open","ping_status":"closed","template":"","meta":{"_acf_changed":false,"iawp_total_views":11},"product_brand":[],"product_cat":[316,295],"product_tag":[439,436],"class_list":{"0":"post-2478","1":"product","2":"type-product","3":"status-publish","4":"has-post-thumbnail","6":"product_cat-alle-categorieen","7":"product_cat-tuingereedschap","8":"product_tag-alle","9":"product_tag-nietadverteren","11":"first","12":"outofstock","13":"taxable","14":"shipping-taxable","15":"purchasable","16":"product-type-simple"},"acf":[],"gallery_images":[],"yoast_head":"<!-- This site is optimized with the Yoast SEO plugin v25.3 - https:\/\/yoast.com\/wordpress\/plugins\/seo\/ -->\n<title>Bollenplanter Online Kopen - PlantBezorgd<\/title>\n<meta name=\"description\" content=\"Op zoek naar de Bollenplanter? \u2714 Lage verzendkosten \u2714 Kies je bezorgmoment &amp; locatie \u2714 Groeigarantie!\" \/>\n<meta name=\"robots\" content=\"index, follow, max-snippet:-1, max-image-preview:large, max-video-preview:-1\" \/>\n<link rel=\"canonical\" href=\"https:\/\/plantbezorgd.nl\/de\/produkt\/gartengerate-2\/blumenzwiebelpflanzer\/\" \/>\n<meta property=\"og:locale\" content=\"de_DE\" \/>\n<meta property=\"og:type\" content=\"article\" \/>\n<meta property=\"og:title\" content=\"Bollenplanter Online Kopen - PlantBezorgd\" \/>\n<meta property=\"og:description\" content=\"Op zoek naar de Bollenplanter? \u2714 Lage verzendkosten \u2714 Kies je bezorgmoment &amp; locatie \u2714 Groeigarantie!\" \/>\n<meta property=\"og:url\" content=\"https:\/\/plantbezorgd.nl\/de\/produkt\/gartengerate-2\/blumenzwiebelpflanzer\/\" \/>\n<meta property=\"og:site_name\" content=\"PlantBezorgd\" \/>\n<meta property=\"article:modified_time\" content=\"2026-03-20T12:21:30+00:00\" \/>\n<meta property=\"og:image\" content=\"https:\/\/plantbezorgd.nl\/wp-content\/uploads\/2023\/06\/Bollenplanter-PlantBezorgd.jpg\" \/>\n\t<meta property=\"og:image:width\" content=\"924\" \/>\n\t<meta property=\"og:image:height\" content=\"924\" \/>\n\t<meta property=\"og:image:type\" content=\"image\/jpeg\" \/>\n<meta name=\"twitter:card\" content=\"summary_large_image\" \/>\n<meta name=\"twitter:label1\" content=\"Gesch\u00e4tzte Lesezeit\" \/>\n\t<meta name=\"twitter:data1\" content=\"3\u00a0Minuten\" \/>\n<script type=\"application\/ld+json\" class=\"yoast-schema-graph\">{\"@context\":\"https:\/\/schema.org\",\"@graph\":[{\"@type\":\"WebPage\",\"@id\":\"https:\/\/plantbezorgd.nl\/product\/tuingereedschap\/bollenplanter\/\",\"url\":\"https:\/\/plantbezorgd.nl\/product\/tuingereedschap\/bollenplanter\/\",\"name\":\"Bollenplanter Online Kopen - PlantBezorgd\",\"isPartOf\":{\"@id\":\"https:\/\/plantbezorgd.nl\/#website\"},\"primaryImageOfPage\":{\"@id\":\"https:\/\/plantbezorgd.nl\/product\/tuingereedschap\/bollenplanter\/#primaryimage\"},\"image\":{\"@id\":\"https:\/\/plantbezorgd.nl\/product\/tuingereedschap\/bollenplanter\/#primaryimage\"},\"thumbnailUrl\":\"https:\/\/plantbezorgd.nl\/wp-content\/uploads\/2023\/06\/Bollenplanter-PlantBezorgd.jpg\",\"datePublished\":\"2023-02-02T09:03:58+00:00\",\"dateModified\":\"2026-03-20T12:21:30+00:00\",\"description\":\"Op zoek naar de Bollenplanter? \u2714 Lage verzendkosten \u2714 Kies je bezorgmoment & locatie \u2714 Groeigarantie!\",\"breadcrumb\":{\"@id\":\"https:\/\/plantbezorgd.nl\/product\/tuingereedschap\/bollenplanter\/#breadcrumb\"},\"inLanguage\":\"de\",\"potentialAction\":[{\"@type\":\"ReadAction\",\"target\":[\"https:\/\/plantbezorgd.nl\/product\/tuingereedschap\/bollenplanter\/\"]}]},{\"@type\":\"ImageObject\",\"inLanguage\":\"de\",\"@id\":\"https:\/\/plantbezorgd.nl\/product\/tuingereedschap\/bollenplanter\/#primaryimage\",\"url\":\"https:\/\/plantbezorgd.nl\/wp-content\/uploads\/2023\/06\/Bollenplanter-PlantBezorgd.jpg\",\"contentUrl\":\"https:\/\/plantbezorgd.nl\/wp-content\/uploads\/2023\/06\/Bollenplanter-PlantBezorgd.jpg\",\"width\":924,\"height\":924},{\"@type\":\"BreadcrumbList\",\"@id\":\"https:\/\/plantbezorgd.nl\/product\/tuingereedschap\/bollenplanter\/#breadcrumb\",\"itemListElement\":[{\"@type\":\"ListItem\",\"position\":1,\"name\":\"Shop\",\"item\":\"https:\/\/plantbezorgd.nl\/shop\/\"},{\"@type\":\"ListItem\",\"position\":2,\"name\":\"Alle categorie\u00ebn\",\"item\":\"https:\/\/plantbezorgd.nl\/product-categorie\/alle-categorieen\/\"},{\"@type\":\"ListItem\",\"position\":3,\"name\":\"Bollenplanter\"}]},{\"@type\":\"WebSite\",\"@id\":\"https:\/\/plantbezorgd.nl\/#website\",\"url\":\"https:\/\/plantbezorgd.nl\/\",\"name\":\"PlantBezorgd\",\"description\":\"Betaalbare kwaliteitsplanten thuisbezorgd!\",\"publisher\":{\"@id\":\"https:\/\/plantbezorgd.nl\/#organization\"},\"potentialAction\":[{\"@type\":\"SearchAction\",\"target\":{\"@type\":\"EntryPoint\",\"urlTemplate\":\"https:\/\/plantbezorgd.nl\/?s={search_term_string}\"},\"query-input\":{\"@type\":\"PropertyValueSpecification\",\"valueRequired\":true,\"valueName\":\"search_term_string\"}}],\"inLanguage\":\"de\"},{\"@type\":\"Organization\",\"@id\":\"https:\/\/plantbezorgd.nl\/#organization\",\"name\":\"PlantBezorgd\",\"url\":\"https:\/\/plantbezorgd.nl\/\",\"logo\":{\"@type\":\"ImageObject\",\"inLanguage\":\"de\",\"@id\":\"https:\/\/plantbezorgd.nl\/#\/schema\/logo\/image\/\",\"url\":\"https:\/\/plantbezorgd.nl\/wp-content\/uploads\/2023\/05\/Logo.svg\",\"contentUrl\":\"https:\/\/plantbezorgd.nl\/wp-content\/uploads\/2023\/05\/Logo.svg\",\"caption\":\"PlantBezorgd\"},\"image\":{\"@id\":\"https:\/\/plantbezorgd.nl\/#\/schema\/logo\/image\/\"}}]}<\/script>\n<!-- \/ Yoast SEO plugin. -->","yoast_head_json":{"title":"Blumenzwiebelpflanzer online kaufen - PlantBezorgd","description":"Suchen Sie einen Blumenzwiebelpflanzer? \u2714 Niedrige Versandkosten \u2714 Lieferzeit und -ort frei w\u00e4hlbar \u2714 Wachstumsgarantie!","robots":{"index":"index","follow":"follow","max-snippet":"max-snippet:-1","max-image-preview":"max-image-preview:large","max-video-preview":"max-video-preview:-1"},"canonical":"https:\/\/plantbezorgd.nl\/de\/produkt\/gartengerate-2\/blumenzwiebelpflanzer\/","og_locale":"de_DE","og_type":"article","og_title":"Bollenplanter Online Kopen - PlantBezorgd","og_description":"Op zoek naar de Bollenplanter? \u2714 Lage verzendkosten \u2714 Kies je bezorgmoment & locatie \u2714 Groeigarantie!","og_url":"https:\/\/plantbezorgd.nl\/de\/produkt\/gartengerate-2\/blumenzwiebelpflanzer\/","og_site_name":"PlantBezorgd","article_modified_time":"2026-03-20T12:21:30+00:00","og_image":[{"width":924,"height":924,"url":"https:\/\/plantbezorgd.nl\/wp-content\/uploads\/2023\/06\/Bollenplanter-PlantBezorgd.jpg","type":"image\/jpeg"}],"twitter_card":"summary_large_image","twitter_misc":{"Gesch\u00e4tzte Lesezeit":"3\u00a0Minuten"},"schema":{"@context":"https:\/\/schema.org","@graph":[{"@type":"WebPage","@id":"https:\/\/plantbezorgd.nl\/product\/tuingereedschap\/bollenplanter\/","url":"https:\/\/plantbezorgd.nl\/product\/tuingereedschap\/bollenplanter\/","name":"Blumenzwiebelpflanzer online kaufen - PlantBezorgd","isPartOf":{"@id":"https:\/\/plantbezorgd.nl\/#website"},"primaryImageOfPage":{"@id":"https:\/\/plantbezorgd.nl\/product\/tuingereedschap\/bollenplanter\/#primaryimage"},"image":{"@id":"https:\/\/plantbezorgd.nl\/product\/tuingereedschap\/bollenplanter\/#primaryimage"},"thumbnailUrl":"https:\/\/plantbezorgd.nl\/wp-content\/uploads\/2023\/06\/Bollenplanter-PlantBezorgd.jpg","datePublished":"2023-02-02T09:03:58+00:00","dateModified":"2026-03-20T12:21:30+00:00","description":"Suchen Sie einen Blumenzwiebelpflanzer? \u2714 Niedrige Versandkosten \u2714 Lieferzeit und -ort frei w\u00e4hlbar \u2714 Wachstumsgarantie!","breadcrumb":{"@id":"https:\/\/plantbezorgd.nl\/product\/tuingereedschap\/bollenplanter\/#breadcrumb"},"inLanguage":"de","potentialAction":[{"@type":"ReadAction","target":["https:\/\/plantbezorgd.nl\/product\/tuingereedschap\/bollenplanter\/"]}]},{"@type":"ImageObject","inLanguage":"de","@id":"https:\/\/plantbezorgd.nl\/product\/tuingereedschap\/bollenplanter\/#primaryimage","url":"https:\/\/plantbezorgd.nl\/wp-content\/uploads\/2023\/06\/Bollenplanter-PlantBezorgd.jpg","contentUrl":"https:\/\/plantbezorgd.nl\/wp-content\/uploads\/2023\/06\/Bollenplanter-PlantBezorgd.jpg","width":924,"height":924},{"@type":"BreadcrumbList","@id":"https:\/\/plantbezorgd.nl\/product\/tuingereedschap\/bollenplanter\/#breadcrumb","itemListElement":[{"@type":"ListItem","position":1,"name":"Shop","item":"https:\/\/plantbezorgd.nl\/shop\/"},{"@type":"ListItem","position":2,"name":"Alle categorie\u00ebn","item":"https:\/\/plantbezorgd.nl\/product-categorie\/alle-categorieen\/"},{"@type":"ListItem","position":3,"name":"Bollenplanter"}]},{"@type":"WebSite","@id":"https:\/\/plantbezorgd.nl\/#website","url":"https:\/\/plantbezorgd.nl\/","name":"PflanzenGeliefert","description":"Erschwingliche Qualit\u00e4tspflanzen direkt zu Ihnen nach Hause geliefert!","publisher":{"@id":"https:\/\/plantbezorgd.nl\/#organization"},"potentialAction":[{"@type":"SearchAction","target":{"@type":"EntryPoint","urlTemplate":"https:\/\/plantbezorgd.nl\/?s={search_term_string}"},"query-input":{"@type":"PropertyValueSpecification","valueRequired":true,"valueName":"search_term_string"}}],"inLanguage":"de"},{"@type":"Organization","@id":"https:\/\/plantbezorgd.nl\/#organization","name":"PflanzenGeliefert","url":"https:\/\/plantbezorgd.nl\/","logo":{"@type":"ImageObject","inLanguage":"de","@id":"https:\/\/plantbezorgd.nl\/#\/schema\/logo\/image\/","url":"https:\/\/plantbezorgd.nl\/wp-content\/uploads\/2023\/05\/Logo.svg","contentUrl":"https:\/\/plantbezorgd.nl\/wp-content\/uploads\/2023\/05\/Logo.svg","caption":"PlantBezorgd"},"image":{"@id":"https:\/\/plantbezorgd.nl\/#\/schema\/logo\/image\/"}}]}},"_links":{"self":[{"href":"https:\/\/plantbezorgd.nl\/de\/wp-json\/wp\/v2\/product\/2478","targetHints":{"allow":["GET"]}}],"collection":[{"href":"https:\/\/plantbezorgd.nl\/de\/wp-json\/wp\/v2\/product"}],"about":[{"href":"https:\/\/plantbezorgd.nl\/de\/wp-json\/wp\/v2\/types\/product"}],"replies":[{"embeddable":true,"href":"https:\/\/plantbezorgd.nl\/de\/wp-json\/wp\/v2\/comments?post=2478"}],"wp:featuredmedia":[{"embeddable":true,"href":"https:\/\/plantbezorgd.nl\/de\/wp-json\/wp\/v2\/media\/2479"}],"wp:attachment":[{"href":"https:\/\/plantbezorgd.nl\/de\/wp-json\/wp\/v2\/media?parent=2478"}],"wp:term":[{"taxonomy":"product_brand","embeddable":true,"href":"https:\/\/plantbezorgd.nl\/de\/wp-json\/wp\/v2\/product_brand?post=2478"},{"taxonomy":"product_cat","embeddable":true,"href":"https:\/\/plantbezorgd.nl\/de\/wp-json\/wp\/v2\/product_cat?post=2478"},{"taxonomy":"product_tag","embeddable":true,"href":"https:\/\/plantbezorgd.nl\/de\/wp-json\/wp\/v2\/product_tag?post=2478"}],"curies":[{"name":"wp","href":"https:\/\/api.w.org\/{rel}","templated":true}]}}