{"id":2470,"date":"2023-02-02T10:03:58","date_gmt":"2023-02-02T09:03:58","guid":{"rendered":"https:\/\/plantbezorgd.s01.klik3.dev\/product\/uncategorized\/pokon-kleinfruit-voeding-1kg\/"},"modified":"2025-02-14T14:57:55","modified_gmt":"2025-02-14T13:57:55","slug":"pokon-beerenfutter-1kg","status":"publish","type":"product","link":"https:\/\/plantbezorgd.nl\/de\/product\/bemesting\/pokon-kleinfruit-voeding-1kg\/","title":{"rendered":"Pokon Small Fruit Nutrition 1kg"},"content":{"rendered":"<p>Pokon Bio Small Fruit Nutrition ist ein\u00a0<strong>Bio\u00a0<\/strong>D\u00fcnger, der f\u00fcr kr\u00e4ftige kleine Obstpflanzen wie Erdbeeren, Himbeeren oder Beeren sorgt. Gesunde Pflanzen sind widerstandsf\u00e4higer gegen Krankheiten und Sch\u00e4dlinge und produzieren k\u00f6stliche Fr\u00fcchte. Genie\u00dfen Sie mit dem Naturd\u00fcnger 100% leckere Fr\u00fcchte aus Ihrem eigenen Garten.<\/p>\n<h2>Gebrauchsanweisung f\u00fcr Small Fruit Nutrition<\/h2>\n<p>Die besten Ergebnisse erzielen Sie, wenn Sie Ihre Pflanzen zweimal im Jahr f\u00fcttern, und zwar zu Beginn des Fr\u00fchjahrs und im Sommer. Dieses Futter wirkt bis zu 120 Tage lang.<\/p>\n<p>1. Messen Sie die richtige Menge an Lebensmitteln ab.<br \/>\n2. Verteilen Sie die K\u00fcgelchen gleichm\u00e4\u00dfig um die Pflanze.<br \/>\n3. Arbeiten Sie die Pellets durch die oberste Bodenschicht.<br \/>\n4. Wasser, um die Wirkung des N\u00e4hrstoffs sofort auszul\u00f6sen.<\/p>\n<h2>Dosierung<\/h2>\n<p>Eine Pflanze in voller Erde braucht 30-40 Gramm N\u00e4hrstoffe. Jungpflanzen und Pflanzen in T\u00f6pfen ben\u00f6tigen 10-20 Gramm N\u00e4hrstoffe pro Pflanze. Im Gem\u00fcsegarten sollten Sie etwa 100 Gramm pro Quadratmeter verwenden.<\/p>\n<h2>Zusammensetzung<\/h2>\n<p>Pokon Bio Small Fruit Nutrition besteht aus einem organischen NPK-Volld\u00fcnger 5-3-5 + 2MgO.<\/p>\n<h2>Tipps zur Pflege von Kleinobst<\/h2>\n<ul>\n<li>F\u00fcr den Anbau von Obst und Gem\u00fcse in T\u00f6pfen ist eine gute Wasserableitung wichtig. Legen Sie deshalb Scherben auf den Boden des Topfes oder machen Sie ein Loch hinein.<\/li>\n<li>Ein guter Boden speziell f\u00fcr Beeren bietet mehr Widerstand gegen Krankheiten und Sch\u00e4dlinge und sorgt f\u00fcr ein besonders schmackhaftes Endergebnis.<\/li>\n<\/ul>","protected":false},"excerpt":{"rendered":"<p>Pokon Bio Kleinfruit Voeding is een\u00a0biologische\u00a0meststof die zorgt voor sterke kleinfruitplanten, zoals aardbeien, frambozen of bessen. Gezonde planten hebben meer weerstand tegen ziektes en plagen en geven heerlijk fruit. Geniet van smaakvol fruit uit eigen tuin met deze 100% natuurlijke meststof. Gebruiksaanwijzing Kleinfruit Voeding Voor het beste resultaat voed je je planten 2 keer per [&hellip;]<\/p>","protected":false},"featured_media":2471,"comment_status":"open","ping_status":"closed","template":"","meta":{"_acf_changed":false,"iawp_total_views":22},"product_brand":[],"product_cat":[316,229,241],"product_tag":[439,1587,436],"class_list":{"0":"post-2470","1":"product","2":"type-product","3":"status-publish","4":"has-post-thumbnail","6":"product_cat-alle-categorieen","7":"product_cat-bemesting","8":"product_cat-fruitstruiken","9":"product_tag-alle","10":"product_tag-local","11":"product_tag-nietadverteren","13":"first","14":"instock","15":"taxable","16":"shipping-taxable","17":"purchasable","18":"product-type-simple"},"acf":[],"gallery_images":[2472,2473],"yoast_head":"<!-- This site is optimized with the Yoast SEO plugin v25.3 - https:\/\/yoast.com\/wordpress\/plugins\/seo\/ -->\n<title>Pokon Kleinfruit Voeding 1kg Online Kopen - PlantBezorgd<\/title>\n<meta name=\"description\" content=\"Op zoek naar de Pokon Kleinfruit Voeding 1kg? \u2714 Lage verzendkosten \u2714 Kies je bezorgmoment &amp; locatie \u2714 Groeigarantie!\" \/>\n<meta name=\"robots\" content=\"index, follow, max-snippet:-1, max-image-preview:large, max-video-preview:-1\" \/>\n<link rel=\"canonical\" href=\"https:\/\/plantbezorgd.nl\/de\/produkt\/befruchtung-2\/pokon-beerenfutter-1kg\/\" \/>\n<meta property=\"og:locale\" content=\"de_DE\" \/>\n<meta property=\"og:type\" content=\"article\" \/>\n<meta property=\"og:title\" content=\"Pokon Kleinfruit Voeding 1kg Online Kopen - PlantBezorgd\" \/>\n<meta property=\"og:description\" content=\"Op zoek naar de Pokon Kleinfruit Voeding 1kg? \u2714 Lage verzendkosten \u2714 Kies je bezorgmoment &amp; locatie \u2714 Groeigarantie!\" \/>\n<meta property=\"og:url\" content=\"https:\/\/plantbezorgd.nl\/de\/produkt\/befruchtung-2\/pokon-beerenfutter-1kg\/\" \/>\n<meta property=\"og:site_name\" content=\"PlantBezorgd\" \/>\n<meta property=\"article:modified_time\" content=\"2025-02-14T13:57:55+00:00\" \/>\n<meta property=\"og:image\" content=\"https:\/\/cdn.plantbezorgd.nl\/wp-content\/uploads\/2023\/06\/Pokon-Kleinfruitmest-1kg-1.jpg?strip=all&lossy=1&ssl=1\" \/>\n\t<meta property=\"og:image:width\" content=\"924\" \/>\n\t<meta property=\"og:image:height\" content=\"1175\" \/>\n\t<meta property=\"og:image:type\" content=\"image\/jpeg\" \/>\n<meta name=\"twitter:card\" content=\"summary_large_image\" \/>\n<meta name=\"twitter:label1\" content=\"Gesch\u00e4tzte Lesezeit\" \/>\n\t<meta name=\"twitter:data1\" content=\"1\u00a0Minute\" \/>\n<script type=\"application\/ld+json\" class=\"yoast-schema-graph\">{\"@context\":\"https:\/\/schema.org\",\"@graph\":[{\"@type\":\"WebPage\",\"@id\":\"https:\/\/plantbezorgd.nl\/product\/bemesting\/pokon-kleinfruit-voeding-1kg\/\",\"url\":\"https:\/\/plantbezorgd.nl\/product\/bemesting\/pokon-kleinfruit-voeding-1kg\/\",\"name\":\"Pokon Kleinfruit Voeding 1kg Online Kopen - PlantBezorgd\",\"isPartOf\":{\"@id\":\"https:\/\/plantbezorgd.nl\/#website\"},\"primaryImageOfPage\":{\"@id\":\"https:\/\/plantbezorgd.nl\/product\/bemesting\/pokon-kleinfruit-voeding-1kg\/#primaryimage\"},\"image\":{\"@id\":\"https:\/\/plantbezorgd.nl\/product\/bemesting\/pokon-kleinfruit-voeding-1kg\/#primaryimage\"},\"thumbnailUrl\":\"https:\/\/plantbezorgd.nl\/wp-content\/uploads\/2023\/06\/Pokon-Kleinfruitmest-1kg-1.jpg\",\"datePublished\":\"2023-02-02T09:03:58+00:00\",\"dateModified\":\"2025-02-14T13:57:55+00:00\",\"description\":\"Op zoek naar de Pokon Kleinfruit Voeding 1kg? \u2714 Lage verzendkosten \u2714 Kies je bezorgmoment & locatie \u2714 Groeigarantie!\",\"breadcrumb\":{\"@id\":\"https:\/\/plantbezorgd.nl\/product\/bemesting\/pokon-kleinfruit-voeding-1kg\/#breadcrumb\"},\"inLanguage\":\"de\",\"potentialAction\":[{\"@type\":\"ReadAction\",\"target\":[\"https:\/\/plantbezorgd.nl\/product\/bemesting\/pokon-kleinfruit-voeding-1kg\/\"]}]},{\"@type\":\"ImageObject\",\"inLanguage\":\"de\",\"@id\":\"https:\/\/plantbezorgd.nl\/product\/bemesting\/pokon-kleinfruit-voeding-1kg\/#primaryimage\",\"url\":\"https:\/\/plantbezorgd.nl\/wp-content\/uploads\/2023\/06\/Pokon-Kleinfruitmest-1kg-1.jpg\",\"contentUrl\":\"https:\/\/plantbezorgd.nl\/wp-content\/uploads\/2023\/06\/Pokon-Kleinfruitmest-1kg-1.jpg\",\"width\":924,\"height\":1175},{\"@type\":\"BreadcrumbList\",\"@id\":\"https:\/\/plantbezorgd.nl\/product\/bemesting\/pokon-kleinfruit-voeding-1kg\/#breadcrumb\",\"itemListElement\":[{\"@type\":\"ListItem\",\"position\":1,\"name\":\"Shop\",\"item\":\"https:\/\/plantbezorgd.nl\/shop\/\"},{\"@type\":\"ListItem\",\"position\":2,\"name\":\"Bemesting\",\"item\":\"https:\/\/plantbezorgd.nl\/product-categorie\/bemesting\/\"},{\"@type\":\"ListItem\",\"position\":3,\"name\":\"Pokon Kleinfruit Voeding 1kg\"}]},{\"@type\":\"WebSite\",\"@id\":\"https:\/\/plantbezorgd.nl\/#website\",\"url\":\"https:\/\/plantbezorgd.nl\/\",\"name\":\"PlantBezorgd\",\"description\":\"Betaalbare kwaliteitsplanten thuisbezorgd!\",\"publisher\":{\"@id\":\"https:\/\/plantbezorgd.nl\/#organization\"},\"potentialAction\":[{\"@type\":\"SearchAction\",\"target\":{\"@type\":\"EntryPoint\",\"urlTemplate\":\"https:\/\/plantbezorgd.nl\/?s={search_term_string}\"},\"query-input\":{\"@type\":\"PropertyValueSpecification\",\"valueRequired\":true,\"valueName\":\"search_term_string\"}}],\"inLanguage\":\"de\"},{\"@type\":\"Organization\",\"@id\":\"https:\/\/plantbezorgd.nl\/#organization\",\"name\":\"PlantBezorgd\",\"url\":\"https:\/\/plantbezorgd.nl\/\",\"logo\":{\"@type\":\"ImageObject\",\"inLanguage\":\"de\",\"@id\":\"https:\/\/plantbezorgd.nl\/#\/schema\/logo\/image\/\",\"url\":\"https:\/\/plantbezorgd.nl\/wp-content\/uploads\/2023\/05\/Logo.svg\",\"contentUrl\":\"https:\/\/plantbezorgd.nl\/wp-content\/uploads\/2023\/05\/Logo.svg\",\"caption\":\"PlantBezorgd\"},\"image\":{\"@id\":\"https:\/\/plantbezorgd.nl\/#\/schema\/logo\/image\/\"}}]}<\/script>\n<!-- \/ Yoast SEO plugin. -->","yoast_head_json":{"title":"Pokon Small Fruit Food 1kg online kaufen - PlantBezorgd","description":"Sie suchen die Pokon Small Fruit Nutrition 1kg? \u2714 Niedrige Versandkosten \u2714 W\u00e4hlen Sie Ihren Liefertermin und -ort \u2714 Wachstumsgarantie!","robots":{"index":"index","follow":"follow","max-snippet":"max-snippet:-1","max-image-preview":"max-image-preview:large","max-video-preview":"max-video-preview:-1"},"canonical":"https:\/\/plantbezorgd.nl\/de\/produkt\/befruchtung-2\/pokon-beerenfutter-1kg\/","og_locale":"de_DE","og_type":"article","og_title":"Pokon Kleinfruit Voeding 1kg Online Kopen - PlantBezorgd","og_description":"Op zoek naar de Pokon Kleinfruit Voeding 1kg? \u2714 Lage verzendkosten \u2714 Kies je bezorgmoment & locatie \u2714 Groeigarantie!","og_url":"https:\/\/plantbezorgd.nl\/de\/produkt\/befruchtung-2\/pokon-beerenfutter-1kg\/","og_site_name":"PlantBezorgd","article_modified_time":"2025-02-14T13:57:55+00:00","og_image":[{"width":924,"height":1175,"url":"https:\/\/cdn.plantbezorgd.nl\/wp-content\/uploads\/2023\/06\/Pokon-Kleinfruitmest-1kg-1.jpg?strip=all&lossy=1&ssl=1","type":"image\/jpeg"}],"twitter_card":"summary_large_image","twitter_misc":{"Gesch\u00e4tzte Lesezeit":"1\u00a0Minute"},"schema":{"@context":"https:\/\/schema.org","@graph":[{"@type":"WebPage","@id":"https:\/\/plantbezorgd.nl\/product\/bemesting\/pokon-kleinfruit-voeding-1kg\/","url":"https:\/\/plantbezorgd.nl\/product\/bemesting\/pokon-kleinfruit-voeding-1kg\/","name":"Pokon Small Fruit Food 1kg online kaufen - PlantBezorgd","isPartOf":{"@id":"https:\/\/plantbezorgd.nl\/#website"},"primaryImageOfPage":{"@id":"https:\/\/plantbezorgd.nl\/product\/bemesting\/pokon-kleinfruit-voeding-1kg\/#primaryimage"},"image":{"@id":"https:\/\/plantbezorgd.nl\/product\/bemesting\/pokon-kleinfruit-voeding-1kg\/#primaryimage"},"thumbnailUrl":"https:\/\/plantbezorgd.nl\/wp-content\/uploads\/2023\/06\/Pokon-Kleinfruitmest-1kg-1.jpg","datePublished":"2023-02-02T09:03:58+00:00","dateModified":"2025-02-14T13:57:55+00:00","description":"Sie suchen die Pokon Small Fruit Nutrition 1kg? \u2714 Niedrige Versandkosten \u2714 W\u00e4hlen Sie Ihren Liefertermin und -ort \u2714 Wachstumsgarantie!","breadcrumb":{"@id":"https:\/\/plantbezorgd.nl\/product\/bemesting\/pokon-kleinfruit-voeding-1kg\/#breadcrumb"},"inLanguage":"de","potentialAction":[{"@type":"ReadAction","target":["https:\/\/plantbezorgd.nl\/product\/bemesting\/pokon-kleinfruit-voeding-1kg\/"]}]},{"@type":"ImageObject","inLanguage":"de","@id":"https:\/\/plantbezorgd.nl\/product\/bemesting\/pokon-kleinfruit-voeding-1kg\/#primaryimage","url":"https:\/\/plantbezorgd.nl\/wp-content\/uploads\/2023\/06\/Pokon-Kleinfruitmest-1kg-1.jpg","contentUrl":"https:\/\/plantbezorgd.nl\/wp-content\/uploads\/2023\/06\/Pokon-Kleinfruitmest-1kg-1.jpg","width":924,"height":1175},{"@type":"BreadcrumbList","@id":"https:\/\/plantbezorgd.nl\/product\/bemesting\/pokon-kleinfruit-voeding-1kg\/#breadcrumb","itemListElement":[{"@type":"ListItem","position":1,"name":"Shop","item":"https:\/\/plantbezorgd.nl\/shop\/"},{"@type":"ListItem","position":2,"name":"Bemesting","item":"https:\/\/plantbezorgd.nl\/product-categorie\/bemesting\/"},{"@type":"ListItem","position":3,"name":"Pokon Kleinfruit Voeding 1kg"}]},{"@type":"WebSite","@id":"https:\/\/plantbezorgd.nl\/#website","url":"https:\/\/plantbezorgd.nl\/","name":"PflanzenGeliefert","description":"Erschwingliche Qualit\u00e4tspflanzen direkt zu Ihnen nach Hause geliefert!","publisher":{"@id":"https:\/\/plantbezorgd.nl\/#organization"},"potentialAction":[{"@type":"SearchAction","target":{"@type":"EntryPoint","urlTemplate":"https:\/\/plantbezorgd.nl\/?s={search_term_string}"},"query-input":{"@type":"PropertyValueSpecification","valueRequired":true,"valueName":"search_term_string"}}],"inLanguage":"de"},{"@type":"Organization","@id":"https:\/\/plantbezorgd.nl\/#organization","name":"PflanzenGeliefert","url":"https:\/\/plantbezorgd.nl\/","logo":{"@type":"ImageObject","inLanguage":"de","@id":"https:\/\/plantbezorgd.nl\/#\/schema\/logo\/image\/","url":"https:\/\/plantbezorgd.nl\/wp-content\/uploads\/2023\/05\/Logo.svg","contentUrl":"https:\/\/plantbezorgd.nl\/wp-content\/uploads\/2023\/05\/Logo.svg","caption":"PlantBezorgd"},"image":{"@id":"https:\/\/plantbezorgd.nl\/#\/schema\/logo\/image\/"}}]}},"_links":{"self":[{"href":"https:\/\/plantbezorgd.nl\/de\/wp-json\/wp\/v2\/product\/2470","targetHints":{"allow":["GET"]}}],"collection":[{"href":"https:\/\/plantbezorgd.nl\/de\/wp-json\/wp\/v2\/product"}],"about":[{"href":"https:\/\/plantbezorgd.nl\/de\/wp-json\/wp\/v2\/types\/product"}],"replies":[{"embeddable":true,"href":"https:\/\/plantbezorgd.nl\/de\/wp-json\/wp\/v2\/comments?post=2470"}],"wp:featuredmedia":[{"embeddable":true,"href":"https:\/\/plantbezorgd.nl\/de\/wp-json\/wp\/v2\/media\/2471"}],"wp:attachment":[{"href":"https:\/\/plantbezorgd.nl\/de\/wp-json\/wp\/v2\/media?parent=2470"}],"wp:term":[{"taxonomy":"product_brand","embeddable":true,"href":"https:\/\/plantbezorgd.nl\/de\/wp-json\/wp\/v2\/product_brand?post=2470"},{"taxonomy":"product_cat","embeddable":true,"href":"https:\/\/plantbezorgd.nl\/de\/wp-json\/wp\/v2\/product_cat?post=2470"},{"taxonomy":"product_tag","embeddable":true,"href":"https:\/\/plantbezorgd.nl\/de\/wp-json\/wp\/v2\/product_tag?post=2470"}],"curies":[{"name":"wp","href":"https:\/\/api.w.org\/{rel}","templated":true}]}}