{"id":2402,"date":"2023-02-13T10:44:05","date_gmt":"2023-02-13T09:44:05","guid":{"rendered":"https:\/\/plantbezorgd.s01.klik3.dev\/product\/uncategorized\/lonicera-periclymenum-chic-choc-kamperfoelie\/"},"modified":"2026-05-05T04:54:31","modified_gmt":"2026-05-05T02:54:31","slug":"lonicera-periclymenum-chic-choc-geisblatt-2","status":"publish","type":"product","link":"https:\/\/plantbezorgd.nl\/de\/product\/alle-heesters\/lonicera-periclymenum-chic-choc-kamperfoelie\/","title":{"rendered":"Lonicera periclymenum 'Chic &amp; Choc' - Gei\u00dfblatt"},"content":{"rendered":"<p>Lonicera periclymenum &#039;Chic &amp; Choc&#039; ist ein kompakter, strauchartiger Gei\u00dfblattstrauch, der mit anmutigen, herrlich duftenden Bl\u00fcten bezaubert, deren Farbe sich beim \u00d6ffnen ver\u00e4ndert. Die Bl\u00fctenknospen erscheinen in einem satten Purpurrosa und entfalten sich zu zartrosa-wei\u00dfen Bl\u00fcten, die sp\u00e4ter orange-gelb werden. Dieses fortw\u00e4hrende Farbenspiel, kombiniert mit einem s\u00fc\u00dfen Duft, macht &#039;Chic &amp; Choc&#039; zu einer wahren Sch\u00f6nheit im Garten.<\/p>\n<p>Mit einer H\u00f6he und Breite von nur 50 cm ist Chic &amp; Choc ein kompakter, nicht kletternder Strauch. Wie seine Schwestersorten Blond &amp; Beyond ist er eine Hybride, die speziell f\u00fcr alle entwickelt wurde, die den Duft und Charme von Gei\u00dfblatt in einer kompakten, nicht kletternden Form w\u00fcnschen. Chic &amp; Choc bl\u00fcht \u00fcppig und lange vom Sommer bis in den Herbst hinein und ist bis -20 \u00b0C winterhart. Die Pflanze ist krankheitsresistent und lockt mit ihrem s\u00fc\u00dfen Duft Bienen und Schmetterlinge an.<\/p>\n<p><strong>Was macht den Lonicera Chic &amp; Choc so besonders?<\/strong><\/p>\n<p>Das markanteste Merkmal der Chic &amp; Choc ist das dreifache Farbenspiel ihrer Bl\u00fcten. Die Knospen sind zun\u00e4chst purpurrosa, die ge\u00f6ffneten Bl\u00fcten rosawei\u00df und wechseln dann zu einem Orangegelb. Dadurch sind an der Pflanze jederzeit mehrere Farben gleichzeitig zu sehen. Dieser dynamische Farbeffekt unterscheidet die Chic &amp; Choc von der Blond &amp; Beyond, die in einem ruhigeren Cremegelb bl\u00fcht. Ihr s\u00fc\u00dfer Duft ist vergleichbar intensiv und macht die Chic &amp; Choc zu einem duftenden Blickfang, der Insekten und G\u00e4rtner gleicherma\u00dfen anlockt.<\/p>\n<p><strong>Stand und Boden<\/strong><\/p>\n<p>Lonicera Chic &amp; Choc gedeiht am besten an einem sonnigen bis halbschattigen Standort. Die Pflanze ist anspruchslos, was den Boden angeht, und bevorzugt gut durchl\u00e4ssigen Boden. Ein warmer, gesch\u00fctzter Platz f\u00f6rdert Duft und \u00fcppige Bl\u00fcte. Chic &amp; Choc f\u00fchlt sich in den meisten g\u00e4ngigen Gartenb\u00f6den wohl.<\/p>\n<p><strong>Bew\u00e4sserung und Pflege<\/strong><\/p>\n<p>Nach dem Einpflanzen ist regelm\u00e4\u00dfiges Gie\u00dfen in den ersten Wochen wichtig. Ist die Chic &amp; Choc erst einmal angewachsen, hat sie einen durchschnittlichen Wasserbedarf. In Trockenperioden, insbesondere w\u00e4hrend der Bl\u00fctezeit, sollte zus\u00e4tzlich gegossen werden. Eine leichte D\u00fcngung im Fr\u00fchjahr ist ausreichend. Die Pflanze ist krankheitsresistent und ben\u00f6tigt kaum weitere Pflege.<\/p>\n<p><strong>Baumschnitt und Pflege<\/strong><\/p>\n<p>Die Chic &amp; Choc w\u00e4chst von Natur aus kompakt und bildet einen sch\u00f6nen Strauch. Ein R\u00fcckschnitt ist selten n\u00f6tig. Optional k\u00f6nnen Sie die Pflanze nach der Bl\u00fcte leicht zur\u00fcckschneiden, um die Form zu erhalten. Die Pflanze ist krankheitsresistent, wodurch der Pflegeaufwand minimal ist. Entfernen Sie im Fr\u00fchjahr alle trockenen oder besch\u00e4digten Zweige.<\/p>\n<p><strong>Widerstandsf\u00e4higkeit<\/strong><\/p>\n<p>Die Lonicera &#039;Chic &amp; Choc&#039; ist bis -20 \u00b0C winterhart und somit ideal f\u00fcr das niederl\u00e4ndische Klima geeignet. Die Pflanze ist sommergr\u00fcn und treibt im Fr\u00fchjahr kr\u00e4ftig wieder aus. Im Freiland ben\u00f6tigt sie keinen zus\u00e4tzlichen Winterschutz. Im Topf empfiehlt es sich, diesen bei starkem Frost zu isolieren.<\/p>\n<p><strong>Verwendung im Garten<\/strong><\/p>\n<p>Die Chic &amp; Choc eignet sich ideal als Solit\u00e4rpflanze im Topf auf der Terrasse, als Bodendecker, in einer Strauchrabatte oder in einem gemischten Pflanzgef\u00e4\u00df. Platzieren Sie sie am besten in der N\u00e4he einer Sitzecke oder entlang eines Gartenwegs, damit Sie ihren Duft voll genie\u00dfen k\u00f6nnen. Kombinieren Sie die Chic &amp; Choc mit der cremefarbenen Blond &amp; Beyond f\u00fcr ein duftendes Duo mit kontrastierenden Bl\u00fctenfarben. Dank ihrer kompakten Gr\u00f6\u00dfe ist sie auch f\u00fcr kleinste Balkone geeignet.<\/p>\n<p><strong>Verf\u00fcgbare Gr\u00f6\u00dfen und Wachstumsmerkmale<\/strong><\/p>\n<p>Die Gei\u00dfblatt-Sorte &#039;Chic &amp; Choc&#039; ist im kompakten Topf erh\u00e4ltlich. Die Pflanze erreicht eine H\u00f6he und Breite von ca. 50 cm. Sie bl\u00fcht vom Sommer bis in den Herbst mit farbwechselnden Bl\u00fcten (von Purpurrosa \u00fcber Rosa-Wei\u00df bis Orange-Gelb). Die Pflanze ist sommergr\u00fcn und winterhart bis -20 \u00b0C.<\/p>\n<p><strong>H\u00e4ufig gestellte Fragen<\/strong><\/p>\n<ul>\n<li><em>\u00c4ndern die Blumen tats\u00e4chlich ihre Farbe?<\/em><br \/>Ja, die Knospen sind purpurrosa, die ge\u00f6ffneten Bl\u00fcten rosawei\u00df und \u00e4ltere Bl\u00fcten orangegelb. Dadurch sind an der Pflanze gleichzeitig mehrere Farben zu sehen.<\/li>\n<li><em>Ist die Lonicera Chic &amp; Choc eine Kletterpflanze?<\/em><br \/>Nein, es handelt sich um einen kompakten Strauch von 50 cm H\u00f6he und Breite, der nicht klettert.<\/li>\n<li><em>Worin besteht der Unterschied zwischen Chic &amp; Choc und Blond &amp; Beyond?<\/em><br \/>Die Sorte \u201eChic &amp; Choc\u201c hat farbwechselnde Bl\u00fcten (von Purpurrosa bis Orangegelb), w\u00e4hrend \u201eBlond &amp; Beyond\u201c in einem dezenteren Cremegelb bl\u00fcht. Beide Sorten erreichen eine H\u00f6he von 50 cm, duften und sind bis -20 \u00b0C winterhart.<\/li>\n<li><em>Riecht Chic &amp; Choc?<\/em><br \/>Ja, die Bl\u00fcten verstr\u00f6men einen herrlich s\u00fc\u00dfen Gei\u00dfblattduft, der Bienen und Schmetterlinge anlockt.<\/li>\n<li><em>Ist die Lonicera Chic &amp; Choc winterhart?<\/em><br \/>Ja, ausgezeichnete Winterh\u00e4rte bis -20 \u00b0C. Die Pflanze ist laubabwerfend, treibt aber im Fr\u00fchjahr wieder kr\u00e4ftig aus.<\/li>\n<\/ul>\n<p>Lonicera periclymenum &#039;Chic &amp; Choc&#039; ist ein kompaktes Gei\u00dfblatt, das mit seinen farbwechselnden Bl\u00fcten und seinem s\u00fc\u00dfen Duft gleicherma\u00dfen elegant und \u00fcberraschend ist. Von der purpurrosa Knospe \u00fcber die rosawei\u00dfe Bl\u00fcte bis hin zur orange-gelben: Jeden Tag ein anderes Farbenspiel, der Duft bleibt derselbe bet\u00f6rende. Kompakt, robust und unwiderstehlich.<\/p>","protected":false},"excerpt":{"rendered":"<p>De Lonicera periclymenum &#8216;Chic &#038; Choc&#8217; is een compacte, struikvormige kamperfoelie die betoverd met sierlijke, heerlijk geurende bloemen die van kleur veranderen naarmate ze opengaan. De bloemknoppen verschijnen in een rijke paarsroze kleur en ontvouwen zich tot gracieuze roze-witte bloemen die later verkleuren naar oranjegeel. Dit voortdurende kleurenspel, gecombineerd met een zoete geur, maakt de [&hellip;]<\/p>","protected":false},"featured_media":6536,"comment_status":"open","ping_status":"closed","template":"","meta":{"_acf_changed":false,"iawp_total_views":158},"product_brand":[],"product_cat":[316,233,250,240,366],"product_tag":[439,1587,436,433],"class_list":{"0":"post-2402","1":"product","2":"type-product","3":"status-publish","4":"has-post-thumbnail","6":"product_cat-alle-categorieen","7":"product_cat-alle-heesters","8":"product_cat-heesters","9":"product_cat-overige-heesters","10":"product_cat-plantipp","11":"product_tag-alle","12":"product_tag-local","13":"product_tag-nietadverteren","14":"product_tag-tuin","15":"pa_aantal-per-m2-449","16":"pa_grondsoort-alle-grondsoorten-waterdoorlatend","17":"pa_verzorging-lange-scheuten-die-in-de-weg-zitten-wegknippen-de-plant-hoeft-verder-niet-gesnoeid-te-worden","18":"pa_voeding-organische-meststof","19":"pa_volgroeide-hoogte-in-cm-727","20":"pa_wintergroen-bladhoudend-half","21":"pa_winterhardheid-meerjarig-goed","23":"first","24":"instock","25":"taxable","26":"shipping-taxable","27":"purchasable","28":"product-type-simple"},"acf":[],"gallery_images":[6538,2406,2407,558],"yoast_head":"<!-- This site is optimized with the Yoast SEO plugin v25.3 - https:\/\/yoast.com\/wordpress\/plugins\/seo\/ -->\n<title>Lonicera periclymenum &#039;Chic &amp; Choc&#039; - Kamperfoelie Online Kopen - PlantBezorgd<\/title>\n<meta name=\"description\" content=\"Op zoek naar de Lonicera periclymenum &#039;Chic &amp; Choc&#039; - Kamperfoelie? \u2714 Lage verzendkosten \u2714 Kies je bezorgmoment &amp; locatie \u2714 Groeigarantie!\" \/>\n<meta name=\"robots\" content=\"index, follow, max-snippet:-1, max-image-preview:large, max-video-preview:-1\" \/>\n<link rel=\"canonical\" href=\"https:\/\/plantbezorgd.nl\/de\/produkt\/alle-straucher-2\/lonicera-periclymenum-chic-choc-geisblatt-2\/\" \/>\n<meta property=\"og:locale\" content=\"de_DE\" \/>\n<meta property=\"og:type\" content=\"article\" \/>\n<meta property=\"og:title\" content=\"Lonicera periclymenum &#039;Chic &amp; Choc&#039; - Kamperfoelie Online Kopen - PlantBezorgd\" \/>\n<meta property=\"og:description\" content=\"Op zoek naar de Lonicera periclymenum &#039;Chic &amp; Choc&#039; - Kamperfoelie? \u2714 Lage verzendkosten \u2714 Kies je bezorgmoment &amp; locatie \u2714 Groeigarantie!\" \/>\n<meta property=\"og:url\" content=\"https:\/\/plantbezorgd.nl\/de\/produkt\/alle-straucher-2\/lonicera-periclymenum-chic-choc-geisblatt-2\/\" \/>\n<meta property=\"og:site_name\" content=\"PlantBezorgd\" \/>\n<meta property=\"article:modified_time\" content=\"2026-05-05T02:54:31+00:00\" \/>\n<meta property=\"og:image\" content=\"https:\/\/plantbezorgd.nl\/wp-content\/uploads\/2023\/06\/Lonicera-periclymenum-Chic-Choc-Kamperfoelie-2-scaled-2.jpg\" \/>\n\t<meta property=\"og:image:width\" content=\"924\" \/>\n\t<meta property=\"og:image:height\" content=\"1386\" \/>\n\t<meta property=\"og:image:type\" content=\"image\/jpeg\" \/>\n<meta name=\"twitter:card\" content=\"summary_large_image\" \/>\n<meta name=\"twitter:label1\" content=\"Gesch\u00e4tzte Lesezeit\" \/>\n\t<meta name=\"twitter:data1\" content=\"1\u00a0Minute\" \/>\n<script type=\"application\/ld+json\" class=\"yoast-schema-graph\">{\"@context\":\"https:\/\/schema.org\",\"@graph\":[{\"@type\":\"WebPage\",\"@id\":\"https:\/\/plantbezorgd.nl\/product\/alle-heesters\/lonicera-periclymenum-chic-choc-kamperfoelie\/\",\"url\":\"https:\/\/plantbezorgd.nl\/product\/alle-heesters\/lonicera-periclymenum-chic-choc-kamperfoelie\/\",\"name\":\"Lonicera periclymenum 'Chic & Choc' - Kamperfoelie Online Kopen - PlantBezorgd\",\"isPartOf\":{\"@id\":\"https:\/\/plantbezorgd.nl\/#website\"},\"primaryImageOfPage\":{\"@id\":\"https:\/\/plantbezorgd.nl\/product\/alle-heesters\/lonicera-periclymenum-chic-choc-kamperfoelie\/#primaryimage\"},\"image\":{\"@id\":\"https:\/\/plantbezorgd.nl\/product\/alle-heesters\/lonicera-periclymenum-chic-choc-kamperfoelie\/#primaryimage\"},\"thumbnailUrl\":\"https:\/\/plantbezorgd.nl\/wp-content\/uploads\/2023\/06\/Lonicera-periclymenum-Chic-Choc-Kamperfoelie-2-scaled-2.jpg\",\"datePublished\":\"2023-02-13T09:44:05+00:00\",\"dateModified\":\"2026-05-05T02:54:31+00:00\",\"description\":\"Op zoek naar de Lonicera periclymenum 'Chic & Choc' - Kamperfoelie? \u2714 Lage verzendkosten \u2714 Kies je bezorgmoment & locatie \u2714 Groeigarantie!\",\"breadcrumb\":{\"@id\":\"https:\/\/plantbezorgd.nl\/product\/alle-heesters\/lonicera-periclymenum-chic-choc-kamperfoelie\/#breadcrumb\"},\"inLanguage\":\"de\",\"potentialAction\":[{\"@type\":\"ReadAction\",\"target\":[\"https:\/\/plantbezorgd.nl\/product\/alle-heesters\/lonicera-periclymenum-chic-choc-kamperfoelie\/\"]}]},{\"@type\":\"ImageObject\",\"inLanguage\":\"de\",\"@id\":\"https:\/\/plantbezorgd.nl\/product\/alle-heesters\/lonicera-periclymenum-chic-choc-kamperfoelie\/#primaryimage\",\"url\":\"https:\/\/plantbezorgd.nl\/wp-content\/uploads\/2023\/06\/Lonicera-periclymenum-Chic-Choc-Kamperfoelie-2-scaled-2.jpg\",\"contentUrl\":\"https:\/\/plantbezorgd.nl\/wp-content\/uploads\/2023\/06\/Lonicera-periclymenum-Chic-Choc-Kamperfoelie-2-scaled-2.jpg\",\"width\":924,\"height\":1386},{\"@type\":\"BreadcrumbList\",\"@id\":\"https:\/\/plantbezorgd.nl\/product\/alle-heesters\/lonicera-periclymenum-chic-choc-kamperfoelie\/#breadcrumb\",\"itemListElement\":[{\"@type\":\"ListItem\",\"position\":1,\"name\":\"Shop\",\"item\":\"https:\/\/plantbezorgd.nl\/shop\/\"},{\"@type\":\"ListItem\",\"position\":2,\"name\":\"Alle categorie\u00ebn\",\"item\":\"https:\/\/plantbezorgd.nl\/product-categorie\/alle-categorieen\/\"},{\"@type\":\"ListItem\",\"position\":3,\"name\":\"Lonicera periclymenum &#8216;Chic &#038; Choc&#8217; &#8211; Kamperfoelie\"}]},{\"@type\":\"WebSite\",\"@id\":\"https:\/\/plantbezorgd.nl\/#website\",\"url\":\"https:\/\/plantbezorgd.nl\/\",\"name\":\"PlantBezorgd\",\"description\":\"Betaalbare kwaliteitsplanten thuisbezorgd!\",\"publisher\":{\"@id\":\"https:\/\/plantbezorgd.nl\/#organization\"},\"potentialAction\":[{\"@type\":\"SearchAction\",\"target\":{\"@type\":\"EntryPoint\",\"urlTemplate\":\"https:\/\/plantbezorgd.nl\/?s={search_term_string}\"},\"query-input\":{\"@type\":\"PropertyValueSpecification\",\"valueRequired\":true,\"valueName\":\"search_term_string\"}}],\"inLanguage\":\"de\"},{\"@type\":\"Organization\",\"@id\":\"https:\/\/plantbezorgd.nl\/#organization\",\"name\":\"PlantBezorgd\",\"url\":\"https:\/\/plantbezorgd.nl\/\",\"logo\":{\"@type\":\"ImageObject\",\"inLanguage\":\"de\",\"@id\":\"https:\/\/plantbezorgd.nl\/#\/schema\/logo\/image\/\",\"url\":\"https:\/\/plantbezorgd.nl\/wp-content\/uploads\/2023\/05\/Logo.svg\",\"contentUrl\":\"https:\/\/plantbezorgd.nl\/wp-content\/uploads\/2023\/05\/Logo.svg\",\"caption\":\"PlantBezorgd\"},\"image\":{\"@id\":\"https:\/\/plantbezorgd.nl\/#\/schema\/logo\/image\/\"}}]}<\/script>\n<!-- \/ Yoast SEO plugin. -->","yoast_head_json":{"title":"Lonicera periclymenum 'Chic &amp; Choc' - Gei\u00dfblatt online kaufen - PlantBezorgd","description":"Sie suchen Lonicera periclymenum 'Chic &amp; Choc' - Gei\u00dfblatt? \u2714 Niedrige Versandkosten \u2714 W\u00e4hlen Sie Ihren Liefertermin und -ort \u2714 Wachstumsgarantie!","robots":{"index":"index","follow":"follow","max-snippet":"max-snippet:-1","max-image-preview":"max-image-preview:large","max-video-preview":"max-video-preview:-1"},"canonical":"https:\/\/plantbezorgd.nl\/de\/produkt\/alle-straucher-2\/lonicera-periclymenum-chic-choc-geisblatt-2\/","og_locale":"de_DE","og_type":"article","og_title":"Lonicera periclymenum 'Chic & Choc' - Kamperfoelie Online Kopen - PlantBezorgd","og_description":"Op zoek naar de Lonicera periclymenum 'Chic & Choc' - Kamperfoelie? \u2714 Lage verzendkosten \u2714 Kies je bezorgmoment & locatie \u2714 Groeigarantie!","og_url":"https:\/\/plantbezorgd.nl\/de\/produkt\/alle-straucher-2\/lonicera-periclymenum-chic-choc-geisblatt-2\/","og_site_name":"PlantBezorgd","article_modified_time":"2026-05-05T02:54:31+00:00","og_image":[{"width":924,"height":1386,"url":"https:\/\/plantbezorgd.nl\/wp-content\/uploads\/2023\/06\/Lonicera-periclymenum-Chic-Choc-Kamperfoelie-2-scaled-2.jpg","type":"image\/jpeg"}],"twitter_card":"summary_large_image","twitter_misc":{"Gesch\u00e4tzte Lesezeit":"1\u00a0Minute"},"schema":{"@context":"https:\/\/schema.org","@graph":[{"@type":"WebPage","@id":"https:\/\/plantbezorgd.nl\/product\/alle-heesters\/lonicera-periclymenum-chic-choc-kamperfoelie\/","url":"https:\/\/plantbezorgd.nl\/product\/alle-heesters\/lonicera-periclymenum-chic-choc-kamperfoelie\/","name":"Lonicera periclymenum 'Chic &amp; Choc' - Gei\u00dfblatt online kaufen - PlantBezorgd","isPartOf":{"@id":"https:\/\/plantbezorgd.nl\/#website"},"primaryImageOfPage":{"@id":"https:\/\/plantbezorgd.nl\/product\/alle-heesters\/lonicera-periclymenum-chic-choc-kamperfoelie\/#primaryimage"},"image":{"@id":"https:\/\/plantbezorgd.nl\/product\/alle-heesters\/lonicera-periclymenum-chic-choc-kamperfoelie\/#primaryimage"},"thumbnailUrl":"https:\/\/plantbezorgd.nl\/wp-content\/uploads\/2023\/06\/Lonicera-periclymenum-Chic-Choc-Kamperfoelie-2-scaled-2.jpg","datePublished":"2023-02-13T09:44:05+00:00","dateModified":"2026-05-05T02:54:31+00:00","description":"Sie suchen Lonicera periclymenum 'Chic &amp; Choc' - Gei\u00dfblatt? \u2714 Niedrige Versandkosten \u2714 W\u00e4hlen Sie Ihren Liefertermin und -ort \u2714 Wachstumsgarantie!","breadcrumb":{"@id":"https:\/\/plantbezorgd.nl\/product\/alle-heesters\/lonicera-periclymenum-chic-choc-kamperfoelie\/#breadcrumb"},"inLanguage":"de","potentialAction":[{"@type":"ReadAction","target":["https:\/\/plantbezorgd.nl\/product\/alle-heesters\/lonicera-periclymenum-chic-choc-kamperfoelie\/"]}]},{"@type":"ImageObject","inLanguage":"de","@id":"https:\/\/plantbezorgd.nl\/product\/alle-heesters\/lonicera-periclymenum-chic-choc-kamperfoelie\/#primaryimage","url":"https:\/\/plantbezorgd.nl\/wp-content\/uploads\/2023\/06\/Lonicera-periclymenum-Chic-Choc-Kamperfoelie-2-scaled-2.jpg","contentUrl":"https:\/\/plantbezorgd.nl\/wp-content\/uploads\/2023\/06\/Lonicera-periclymenum-Chic-Choc-Kamperfoelie-2-scaled-2.jpg","width":924,"height":1386},{"@type":"BreadcrumbList","@id":"https:\/\/plantbezorgd.nl\/product\/alle-heesters\/lonicera-periclymenum-chic-choc-kamperfoelie\/#breadcrumb","itemListElement":[{"@type":"ListItem","position":1,"name":"Shop","item":"https:\/\/plantbezorgd.nl\/shop\/"},{"@type":"ListItem","position":2,"name":"Alle categorie\u00ebn","item":"https:\/\/plantbezorgd.nl\/product-categorie\/alle-categorieen\/"},{"@type":"ListItem","position":3,"name":"Lonicera periclymenum &#8216;Chic &#038; Choc&#8217; &#8211; Kamperfoelie"}]},{"@type":"WebSite","@id":"https:\/\/plantbezorgd.nl\/#website","url":"https:\/\/plantbezorgd.nl\/","name":"PflanzenGeliefert","description":"Erschwingliche Qualit\u00e4tspflanzen direkt zu Ihnen nach Hause geliefert!","publisher":{"@id":"https:\/\/plantbezorgd.nl\/#organization"},"potentialAction":[{"@type":"SearchAction","target":{"@type":"EntryPoint","urlTemplate":"https:\/\/plantbezorgd.nl\/?s={search_term_string}"},"query-input":{"@type":"PropertyValueSpecification","valueRequired":true,"valueName":"search_term_string"}}],"inLanguage":"de"},{"@type":"Organization","@id":"https:\/\/plantbezorgd.nl\/#organization","name":"PflanzenGeliefert","url":"https:\/\/plantbezorgd.nl\/","logo":{"@type":"ImageObject","inLanguage":"de","@id":"https:\/\/plantbezorgd.nl\/#\/schema\/logo\/image\/","url":"https:\/\/plantbezorgd.nl\/wp-content\/uploads\/2023\/05\/Logo.svg","contentUrl":"https:\/\/plantbezorgd.nl\/wp-content\/uploads\/2023\/05\/Logo.svg","caption":"PlantBezorgd"},"image":{"@id":"https:\/\/plantbezorgd.nl\/#\/schema\/logo\/image\/"}}]}},"_links":{"self":[{"href":"https:\/\/plantbezorgd.nl\/de\/wp-json\/wp\/v2\/product\/2402","targetHints":{"allow":["GET"]}}],"collection":[{"href":"https:\/\/plantbezorgd.nl\/de\/wp-json\/wp\/v2\/product"}],"about":[{"href":"https:\/\/plantbezorgd.nl\/de\/wp-json\/wp\/v2\/types\/product"}],"replies":[{"embeddable":true,"href":"https:\/\/plantbezorgd.nl\/de\/wp-json\/wp\/v2\/comments?post=2402"}],"wp:featuredmedia":[{"embeddable":true,"href":"https:\/\/plantbezorgd.nl\/de\/wp-json\/wp\/v2\/media\/6536"}],"wp:attachment":[{"href":"https:\/\/plantbezorgd.nl\/de\/wp-json\/wp\/v2\/media?parent=2402"}],"wp:term":[{"taxonomy":"product_brand","embeddable":true,"href":"https:\/\/plantbezorgd.nl\/de\/wp-json\/wp\/v2\/product_brand?post=2402"},{"taxonomy":"product_cat","embeddable":true,"href":"https:\/\/plantbezorgd.nl\/de\/wp-json\/wp\/v2\/product_cat?post=2402"},{"taxonomy":"product_tag","embeddable":true,"href":"https:\/\/plantbezorgd.nl\/de\/wp-json\/wp\/v2\/product_tag?post=2402"}],"curies":[{"name":"wp","href":"https:\/\/api.w.org\/{rel}","templated":true}]}}