{"id":1538,"date":"2023-06-29T09:34:36","date_gmt":"2023-06-29T07:34:36","guid":{"rendered":"https:\/\/plantbezorgd.s01.klik3.dev\/product\/uncategorized\/polystichum-setiferum-proliferum-naaldvaren\/"},"modified":"2026-04-16T04:33:53","modified_gmt":"2026-04-16T02:33:53","slug":"polystichum-setiferum-proliferum-nadelfarn-2","status":"publish","type":"product","link":"https:\/\/plantbezorgd.nl\/de\/produkt\/stauden-2\/polystichum-setiferum-proliferum-nadelfarn-2\/","title":{"rendered":"Polystichum setiferum 'Proliferum' - Nadelfarn"},"content":{"rendered":"<p>Polystichum setiferum &#039;Proliferum&#039; ist ein Nadelfarn mit elegant geschwungenen, doppelt gefiederten Bl\u00e4ttern und einer besonderen Eigenschaft: Die Pflanze bildet kleine Brutknospen an den Blattadern, mit denen sie sich auf einzigartige Weise vermehrt. Sobald sich die Bl\u00e4tter zum Boden neigen und die Brutknospen mit feuchter Erde in Ber\u00fchrung kommen, wurzeln sie und bilden neue Pfl\u00e4nzchen. Mit einer H\u00f6he von etwa 50 cm steht der &#039;Proliferum&#039; im Sortiment an der Mitte zwischen den drei Nadelfarnen und ist sowohl in der Gr\u00f6\u00dfe als auch in der Blattstruktur genau zwischen dem zierlichen &#039;Plumosum&#039; und dem gl\u00e4nzenden &#039;Polyblepharum&#039; positioniert.<\/p>\n<p>Der Name Proliferum (vermehrend) bezieht sich auf die Brutknospen, die die Pflanze an den Blattstielen bildet. Dies ist ein seltenes Merkmal unter Farnen, das Proliferum von nahezu allen anderen Farnarten unterscheidet. Polystichum setiferum ist ein in Europa heimischer Nadelfarn, der in niederl\u00e4ndischen W\u00e4ldern vorkommt. Proliferum ist eine Zuchtform, die die Eleganz der Art mit dieser faszinierenden Vermehrungseigenschaft vereint. Die Pflanze ist immergr\u00fcn, au\u00dfergew\u00f6hnlich winterhart und bildet eine anmutige Rosette aus elegant \u00fcberh\u00e4ngendem Laub.<\/p>\n<p><strong>Was macht Polystichum Proliferum so besonders?<\/strong><\/p>\n<p>Das markanteste Merkmal des Proliferum sind die Brutknospen an den Blattstielen. Diese kleinen Brutknospen \u00e4hneln Miniaturfarnen, die an der Mutterpflanze wachsen und beim Kontakt mit dem Boden zu neuen Pflanzen heranwachsen. Diese faszinierende botanische Eigenschaft macht das Proliferum zu einer lebhaften, ausladenden Pflanze. Das doppelt gefiederte Blatt ist weicher und feiner als das des gl\u00e4nzenden Polyblepharum, aber fester und gr\u00f6ber als das des federartigen Plumosum. Der elegant \u00fcberh\u00e4ngende Wuchs verleiht der Pflanze ein anmutiges Aussehen.<\/p>\n<p><strong>Stand und Boden<\/strong><\/p>\n<p>Proliferum gedeiht am besten an einem halbschattigen bis schattigen Standort. Der Boden sollte humusreich, feucht und gut durchl\u00e4ssig sein. Verbessern Sie ihn mit Laubkompost oder Walderde. Ein gesch\u00fctzter Standort ist von Vorteil. Die Brutzwiebeln wurzeln am besten in feuchtem, humusreichem Boden.<\/p>\n<p><strong>Bew\u00e4sserung und Pflege<\/strong><\/p>\n<p>Die Proliferum bevorzugt leicht feuchte Erde. In Trockenperioden zus\u00e4tzlich gie\u00dfen. Eine Mulchschicht aus Laubkompost h\u00e4lt die Erde feucht und schafft optimale Bedingungen f\u00fcr die Wurzelbildung der Brutzwiebeln. D\u00fcngung ist kaum notwendig.<\/p>\n<p><strong>Baumschnitt und Pflege<\/strong><\/p>\n<p>Der Proliferum ist immergr\u00fcn. Entfernen Sie im zeitigen Fr\u00fchjahr die \u00e4ltesten Bl\u00e4tter. Lassen Sie Bl\u00e4tter mit Brutzwiebeln, die sich zum Boden neigen, stehen, wenn Sie m\u00f6chten, dass sich die Pflanze ausbreitet. Die aus den Brutzwiebeln wachsenden Jungpflanzen k\u00f6nnen eingetopft oder umgepflanzt werden. Der Pflegeaufwand ist minimal.<\/p>\n<p><strong>Widerstandsf\u00e4higkeit<\/strong><\/p>\n<p>Polystichum setiferum Proliferum ist immergr\u00fcn und im niederl\u00e4ndischen Klima hervorragend winterhart. Die Pflanze beh\u00e4lt ihr Laub das ganze Jahr \u00fcber. In strengen Wintern kann es zu leichten Blattverf\u00e4rbungen kommen, die Pflanze erholt sich jedoch im Fr\u00fchjahr schnell. Zus\u00e4tzlicher Winterschutz ist nicht erforderlich.<\/p>\n<p><strong>Verwendung im Garten<\/strong><\/p>\n<p>Der Proliferum eignet sich ideal als elegante Schattenpflanze in Beeten, Waldg\u00e4rten, unter B\u00e4umen oder als Akzentpflanze im Topf. Die \u00fcberh\u00e4ngenden Bl\u00e4tter mit Brutzwiebeln verleihen der Pflanze ein lebendiges, dynamisches Aussehen. Pflanzen Sie den Proliferum zwischen den kleineren Plumosum (40 cm) und den gr\u00f6\u00dferen Polyblepharum (60 cm), um eine gestaffelte Farnrabatte mit drei Nadelfarnen in drei verschiedenen H\u00f6hen zu gestalten.<\/p>\n<p><strong>Verf\u00fcgbare Gr\u00f6\u00dfen und Wachstumsmerkmale<\/strong><\/p>\n<p>Polystichum setiferum &#039;Proliferum&#039; ist im kompakten Topf erh\u00e4ltlich. Die Pflanze erreicht eine H\u00f6he von ca. 50 cm und bildet elegant \u00fcberh\u00e4ngende Bl\u00e4tter. Die Bl\u00e4tter sind doppelt gefiedert und tragen Brutknospen an den Blattstielen. Immergr\u00fcn und ausgezeichnet winterhart.<\/p>\n<p><strong>H\u00e4ufig gestellte Fragen<\/strong><\/p>\n<ul>\n<li><em>Was sind Brutzwiebeln?<\/em><br \/>Brutknospen sind kleine Keimlinge, die an den Blattstielen des Proliferum wachsen. Sobald sie mit Erde in Ber\u00fchrung kommen, wurzeln sie und bilden neue Pfl\u00e4nzchen. Eine faszinierende Methode der vegetativen Vermehrung.<\/li>\n<li><em>Worin besteht der Unterschied zwischen Proliferum, Plumosum und Polyblepharum?<\/em><br \/>Die Sorte Proliferum (50 cm) besitzt doppelt gefiederte Bl\u00e4tter mit Brutzwiebeln. Die Sorte Plumosum (40 cm) ist zierlicher mit dreifach gefiederten, federartigen Bl\u00e4ttern. Die Sorte Polyblepharum (60 cm) hat die gl\u00e4nzendsten Bl\u00e4tter. Alle drei Sorten sind immergr\u00fcn.<\/li>\n<li><em>Verbreitet sich Proliferum \u00fcber Brutknospen?<\/em><br \/>Ja, wenn sich die Bl\u00e4tter zum Boden neigen, wurzeln die Brutzwiebeln und bilden neue Pfl\u00e4nzchen. Unerw\u00fcnschte S\u00e4mlinge k\u00f6nnen entfernt oder zur Vermehrung der Pflanze verwendet werden.<\/li>\n<li><em>Ist Proliferum immergr\u00fcn?<\/em><br \/>Ja, die Pflanze beh\u00e4lt ihre Bl\u00e4tter das ganze Jahr \u00fcber.<\/li>\n<li><em>Ist Proliferum winterhart?<\/em><br \/>Ja, ausgezeichnete Winterh\u00e4rte. Kein zus\u00e4tzlicher Schutz erforderlich.<\/li>\n<\/ul>\n<p>Polystichum setiferum &#039;Proliferum&#039; ist ein Nadelfarn, der mit seinen elegant herabh\u00e4ngenden Bl\u00e4ttern und faszinierenden Brutzwiebeln der farbenpr\u00e4chtigste Farn seiner Art ist. Er vermehrt sich selbst: Der Proliferum ist der Farn, der immer mehr von sich selbst hervorbringt.<\/p>","protected":false},"excerpt":{"rendered":"<p>De Polystichum setiferum &#8216;Proliferum&#8217; is een naaldvaren met elegant gebogen, tweemaal geveerde bladeren en een bijzondere eigenschap: de plant vormt kleine bulbils (broedknopjes) op de bladnerven waarmee zij zich op een unieke manier vermenigvuldigt. Wanneer de bladeren naar de grond buigen en de bulbils contact maken met de vochtige bodem, wortelen zij aan en vormen [&hellip;]<\/p>","protected":false},"featured_media":79183,"comment_status":"open","ping_status":"closed","template":"","meta":{"_acf_changed":false,"iawp_total_views":459},"product_brand":[],"product_cat":[316,236,261,235],"product_tag":[439,1587,435,433],"class_list":{"0":"post-1538","1":"product","2":"type-product","3":"status-publish","4":"has-post-thumbnail","6":"product_cat-alle-categorieen","7":"product_cat-alle-tuinplanten","8":"product_cat-varens","9":"product_cat-vaste-planten","10":"product_tag-alle","11":"product_tag-local","12":"product_tag-rest","13":"product_tag-tuin","14":"pa_aantal-per-m2-455","15":"pa_grondsoort-alle-grondsoorten-waterdoorlatend","16":"pa_volgroeide-hoogte-in-cm-727","17":"pa_wintergroen-bladhoudend-ja","18":"pa_winterhardheid-meerjarig-goed","20":"first","21":"instock","22":"taxable","23":"shipping-taxable","24":"purchasable","25":"product-type-variable","26":"has-default-attributes"},"acf":[],"gallery_images":[578,1539],"yoast_head":"<!-- This site is optimized with the Yoast SEO plugin v25.3 - https:\/\/yoast.com\/wordpress\/plugins\/seo\/ -->\n<title>Polystichum setiferum &#039;Proliferum&#039; - Naaldvaren Online Kopen - PlantBezorgd<\/title>\n<meta name=\"description\" content=\"Op zoek naar de Polystichum setiferum &#039;Proliferum&#039; - Naaldvaren? \u2714 Lage verzendkosten \u2714 Kies je bezorgmoment &amp; locatie \u2714 Groeigarantie!\" \/>\n<meta name=\"robots\" content=\"index, follow, max-snippet:-1, max-image-preview:large, max-video-preview:-1\" \/>\n<link rel=\"canonical\" href=\"https:\/\/plantbezorgd.nl\/de\/produkt\/stauden-2\/polystichum-setiferum-proliferum-nadelfarn-2\/\" \/>\n<meta property=\"og:locale\" content=\"de_DE\" \/>\n<meta property=\"og:type\" content=\"article\" \/>\n<meta property=\"og:title\" content=\"Polystichum setiferum &#039;Proliferum&#039; - Naaldvaren Online Kopen - PlantBezorgd\" \/>\n<meta property=\"og:description\" content=\"Op zoek naar de Polystichum setiferum &#039;Proliferum&#039; - Naaldvaren? \u2714 Lage verzendkosten \u2714 Kies je bezorgmoment &amp; locatie \u2714 Groeigarantie!\" \/>\n<meta property=\"og:url\" content=\"https:\/\/plantbezorgd.nl\/de\/produkt\/stauden-2\/polystichum-setiferum-proliferum-nadelfarn-2\/\" \/>\n<meta property=\"og:site_name\" content=\"PlantBezorgd\" \/>\n<meta property=\"article:modified_time\" content=\"2026-04-16T02:33:53+00:00\" \/>\n<meta property=\"og:image\" content=\"https:\/\/plantbezorgd.nl\/wp-content\/uploads\/2023\/06\/Polystichum-setiferum-Proliferum-Naaldvaren-1.jpg\" \/>\n\t<meta property=\"og:image:width\" content=\"1024\" \/>\n\t<meta property=\"og:image:height\" content=\"683\" \/>\n\t<meta property=\"og:image:type\" content=\"image\/jpeg\" \/>\n<meta name=\"twitter:card\" content=\"summary_large_image\" \/>\n<meta name=\"twitter:label1\" content=\"Gesch\u00e4tzte Lesezeit\" \/>\n\t<meta name=\"twitter:data1\" content=\"1\u00a0Minute\" \/>\n<script type=\"application\/ld+json\" class=\"yoast-schema-graph\">{\"@context\":\"https:\/\/schema.org\",\"@graph\":[{\"@type\":\"WebPage\",\"@id\":\"https:\/\/plantbezorgd.nl\/product\/vaste-planten\/polystichum-setiferum-proliferum-naaldvaren\/\",\"url\":\"https:\/\/plantbezorgd.nl\/product\/vaste-planten\/polystichum-setiferum-proliferum-naaldvaren\/\",\"name\":\"Polystichum setiferum 'Proliferum' - Naaldvaren Online Kopen - PlantBezorgd\",\"isPartOf\":{\"@id\":\"https:\/\/plantbezorgd.nl\/#website\"},\"primaryImageOfPage\":{\"@id\":\"https:\/\/plantbezorgd.nl\/product\/vaste-planten\/polystichum-setiferum-proliferum-naaldvaren\/#primaryimage\"},\"image\":{\"@id\":\"https:\/\/plantbezorgd.nl\/product\/vaste-planten\/polystichum-setiferum-proliferum-naaldvaren\/#primaryimage\"},\"thumbnailUrl\":\"https:\/\/plantbezorgd.nl\/wp-content\/uploads\/2023\/06\/Polystichum-setiferum-Proliferum-Naaldvaren-1.jpg\",\"datePublished\":\"2023-06-29T07:34:36+00:00\",\"dateModified\":\"2026-04-16T02:33:53+00:00\",\"description\":\"Op zoek naar de Polystichum setiferum 'Proliferum' - Naaldvaren? \u2714 Lage verzendkosten \u2714 Kies je bezorgmoment & locatie \u2714 Groeigarantie!\",\"breadcrumb\":{\"@id\":\"https:\/\/plantbezorgd.nl\/product\/vaste-planten\/polystichum-setiferum-proliferum-naaldvaren\/#breadcrumb\"},\"inLanguage\":\"de\",\"potentialAction\":[{\"@type\":\"ReadAction\",\"target\":[\"https:\/\/plantbezorgd.nl\/product\/vaste-planten\/polystichum-setiferum-proliferum-naaldvaren\/\"]}]},{\"@type\":\"ImageObject\",\"inLanguage\":\"de\",\"@id\":\"https:\/\/plantbezorgd.nl\/product\/vaste-planten\/polystichum-setiferum-proliferum-naaldvaren\/#primaryimage\",\"url\":\"https:\/\/plantbezorgd.nl\/wp-content\/uploads\/2023\/06\/Polystichum-setiferum-Proliferum-Naaldvaren-1.jpg\",\"contentUrl\":\"https:\/\/plantbezorgd.nl\/wp-content\/uploads\/2023\/06\/Polystichum-setiferum-Proliferum-Naaldvaren-1.jpg\",\"width\":1024,\"height\":683,\"caption\":\"Polystichum setiferum Proliferum\"},{\"@type\":\"BreadcrumbList\",\"@id\":\"https:\/\/plantbezorgd.nl\/product\/vaste-planten\/polystichum-setiferum-proliferum-naaldvaren\/#breadcrumb\",\"itemListElement\":[{\"@type\":\"ListItem\",\"position\":1,\"name\":\"Shop\",\"item\":\"https:\/\/plantbezorgd.nl\/shop\/\"},{\"@type\":\"ListItem\",\"position\":2,\"name\":\"Varens\",\"item\":\"https:\/\/plantbezorgd.nl\/product-categorie\/varens\/\"},{\"@type\":\"ListItem\",\"position\":3,\"name\":\"Polystichum setiferum &#8216;Proliferum&#8217; &#8211; Naaldvaren\"}]},{\"@type\":\"WebSite\",\"@id\":\"https:\/\/plantbezorgd.nl\/#website\",\"url\":\"https:\/\/plantbezorgd.nl\/\",\"name\":\"PlantBezorgd\",\"description\":\"Betaalbare kwaliteitsplanten thuisbezorgd!\",\"publisher\":{\"@id\":\"https:\/\/plantbezorgd.nl\/#organization\"},\"potentialAction\":[{\"@type\":\"SearchAction\",\"target\":{\"@type\":\"EntryPoint\",\"urlTemplate\":\"https:\/\/plantbezorgd.nl\/?s={search_term_string}\"},\"query-input\":{\"@type\":\"PropertyValueSpecification\",\"valueRequired\":true,\"valueName\":\"search_term_string\"}}],\"inLanguage\":\"de\"},{\"@type\":\"Organization\",\"@id\":\"https:\/\/plantbezorgd.nl\/#organization\",\"name\":\"PlantBezorgd\",\"url\":\"https:\/\/plantbezorgd.nl\/\",\"logo\":{\"@type\":\"ImageObject\",\"inLanguage\":\"de\",\"@id\":\"https:\/\/plantbezorgd.nl\/#\/schema\/logo\/image\/\",\"url\":\"https:\/\/plantbezorgd.nl\/wp-content\/uploads\/2023\/05\/Logo.svg\",\"contentUrl\":\"https:\/\/plantbezorgd.nl\/wp-content\/uploads\/2023\/05\/Logo.svg\",\"caption\":\"PlantBezorgd\"},\"image\":{\"@id\":\"https:\/\/plantbezorgd.nl\/#\/schema\/logo\/image\/\"}}]}<\/script>\n<!-- \/ Yoast SEO plugin. -->","yoast_head_json":{"title":"Polystichum setiferum 'Proliferum' - Nadelfarn Online kaufen - PlantBezorgd","description":"Sie suchen nach Polystichum setiferum 'Proliferum' - Nadelfarn? \u2714 Niedrige Versandkosten \u2714 W\u00e4hlen Sie Ihren Liefertermin und -ort \u2714 Wachstumsgarantie!","robots":{"index":"index","follow":"follow","max-snippet":"max-snippet:-1","max-image-preview":"max-image-preview:large","max-video-preview":"max-video-preview:-1"},"canonical":"https:\/\/plantbezorgd.nl\/de\/produkt\/stauden-2\/polystichum-setiferum-proliferum-nadelfarn-2\/","og_locale":"de_DE","og_type":"article","og_title":"Polystichum setiferum 'Proliferum' - Naaldvaren Online Kopen - PlantBezorgd","og_description":"Op zoek naar de Polystichum setiferum 'Proliferum' - Naaldvaren? \u2714 Lage verzendkosten \u2714 Kies je bezorgmoment & locatie \u2714 Groeigarantie!","og_url":"https:\/\/plantbezorgd.nl\/de\/produkt\/stauden-2\/polystichum-setiferum-proliferum-nadelfarn-2\/","og_site_name":"PlantBezorgd","article_modified_time":"2026-04-16T02:33:53+00:00","og_image":[{"width":1024,"height":683,"url":"https:\/\/plantbezorgd.nl\/wp-content\/uploads\/2023\/06\/Polystichum-setiferum-Proliferum-Naaldvaren-1.jpg","type":"image\/jpeg"}],"twitter_card":"summary_large_image","twitter_misc":{"Gesch\u00e4tzte Lesezeit":"1\u00a0Minute"},"schema":{"@context":"https:\/\/schema.org","@graph":[{"@type":"WebPage","@id":"https:\/\/plantbezorgd.nl\/product\/vaste-planten\/polystichum-setiferum-proliferum-naaldvaren\/","url":"https:\/\/plantbezorgd.nl\/product\/vaste-planten\/polystichum-setiferum-proliferum-naaldvaren\/","name":"Polystichum setiferum 'Proliferum' - Nadelfarn Online kaufen - PlantBezorgd","isPartOf":{"@id":"https:\/\/plantbezorgd.nl\/#website"},"primaryImageOfPage":{"@id":"https:\/\/plantbezorgd.nl\/product\/vaste-planten\/polystichum-setiferum-proliferum-naaldvaren\/#primaryimage"},"image":{"@id":"https:\/\/plantbezorgd.nl\/product\/vaste-planten\/polystichum-setiferum-proliferum-naaldvaren\/#primaryimage"},"thumbnailUrl":"https:\/\/plantbezorgd.nl\/wp-content\/uploads\/2023\/06\/Polystichum-setiferum-Proliferum-Naaldvaren-1.jpg","datePublished":"2023-06-29T07:34:36+00:00","dateModified":"2026-04-16T02:33:53+00:00","description":"Sie suchen nach Polystichum setiferum 'Proliferum' - Nadelfarn? \u2714 Niedrige Versandkosten \u2714 W\u00e4hlen Sie Ihren Liefertermin und -ort \u2714 Wachstumsgarantie!","breadcrumb":{"@id":"https:\/\/plantbezorgd.nl\/product\/vaste-planten\/polystichum-setiferum-proliferum-naaldvaren\/#breadcrumb"},"inLanguage":"de","potentialAction":[{"@type":"ReadAction","target":["https:\/\/plantbezorgd.nl\/product\/vaste-planten\/polystichum-setiferum-proliferum-naaldvaren\/"]}]},{"@type":"ImageObject","inLanguage":"de","@id":"https:\/\/plantbezorgd.nl\/product\/vaste-planten\/polystichum-setiferum-proliferum-naaldvaren\/#primaryimage","url":"https:\/\/plantbezorgd.nl\/wp-content\/uploads\/2023\/06\/Polystichum-setiferum-Proliferum-Naaldvaren-1.jpg","contentUrl":"https:\/\/plantbezorgd.nl\/wp-content\/uploads\/2023\/06\/Polystichum-setiferum-Proliferum-Naaldvaren-1.jpg","width":1024,"height":683,"caption":"Polystichum setiferum Proliferum"},{"@type":"BreadcrumbList","@id":"https:\/\/plantbezorgd.nl\/product\/vaste-planten\/polystichum-setiferum-proliferum-naaldvaren\/#breadcrumb","itemListElement":[{"@type":"ListItem","position":1,"name":"Shop","item":"https:\/\/plantbezorgd.nl\/shop\/"},{"@type":"ListItem","position":2,"name":"Varens","item":"https:\/\/plantbezorgd.nl\/product-categorie\/varens\/"},{"@type":"ListItem","position":3,"name":"Polystichum setiferum &#8216;Proliferum&#8217; &#8211; Naaldvaren"}]},{"@type":"WebSite","@id":"https:\/\/plantbezorgd.nl\/#website","url":"https:\/\/plantbezorgd.nl\/","name":"PflanzenGeliefert","description":"Erschwingliche Qualit\u00e4tspflanzen direkt zu Ihnen nach Hause geliefert!","publisher":{"@id":"https:\/\/plantbezorgd.nl\/#organization"},"potentialAction":[{"@type":"SearchAction","target":{"@type":"EntryPoint","urlTemplate":"https:\/\/plantbezorgd.nl\/?s={search_term_string}"},"query-input":{"@type":"PropertyValueSpecification","valueRequired":true,"valueName":"search_term_string"}}],"inLanguage":"de"},{"@type":"Organization","@id":"https:\/\/plantbezorgd.nl\/#organization","name":"PflanzenGeliefert","url":"https:\/\/plantbezorgd.nl\/","logo":{"@type":"ImageObject","inLanguage":"de","@id":"https:\/\/plantbezorgd.nl\/#\/schema\/logo\/image\/","url":"https:\/\/plantbezorgd.nl\/wp-content\/uploads\/2023\/05\/Logo.svg","contentUrl":"https:\/\/plantbezorgd.nl\/wp-content\/uploads\/2023\/05\/Logo.svg","caption":"PlantBezorgd"},"image":{"@id":"https:\/\/plantbezorgd.nl\/#\/schema\/logo\/image\/"}}]}},"_links":{"self":[{"href":"https:\/\/plantbezorgd.nl\/de\/wp-json\/wp\/v2\/product\/1538","targetHints":{"allow":["GET"]}}],"collection":[{"href":"https:\/\/plantbezorgd.nl\/de\/wp-json\/wp\/v2\/product"}],"about":[{"href":"https:\/\/plantbezorgd.nl\/de\/wp-json\/wp\/v2\/types\/product"}],"replies":[{"embeddable":true,"href":"https:\/\/plantbezorgd.nl\/de\/wp-json\/wp\/v2\/comments?post=1538"}],"wp:featuredmedia":[{"embeddable":true,"href":"https:\/\/plantbezorgd.nl\/de\/wp-json\/wp\/v2\/media\/79183"}],"wp:attachment":[{"href":"https:\/\/plantbezorgd.nl\/de\/wp-json\/wp\/v2\/media?parent=1538"}],"wp:term":[{"taxonomy":"product_brand","embeddable":true,"href":"https:\/\/plantbezorgd.nl\/de\/wp-json\/wp\/v2\/product_brand?post=1538"},{"taxonomy":"product_cat","embeddable":true,"href":"https:\/\/plantbezorgd.nl\/de\/wp-json\/wp\/v2\/product_cat?post=1538"},{"taxonomy":"product_tag","embeddable":true,"href":"https:\/\/plantbezorgd.nl\/de\/wp-json\/wp\/v2\/product_tag?post=1538"}],"curies":[{"name":"wp","href":"https:\/\/api.w.org\/{rel}","templated":true}]}}