{"id":82,"date":"2023-05-19T11:35:31","date_gmt":"2023-05-19T09:35:31","guid":{"rendered":"https:\/\/plantbezorgd.s01.klik3.dev\/?page_id=82"},"modified":"2024-11-14T09:04:05","modified_gmt":"2024-11-14T08:04:05","slug":"pflanzenfinder-2","status":"publish","type":"page","link":"https:\/\/plantbezorgd.nl\/de\/pflanzenfinder-2\/","title":{"rendered":"Pflanzenfinder"},"content":{"rendered":"<h1 class=\"h3\"><span class=\"text-large\">Finden Sie Ihre perfekte Pflanze!<\/span><\/h1>\n<p class=\"mb-3 mb-lg-5\"><small>Sagen Sie uns, was Sie m\u00f6gen, und wir erledigen den Rest<\/small><\/p>\n<p class=\"double-high text-large\">Ich m\u00f6chte meine neue Gartenpflanze [pa_65a6b470e4755]. [pa_65a6b4a747f07] im Winter pflanzen. Ich werde sie an einen Standort [pa_65a6b4e67f5d1] setzen. Die Pflanze sollte nach 5 Jahren ihre volle H\u00f6he erreichen [pa_65a6b5539c1ba]. Wenn die Pflanze bl\u00fcht, w\u00fcnsche ich mir, dass sie [pa_65a6b5f4961ce] hat.<\/p>\n<button class=\"js-find-plants pf-btn btn btn-secondary my-2 mr-3 disabled\">Sehen Sie sich Ihre neue Pflanze an<\/button><button class=\"js-reset-plants pf-btn btn btn-secondary btn-bordered my-2\" style=\"display: none\">Neu anfangen<\/button>\n<div id=\"gtx-trans\" style=\"position: absolute; left: 770px; top: 272.875px;\">\n<div class=\"gtx-trans-icon\"><\/div>\n<\/div>","protected":false},"excerpt":{"rendered":"<p>Finden Sie Ihre perfekte Pflanze! Teilen Sie uns Ihre W\u00fcnsche mit, und wir k\u00fcmmern uns um den Rest. Ich m\u00f6chte meine neue Gartenpflanze [pa_65a6b470e4755] im Winter [pa_65a6b4a747f07] pflanzen. Ich werde die Pflanze an einen Standort [pa_65a6b4e67f5d1] setzen. Die Pflanze sollte nach 5 Jahren eine H\u00f6he von [pa_65a6b5539c1ba] erreichen. Wenn die Pflanze bl\u00fcht, m\u00f6chte ich [\u2026]<\/p>","protected":false},"author":1,"featured_media":46905,"parent":0,"menu_order":0,"comment_status":"closed","ping_status":"closed","template":"templates\/template-plantfinder.php","meta":{"_acf_changed":false,"iawp_total_views":7645,"footnotes":""},"categories":[],"tags":[],"class_list":["post-82","page","type-page","status-publish","has-post-thumbnail","hentry"],"acf":[],"yoast_head":"<!-- This site is optimized with the Yoast SEO plugin v25.3 - https:\/\/yoast.com\/wordpress\/plugins\/seo\/ -->\n<title>Plantzoeker - PlantBezorgd<\/title>\n<meta name=\"robots\" content=\"index, follow, max-snippet:-1, max-image-preview:large, max-video-preview:-1\" \/>\n<link rel=\"canonical\" href=\"https:\/\/plantbezorgd.nl\/de\/pflanzenfinder-2\/\" \/>\n<meta property=\"og:locale\" content=\"de_DE\" \/>\n<meta property=\"og:type\" content=\"article\" \/>\n<meta property=\"og:title\" content=\"Plantzoeker - PlantBezorgd\" \/>\n<meta property=\"og:description\" content=\"Vind jouw perfecte plant! Vertel ons wat je leuk vindt en wij doen de rest Mijn nieuwe tuinplant wil ik gaan plaatsen [pa_65a6b470e4755]. In de winter [pa_65a6b4a747f07]. Ik ga de plant op een plaats zetten [pa_65a6b4e67f5d1]. De volgroeide hoogte van de plant mag na 5 jaar [pa_65a6b5539c1ba] zijn. Wanneer de plant bloeit dan wil ik [&hellip;]\" \/>\n<meta property=\"og:url\" content=\"https:\/\/plantbezorgd.nl\/de\/pflanzenfinder-2\/\" \/>\n<meta property=\"og:site_name\" content=\"PlantBezorgd\" \/>\n<meta property=\"article:modified_time\" content=\"2024-11-14T08:04:05+00:00\" \/>\n<meta property=\"og:image\" content=\"https:\/\/cdn.plantbezorgd.nl\/wp-content\/uploads\/2024\/01\/medium-shot-smiley-people-with-plants.jpg?strip=all&lossy=1&ssl=1\" \/>\n\t<meta property=\"og:image:width\" content=\"873\" \/>\n\t<meta property=\"og:image:height\" content=\"589\" \/>\n\t<meta property=\"og:image:type\" content=\"image\/jpeg\" \/>\n<meta name=\"twitter:card\" content=\"summary_large_image\" \/>\n<meta name=\"twitter:label1\" content=\"Gesch\u00e4tzte Lesezeit\" \/>\n\t<meta name=\"twitter:data1\" content=\"1\u00a0Minute\" \/>\n<script type=\"application\/ld+json\" class=\"yoast-schema-graph\">{\"@context\":\"https:\/\/schema.org\",\"@graph\":[{\"@type\":\"WebPage\",\"@id\":\"https:\/\/plantbezorgd.nl\/plantzoeker\/\",\"url\":\"https:\/\/plantbezorgd.nl\/plantzoeker\/\",\"name\":\"Plantzoeker - PlantBezorgd\",\"isPartOf\":{\"@id\":\"https:\/\/plantbezorgd.nl\/#website\"},\"primaryImageOfPage\":{\"@id\":\"https:\/\/plantbezorgd.nl\/plantzoeker\/#primaryimage\"},\"image\":{\"@id\":\"https:\/\/plantbezorgd.nl\/plantzoeker\/#primaryimage\"},\"thumbnailUrl\":\"https:\/\/plantbezorgd.nl\/wp-content\/uploads\/2024\/01\/medium-shot-smiley-people-with-plants.jpg\",\"datePublished\":\"2023-05-19T09:35:31+00:00\",\"dateModified\":\"2024-11-14T08:04:05+00:00\",\"inLanguage\":\"de\",\"potentialAction\":[{\"@type\":\"ReadAction\",\"target\":[\"https:\/\/plantbezorgd.nl\/plantzoeker\/\"]}]},{\"@type\":\"ImageObject\",\"inLanguage\":\"de\",\"@id\":\"https:\/\/plantbezorgd.nl\/plantzoeker\/#primaryimage\",\"url\":\"https:\/\/plantbezorgd.nl\/wp-content\/uploads\/2024\/01\/medium-shot-smiley-people-with-plants.jpg\",\"contentUrl\":\"https:\/\/plantbezorgd.nl\/wp-content\/uploads\/2024\/01\/medium-shot-smiley-people-with-plants.jpg\",\"width\":873,\"height\":589},{\"@type\":\"WebSite\",\"@id\":\"https:\/\/plantbezorgd.nl\/#website\",\"url\":\"https:\/\/plantbezorgd.nl\/\",\"name\":\"PlantBezorgd\",\"description\":\"Betaalbare kwaliteitsplanten thuisbezorgd!\",\"publisher\":{\"@id\":\"https:\/\/plantbezorgd.nl\/#organization\"},\"potentialAction\":[{\"@type\":\"SearchAction\",\"target\":{\"@type\":\"EntryPoint\",\"urlTemplate\":\"https:\/\/plantbezorgd.nl\/?s={search_term_string}\"},\"query-input\":{\"@type\":\"PropertyValueSpecification\",\"valueRequired\":true,\"valueName\":\"search_term_string\"}}],\"inLanguage\":\"de\"},{\"@type\":\"Organization\",\"@id\":\"https:\/\/plantbezorgd.nl\/#organization\",\"name\":\"PlantBezorgd\",\"url\":\"https:\/\/plantbezorgd.nl\/\",\"logo\":{\"@type\":\"ImageObject\",\"inLanguage\":\"de\",\"@id\":\"https:\/\/plantbezorgd.nl\/#\/schema\/logo\/image\/\",\"url\":\"https:\/\/plantbezorgd.nl\/wp-content\/uploads\/2023\/05\/Logo.svg\",\"contentUrl\":\"https:\/\/plantbezorgd.nl\/wp-content\/uploads\/2023\/05\/Logo.svg\",\"caption\":\"PlantBezorgd\"},\"image\":{\"@id\":\"https:\/\/plantbezorgd.nl\/#\/schema\/logo\/image\/\"}}]}<\/script>\n<!-- \/ Yoast SEO plugin. -->","yoast_head_json":{"title":"Pflanzenfinder - PlantBezorgd","robots":{"index":"index","follow":"follow","max-snippet":"max-snippet:-1","max-image-preview":"max-image-preview:large","max-video-preview":"max-video-preview:-1"},"canonical":"https:\/\/plantbezorgd.nl\/de\/pflanzenfinder-2\/","og_locale":"de_DE","og_type":"article","og_title":"Plantzoeker - PlantBezorgd","og_description":"Vind jouw perfecte plant! Vertel ons wat je leuk vindt en wij doen de rest Mijn nieuwe tuinplant wil ik gaan plaatsen [pa_65a6b470e4755]. In de winter [pa_65a6b4a747f07]. Ik ga de plant op een plaats zetten [pa_65a6b4e67f5d1]. De volgroeide hoogte van de plant mag na 5 jaar [pa_65a6b5539c1ba] zijn. Wanneer de plant bloeit dan wil ik [&hellip;]","og_url":"https:\/\/plantbezorgd.nl\/de\/pflanzenfinder-2\/","og_site_name":"PlantBezorgd","article_modified_time":"2024-11-14T08:04:05+00:00","og_image":[{"width":873,"height":589,"url":"https:\/\/cdn.plantbezorgd.nl\/wp-content\/uploads\/2024\/01\/medium-shot-smiley-people-with-plants.jpg?strip=all&lossy=1&ssl=1","type":"image\/jpeg"}],"twitter_card":"summary_large_image","twitter_misc":{"Gesch\u00e4tzte Lesezeit":"1\u00a0Minute"},"schema":{"@context":"https:\/\/schema.org","@graph":[{"@type":"WebPage","@id":"https:\/\/plantbezorgd.nl\/plantzoeker\/","url":"https:\/\/plantbezorgd.nl\/plantzoeker\/","name":"Pflanzenfinder - PlantBezorgd","isPartOf":{"@id":"https:\/\/plantbezorgd.nl\/#website"},"primaryImageOfPage":{"@id":"https:\/\/plantbezorgd.nl\/plantzoeker\/#primaryimage"},"image":{"@id":"https:\/\/plantbezorgd.nl\/plantzoeker\/#primaryimage"},"thumbnailUrl":"https:\/\/plantbezorgd.nl\/wp-content\/uploads\/2024\/01\/medium-shot-smiley-people-with-plants.jpg","datePublished":"2023-05-19T09:35:31+00:00","dateModified":"2024-11-14T08:04:05+00:00","inLanguage":"de","potentialAction":[{"@type":"ReadAction","target":["https:\/\/plantbezorgd.nl\/plantzoeker\/"]}]},{"@type":"ImageObject","inLanguage":"de","@id":"https:\/\/plantbezorgd.nl\/plantzoeker\/#primaryimage","url":"https:\/\/plantbezorgd.nl\/wp-content\/uploads\/2024\/01\/medium-shot-smiley-people-with-plants.jpg","contentUrl":"https:\/\/plantbezorgd.nl\/wp-content\/uploads\/2024\/01\/medium-shot-smiley-people-with-plants.jpg","width":873,"height":589},{"@type":"WebSite","@id":"https:\/\/plantbezorgd.nl\/#website","url":"https:\/\/plantbezorgd.nl\/","name":"PflanzenGeliefert","description":"Erschwingliche Qualit\u00e4tspflanzen direkt zu Ihnen nach Hause geliefert!","publisher":{"@id":"https:\/\/plantbezorgd.nl\/#organization"},"potentialAction":[{"@type":"SearchAction","target":{"@type":"EntryPoint","urlTemplate":"https:\/\/plantbezorgd.nl\/?s={search_term_string}"},"query-input":{"@type":"PropertyValueSpecification","valueRequired":true,"valueName":"search_term_string"}}],"inLanguage":"de"},{"@type":"Organization","@id":"https:\/\/plantbezorgd.nl\/#organization","name":"PflanzenGeliefert","url":"https:\/\/plantbezorgd.nl\/","logo":{"@type":"ImageObject","inLanguage":"de","@id":"https:\/\/plantbezorgd.nl\/#\/schema\/logo\/image\/","url":"https:\/\/plantbezorgd.nl\/wp-content\/uploads\/2023\/05\/Logo.svg","contentUrl":"https:\/\/plantbezorgd.nl\/wp-content\/uploads\/2023\/05\/Logo.svg","caption":"PlantBezorgd"},"image":{"@id":"https:\/\/plantbezorgd.nl\/#\/schema\/logo\/image\/"}}]}},"_links":{"self":[{"href":"https:\/\/plantbezorgd.nl\/de\/wp-json\/wp\/v2\/pages\/82","targetHints":{"allow":["GET"]}}],"collection":[{"href":"https:\/\/plantbezorgd.nl\/de\/wp-json\/wp\/v2\/pages"}],"about":[{"href":"https:\/\/plantbezorgd.nl\/de\/wp-json\/wp\/v2\/types\/page"}],"author":[{"embeddable":true,"href":"https:\/\/plantbezorgd.nl\/de\/wp-json\/wp\/v2\/users\/1"}],"replies":[{"embeddable":true,"href":"https:\/\/plantbezorgd.nl\/de\/wp-json\/wp\/v2\/comments?post=82"}],"version-history":[{"count":0,"href":"https:\/\/plantbezorgd.nl\/de\/wp-json\/wp\/v2\/pages\/82\/revisions"}],"wp:featuredmedia":[{"embeddable":true,"href":"https:\/\/plantbezorgd.nl\/de\/wp-json\/wp\/v2\/media\/46905"}],"wp:attachment":[{"href":"https:\/\/plantbezorgd.nl\/de\/wp-json\/wp\/v2\/media?parent=82"}],"wp:term":[{"taxonomy":"category","embeddable":true,"href":"https:\/\/plantbezorgd.nl\/de\/wp-json\/wp\/v2\/categories?post=82"},{"taxonomy":"post_tag","embeddable":true,"href":"https:\/\/plantbezorgd.nl\/de\/wp-json\/wp\/v2\/tags?post=82"}],"curies":[{"name":"wp","href":"https:\/\/api.w.org\/{rel}","templated":true}]}}