{"id":80,"date":"2023-05-19T10:54:11","date_gmt":"2023-05-19T08:54:11","guid":{"rendered":"https:\/\/plantbezorgd.s01.klik3.dev\/?page_id=80"},"modified":"2026-02-11T11:24:08","modified_gmt":"2026-02-11T10:24:08","slug":"zahlungsverfahren-2","status":"publish","type":"page","link":"https:\/\/plantbezorgd.nl\/de\/zahlungsverfahren-2\/","title":{"rendered":"Zahlungsm\u00f6glichkeiten"},"content":{"rendered":"<p>Die Bezahlung ist der letzte Schritt einer Bestellung. Bei PlantBezorgd bieten wir verschiedene Zahlungsm\u00f6glichkeiten an, die wir hier alle kurz erl\u00e4utern.<\/p>\n<h4>Wero (ehemals Ideal) \u2013 kostenlos<\/h4>\n<p>Wero, auch bekannt als iDEAL, ist eine weit verbreitete Zahlungsmethode in den Niederlanden. Jeder, der Online-Banking nutzt, kennt sie. Sie bezahlen \u00fcber Ihr eigenes Bankkonto in einer sicheren Umgebung. Eine schnelle, sichere und zuverl\u00e4ssige Zahlungsmethode f\u00fcr alle in den Niederlanden.<\/p>\n<h4>Klarna - geb\u00fchrenfrei<\/h4>\n<p>Mit Klarna k\u00f6nnen Sie im Nachhinein \u00fcber die Klarna App oder den Zahlungslink, den Sie per E-Mail von Klarna erhalten, bezahlen. Jetzt kaufen, sp\u00e4ter bezahlen.<\/p>\n<h4>Paypal - geb\u00fchrenfrei<\/h4>\n<p>Paypal ist ein weltweites Zahlungssystem. Es ist sehr praktisch, weil Sie schnell Geld \u00fcberweisen k\u00f6nnen, ohne alle Ihre Zahlungsdaten zur Hand haben zu m\u00fcssen. Sie m\u00fcssen allerdings ein Konto bei Paypal einrichten. Weitere Informationen finden Sie auf der Website von\u00a0<a href=\"https:\/\/www.paypal.com\/nl\/webapps\/mpp\/personal\">Paypal<\/a>.<\/p>\n<h4>Bancontact - geb\u00fchrenfrei<\/h4>\n<p>\u00dcber die belgische Bancontact - Mister Cash, k\u00f6nnen Sie auch einfach und sicher aus Belgien bei PlantBezorgd bezahlen. Ihre Bestellung wird innerhalb von 1-4 Werktagen zu Ihnen nach Hause geliefert.<\/p>\n<h4>Mastercard - geb\u00fchrenfrei<\/h4>\n<p><strong>\u00a0<\/strong>Bei PlantBezorgd k\u00f6nnen Sie einfach mit Ihrer Kreditkarte bezahlen. Wir akzeptieren Karten von mehreren Unternehmen, darunter MasterCard.<\/p>\n<h4>Visum - geb\u00fchrenfrei<\/h4>\n<p><strong>\u00a0<\/strong>Bei PlantBezorgd k\u00f6nnen Sie einfach mit Ihrer Kreditkarte bezahlen. Wir akzeptieren Karten von mehreren Unternehmen, darunter Visa.<\/p>\n<h4>American Express - geb\u00fchrenfrei<\/h4>\n<p>Bei PlantBezorgd k\u00f6nnen Sie einfach mit Ihrer Kreditkarte bezahlen. Wir akzeptieren Karten von verschiedenen Unternehmen, darunter American Express.<\/p>\n<p>&nbsp;<\/p>","protected":false},"excerpt":{"rendered":"<p>Betalen vormt de laatste stap bij het plaatsen van een bestelling. Bij PlantBezorgd bieden wij je verschillende betaalmogelijkheden aan die we hier allemaal even kort toelichten. Wero (voorheen Ideal) \u2013 gratis Wero, ook wel bekend als Ideal is een breed geaccepteerde betaalmethode in Nederland. Iedereen die aan internetbankieren doet is er mee vertrouwd. Je betaald [&hellip;]<\/p>","protected":false},"author":1,"featured_media":0,"parent":0,"menu_order":0,"comment_status":"closed","ping_status":"closed","template":"","meta":{"_acf_changed":false,"iawp_total_views":527,"footnotes":""},"categories":[],"tags":[],"class_list":["post-80","page","type-page","status-publish","hentry"],"acf":[],"yoast_head":"<!-- This site is optimized with the Yoast SEO plugin v25.3 - https:\/\/yoast.com\/wordpress\/plugins\/seo\/ -->\n<title>Betalingsmethodes - PlantBezorgd<\/title>\n<meta name=\"robots\" content=\"index, follow, max-snippet:-1, max-image-preview:large, max-video-preview:-1\" \/>\n<link rel=\"canonical\" href=\"https:\/\/plantbezorgd.nl\/de\/zahlungsverfahren-2\/\" \/>\n<meta property=\"og:locale\" content=\"de_DE\" \/>\n<meta property=\"og:type\" content=\"article\" \/>\n<meta property=\"og:title\" content=\"Betalingsmethodes - PlantBezorgd\" \/>\n<meta property=\"og:description\" content=\"Betalen vormt de laatste stap bij het plaatsen van een bestelling. Bij PlantBezorgd bieden wij je verschillende betaalmogelijkheden aan die we hier allemaal even kort toelichten. Wero (voorheen Ideal) \u2013 gratis Wero, ook wel bekend als Ideal is een breed geaccepteerde betaalmethode in Nederland. Iedereen die aan internetbankieren doet is er mee vertrouwd. Je betaald [&hellip;]\" \/>\n<meta property=\"og:url\" content=\"https:\/\/plantbezorgd.nl\/de\/zahlungsverfahren-2\/\" \/>\n<meta property=\"og:site_name\" content=\"PlantBezorgd\" \/>\n<meta property=\"article:modified_time\" content=\"2026-02-11T10:24:08+00:00\" \/>\n<meta name=\"twitter:card\" content=\"summary_large_image\" \/>\n<meta name=\"twitter:label1\" content=\"Gesch\u00e4tzte Lesezeit\" \/>\n\t<meta name=\"twitter:data1\" content=\"2\u00a0Minuten\" \/>\n<script type=\"application\/ld+json\" class=\"yoast-schema-graph\">{\"@context\":\"https:\/\/schema.org\",\"@graph\":[{\"@type\":\"WebPage\",\"@id\":\"https:\/\/plantbezorgd.nl\/betalingsmethodes\/\",\"url\":\"https:\/\/plantbezorgd.nl\/betalingsmethodes\/\",\"name\":\"Betalingsmethodes - PlantBezorgd\",\"isPartOf\":{\"@id\":\"https:\/\/plantbezorgd.nl\/#website\"},\"datePublished\":\"2023-05-19T08:54:11+00:00\",\"dateModified\":\"2026-02-11T10:24:08+00:00\",\"inLanguage\":\"de\",\"potentialAction\":[{\"@type\":\"ReadAction\",\"target\":[\"https:\/\/plantbezorgd.nl\/betalingsmethodes\/\"]}]},{\"@type\":\"WebSite\",\"@id\":\"https:\/\/plantbezorgd.nl\/#website\",\"url\":\"https:\/\/plantbezorgd.nl\/\",\"name\":\"PlantBezorgd\",\"description\":\"Betaalbare kwaliteitsplanten thuisbezorgd!\",\"publisher\":{\"@id\":\"https:\/\/plantbezorgd.nl\/#organization\"},\"potentialAction\":[{\"@type\":\"SearchAction\",\"target\":{\"@type\":\"EntryPoint\",\"urlTemplate\":\"https:\/\/plantbezorgd.nl\/?s={search_term_string}\"},\"query-input\":{\"@type\":\"PropertyValueSpecification\",\"valueRequired\":true,\"valueName\":\"search_term_string\"}}],\"inLanguage\":\"de\"},{\"@type\":\"Organization\",\"@id\":\"https:\/\/plantbezorgd.nl\/#organization\",\"name\":\"PlantBezorgd\",\"url\":\"https:\/\/plantbezorgd.nl\/\",\"logo\":{\"@type\":\"ImageObject\",\"inLanguage\":\"de\",\"@id\":\"https:\/\/plantbezorgd.nl\/#\/schema\/logo\/image\/\",\"url\":\"https:\/\/plantbezorgd.nl\/wp-content\/uploads\/2023\/05\/Logo.svg\",\"contentUrl\":\"https:\/\/plantbezorgd.nl\/wp-content\/uploads\/2023\/05\/Logo.svg\",\"caption\":\"PlantBezorgd\"},\"image\":{\"@id\":\"https:\/\/plantbezorgd.nl\/#\/schema\/logo\/image\/\"}}]}<\/script>\n<!-- \/ Yoast SEO plugin. -->","yoast_head_json":{"title":"Zahlungsm\u00f6glichkeiten - PlantBezorgd","robots":{"index":"index","follow":"follow","max-snippet":"max-snippet:-1","max-image-preview":"max-image-preview:large","max-video-preview":"max-video-preview:-1"},"canonical":"https:\/\/plantbezorgd.nl\/de\/zahlungsverfahren-2\/","og_locale":"de_DE","og_type":"article","og_title":"Betalingsmethodes - PlantBezorgd","og_description":"Betalen vormt de laatste stap bij het plaatsen van een bestelling. Bij PlantBezorgd bieden wij je verschillende betaalmogelijkheden aan die we hier allemaal even kort toelichten. Wero (voorheen Ideal) \u2013 gratis Wero, ook wel bekend als Ideal is een breed geaccepteerde betaalmethode in Nederland. Iedereen die aan internetbankieren doet is er mee vertrouwd. Je betaald [&hellip;]","og_url":"https:\/\/plantbezorgd.nl\/de\/zahlungsverfahren-2\/","og_site_name":"PlantBezorgd","article_modified_time":"2026-02-11T10:24:08+00:00","twitter_card":"summary_large_image","twitter_misc":{"Gesch\u00e4tzte Lesezeit":"2\u00a0Minuten"},"schema":{"@context":"https:\/\/schema.org","@graph":[{"@type":"WebPage","@id":"https:\/\/plantbezorgd.nl\/betalingsmethodes\/","url":"https:\/\/plantbezorgd.nl\/betalingsmethodes\/","name":"Zahlungsm\u00f6glichkeiten - PlantBezorgd","isPartOf":{"@id":"https:\/\/plantbezorgd.nl\/#website"},"datePublished":"2023-05-19T08:54:11+00:00","dateModified":"2026-02-11T10:24:08+00:00","inLanguage":"de","potentialAction":[{"@type":"ReadAction","target":["https:\/\/plantbezorgd.nl\/betalingsmethodes\/"]}]},{"@type":"WebSite","@id":"https:\/\/plantbezorgd.nl\/#website","url":"https:\/\/plantbezorgd.nl\/","name":"PflanzenGeliefert","description":"Erschwingliche Qualit\u00e4tspflanzen direkt zu Ihnen nach Hause geliefert!","publisher":{"@id":"https:\/\/plantbezorgd.nl\/#organization"},"potentialAction":[{"@type":"SearchAction","target":{"@type":"EntryPoint","urlTemplate":"https:\/\/plantbezorgd.nl\/?s={search_term_string}"},"query-input":{"@type":"PropertyValueSpecification","valueRequired":true,"valueName":"search_term_string"}}],"inLanguage":"de"},{"@type":"Organization","@id":"https:\/\/plantbezorgd.nl\/#organization","name":"PflanzenGeliefert","url":"https:\/\/plantbezorgd.nl\/","logo":{"@type":"ImageObject","inLanguage":"de","@id":"https:\/\/plantbezorgd.nl\/#\/schema\/logo\/image\/","url":"https:\/\/plantbezorgd.nl\/wp-content\/uploads\/2023\/05\/Logo.svg","contentUrl":"https:\/\/plantbezorgd.nl\/wp-content\/uploads\/2023\/05\/Logo.svg","caption":"PlantBezorgd"},"image":{"@id":"https:\/\/plantbezorgd.nl\/#\/schema\/logo\/image\/"}}]}},"_links":{"self":[{"href":"https:\/\/plantbezorgd.nl\/de\/wp-json\/wp\/v2\/pages\/80","targetHints":{"allow":["GET"]}}],"collection":[{"href":"https:\/\/plantbezorgd.nl\/de\/wp-json\/wp\/v2\/pages"}],"about":[{"href":"https:\/\/plantbezorgd.nl\/de\/wp-json\/wp\/v2\/types\/page"}],"author":[{"embeddable":true,"href":"https:\/\/plantbezorgd.nl\/de\/wp-json\/wp\/v2\/users\/1"}],"replies":[{"embeddable":true,"href":"https:\/\/plantbezorgd.nl\/de\/wp-json\/wp\/v2\/comments?post=80"}],"version-history":[{"count":3,"href":"https:\/\/plantbezorgd.nl\/de\/wp-json\/wp\/v2\/pages\/80\/revisions"}],"predecessor-version":[{"id":79455,"href":"https:\/\/plantbezorgd.nl\/de\/wp-json\/wp\/v2\/pages\/80\/revisions\/79455"}],"wp:attachment":[{"href":"https:\/\/plantbezorgd.nl\/de\/wp-json\/wp\/v2\/media?parent=80"}],"wp:term":[{"taxonomy":"category","embeddable":true,"href":"https:\/\/plantbezorgd.nl\/de\/wp-json\/wp\/v2\/categories?post=80"},{"taxonomy":"post_tag","embeddable":true,"href":"https:\/\/plantbezorgd.nl\/de\/wp-json\/wp\/v2\/tags?post=80"}],"curies":[{"name":"wp","href":"https:\/\/api.w.org\/{rel}","templated":true}]}}