{"id":77,"date":"2023-05-19T10:53:37","date_gmt":"2023-05-19T08:53:37","guid":{"rendered":"https:\/\/plantbezorgd.s01.klik3.dev\/?page_id=77"},"modified":"2026-03-03T11:14:54","modified_gmt":"2026-03-03T10:14:54","slug":"lieferung-2","status":"publish","type":"page","link":"https:\/\/plantbezorgd.nl\/de\/lieferung-2\/","title":{"rendered":"Lieferung &amp; Kosten"},"content":{"rendered":"<p>Wir versenden in ganz Deutschland, Niederlande, Belgien und Frankreich innerhalb der auf der Produktseite angegebenen Lieferzeit, die je nach Pflanzensorte variieren kann. Die voraussichtliche Lieferzeit wird auf der Checkout-Seite angezeigt.<\/p>\n<p>Wenn Sie Ihre Bestellung sp\u00e4ter erhalten m\u00f6chten, k\u00f6nnen Sie dies im Kommentarfeld angeben oder uns nach der Bestellung eine E-Mail schicken. Wir k\u00f6nnen dann einen f\u00fcr Sie passenden Liefertermin vereinbaren. Wenn Sie Ihre Bestellung fr\u00fcher erhalten m\u00f6chten, kontaktieren Sie uns bitte unter info@plantbezorgd.nl, damit wir die m\u00f6gliche Lieferzeit pr\u00fcfen k\u00f6nnen.<\/p>\n<p>&nbsp;<\/p>\n<h4>W\u00e4hlen Sie selbst IHren bevorzugten Lieferort<\/h4>\n<p>Wir k\u00f6nnen f\u00fcr Sie angeben, wo der Zusteller die Sendung im Haus platzieren kann, falls Sie nicht zu Hause sind. Nat\u00fcrlich haben Sie auch die M\u00f6glichkeit, Ihre Bestellung bei einer DPD-Servicestelle oder bei PlantBezorgd abzuholen.<\/p>\n<h4><\/h4>\n<h4>DPD UND DHL<\/h4>\n<p>Wir versenden alle Bestellungen \u00fcber DPD &amp; DHL. Die Bestellung wird mit Sorgfalt und Liebe so naturfreundlich wie m\u00f6glich in Kartons verpackt. Gr\u00f6\u00dfere Bestellungen liefern wir in Absprache mit dem Kunden in Boxpaletten mit Spezialtransport oder mit unserem eigenen Transport. Auf diese Weise ist die Qualit\u00e4t der Produkte w\u00e4hrend des Transports gew\u00e4hrleistet. Sobald die Bestellung versandfertig ist, erhalten Sie von uns eine E-Mail, in der wir Sie dar\u00fcber informieren, dass Ihre Bestellung am n\u00e4chsten Tag geliefert wird. Pflanzen sind lebendig, daher bem\u00fchen wir uns, die Pflanzen so schnell wie m\u00f6glich zu liefern, um Sch\u00e4den zu vermeiden.<\/p>\n<h4>DPD-Abholstelle<\/h4>\n<p>Wenn Sie f\u00fcr die Lieferung nicht zu Hause bleiben k\u00f6nnen oder wollen, k\u00f6nnen Sie ganz einfach eine DPD Abholstelle in Ihrer N\u00e4he ausw\u00e4hlen. Sie erhalten eine E-Mail, sobald die Bestellung dort f\u00fcr Sie bereitsteht, und k\u00f6nnen sie zu einem f\u00fcr Sie passenden Zeitpunkt (innerhalb der \u00d6ffnungszeiten des Gesch\u00e4fts) abholen.<\/p>\n<p>Siehe\u00a0<a href=\"https:\/\/www.dpd.com\/nl\/nl\/ontvangen\/afhaalpunten\/\" target=\"_blank\" rel=\"noopener\"><u>hier<\/u><\/a>\u00a0f\u00fcr eine Abholstelle in Ihrer N\u00e4he.<\/p>\n<h4>Kosten der Lieferung<\/h4>\n<p>Der Versand in die Niederlande (einschlie\u00dflich der Watteninseln) kostet ab 495 \u20ac. <strong>kostenlos<\/strong>Im Folgenden wird ein Standardversandpreis von 7,95 \u20ac berechnet.<\/p>\n<p>F\u00fcr Bestellungen innerhalb Belgiens betr\u00e4gt die Versandgeb\u00fchr 9,95 \u20ac. Bestellungen \u00fcber 495 \u20ac werden innerhalb Belgiens versandkostenfrei geliefert.<\/p>\n<p>Bei Lieferungen nach Deutschland werden die Versandkosten automatisch im Warenkorb berechnet; der Startpreis f\u00fcr den Versand betr\u00e4gt 9,95 \u20ac.<\/p>\n<p>F\u00fcr den Versand nach Frankreich werden die Versandkosten automatisch in der Kaufabwicklung berechnet, der Startpreis f\u00fcr den Versand betr\u00e4gt 24,95 \u20ac.<\/p>\n<p>&nbsp;<\/p>\n<p>&nbsp;<\/p>\n<p>Die Lieferung in andere L\u00e4nder erfolgt nach Vereinbarung, bitte senden Sie eine E-Mail an info@plantbezorgd.nl.<\/p>\n<h4>Sammeln bei PlantBezorgd<\/h4>\n<p>Sie k\u00f6nnen Ihre Bestellung, die Sie \u00fcber den Webshop aufgegeben haben, auch in unserem Gesch\u00e4ft in Molenschot abholen. Sobald Ihre Bestellung abholbereit ist, erhalten Sie von uns eine E-Mail, in der wir Sie dar\u00fcber informieren, dass Sie sie abholen k\u00f6nnen. Wenn Sie einen Wunschtag f\u00fcr die Abholung haben, geben Sie dies bitte im Kommentarfeld Ihrer Bestellung an.<\/p>","protected":false},"excerpt":{"rendered":"<p>Wij verzenden door heel Nederland, Belgi\u00eb, Frankrijk &amp; Duitsland binnen de op de productpagina aangegeven levertijd, deze kan per plantsoort verschillen. De verwachtte levertijd wordt getoond op de afrekenpagina. Wanneer je de bestelling later wenst te ontvangen, dan kan je dit in het opmerkingenveld aangeven, of ons hierover een e-mail sturen na het plaatsen van [&hellip;]<\/p>","protected":false},"author":1,"featured_media":0,"parent":0,"menu_order":0,"comment_status":"closed","ping_status":"closed","template":"","meta":{"_acf_changed":false,"iawp_total_views":2893,"footnotes":""},"categories":[],"tags":[],"class_list":["post-77","page","type-page","status-publish","hentry"],"acf":[],"yoast_head":"<!-- This site is optimized with the Yoast SEO plugin v25.3 - https:\/\/yoast.com\/wordpress\/plugins\/seo\/ -->\n<title>Bezorging &amp; Kosten - PlantBezorgd<\/title>\n<meta name=\"robots\" content=\"index, follow, max-snippet:-1, max-image-preview:large, max-video-preview:-1\" \/>\n<link rel=\"canonical\" href=\"https:\/\/plantbezorgd.nl\/de\/lieferung-2\/\" \/>\n<meta property=\"og:locale\" content=\"de_DE\" \/>\n<meta property=\"og:type\" content=\"article\" \/>\n<meta property=\"og:title\" content=\"Bezorging &amp; Kosten - PlantBezorgd\" \/>\n<meta property=\"og:description\" content=\"Wij verzenden door heel Nederland, Belgi\u00eb, Frankrijk &amp; Duitsland binnen de op de productpagina aangegeven levertijd, deze kan per plantsoort verschillen. De verwachtte levertijd wordt getoond op de afrekenpagina. Wanneer je de bestelling later wenst te ontvangen, dan kan je dit in het opmerkingenveld aangeven, of ons hierover een e-mail sturen na het plaatsen van [&hellip;]\" \/>\n<meta property=\"og:url\" content=\"https:\/\/plantbezorgd.nl\/de\/lieferung-2\/\" \/>\n<meta property=\"og:site_name\" content=\"PlantBezorgd\" \/>\n<meta property=\"article:modified_time\" content=\"2026-03-03T10:14:54+00:00\" \/>\n<meta name=\"twitter:card\" content=\"summary_large_image\" \/>\n<meta name=\"twitter:label1\" content=\"Gesch\u00e4tzte Lesezeit\" \/>\n\t<meta name=\"twitter:data1\" content=\"3\u00a0Minuten\" \/>\n<script type=\"application\/ld+json\" class=\"yoast-schema-graph\">{\"@context\":\"https:\/\/schema.org\",\"@graph\":[{\"@type\":\"WebPage\",\"@id\":\"https:\/\/plantbezorgd.nl\/bezorging\/\",\"url\":\"https:\/\/plantbezorgd.nl\/bezorging\/\",\"name\":\"Bezorging & Kosten - PlantBezorgd\",\"isPartOf\":{\"@id\":\"https:\/\/plantbezorgd.nl\/#website\"},\"datePublished\":\"2023-05-19T08:53:37+00:00\",\"dateModified\":\"2026-03-03T10:14:54+00:00\",\"inLanguage\":\"de\",\"potentialAction\":[{\"@type\":\"ReadAction\",\"target\":[\"https:\/\/plantbezorgd.nl\/bezorging\/\"]}]},{\"@type\":\"WebSite\",\"@id\":\"https:\/\/plantbezorgd.nl\/#website\",\"url\":\"https:\/\/plantbezorgd.nl\/\",\"name\":\"PlantBezorgd\",\"description\":\"Betaalbare kwaliteitsplanten thuisbezorgd!\",\"publisher\":{\"@id\":\"https:\/\/plantbezorgd.nl\/#organization\"},\"potentialAction\":[{\"@type\":\"SearchAction\",\"target\":{\"@type\":\"EntryPoint\",\"urlTemplate\":\"https:\/\/plantbezorgd.nl\/?s={search_term_string}\"},\"query-input\":{\"@type\":\"PropertyValueSpecification\",\"valueRequired\":true,\"valueName\":\"search_term_string\"}}],\"inLanguage\":\"de\"},{\"@type\":\"Organization\",\"@id\":\"https:\/\/plantbezorgd.nl\/#organization\",\"name\":\"PlantBezorgd\",\"url\":\"https:\/\/plantbezorgd.nl\/\",\"logo\":{\"@type\":\"ImageObject\",\"inLanguage\":\"de\",\"@id\":\"https:\/\/plantbezorgd.nl\/#\/schema\/logo\/image\/\",\"url\":\"https:\/\/plantbezorgd.nl\/wp-content\/uploads\/2023\/05\/Logo.svg\",\"contentUrl\":\"https:\/\/plantbezorgd.nl\/wp-content\/uploads\/2023\/05\/Logo.svg\",\"caption\":\"PlantBezorgd\"},\"image\":{\"@id\":\"https:\/\/plantbezorgd.nl\/#\/schema\/logo\/image\/\"}}]}<\/script>\n<!-- \/ Yoast SEO plugin. -->","yoast_head_json":{"title":"Lieferung &amp; Kosten - PlantBezorgd","robots":{"index":"index","follow":"follow","max-snippet":"max-snippet:-1","max-image-preview":"max-image-preview:large","max-video-preview":"max-video-preview:-1"},"canonical":"https:\/\/plantbezorgd.nl\/de\/lieferung-2\/","og_locale":"de_DE","og_type":"article","og_title":"Bezorging & Kosten - PlantBezorgd","og_description":"Wij verzenden door heel Nederland, Belgi\u00eb, Frankrijk &amp; Duitsland binnen de op de productpagina aangegeven levertijd, deze kan per plantsoort verschillen. De verwachtte levertijd wordt getoond op de afrekenpagina. Wanneer je de bestelling later wenst te ontvangen, dan kan je dit in het opmerkingenveld aangeven, of ons hierover een e-mail sturen na het plaatsen van [&hellip;]","og_url":"https:\/\/plantbezorgd.nl\/de\/lieferung-2\/","og_site_name":"PlantBezorgd","article_modified_time":"2026-03-03T10:14:54+00:00","twitter_card":"summary_large_image","twitter_misc":{"Gesch\u00e4tzte Lesezeit":"3\u00a0Minuten"},"schema":{"@context":"https:\/\/schema.org","@graph":[{"@type":"WebPage","@id":"https:\/\/plantbezorgd.nl\/bezorging\/","url":"https:\/\/plantbezorgd.nl\/bezorging\/","name":"Lieferung &amp; Kosten - PlantBezorgd","isPartOf":{"@id":"https:\/\/plantbezorgd.nl\/#website"},"datePublished":"2023-05-19T08:53:37+00:00","dateModified":"2026-03-03T10:14:54+00:00","inLanguage":"de","potentialAction":[{"@type":"ReadAction","target":["https:\/\/plantbezorgd.nl\/bezorging\/"]}]},{"@type":"WebSite","@id":"https:\/\/plantbezorgd.nl\/#website","url":"https:\/\/plantbezorgd.nl\/","name":"PflanzenGeliefert","description":"Erschwingliche Qualit\u00e4tspflanzen direkt zu Ihnen nach Hause geliefert!","publisher":{"@id":"https:\/\/plantbezorgd.nl\/#organization"},"potentialAction":[{"@type":"SearchAction","target":{"@type":"EntryPoint","urlTemplate":"https:\/\/plantbezorgd.nl\/?s={search_term_string}"},"query-input":{"@type":"PropertyValueSpecification","valueRequired":true,"valueName":"search_term_string"}}],"inLanguage":"de"},{"@type":"Organization","@id":"https:\/\/plantbezorgd.nl\/#organization","name":"PflanzenGeliefert","url":"https:\/\/plantbezorgd.nl\/","logo":{"@type":"ImageObject","inLanguage":"de","@id":"https:\/\/plantbezorgd.nl\/#\/schema\/logo\/image\/","url":"https:\/\/plantbezorgd.nl\/wp-content\/uploads\/2023\/05\/Logo.svg","contentUrl":"https:\/\/plantbezorgd.nl\/wp-content\/uploads\/2023\/05\/Logo.svg","caption":"PlantBezorgd"},"image":{"@id":"https:\/\/plantbezorgd.nl\/#\/schema\/logo\/image\/"}}]}},"_links":{"self":[{"href":"https:\/\/plantbezorgd.nl\/de\/wp-json\/wp\/v2\/pages\/77","targetHints":{"allow":["GET"]}}],"collection":[{"href":"https:\/\/plantbezorgd.nl\/de\/wp-json\/wp\/v2\/pages"}],"about":[{"href":"https:\/\/plantbezorgd.nl\/de\/wp-json\/wp\/v2\/types\/page"}],"author":[{"embeddable":true,"href":"https:\/\/plantbezorgd.nl\/de\/wp-json\/wp\/v2\/users\/1"}],"replies":[{"embeddable":true,"href":"https:\/\/plantbezorgd.nl\/de\/wp-json\/wp\/v2\/comments?post=77"}],"version-history":[{"count":8,"href":"https:\/\/plantbezorgd.nl\/de\/wp-json\/wp\/v2\/pages\/77\/revisions"}],"predecessor-version":[{"id":79859,"href":"https:\/\/plantbezorgd.nl\/de\/wp-json\/wp\/v2\/pages\/77\/revisions\/79859"}],"wp:attachment":[{"href":"https:\/\/plantbezorgd.nl\/de\/wp-json\/wp\/v2\/media?parent=77"}],"wp:term":[{"taxonomy":"category","embeddable":true,"href":"https:\/\/plantbezorgd.nl\/de\/wp-json\/wp\/v2\/categories?post=77"},{"taxonomy":"post_tag","embeddable":true,"href":"https:\/\/plantbezorgd.nl\/de\/wp-json\/wp\/v2\/tags?post=77"}],"curies":[{"name":"wp","href":"https:\/\/api.w.org\/{rel}","templated":true}]}}