{"id":75450,"date":"2025-07-17T13:28:34","date_gmt":"2025-07-17T11:28:34","guid":{"rendered":"https:\/\/plantbezorgd.nl\/?page_id=75450"},"modified":"2025-07-17T13:28:34","modified_gmt":"2025-07-17T11:28:34","slug":"sommerschliesung","status":"publish","type":"page","link":"https:\/\/plantbezorgd.nl\/de\/sommerschliesung\/","title":{"rendered":"Sommerschlie\u00dfung"},"content":{"rendered":"<p>Wir haben vom 17. Juli bis einschlie\u00dflich Sonntag, den 3. August, geschlossen. Bestellungen k\u00f6nnen Sie in der Zwischenzeit trotzdem aufgeben. Ab einem Einkaufswert von 75 \u20ac erhalten Sie automatisch einen Eimer D\u00fcnger im Wert von 7,95 \u20ac gratis dazu. Dieser wird Ihrem Warenkorb automatisch hinzugef\u00fcgt, sobald Sie diesen Betrag erreicht haben. Die Auslieferung aller Bestellungen beginnt in der Woche ab Montag, dem 4. August.<\/p>","protected":false},"excerpt":{"rendered":"<p>Van 17 juli tot en met zondag 3 augustus zijn wij gesloten. Je kan in de tussentijd gewoon je bestelling plaatsen, bij besteding van \u20ac75,- ontvang je automatisch een emmer meststof twv \u20ac7,95. Deze wordt automatisch toegevoegd aan je winkelmand zodra je dit bedrag hebt bereikt. Wij zullen alle bestellingen gaan uitleveren in de week [&hellip;]<\/p>","protected":false},"author":2,"featured_media":0,"parent":0,"menu_order":0,"comment_status":"closed","ping_status":"closed","template":"","meta":{"_acf_changed":false,"iawp_total_views":46,"footnotes":""},"categories":[],"tags":[],"class_list":["post-75450","page","type-page","status-publish","hentry"],"acf":[],"yoast_head":"<!-- This site is optimized with the Yoast SEO plugin v25.3 - https:\/\/yoast.com\/wordpress\/plugins\/seo\/ -->\n<title>Zomersluiting - PlantBezorgd<\/title>\n<meta name=\"robots\" content=\"index, follow, max-snippet:-1, max-image-preview:large, max-video-preview:-1\" \/>\n<link rel=\"canonical\" href=\"https:\/\/plantbezorgd.nl\/de\/sommerschliesung\/\" \/>\n<meta property=\"og:locale\" content=\"de_DE\" \/>\n<meta property=\"og:type\" content=\"article\" \/>\n<meta property=\"og:title\" content=\"Zomersluiting - PlantBezorgd\" \/>\n<meta property=\"og:description\" content=\"Van 17 juli tot en met zondag 3 augustus zijn wij gesloten. Je kan in de tussentijd gewoon je bestelling plaatsen, bij besteding van \u20ac75,- ontvang je automatisch een emmer meststof twv \u20ac7,95. Deze wordt automatisch toegevoegd aan je winkelmand zodra je dit bedrag hebt bereikt. Wij zullen alle bestellingen gaan uitleveren in de week [&hellip;]\" \/>\n<meta property=\"og:url\" content=\"https:\/\/plantbezorgd.nl\/de\/sommerschliesung\/\" \/>\n<meta property=\"og:site_name\" content=\"PlantBezorgd\" \/>\n<meta name=\"twitter:card\" content=\"summary_large_image\" \/>\n<meta name=\"twitter:label1\" content=\"Gesch\u00e4tzte Lesezeit\" \/>\n\t<meta name=\"twitter:data1\" content=\"1\u00a0Minute\" \/>\n<script type=\"application\/ld+json\" class=\"yoast-schema-graph\">{\"@context\":\"https:\/\/schema.org\",\"@graph\":[{\"@type\":\"WebPage\",\"@id\":\"https:\/\/plantbezorgd.nl\/zomersluiting\/\",\"url\":\"https:\/\/plantbezorgd.nl\/zomersluiting\/\",\"name\":\"Zomersluiting - PlantBezorgd\",\"isPartOf\":{\"@id\":\"https:\/\/plantbezorgd.nl\/#website\"},\"datePublished\":\"2025-07-17T11:28:34+00:00\",\"inLanguage\":\"de\",\"potentialAction\":[{\"@type\":\"ReadAction\",\"target\":[\"https:\/\/plantbezorgd.nl\/zomersluiting\/\"]}]},{\"@type\":\"WebSite\",\"@id\":\"https:\/\/plantbezorgd.nl\/#website\",\"url\":\"https:\/\/plantbezorgd.nl\/\",\"name\":\"PlantBezorgd\",\"description\":\"Betaalbare kwaliteitsplanten thuisbezorgd!\",\"publisher\":{\"@id\":\"https:\/\/plantbezorgd.nl\/#organization\"},\"potentialAction\":[{\"@type\":\"SearchAction\",\"target\":{\"@type\":\"EntryPoint\",\"urlTemplate\":\"https:\/\/plantbezorgd.nl\/?s={search_term_string}\"},\"query-input\":{\"@type\":\"PropertyValueSpecification\",\"valueRequired\":true,\"valueName\":\"search_term_string\"}}],\"inLanguage\":\"de\"},{\"@type\":\"Organization\",\"@id\":\"https:\/\/plantbezorgd.nl\/#organization\",\"name\":\"PlantBezorgd\",\"url\":\"https:\/\/plantbezorgd.nl\/\",\"logo\":{\"@type\":\"ImageObject\",\"inLanguage\":\"de\",\"@id\":\"https:\/\/plantbezorgd.nl\/#\/schema\/logo\/image\/\",\"url\":\"https:\/\/plantbezorgd.nl\/wp-content\/uploads\/2023\/05\/Logo.svg\",\"contentUrl\":\"https:\/\/plantbezorgd.nl\/wp-content\/uploads\/2023\/05\/Logo.svg\",\"caption\":\"PlantBezorgd\"},\"image\":{\"@id\":\"https:\/\/plantbezorgd.nl\/#\/schema\/logo\/image\/\"}}]}<\/script>\n<!-- \/ Yoast SEO plugin. -->","yoast_head_json":{"title":"Sommerpause - PlantBezorgd","robots":{"index":"index","follow":"follow","max-snippet":"max-snippet:-1","max-image-preview":"max-image-preview:large","max-video-preview":"max-video-preview:-1"},"canonical":"https:\/\/plantbezorgd.nl\/de\/sommerschliesung\/","og_locale":"de_DE","og_type":"article","og_title":"Zomersluiting - PlantBezorgd","og_description":"Van 17 juli tot en met zondag 3 augustus zijn wij gesloten. Je kan in de tussentijd gewoon je bestelling plaatsen, bij besteding van \u20ac75,- ontvang je automatisch een emmer meststof twv \u20ac7,95. Deze wordt automatisch toegevoegd aan je winkelmand zodra je dit bedrag hebt bereikt. Wij zullen alle bestellingen gaan uitleveren in de week [&hellip;]","og_url":"https:\/\/plantbezorgd.nl\/de\/sommerschliesung\/","og_site_name":"PlantBezorgd","twitter_card":"summary_large_image","twitter_misc":{"Gesch\u00e4tzte Lesezeit":"1\u00a0Minute"},"schema":{"@context":"https:\/\/schema.org","@graph":[{"@type":"WebPage","@id":"https:\/\/plantbezorgd.nl\/zomersluiting\/","url":"https:\/\/plantbezorgd.nl\/zomersluiting\/","name":"Sommerpause - PlantBezorgd","isPartOf":{"@id":"https:\/\/plantbezorgd.nl\/#website"},"datePublished":"2025-07-17T11:28:34+00:00","inLanguage":"de","potentialAction":[{"@type":"ReadAction","target":["https:\/\/plantbezorgd.nl\/zomersluiting\/"]}]},{"@type":"WebSite","@id":"https:\/\/plantbezorgd.nl\/#website","url":"https:\/\/plantbezorgd.nl\/","name":"PflanzenGeliefert","description":"Erschwingliche Qualit\u00e4tspflanzen direkt zu Ihnen nach Hause geliefert!","publisher":{"@id":"https:\/\/plantbezorgd.nl\/#organization"},"potentialAction":[{"@type":"SearchAction","target":{"@type":"EntryPoint","urlTemplate":"https:\/\/plantbezorgd.nl\/?s={search_term_string}"},"query-input":{"@type":"PropertyValueSpecification","valueRequired":true,"valueName":"search_term_string"}}],"inLanguage":"de"},{"@type":"Organization","@id":"https:\/\/plantbezorgd.nl\/#organization","name":"PflanzenGeliefert","url":"https:\/\/plantbezorgd.nl\/","logo":{"@type":"ImageObject","inLanguage":"de","@id":"https:\/\/plantbezorgd.nl\/#\/schema\/logo\/image\/","url":"https:\/\/plantbezorgd.nl\/wp-content\/uploads\/2023\/05\/Logo.svg","contentUrl":"https:\/\/plantbezorgd.nl\/wp-content\/uploads\/2023\/05\/Logo.svg","caption":"PlantBezorgd"},"image":{"@id":"https:\/\/plantbezorgd.nl\/#\/schema\/logo\/image\/"}}]}},"_links":{"self":[{"href":"https:\/\/plantbezorgd.nl\/de\/wp-json\/wp\/v2\/pages\/75450","targetHints":{"allow":["GET"]}}],"collection":[{"href":"https:\/\/plantbezorgd.nl\/de\/wp-json\/wp\/v2\/pages"}],"about":[{"href":"https:\/\/plantbezorgd.nl\/de\/wp-json\/wp\/v2\/types\/page"}],"author":[{"embeddable":true,"href":"https:\/\/plantbezorgd.nl\/de\/wp-json\/wp\/v2\/users\/2"}],"replies":[{"embeddable":true,"href":"https:\/\/plantbezorgd.nl\/de\/wp-json\/wp\/v2\/comments?post=75450"}],"version-history":[{"count":1,"href":"https:\/\/plantbezorgd.nl\/de\/wp-json\/wp\/v2\/pages\/75450\/revisions"}],"predecessor-version":[{"id":75451,"href":"https:\/\/plantbezorgd.nl\/de\/wp-json\/wp\/v2\/pages\/75450\/revisions\/75451"}],"wp:attachment":[{"href":"https:\/\/plantbezorgd.nl\/de\/wp-json\/wp\/v2\/media?parent=75450"}],"wp:term":[{"taxonomy":"category","embeddable":true,"href":"https:\/\/plantbezorgd.nl\/de\/wp-json\/wp\/v2\/categories?post=75450"},{"taxonomy":"post_tag","embeddable":true,"href":"https:\/\/plantbezorgd.nl\/de\/wp-json\/wp\/v2\/tags?post=75450"}],"curies":[{"name":"wp","href":"https:\/\/api.w.org\/{rel}","templated":true}]}}