{"id":67,"date":"2023-05-19T10:47:10","date_gmt":"2023-05-19T08:47:10","guid":{"rendered":"https:\/\/plantbezorgd.s01.klik3.dev\/?page_id=67"},"modified":"2024-12-19T08:41:48","modified_gmt":"2024-12-19T07:41:48","slug":"uber-pflanzenpflege-2","status":"publish","type":"page","link":"https:\/\/plantbezorgd.nl\/de\/uber-pflanzenpflege-2\/","title":{"rendered":"\u00dcber PflanzenGeliefert \/ Kontakt"},"content":{"rendered":"<p>Eine Leidenschaft f\u00fcr Pflanzen und eine gro\u00dfe Erfahrung mit Pflanzen, aus denen PlanzenGelifert entstanden ist. Jahrelange Erfahrung in der Pflanzenwelt und die Zusammenarbeit mit den besten Z\u00fcchtern sorgen daf\u00fcr, dass wir Spitzenqualit\u00e4t bieten. Und das ist es, wof\u00fcr wir stehen.<\/p>\n<p>Wir bieten unseren Kunden einfach die sch\u00f6nsten Gartenpflanzen frisch vom Z\u00fcchter!<\/p>\n<p>Und weil wir wissen, welche Qualit\u00e4t wir anbieten, geben wir auch eine Wachstumsgarantie auf unsere Pflanzen. So k\u00f6nnen Sie als Kunde sicher sein, dass Sie die beste Pflanze mit nach Hause genommen haben.<\/p>\n<p>Bei uns finden Sie das Beste vom Besten, was es an Gartenpflanzen gibt. Bei uns ist es ganz einfach, die gew\u00fcnschte Pflanze zu finden. Und wir wissen, wie wir Ihnen die Pflanzen in bestem Zustand liefern k\u00f6nnen. Das ist unsere St\u00e4rke.<\/p>\n<h4>Kommunikation<\/h4>\n<p>Klare Kommunikation auf sympathische Art und Weise, u.a. \u00fcber E-Mail &amp; WhatsApp. Wir stehen Ihnen auch bei Fragen zu z.B. Gartenpflege oder Tipps f\u00fcr Ihre Gartenplanung zur Verf\u00fcgung.<\/p>\n<p>&nbsp;<\/p>\n<p>PlantBezorgd befindet sich in Molenschot (Nordbrabant), zwischen Breda und Tilburg gelegen. M\u00f6chten Sie eine Bestellung in Molenschot abholen? Das ist m\u00f6glich, wenn Sie Ihre Bestellung \u00fcber den Webshop aufgeben und 'Abholung bei PlantBezorgd' w\u00e4hlen. Sobald Ihre Bestellung zur Abholung bereit ist, rufen wir Sie an. Wir sind kein Gartencenter, Sie k\u00f6nnen uns also nicht besuchen, um Pflanzen zu sehen.<\/p>\n<p>&nbsp;<\/p>\n<p>PflanzenGeliefert<\/p>\n<p>Schulstra\u00dfe 45<\/p>\n<p>5124 RN Molenschot<\/p>\n<p>Info@plantbezorgd.nl<\/p>","protected":false},"excerpt":{"rendered":"<p>Een passie voor planten \u00e9n een heleboel ervaring met planten, daaruit is PlantBezorgd ontstaan. Jarenlange ervaring in de plantenwereld en samenwerkingen met de beste kwekers zorgen ervoor dat wij topkwaliteit bieden. En daar staan we dan ook voor. Wij bieden gewoon de mooiste tuinplanten vers van de kweker voor onze klanten! En omdat we weten [&hellip;]<\/p>","protected":false},"author":1,"featured_media":0,"parent":0,"menu_order":0,"comment_status":"closed","ping_status":"closed","template":"","meta":{"_acf_changed":false,"iawp_total_views":1200,"footnotes":""},"categories":[],"tags":[],"class_list":["post-67","page","type-page","status-publish","hentry"],"acf":[],"yoast_head":"<!-- This site is optimized with the Yoast SEO plugin v25.3 - https:\/\/yoast.com\/wordpress\/plugins\/seo\/ -->\n<title>Over PlantBezorgd \/ Contact - PlantBezorgd<\/title>\n<meta name=\"robots\" content=\"index, follow, max-snippet:-1, max-image-preview:large, max-video-preview:-1\" \/>\n<link rel=\"canonical\" href=\"https:\/\/plantbezorgd.nl\/de\/uber-pflanzenpflege-2\/\" \/>\n<meta property=\"og:locale\" content=\"de_DE\" \/>\n<meta property=\"og:type\" content=\"article\" \/>\n<meta property=\"og:title\" content=\"Over PlantBezorgd \/ Contact - PlantBezorgd\" \/>\n<meta property=\"og:description\" content=\"Een passie voor planten \u00e9n een heleboel ervaring met planten, daaruit is PlantBezorgd ontstaan. Jarenlange ervaring in de plantenwereld en samenwerkingen met de beste kwekers zorgen ervoor dat wij topkwaliteit bieden. En daar staan we dan ook voor. Wij bieden gewoon de mooiste tuinplanten vers van de kweker voor onze klanten! En omdat we weten [&hellip;]\" \/>\n<meta property=\"og:url\" content=\"https:\/\/plantbezorgd.nl\/de\/uber-pflanzenpflege-2\/\" \/>\n<meta property=\"og:site_name\" content=\"PlantBezorgd\" \/>\n<meta property=\"article:modified_time\" content=\"2024-12-19T07:41:48+00:00\" \/>\n<meta name=\"twitter:card\" content=\"summary_large_image\" \/>\n<meta name=\"twitter:label1\" content=\"Gesch\u00e4tzte Lesezeit\" \/>\n\t<meta name=\"twitter:data1\" content=\"2\u00a0Minuten\" \/>\n<script type=\"application\/ld+json\" class=\"yoast-schema-graph\">{\"@context\":\"https:\/\/schema.org\",\"@graph\":[{\"@type\":\"WebPage\",\"@id\":\"https:\/\/plantbezorgd.nl\/over-plantbezorgd\/\",\"url\":\"https:\/\/plantbezorgd.nl\/over-plantbezorgd\/\",\"name\":\"Over PlantBezorgd \/ Contact - PlantBezorgd\",\"isPartOf\":{\"@id\":\"https:\/\/plantbezorgd.nl\/#website\"},\"datePublished\":\"2023-05-19T08:47:10+00:00\",\"dateModified\":\"2024-12-19T07:41:48+00:00\",\"inLanguage\":\"de\",\"potentialAction\":[{\"@type\":\"ReadAction\",\"target\":[\"https:\/\/plantbezorgd.nl\/over-plantbezorgd\/\"]}]},{\"@type\":\"WebSite\",\"@id\":\"https:\/\/plantbezorgd.nl\/#website\",\"url\":\"https:\/\/plantbezorgd.nl\/\",\"name\":\"PlantBezorgd\",\"description\":\"Betaalbare kwaliteitsplanten thuisbezorgd!\",\"publisher\":{\"@id\":\"https:\/\/plantbezorgd.nl\/#organization\"},\"potentialAction\":[{\"@type\":\"SearchAction\",\"target\":{\"@type\":\"EntryPoint\",\"urlTemplate\":\"https:\/\/plantbezorgd.nl\/?s={search_term_string}\"},\"query-input\":{\"@type\":\"PropertyValueSpecification\",\"valueRequired\":true,\"valueName\":\"search_term_string\"}}],\"inLanguage\":\"de\"},{\"@type\":\"Organization\",\"@id\":\"https:\/\/plantbezorgd.nl\/#organization\",\"name\":\"PlantBezorgd\",\"url\":\"https:\/\/plantbezorgd.nl\/\",\"logo\":{\"@type\":\"ImageObject\",\"inLanguage\":\"de\",\"@id\":\"https:\/\/plantbezorgd.nl\/#\/schema\/logo\/image\/\",\"url\":\"https:\/\/plantbezorgd.nl\/wp-content\/uploads\/2023\/05\/Logo.svg\",\"contentUrl\":\"https:\/\/plantbezorgd.nl\/wp-content\/uploads\/2023\/05\/Logo.svg\",\"caption\":\"PlantBezorgd\"},\"image\":{\"@id\":\"https:\/\/plantbezorgd.nl\/#\/schema\/logo\/image\/\"}}]}<\/script>\n<!-- \/ Yoast SEO plugin. -->","yoast_head_json":{"title":"\u00dcber PlantBezorgd \/ Kontakt - PlantBezorgd","robots":{"index":"index","follow":"follow","max-snippet":"max-snippet:-1","max-image-preview":"max-image-preview:large","max-video-preview":"max-video-preview:-1"},"canonical":"https:\/\/plantbezorgd.nl\/de\/uber-pflanzenpflege-2\/","og_locale":"de_DE","og_type":"article","og_title":"Over PlantBezorgd \/ Contact - PlantBezorgd","og_description":"Een passie voor planten \u00e9n een heleboel ervaring met planten, daaruit is PlantBezorgd ontstaan. Jarenlange ervaring in de plantenwereld en samenwerkingen met de beste kwekers zorgen ervoor dat wij topkwaliteit bieden. En daar staan we dan ook voor. Wij bieden gewoon de mooiste tuinplanten vers van de kweker voor onze klanten! En omdat we weten [&hellip;]","og_url":"https:\/\/plantbezorgd.nl\/de\/uber-pflanzenpflege-2\/","og_site_name":"PlantBezorgd","article_modified_time":"2024-12-19T07:41:48+00:00","twitter_card":"summary_large_image","twitter_misc":{"Gesch\u00e4tzte Lesezeit":"2\u00a0Minuten"},"schema":{"@context":"https:\/\/schema.org","@graph":[{"@type":"WebPage","@id":"https:\/\/plantbezorgd.nl\/over-plantbezorgd\/","url":"https:\/\/plantbezorgd.nl\/over-plantbezorgd\/","name":"\u00dcber PlantBezorgd \/ Kontakt - PlantBezorgd","isPartOf":{"@id":"https:\/\/plantbezorgd.nl\/#website"},"datePublished":"2023-05-19T08:47:10+00:00","dateModified":"2024-12-19T07:41:48+00:00","inLanguage":"de","potentialAction":[{"@type":"ReadAction","target":["https:\/\/plantbezorgd.nl\/over-plantbezorgd\/"]}]},{"@type":"WebSite","@id":"https:\/\/plantbezorgd.nl\/#website","url":"https:\/\/plantbezorgd.nl\/","name":"PflanzenGeliefert","description":"Erschwingliche Qualit\u00e4tspflanzen direkt zu Ihnen nach Hause geliefert!","publisher":{"@id":"https:\/\/plantbezorgd.nl\/#organization"},"potentialAction":[{"@type":"SearchAction","target":{"@type":"EntryPoint","urlTemplate":"https:\/\/plantbezorgd.nl\/?s={search_term_string}"},"query-input":{"@type":"PropertyValueSpecification","valueRequired":true,"valueName":"search_term_string"}}],"inLanguage":"de"},{"@type":"Organization","@id":"https:\/\/plantbezorgd.nl\/#organization","name":"PflanzenGeliefert","url":"https:\/\/plantbezorgd.nl\/","logo":{"@type":"ImageObject","inLanguage":"de","@id":"https:\/\/plantbezorgd.nl\/#\/schema\/logo\/image\/","url":"https:\/\/plantbezorgd.nl\/wp-content\/uploads\/2023\/05\/Logo.svg","contentUrl":"https:\/\/plantbezorgd.nl\/wp-content\/uploads\/2023\/05\/Logo.svg","caption":"PlantBezorgd"},"image":{"@id":"https:\/\/plantbezorgd.nl\/#\/schema\/logo\/image\/"}}]}},"_links":{"self":[{"href":"https:\/\/plantbezorgd.nl\/de\/wp-json\/wp\/v2\/pages\/67","targetHints":{"allow":["GET"]}}],"collection":[{"href":"https:\/\/plantbezorgd.nl\/de\/wp-json\/wp\/v2\/pages"}],"about":[{"href":"https:\/\/plantbezorgd.nl\/de\/wp-json\/wp\/v2\/types\/page"}],"author":[{"embeddable":true,"href":"https:\/\/plantbezorgd.nl\/de\/wp-json\/wp\/v2\/users\/1"}],"replies":[{"embeddable":true,"href":"https:\/\/plantbezorgd.nl\/de\/wp-json\/wp\/v2\/comments?post=67"}],"version-history":[{"count":0,"href":"https:\/\/plantbezorgd.nl\/de\/wp-json\/wp\/v2\/pages\/67\/revisions"}],"wp:attachment":[{"href":"https:\/\/plantbezorgd.nl\/de\/wp-json\/wp\/v2\/media?parent=67"}],"wp:term":[{"taxonomy":"category","embeddable":true,"href":"https:\/\/plantbezorgd.nl\/de\/wp-json\/wp\/v2\/categories?post=67"},{"taxonomy":"post_tag","embeddable":true,"href":"https:\/\/plantbezorgd.nl\/de\/wp-json\/wp\/v2\/tags?post=67"}],"curies":[{"name":"wp","href":"https:\/\/api.w.org\/{rel}","templated":true}]}}