{"id":66548,"date":"2024-10-27T22:08:48","date_gmt":"2024-10-27T21:08:48","guid":{"rendered":"https:\/\/plantbezorgd.nl\/?page_id=66548"},"modified":"2025-01-08T16:42:54","modified_gmt":"2025-01-08T15:42:54","slug":"arbeiten-im-werkbezirkd-2","status":"publish","type":"page","link":"https:\/\/plantbezorgd.nl\/de\/werken-bij-plantbezorgd\/","title":{"rendered":"Arbeiten bei PflanzenGeliefert"},"content":{"rendered":"<h2>Eine offene Bewerbung einreichen<\/h2>\n<p>M\u00f6chten auch Sie in einem au\u00dfergew\u00f6hnlich enthusiastischen Team von gr\u00fcnen Fachleuten arbeiten? Bei PlantBezorgd k\u00f6nnen wir aufgrund unseres Wachstums regelm\u00e4\u00dfig frisches Blut gebrauchen. Unsere aktuellen Stellenangebote sind unten aufgef\u00fchrt. Ist keine Stelle f\u00fcr Sie dabei, aber Sie m\u00f6chten trotzdem gerne bei uns mitarbeiten? Dann rufen Sie uns an oder schicken Sie eine E-Mail mit einer offenen Bewerbung an info@plantbezorgd.nl.<\/p>\n<h2><\/h2>\n<h2><\/h2>\n<h2>Mitarbeiterin beim Verpacken<\/h2>\n<p data-pm-slice=\"1 1 []\">PlantBezorgd sucht einen begeisterten Verpackungsmitarbeiter f\u00fcr unser Lager! Als Mitarbeiter sorgen Sie und Ihre Kollegen daf\u00fcr, dass alle unsere Kunden ihre bestellten Pflanzen in perfektem Zustand zu Hause erhalten.<\/p>\n<p>Was werden Sie tun?<\/p>\n<ul data-spread=\"false\">\n<li>Verpacken Sie die Pflanzen sorgf\u00e4ltig und bereiten Sie sie f\u00fcr den Versand vor.<\/li>\n<li>\u00dcberpr\u00fcfung der Auftr\u00e4ge auf Qualit\u00e4t und Vollst\u00e4ndigkeit.<\/li>\n<li>Arbeiten Sie mit Ihren Kollegen zusammen, damit der Logistikprozess reibungslos abl\u00e4uft.<\/li>\n<li>Sie haben Spa\u00df daran, den ganzen Tag in Bewegung zu sein und eine abwechslungsreiche T\u00e4tigkeit auszu\u00fcben.<\/li>\n<\/ul>\n<p>Was erwarten wir von Ihnen?<\/p>\n<ul data-spread=\"false\">\n<li>Genauigkeit und Liebe zum Detail.<\/li>\n<li>K\u00f6rperlich fit und motiviert, in Bewegung zu sein.<\/li>\n<li>Teamf\u00e4higkeit und eine positive Arbeitsmoral.<\/li>\n<\/ul>\n<p>Was bieten wir an?<\/p>\n<ul data-spread=\"false\">\n<li>Flexible Arbeitszeiten, die Anzahl der Stunden ist verhandelbar.<\/li>\n<li>Ein freundliches Arbeitsumfeld mit netten Kollegen.<\/li>\n<li>Marktgerechte Arbeitsbedingungen.<\/li>\n<\/ul>\n<p>Interessiert oder Fragen? Senden Sie Ihre Motivation und Kontaktdaten an info@plantbezorgd.nl oder rufen Sie uns an unter 0850608828.<\/p>\n<h2 data-pm-slice=\"1 1 []\"><\/h2>\n<h2 data-pm-slice=\"1 1 []\"><\/h2>\n<h2 data-pm-slice=\"1 1 []\">Stellenausschreibung: Fahrer im Ruhestand (Teilzeit)<\/h2>\n<p>PlantBezorgd sucht einen begeisterten und zuverl\u00e4ssigen Rentner, der unser Team als Fahrer verst\u00e4rkt. Wir sind ein Unternehmen, das sch\u00f6ne Pflanzen direkt vom Z\u00fcchter zum Kunden liefert.<\/p>\n<p>Was werden Sie tun?<\/p>\n<ul data-spread=\"false\">\n<li>Abholung von Bestellungen bei verschiedenen Erzeugern per Bus oder Kastenwagen.<\/li>\n<li>Sie m\u00fcssen einen oder mehrere Tage pro Woche verf\u00fcgbar sein.<\/li>\n<li>Sicherstellung der rechtzeitigen und sorgf\u00e4ltigen Abwicklung von Transportauftr\u00e4gen.<\/li>\n<\/ul>\n<p>Was erwarten wir von Ihnen?<\/p>\n<ul data-spread=\"false\">\n<li>Sie sind im Ruhestand und suchen nach einem netten Nebenjob.<\/li>\n<li>Im Besitz eines F\u00fchrerscheins B.<\/li>\n<li>Zuverl\u00e4ssig, p\u00fcnktlich und kundenorientiert.<\/li>\n<li>Gute k\u00f6rperliche Verfassung, um die Arbeit auszuf\u00fchren.<\/li>\n<\/ul>\n<p>Was bieten wir an?<\/p>\n<ul data-spread=\"false\">\n<li>Flexible Arbeitstage, die sich gut mit Ihrem Zeitplan vereinbaren lassen.<\/li>\n<li>Ein angenehmes und soziales Arbeitsumfeld.<\/li>\n<li>Marktgerechte Verg\u00fctung.<\/li>\n<\/ul>\n<p>Sind Sie der Fahrer, den wir suchen, oder haben Sie Fragen zu dieser Stelle? Dann senden Sie Ihre Motivation und Kontaktdaten an info@plantbezorgd.nl oder kontaktieren Sie uns telefonisch unter 0850608828.<\/p>","protected":false},"excerpt":{"rendered":"<p>Doe een open sollicitatie Wil jij ook werken in het buitengewoon enthousiast team van groenprofessionals? Bij PlantBezorgd kunnen we vanwege de groei regelmatig vers bloed gebruiken. Hieronder vind je onze actuele vacature(s). Staat er geen vacature voor je tussen, maar wil je toch bij ons komen werken? Bel ons dan even of stuur een mail [&hellip;]<\/p>","protected":false},"author":2,"featured_media":0,"parent":0,"menu_order":0,"comment_status":"closed","ping_status":"closed","template":"","meta":{"_acf_changed":false,"iawp_total_views":256,"footnotes":""},"categories":[],"tags":[],"class_list":["post-66548","page","type-page","status-publish","hentry"],"acf":[],"yoast_head":"<!-- This site is optimized with the Yoast SEO plugin v25.3 - https:\/\/yoast.com\/wordpress\/plugins\/seo\/ -->\n<title>Werken bij PlantBezorgd - PlantBezorgd<\/title>\n<meta name=\"robots\" content=\"index, follow, max-snippet:-1, max-image-preview:large, max-video-preview:-1\" \/>\n<link rel=\"canonical\" href=\"https:\/\/plantbezorgd.nl\/de\/arbeiten-im-werkbezirkd-2\/\" \/>\n<meta property=\"og:locale\" content=\"de_DE\" \/>\n<meta property=\"og:type\" content=\"article\" \/>\n<meta property=\"og:title\" content=\"Werken bij PlantBezorgd - PlantBezorgd\" \/>\n<meta property=\"og:description\" content=\"Doe een open sollicitatie Wil jij ook werken in het buitengewoon enthousiast team van groenprofessionals? Bij PlantBezorgd kunnen we vanwege de groei regelmatig vers bloed gebruiken. Hieronder vind je onze actuele vacature(s). Staat er geen vacature voor je tussen, maar wil je toch bij ons komen werken? Bel ons dan even of stuur een mail [&hellip;]\" \/>\n<meta property=\"og:url\" content=\"https:\/\/plantbezorgd.nl\/de\/arbeiten-im-werkbezirkd-2\/\" \/>\n<meta property=\"og:site_name\" content=\"PlantBezorgd\" \/>\n<meta property=\"article:modified_time\" content=\"2025-01-08T15:42:54+00:00\" \/>\n<meta name=\"twitter:card\" content=\"summary_large_image\" \/>\n<meta name=\"twitter:label1\" content=\"Gesch\u00e4tzte Lesezeit\" \/>\n\t<meta name=\"twitter:data1\" content=\"2\u00a0Minuten\" \/>\n<script type=\"application\/ld+json\" class=\"yoast-schema-graph\">{\"@context\":\"https:\/\/schema.org\",\"@graph\":[{\"@type\":\"WebPage\",\"@id\":\"https:\/\/plantbezorgd.nl\/werken-bij-plantbezorgd\/\",\"url\":\"https:\/\/plantbezorgd.nl\/werken-bij-plantbezorgd\/\",\"name\":\"Werken bij PlantBezorgd - PlantBezorgd\",\"isPartOf\":{\"@id\":\"https:\/\/plantbezorgd.nl\/#website\"},\"datePublished\":\"2024-10-27T21:08:48+00:00\",\"dateModified\":\"2025-01-08T15:42:54+00:00\",\"inLanguage\":\"de\",\"potentialAction\":[{\"@type\":\"ReadAction\",\"target\":[\"https:\/\/plantbezorgd.nl\/werken-bij-plantbezorgd\/\"]}]},{\"@type\":\"WebSite\",\"@id\":\"https:\/\/plantbezorgd.nl\/#website\",\"url\":\"https:\/\/plantbezorgd.nl\/\",\"name\":\"PlantBezorgd\",\"description\":\"Betaalbare kwaliteitsplanten thuisbezorgd!\",\"publisher\":{\"@id\":\"https:\/\/plantbezorgd.nl\/#organization\"},\"potentialAction\":[{\"@type\":\"SearchAction\",\"target\":{\"@type\":\"EntryPoint\",\"urlTemplate\":\"https:\/\/plantbezorgd.nl\/?s={search_term_string}\"},\"query-input\":{\"@type\":\"PropertyValueSpecification\",\"valueRequired\":true,\"valueName\":\"search_term_string\"}}],\"inLanguage\":\"de\"},{\"@type\":\"Organization\",\"@id\":\"https:\/\/plantbezorgd.nl\/#organization\",\"name\":\"PlantBezorgd\",\"url\":\"https:\/\/plantbezorgd.nl\/\",\"logo\":{\"@type\":\"ImageObject\",\"inLanguage\":\"de\",\"@id\":\"https:\/\/plantbezorgd.nl\/#\/schema\/logo\/image\/\",\"url\":\"https:\/\/plantbezorgd.nl\/wp-content\/uploads\/2023\/05\/Logo.svg\",\"contentUrl\":\"https:\/\/plantbezorgd.nl\/wp-content\/uploads\/2023\/05\/Logo.svg\",\"caption\":\"PlantBezorgd\"},\"image\":{\"@id\":\"https:\/\/plantbezorgd.nl\/#\/schema\/logo\/image\/\"}}]}<\/script>\n<!-- \/ Yoast SEO plugin. -->","yoast_head_json":{"title":"Arbeiten bei PlantBezorgd - PlantBezorgd","robots":{"index":"index","follow":"follow","max-snippet":"max-snippet:-1","max-image-preview":"max-image-preview:large","max-video-preview":"max-video-preview:-1"},"canonical":"https:\/\/plantbezorgd.nl\/de\/arbeiten-im-werkbezirkd-2\/","og_locale":"de_DE","og_type":"article","og_title":"Werken bij PlantBezorgd - PlantBezorgd","og_description":"Doe een open sollicitatie Wil jij ook werken in het buitengewoon enthousiast team van groenprofessionals? Bij PlantBezorgd kunnen we vanwege de groei regelmatig vers bloed gebruiken. Hieronder vind je onze actuele vacature(s). Staat er geen vacature voor je tussen, maar wil je toch bij ons komen werken? Bel ons dan even of stuur een mail [&hellip;]","og_url":"https:\/\/plantbezorgd.nl\/de\/arbeiten-im-werkbezirkd-2\/","og_site_name":"PlantBezorgd","article_modified_time":"2025-01-08T15:42:54+00:00","twitter_card":"summary_large_image","twitter_misc":{"Gesch\u00e4tzte Lesezeit":"2\u00a0Minuten"},"schema":{"@context":"https:\/\/schema.org","@graph":[{"@type":"WebPage","@id":"https:\/\/plantbezorgd.nl\/werken-bij-plantbezorgd\/","url":"https:\/\/plantbezorgd.nl\/werken-bij-plantbezorgd\/","name":"Arbeiten bei PlantBezorgd - PlantBezorgd","isPartOf":{"@id":"https:\/\/plantbezorgd.nl\/#website"},"datePublished":"2024-10-27T21:08:48+00:00","dateModified":"2025-01-08T15:42:54+00:00","inLanguage":"de","potentialAction":[{"@type":"ReadAction","target":["https:\/\/plantbezorgd.nl\/werken-bij-plantbezorgd\/"]}]},{"@type":"WebSite","@id":"https:\/\/plantbezorgd.nl\/#website","url":"https:\/\/plantbezorgd.nl\/","name":"PflanzenGeliefert","description":"Erschwingliche Qualit\u00e4tspflanzen direkt zu Ihnen nach Hause geliefert!","publisher":{"@id":"https:\/\/plantbezorgd.nl\/#organization"},"potentialAction":[{"@type":"SearchAction","target":{"@type":"EntryPoint","urlTemplate":"https:\/\/plantbezorgd.nl\/?s={search_term_string}"},"query-input":{"@type":"PropertyValueSpecification","valueRequired":true,"valueName":"search_term_string"}}],"inLanguage":"de"},{"@type":"Organization","@id":"https:\/\/plantbezorgd.nl\/#organization","name":"PflanzenGeliefert","url":"https:\/\/plantbezorgd.nl\/","logo":{"@type":"ImageObject","inLanguage":"de","@id":"https:\/\/plantbezorgd.nl\/#\/schema\/logo\/image\/","url":"https:\/\/plantbezorgd.nl\/wp-content\/uploads\/2023\/05\/Logo.svg","contentUrl":"https:\/\/plantbezorgd.nl\/wp-content\/uploads\/2023\/05\/Logo.svg","caption":"PlantBezorgd"},"image":{"@id":"https:\/\/plantbezorgd.nl\/#\/schema\/logo\/image\/"}}]}},"_links":{"self":[{"href":"https:\/\/plantbezorgd.nl\/de\/wp-json\/wp\/v2\/pages\/66548","targetHints":{"allow":["GET"]}}],"collection":[{"href":"https:\/\/plantbezorgd.nl\/de\/wp-json\/wp\/v2\/pages"}],"about":[{"href":"https:\/\/plantbezorgd.nl\/de\/wp-json\/wp\/v2\/types\/page"}],"author":[{"embeddable":true,"href":"https:\/\/plantbezorgd.nl\/de\/wp-json\/wp\/v2\/users\/2"}],"replies":[{"embeddable":true,"href":"https:\/\/plantbezorgd.nl\/de\/wp-json\/wp\/v2\/comments?post=66548"}],"version-history":[{"count":0,"href":"https:\/\/plantbezorgd.nl\/de\/wp-json\/wp\/v2\/pages\/66548\/revisions"}],"wp:attachment":[{"href":"https:\/\/plantbezorgd.nl\/de\/wp-json\/wp\/v2\/media?parent=66548"}],"wp:term":[{"taxonomy":"category","embeddable":true,"href":"https:\/\/plantbezorgd.nl\/de\/wp-json\/wp\/v2\/categories?post=66548"},{"taxonomy":"post_tag","embeddable":true,"href":"https:\/\/plantbezorgd.nl\/de\/wp-json\/wp\/v2\/tags?post=66548"}],"curies":[{"name":"wp","href":"https:\/\/api.w.org\/{rel}","templated":true}]}}